{"id":2538,"date":"2022-02-22T14:20:47","date_gmt":"2022-02-22T14:20:47","guid":{"rendered":"https:\/\/partsandpieces.bonsaidev.nl\/?product=borma-wachs-history-krijtverf-ivoor-08"},"modified":"2025-10-14T10:03:16","modified_gmt":"2025-10-14T08:03:16","slug":"kreidefarbe-fur-mobelfarbe-elfenbein-aus-bormawachs","status":"publish","type":"product","link":"https:\/\/partsandpieces.nl\/de\/product\/krijtverf-voor-meubels-kleur-ivoor-van-borma-wachs\/","title":{"rendered":"Borma Wachs Kreidefarbe Elfenbein (Farbe 08) 5 Liter"},"content":{"rendered":"<p><strong>Kreidefarbe f\u00fcr M\u00f6belfarbe Elfenbein<\/strong>\u00a0von <a href=\"https:\/\/bormawachs.com\/dettaglio_new.php?idprod=6570XX&amp;cat1=2&amp;lang=2\">Borma Wachs<\/a> ist eine abwaschbare, umweltfreundliche und professionelle Kreidefarbe auf Wasserbasis mit 100% Naturpigmenten. Meine Kreidefarbe eignet sich sowohl f\u00fcr M\u00f6bel als auch an der Wand und ich habe nicht weniger als <a href=\"https:\/\/partsandpieces.nl\/de\/produktkategorie-2\/kreidefarbe\/\"><strong>25 verschiedene Farben<\/strong><\/a> auf Lager!<\/p>\n<p>Das Erscheinungsbild der Kreidefarbe ist sehr matt. Kreidefarbe wird haupts\u00e4chlich auf M\u00f6beln f\u00fcr einen authentischen, bewohnten Look verwendet. Sie k\u00f6nnen jedoch auch Kreidefarbe auf Ihrer Wand verwenden. Durch die Verwendung nat\u00fcrlicher Pigmente in extra hoher Dosierung hat Kreidefarbe eine sehr tiefe, intensive und volle Farbe.<\/p>\n<p>Diese Kreidefarbe kann direkt ohne Schleifen oder Grundierung aufgetragen werden. Das Entfetten der Oberfl\u00e4che ist ausreichend.<\/p>\n<p><strong>Rat<\/strong><br \/>\nKreidefarbe zeigt abgenutzte Stellen schneller als Lackfarbe. Um dies zu verhindern, ist es m\u00f6glich, die Kreidefarbe mit einer Schutzschicht zu versehen. <u><a href=\"https:\/\/partsandpieces.nl\/de\/produktkategorie-2\/oberflachenbehandlung-2\/invisible-touch\/\">Unsichtbare Ber\u00fchrung<\/a><\/u> bildet eine Schutzschicht, w\u00e4hrend der matte Effekt der Kreidefarbe erhalten bleibt.<\/p>\n<p><strong>Verbrauch<\/strong><br \/>\nAls Anhaltspunkt liegt der durchschnittliche Verbrauch zwischen 10 und 12 m\u00b2 pro Liter f\u00fcr 1 Schicht. Der tats\u00e4chliche Verbrauch h\u00e4ngt jedoch stark vom Untergrund ab.<\/p>\n<p><strong>Verschiedene Oberfl\u00e4chen<\/strong><br \/>\nNeben M\u00f6beln und W\u00e4nden kann Kreidefarbe auch auf andere Oberfl\u00e4chen aufgetragen werden, wie z. B.: Zement, Holz, Stuck und Putz, Tapeten, Aluminium, Ziegel und sogar Stoff (Lampenschirme usw.).<\/p>\n<p><strong>Anwenden<\/strong><br \/>\nKreidefarbe kann einfach mit einer Rolle oder einem Pinsel aufgetragen werden. Um einen klassischen Kreideeffekt zu erzielen, empfiehlt es sich, die Farbe unverd\u00fcnnt und mit einem langhaarigen Pinsel aufzutragen. Zum Beispiel mit unserem <u><a href=\"https:\/\/partsandpieces.nl\/de\/produkt\/kwast-paintbrush-3-5-90mm\/\">9cm breiter Pinsel<\/a><\/u> (Artikel 23006). Die Streifen des Pinsels verleihen dem zu bemalenden Objekt ein authentisches und warmes Aussehen.<\/p>\n<p><strong>Reinigung oder Aktualisierung<\/strong><br \/>\nSie k\u00f6nnen Flecken auf einer mit Kreidefarbe gestrichenen Oberfl\u00e4che leicht wegb\u00fcrsten. Dazu verwenden Sie ein leicht feuchtes Tuch. Es ist auch einfach, kleinere Sch\u00e4den oder Kratzer mit einer zus\u00e4tzlichen Schicht Kreidefarbe auszubessern.<\/p>\n<p><strong>Speichern<\/strong><br \/>\nSie k\u00f6nnen die Kreidefarbe nach dem \u00d6ffnen etwa ein Jahr gut lagern. Tun Sie dies an einem dunklen und frostfreien Ort. Da Kreidefarbe auf Wasserbasis hergestellt wird, kann sie gefrieren.<\/p>\n<p>Zus\u00e4tzlich zu dieser Kreidefarbe f\u00fcr M\u00f6bel habe ich noch die Farbe Elfenbein <u><a href=\"https:\/\/partsandpieces.nl\/de\/produktkategorie-2\/kreidefarbe\/\">24 weitere Farben<\/a><\/u> auf Lager!<\/p>","protected":false},"excerpt":{"rendered":"<p>Krijtverf voor meubels kleur Ivoor\u00a0van Borma Wachs is een afwasbare, milieuvriendelijke en professionele krijtverf op waterbasis met 100% natuurlijke pigmenten. Mijn krijtverf is geschikt voor zowel meubels als op de muur en ik heb maar liefst 25 verschillende kleuren op voorraad! De uitstraling van krijtverf is zeer mat. Krijtverf wordt vooral op meubels gebruikt voor [&hellip;]<\/p>\n","protected":false},"featured_media":2539,"template":"","meta":{"_acf_changed":false},"product_brand":[],"product_cat":[24],"product_tag":[],"class_list":{"0":"post-2538","1":"product","2":"type-product","3":"status-publish","4":"has-post-thumbnail","6":"product_cat-krijtverf","8":"first","9":"instock","10":"taxable","11":"shipping-taxable","12":"purchasable","13":"product-type-simple"},"acf":[],"yoast_head":"<!-- This site is optimized with the Yoast SEO plugin v27.3 - https:\/\/yoast.com\/product\/yoast-seo-wordpress\/ -->\n<title>Krijtverf voor meubels kleur Ivoor van Borma Wachs<\/title>\n<meta name=\"description\" content=\"Een afwasbare en matte krijtverf voor meubels kleur Ivoor van Borma Wachs op waterbasis met 100% natuurlijke pigmenten. 25 kleuren op voorraad!\" \/>\n<meta name=\"robots\" content=\"index, follow, max-snippet:-1, max-image-preview:large, max-video-preview:-1\" \/>\n<link rel=\"canonical\" href=\"https:\/\/partsandpieces.nl\/de\/produkt\/kreidefarbe-fur-mobelfarbe-elfenbein-aus-bormawachs\/\" \/>\n<meta property=\"og:locale\" content=\"de_DE\" \/>\n<meta property=\"og:type\" content=\"article\" \/>\n<meta property=\"og:title\" content=\"Krijtverf voor meubels kleur Ivoor van Borma Wachs\" \/>\n<meta property=\"og:description\" content=\"Een afwasbare en matte krijtverf voor meubels kleur Ivoor van Borma Wachs op waterbasis met 100% natuurlijke pigmenten. 25 kleuren op voorraad!\" \/>\n<meta property=\"og:url\" content=\"https:\/\/partsandpieces.nl\/de\/produkt\/kreidefarbe-fur-mobelfarbe-elfenbein-aus-bormawachs\/\" \/>\n<meta property=\"og:site_name\" content=\"Parts &amp; Pieces\" \/>\n<meta property=\"article:modified_time\" content=\"2025-10-14T08:03:16+00:00\" \/>\n<meta property=\"og:image\" content=\"https:\/\/partsandpieces.nl\/wp-content\/uploads\/2022\/09\/BormaKrijtverf750ml.PorticoIvoor(08).png\" \/>\n\t<meta property=\"og:image:width\" content=\"600\" \/>\n\t<meta property=\"og:image:height\" content=\"600\" \/>\n\t<meta property=\"og:image:type\" content=\"image\/png\" \/>\n<meta name=\"twitter:card\" content=\"summary_large_image\" \/>\n<meta name=\"twitter:label1\" content=\"Gesch\u00e4tzte Lesezeit\" \/>\n\t<meta name=\"twitter:data1\" content=\"2\u00a0Minuten\" \/>\n<script type=\"application\/ld+json\" class=\"yoast-schema-graph\">{\"@context\":\"https:\\\/\\\/schema.org\",\"@graph\":[{\"@type\":\"WebPage\",\"@id\":\"https:\\\/\\\/partsandpieces.nl\\\/product\\\/krijtverf-voor-meubels-kleur-ivoor-van-borma-wachs\\\/\",\"url\":\"https:\\\/\\\/partsandpieces.nl\\\/product\\\/krijtverf-voor-meubels-kleur-ivoor-van-borma-wachs\\\/\",\"name\":\"Krijtverf voor meubels kleur Ivoor van Borma Wachs\",\"isPartOf\":{\"@id\":\"https:\\\/\\\/partsandpieces.nl\\\/#website\"},\"primaryImageOfPage\":{\"@id\":\"https:\\\/\\\/partsandpieces.nl\\\/product\\\/krijtverf-voor-meubels-kleur-ivoor-van-borma-wachs\\\/#primaryimage\"},\"image\":{\"@id\":\"https:\\\/\\\/partsandpieces.nl\\\/product\\\/krijtverf-voor-meubels-kleur-ivoor-van-borma-wachs\\\/#primaryimage\"},\"thumbnailUrl\":\"https:\\\/\\\/partsandpieces.nl\\\/wp-content\\\/uploads\\\/2022\\\/09\\\/BormaKrijtverf750ml.PorticoIvoor(08).png\",\"datePublished\":\"2022-02-22T14:20:47+00:00\",\"dateModified\":\"2025-10-14T08:03:16+00:00\",\"description\":\"Een afwasbare en matte krijtverf voor meubels kleur Ivoor van Borma Wachs op waterbasis met 100% natuurlijke pigmenten. 25 kleuren op voorraad!\",\"breadcrumb\":{\"@id\":\"https:\\\/\\\/partsandpieces.nl\\\/product\\\/krijtverf-voor-meubels-kleur-ivoor-van-borma-wachs\\\/#breadcrumb\"},\"inLanguage\":\"de\",\"potentialAction\":[{\"@type\":\"ReadAction\",\"target\":[\"https:\\\/\\\/partsandpieces.nl\\\/product\\\/krijtverf-voor-meubels-kleur-ivoor-van-borma-wachs\\\/\"]}]},{\"@type\":\"ImageObject\",\"inLanguage\":\"de\",\"@id\":\"https:\\\/\\\/partsandpieces.nl\\\/product\\\/krijtverf-voor-meubels-kleur-ivoor-van-borma-wachs\\\/#primaryimage\",\"url\":\"https:\\\/\\\/partsandpieces.nl\\\/wp-content\\\/uploads\\\/2022\\\/09\\\/BormaKrijtverf750ml.PorticoIvoor(08).png\",\"contentUrl\":\"https:\\\/\\\/partsandpieces.nl\\\/wp-content\\\/uploads\\\/2022\\\/09\\\/BormaKrijtverf750ml.PorticoIvoor(08).png\",\"width\":600,\"height\":600},{\"@type\":\"BreadcrumbList\",\"@id\":\"https:\\\/\\\/partsandpieces.nl\\\/product\\\/krijtverf-voor-meubels-kleur-ivoor-van-borma-wachs\\\/#breadcrumb\",\"itemListElement\":[{\"@type\":\"ListItem\",\"position\":1,\"name\":\"Home\",\"item\":\"https:\\\/\\\/partsandpieces.nl\\\/home\\\/\"},{\"@type\":\"ListItem\",\"position\":2,\"name\":\"Winkel\",\"item\":\"https:\\\/\\\/partsandpieces.nl\\\/winkel\\\/\"},{\"@type\":\"ListItem\",\"position\":3,\"name\":\"Borma Wachs Krijtverf Ivoor (kleur 08) 5 liter\"}]},{\"@type\":\"WebSite\",\"@id\":\"https:\\\/\\\/partsandpieces.nl\\\/#website\",\"url\":\"https:\\\/\\\/partsandpieces.nl\\\/\",\"name\":\"Parts &amp; Pieces\",\"description\":\"Alles voor uw meubelrestauratie en -onderhoud!\",\"potentialAction\":[{\"@type\":\"SearchAction\",\"target\":{\"@type\":\"EntryPoint\",\"urlTemplate\":\"https:\\\/\\\/partsandpieces.nl\\\/?s={search_term_string}\"},\"query-input\":{\"@type\":\"PropertyValueSpecification\",\"valueRequired\":true,\"valueName\":\"search_term_string\"}}],\"inLanguage\":\"de\"}]}<\/script>\n<!-- \/ Yoast SEO plugin. -->","yoast_head_json":{"title":"Kreidefarbe f\u00fcr M\u00f6belfarbe Elfenbein von Borma Wachs","description":"Eine abwaschbare und matte Kreidefarbe f\u00fcr M\u00f6belfarbe Elfenbein von Borma Wachs auf Wasserbasis mit 100% nat\u00fcrlichen Pigmenten. 25 Farben auf Lager!","robots":{"index":"index","follow":"follow","max-snippet":"max-snippet:-1","max-image-preview":"max-image-preview:large","max-video-preview":"max-video-preview:-1"},"canonical":"https:\/\/partsandpieces.nl\/de\/produkt\/kreidefarbe-fur-mobelfarbe-elfenbein-aus-bormawachs\/","og_locale":"de_DE","og_type":"article","og_title":"Krijtverf voor meubels kleur Ivoor van Borma Wachs","og_description":"Een afwasbare en matte krijtverf voor meubels kleur Ivoor van Borma Wachs op waterbasis met 100% natuurlijke pigmenten. 25 kleuren op voorraad!","og_url":"https:\/\/partsandpieces.nl\/de\/produkt\/kreidefarbe-fur-mobelfarbe-elfenbein-aus-bormawachs\/","og_site_name":"Parts &amp; Pieces","article_modified_time":"2025-10-14T08:03:16+00:00","og_image":[{"width":600,"height":600,"url":"https:\/\/partsandpieces.nl\/wp-content\/uploads\/2022\/09\/BormaKrijtverf750ml.PorticoIvoor(08).png","type":"image\/png"}],"twitter_card":"summary_large_image","twitter_misc":{"Gesch\u00e4tzte Lesezeit":"2\u00a0Minuten"},"schema":{"@context":"https:\/\/schema.org","@graph":[{"@type":"WebPage","@id":"https:\/\/partsandpieces.nl\/product\/krijtverf-voor-meubels-kleur-ivoor-van-borma-wachs\/","url":"https:\/\/partsandpieces.nl\/product\/krijtverf-voor-meubels-kleur-ivoor-van-borma-wachs\/","name":"Kreidefarbe f\u00fcr M\u00f6belfarbe Elfenbein von Borma Wachs","isPartOf":{"@id":"https:\/\/partsandpieces.nl\/#website"},"primaryImageOfPage":{"@id":"https:\/\/partsandpieces.nl\/product\/krijtverf-voor-meubels-kleur-ivoor-van-borma-wachs\/#primaryimage"},"image":{"@id":"https:\/\/partsandpieces.nl\/product\/krijtverf-voor-meubels-kleur-ivoor-van-borma-wachs\/#primaryimage"},"thumbnailUrl":"https:\/\/partsandpieces.nl\/wp-content\/uploads\/2022\/09\/BormaKrijtverf750ml.PorticoIvoor(08).png","datePublished":"2022-02-22T14:20:47+00:00","dateModified":"2025-10-14T08:03:16+00:00","description":"Eine abwaschbare und matte Kreidefarbe f\u00fcr M\u00f6belfarbe Elfenbein von Borma Wachs auf Wasserbasis mit 100% nat\u00fcrlichen Pigmenten. 25 Farben auf Lager!","breadcrumb":{"@id":"https:\/\/partsandpieces.nl\/product\/krijtverf-voor-meubels-kleur-ivoor-van-borma-wachs\/#breadcrumb"},"inLanguage":"de","potentialAction":[{"@type":"ReadAction","target":["https:\/\/partsandpieces.nl\/product\/krijtverf-voor-meubels-kleur-ivoor-van-borma-wachs\/"]}]},{"@type":"ImageObject","inLanguage":"de","@id":"https:\/\/partsandpieces.nl\/product\/krijtverf-voor-meubels-kleur-ivoor-van-borma-wachs\/#primaryimage","url":"https:\/\/partsandpieces.nl\/wp-content\/uploads\/2022\/09\/BormaKrijtverf750ml.PorticoIvoor(08).png","contentUrl":"https:\/\/partsandpieces.nl\/wp-content\/uploads\/2022\/09\/BormaKrijtverf750ml.PorticoIvoor(08).png","width":600,"height":600},{"@type":"BreadcrumbList","@id":"https:\/\/partsandpieces.nl\/product\/krijtverf-voor-meubels-kleur-ivoor-van-borma-wachs\/#breadcrumb","itemListElement":[{"@type":"ListItem","position":1,"name":"Home","item":"https:\/\/partsandpieces.nl\/home\/"},{"@type":"ListItem","position":2,"name":"Winkel","item":"https:\/\/partsandpieces.nl\/winkel\/"},{"@type":"ListItem","position":3,"name":"Borma Wachs Krijtverf Ivoor (kleur 08) 5 liter"}]},{"@type":"WebSite","@id":"https:\/\/partsandpieces.nl\/#website","url":"https:\/\/partsandpieces.nl\/","name":"Teile &amp; St\u00fccke","description":"Alles f\u00fcr Ihre M\u00f6belrestaurierung und -pflege!","potentialAction":[{"@type":"SearchAction","target":{"@type":"EntryPoint","urlTemplate":"https:\/\/partsandpieces.nl\/?s={search_term_string}"},"query-input":{"@type":"PropertyValueSpecification","valueRequired":true,"valueName":"search_term_string"}}],"inLanguage":"de"}]}},"_links":{"self":[{"href":"https:\/\/partsandpieces.nl\/de\/wp-json\/wp\/v2\/product\/2538","targetHints":{"allow":["GET"]}}],"collection":[{"href":"https:\/\/partsandpieces.nl\/de\/wp-json\/wp\/v2\/product"}],"about":[{"href":"https:\/\/partsandpieces.nl\/de\/wp-json\/wp\/v2\/types\/product"}],"wp:featuredmedia":[{"embeddable":true,"href":"https:\/\/partsandpieces.nl\/de\/wp-json\/wp\/v2\/media\/2539"}],"wp:attachment":[{"href":"https:\/\/partsandpieces.nl\/de\/wp-json\/wp\/v2\/media?parent=2538"}],"wp:term":[{"taxonomy":"product_brand","embeddable":true,"href":"https:\/\/partsandpieces.nl\/de\/wp-json\/wp\/v2\/product_brand?post=2538"},{"taxonomy":"product_cat","embeddable":true,"href":"https:\/\/partsandpieces.nl\/de\/wp-json\/wp\/v2\/product_cat?post=2538"},{"taxonomy":"product_tag","embeddable":true,"href":"https:\/\/partsandpieces.nl\/de\/wp-json\/wp\/v2\/product_tag?post=2538"}],"curies":[{"name":"wp","href":"https:\/\/api.w.org\/{rel}","templated":true}]}}