{"id":256,"date":"2020-07-10T12:57:24","date_gmt":"2020-07-10T12:57:24","guid":{"rendered":"https:\/\/partsandpieces.bonsaidev.nl\/?product=rozet-messing-ant-rond-41-mm"},"modified":"2026-01-14T15:26:11","modified_gmt":"2026-01-14T14:26:11","slug":"dekorative-mobelapplikation-messing-antik-rund-43mm","status":"publish","type":"product","link":"https:\/\/partsandpieces.nl\/de\/product\/decoratieve-meubelapplicatie-messing-antiek-rond-43mm\/","title":{"rendered":"Dekorative M\u00f6belapplikation Messing antik rund 43mm"},"content":{"rendered":"<p><strong>Dekorative M\u00f6belapplikation Messing antik rund 43mm<\/strong> ist ein runder Dekoteller zur Versch\u00f6nerung Ihrer antiken M\u00f6bel. Die M\u00f6belapplikation besteht aus massivem Messing und hat ein sch\u00f6nes antikes Finish. Es hat die Form einer Blume.<\/p>\n<p>Diese hochwertige M\u00f6beldekoration aus Messing wird in Italien hergestellt.<\/p>\n<p><strong>Ma\u00dfe<\/strong><br \/>\nDekorative M\u00f6belanwendung. Messing antik rund 43 mm hat einen Durchmesser von 43 mm.<\/p>\n<p><strong>Bearbeiten<\/strong><br \/>\nSie k\u00f6nnen die Schl\u00fcsselplatte mit montieren <span style=\"text-decoration: underline;\"><a href=\"https:\/\/partsandpieces.nl\/de\/produkt\/schrauben-mit-rundkopf-antikbronze-mit-schlitz-2-x-14-mm\/\">Schraube Rundkopf Antik Bronze mit Schlitz (2x14mm)<\/a><\/span>. Ich schicke diese Schrauben\u00a0<strong>FREI<\/strong> mit Ihrer Bestellung.<\/p>","protected":false},"excerpt":{"rendered":"<p>Decoratieve meubelapplicatie Messing antiek rond 43mm is een rond decoratief plaatje om je antieke meubel meet te verfraaien. De meubelapplicatie is gemaakt van massief messing en heeft een mooie antieke finish. Het heeft de vorm van een bloem. Deze kwalitatief uitstekende messing meubeldecoratie is gemaakt in Itali\u00eb. Afmetingen Decoratieve meubelapplicatie Messing antiek rond 43mm heeft [&hellip;]<\/p>\n","protected":false},"featured_media":7158,"template":"","meta":{"_acf_changed":false},"product_brand":[],"product_cat":[27,23],"product_tag":[],"class_list":{"0":"post-256","1":"product","2":"type-product","3":"status-publish","4":"has-post-thumbnail","6":"product_cat-decoratieve-plaatjes-en-rozetten","7":"product_cat-meubelbeslag","9":"first","10":"instock","11":"taxable","12":"shipping-taxable","13":"purchasable","14":"product-type-simple"},"acf":[],"yoast_head":"<!-- This site is optimized with the Yoast SEO plugin v27.3 - https:\/\/yoast.com\/product\/yoast-seo-wordpress\/ -->\n<title>Decoratieve meubelapplicatie Messing rond<\/title>\n<meta name=\"description\" content=\"Decoratieve meubelapplicatie Messing antiek rond 43mm is gemaakt van passief messing en heeft een mooie antieke finish. Het heeft de vorm van een bloem.\" \/>\n<meta name=\"robots\" content=\"index, follow, max-snippet:-1, max-image-preview:large, max-video-preview:-1\" \/>\n<link rel=\"canonical\" href=\"https:\/\/partsandpieces.nl\/de\/produkt\/dekorative-mobelapplikation-messing-antik-rund-43mm\/\" \/>\n<meta property=\"og:locale\" content=\"de_DE\" \/>\n<meta property=\"og:type\" content=\"article\" \/>\n<meta property=\"og:title\" content=\"Decoratieve meubelapplicatie Messing rond\" \/>\n<meta property=\"og:description\" content=\"Decoratieve meubelapplicatie Messing antiek rond 43mm is gemaakt van passief messing en heeft een mooie antieke finish. Het heeft de vorm van een bloem.\" \/>\n<meta property=\"og:url\" content=\"https:\/\/partsandpieces.nl\/de\/produkt\/dekorative-mobelapplikation-messing-antik-rund-43mm\/\" \/>\n<meta property=\"og:site_name\" content=\"Parts &amp; Pieces\" \/>\n<meta property=\"article:modified_time\" content=\"2026-01-14T14:26:11+00:00\" \/>\n<meta property=\"og:image\" content=\"https:\/\/partsandpieces.nl\/wp-content\/uploads\/2020\/07\/Decoratieve-meubelapplicatie-Messing-antiek-rond-43mm.jpg\" \/>\n\t<meta property=\"og:image:width\" content=\"401\" \/>\n\t<meta property=\"og:image:height\" content=\"399\" \/>\n\t<meta property=\"og:image:type\" content=\"image\/jpeg\" \/>\n<meta name=\"twitter:card\" content=\"summary_large_image\" \/>\n<meta name=\"twitter:label1\" content=\"Gesch\u00e4tzte Lesezeit\" \/>\n\t<meta name=\"twitter:data1\" content=\"1\u00a0Minute\" \/>\n<script type=\"application\/ld+json\" class=\"yoast-schema-graph\">{\"@context\":\"https:\\\/\\\/schema.org\",\"@graph\":[{\"@type\":\"WebPage\",\"@id\":\"https:\\\/\\\/partsandpieces.nl\\\/product\\\/decoratieve-meubelapplicatie-messing-antiek-rond-43mm\\\/\",\"url\":\"https:\\\/\\\/partsandpieces.nl\\\/product\\\/decoratieve-meubelapplicatie-messing-antiek-rond-43mm\\\/\",\"name\":\"Decoratieve meubelapplicatie Messing rond\",\"isPartOf\":{\"@id\":\"https:\\\/\\\/partsandpieces.nl\\\/#website\"},\"primaryImageOfPage\":{\"@id\":\"https:\\\/\\\/partsandpieces.nl\\\/product\\\/decoratieve-meubelapplicatie-messing-antiek-rond-43mm\\\/#primaryimage\"},\"image\":{\"@id\":\"https:\\\/\\\/partsandpieces.nl\\\/product\\\/decoratieve-meubelapplicatie-messing-antiek-rond-43mm\\\/#primaryimage\"},\"thumbnailUrl\":\"https:\\\/\\\/partsandpieces.nl\\\/wp-content\\\/uploads\\\/2020\\\/07\\\/Decoratieve-meubelapplicatie-Messing-antiek-rond-43mm.jpg\",\"datePublished\":\"2020-07-10T12:57:24+00:00\",\"dateModified\":\"2026-01-14T14:26:11+00:00\",\"description\":\"Decoratieve meubelapplicatie Messing antiek rond 43mm is gemaakt van passief messing en heeft een mooie antieke finish. Het heeft de vorm van een bloem.\",\"breadcrumb\":{\"@id\":\"https:\\\/\\\/partsandpieces.nl\\\/product\\\/decoratieve-meubelapplicatie-messing-antiek-rond-43mm\\\/#breadcrumb\"},\"inLanguage\":\"de\",\"potentialAction\":[{\"@type\":\"ReadAction\",\"target\":[\"https:\\\/\\\/partsandpieces.nl\\\/product\\\/decoratieve-meubelapplicatie-messing-antiek-rond-43mm\\\/\"]}]},{\"@type\":\"ImageObject\",\"inLanguage\":\"de\",\"@id\":\"https:\\\/\\\/partsandpieces.nl\\\/product\\\/decoratieve-meubelapplicatie-messing-antiek-rond-43mm\\\/#primaryimage\",\"url\":\"https:\\\/\\\/partsandpieces.nl\\\/wp-content\\\/uploads\\\/2020\\\/07\\\/Decoratieve-meubelapplicatie-Messing-antiek-rond-43mm.jpg\",\"contentUrl\":\"https:\\\/\\\/partsandpieces.nl\\\/wp-content\\\/uploads\\\/2020\\\/07\\\/Decoratieve-meubelapplicatie-Messing-antiek-rond-43mm.jpg\",\"width\":401,\"height\":399,\"caption\":\"Decoratieve meubelapplicatie Messing antiek rond 43mm\"},{\"@type\":\"BreadcrumbList\",\"@id\":\"https:\\\/\\\/partsandpieces.nl\\\/product\\\/decoratieve-meubelapplicatie-messing-antiek-rond-43mm\\\/#breadcrumb\",\"itemListElement\":[{\"@type\":\"ListItem\",\"position\":1,\"name\":\"Home\",\"item\":\"https:\\\/\\\/partsandpieces.nl\\\/home\\\/\"},{\"@type\":\"ListItem\",\"position\":2,\"name\":\"Winkel\",\"item\":\"https:\\\/\\\/partsandpieces.nl\\\/winkel\\\/\"},{\"@type\":\"ListItem\",\"position\":3,\"name\":\"Decoratieve meubelapplicatie Messing antiek rond 43mm\"}]},{\"@type\":\"WebSite\",\"@id\":\"https:\\\/\\\/partsandpieces.nl\\\/#website\",\"url\":\"https:\\\/\\\/partsandpieces.nl\\\/\",\"name\":\"Parts &amp; Pieces\",\"description\":\"Alles voor uw meubelrestauratie en -onderhoud!\",\"potentialAction\":[{\"@type\":\"SearchAction\",\"target\":{\"@type\":\"EntryPoint\",\"urlTemplate\":\"https:\\\/\\\/partsandpieces.nl\\\/?s={search_term_string}\"},\"query-input\":{\"@type\":\"PropertyValueSpecification\",\"valueRequired\":true,\"valueName\":\"search_term_string\"}}],\"inLanguage\":\"de\"}]}<\/script>\n<!-- \/ Yoast SEO plugin. -->","yoast_head_json":{"title":"Dekorative M\u00f6belapplikation Messing rund","description":"Dekorative M\u00f6belanwendung Messing antik rund 43 mm besteht aus passivem Messing und hat ein sch\u00f6nes antikes Finish. Es hat die Form einer Blume.","robots":{"index":"index","follow":"follow","max-snippet":"max-snippet:-1","max-image-preview":"max-image-preview:large","max-video-preview":"max-video-preview:-1"},"canonical":"https:\/\/partsandpieces.nl\/de\/produkt\/dekorative-mobelapplikation-messing-antik-rund-43mm\/","og_locale":"de_DE","og_type":"article","og_title":"Decoratieve meubelapplicatie Messing rond","og_description":"Decoratieve meubelapplicatie Messing antiek rond 43mm is gemaakt van passief messing en heeft een mooie antieke finish. Het heeft de vorm van een bloem.","og_url":"https:\/\/partsandpieces.nl\/de\/produkt\/dekorative-mobelapplikation-messing-antik-rund-43mm\/","og_site_name":"Parts &amp; Pieces","article_modified_time":"2026-01-14T14:26:11+00:00","og_image":[{"width":401,"height":399,"url":"https:\/\/partsandpieces.nl\/wp-content\/uploads\/2020\/07\/Decoratieve-meubelapplicatie-Messing-antiek-rond-43mm.jpg","type":"image\/jpeg"}],"twitter_card":"summary_large_image","twitter_misc":{"Gesch\u00e4tzte Lesezeit":"1\u00a0Minute"},"schema":{"@context":"https:\/\/schema.org","@graph":[{"@type":"WebPage","@id":"https:\/\/partsandpieces.nl\/product\/decoratieve-meubelapplicatie-messing-antiek-rond-43mm\/","url":"https:\/\/partsandpieces.nl\/product\/decoratieve-meubelapplicatie-messing-antiek-rond-43mm\/","name":"Dekorative M\u00f6belapplikation Messing rund","isPartOf":{"@id":"https:\/\/partsandpieces.nl\/#website"},"primaryImageOfPage":{"@id":"https:\/\/partsandpieces.nl\/product\/decoratieve-meubelapplicatie-messing-antiek-rond-43mm\/#primaryimage"},"image":{"@id":"https:\/\/partsandpieces.nl\/product\/decoratieve-meubelapplicatie-messing-antiek-rond-43mm\/#primaryimage"},"thumbnailUrl":"https:\/\/partsandpieces.nl\/wp-content\/uploads\/2020\/07\/Decoratieve-meubelapplicatie-Messing-antiek-rond-43mm.jpg","datePublished":"2020-07-10T12:57:24+00:00","dateModified":"2026-01-14T14:26:11+00:00","description":"Dekorative M\u00f6belanwendung Messing antik rund 43 mm besteht aus passivem Messing und hat ein sch\u00f6nes antikes Finish. Es hat die Form einer Blume.","breadcrumb":{"@id":"https:\/\/partsandpieces.nl\/product\/decoratieve-meubelapplicatie-messing-antiek-rond-43mm\/#breadcrumb"},"inLanguage":"de","potentialAction":[{"@type":"ReadAction","target":["https:\/\/partsandpieces.nl\/product\/decoratieve-meubelapplicatie-messing-antiek-rond-43mm\/"]}]},{"@type":"ImageObject","inLanguage":"de","@id":"https:\/\/partsandpieces.nl\/product\/decoratieve-meubelapplicatie-messing-antiek-rond-43mm\/#primaryimage","url":"https:\/\/partsandpieces.nl\/wp-content\/uploads\/2020\/07\/Decoratieve-meubelapplicatie-Messing-antiek-rond-43mm.jpg","contentUrl":"https:\/\/partsandpieces.nl\/wp-content\/uploads\/2020\/07\/Decoratieve-meubelapplicatie-Messing-antiek-rond-43mm.jpg","width":401,"height":399,"caption":"Decoratieve meubelapplicatie Messing antiek rond 43mm"},{"@type":"BreadcrumbList","@id":"https:\/\/partsandpieces.nl\/product\/decoratieve-meubelapplicatie-messing-antiek-rond-43mm\/#breadcrumb","itemListElement":[{"@type":"ListItem","position":1,"name":"Home","item":"https:\/\/partsandpieces.nl\/home\/"},{"@type":"ListItem","position":2,"name":"Winkel","item":"https:\/\/partsandpieces.nl\/winkel\/"},{"@type":"ListItem","position":3,"name":"Decoratieve meubelapplicatie Messing antiek rond 43mm"}]},{"@type":"WebSite","@id":"https:\/\/partsandpieces.nl\/#website","url":"https:\/\/partsandpieces.nl\/","name":"Teile &amp; St\u00fccke","description":"Alles f\u00fcr Ihre M\u00f6belrestaurierung und -pflege!","potentialAction":[{"@type":"SearchAction","target":{"@type":"EntryPoint","urlTemplate":"https:\/\/partsandpieces.nl\/?s={search_term_string}"},"query-input":{"@type":"PropertyValueSpecification","valueRequired":true,"valueName":"search_term_string"}}],"inLanguage":"de"}]}},"_links":{"self":[{"href":"https:\/\/partsandpieces.nl\/de\/wp-json\/wp\/v2\/product\/256","targetHints":{"allow":["GET"]}}],"collection":[{"href":"https:\/\/partsandpieces.nl\/de\/wp-json\/wp\/v2\/product"}],"about":[{"href":"https:\/\/partsandpieces.nl\/de\/wp-json\/wp\/v2\/types\/product"}],"wp:featuredmedia":[{"embeddable":true,"href":"https:\/\/partsandpieces.nl\/de\/wp-json\/wp\/v2\/media\/7158"}],"wp:attachment":[{"href":"https:\/\/partsandpieces.nl\/de\/wp-json\/wp\/v2\/media?parent=256"}],"wp:term":[{"taxonomy":"product_brand","embeddable":true,"href":"https:\/\/partsandpieces.nl\/de\/wp-json\/wp\/v2\/product_brand?post=256"},{"taxonomy":"product_cat","embeddable":true,"href":"https:\/\/partsandpieces.nl\/de\/wp-json\/wp\/v2\/product_cat?post=256"},{"taxonomy":"product_tag","embeddable":true,"href":"https:\/\/partsandpieces.nl\/de\/wp-json\/wp\/v2\/product_tag?post=256"}],"curies":[{"name":"wp","href":"https:\/\/api.w.org\/{rel}","templated":true}]}}