{"id":257,"date":"2020-07-10T13:05:33","date_gmt":"2020-07-10T13:05:33","guid":{"rendered":"https:\/\/partsandpieces.bonsaidev.nl\/?product=decoplaat-messing-230x-67"},"modified":"2025-10-22T11:05:09","modified_gmt":"2025-10-22T09:05:09","slug":"mobeldekoration-messing-antik-2-romische-frauen-liegend-218x67mm","status":"publish","type":"product","link":"https:\/\/partsandpieces.nl\/de\/product\/meubeldecoratie-messing-antiek-2-romeinse-vrouwen-liggen-aan-218x67mm\/","title":{"rendered":"M\u00f6beldekoration Messing antik 2 r\u00f6mische Frauen liegend 218x67mm"},"content":{"rendered":"<p><strong>M\u00f6beldekoration Messing antik 2 r\u00f6mische Frauen liegend 218x67mm<\/strong> ist ein dekorativer Teller f\u00fcr Ihr klassisches oder antikes M\u00f6belst\u00fcck. Das Bild zeigt zwei r\u00f6mische Frauen, die neben einer brennenden Fackel liegen. Die linke Frau hat eine Laute in der Hand und die rechte Frau hat eine Tafel\/ein Buch. Die Dekoration besteht aus Messingguss und hat ein mattes Antik-Messing-Finish.<\/p>\n<p>Diese hochwertige Dekoration wird in Italien hergestellt.<\/p>\n<p><strong>Ma\u00dfe<br \/>\n<\/strong>M\u00f6beldekoration Messing antik 2 r\u00f6mische Frauen liegend bei 218x67mm, hat eine Breite von 218mm und ist 67mm hoch.<\/p>\n<p><strong>Bearbeiten<br \/>\n<\/strong>Sie k\u00f6nnen die Schl\u00fcsselplatte mit montieren\u00a0<span style=\"text-decoration: underline;\"><a href=\"https:\/\/partsandpieces.nl\/de\/produkt\/schrauben-mit-rundkopf-antikbronze-mit-schlitz-2-x-14-mm\/\">Schraube Rundkopf Antik Bronze mit Schlitz (2x14mm)<\/a><\/span>. Ich schicke diese Schrauben\u00a0<strong>FREI<\/strong>\u00a0mit Ihrer Bestellung.<\/p>","protected":false},"excerpt":{"rendered":"<p>Meubeldecoratie Messing antiek 2 Romeinse vrouwen liggen aan 218x67mm is een decoratieve plaat voor op je klassieke of antieke meubelstuk. De afbeelding stelt een tweetal Romeinse vrouwen voor die bij een brandende toorts aanliggen. De linker vrouw heeft een luit in de hand en de rechter vrouw een tablet \/ boek. De decoratie is gemaakt [&hellip;]<\/p>\n","protected":false},"featured_media":7178,"template":"","meta":{"_acf_changed":false},"product_brand":[],"product_cat":[27,23],"product_tag":[],"class_list":{"0":"post-257","1":"product","2":"type-product","3":"status-publish","4":"has-post-thumbnail","6":"product_cat-decoratieve-plaatjes-en-rozetten","7":"product_cat-meubelbeslag","9":"first","10":"instock","11":"taxable","12":"shipping-taxable","13":"purchasable","14":"product-type-simple"},"acf":[],"yoast_head":"<!-- This site is optimized with the Yoast SEO plugin v27.3 - https:\/\/yoast.com\/product\/yoast-seo-wordpress\/ -->\n<title>Meubeldecoratie Messing Romeinse vrouwen<\/title>\n<meta name=\"description\" content=\"Meubeldecoratie Messing antiek 2 Romeinse vrouwen liggen aan 218x67mm is gemaakt van gegoten messing en heeft een matte antieke messing finish.\" \/>\n<meta name=\"robots\" content=\"index, follow, max-snippet:-1, max-image-preview:large, max-video-preview:-1\" \/>\n<link rel=\"canonical\" href=\"https:\/\/partsandpieces.nl\/de\/produkt\/mobeldekoration-messing-antik-2-romische-frauen-liegend-218x67mm\/\" \/>\n<meta property=\"og:locale\" content=\"de_DE\" \/>\n<meta property=\"og:type\" content=\"article\" \/>\n<meta property=\"og:title\" content=\"Meubeldecoratie Messing Romeinse vrouwen\" \/>\n<meta property=\"og:description\" content=\"Meubeldecoratie Messing antiek 2 Romeinse vrouwen liggen aan 218x67mm is gemaakt van gegoten messing en heeft een matte antieke messing finish.\" \/>\n<meta property=\"og:url\" content=\"https:\/\/partsandpieces.nl\/de\/produkt\/mobeldekoration-messing-antik-2-romische-frauen-liegend-218x67mm\/\" \/>\n<meta property=\"og:site_name\" content=\"Parts &amp; Pieces\" \/>\n<meta property=\"article:modified_time\" content=\"2025-10-22T09:05:09+00:00\" \/>\n<meta property=\"og:image\" content=\"https:\/\/partsandpieces.nl\/wp-content\/uploads\/2020\/07\/Meubeldecoratie-Messing-antiek-2-Romeinse-vrouwen-liggen-aan-218x67mm.jpg\" \/>\n\t<meta property=\"og:image:width\" content=\"449\" \/>\n\t<meta property=\"og:image:height\" content=\"446\" \/>\n\t<meta property=\"og:image:type\" content=\"image\/jpeg\" \/>\n<meta name=\"twitter:card\" content=\"summary_large_image\" \/>\n<meta name=\"twitter:label1\" content=\"Gesch\u00e4tzte Lesezeit\" \/>\n\t<meta name=\"twitter:data1\" content=\"1\u00a0Minute\" \/>\n<script type=\"application\/ld+json\" class=\"yoast-schema-graph\">{\"@context\":\"https:\\\/\\\/schema.org\",\"@graph\":[{\"@type\":\"WebPage\",\"@id\":\"https:\\\/\\\/partsandpieces.nl\\\/product\\\/meubeldecoratie-messing-antiek-2-romeinse-vrouwen-liggen-aan-218x67mm\\\/\",\"url\":\"https:\\\/\\\/partsandpieces.nl\\\/product\\\/meubeldecoratie-messing-antiek-2-romeinse-vrouwen-liggen-aan-218x67mm\\\/\",\"name\":\"Meubeldecoratie Messing Romeinse vrouwen\",\"isPartOf\":{\"@id\":\"https:\\\/\\\/partsandpieces.nl\\\/#website\"},\"primaryImageOfPage\":{\"@id\":\"https:\\\/\\\/partsandpieces.nl\\\/product\\\/meubeldecoratie-messing-antiek-2-romeinse-vrouwen-liggen-aan-218x67mm\\\/#primaryimage\"},\"image\":{\"@id\":\"https:\\\/\\\/partsandpieces.nl\\\/product\\\/meubeldecoratie-messing-antiek-2-romeinse-vrouwen-liggen-aan-218x67mm\\\/#primaryimage\"},\"thumbnailUrl\":\"https:\\\/\\\/partsandpieces.nl\\\/wp-content\\\/uploads\\\/2020\\\/07\\\/Meubeldecoratie-Messing-antiek-2-Romeinse-vrouwen-liggen-aan-218x67mm.jpg\",\"datePublished\":\"2020-07-10T13:05:33+00:00\",\"dateModified\":\"2025-10-22T09:05:09+00:00\",\"description\":\"Meubeldecoratie Messing antiek 2 Romeinse vrouwen liggen aan 218x67mm is gemaakt van gegoten messing en heeft een matte antieke messing finish.\",\"breadcrumb\":{\"@id\":\"https:\\\/\\\/partsandpieces.nl\\\/product\\\/meubeldecoratie-messing-antiek-2-romeinse-vrouwen-liggen-aan-218x67mm\\\/#breadcrumb\"},\"inLanguage\":\"de\",\"potentialAction\":[{\"@type\":\"ReadAction\",\"target\":[\"https:\\\/\\\/partsandpieces.nl\\\/product\\\/meubeldecoratie-messing-antiek-2-romeinse-vrouwen-liggen-aan-218x67mm\\\/\"]}]},{\"@type\":\"ImageObject\",\"inLanguage\":\"de\",\"@id\":\"https:\\\/\\\/partsandpieces.nl\\\/product\\\/meubeldecoratie-messing-antiek-2-romeinse-vrouwen-liggen-aan-218x67mm\\\/#primaryimage\",\"url\":\"https:\\\/\\\/partsandpieces.nl\\\/wp-content\\\/uploads\\\/2020\\\/07\\\/Meubeldecoratie-Messing-antiek-2-Romeinse-vrouwen-liggen-aan-218x67mm.jpg\",\"contentUrl\":\"https:\\\/\\\/partsandpieces.nl\\\/wp-content\\\/uploads\\\/2020\\\/07\\\/Meubeldecoratie-Messing-antiek-2-Romeinse-vrouwen-liggen-aan-218x67mm.jpg\",\"width\":449,\"height\":446,\"caption\":\"Meubeldecoratie Messing antiek 2 Romeinse vrouwen liggen aan 218x67mm\"},{\"@type\":\"BreadcrumbList\",\"@id\":\"https:\\\/\\\/partsandpieces.nl\\\/product\\\/meubeldecoratie-messing-antiek-2-romeinse-vrouwen-liggen-aan-218x67mm\\\/#breadcrumb\",\"itemListElement\":[{\"@type\":\"ListItem\",\"position\":1,\"name\":\"Home\",\"item\":\"https:\\\/\\\/partsandpieces.nl\\\/home\\\/\"},{\"@type\":\"ListItem\",\"position\":2,\"name\":\"Winkel\",\"item\":\"https:\\\/\\\/partsandpieces.nl\\\/winkel\\\/\"},{\"@type\":\"ListItem\",\"position\":3,\"name\":\"Meubeldecoratie Messing antiek 2 Romeinse vrouwen liggen aan 218x67mm\"}]},{\"@type\":\"WebSite\",\"@id\":\"https:\\\/\\\/partsandpieces.nl\\\/#website\",\"url\":\"https:\\\/\\\/partsandpieces.nl\\\/\",\"name\":\"Parts &amp; Pieces\",\"description\":\"Alles voor uw meubelrestauratie en -onderhoud!\",\"potentialAction\":[{\"@type\":\"SearchAction\",\"target\":{\"@type\":\"EntryPoint\",\"urlTemplate\":\"https:\\\/\\\/partsandpieces.nl\\\/?s={search_term_string}\"},\"query-input\":{\"@type\":\"PropertyValueSpecification\",\"valueRequired\":true,\"valueName\":\"search_term_string\"}}],\"inLanguage\":\"de\"}]}<\/script>\n<!-- \/ Yoast SEO plugin. -->","yoast_head_json":{"title":"M\u00f6beldekoration R\u00f6mische Frauen aus Messing","description":"M\u00f6beldekoration Messing antik 2 r\u00f6mische Frauen liegend 218x67mm ist aus Messingguss gefertigt und hat ein mattes Antikmessing-Finish.","robots":{"index":"index","follow":"follow","max-snippet":"max-snippet:-1","max-image-preview":"max-image-preview:large","max-video-preview":"max-video-preview:-1"},"canonical":"https:\/\/partsandpieces.nl\/de\/produkt\/mobeldekoration-messing-antik-2-romische-frauen-liegend-218x67mm\/","og_locale":"de_DE","og_type":"article","og_title":"Meubeldecoratie Messing Romeinse vrouwen","og_description":"Meubeldecoratie Messing antiek 2 Romeinse vrouwen liggen aan 218x67mm is gemaakt van gegoten messing en heeft een matte antieke messing finish.","og_url":"https:\/\/partsandpieces.nl\/de\/produkt\/mobeldekoration-messing-antik-2-romische-frauen-liegend-218x67mm\/","og_site_name":"Parts &amp; Pieces","article_modified_time":"2025-10-22T09:05:09+00:00","og_image":[{"width":449,"height":446,"url":"https:\/\/partsandpieces.nl\/wp-content\/uploads\/2020\/07\/Meubeldecoratie-Messing-antiek-2-Romeinse-vrouwen-liggen-aan-218x67mm.jpg","type":"image\/jpeg"}],"twitter_card":"summary_large_image","twitter_misc":{"Gesch\u00e4tzte Lesezeit":"1\u00a0Minute"},"schema":{"@context":"https:\/\/schema.org","@graph":[{"@type":"WebPage","@id":"https:\/\/partsandpieces.nl\/product\/meubeldecoratie-messing-antiek-2-romeinse-vrouwen-liggen-aan-218x67mm\/","url":"https:\/\/partsandpieces.nl\/product\/meubeldecoratie-messing-antiek-2-romeinse-vrouwen-liggen-aan-218x67mm\/","name":"M\u00f6beldekoration R\u00f6mische Frauen aus Messing","isPartOf":{"@id":"https:\/\/partsandpieces.nl\/#website"},"primaryImageOfPage":{"@id":"https:\/\/partsandpieces.nl\/product\/meubeldecoratie-messing-antiek-2-romeinse-vrouwen-liggen-aan-218x67mm\/#primaryimage"},"image":{"@id":"https:\/\/partsandpieces.nl\/product\/meubeldecoratie-messing-antiek-2-romeinse-vrouwen-liggen-aan-218x67mm\/#primaryimage"},"thumbnailUrl":"https:\/\/partsandpieces.nl\/wp-content\/uploads\/2020\/07\/Meubeldecoratie-Messing-antiek-2-Romeinse-vrouwen-liggen-aan-218x67mm.jpg","datePublished":"2020-07-10T13:05:33+00:00","dateModified":"2025-10-22T09:05:09+00:00","description":"M\u00f6beldekoration Messing antik 2 r\u00f6mische Frauen liegend 218x67mm ist aus Messingguss gefertigt und hat ein mattes Antikmessing-Finish.","breadcrumb":{"@id":"https:\/\/partsandpieces.nl\/product\/meubeldecoratie-messing-antiek-2-romeinse-vrouwen-liggen-aan-218x67mm\/#breadcrumb"},"inLanguage":"de","potentialAction":[{"@type":"ReadAction","target":["https:\/\/partsandpieces.nl\/product\/meubeldecoratie-messing-antiek-2-romeinse-vrouwen-liggen-aan-218x67mm\/"]}]},{"@type":"ImageObject","inLanguage":"de","@id":"https:\/\/partsandpieces.nl\/product\/meubeldecoratie-messing-antiek-2-romeinse-vrouwen-liggen-aan-218x67mm\/#primaryimage","url":"https:\/\/partsandpieces.nl\/wp-content\/uploads\/2020\/07\/Meubeldecoratie-Messing-antiek-2-Romeinse-vrouwen-liggen-aan-218x67mm.jpg","contentUrl":"https:\/\/partsandpieces.nl\/wp-content\/uploads\/2020\/07\/Meubeldecoratie-Messing-antiek-2-Romeinse-vrouwen-liggen-aan-218x67mm.jpg","width":449,"height":446,"caption":"Meubeldecoratie Messing antiek 2 Romeinse vrouwen liggen aan 218x67mm"},{"@type":"BreadcrumbList","@id":"https:\/\/partsandpieces.nl\/product\/meubeldecoratie-messing-antiek-2-romeinse-vrouwen-liggen-aan-218x67mm\/#breadcrumb","itemListElement":[{"@type":"ListItem","position":1,"name":"Home","item":"https:\/\/partsandpieces.nl\/home\/"},{"@type":"ListItem","position":2,"name":"Winkel","item":"https:\/\/partsandpieces.nl\/winkel\/"},{"@type":"ListItem","position":3,"name":"Meubeldecoratie Messing antiek 2 Romeinse vrouwen liggen aan 218x67mm"}]},{"@type":"WebSite","@id":"https:\/\/partsandpieces.nl\/#website","url":"https:\/\/partsandpieces.nl\/","name":"Teile &amp; St\u00fccke","description":"Alles f\u00fcr Ihre M\u00f6belrestaurierung und -pflege!","potentialAction":[{"@type":"SearchAction","target":{"@type":"EntryPoint","urlTemplate":"https:\/\/partsandpieces.nl\/?s={search_term_string}"},"query-input":{"@type":"PropertyValueSpecification","valueRequired":true,"valueName":"search_term_string"}}],"inLanguage":"de"}]}},"_links":{"self":[{"href":"https:\/\/partsandpieces.nl\/de\/wp-json\/wp\/v2\/product\/257","targetHints":{"allow":["GET"]}}],"collection":[{"href":"https:\/\/partsandpieces.nl\/de\/wp-json\/wp\/v2\/product"}],"about":[{"href":"https:\/\/partsandpieces.nl\/de\/wp-json\/wp\/v2\/types\/product"}],"wp:featuredmedia":[{"embeddable":true,"href":"https:\/\/partsandpieces.nl\/de\/wp-json\/wp\/v2\/media\/7178"}],"wp:attachment":[{"href":"https:\/\/partsandpieces.nl\/de\/wp-json\/wp\/v2\/media?parent=257"}],"wp:term":[{"taxonomy":"product_brand","embeddable":true,"href":"https:\/\/partsandpieces.nl\/de\/wp-json\/wp\/v2\/product_brand?post=257"},{"taxonomy":"product_cat","embeddable":true,"href":"https:\/\/partsandpieces.nl\/de\/wp-json\/wp\/v2\/product_cat?post=257"},{"taxonomy":"product_tag","embeddable":true,"href":"https:\/\/partsandpieces.nl\/de\/wp-json\/wp\/v2\/product_tag?post=257"}],"curies":[{"name":"wp","href":"https:\/\/api.w.org\/{rel}","templated":true}]}}