{"id":259,"date":"2020-07-10T14:18:10","date_gmt":"2020-07-10T14:18:10","guid":{"rendered":"https:\/\/partsandpieces.bonsaidev.nl\/?product=deurschuif-13x70mm-1663928535"},"modified":"2026-03-08T17:58:40","modified_gmt":"2026-03-08T16:58:40","slug":"seitenschieber-messing-antik-14x72mm","status":"publish","type":"product","link":"https:\/\/partsandpieces.nl\/de\/product\/kantschuif-messing-antiek-14x72mm\/","title":{"rendered":"Kantenschieber Messing Antik 14x72mm"},"content":{"rendered":"<p>Kantenschieber Messing Antik 14x72mm kann zur Sicherung Ihrer T\u00fcren im Fensterbrett verwendet werden. Den Seitenschieber nutzen Sie vor allem bei Doppelt\u00fcren. Sie k\u00f6nnen Ihre T\u00fcr oder Ihren Zaun von innen mit Kantenschiebern oben und unten an der T\u00fcr verriegeln.<\/p>\n<p><strong>Ma\u00dfe<br \/>\n<\/strong>Kantenschieber Messing Antik 14x72mm ist 14mm breit und 72 lang. Die Mindestfr\u00e4sgr\u00f6\u00dfe betr\u00e4gt 10x55mm. Im verriegelten Zustand ragt der Stift 12 mm hervor.<\/p>\n<p>Bearbeiten<br \/>\nDen Seitenschlitten befestigen Sie mit 2 Schrauben. Ich liefere diese Schrauben NICHT.<\/p>","protected":false},"excerpt":{"rendered":"<p>Kantschuif Messing Antiek 14x72mm is te gebruiken om je deuren vast te zetten in de dorpel. Je gebruikt de kantschuif vooral bij dubbele deuren. Met kantschuiven onder en boven aan de deur vergrendel je je deur of schutting van binnenuit. Afmetingen Kantschuif Messing Antiek 14x72mm is 14mm breed en 72 lang. De minimale infreesmaat is [&hellip;]<\/p>\n","protected":false},"featured_media":7629,"template":"","meta":{"_acf_changed":false},"product_brand":[],"product_cat":[23,28],"product_tag":[],"class_list":{"0":"post-259","1":"product","2":"type-product","3":"status-publish","4":"has-post-thumbnail","6":"product_cat-meubelbeslag","7":"product_cat-schuifsloten","9":"first","10":"instock","11":"taxable","12":"shipping-taxable","13":"purchasable","14":"product-type-simple"},"acf":[],"yoast_head":"<!-- This site is optimized with the Yoast SEO plugin v27.3 - https:\/\/yoast.com\/product\/yoast-seo-wordpress\/ -->\n<title>Kantschuif Messing Antiek 14x72mm<\/title>\n<meta name=\"description\" content=\"Kantschuif Messing Antiek 14x72mm is te gebruiken om je deuren vast te zetten in de dorpel. Je gebruikt de kantschuif vooral bij dubbele deuren.\" \/>\n<meta name=\"robots\" content=\"index, follow, max-snippet:-1, max-image-preview:large, max-video-preview:-1\" \/>\n<link rel=\"canonical\" href=\"https:\/\/partsandpieces.nl\/de\/produkt\/seitenschieber-messing-antik-14x72mm\/\" \/>\n<meta property=\"og:locale\" content=\"de_DE\" \/>\n<meta property=\"og:type\" content=\"article\" \/>\n<meta property=\"og:title\" content=\"Kantschuif Messing Antiek 14x72mm\" \/>\n<meta property=\"og:description\" content=\"Kantschuif Messing Antiek 14x72mm is te gebruiken om je deuren vast te zetten in de dorpel. Je gebruikt de kantschuif vooral bij dubbele deuren.\" \/>\n<meta property=\"og:url\" content=\"https:\/\/partsandpieces.nl\/de\/produkt\/seitenschieber-messing-antik-14x72mm\/\" \/>\n<meta property=\"og:site_name\" content=\"Parts &amp; Pieces\" \/>\n<meta property=\"article:modified_time\" content=\"2026-03-08T16:58:40+00:00\" \/>\n<meta property=\"og:image\" content=\"https:\/\/partsandpieces.nl\/wp-content\/uploads\/2020\/07\/Kantschuif-Messing-Antiek-14x72mm.jpg\" \/>\n\t<meta property=\"og:image:width\" content=\"401\" \/>\n\t<meta property=\"og:image:height\" content=\"401\" \/>\n\t<meta property=\"og:image:type\" content=\"image\/jpeg\" \/>\n<meta name=\"twitter:card\" content=\"summary_large_image\" \/>\n<meta name=\"twitter:label1\" content=\"Gesch\u00e4tzte Lesezeit\" \/>\n\t<meta name=\"twitter:data1\" content=\"1\u00a0Minute\" \/>\n<script type=\"application\/ld+json\" class=\"yoast-schema-graph\">{\"@context\":\"https:\\\/\\\/schema.org\",\"@graph\":[{\"@type\":\"WebPage\",\"@id\":\"https:\\\/\\\/partsandpieces.nl\\\/product\\\/kantschuif-messing-antiek-14x72mm\\\/\",\"url\":\"https:\\\/\\\/partsandpieces.nl\\\/product\\\/kantschuif-messing-antiek-14x72mm\\\/\",\"name\":\"Kantschuif Messing Antiek 14x72mm\",\"isPartOf\":{\"@id\":\"https:\\\/\\\/partsandpieces.nl\\\/#website\"},\"primaryImageOfPage\":{\"@id\":\"https:\\\/\\\/partsandpieces.nl\\\/product\\\/kantschuif-messing-antiek-14x72mm\\\/#primaryimage\"},\"image\":{\"@id\":\"https:\\\/\\\/partsandpieces.nl\\\/product\\\/kantschuif-messing-antiek-14x72mm\\\/#primaryimage\"},\"thumbnailUrl\":\"https:\\\/\\\/partsandpieces.nl\\\/wp-content\\\/uploads\\\/2020\\\/07\\\/Kantschuif-Messing-Antiek-14x72mm.jpg\",\"datePublished\":\"2020-07-10T14:18:10+00:00\",\"dateModified\":\"2026-03-08T16:58:40+00:00\",\"description\":\"Kantschuif Messing Antiek 14x72mm is te gebruiken om je deuren vast te zetten in de dorpel. Je gebruikt de kantschuif vooral bij dubbele deuren.\",\"breadcrumb\":{\"@id\":\"https:\\\/\\\/partsandpieces.nl\\\/product\\\/kantschuif-messing-antiek-14x72mm\\\/#breadcrumb\"},\"inLanguage\":\"de\",\"potentialAction\":[{\"@type\":\"ReadAction\",\"target\":[\"https:\\\/\\\/partsandpieces.nl\\\/product\\\/kantschuif-messing-antiek-14x72mm\\\/\"]}]},{\"@type\":\"ImageObject\",\"inLanguage\":\"de\",\"@id\":\"https:\\\/\\\/partsandpieces.nl\\\/product\\\/kantschuif-messing-antiek-14x72mm\\\/#primaryimage\",\"url\":\"https:\\\/\\\/partsandpieces.nl\\\/wp-content\\\/uploads\\\/2020\\\/07\\\/Kantschuif-Messing-Antiek-14x72mm.jpg\",\"contentUrl\":\"https:\\\/\\\/partsandpieces.nl\\\/wp-content\\\/uploads\\\/2020\\\/07\\\/Kantschuif-Messing-Antiek-14x72mm.jpg\",\"width\":401,\"height\":401,\"caption\":\"Kantschuif Messing Antiek 14x72mm\"},{\"@type\":\"BreadcrumbList\",\"@id\":\"https:\\\/\\\/partsandpieces.nl\\\/product\\\/kantschuif-messing-antiek-14x72mm\\\/#breadcrumb\",\"itemListElement\":[{\"@type\":\"ListItem\",\"position\":1,\"name\":\"Home\",\"item\":\"https:\\\/\\\/partsandpieces.nl\\\/home\\\/\"},{\"@type\":\"ListItem\",\"position\":2,\"name\":\"Winkel\",\"item\":\"https:\\\/\\\/partsandpieces.nl\\\/winkel\\\/\"},{\"@type\":\"ListItem\",\"position\":3,\"name\":\"Kantschuif Messing Antiek 14x72mm\"}]},{\"@type\":\"WebSite\",\"@id\":\"https:\\\/\\\/partsandpieces.nl\\\/#website\",\"url\":\"https:\\\/\\\/partsandpieces.nl\\\/\",\"name\":\"Parts &amp; Pieces\",\"description\":\"Alles voor uw meubelrestauratie en -onderhoud!\",\"potentialAction\":[{\"@type\":\"SearchAction\",\"target\":{\"@type\":\"EntryPoint\",\"urlTemplate\":\"https:\\\/\\\/partsandpieces.nl\\\/?s={search_term_string}\"},\"query-input\":{\"@type\":\"PropertyValueSpecification\",\"valueRequired\":true,\"valueName\":\"search_term_string\"}}],\"inLanguage\":\"de\"}]}<\/script>\n<!-- \/ Yoast SEO plugin. -->","yoast_head_json":{"title":"Kantenschieber Messing Antik 14x72mm","description":"Kantenschieber Messing Antik 14x72mm kann zur Sicherung Ihrer T\u00fcren im Fensterbrett verwendet werden. Den Seitenschieber nutzen Sie vor allem bei Doppelt\u00fcren.","robots":{"index":"index","follow":"follow","max-snippet":"max-snippet:-1","max-image-preview":"max-image-preview:large","max-video-preview":"max-video-preview:-1"},"canonical":"https:\/\/partsandpieces.nl\/de\/produkt\/seitenschieber-messing-antik-14x72mm\/","og_locale":"de_DE","og_type":"article","og_title":"Kantschuif Messing Antiek 14x72mm","og_description":"Kantschuif Messing Antiek 14x72mm is te gebruiken om je deuren vast te zetten in de dorpel. Je gebruikt de kantschuif vooral bij dubbele deuren.","og_url":"https:\/\/partsandpieces.nl\/de\/produkt\/seitenschieber-messing-antik-14x72mm\/","og_site_name":"Parts &amp; Pieces","article_modified_time":"2026-03-08T16:58:40+00:00","og_image":[{"width":401,"height":401,"url":"https:\/\/partsandpieces.nl\/wp-content\/uploads\/2020\/07\/Kantschuif-Messing-Antiek-14x72mm.jpg","type":"image\/jpeg"}],"twitter_card":"summary_large_image","twitter_misc":{"Gesch\u00e4tzte Lesezeit":"1\u00a0Minute"},"schema":{"@context":"https:\/\/schema.org","@graph":[{"@type":"WebPage","@id":"https:\/\/partsandpieces.nl\/product\/kantschuif-messing-antiek-14x72mm\/","url":"https:\/\/partsandpieces.nl\/product\/kantschuif-messing-antiek-14x72mm\/","name":"Kantenschieber Messing Antik 14x72mm","isPartOf":{"@id":"https:\/\/partsandpieces.nl\/#website"},"primaryImageOfPage":{"@id":"https:\/\/partsandpieces.nl\/product\/kantschuif-messing-antiek-14x72mm\/#primaryimage"},"image":{"@id":"https:\/\/partsandpieces.nl\/product\/kantschuif-messing-antiek-14x72mm\/#primaryimage"},"thumbnailUrl":"https:\/\/partsandpieces.nl\/wp-content\/uploads\/2020\/07\/Kantschuif-Messing-Antiek-14x72mm.jpg","datePublished":"2020-07-10T14:18:10+00:00","dateModified":"2026-03-08T16:58:40+00:00","description":"Kantenschieber Messing Antik 14x72mm kann zur Sicherung Ihrer T\u00fcren im Fensterbrett verwendet werden. Den Seitenschieber nutzen Sie vor allem bei Doppelt\u00fcren.","breadcrumb":{"@id":"https:\/\/partsandpieces.nl\/product\/kantschuif-messing-antiek-14x72mm\/#breadcrumb"},"inLanguage":"de","potentialAction":[{"@type":"ReadAction","target":["https:\/\/partsandpieces.nl\/product\/kantschuif-messing-antiek-14x72mm\/"]}]},{"@type":"ImageObject","inLanguage":"de","@id":"https:\/\/partsandpieces.nl\/product\/kantschuif-messing-antiek-14x72mm\/#primaryimage","url":"https:\/\/partsandpieces.nl\/wp-content\/uploads\/2020\/07\/Kantschuif-Messing-Antiek-14x72mm.jpg","contentUrl":"https:\/\/partsandpieces.nl\/wp-content\/uploads\/2020\/07\/Kantschuif-Messing-Antiek-14x72mm.jpg","width":401,"height":401,"caption":"Kantschuif Messing Antiek 14x72mm"},{"@type":"BreadcrumbList","@id":"https:\/\/partsandpieces.nl\/product\/kantschuif-messing-antiek-14x72mm\/#breadcrumb","itemListElement":[{"@type":"ListItem","position":1,"name":"Home","item":"https:\/\/partsandpieces.nl\/home\/"},{"@type":"ListItem","position":2,"name":"Winkel","item":"https:\/\/partsandpieces.nl\/winkel\/"},{"@type":"ListItem","position":3,"name":"Kantschuif Messing Antiek 14x72mm"}]},{"@type":"WebSite","@id":"https:\/\/partsandpieces.nl\/#website","url":"https:\/\/partsandpieces.nl\/","name":"Teile &amp; St\u00fccke","description":"Alles f\u00fcr Ihre M\u00f6belrestaurierung und -pflege!","potentialAction":[{"@type":"SearchAction","target":{"@type":"EntryPoint","urlTemplate":"https:\/\/partsandpieces.nl\/?s={search_term_string}"},"query-input":{"@type":"PropertyValueSpecification","valueRequired":true,"valueName":"search_term_string"}}],"inLanguage":"de"}]}},"_links":{"self":[{"href":"https:\/\/partsandpieces.nl\/de\/wp-json\/wp\/v2\/product\/259","targetHints":{"allow":["GET"]}}],"collection":[{"href":"https:\/\/partsandpieces.nl\/de\/wp-json\/wp\/v2\/product"}],"about":[{"href":"https:\/\/partsandpieces.nl\/de\/wp-json\/wp\/v2\/types\/product"}],"wp:featuredmedia":[{"embeddable":true,"href":"https:\/\/partsandpieces.nl\/de\/wp-json\/wp\/v2\/media\/7629"}],"wp:attachment":[{"href":"https:\/\/partsandpieces.nl\/de\/wp-json\/wp\/v2\/media?parent=259"}],"wp:term":[{"taxonomy":"product_brand","embeddable":true,"href":"https:\/\/partsandpieces.nl\/de\/wp-json\/wp\/v2\/product_brand?post=259"},{"taxonomy":"product_cat","embeddable":true,"href":"https:\/\/partsandpieces.nl\/de\/wp-json\/wp\/v2\/product_cat?post=259"},{"taxonomy":"product_tag","embeddable":true,"href":"https:\/\/partsandpieces.nl\/de\/wp-json\/wp\/v2\/product_tag?post=259"}],"curies":[{"name":"wp","href":"https:\/\/api.w.org\/{rel}","templated":true}]}}