{"id":263,"date":"2020-07-10T14:24:35","date_gmt":"2020-07-10T14:24:35","guid":{"rendered":"https:\/\/partsandpieces.bonsaidev.nl\/?product=schuifhouder-ant-gebogen-40x15"},"modified":"2026-03-24T21:38:10","modified_gmt":"2026-03-24T20:38:10","slug":"verschlussose-fur-schiebeschloss-bronze-antik-11x6mm","status":"publish","type":"product","link":"https:\/\/partsandpieces.nl\/de\/product\/sluitlus-voor-schuifslot-brons-antiek-11x6mm\/","title":{"rendered":"Verschluss\u00f6se f\u00fcr Schiebeschloss Bronze antik 11x6mm"},"content":{"rendered":"<p><strong>Verschluss\u00f6se f\u00fcr Schiebeschloss Bronze antik 11x6mm<\/strong> ist eine Verschlussschlaufe aus Metall mit bronzefarbenem Antik-Finish.<\/p>\n<p><strong>Ma\u00dfe<\/strong><br \/>\nVerschlussschlaufe f\u00fcr Schiebeschloss Bronze antik 11x6mm hat eine Schlaufe, die 11mm breit und 6mm hoch ist. Die Abmessungen der gesamten Schlie\u00dfschlaufe betragen 43 mm Breite und 8 mm H\u00f6he.<\/p>\n<p><strong>Bearbeiten<\/strong><br \/>\nSie k\u00f6nnen die Schlie\u00dfschlaufe mit montieren <span style=\"text-decoration: underline;\"><a href=\"https:\/\/partsandpieces.nl\/de\/produkt\/schrauben-flachkopf-antik-bronze-mit-schlitz-3x12mm\/\">Schraube Rundkopf Antik Bronze mit Schlitz (3x12mm)<\/a><\/span>. Ich schicke diese Schrauben <strong>FREI<\/strong> mit Ihrer Bestellung.<\/p>","protected":false},"excerpt":{"rendered":"<p>Sluitlus voor schuifslot Brons antiek 11x6mm is een sluitlus gemaakt van metaal met een bronzen antieke finish. Afmetingen Sluitlus voor schuifslot Brons antiek 11x6mm heeft een lus die 11mm breed is en 6mm hoog. De afmetingen van de gehele sluitlus zijn 43mm breed en 8mm hoog. Montage Je kunt de sluitlus monteren met Schroef Bolkop [&hellip;]<\/p>\n","protected":false},"featured_media":7678,"template":"","meta":{"_acf_changed":false},"product_brand":[],"product_cat":[23,28],"product_tag":[],"class_list":{"0":"post-263","1":"product","2":"type-product","3":"status-publish","4":"has-post-thumbnail","6":"product_cat-meubelbeslag","7":"product_cat-schuifsloten","9":"first","10":"instock","11":"taxable","12":"shipping-taxable","13":"purchasable","14":"product-type-simple"},"acf":[],"yoast_head":"<!-- This site is optimized with the Yoast SEO plugin v27.3 - https:\/\/yoast.com\/product\/yoast-seo-wordpress\/ -->\n<title>Sluitlus voor schuifslot Brons antiek 11x6mm<\/title>\n<meta name=\"description\" content=\"Sluitlus voor schuifslot Brons antiek 11x6mm is een sluitlus gemaakt van metaal met een bronzen antieke finish. De afmetingen zijn 43mm breed en 8mm hoog.\" \/>\n<meta name=\"robots\" content=\"index, follow, max-snippet:-1, max-image-preview:large, max-video-preview:-1\" \/>\n<link rel=\"canonical\" href=\"https:\/\/partsandpieces.nl\/de\/produkt\/verschlussose-fur-schiebeschloss-bronze-antik-11x6mm\/\" \/>\n<meta property=\"og:locale\" content=\"de_DE\" \/>\n<meta property=\"og:type\" content=\"article\" \/>\n<meta property=\"og:title\" content=\"Sluitlus voor schuifslot Brons antiek 11x6mm\" \/>\n<meta property=\"og:description\" content=\"Sluitlus voor schuifslot Brons antiek 11x6mm is een sluitlus gemaakt van metaal met een bronzen antieke finish. De afmetingen zijn 43mm breed en 8mm hoog.\" \/>\n<meta property=\"og:url\" content=\"https:\/\/partsandpieces.nl\/de\/produkt\/verschlussose-fur-schiebeschloss-bronze-antik-11x6mm\/\" \/>\n<meta property=\"og:site_name\" content=\"Parts &amp; Pieces\" \/>\n<meta property=\"article:modified_time\" content=\"2026-03-24T20:38:10+00:00\" \/>\n<meta property=\"og:image\" content=\"https:\/\/partsandpieces.nl\/wp-content\/uploads\/2020\/07\/Sluitlus-voor-schuifslot-Brons-antiek-11x6mm.jpg\" \/>\n\t<meta property=\"og:image:width\" content=\"369\" \/>\n\t<meta property=\"og:image:height\" content=\"369\" \/>\n\t<meta property=\"og:image:type\" content=\"image\/jpeg\" \/>\n<meta name=\"twitter:card\" content=\"summary_large_image\" \/>\n<meta name=\"twitter:label1\" content=\"Gesch\u00e4tzte Lesezeit\" \/>\n\t<meta name=\"twitter:data1\" content=\"1\u00a0Minute\" \/>\n<script type=\"application\/ld+json\" class=\"yoast-schema-graph\">{\"@context\":\"https:\\\/\\\/schema.org\",\"@graph\":[{\"@type\":\"WebPage\",\"@id\":\"https:\\\/\\\/partsandpieces.nl\\\/product\\\/sluitlus-voor-schuifslot-brons-antiek-11x6mm\\\/\",\"url\":\"https:\\\/\\\/partsandpieces.nl\\\/product\\\/sluitlus-voor-schuifslot-brons-antiek-11x6mm\\\/\",\"name\":\"Sluitlus voor schuifslot Brons antiek 11x6mm\",\"isPartOf\":{\"@id\":\"https:\\\/\\\/partsandpieces.nl\\\/#website\"},\"primaryImageOfPage\":{\"@id\":\"https:\\\/\\\/partsandpieces.nl\\\/product\\\/sluitlus-voor-schuifslot-brons-antiek-11x6mm\\\/#primaryimage\"},\"image\":{\"@id\":\"https:\\\/\\\/partsandpieces.nl\\\/product\\\/sluitlus-voor-schuifslot-brons-antiek-11x6mm\\\/#primaryimage\"},\"thumbnailUrl\":\"https:\\\/\\\/partsandpieces.nl\\\/wp-content\\\/uploads\\\/2020\\\/07\\\/Sluitlus-voor-schuifslot-Brons-antiek-11x6mm.jpg\",\"datePublished\":\"2020-07-10T14:24:35+00:00\",\"dateModified\":\"2026-03-24T20:38:10+00:00\",\"description\":\"Sluitlus voor schuifslot Brons antiek 11x6mm is een sluitlus gemaakt van metaal met een bronzen antieke finish. De afmetingen zijn 43mm breed en 8mm hoog.\",\"breadcrumb\":{\"@id\":\"https:\\\/\\\/partsandpieces.nl\\\/product\\\/sluitlus-voor-schuifslot-brons-antiek-11x6mm\\\/#breadcrumb\"},\"inLanguage\":\"de\",\"potentialAction\":[{\"@type\":\"ReadAction\",\"target\":[\"https:\\\/\\\/partsandpieces.nl\\\/product\\\/sluitlus-voor-schuifslot-brons-antiek-11x6mm\\\/\"]}]},{\"@type\":\"ImageObject\",\"inLanguage\":\"de\",\"@id\":\"https:\\\/\\\/partsandpieces.nl\\\/product\\\/sluitlus-voor-schuifslot-brons-antiek-11x6mm\\\/#primaryimage\",\"url\":\"https:\\\/\\\/partsandpieces.nl\\\/wp-content\\\/uploads\\\/2020\\\/07\\\/Sluitlus-voor-schuifslot-Brons-antiek-11x6mm.jpg\",\"contentUrl\":\"https:\\\/\\\/partsandpieces.nl\\\/wp-content\\\/uploads\\\/2020\\\/07\\\/Sluitlus-voor-schuifslot-Brons-antiek-11x6mm.jpg\",\"width\":369,\"height\":369,\"caption\":\"Sluitlus voor schuifslot Brons antiek 11x6mm\"},{\"@type\":\"BreadcrumbList\",\"@id\":\"https:\\\/\\\/partsandpieces.nl\\\/product\\\/sluitlus-voor-schuifslot-brons-antiek-11x6mm\\\/#breadcrumb\",\"itemListElement\":[{\"@type\":\"ListItem\",\"position\":1,\"name\":\"Home\",\"item\":\"https:\\\/\\\/partsandpieces.nl\\\/home\\\/\"},{\"@type\":\"ListItem\",\"position\":2,\"name\":\"Winkel\",\"item\":\"https:\\\/\\\/partsandpieces.nl\\\/winkel\\\/\"},{\"@type\":\"ListItem\",\"position\":3,\"name\":\"Sluitlus voor schuifslot Brons antiek 11x6mm\"}]},{\"@type\":\"WebSite\",\"@id\":\"https:\\\/\\\/partsandpieces.nl\\\/#website\",\"url\":\"https:\\\/\\\/partsandpieces.nl\\\/\",\"name\":\"Parts &amp; Pieces\",\"description\":\"Alles voor uw meubelrestauratie en -onderhoud!\",\"potentialAction\":[{\"@type\":\"SearchAction\",\"target\":{\"@type\":\"EntryPoint\",\"urlTemplate\":\"https:\\\/\\\/partsandpieces.nl\\\/?s={search_term_string}\"},\"query-input\":{\"@type\":\"PropertyValueSpecification\",\"valueRequired\":true,\"valueName\":\"search_term_string\"}}],\"inLanguage\":\"de\"}]}<\/script>\n<!-- \/ Yoast SEO plugin. -->","yoast_head_json":{"title":"Verschluss\u00f6se f\u00fcr Schiebeschloss Bronze antik 11x6mm","description":"Verschlussschlaufe f\u00fcr Schiebeschloss Bronze antik 11x6mm ist eine Verschlussschlaufe aus Metall mit bronzefarbenem Antik-Finish. Die Abmessungen betragen 43 mm Breite und 8 mm H\u00f6he.","robots":{"index":"index","follow":"follow","max-snippet":"max-snippet:-1","max-image-preview":"max-image-preview:large","max-video-preview":"max-video-preview:-1"},"canonical":"https:\/\/partsandpieces.nl\/de\/produkt\/verschlussose-fur-schiebeschloss-bronze-antik-11x6mm\/","og_locale":"de_DE","og_type":"article","og_title":"Sluitlus voor schuifslot Brons antiek 11x6mm","og_description":"Sluitlus voor schuifslot Brons antiek 11x6mm is een sluitlus gemaakt van metaal met een bronzen antieke finish. De afmetingen zijn 43mm breed en 8mm hoog.","og_url":"https:\/\/partsandpieces.nl\/de\/produkt\/verschlussose-fur-schiebeschloss-bronze-antik-11x6mm\/","og_site_name":"Parts &amp; Pieces","article_modified_time":"2026-03-24T20:38:10+00:00","og_image":[{"width":369,"height":369,"url":"https:\/\/partsandpieces.nl\/wp-content\/uploads\/2020\/07\/Sluitlus-voor-schuifslot-Brons-antiek-11x6mm.jpg","type":"image\/jpeg"}],"twitter_card":"summary_large_image","twitter_misc":{"Gesch\u00e4tzte Lesezeit":"1\u00a0Minute"},"schema":{"@context":"https:\/\/schema.org","@graph":[{"@type":"WebPage","@id":"https:\/\/partsandpieces.nl\/product\/sluitlus-voor-schuifslot-brons-antiek-11x6mm\/","url":"https:\/\/partsandpieces.nl\/product\/sluitlus-voor-schuifslot-brons-antiek-11x6mm\/","name":"Verschluss\u00f6se f\u00fcr Schiebeschloss Bronze antik 11x6mm","isPartOf":{"@id":"https:\/\/partsandpieces.nl\/#website"},"primaryImageOfPage":{"@id":"https:\/\/partsandpieces.nl\/product\/sluitlus-voor-schuifslot-brons-antiek-11x6mm\/#primaryimage"},"image":{"@id":"https:\/\/partsandpieces.nl\/product\/sluitlus-voor-schuifslot-brons-antiek-11x6mm\/#primaryimage"},"thumbnailUrl":"https:\/\/partsandpieces.nl\/wp-content\/uploads\/2020\/07\/Sluitlus-voor-schuifslot-Brons-antiek-11x6mm.jpg","datePublished":"2020-07-10T14:24:35+00:00","dateModified":"2026-03-24T20:38:10+00:00","description":"Verschlussschlaufe f\u00fcr Schiebeschloss Bronze antik 11x6mm ist eine Verschlussschlaufe aus Metall mit bronzefarbenem Antik-Finish. Die Abmessungen betragen 43 mm Breite und 8 mm H\u00f6he.","breadcrumb":{"@id":"https:\/\/partsandpieces.nl\/product\/sluitlus-voor-schuifslot-brons-antiek-11x6mm\/#breadcrumb"},"inLanguage":"de","potentialAction":[{"@type":"ReadAction","target":["https:\/\/partsandpieces.nl\/product\/sluitlus-voor-schuifslot-brons-antiek-11x6mm\/"]}]},{"@type":"ImageObject","inLanguage":"de","@id":"https:\/\/partsandpieces.nl\/product\/sluitlus-voor-schuifslot-brons-antiek-11x6mm\/#primaryimage","url":"https:\/\/partsandpieces.nl\/wp-content\/uploads\/2020\/07\/Sluitlus-voor-schuifslot-Brons-antiek-11x6mm.jpg","contentUrl":"https:\/\/partsandpieces.nl\/wp-content\/uploads\/2020\/07\/Sluitlus-voor-schuifslot-Brons-antiek-11x6mm.jpg","width":369,"height":369,"caption":"Sluitlus voor schuifslot Brons antiek 11x6mm"},{"@type":"BreadcrumbList","@id":"https:\/\/partsandpieces.nl\/product\/sluitlus-voor-schuifslot-brons-antiek-11x6mm\/#breadcrumb","itemListElement":[{"@type":"ListItem","position":1,"name":"Home","item":"https:\/\/partsandpieces.nl\/home\/"},{"@type":"ListItem","position":2,"name":"Winkel","item":"https:\/\/partsandpieces.nl\/winkel\/"},{"@type":"ListItem","position":3,"name":"Sluitlus voor schuifslot Brons antiek 11x6mm"}]},{"@type":"WebSite","@id":"https:\/\/partsandpieces.nl\/#website","url":"https:\/\/partsandpieces.nl\/","name":"Teile &amp; St\u00fccke","description":"Alles f\u00fcr Ihre M\u00f6belrestaurierung und -pflege!","potentialAction":[{"@type":"SearchAction","target":{"@type":"EntryPoint","urlTemplate":"https:\/\/partsandpieces.nl\/?s={search_term_string}"},"query-input":{"@type":"PropertyValueSpecification","valueRequired":true,"valueName":"search_term_string"}}],"inLanguage":"de"}]}},"_links":{"self":[{"href":"https:\/\/partsandpieces.nl\/de\/wp-json\/wp\/v2\/product\/263","targetHints":{"allow":["GET"]}}],"collection":[{"href":"https:\/\/partsandpieces.nl\/de\/wp-json\/wp\/v2\/product"}],"about":[{"href":"https:\/\/partsandpieces.nl\/de\/wp-json\/wp\/v2\/types\/product"}],"wp:featuredmedia":[{"embeddable":true,"href":"https:\/\/partsandpieces.nl\/de\/wp-json\/wp\/v2\/media\/7678"}],"wp:attachment":[{"href":"https:\/\/partsandpieces.nl\/de\/wp-json\/wp\/v2\/media?parent=263"}],"wp:term":[{"taxonomy":"product_brand","embeddable":true,"href":"https:\/\/partsandpieces.nl\/de\/wp-json\/wp\/v2\/product_brand?post=263"},{"taxonomy":"product_cat","embeddable":true,"href":"https:\/\/partsandpieces.nl\/de\/wp-json\/wp\/v2\/product_cat?post=263"},{"taxonomy":"product_tag","embeddable":true,"href":"https:\/\/partsandpieces.nl\/de\/wp-json\/wp\/v2\/product_tag?post=263"}],"curies":[{"name":"wp","href":"https:\/\/api.w.org\/{rel}","templated":true}]}}