{"id":265,"date":"2020-07-10T14:27:45","date_gmt":"2020-07-10T14:27:45","guid":{"rendered":"https:\/\/partsandpieces.bonsaidev.nl\/?product=slot-schuif-oogje"},"modified":"2026-03-22T10:59:30","modified_gmt":"2026-03-22T09:59:30","slug":"schliesblech-fur-schiebeschloss-bronze-antik-5x20mm","status":"publish","type":"product","link":"https:\/\/partsandpieces.nl\/de\/product\/sluitplaat-voor-schuifslot-brons-antiek-5x20mm\/","title":{"rendered":"Schlie\u00dfblech f\u00fcr Schiebeschloss Bronze antik 5x20mm"},"content":{"rendered":"<p><strong>Schlie\u00dfblech f\u00fcr Schiebeschloss Bronze antik 5x20mm<\/strong> ist eine Verschlussplatte aus Metall mit bronzefarbenem Antik-Finish.<\/p>\n<p><strong>Ma\u00dfe<\/strong><br \/>\nSchlie\u00dfblech f\u00fcr Schiebeschloss Bronze antik 5x20mm hat eine \u00d6ffnung, die 5mm breit und 20mm hoch ist. Die Abmessungen des gesamten Schlie\u00dfblechs betragen 14 mm Breite und 42 mm H\u00f6he.<\/p>\n<p><strong>Bearbeiten<\/strong><br \/>\nSie k\u00f6nnen das Schlie\u00dfblech mit montieren <span style=\"text-decoration: underline;\"><a href=\"https:\/\/partsandpieces.nl\/de\/produkt\/schrauben-flachkopf-antik-bronze-mit-schlitz-3x12mm\/\">Schraube Rundkopf Antik Bronze mit Schlitz (3x12mm)<\/a><\/span>. Ich schicke diese Schrauben\u00a0<strong>FREI<\/strong>\u00a0mit Ihrer Bestellung.<\/p>","protected":false},"excerpt":{"rendered":"<p>Sluitplaat voor schuifslot Brons antiek 5x20mm is een sluitplaatje gemaakt van metaal met een bronzen antieke finish. Afmetingen Sluitplaat voor schuifslot Brons antiek 5x20mm heeft een opening die 5mm breed is en 20mm hoog. De afmetingen van de gehele sluitplaat zijn 14mm breed en 42mm hoog. Montage Je kunt de sluitplaat monteren met Schroef Bolkop [&hellip;]<\/p>\n","protected":false},"featured_media":7685,"template":"","meta":{"_acf_changed":false},"product_brand":[],"product_cat":[23,28],"product_tag":[],"class_list":{"0":"post-265","1":"product","2":"type-product","3":"status-publish","4":"has-post-thumbnail","6":"product_cat-meubelbeslag","7":"product_cat-schuifsloten","9":"first","10":"instock","11":"taxable","12":"shipping-taxable","13":"purchasable","14":"product-type-simple"},"acf":[],"yoast_head":"<!-- This site is optimized with the Yoast SEO plugin v27.3 - https:\/\/yoast.com\/product\/yoast-seo-wordpress\/ -->\n<title>Sluitplaat voor schuifslot Brons antiek 5x20mm<\/title>\n<meta name=\"description\" content=\"Sluitplaat voor schuifslot Brons antiek 5x20mm is gemaakt van metaal met een bronzen antieke finish. De afmetingen zijn 14mm breed en 42mm hoog.\" \/>\n<meta name=\"robots\" content=\"index, follow, max-snippet:-1, max-image-preview:large, max-video-preview:-1\" \/>\n<link rel=\"canonical\" href=\"https:\/\/partsandpieces.nl\/de\/produkt\/schliesblech-fur-schiebeschloss-bronze-antik-5x20mm\/\" \/>\n<meta property=\"og:locale\" content=\"de_DE\" \/>\n<meta property=\"og:type\" content=\"article\" \/>\n<meta property=\"og:title\" content=\"Sluitplaat voor schuifslot Brons antiek 5x20mm\" \/>\n<meta property=\"og:description\" content=\"Sluitplaat voor schuifslot Brons antiek 5x20mm is gemaakt van metaal met een bronzen antieke finish. De afmetingen zijn 14mm breed en 42mm hoog.\" \/>\n<meta property=\"og:url\" content=\"https:\/\/partsandpieces.nl\/de\/produkt\/schliesblech-fur-schiebeschloss-bronze-antik-5x20mm\/\" \/>\n<meta property=\"og:site_name\" content=\"Parts &amp; Pieces\" \/>\n<meta property=\"article:modified_time\" content=\"2026-03-22T09:59:30+00:00\" \/>\n<meta property=\"og:image\" content=\"https:\/\/partsandpieces.nl\/wp-content\/uploads\/2020\/07\/Sluitplaat-voor-schuifslot-Brons-antiek-5x20mm.jpg\" \/>\n\t<meta property=\"og:image:width\" content=\"301\" \/>\n\t<meta property=\"og:image:height\" content=\"300\" \/>\n\t<meta property=\"og:image:type\" content=\"image\/jpeg\" \/>\n<meta name=\"twitter:card\" content=\"summary_large_image\" \/>\n<meta name=\"twitter:label1\" content=\"Gesch\u00e4tzte Lesezeit\" \/>\n\t<meta name=\"twitter:data1\" content=\"1\u00a0Minute\" \/>\n<script type=\"application\/ld+json\" class=\"yoast-schema-graph\">{\"@context\":\"https:\\\/\\\/schema.org\",\"@graph\":[{\"@type\":\"WebPage\",\"@id\":\"https:\\\/\\\/partsandpieces.nl\\\/product\\\/sluitplaat-voor-schuifslot-brons-antiek-5x20mm\\\/\",\"url\":\"https:\\\/\\\/partsandpieces.nl\\\/product\\\/sluitplaat-voor-schuifslot-brons-antiek-5x20mm\\\/\",\"name\":\"Sluitplaat voor schuifslot Brons antiek 5x20mm\",\"isPartOf\":{\"@id\":\"https:\\\/\\\/partsandpieces.nl\\\/#website\"},\"primaryImageOfPage\":{\"@id\":\"https:\\\/\\\/partsandpieces.nl\\\/product\\\/sluitplaat-voor-schuifslot-brons-antiek-5x20mm\\\/#primaryimage\"},\"image\":{\"@id\":\"https:\\\/\\\/partsandpieces.nl\\\/product\\\/sluitplaat-voor-schuifslot-brons-antiek-5x20mm\\\/#primaryimage\"},\"thumbnailUrl\":\"https:\\\/\\\/partsandpieces.nl\\\/wp-content\\\/uploads\\\/2020\\\/07\\\/Sluitplaat-voor-schuifslot-Brons-antiek-5x20mm.jpg\",\"datePublished\":\"2020-07-10T14:27:45+00:00\",\"dateModified\":\"2026-03-22T09:59:30+00:00\",\"description\":\"Sluitplaat voor schuifslot Brons antiek 5x20mm is gemaakt van metaal met een bronzen antieke finish. De afmetingen zijn 14mm breed en 42mm hoog.\",\"breadcrumb\":{\"@id\":\"https:\\\/\\\/partsandpieces.nl\\\/product\\\/sluitplaat-voor-schuifslot-brons-antiek-5x20mm\\\/#breadcrumb\"},\"inLanguage\":\"de\",\"potentialAction\":[{\"@type\":\"ReadAction\",\"target\":[\"https:\\\/\\\/partsandpieces.nl\\\/product\\\/sluitplaat-voor-schuifslot-brons-antiek-5x20mm\\\/\"]}]},{\"@type\":\"ImageObject\",\"inLanguage\":\"de\",\"@id\":\"https:\\\/\\\/partsandpieces.nl\\\/product\\\/sluitplaat-voor-schuifslot-brons-antiek-5x20mm\\\/#primaryimage\",\"url\":\"https:\\\/\\\/partsandpieces.nl\\\/wp-content\\\/uploads\\\/2020\\\/07\\\/Sluitplaat-voor-schuifslot-Brons-antiek-5x20mm.jpg\",\"contentUrl\":\"https:\\\/\\\/partsandpieces.nl\\\/wp-content\\\/uploads\\\/2020\\\/07\\\/Sluitplaat-voor-schuifslot-Brons-antiek-5x20mm.jpg\",\"width\":301,\"height\":300,\"caption\":\"Sluitplaat voor schuifslot Brons antiek 5x20mm\"},{\"@type\":\"BreadcrumbList\",\"@id\":\"https:\\\/\\\/partsandpieces.nl\\\/product\\\/sluitplaat-voor-schuifslot-brons-antiek-5x20mm\\\/#breadcrumb\",\"itemListElement\":[{\"@type\":\"ListItem\",\"position\":1,\"name\":\"Home\",\"item\":\"https:\\\/\\\/partsandpieces.nl\\\/home\\\/\"},{\"@type\":\"ListItem\",\"position\":2,\"name\":\"Winkel\",\"item\":\"https:\\\/\\\/partsandpieces.nl\\\/winkel\\\/\"},{\"@type\":\"ListItem\",\"position\":3,\"name\":\"Sluitplaat voor schuifslot Brons antiek 5x20mm\"}]},{\"@type\":\"WebSite\",\"@id\":\"https:\\\/\\\/partsandpieces.nl\\\/#website\",\"url\":\"https:\\\/\\\/partsandpieces.nl\\\/\",\"name\":\"Parts &amp; Pieces\",\"description\":\"Alles voor uw meubelrestauratie en -onderhoud!\",\"potentialAction\":[{\"@type\":\"SearchAction\",\"target\":{\"@type\":\"EntryPoint\",\"urlTemplate\":\"https:\\\/\\\/partsandpieces.nl\\\/?s={search_term_string}\"},\"query-input\":{\"@type\":\"PropertyValueSpecification\",\"valueRequired\":true,\"valueName\":\"search_term_string\"}}],\"inLanguage\":\"de\"}]}<\/script>\n<!-- \/ Yoast SEO plugin. -->","yoast_head_json":{"title":"Schlie\u00dfblech f\u00fcr Schiebeschloss Bronze antik 5x20mm","description":"Schlie\u00dfblech f\u00fcr Schiebeschloss Bronze antik 5x20 mm besteht aus Metall mit einer bronzefarbenen Antik-Oberfl\u00e4che. Die Abmessungen betragen 14 mm breit und 42 mm hoch.","robots":{"index":"index","follow":"follow","max-snippet":"max-snippet:-1","max-image-preview":"max-image-preview:large","max-video-preview":"max-video-preview:-1"},"canonical":"https:\/\/partsandpieces.nl\/de\/produkt\/schliesblech-fur-schiebeschloss-bronze-antik-5x20mm\/","og_locale":"de_DE","og_type":"article","og_title":"Sluitplaat voor schuifslot Brons antiek 5x20mm","og_description":"Sluitplaat voor schuifslot Brons antiek 5x20mm is gemaakt van metaal met een bronzen antieke finish. De afmetingen zijn 14mm breed en 42mm hoog.","og_url":"https:\/\/partsandpieces.nl\/de\/produkt\/schliesblech-fur-schiebeschloss-bronze-antik-5x20mm\/","og_site_name":"Parts &amp; Pieces","article_modified_time":"2026-03-22T09:59:30+00:00","og_image":[{"width":301,"height":300,"url":"https:\/\/partsandpieces.nl\/wp-content\/uploads\/2020\/07\/Sluitplaat-voor-schuifslot-Brons-antiek-5x20mm.jpg","type":"image\/jpeg"}],"twitter_card":"summary_large_image","twitter_misc":{"Gesch\u00e4tzte Lesezeit":"1\u00a0Minute"},"schema":{"@context":"https:\/\/schema.org","@graph":[{"@type":"WebPage","@id":"https:\/\/partsandpieces.nl\/product\/sluitplaat-voor-schuifslot-brons-antiek-5x20mm\/","url":"https:\/\/partsandpieces.nl\/product\/sluitplaat-voor-schuifslot-brons-antiek-5x20mm\/","name":"Schlie\u00dfblech f\u00fcr Schiebeschloss Bronze antik 5x20mm","isPartOf":{"@id":"https:\/\/partsandpieces.nl\/#website"},"primaryImageOfPage":{"@id":"https:\/\/partsandpieces.nl\/product\/sluitplaat-voor-schuifslot-brons-antiek-5x20mm\/#primaryimage"},"image":{"@id":"https:\/\/partsandpieces.nl\/product\/sluitplaat-voor-schuifslot-brons-antiek-5x20mm\/#primaryimage"},"thumbnailUrl":"https:\/\/partsandpieces.nl\/wp-content\/uploads\/2020\/07\/Sluitplaat-voor-schuifslot-Brons-antiek-5x20mm.jpg","datePublished":"2020-07-10T14:27:45+00:00","dateModified":"2026-03-22T09:59:30+00:00","description":"Schlie\u00dfblech f\u00fcr Schiebeschloss Bronze antik 5x20 mm besteht aus Metall mit einer bronzefarbenen Antik-Oberfl\u00e4che. Die Abmessungen betragen 14 mm breit und 42 mm hoch.","breadcrumb":{"@id":"https:\/\/partsandpieces.nl\/product\/sluitplaat-voor-schuifslot-brons-antiek-5x20mm\/#breadcrumb"},"inLanguage":"de","potentialAction":[{"@type":"ReadAction","target":["https:\/\/partsandpieces.nl\/product\/sluitplaat-voor-schuifslot-brons-antiek-5x20mm\/"]}]},{"@type":"ImageObject","inLanguage":"de","@id":"https:\/\/partsandpieces.nl\/product\/sluitplaat-voor-schuifslot-brons-antiek-5x20mm\/#primaryimage","url":"https:\/\/partsandpieces.nl\/wp-content\/uploads\/2020\/07\/Sluitplaat-voor-schuifslot-Brons-antiek-5x20mm.jpg","contentUrl":"https:\/\/partsandpieces.nl\/wp-content\/uploads\/2020\/07\/Sluitplaat-voor-schuifslot-Brons-antiek-5x20mm.jpg","width":301,"height":300,"caption":"Sluitplaat voor schuifslot Brons antiek 5x20mm"},{"@type":"BreadcrumbList","@id":"https:\/\/partsandpieces.nl\/product\/sluitplaat-voor-schuifslot-brons-antiek-5x20mm\/#breadcrumb","itemListElement":[{"@type":"ListItem","position":1,"name":"Home","item":"https:\/\/partsandpieces.nl\/home\/"},{"@type":"ListItem","position":2,"name":"Winkel","item":"https:\/\/partsandpieces.nl\/winkel\/"},{"@type":"ListItem","position":3,"name":"Sluitplaat voor schuifslot Brons antiek 5x20mm"}]},{"@type":"WebSite","@id":"https:\/\/partsandpieces.nl\/#website","url":"https:\/\/partsandpieces.nl\/","name":"Teile &amp; St\u00fccke","description":"Alles f\u00fcr Ihre M\u00f6belrestaurierung und -pflege!","potentialAction":[{"@type":"SearchAction","target":{"@type":"EntryPoint","urlTemplate":"https:\/\/partsandpieces.nl\/?s={search_term_string}"},"query-input":{"@type":"PropertyValueSpecification","valueRequired":true,"valueName":"search_term_string"}}],"inLanguage":"de"}]}},"_links":{"self":[{"href":"https:\/\/partsandpieces.nl\/de\/wp-json\/wp\/v2\/product\/265","targetHints":{"allow":["GET"]}}],"collection":[{"href":"https:\/\/partsandpieces.nl\/de\/wp-json\/wp\/v2\/product"}],"about":[{"href":"https:\/\/partsandpieces.nl\/de\/wp-json\/wp\/v2\/types\/product"}],"wp:featuredmedia":[{"embeddable":true,"href":"https:\/\/partsandpieces.nl\/de\/wp-json\/wp\/v2\/media\/7685"}],"wp:attachment":[{"href":"https:\/\/partsandpieces.nl\/de\/wp-json\/wp\/v2\/media?parent=265"}],"wp:term":[{"taxonomy":"product_brand","embeddable":true,"href":"https:\/\/partsandpieces.nl\/de\/wp-json\/wp\/v2\/product_brand?post=265"},{"taxonomy":"product_cat","embeddable":true,"href":"https:\/\/partsandpieces.nl\/de\/wp-json\/wp\/v2\/product_cat?post=265"},{"taxonomy":"product_tag","embeddable":true,"href":"https:\/\/partsandpieces.nl\/de\/wp-json\/wp\/v2\/product_tag?post=265"}],"curies":[{"name":"wp","href":"https:\/\/api.w.org\/{rel}","templated":true}]}}