{"id":268,"date":"2020-07-10T14:35:03","date_gmt":"2020-07-10T12:35:03","guid":{"rendered":"https:\/\/partsandpieces.bonsaidev.nl\/?product=deur-schuif-messing-ant-44x120"},"modified":"2026-03-12T20:14:31","modified_gmt":"2026-03-12T19:14:31","slug":"schiebeschloss-bronze-antik-gros-120x50mm","status":"publish","type":"product","link":"https:\/\/partsandpieces.nl\/de\/product\/schuifslot-brons-antiek-groot-120x50mm\/","title":{"rendered":"Schiebeschloss Bronze Antik Gro\u00df 120x50mm"},"content":{"rendered":"<p><strong>Schiebeschloss Bronze Antik Gro\u00df 120x50mm<\/strong> ist ein gro\u00dfes Schiebeschloss mit einer wundersch\u00f6nen bronzefarbenen, antiken Patina-Oberfl\u00e4che. Sehen Sie, ob Sie <a href=\"https:\/\/partsandpieces.nl\/de\/produkt\/schliesblech-fur-schiebeschloss-bronze-antik-5x20mm\/\"><span style=\"text-decoration: underline;\">Schlie\u00dfblech f\u00fcr Schiebeschloss Bronze antik 5x20mm<\/span><\/a> f\u00fcr Ihren Schiebegraben.<\/p>\n<p><strong>Ma\u00dfe<\/strong><br \/>\nSchiebeschloss Bronze Antik Gro\u00df 120x50mm ist 120mm breit und 50mm hoch. Der Schieber kann maximal 25 mm ausfahren und ragt 10 mm aus der Montageplatte heraus.<\/p>\n<p><strong>Bearbeiten<\/strong><br \/>\nSie k\u00f6nnen das Schiebeschloss mit 4 konischen Schrauben montieren. Ich werde diese Schrauben NICHT mit Ihrer Bestellung verschicken.<\/p>","protected":false},"excerpt":{"rendered":"<p>Schuifslot Brons Antiek Groot 120x50mm is een groot schuifslot met een mooie bronzen antiek patina afwerking. Kijk of je Sluitplaat voor schuifslot Brons antiek 5x20mm bij je schuifsloot nodig hebt. Afmetingen Schuifslot Brons Antiek Groot 120x50mm is 120mm breed en 50mm hoog. De schuif kan maximaal 25mm uitschuiven en steekt 10mm uit t.o.v. de bevestigingsplaat. [&hellip;]<\/p>\n","protected":false},"featured_media":7806,"template":"","meta":{"_acf_changed":false},"product_brand":[],"product_cat":[23,28],"product_tag":[],"class_list":{"0":"post-268","1":"product","2":"type-product","3":"status-publish","4":"has-post-thumbnail","6":"product_cat-meubelbeslag","7":"product_cat-schuifsloten","9":"first","10":"instock","11":"taxable","12":"shipping-taxable","13":"purchasable","14":"product-type-simple"},"acf":[],"yoast_head":"<!-- This site is optimized with the Yoast SEO plugin v27.3 - https:\/\/yoast.com\/product\/yoast-seo-wordpress\/ -->\n<title>Schuifslot Brons Antiek Groot 120x50mm<\/title>\n<meta name=\"description\" content=\"Schuifslot Brons Antiek Groot 120x50mm is een groot schuifslot met een mooie bronzen antiek patina afwerking. Past bij het sluitplaatje 5x20mm.\" \/>\n<meta name=\"robots\" content=\"index, follow, max-snippet:-1, max-image-preview:large, max-video-preview:-1\" \/>\n<link rel=\"canonical\" href=\"https:\/\/partsandpieces.nl\/de\/produkt\/schiebeschloss-bronze-antik-gros-120x50mm\/\" \/>\n<meta property=\"og:locale\" content=\"de_DE\" \/>\n<meta property=\"og:type\" content=\"article\" \/>\n<meta property=\"og:title\" content=\"Schuifslot Brons Antiek Groot 120x50mm\" \/>\n<meta property=\"og:description\" content=\"Schuifslot Brons Antiek Groot 120x50mm is een groot schuifslot met een mooie bronzen antiek patina afwerking. Past bij het sluitplaatje 5x20mm.\" \/>\n<meta property=\"og:url\" content=\"https:\/\/partsandpieces.nl\/de\/produkt\/schiebeschloss-bronze-antik-gros-120x50mm\/\" \/>\n<meta property=\"og:site_name\" content=\"Parts &amp; Pieces\" \/>\n<meta property=\"article:modified_time\" content=\"2026-03-12T19:14:31+00:00\" \/>\n<meta property=\"og:image\" content=\"https:\/\/partsandpieces.nl\/wp-content\/uploads\/2020\/07\/Schuifslot-Brons-Antiek-Groot-120x50mm.jpg\" \/>\n\t<meta property=\"og:image:width\" content=\"425\" \/>\n\t<meta property=\"og:image:height\" content=\"424\" \/>\n\t<meta property=\"og:image:type\" content=\"image\/jpeg\" \/>\n<meta name=\"twitter:card\" content=\"summary_large_image\" \/>\n<meta name=\"twitter:label1\" content=\"Gesch\u00e4tzte Lesezeit\" \/>\n\t<meta name=\"twitter:data1\" content=\"1\u00a0Minute\" \/>\n<script type=\"application\/ld+json\" class=\"yoast-schema-graph\">{\"@context\":\"https:\\\/\\\/schema.org\",\"@graph\":[{\"@type\":\"WebPage\",\"@id\":\"https:\\\/\\\/partsandpieces.nl\\\/product\\\/schuifslot-brons-antiek-groot-120x50mm\\\/\",\"url\":\"https:\\\/\\\/partsandpieces.nl\\\/product\\\/schuifslot-brons-antiek-groot-120x50mm\\\/\",\"name\":\"Schuifslot Brons Antiek Groot 120x50mm\",\"isPartOf\":{\"@id\":\"https:\\\/\\\/partsandpieces.nl\\\/#website\"},\"primaryImageOfPage\":{\"@id\":\"https:\\\/\\\/partsandpieces.nl\\\/product\\\/schuifslot-brons-antiek-groot-120x50mm\\\/#primaryimage\"},\"image\":{\"@id\":\"https:\\\/\\\/partsandpieces.nl\\\/product\\\/schuifslot-brons-antiek-groot-120x50mm\\\/#primaryimage\"},\"thumbnailUrl\":\"https:\\\/\\\/partsandpieces.nl\\\/wp-content\\\/uploads\\\/2020\\\/07\\\/Schuifslot-Brons-Antiek-Groot-120x50mm.jpg\",\"datePublished\":\"2020-07-10T12:35:03+00:00\",\"dateModified\":\"2026-03-12T19:14:31+00:00\",\"description\":\"Schuifslot Brons Antiek Groot 120x50mm is een groot schuifslot met een mooie bronzen antiek patina afwerking. Past bij het sluitplaatje 5x20mm.\",\"breadcrumb\":{\"@id\":\"https:\\\/\\\/partsandpieces.nl\\\/product\\\/schuifslot-brons-antiek-groot-120x50mm\\\/#breadcrumb\"},\"inLanguage\":\"de\",\"potentialAction\":[{\"@type\":\"ReadAction\",\"target\":[\"https:\\\/\\\/partsandpieces.nl\\\/product\\\/schuifslot-brons-antiek-groot-120x50mm\\\/\"]}]},{\"@type\":\"ImageObject\",\"inLanguage\":\"de\",\"@id\":\"https:\\\/\\\/partsandpieces.nl\\\/product\\\/schuifslot-brons-antiek-groot-120x50mm\\\/#primaryimage\",\"url\":\"https:\\\/\\\/partsandpieces.nl\\\/wp-content\\\/uploads\\\/2020\\\/07\\\/Schuifslot-Brons-Antiek-Groot-120x50mm.jpg\",\"contentUrl\":\"https:\\\/\\\/partsandpieces.nl\\\/wp-content\\\/uploads\\\/2020\\\/07\\\/Schuifslot-Brons-Antiek-Groot-120x50mm.jpg\",\"width\":425,\"height\":424,\"caption\":\"Schuifslot Brons Antiek Groot 120x50mm\"},{\"@type\":\"BreadcrumbList\",\"@id\":\"https:\\\/\\\/partsandpieces.nl\\\/product\\\/schuifslot-brons-antiek-groot-120x50mm\\\/#breadcrumb\",\"itemListElement\":[{\"@type\":\"ListItem\",\"position\":1,\"name\":\"Home\",\"item\":\"https:\\\/\\\/partsandpieces.nl\\\/home\\\/\"},{\"@type\":\"ListItem\",\"position\":2,\"name\":\"Winkel\",\"item\":\"https:\\\/\\\/partsandpieces.nl\\\/winkel\\\/\"},{\"@type\":\"ListItem\",\"position\":3,\"name\":\"Schuifslot Brons Antiek Groot 120x50mm\"}]},{\"@type\":\"WebSite\",\"@id\":\"https:\\\/\\\/partsandpieces.nl\\\/#website\",\"url\":\"https:\\\/\\\/partsandpieces.nl\\\/\",\"name\":\"Parts &amp; Pieces\",\"description\":\"Alles voor uw meubelrestauratie en -onderhoud!\",\"potentialAction\":[{\"@type\":\"SearchAction\",\"target\":{\"@type\":\"EntryPoint\",\"urlTemplate\":\"https:\\\/\\\/partsandpieces.nl\\\/?s={search_term_string}\"},\"query-input\":{\"@type\":\"PropertyValueSpecification\",\"valueRequired\":true,\"valueName\":\"search_term_string\"}}],\"inLanguage\":\"de\"}]}<\/script>\n<!-- \/ Yoast SEO plugin. -->","yoast_head_json":{"title":"Schiebeschloss Bronze Antik Gro\u00df 120x50mm","description":"Schiebeschloss Bronze Antik gro\u00df 120 x 50 mm ist ein gro\u00dfes Schiebeschloss mit einer wundersch\u00f6nen bronzefarbenen antiken Patina-Oberfl\u00e4che. Passend f\u00fcr die Abschlussplatte 5x20mm.","robots":{"index":"index","follow":"follow","max-snippet":"max-snippet:-1","max-image-preview":"max-image-preview:large","max-video-preview":"max-video-preview:-1"},"canonical":"https:\/\/partsandpieces.nl\/de\/produkt\/schiebeschloss-bronze-antik-gros-120x50mm\/","og_locale":"de_DE","og_type":"article","og_title":"Schuifslot Brons Antiek Groot 120x50mm","og_description":"Schuifslot Brons Antiek Groot 120x50mm is een groot schuifslot met een mooie bronzen antiek patina afwerking. Past bij het sluitplaatje 5x20mm.","og_url":"https:\/\/partsandpieces.nl\/de\/produkt\/schiebeschloss-bronze-antik-gros-120x50mm\/","og_site_name":"Parts &amp; Pieces","article_modified_time":"2026-03-12T19:14:31+00:00","og_image":[{"width":425,"height":424,"url":"https:\/\/partsandpieces.nl\/wp-content\/uploads\/2020\/07\/Schuifslot-Brons-Antiek-Groot-120x50mm.jpg","type":"image\/jpeg"}],"twitter_card":"summary_large_image","twitter_misc":{"Gesch\u00e4tzte Lesezeit":"1\u00a0Minute"},"schema":{"@context":"https:\/\/schema.org","@graph":[{"@type":"WebPage","@id":"https:\/\/partsandpieces.nl\/product\/schuifslot-brons-antiek-groot-120x50mm\/","url":"https:\/\/partsandpieces.nl\/product\/schuifslot-brons-antiek-groot-120x50mm\/","name":"Schiebeschloss Bronze Antik Gro\u00df 120x50mm","isPartOf":{"@id":"https:\/\/partsandpieces.nl\/#website"},"primaryImageOfPage":{"@id":"https:\/\/partsandpieces.nl\/product\/schuifslot-brons-antiek-groot-120x50mm\/#primaryimage"},"image":{"@id":"https:\/\/partsandpieces.nl\/product\/schuifslot-brons-antiek-groot-120x50mm\/#primaryimage"},"thumbnailUrl":"https:\/\/partsandpieces.nl\/wp-content\/uploads\/2020\/07\/Schuifslot-Brons-Antiek-Groot-120x50mm.jpg","datePublished":"2020-07-10T12:35:03+00:00","dateModified":"2026-03-12T19:14:31+00:00","description":"Schiebeschloss Bronze Antik gro\u00df 120 x 50 mm ist ein gro\u00dfes Schiebeschloss mit einer wundersch\u00f6nen bronzefarbenen antiken Patina-Oberfl\u00e4che. Passend f\u00fcr die Abschlussplatte 5x20mm.","breadcrumb":{"@id":"https:\/\/partsandpieces.nl\/product\/schuifslot-brons-antiek-groot-120x50mm\/#breadcrumb"},"inLanguage":"de","potentialAction":[{"@type":"ReadAction","target":["https:\/\/partsandpieces.nl\/product\/schuifslot-brons-antiek-groot-120x50mm\/"]}]},{"@type":"ImageObject","inLanguage":"de","@id":"https:\/\/partsandpieces.nl\/product\/schuifslot-brons-antiek-groot-120x50mm\/#primaryimage","url":"https:\/\/partsandpieces.nl\/wp-content\/uploads\/2020\/07\/Schuifslot-Brons-Antiek-Groot-120x50mm.jpg","contentUrl":"https:\/\/partsandpieces.nl\/wp-content\/uploads\/2020\/07\/Schuifslot-Brons-Antiek-Groot-120x50mm.jpg","width":425,"height":424,"caption":"Schuifslot Brons Antiek Groot 120x50mm"},{"@type":"BreadcrumbList","@id":"https:\/\/partsandpieces.nl\/product\/schuifslot-brons-antiek-groot-120x50mm\/#breadcrumb","itemListElement":[{"@type":"ListItem","position":1,"name":"Home","item":"https:\/\/partsandpieces.nl\/home\/"},{"@type":"ListItem","position":2,"name":"Winkel","item":"https:\/\/partsandpieces.nl\/winkel\/"},{"@type":"ListItem","position":3,"name":"Schuifslot Brons Antiek Groot 120x50mm"}]},{"@type":"WebSite","@id":"https:\/\/partsandpieces.nl\/#website","url":"https:\/\/partsandpieces.nl\/","name":"Teile &amp; St\u00fccke","description":"Alles f\u00fcr Ihre M\u00f6belrestaurierung und -pflege!","potentialAction":[{"@type":"SearchAction","target":{"@type":"EntryPoint","urlTemplate":"https:\/\/partsandpieces.nl\/?s={search_term_string}"},"query-input":{"@type":"PropertyValueSpecification","valueRequired":true,"valueName":"search_term_string"}}],"inLanguage":"de"}]}},"_links":{"self":[{"href":"https:\/\/partsandpieces.nl\/de\/wp-json\/wp\/v2\/product\/268","targetHints":{"allow":["GET"]}}],"collection":[{"href":"https:\/\/partsandpieces.nl\/de\/wp-json\/wp\/v2\/product"}],"about":[{"href":"https:\/\/partsandpieces.nl\/de\/wp-json\/wp\/v2\/types\/product"}],"wp:featuredmedia":[{"embeddable":true,"href":"https:\/\/partsandpieces.nl\/de\/wp-json\/wp\/v2\/media\/7806"}],"wp:attachment":[{"href":"https:\/\/partsandpieces.nl\/de\/wp-json\/wp\/v2\/media?parent=268"}],"wp:term":[{"taxonomy":"product_brand","embeddable":true,"href":"https:\/\/partsandpieces.nl\/de\/wp-json\/wp\/v2\/product_brand?post=268"},{"taxonomy":"product_cat","embeddable":true,"href":"https:\/\/partsandpieces.nl\/de\/wp-json\/wp\/v2\/product_cat?post=268"},{"taxonomy":"product_tag","embeddable":true,"href":"https:\/\/partsandpieces.nl\/de\/wp-json\/wp\/v2\/product_tag?post=268"}],"curies":[{"name":"wp","href":"https:\/\/api.w.org\/{rel}","templated":true}]}}