{"id":2750,"date":"2022-05-10T12:08:20","date_gmt":"2022-05-10T10:08:20","guid":{"rendered":"https:\/\/partsandpieces.bonsaidev.nl\/?product=borma-wachs-houtkleurstof-concentraat-oranje-122-250ml"},"modified":"2025-11-12T09:01:34","modified_gmt":"2025-11-12T08:01:34","slug":"bormawachs-holzfarbstoffkonzentrat-orange-farbe-122-250-ml","status":"publish","type":"product","link":"https:\/\/partsandpieces.nl\/de\/product\/borma-wachs-houtkleurstof-concentraat-oranje-kleur-122-250ml\/","title":{"rendered":"Borma Wachs Holzfarbkonzentrat Orange (Farbe 122) 250ml"},"content":{"rendered":"<p><strong>Holzfarbstoffkonzentrat Farbe Orange<\/strong>\u00a0von <a href=\"http:\/\/www.bormawachs.com\">Borma Wachs<\/a> ist der ideale Farbstoff zum Einf\u00e4rben von unbehandelten Holzoberfl\u00e4chen im Innenbereich. Die unterschiedlichen Farben zeigen die nat\u00fcrliche Sch\u00f6nheit der Holzmaserung. Die Holzfarbe ist gebrauchsfertig und der ideale Ersatz f\u00fcr Pulverbeize. Die L\u00f6sung kann mit jedem L\u00f6sungsmittel wie z <a href=\"https:\/\/partsandpieces.nl\/de\/produktkategorie-2\/reiniger-und-verdunner\/alcohol\/\">Alkohol<\/a>, Acetat, Verd\u00fcnnung oder mit Wasser 1:6 (h\u00f6here Verd\u00fcnnungen k\u00f6nnen die Farbwirkung ver\u00e4ndern). Borma Wachs Holzfarbstoff kann auch als Pigment f\u00fcr transparente Farben verwendet werden.<\/p>\n<p><strong>Ich habe so viele wie <a href=\"https:\/\/partsandpieces.nl\/de\/produktkategorie-2\/oberflachenbehandlung-2\/holzfarbstoffkonzentrat\/\">13 verschiedene Farben<\/a> auf Lager.<\/strong><\/p>\n<p><strong>Anweisungen<\/strong><br \/>\n\u2013 Verd\u00fcnnen Sie das Holzfarbstoffkonzentrat Farbe Orange im Verh\u00e4ltnis 1:6 mit Wasser, Alkohol, Verd\u00fcnner etc.<br \/>\n\u2013 Mit einem Schwamm oder Pinsel auf unbehandelte, saubere Oberfl\u00e4chen auftragen<br \/>\n\u2013 Je nach verwendetem Verd\u00fcnner trocknen lassen; Wenn das Produkt mit Wasser verd\u00fcnnt wird, betr\u00e4gt die Trocknungszeit zwischen 12 und 24 Stunden.<\/p>","protected":false},"excerpt":{"rendered":"<p>Houtkleurstof concentraat kleur Oranje\u00a0van Borma Wachs is de ideale kleurstof voor het kleuren van onbehandelde houten binnenoppervlakken. De verschillende kleuren tonen de natuurlijke schoonheid van de houtnerf. De houtkleurstof is gebruiksklaar en de ideale vervanger voor poederbeitsen. De oplossing kan worden verdund met elk oplosmiddel zoals alcohol,\u00a0acetaat, verdunner of met water 1: 6 (hogere verdunningen [&hellip;]<\/p>\n","protected":false},"featured_media":1923,"template":"","meta":{"_acf_changed":false},"product_brand":[],"product_cat":[69,64],"product_tag":[],"class_list":{"0":"post-2750","1":"product","2":"type-product","3":"status-publish","4":"has-post-thumbnail","6":"product_cat-houtkleurstof-holzfarbe","7":"product_cat-oppervlakte-behandeling-borma-wachs","9":"first","10":"instock","11":"taxable","12":"shipping-taxable","13":"purchasable","14":"product-type-simple"},"acf":[],"yoast_head":"<!-- This site is optimized with the Yoast SEO plugin v27.3 - https:\/\/yoast.com\/product\/yoast-seo-wordpress\/ -->\n<title>Houtkleurstof kleur Oranje 250ml van Borma Wachs<\/title>\n<meta name=\"description\" content=\"Houtkleurstof kleur Oranje van Borma Wachs is de ideale kleurstof voor kleuren van onbehandelde houten oppervlakken. De houtkleurstof is kant-en-klaar.\" \/>\n<meta name=\"robots\" content=\"index, follow, max-snippet:-1, max-image-preview:large, max-video-preview:-1\" \/>\n<link rel=\"canonical\" href=\"https:\/\/partsandpieces.nl\/de\/produkt\/bormawachs-holzfarbstoffkonzentrat-orange-farbe-122-250-ml\/\" \/>\n<meta property=\"og:locale\" content=\"de_DE\" \/>\n<meta property=\"og:type\" content=\"article\" \/>\n<meta property=\"og:title\" content=\"Houtkleurstof kleur Oranje 250ml van Borma Wachs\" \/>\n<meta property=\"og:description\" content=\"Houtkleurstof kleur Oranje van Borma Wachs is de ideale kleurstof voor kleuren van onbehandelde houten oppervlakken. De houtkleurstof is kant-en-klaar.\" \/>\n<meta property=\"og:url\" content=\"https:\/\/partsandpieces.nl\/de\/produkt\/bormawachs-holzfarbstoffkonzentrat-orange-farbe-122-250-ml\/\" \/>\n<meta property=\"og:site_name\" content=\"Parts &amp; Pieces\" \/>\n<meta property=\"article:modified_time\" content=\"2025-11-12T08:01:34+00:00\" \/>\n<meta property=\"og:image\" content=\"https:\/\/partsandpieces.nl\/wp-content\/uploads\/2022\/09\/3000XX.jpg\" \/>\n\t<meta property=\"og:image:width\" content=\"800\" \/>\n\t<meta property=\"og:image:height\" content=\"800\" \/>\n\t<meta property=\"og:image:type\" content=\"image\/jpeg\" \/>\n<meta name=\"twitter:card\" content=\"summary_large_image\" \/>\n<meta name=\"twitter:label1\" content=\"Gesch\u00e4tzte Lesezeit\" \/>\n\t<meta name=\"twitter:data1\" content=\"1\u00a0Minute\" \/>\n<script type=\"application\/ld+json\" class=\"yoast-schema-graph\">{\"@context\":\"https:\\\/\\\/schema.org\",\"@graph\":[{\"@type\":\"WebPage\",\"@id\":\"https:\\\/\\\/partsandpieces.nl\\\/product\\\/borma-wachs-houtkleurstof-concentraat-oranje-kleur-122-250ml\\\/\",\"url\":\"https:\\\/\\\/partsandpieces.nl\\\/product\\\/borma-wachs-houtkleurstof-concentraat-oranje-kleur-122-250ml\\\/\",\"name\":\"Houtkleurstof kleur Oranje 250ml van Borma Wachs\",\"isPartOf\":{\"@id\":\"https:\\\/\\\/partsandpieces.nl\\\/#website\"},\"primaryImageOfPage\":{\"@id\":\"https:\\\/\\\/partsandpieces.nl\\\/product\\\/borma-wachs-houtkleurstof-concentraat-oranje-kleur-122-250ml\\\/#primaryimage\"},\"image\":{\"@id\":\"https:\\\/\\\/partsandpieces.nl\\\/product\\\/borma-wachs-houtkleurstof-concentraat-oranje-kleur-122-250ml\\\/#primaryimage\"},\"thumbnailUrl\":\"https:\\\/\\\/partsandpieces.nl\\\/wp-content\\\/uploads\\\/2022\\\/09\\\/3000XX.jpg\",\"datePublished\":\"2022-05-10T10:08:20+00:00\",\"dateModified\":\"2025-11-12T08:01:34+00:00\",\"description\":\"Houtkleurstof kleur Oranje van Borma Wachs is de ideale kleurstof voor kleuren van onbehandelde houten oppervlakken. De houtkleurstof is kant-en-klaar.\",\"breadcrumb\":{\"@id\":\"https:\\\/\\\/partsandpieces.nl\\\/product\\\/borma-wachs-houtkleurstof-concentraat-oranje-kleur-122-250ml\\\/#breadcrumb\"},\"inLanguage\":\"de\",\"potentialAction\":[{\"@type\":\"ReadAction\",\"target\":[\"https:\\\/\\\/partsandpieces.nl\\\/product\\\/borma-wachs-houtkleurstof-concentraat-oranje-kleur-122-250ml\\\/\"]}]},{\"@type\":\"ImageObject\",\"inLanguage\":\"de\",\"@id\":\"https:\\\/\\\/partsandpieces.nl\\\/product\\\/borma-wachs-houtkleurstof-concentraat-oranje-kleur-122-250ml\\\/#primaryimage\",\"url\":\"https:\\\/\\\/partsandpieces.nl\\\/wp-content\\\/uploads\\\/2022\\\/09\\\/3000XX.jpg\",\"contentUrl\":\"https:\\\/\\\/partsandpieces.nl\\\/wp-content\\\/uploads\\\/2022\\\/09\\\/3000XX.jpg\",\"width\":800,\"height\":800},{\"@type\":\"BreadcrumbList\",\"@id\":\"https:\\\/\\\/partsandpieces.nl\\\/product\\\/borma-wachs-houtkleurstof-concentraat-oranje-kleur-122-250ml\\\/#breadcrumb\",\"itemListElement\":[{\"@type\":\"ListItem\",\"position\":1,\"name\":\"Home\",\"item\":\"https:\\\/\\\/partsandpieces.nl\\\/home\\\/\"},{\"@type\":\"ListItem\",\"position\":2,\"name\":\"Winkel\",\"item\":\"https:\\\/\\\/partsandpieces.nl\\\/winkel\\\/\"},{\"@type\":\"ListItem\",\"position\":3,\"name\":\"Borma Wachs Houtkleurstof concentraat Oranje (kleur 122) 250ml\"}]},{\"@type\":\"WebSite\",\"@id\":\"https:\\\/\\\/partsandpieces.nl\\\/#website\",\"url\":\"https:\\\/\\\/partsandpieces.nl\\\/\",\"name\":\"Parts &amp; Pieces\",\"description\":\"Alles voor uw meubelrestauratie en -onderhoud!\",\"potentialAction\":[{\"@type\":\"SearchAction\",\"target\":{\"@type\":\"EntryPoint\",\"urlTemplate\":\"https:\\\/\\\/partsandpieces.nl\\\/?s={search_term_string}\"},\"query-input\":{\"@type\":\"PropertyValueSpecification\",\"valueRequired\":true,\"valueName\":\"search_term_string\"}}],\"inLanguage\":\"de\"}]}<\/script>\n<!-- \/ Yoast SEO plugin. -->","yoast_head_json":{"title":"Holzfarbe Orange 250 ml von Borma Wachs","description":"Die Holzfarbe Orange von Borma Wachs ist die ideale Farbe zum Einf\u00e4rben unbehandelter Holzoberfl\u00e4chen. Der Holzfarbstoff ist gebrauchsfertig.","robots":{"index":"index","follow":"follow","max-snippet":"max-snippet:-1","max-image-preview":"max-image-preview:large","max-video-preview":"max-video-preview:-1"},"canonical":"https:\/\/partsandpieces.nl\/de\/produkt\/bormawachs-holzfarbstoffkonzentrat-orange-farbe-122-250-ml\/","og_locale":"de_DE","og_type":"article","og_title":"Houtkleurstof kleur Oranje 250ml van Borma Wachs","og_description":"Houtkleurstof kleur Oranje van Borma Wachs is de ideale kleurstof voor kleuren van onbehandelde houten oppervlakken. De houtkleurstof is kant-en-klaar.","og_url":"https:\/\/partsandpieces.nl\/de\/produkt\/bormawachs-holzfarbstoffkonzentrat-orange-farbe-122-250-ml\/","og_site_name":"Parts &amp; Pieces","article_modified_time":"2025-11-12T08:01:34+00:00","og_image":[{"width":800,"height":800,"url":"https:\/\/partsandpieces.nl\/wp-content\/uploads\/2022\/09\/3000XX.jpg","type":"image\/jpeg"}],"twitter_card":"summary_large_image","twitter_misc":{"Gesch\u00e4tzte Lesezeit":"1\u00a0Minute"},"schema":{"@context":"https:\/\/schema.org","@graph":[{"@type":"WebPage","@id":"https:\/\/partsandpieces.nl\/product\/borma-wachs-houtkleurstof-concentraat-oranje-kleur-122-250ml\/","url":"https:\/\/partsandpieces.nl\/product\/borma-wachs-houtkleurstof-concentraat-oranje-kleur-122-250ml\/","name":"Holzfarbe Orange 250 ml von Borma Wachs","isPartOf":{"@id":"https:\/\/partsandpieces.nl\/#website"},"primaryImageOfPage":{"@id":"https:\/\/partsandpieces.nl\/product\/borma-wachs-houtkleurstof-concentraat-oranje-kleur-122-250ml\/#primaryimage"},"image":{"@id":"https:\/\/partsandpieces.nl\/product\/borma-wachs-houtkleurstof-concentraat-oranje-kleur-122-250ml\/#primaryimage"},"thumbnailUrl":"https:\/\/partsandpieces.nl\/wp-content\/uploads\/2022\/09\/3000XX.jpg","datePublished":"2022-05-10T10:08:20+00:00","dateModified":"2025-11-12T08:01:34+00:00","description":"Die Holzfarbe Orange von Borma Wachs ist die ideale Farbe zum Einf\u00e4rben unbehandelter Holzoberfl\u00e4chen. Der Holzfarbstoff ist gebrauchsfertig.","breadcrumb":{"@id":"https:\/\/partsandpieces.nl\/product\/borma-wachs-houtkleurstof-concentraat-oranje-kleur-122-250ml\/#breadcrumb"},"inLanguage":"de","potentialAction":[{"@type":"ReadAction","target":["https:\/\/partsandpieces.nl\/product\/borma-wachs-houtkleurstof-concentraat-oranje-kleur-122-250ml\/"]}]},{"@type":"ImageObject","inLanguage":"de","@id":"https:\/\/partsandpieces.nl\/product\/borma-wachs-houtkleurstof-concentraat-oranje-kleur-122-250ml\/#primaryimage","url":"https:\/\/partsandpieces.nl\/wp-content\/uploads\/2022\/09\/3000XX.jpg","contentUrl":"https:\/\/partsandpieces.nl\/wp-content\/uploads\/2022\/09\/3000XX.jpg","width":800,"height":800},{"@type":"BreadcrumbList","@id":"https:\/\/partsandpieces.nl\/product\/borma-wachs-houtkleurstof-concentraat-oranje-kleur-122-250ml\/#breadcrumb","itemListElement":[{"@type":"ListItem","position":1,"name":"Home","item":"https:\/\/partsandpieces.nl\/home\/"},{"@type":"ListItem","position":2,"name":"Winkel","item":"https:\/\/partsandpieces.nl\/winkel\/"},{"@type":"ListItem","position":3,"name":"Borma Wachs Houtkleurstof concentraat Oranje (kleur 122) 250ml"}]},{"@type":"WebSite","@id":"https:\/\/partsandpieces.nl\/#website","url":"https:\/\/partsandpieces.nl\/","name":"Teile &amp; St\u00fccke","description":"Alles f\u00fcr Ihre M\u00f6belrestaurierung und -pflege!","potentialAction":[{"@type":"SearchAction","target":{"@type":"EntryPoint","urlTemplate":"https:\/\/partsandpieces.nl\/?s={search_term_string}"},"query-input":{"@type":"PropertyValueSpecification","valueRequired":true,"valueName":"search_term_string"}}],"inLanguage":"de"}]}},"_links":{"self":[{"href":"https:\/\/partsandpieces.nl\/de\/wp-json\/wp\/v2\/product\/2750","targetHints":{"allow":["GET"]}}],"collection":[{"href":"https:\/\/partsandpieces.nl\/de\/wp-json\/wp\/v2\/product"}],"about":[{"href":"https:\/\/partsandpieces.nl\/de\/wp-json\/wp\/v2\/types\/product"}],"wp:featuredmedia":[{"embeddable":true,"href":"https:\/\/partsandpieces.nl\/de\/wp-json\/wp\/v2\/media\/1923"}],"wp:attachment":[{"href":"https:\/\/partsandpieces.nl\/de\/wp-json\/wp\/v2\/media?parent=2750"}],"wp:term":[{"taxonomy":"product_brand","embeddable":true,"href":"https:\/\/partsandpieces.nl\/de\/wp-json\/wp\/v2\/product_brand?post=2750"},{"taxonomy":"product_cat","embeddable":true,"href":"https:\/\/partsandpieces.nl\/de\/wp-json\/wp\/v2\/product_cat?post=2750"},{"taxonomy":"product_tag","embeddable":true,"href":"https:\/\/partsandpieces.nl\/de\/wp-json\/wp\/v2\/product_tag?post=2750"}],"curies":[{"name":"wp","href":"https:\/\/api.w.org\/{rel}","templated":true}]}}