{"id":2762,"date":"2022-05-13T11:36:10","date_gmt":"2022-05-13T11:36:10","guid":{"rendered":"https:\/\/partsandpieces.bonsaidev.nl\/?product=borma-wachs-schellak-politoer-kleurloos-blank-1-liter"},"modified":"2026-03-09T11:04:17","modified_gmt":"2026-03-09T10:04:17","slug":"bormawachs-schellackpolitur-transparent-klar","status":"publish","type":"product","link":"https:\/\/partsandpieces.nl\/de\/product\/borma-wachs-schellak-politoer-transparant-blank\/","title":{"rendered":"Borma Wachs Shellac Polish Transparent \/ Klar"},"content":{"rendered":"<p><strong>Schellack-Politur transparent\u00a0<\/strong>von <a href=\"https:\/\/bormawachs.com\/?lang=2\">Borma Wachs<\/a> ist eine nach altem Rezept entwickelte Schellackl\u00f6sung. Es verleiht allen Holzarten einen hohen Glanz und hinterl\u00e4sst gleichzeitig eine angenehme Weichheit. Der nat\u00fcrliche gelbe Farbton tr\u00e4gt auch zu einem warmen, intensiven Finish bei, das perfekt f\u00fcr antike M\u00f6bel ist.<\/p>\n<p><strong>Eigenschaften<\/strong><br \/>\n\u2013 insbesondere f\u00fcr antike M\u00f6bel<br \/>\n\u2013 verleiht einen warmen, seidig glatten Effekt<br \/>\n\u2013 F\u00fcr maximale Wirkung 3 Mal im Abstand von 1 \u2013 2 Stunden auftragen<\/p>\n<p><b>Anweisungen<\/b><br \/>\n\u2013 Das Holz darf nicht lackiert sein und muss staub-, fett- und wachsfrei sein<br \/>\n- Nach <a href=\"https:\/\/partsandpieces.nl\/de\/produktkategorie-2\/sonstiges\/schleifprodukte\/\">zu schleifen<\/a> Die Schellackpolitur muss bei einer Raumtemperatur von nicht weniger als 10 \u00b0 C transparent aufgetragen werden.<br \/>\n\u2013 Tragen Sie eine Reihe feiner Schichten mit einem Pinsel oder Pad auf. Vermeiden Sie Luftblasen<br \/>\n\u2013 Aufgrund der hohen Konzentration des Wirkstoffs (32%) kann es erforderlich sein, das Produkt mit 10-20% zu verd\u00fcnnen <a href=\"https:\/\/partsandpieces.nl\/de\/produkt\/borma-wachs-schellak-99-oplosmiddel-voor-schellak-99-1-liter\/\" target=\"_blank\" rel=\"noopener\">Borma Wachs Schellack 99<\/a>\u00a0um das Auftragen auf schwierigen Untergr\u00fcnden zu erleichtern<br \/>\n\u2013 Zwischen den Schichten mindestens 1-2 Stunden warten. Stellen Sie sicher, dass die vorherige Anwendung trocken ist, bevor Sie mit der n\u00e4chsten beginnen<br \/>\n\u2013 Durchgetrocknet nach 24 Stunden bei 20 \u00b0C. Um das Finish zu erhalten und den antiken Effekt zu erzielen, tragen Sie Bienenwachs auf<\/p>","protected":false},"excerpt":{"rendered":"<p>Schellak Politoer Transparant\u00a0van Borma Wachs is een schellakoplossing ontwikkeld volgens een eeuwenoud recept. Het geeft alle houtsoorten een hoge glans en laat tegelijkertijd een aangename zachtheid achter. De natuurlijke gele tint draagt \u200b\u200book bij aan een warme, intense afwerking die perfect is voor antieke meubels. Kenmerken &#8211; speciaal voor antieke meubels &#8211; geeft een warm, [&hellip;]<\/p>\n","protected":false},"featured_media":2198,"template":"","meta":{"_acf_changed":false},"product_brand":[],"product_cat":[64,79],"product_tag":[],"class_list":{"0":"post-2762","1":"product","2":"type-product","3":"status-publish","4":"has-post-thumbnail","6":"product_cat-oppervlakte-behandeling-borma-wachs","7":"product_cat-schellak-en-politoer","9":"first","10":"instock","11":"taxable","12":"shipping-taxable","13":"purchasable","14":"product-type-variable","15":"has-default-attributes"},"acf":[],"yoast_head":"<!-- This site is optimized with the Yoast SEO plugin v27.3 - https:\/\/yoast.com\/product\/yoast-seo-wordpress\/ -->\n<title>Schellak Politoer Transparant \/ Blank van Borma Wachs<\/title>\n<meta name=\"description\" content=\"Schellak Politoer Transparant van Borma Wachs geeft alle houtsoorten een hoge glans en laat een aangename zachtheid achter. Perfect voor antieke meubels.\" \/>\n<meta name=\"robots\" content=\"index, follow, max-snippet:-1, max-image-preview:large, max-video-preview:-1\" \/>\n<link rel=\"canonical\" href=\"https:\/\/partsandpieces.nl\/de\/produkt\/bormawachs-schellackpolitur-transparent-klar\/\" \/>\n<meta property=\"og:locale\" content=\"de_DE\" \/>\n<meta property=\"og:type\" content=\"article\" \/>\n<meta property=\"og:title\" content=\"Schellak Politoer Transparant \/ Blank van Borma Wachs\" \/>\n<meta property=\"og:description\" content=\"Schellak Politoer Transparant van Borma Wachs geeft alle houtsoorten een hoge glans en laat een aangename zachtheid achter. Perfect voor antieke meubels.\" \/>\n<meta property=\"og:url\" content=\"https:\/\/partsandpieces.nl\/de\/produkt\/bormawachs-schellackpolitur-transparent-klar\/\" \/>\n<meta property=\"og:site_name\" content=\"Parts &amp; Pieces\" \/>\n<meta property=\"article:modified_time\" content=\"2026-03-09T10:04:17+00:00\" \/>\n<meta property=\"og:image\" content=\"https:\/\/partsandpieces.nl\/wp-content\/uploads\/2022\/09\/0003.jpg\" \/>\n\t<meta property=\"og:image:width\" content=\"800\" \/>\n\t<meta property=\"og:image:height\" content=\"800\" \/>\n\t<meta property=\"og:image:type\" content=\"image\/jpeg\" \/>\n<meta name=\"twitter:card\" content=\"summary_large_image\" \/>\n<meta name=\"twitter:label1\" content=\"Gesch\u00e4tzte Lesezeit\" \/>\n\t<meta name=\"twitter:data1\" content=\"1\u00a0Minute\" \/>\n<script type=\"application\/ld+json\" class=\"yoast-schema-graph\">{\"@context\":\"https:\\\/\\\/schema.org\",\"@graph\":[{\"@type\":\"WebPage\",\"@id\":\"https:\\\/\\\/partsandpieces.nl\\\/product\\\/borma-wachs-schellak-politoer-transparant-blank\\\/\",\"url\":\"https:\\\/\\\/partsandpieces.nl\\\/product\\\/borma-wachs-schellak-politoer-transparant-blank\\\/\",\"name\":\"Schellak Politoer Transparant \\\/ Blank van Borma Wachs\",\"isPartOf\":{\"@id\":\"https:\\\/\\\/partsandpieces.nl\\\/#website\"},\"primaryImageOfPage\":{\"@id\":\"https:\\\/\\\/partsandpieces.nl\\\/product\\\/borma-wachs-schellak-politoer-transparant-blank\\\/#primaryimage\"},\"image\":{\"@id\":\"https:\\\/\\\/partsandpieces.nl\\\/product\\\/borma-wachs-schellak-politoer-transparant-blank\\\/#primaryimage\"},\"thumbnailUrl\":\"https:\\\/\\\/partsandpieces.nl\\\/wp-content\\\/uploads\\\/2022\\\/09\\\/0003.jpg\",\"datePublished\":\"2022-05-13T11:36:10+00:00\",\"dateModified\":\"2026-03-09T10:04:17+00:00\",\"description\":\"Schellak Politoer Transparant van Borma Wachs geeft alle houtsoorten een hoge glans en laat een aangename zachtheid achter. Perfect voor antieke meubels.\",\"breadcrumb\":{\"@id\":\"https:\\\/\\\/partsandpieces.nl\\\/product\\\/borma-wachs-schellak-politoer-transparant-blank\\\/#breadcrumb\"},\"inLanguage\":\"de\",\"potentialAction\":[{\"@type\":\"ReadAction\",\"target\":[\"https:\\\/\\\/partsandpieces.nl\\\/product\\\/borma-wachs-schellak-politoer-transparant-blank\\\/\"]}]},{\"@type\":\"ImageObject\",\"inLanguage\":\"de\",\"@id\":\"https:\\\/\\\/partsandpieces.nl\\\/product\\\/borma-wachs-schellak-politoer-transparant-blank\\\/#primaryimage\",\"url\":\"https:\\\/\\\/partsandpieces.nl\\\/wp-content\\\/uploads\\\/2022\\\/09\\\/0003.jpg\",\"contentUrl\":\"https:\\\/\\\/partsandpieces.nl\\\/wp-content\\\/uploads\\\/2022\\\/09\\\/0003.jpg\",\"width\":800,\"height\":800},{\"@type\":\"BreadcrumbList\",\"@id\":\"https:\\\/\\\/partsandpieces.nl\\\/product\\\/borma-wachs-schellak-politoer-transparant-blank\\\/#breadcrumb\",\"itemListElement\":[{\"@type\":\"ListItem\",\"position\":1,\"name\":\"Home\",\"item\":\"https:\\\/\\\/partsandpieces.nl\\\/home\\\/\"},{\"@type\":\"ListItem\",\"position\":2,\"name\":\"Winkel\",\"item\":\"https:\\\/\\\/partsandpieces.nl\\\/winkel\\\/\"},{\"@type\":\"ListItem\",\"position\":3,\"name\":\"Borma Wachs Schellak Politoer Transparant \\\/ Blank\"}]},{\"@type\":\"WebSite\",\"@id\":\"https:\\\/\\\/partsandpieces.nl\\\/#website\",\"url\":\"https:\\\/\\\/partsandpieces.nl\\\/\",\"name\":\"Parts &amp; Pieces\",\"description\":\"Alles voor uw meubelrestauratie en -onderhoud!\",\"potentialAction\":[{\"@type\":\"SearchAction\",\"target\":{\"@type\":\"EntryPoint\",\"urlTemplate\":\"https:\\\/\\\/partsandpieces.nl\\\/?s={search_term_string}\"},\"query-input\":{\"@type\":\"PropertyValueSpecification\",\"valueRequired\":true,\"valueName\":\"search_term_string\"}}],\"inLanguage\":\"de\"}]}<\/script>\n<!-- \/ Yoast SEO plugin. -->","yoast_head_json":{"title":"Shellac Polish Transparent \/ Klar von Borma Wachs","description":"Shellac Polish Transparent von Borma Wachs verleiht allen Holzarten einen hohen Glanz und hinterl\u00e4sst eine angenehme Weichheit. Perfekt f\u00fcr antike M\u00f6bel.","robots":{"index":"index","follow":"follow","max-snippet":"max-snippet:-1","max-image-preview":"max-image-preview:large","max-video-preview":"max-video-preview:-1"},"canonical":"https:\/\/partsandpieces.nl\/de\/produkt\/bormawachs-schellackpolitur-transparent-klar\/","og_locale":"de_DE","og_type":"article","og_title":"Schellak Politoer Transparant \/ Blank van Borma Wachs","og_description":"Schellak Politoer Transparant van Borma Wachs geeft alle houtsoorten een hoge glans en laat een aangename zachtheid achter. Perfect voor antieke meubels.","og_url":"https:\/\/partsandpieces.nl\/de\/produkt\/bormawachs-schellackpolitur-transparent-klar\/","og_site_name":"Parts &amp; Pieces","article_modified_time":"2026-03-09T10:04:17+00:00","og_image":[{"width":800,"height":800,"url":"https:\/\/partsandpieces.nl\/wp-content\/uploads\/2022\/09\/0003.jpg","type":"image\/jpeg"}],"twitter_card":"summary_large_image","twitter_misc":{"Gesch\u00e4tzte Lesezeit":"1\u00a0Minute"},"schema":{"@context":"https:\/\/schema.org","@graph":[{"@type":"WebPage","@id":"https:\/\/partsandpieces.nl\/product\/borma-wachs-schellak-politoer-transparant-blank\/","url":"https:\/\/partsandpieces.nl\/product\/borma-wachs-schellak-politoer-transparant-blank\/","name":"Shellac Polish Transparent \/ Klar von Borma Wachs","isPartOf":{"@id":"https:\/\/partsandpieces.nl\/#website"},"primaryImageOfPage":{"@id":"https:\/\/partsandpieces.nl\/product\/borma-wachs-schellak-politoer-transparant-blank\/#primaryimage"},"image":{"@id":"https:\/\/partsandpieces.nl\/product\/borma-wachs-schellak-politoer-transparant-blank\/#primaryimage"},"thumbnailUrl":"https:\/\/partsandpieces.nl\/wp-content\/uploads\/2022\/09\/0003.jpg","datePublished":"2022-05-13T11:36:10+00:00","dateModified":"2026-03-09T10:04:17+00:00","description":"Shellac Polish Transparent von Borma Wachs verleiht allen Holzarten einen hohen Glanz und hinterl\u00e4sst eine angenehme Weichheit. Perfekt f\u00fcr antike M\u00f6bel.","breadcrumb":{"@id":"https:\/\/partsandpieces.nl\/product\/borma-wachs-schellak-politoer-transparant-blank\/#breadcrumb"},"inLanguage":"de","potentialAction":[{"@type":"ReadAction","target":["https:\/\/partsandpieces.nl\/product\/borma-wachs-schellak-politoer-transparant-blank\/"]}]},{"@type":"ImageObject","inLanguage":"de","@id":"https:\/\/partsandpieces.nl\/product\/borma-wachs-schellak-politoer-transparant-blank\/#primaryimage","url":"https:\/\/partsandpieces.nl\/wp-content\/uploads\/2022\/09\/0003.jpg","contentUrl":"https:\/\/partsandpieces.nl\/wp-content\/uploads\/2022\/09\/0003.jpg","width":800,"height":800},{"@type":"BreadcrumbList","@id":"https:\/\/partsandpieces.nl\/product\/borma-wachs-schellak-politoer-transparant-blank\/#breadcrumb","itemListElement":[{"@type":"ListItem","position":1,"name":"Home","item":"https:\/\/partsandpieces.nl\/home\/"},{"@type":"ListItem","position":2,"name":"Winkel","item":"https:\/\/partsandpieces.nl\/winkel\/"},{"@type":"ListItem","position":3,"name":"Borma Wachs Schellak Politoer Transparant \/ Blank"}]},{"@type":"WebSite","@id":"https:\/\/partsandpieces.nl\/#website","url":"https:\/\/partsandpieces.nl\/","name":"Teile &amp; St\u00fccke","description":"Alles f\u00fcr Ihre M\u00f6belrestaurierung und -pflege!","potentialAction":[{"@type":"SearchAction","target":{"@type":"EntryPoint","urlTemplate":"https:\/\/partsandpieces.nl\/?s={search_term_string}"},"query-input":{"@type":"PropertyValueSpecification","valueRequired":true,"valueName":"search_term_string"}}],"inLanguage":"de"}]}},"_links":{"self":[{"href":"https:\/\/partsandpieces.nl\/de\/wp-json\/wp\/v2\/product\/2762","targetHints":{"allow":["GET"]}}],"collection":[{"href":"https:\/\/partsandpieces.nl\/de\/wp-json\/wp\/v2\/product"}],"about":[{"href":"https:\/\/partsandpieces.nl\/de\/wp-json\/wp\/v2\/types\/product"}],"wp:featuredmedia":[{"embeddable":true,"href":"https:\/\/partsandpieces.nl\/de\/wp-json\/wp\/v2\/media\/2198"}],"wp:attachment":[{"href":"https:\/\/partsandpieces.nl\/de\/wp-json\/wp\/v2\/media?parent=2762"}],"wp:term":[{"taxonomy":"product_brand","embeddable":true,"href":"https:\/\/partsandpieces.nl\/de\/wp-json\/wp\/v2\/product_brand?post=2762"},{"taxonomy":"product_cat","embeddable":true,"href":"https:\/\/partsandpieces.nl\/de\/wp-json\/wp\/v2\/product_cat?post=2762"},{"taxonomy":"product_tag","embeddable":true,"href":"https:\/\/partsandpieces.nl\/de\/wp-json\/wp\/v2\/product_tag?post=2762"}],"curies":[{"name":"wp","href":"https:\/\/api.w.org\/{rel}","templated":true}]}}