{"id":2781,"date":"2022-05-18T15:18:24","date_gmt":"2022-05-18T13:18:24","guid":{"rendered":"https:\/\/partsandpieces.bonsaidev.nl\/?product=borma-wachs-holzmasse-k2-2-componenten-houtplamuur-licht-hout-750ml"},"modified":"2026-02-11T14:18:29","modified_gmt":"2026-02-11T13:18:29","slug":"borma-wachs-holzmasse-k2-holzspachtel-2-komponenten-helles-holz-750ml","status":"publish","type":"product","link":"https:\/\/partsandpieces.nl\/de\/product\/borma-wachs-holzmasse-k2-houtplamuur-2-componenten-licht-hout-750ml\/","title":{"rendered":"Borma Wachs Holzmasse K2 Holzspachtel 2-Komponenten Helles Holz 750ml"},"content":{"rendered":"<p><strong>Holzmasse K2 Holzspachtel 2-Komponenten Helles Holz<\/strong>\u00a0von Borma Wachs ist ein 2-Komponenten-Holzspachtel auf Basis von Polyesterharz und Holzmehl unter Zusatz spezieller mineralischer F\u00fcllstoffe. Dieser Holzspachtel eignet sich besonders f\u00fcr die Reparatur von Holzoberfl\u00e4chen im Innen- und Au\u00dfenbereich. Die Holzmasse K2 hat eine sehr gute Haftung und ist besonders elastisch und gut schleifbar. Nach dem Auftragen kann es \u00fcberstrichen werden.<\/p>\n<h5><strong>2-Komponenten-Holzspachtel<\/strong><\/h5>\n<p>Der 2-Komponenten-Holzspachtel Eiche ist eine ideale L\u00f6sung, um besch\u00e4digtes Holz schnell und effektiv zu reparieren. Dank der schnell trocknenden Eigenschaften dieses Holzspachtels ist es m\u00f6glich, in kurzer Zeit eine glatte und gleichm\u00e4\u00dfige Oberfl\u00e4che zu erzielen. Dar\u00fcber hinaus ist der Holzspachtel schrumpffrei, was Risse und Risse verhindert.<\/p>\n<p>Dieser Holzspachtel haftet hervorragend auf Holz und macht das Ergebnis langlebig und stabil. Dar\u00fcber hinaus l\u00e4sst sich der Holzspachtel leicht schleifen, so dass das Endergebnis perfekt fertiggestellt werden kann. Mit dem 2-Komponenten-Holzspachtel lassen sich Sch\u00e4den an Holz schnell und professionell reparieren.<\/p>\n<h5><strong>Auch f\u00fcr drau\u00dfen<\/strong><\/h5>\n<p>Der Holzmasse K2 Holzspachtel ist bei ordnungsgem\u00e4\u00dfem \u00dcberstreichen auch f\u00fcr Au\u00dfenfl\u00e4chen geeignet. Verschiedene Farben k\u00f6nnen miteinander gemischt werden, um einen Zwischenton zu erhalten.<\/p>\n<h5><strong>Wo bewerben?<\/strong><\/h5>\n<p>Der Holzmasse K2 Holzspachtel kann allgemein auf Holz und Holzwerkstoffen verwendet werden. Denken Sie an Orte wie Parkett, Innenm\u00f6bel, Gartenm\u00f6bel, Fensterrahmen, T\u00fcren, Fensterl\u00e4den. Verwenden Sie es f\u00fcr Risse in Ihrem Holz und fehlende Teile, einschlie\u00dflich Kanten von Paneelen und Brettern.<\/p>\n<p>Bei Bestellung erhalten Sie eine Dose 750ml Holzspachtel und 1 Tube H\u00e4rter.<\/p>\n<h5><strong>Farben auf Lager<\/strong><\/h5>\n<p>Ich habe die Holzmasse K2 Holzspachtel 2 Komponenten in folgenden Farben vorr\u00e4tig:\u00a0<a href=\"https:\/\/partsandpieces.nl\/de\/produktkategorie-2\/oberflachenbehandlung-2\/2-komponenten-holzspachtel\/\">Mittlere Eiche, Eiche, helle Eiche, dunkles Holz, helles Holz, Naturholz, Teak, Kiefer, Kirsche, mittlerer Walnuss und Schwarz.<\/a><\/p>\n<h5><strong>Anweisungen<\/strong><\/h5>\n<p>\u2013 Die zu behandelnden Oberfl\u00e4chen m\u00fcssen absolut sauber sein<br \/>\n\u2013 H\u00e4rter zum F\u00fcller hinzuf\u00fcgen (1-3%)<br \/>\n\u2013 Je nach gew\u00fcnschter Dicke eine oder mehrere Schichten im Abstand von 5-10 Minuten auftragen<br \/>\n\u2013 Abschlie\u00dfend 30-40 Minuten nach dem letzten Auftrag das \u00fcbersch\u00fcssige Material abschleifen.<\/p>\n<h5><strong>Hinweise zur Lagerung<\/strong><\/h5>\n<p>Lagern Sie den Holzmasse K2 Holzspachtel an einem k\u00fchlen, gut bel\u00fcfteten Ort. Halten Sie die Verpackung geschlossen, wenn Sie sie nicht verwenden. Von Hitze, offenen Flammen, Funken und anderen Z\u00fcndquellen fernhalten.<br \/>\nDas Produkt ist ab dem ersten \u00d6ffnen der Dose 12 Monate haltbar.<\/p>","protected":false},"excerpt":{"rendered":"<p>Holzmasse K2 houtplamuur 2-componenten Licht Hout\u00a0van Borma Wachs is een 2 componenten houtvuller op basis van polyesterhars en houtmeel met toevoeging van speciale minerale vulstoffen. Deze houtvuller is bijzonder geschikt voor gebruik bij het repareren van houten oppervlakken, zowel binnen als buiten. De Holzmasse K2 kent een zeer goede hechting en is bijzonder elastisch en [&hellip;]<\/p>\n","protected":false},"featured_media":2275,"template":"","meta":{"_acf_changed":false},"product_brand":[],"product_cat":[147,64],"product_tag":[],"class_list":{"0":"post-2781","1":"product","2":"type-product","3":"status-publish","4":"has-post-thumbnail","6":"product_cat-houtplamuur-2-componenten","7":"product_cat-oppervlakte-behandeling-borma-wachs","9":"first","10":"instock","11":"taxable","12":"shipping-taxable","13":"purchasable","14":"product-type-simple"},"acf":[],"yoast_head":"<!-- This site is optimized with the Yoast SEO plugin v27.3 - https:\/\/yoast.com\/product\/yoast-seo-wordpress\/ -->\n<title>Houtplamuur 2-componenten Licht Hout\u00a0van Borma Wachs<\/title>\n<meta name=\"description\" content=\"Houtplamuur 2-componenten Licht Hout van Borma Wachs is voor het repareren van hout. Heeft een zeer goede hechting, is elastisch en goed schuurbaar.\" \/>\n<meta name=\"robots\" content=\"index, follow, max-snippet:-1, max-image-preview:large, max-video-preview:-1\" \/>\n<link rel=\"canonical\" href=\"https:\/\/partsandpieces.nl\/de\/produkt\/borma-wachs-holzmasse-k2-holzspachtel-2-komponenten-helles-holz-750ml\/\" \/>\n<meta property=\"og:locale\" content=\"de_DE\" \/>\n<meta property=\"og:type\" content=\"article\" \/>\n<meta property=\"og:title\" content=\"Houtplamuur 2-componenten Licht Hout\u00a0van Borma Wachs\" \/>\n<meta property=\"og:description\" content=\"Houtplamuur 2-componenten Licht Hout van Borma Wachs is voor het repareren van hout. Heeft een zeer goede hechting, is elastisch en goed schuurbaar.\" \/>\n<meta property=\"og:url\" content=\"https:\/\/partsandpieces.nl\/de\/produkt\/borma-wachs-holzmasse-k2-holzspachtel-2-komponenten-helles-holz-750ml\/\" \/>\n<meta property=\"og:site_name\" content=\"Parts &amp; Pieces\" \/>\n<meta property=\"article:modified_time\" content=\"2026-02-11T13:18:29+00:00\" \/>\n<meta property=\"og:image\" content=\"https:\/\/partsandpieces.nl\/wp-content\/uploads\/2022\/09\/1950XX.jpg\" \/>\n\t<meta property=\"og:image:width\" content=\"800\" \/>\n\t<meta property=\"og:image:height\" content=\"800\" \/>\n\t<meta property=\"og:image:type\" content=\"image\/jpeg\" \/>\n<meta name=\"twitter:card\" content=\"summary_large_image\" \/>\n<meta name=\"twitter:label1\" content=\"Gesch\u00e4tzte Lesezeit\" \/>\n\t<meta name=\"twitter:data1\" content=\"2\u00a0Minuten\" \/>\n<script type=\"application\/ld+json\" class=\"yoast-schema-graph\">{\"@context\":\"https:\\\/\\\/schema.org\",\"@graph\":[{\"@type\":\"WebPage\",\"@id\":\"https:\\\/\\\/partsandpieces.nl\\\/product\\\/borma-wachs-holzmasse-k2-houtplamuur-2-componenten-licht-hout-750ml\\\/\",\"url\":\"https:\\\/\\\/partsandpieces.nl\\\/product\\\/borma-wachs-holzmasse-k2-houtplamuur-2-componenten-licht-hout-750ml\\\/\",\"name\":\"Houtplamuur 2-componenten Licht Hout\u00a0van Borma Wachs\",\"isPartOf\":{\"@id\":\"https:\\\/\\\/partsandpieces.nl\\\/#website\"},\"primaryImageOfPage\":{\"@id\":\"https:\\\/\\\/partsandpieces.nl\\\/product\\\/borma-wachs-holzmasse-k2-houtplamuur-2-componenten-licht-hout-750ml\\\/#primaryimage\"},\"image\":{\"@id\":\"https:\\\/\\\/partsandpieces.nl\\\/product\\\/borma-wachs-holzmasse-k2-houtplamuur-2-componenten-licht-hout-750ml\\\/#primaryimage\"},\"thumbnailUrl\":\"https:\\\/\\\/partsandpieces.nl\\\/wp-content\\\/uploads\\\/2022\\\/09\\\/1950XX.jpg\",\"datePublished\":\"2022-05-18T13:18:24+00:00\",\"dateModified\":\"2026-02-11T13:18:29+00:00\",\"description\":\"Houtplamuur 2-componenten Licht Hout van Borma Wachs is voor het repareren van hout. Heeft een zeer goede hechting, is elastisch en goed schuurbaar.\",\"breadcrumb\":{\"@id\":\"https:\\\/\\\/partsandpieces.nl\\\/product\\\/borma-wachs-holzmasse-k2-houtplamuur-2-componenten-licht-hout-750ml\\\/#breadcrumb\"},\"inLanguage\":\"de\",\"potentialAction\":[{\"@type\":\"ReadAction\",\"target\":[\"https:\\\/\\\/partsandpieces.nl\\\/product\\\/borma-wachs-holzmasse-k2-houtplamuur-2-componenten-licht-hout-750ml\\\/\"]}]},{\"@type\":\"ImageObject\",\"inLanguage\":\"de\",\"@id\":\"https:\\\/\\\/partsandpieces.nl\\\/product\\\/borma-wachs-holzmasse-k2-houtplamuur-2-componenten-licht-hout-750ml\\\/#primaryimage\",\"url\":\"https:\\\/\\\/partsandpieces.nl\\\/wp-content\\\/uploads\\\/2022\\\/09\\\/1950XX.jpg\",\"contentUrl\":\"https:\\\/\\\/partsandpieces.nl\\\/wp-content\\\/uploads\\\/2022\\\/09\\\/1950XX.jpg\",\"width\":800,\"height\":800,\"caption\":\"Borma Wachs Holzmasse K2 houtplamuur 2-componenten\"},{\"@type\":\"BreadcrumbList\",\"@id\":\"https:\\\/\\\/partsandpieces.nl\\\/product\\\/borma-wachs-holzmasse-k2-houtplamuur-2-componenten-licht-hout-750ml\\\/#breadcrumb\",\"itemListElement\":[{\"@type\":\"ListItem\",\"position\":1,\"name\":\"Home\",\"item\":\"https:\\\/\\\/partsandpieces.nl\\\/home\\\/\"},{\"@type\":\"ListItem\",\"position\":2,\"name\":\"Winkel\",\"item\":\"https:\\\/\\\/partsandpieces.nl\\\/winkel\\\/\"},{\"@type\":\"ListItem\",\"position\":3,\"name\":\"Borma Wachs Holzmasse K2 houtplamuur 2-componenten Licht Hout 750ml\"}]},{\"@type\":\"WebSite\",\"@id\":\"https:\\\/\\\/partsandpieces.nl\\\/#website\",\"url\":\"https:\\\/\\\/partsandpieces.nl\\\/\",\"name\":\"Parts &amp; Pieces\",\"description\":\"Alles voor uw meubelrestauratie en -onderhoud!\",\"potentialAction\":[{\"@type\":\"SearchAction\",\"target\":{\"@type\":\"EntryPoint\",\"urlTemplate\":\"https:\\\/\\\/partsandpieces.nl\\\/?s={search_term_string}\"},\"query-input\":{\"@type\":\"PropertyValueSpecification\",\"valueRequired\":true,\"valueName\":\"search_term_string\"}}],\"inLanguage\":\"de\"}]}<\/script>\n<!-- \/ Yoast SEO plugin. -->","yoast_head_json":{"title":"Holzspachtel 2-Komponenten Light Wood von Borma Wachs","description":"Holzspachtel 2-Komponenten Light Wood von Borma Wachs dient zur Reparatur von Holz. Hat eine sehr gute Haftung, ist elastisch und gut schleifbar.","robots":{"index":"index","follow":"follow","max-snippet":"max-snippet:-1","max-image-preview":"max-image-preview:large","max-video-preview":"max-video-preview:-1"},"canonical":"https:\/\/partsandpieces.nl\/de\/produkt\/borma-wachs-holzmasse-k2-holzspachtel-2-komponenten-helles-holz-750ml\/","og_locale":"de_DE","og_type":"article","og_title":"Houtplamuur 2-componenten Licht Hout\u00a0van Borma Wachs","og_description":"Houtplamuur 2-componenten Licht Hout van Borma Wachs is voor het repareren van hout. Heeft een zeer goede hechting, is elastisch en goed schuurbaar.","og_url":"https:\/\/partsandpieces.nl\/de\/produkt\/borma-wachs-holzmasse-k2-holzspachtel-2-komponenten-helles-holz-750ml\/","og_site_name":"Parts &amp; Pieces","article_modified_time":"2026-02-11T13:18:29+00:00","og_image":[{"width":800,"height":800,"url":"https:\/\/partsandpieces.nl\/wp-content\/uploads\/2022\/09\/1950XX.jpg","type":"image\/jpeg"}],"twitter_card":"summary_large_image","twitter_misc":{"Gesch\u00e4tzte Lesezeit":"2\u00a0Minuten"},"schema":{"@context":"https:\/\/schema.org","@graph":[{"@type":"WebPage","@id":"https:\/\/partsandpieces.nl\/product\/borma-wachs-holzmasse-k2-houtplamuur-2-componenten-licht-hout-750ml\/","url":"https:\/\/partsandpieces.nl\/product\/borma-wachs-holzmasse-k2-houtplamuur-2-componenten-licht-hout-750ml\/","name":"Holzspachtel 2-Komponenten Light Wood von Borma Wachs","isPartOf":{"@id":"https:\/\/partsandpieces.nl\/#website"},"primaryImageOfPage":{"@id":"https:\/\/partsandpieces.nl\/product\/borma-wachs-holzmasse-k2-houtplamuur-2-componenten-licht-hout-750ml\/#primaryimage"},"image":{"@id":"https:\/\/partsandpieces.nl\/product\/borma-wachs-holzmasse-k2-houtplamuur-2-componenten-licht-hout-750ml\/#primaryimage"},"thumbnailUrl":"https:\/\/partsandpieces.nl\/wp-content\/uploads\/2022\/09\/1950XX.jpg","datePublished":"2022-05-18T13:18:24+00:00","dateModified":"2026-02-11T13:18:29+00:00","description":"Holzspachtel 2-Komponenten Light Wood von Borma Wachs dient zur Reparatur von Holz. Hat eine sehr gute Haftung, ist elastisch und gut schleifbar.","breadcrumb":{"@id":"https:\/\/partsandpieces.nl\/product\/borma-wachs-holzmasse-k2-houtplamuur-2-componenten-licht-hout-750ml\/#breadcrumb"},"inLanguage":"de","potentialAction":[{"@type":"ReadAction","target":["https:\/\/partsandpieces.nl\/product\/borma-wachs-holzmasse-k2-houtplamuur-2-componenten-licht-hout-750ml\/"]}]},{"@type":"ImageObject","inLanguage":"de","@id":"https:\/\/partsandpieces.nl\/product\/borma-wachs-holzmasse-k2-houtplamuur-2-componenten-licht-hout-750ml\/#primaryimage","url":"https:\/\/partsandpieces.nl\/wp-content\/uploads\/2022\/09\/1950XX.jpg","contentUrl":"https:\/\/partsandpieces.nl\/wp-content\/uploads\/2022\/09\/1950XX.jpg","width":800,"height":800,"caption":"Borma Wachs Holzmasse K2 houtplamuur 2-componenten"},{"@type":"BreadcrumbList","@id":"https:\/\/partsandpieces.nl\/product\/borma-wachs-holzmasse-k2-houtplamuur-2-componenten-licht-hout-750ml\/#breadcrumb","itemListElement":[{"@type":"ListItem","position":1,"name":"Home","item":"https:\/\/partsandpieces.nl\/home\/"},{"@type":"ListItem","position":2,"name":"Winkel","item":"https:\/\/partsandpieces.nl\/winkel\/"},{"@type":"ListItem","position":3,"name":"Borma Wachs Holzmasse K2 houtplamuur 2-componenten Licht Hout 750ml"}]},{"@type":"WebSite","@id":"https:\/\/partsandpieces.nl\/#website","url":"https:\/\/partsandpieces.nl\/","name":"Teile &amp; St\u00fccke","description":"Alles f\u00fcr Ihre M\u00f6belrestaurierung und -pflege!","potentialAction":[{"@type":"SearchAction","target":{"@type":"EntryPoint","urlTemplate":"https:\/\/partsandpieces.nl\/?s={search_term_string}"},"query-input":{"@type":"PropertyValueSpecification","valueRequired":true,"valueName":"search_term_string"}}],"inLanguage":"de"}]}},"_links":{"self":[{"href":"https:\/\/partsandpieces.nl\/de\/wp-json\/wp\/v2\/product\/2781","targetHints":{"allow":["GET"]}}],"collection":[{"href":"https:\/\/partsandpieces.nl\/de\/wp-json\/wp\/v2\/product"}],"about":[{"href":"https:\/\/partsandpieces.nl\/de\/wp-json\/wp\/v2\/types\/product"}],"wp:featuredmedia":[{"embeddable":true,"href":"https:\/\/partsandpieces.nl\/de\/wp-json\/wp\/v2\/media\/2275"}],"wp:attachment":[{"href":"https:\/\/partsandpieces.nl\/de\/wp-json\/wp\/v2\/media?parent=2781"}],"wp:term":[{"taxonomy":"product_brand","embeddable":true,"href":"https:\/\/partsandpieces.nl\/de\/wp-json\/wp\/v2\/product_brand?post=2781"},{"taxonomy":"product_cat","embeddable":true,"href":"https:\/\/partsandpieces.nl\/de\/wp-json\/wp\/v2\/product_cat?post=2781"},{"taxonomy":"product_tag","embeddable":true,"href":"https:\/\/partsandpieces.nl\/de\/wp-json\/wp\/v2\/product_tag?post=2781"}],"curies":[{"name":"wp","href":"https:\/\/api.w.org\/{rel}","templated":true}]}}