{"id":2808,"date":"2022-05-25T09:26:24","date_gmt":"2022-05-25T09:26:24","guid":{"rendered":"https:\/\/partsandpieces.bonsaidev.nl\/?product=borma-wachs-teak-olie-voor-binnen-en-buiten-teak-pigment-172-500ml"},"modified":"2026-04-02T09:39:27","modified_gmt":"2026-04-02T07:39:27","slug":"bormawachs-teakol-teakpigmentfarbe-172","status":"publish","type":"product","link":"https:\/\/partsandpieces.nl\/de\/product\/borma-wachs-teak-olie-teak-pigment-kleur-172\/","title":{"rendered":"Borma Wachs Teak Oil Teak Pigment (Farbe 172)"},"content":{"rendered":"<p><strong>Teak\u00f6l Teak Pigment (Farbe 172)<\/strong> von <a href=\"http:\/\/www.bormawachs.com\/\">Borma Wachs<\/a> auf \u00d6lbasis ist gebrauchsfertig und f\u00fcr alle Holzoberfl\u00e4chen im Innen- und Au\u00dfenbereich geeignet. Es macht die Oberfl\u00e4che wasserabweisend und verleiht der Oberfl\u00e4che ein angenehm nat\u00fcrliches Aussehen. Durch die Zugabe von Teak-Pigmentfarbe wird die Teakfarbe Ihrer Innen- oder Au\u00dfenm\u00f6bel hervorgehoben. Sch\u00fctzt vor Witterungseinfl\u00fcssen und unterstreicht die nat\u00fcrliche Sch\u00f6nheit des Holzes. Es bl\u00e4ttert nicht ab und muss nicht geschliffen werden. Es kann als periodische Behandlung der Oberfl\u00e4chen verwendet werden.<\/p>\n<p>ich habe auch <a href=\"https:\/\/partsandpieces.nl\/de\/produkt\/bormawachs-teakol-farblos\/\"><span style=\"text-decoration: underline;\">Borma Wachs Teak\u00f6l farblos<\/span><\/a> auf Lager. Dieses hat die gleichen Eigenschaften wie dieses Teak\u00f6l mit Teakpigment, unterst\u00fctzt aber die Eigenfarbe Ihrer Teakm\u00f6bel.<\/p>\n<p><b>Anweisungen<\/b><br \/>\n\u2013 Reinigen Sie die Oberfl\u00e4che von Fett, \u00d6l und Wachs.<br \/>\n\u2013 Tragen Sie das Teak Oil Teak-Pigment direkt mit einem Pinsel auf.<br \/>\n\u2013 Tragen Sie mindestens zwei Schichten auf und warten Sie zwischen den aufeinanderfolgenden Behandlungen 4 bis 6 Stunden.<br \/>\n\u2013 Trockenzeit: 8-12 Stunden bei 20\u00b0C.<br \/>\n\u2013 Gesamttrocknungszeit: 24 Stunden.<\/p>","protected":false},"excerpt":{"rendered":"<p>Teak Olie Teak Pigment (kleur 172) van Borma Wachs op oliebasis is gebruiksklaar en geschikt voor alle houten oppervlakken, zowel binnen als buiten. Het maakt het oppervlak waterafstotend en geeft het oppervlak een aangenaam natuurlijke uitstraling. Door toevoeging van Teak pigment kleur versterkt het de teak kleur van je binnen- of buitenmeubel. Beschermt tegen weersinvloeden [&hellip;]<\/p>\n","protected":false},"featured_media":4289,"template":"","meta":{"_acf_changed":false},"product_brand":[],"product_cat":[64,83],"product_tag":[],"class_list":{"0":"post-2808","1":"product","2":"type-product","3":"status-publish","4":"has-post-thumbnail","6":"product_cat-oppervlakte-behandeling-borma-wachs","7":"product_cat-teakolie-en-sealer","9":"first","10":"instock","11":"taxable","12":"shipping-taxable","13":"purchasable","14":"product-type-variable"},"acf":[],"yoast_head":"<!-- This site is optimized with the Yoast SEO plugin v27.3 - https:\/\/yoast.com\/product\/yoast-seo-wordpress\/ -->\n<title>Teak Olie met Teak kleur van Borma Wachs<\/title>\n<meta name=\"description\" content=\"Teak Olie met Teak kleur van Borma Wachs is gebruiksklaar en voor zowel binnen als buiten. De Teak kleur versterkt de kleur van je binnen- of buitenmeubel.\" \/>\n<meta name=\"robots\" content=\"index, follow, max-snippet:-1, max-image-preview:large, max-video-preview:-1\" \/>\n<link rel=\"canonical\" href=\"https:\/\/partsandpieces.nl\/de\/produkt\/bormawachs-teakol-teakpigmentfarbe-172\/\" \/>\n<meta property=\"og:locale\" content=\"de_DE\" \/>\n<meta property=\"og:type\" content=\"article\" \/>\n<meta property=\"og:title\" content=\"Teak Olie met Teak kleur van Borma Wachs\" \/>\n<meta property=\"og:description\" content=\"Teak Olie met Teak kleur van Borma Wachs is gebruiksklaar en voor zowel binnen als buiten. De Teak kleur versterkt de kleur van je binnen- of buitenmeubel.\" \/>\n<meta property=\"og:url\" content=\"https:\/\/partsandpieces.nl\/de\/produkt\/bormawachs-teakol-teakpigmentfarbe-172\/\" \/>\n<meta property=\"og:site_name\" content=\"Parts &amp; Pieces\" \/>\n<meta property=\"article:modified_time\" content=\"2026-04-02T07:39:27+00:00\" \/>\n<meta property=\"og:image\" content=\"https:\/\/partsandpieces.nl\/wp-content\/uploads\/2020\/09\/0360XX.jpg\" \/>\n\t<meta property=\"og:image:width\" content=\"800\" \/>\n\t<meta property=\"og:image:height\" content=\"800\" \/>\n\t<meta property=\"og:image:type\" content=\"image\/jpeg\" \/>\n<meta name=\"twitter:card\" content=\"summary_large_image\" \/>\n<meta name=\"twitter:label1\" content=\"Gesch\u00e4tzte Lesezeit\" \/>\n\t<meta name=\"twitter:data1\" content=\"1\u00a0Minute\" \/>\n<script type=\"application\/ld+json\" class=\"yoast-schema-graph\">{\"@context\":\"https:\\\/\\\/schema.org\",\"@graph\":[{\"@type\":\"WebPage\",\"@id\":\"https:\\\/\\\/partsandpieces.nl\\\/product\\\/borma-wachs-teak-olie-teak-pigment-kleur-172\\\/\",\"url\":\"https:\\\/\\\/partsandpieces.nl\\\/product\\\/borma-wachs-teak-olie-teak-pigment-kleur-172\\\/\",\"name\":\"Teak Olie met Teak kleur van Borma Wachs\",\"isPartOf\":{\"@id\":\"https:\\\/\\\/partsandpieces.nl\\\/#website\"},\"primaryImageOfPage\":{\"@id\":\"https:\\\/\\\/partsandpieces.nl\\\/product\\\/borma-wachs-teak-olie-teak-pigment-kleur-172\\\/#primaryimage\"},\"image\":{\"@id\":\"https:\\\/\\\/partsandpieces.nl\\\/product\\\/borma-wachs-teak-olie-teak-pigment-kleur-172\\\/#primaryimage\"},\"thumbnailUrl\":\"https:\\\/\\\/partsandpieces.nl\\\/wp-content\\\/uploads\\\/2020\\\/09\\\/0360XX.jpg\",\"datePublished\":\"2022-05-25T09:26:24+00:00\",\"dateModified\":\"2026-04-02T07:39:27+00:00\",\"description\":\"Teak Olie met Teak kleur van Borma Wachs is gebruiksklaar en voor zowel binnen als buiten. De Teak kleur versterkt de kleur van je binnen- of buitenmeubel.\",\"breadcrumb\":{\"@id\":\"https:\\\/\\\/partsandpieces.nl\\\/product\\\/borma-wachs-teak-olie-teak-pigment-kleur-172\\\/#breadcrumb\"},\"inLanguage\":\"de\",\"potentialAction\":[{\"@type\":\"ReadAction\",\"target\":[\"https:\\\/\\\/partsandpieces.nl\\\/product\\\/borma-wachs-teak-olie-teak-pigment-kleur-172\\\/\"]}]},{\"@type\":\"ImageObject\",\"inLanguage\":\"de\",\"@id\":\"https:\\\/\\\/partsandpieces.nl\\\/product\\\/borma-wachs-teak-olie-teak-pigment-kleur-172\\\/#primaryimage\",\"url\":\"https:\\\/\\\/partsandpieces.nl\\\/wp-content\\\/uploads\\\/2020\\\/09\\\/0360XX.jpg\",\"contentUrl\":\"https:\\\/\\\/partsandpieces.nl\\\/wp-content\\\/uploads\\\/2020\\\/09\\\/0360XX.jpg\",\"width\":800,\"height\":800,\"caption\":\"Borma Wachs Teak Olie\"},{\"@type\":\"BreadcrumbList\",\"@id\":\"https:\\\/\\\/partsandpieces.nl\\\/product\\\/borma-wachs-teak-olie-teak-pigment-kleur-172\\\/#breadcrumb\",\"itemListElement\":[{\"@type\":\"ListItem\",\"position\":1,\"name\":\"Home\",\"item\":\"https:\\\/\\\/partsandpieces.nl\\\/home\\\/\"},{\"@type\":\"ListItem\",\"position\":2,\"name\":\"Winkel\",\"item\":\"https:\\\/\\\/partsandpieces.nl\\\/winkel\\\/\"},{\"@type\":\"ListItem\",\"position\":3,\"name\":\"Borma Wachs Teak Olie Teak Pigment (kleur 172)\"}]},{\"@type\":\"WebSite\",\"@id\":\"https:\\\/\\\/partsandpieces.nl\\\/#website\",\"url\":\"https:\\\/\\\/partsandpieces.nl\\\/\",\"name\":\"Parts &amp; Pieces\",\"description\":\"Alles voor uw meubelrestauratie en -onderhoud!\",\"potentialAction\":[{\"@type\":\"SearchAction\",\"target\":{\"@type\":\"EntryPoint\",\"urlTemplate\":\"https:\\\/\\\/partsandpieces.nl\\\/?s={search_term_string}\"},\"query-input\":{\"@type\":\"PropertyValueSpecification\",\"valueRequired\":true,\"valueName\":\"search_term_string\"}}],\"inLanguage\":\"de\"}]}<\/script>\n<!-- \/ Yoast SEO plugin. -->","yoast_head_json":{"title":"Teak\u00f6l mit Teakfarbe von Borma Wachs","description":"Teak\u00f6l mit Teakfarbe von Borma Wachs ist gebrauchsfertig und sowohl f\u00fcr den Innen- als auch f\u00fcr den Au\u00dfenbereich geeignet. Die Farbe Teak wertet die Farbe Ihrer Innen- oder Au\u00dfenm\u00f6bel auf.","robots":{"index":"index","follow":"follow","max-snippet":"max-snippet:-1","max-image-preview":"max-image-preview:large","max-video-preview":"max-video-preview:-1"},"canonical":"https:\/\/partsandpieces.nl\/de\/produkt\/bormawachs-teakol-teakpigmentfarbe-172\/","og_locale":"de_DE","og_type":"article","og_title":"Teak Olie met Teak kleur van Borma Wachs","og_description":"Teak Olie met Teak kleur van Borma Wachs is gebruiksklaar en voor zowel binnen als buiten. De Teak kleur versterkt de kleur van je binnen- of buitenmeubel.","og_url":"https:\/\/partsandpieces.nl\/de\/produkt\/bormawachs-teakol-teakpigmentfarbe-172\/","og_site_name":"Parts &amp; Pieces","article_modified_time":"2026-04-02T07:39:27+00:00","og_image":[{"width":800,"height":800,"url":"https:\/\/partsandpieces.nl\/wp-content\/uploads\/2020\/09\/0360XX.jpg","type":"image\/jpeg"}],"twitter_card":"summary_large_image","twitter_misc":{"Gesch\u00e4tzte Lesezeit":"1\u00a0Minute"},"schema":{"@context":"https:\/\/schema.org","@graph":[{"@type":"WebPage","@id":"https:\/\/partsandpieces.nl\/product\/borma-wachs-teak-olie-teak-pigment-kleur-172\/","url":"https:\/\/partsandpieces.nl\/product\/borma-wachs-teak-olie-teak-pigment-kleur-172\/","name":"Teak\u00f6l mit Teakfarbe von Borma Wachs","isPartOf":{"@id":"https:\/\/partsandpieces.nl\/#website"},"primaryImageOfPage":{"@id":"https:\/\/partsandpieces.nl\/product\/borma-wachs-teak-olie-teak-pigment-kleur-172\/#primaryimage"},"image":{"@id":"https:\/\/partsandpieces.nl\/product\/borma-wachs-teak-olie-teak-pigment-kleur-172\/#primaryimage"},"thumbnailUrl":"https:\/\/partsandpieces.nl\/wp-content\/uploads\/2020\/09\/0360XX.jpg","datePublished":"2022-05-25T09:26:24+00:00","dateModified":"2026-04-02T07:39:27+00:00","description":"Teak\u00f6l mit Teakfarbe von Borma Wachs ist gebrauchsfertig und sowohl f\u00fcr den Innen- als auch f\u00fcr den Au\u00dfenbereich geeignet. Die Farbe Teak wertet die Farbe Ihrer Innen- oder Au\u00dfenm\u00f6bel auf.","breadcrumb":{"@id":"https:\/\/partsandpieces.nl\/product\/borma-wachs-teak-olie-teak-pigment-kleur-172\/#breadcrumb"},"inLanguage":"de","potentialAction":[{"@type":"ReadAction","target":["https:\/\/partsandpieces.nl\/product\/borma-wachs-teak-olie-teak-pigment-kleur-172\/"]}]},{"@type":"ImageObject","inLanguage":"de","@id":"https:\/\/partsandpieces.nl\/product\/borma-wachs-teak-olie-teak-pigment-kleur-172\/#primaryimage","url":"https:\/\/partsandpieces.nl\/wp-content\/uploads\/2020\/09\/0360XX.jpg","contentUrl":"https:\/\/partsandpieces.nl\/wp-content\/uploads\/2020\/09\/0360XX.jpg","width":800,"height":800,"caption":"Borma Wachs Teak Olie"},{"@type":"BreadcrumbList","@id":"https:\/\/partsandpieces.nl\/product\/borma-wachs-teak-olie-teak-pigment-kleur-172\/#breadcrumb","itemListElement":[{"@type":"ListItem","position":1,"name":"Home","item":"https:\/\/partsandpieces.nl\/home\/"},{"@type":"ListItem","position":2,"name":"Winkel","item":"https:\/\/partsandpieces.nl\/winkel\/"},{"@type":"ListItem","position":3,"name":"Borma Wachs Teak Olie Teak Pigment (kleur 172)"}]},{"@type":"WebSite","@id":"https:\/\/partsandpieces.nl\/#website","url":"https:\/\/partsandpieces.nl\/","name":"Teile &amp; St\u00fccke","description":"Alles f\u00fcr Ihre M\u00f6belrestaurierung und -pflege!","potentialAction":[{"@type":"SearchAction","target":{"@type":"EntryPoint","urlTemplate":"https:\/\/partsandpieces.nl\/?s={search_term_string}"},"query-input":{"@type":"PropertyValueSpecification","valueRequired":true,"valueName":"search_term_string"}}],"inLanguage":"de"}]}},"_links":{"self":[{"href":"https:\/\/partsandpieces.nl\/de\/wp-json\/wp\/v2\/product\/2808","targetHints":{"allow":["GET"]}}],"collection":[{"href":"https:\/\/partsandpieces.nl\/de\/wp-json\/wp\/v2\/product"}],"about":[{"href":"https:\/\/partsandpieces.nl\/de\/wp-json\/wp\/v2\/types\/product"}],"wp:featuredmedia":[{"embeddable":true,"href":"https:\/\/partsandpieces.nl\/de\/wp-json\/wp\/v2\/media\/4289"}],"wp:attachment":[{"href":"https:\/\/partsandpieces.nl\/de\/wp-json\/wp\/v2\/media?parent=2808"}],"wp:term":[{"taxonomy":"product_brand","embeddable":true,"href":"https:\/\/partsandpieces.nl\/de\/wp-json\/wp\/v2\/product_brand?post=2808"},{"taxonomy":"product_cat","embeddable":true,"href":"https:\/\/partsandpieces.nl\/de\/wp-json\/wp\/v2\/product_cat?post=2808"},{"taxonomy":"product_tag","embeddable":true,"href":"https:\/\/partsandpieces.nl\/de\/wp-json\/wp\/v2\/product_tag?post=2808"}],"curies":[{"name":"wp","href":"https:\/\/api.w.org\/{rel}","templated":true}]}}