{"id":2817,"date":"2022-05-25T14:46:03","date_gmt":"2022-05-25T14:46:03","guid":{"rendered":"https:\/\/partsandpieces.bonsaidev.nl\/?product=borma-wachs-parket-olie-zijdeglans-30-gu-kleurloos-5-liter"},"modified":"2026-02-23T09:59:11","modified_gmt":"2026-02-23T08:59:11","slug":"bormawachs-parkettol-seidenmatt-30-gu-farblos-5-liter","status":"publish","type":"product","link":"https:\/\/partsandpieces.nl\/de\/product\/borma-wachs-parket-olie-zijdemat-30-gu-kleurloos-5-liter\/","title":{"rendered":"Borma Wachs Parkett\u00f6l Seidenmatt (30 GU) Farblos"},"content":{"rendered":"<p><strong>Parkett\u00f6l Seidenmatt Farblos<\/strong>\u00a0von\u00a0<a href=\"http:\/\/www.bormawachs.com\/\">Borma Wachs<\/a>\u00a0ist eine Mischung aus wertvollen Pflanzen\u00f6len, verst\u00e4rkt mit hochwertigen Harzen, zur Veredelung von unbehandelten Holzoberfl\u00e4chen im Innenbereich.<br \/>\nEs bietet eine hervorragende Best\u00e4ndigkeit gegen Flecken und Abrieb, erfordert keine speziellen Grundierungen und wird gebrauchsfertig geliefert.<br \/>\nTraditionelle schnell trocknende Formel mit niedriger Viskosit\u00e4t.<br \/>\nSie k\u00f6nnen das Produkt mit Pinsel, Rolle, Tuch oder Spray auftragen.<\/p>\n<p>Sorgen Sie immer f\u00fcr eine gute Bel\u00fcftung der behandelten Bereiche, um den korrekten Trocknungsprozess des \u00d6ls zu erm\u00f6glichen.<br \/>\nGesch\u00e4tzter Ertrag: 12-24 m\u00b2\/Liter.<\/p>\n<p><strong>Seidenmattes, nat\u00fcrliches \u00d6l zum Grundieren und Veredeln von Holzoberfl\u00e4chen im Innenbereich. <\/strong>Sowohl f\u00fcr Ihren Boden als auch f\u00fcr Ihr M\u00f6belst\u00fcck geeignet.<\/p>\n<p>Ich habe Borma Wachs Parkett\u00f6l auf Lager\u00a0<a href=\"https:\/\/partsandpieces.nl\/de\/produktkategorie-2\/oberflachenbehandlung-2\/parkettol\/\">ultramatt (5 GU), seidenmatt (30 GU), seidengl\u00e4nzend (60 GU) und hochgl\u00e4nzend (90 GU<\/a>).<\/p>\n<p><b>Anweisungen<br \/>\n\u2013\u00a0<\/b>Oberfl\u00e4che schleifen, reinigen und entfetten.<br \/>\n\u2013 Parkett\u00f6l seidenmatt farblos gleichm\u00e4\u00dfig mit einem Pinsel oder einem weichen Tuch auftragen.<br \/>\n\u2013 6-8 Stunden trocknen lassen und dann schleifen.<br \/>\n\u2013 Tragen Sie eine zweite Schicht auf.<br \/>\n\u2013 Gesamttrocknungszeit: 12 Stunden.<\/p>","protected":false},"excerpt":{"rendered":"<p>Parket olie Zijdemat Kleurloos\u00a0van\u00a0Borma Wachs\u00a0is een mengsel van waardevolle plantaardige oli\u00ebn, versterkt met hoogwaardige harsen, voor de afwerking van onbehandelde houten binnenoppervlakken. Het biedt een uitstekende weerstand tegen vlekken en slijtage, heeft geen specifieke grondlagen nodig en wordt gebruiksklaar geleverd. Traditionele sneldrogende formule met lage viscositeit. Het product kun je aanbrengen met een kwast, roller, [&hellip;]<\/p>\n","protected":false},"featured_media":2107,"template":"","meta":{"_acf_changed":false},"product_brand":[],"product_cat":[74,64,76],"product_tag":[],"class_list":{"0":"post-2817","1":"product","2":"type-product","3":"status-publish","4":"has-post-thumbnail","6":"product_cat-meubelolie","7":"product_cat-oppervlakte-behandeling-borma-wachs","8":"product_cat-parketolie","10":"first","11":"instock","12":"taxable","13":"shipping-taxable","14":"purchasable","15":"product-type-variable"},"acf":[],"yoast_head":"<!-- This site is optimized with the Yoast SEO plugin v27.3 - https:\/\/yoast.com\/product\/yoast-seo-wordpress\/ -->\n<title>Parket olie Zijdemat Kleurloos van Borma Wachs<\/title>\n<meta name=\"description\" content=\"Parket olie Zijdemat Kleurloos van Borma Wachs voor grondering en eindbehandeling van houtoppervlaktes binnenshuis. Voor zowel je vloer als je meubelstuk.\" \/>\n<meta name=\"robots\" content=\"index, follow, max-snippet:-1, max-image-preview:large, max-video-preview:-1\" \/>\n<link rel=\"canonical\" href=\"https:\/\/partsandpieces.nl\/de\/produkt\/bormawachs-parkettol-seidenmatt-30-gu-farblos-5-liter\/\" \/>\n<meta property=\"og:locale\" content=\"de_DE\" \/>\n<meta property=\"og:type\" content=\"article\" \/>\n<meta property=\"og:title\" content=\"Parket olie Zijdemat Kleurloos van Borma Wachs\" \/>\n<meta property=\"og:description\" content=\"Parket olie Zijdemat Kleurloos van Borma Wachs voor grondering en eindbehandeling van houtoppervlaktes binnenshuis. Voor zowel je vloer als je meubelstuk.\" \/>\n<meta property=\"og:url\" content=\"https:\/\/partsandpieces.nl\/de\/produkt\/bormawachs-parkettol-seidenmatt-30-gu-farblos-5-liter\/\" \/>\n<meta property=\"og:site_name\" content=\"Parts &amp; Pieces\" \/>\n<meta property=\"article:modified_time\" content=\"2026-02-23T08:59:11+00:00\" \/>\n<meta property=\"og:image\" content=\"https:\/\/partsandpieces.nl\/wp-content\/uploads\/2022\/09\/4951XX.jpg\" \/>\n\t<meta property=\"og:image:width\" content=\"600\" \/>\n\t<meta property=\"og:image:height\" content=\"600\" \/>\n\t<meta property=\"og:image:type\" content=\"image\/jpeg\" \/>\n<meta name=\"twitter:card\" content=\"summary_large_image\" \/>\n<meta name=\"twitter:label1\" content=\"Gesch\u00e4tzte Lesezeit\" \/>\n\t<meta name=\"twitter:data1\" content=\"1\u00a0Minute\" \/>\n<script type=\"application\/ld+json\" class=\"yoast-schema-graph\">{\"@context\":\"https:\\\/\\\/schema.org\",\"@graph\":[{\"@type\":\"WebPage\",\"@id\":\"https:\\\/\\\/partsandpieces.nl\\\/product\\\/borma-wachs-parket-olie-zijdemat-30-gu-kleurloos-5-liter\\\/\",\"url\":\"https:\\\/\\\/partsandpieces.nl\\\/product\\\/borma-wachs-parket-olie-zijdemat-30-gu-kleurloos-5-liter\\\/\",\"name\":\"Parket olie Zijdemat Kleurloos van Borma Wachs\",\"isPartOf\":{\"@id\":\"https:\\\/\\\/partsandpieces.nl\\\/#website\"},\"primaryImageOfPage\":{\"@id\":\"https:\\\/\\\/partsandpieces.nl\\\/product\\\/borma-wachs-parket-olie-zijdemat-30-gu-kleurloos-5-liter\\\/#primaryimage\"},\"image\":{\"@id\":\"https:\\\/\\\/partsandpieces.nl\\\/product\\\/borma-wachs-parket-olie-zijdemat-30-gu-kleurloos-5-liter\\\/#primaryimage\"},\"thumbnailUrl\":\"https:\\\/\\\/partsandpieces.nl\\\/wp-content\\\/uploads\\\/2022\\\/09\\\/4951XX.jpg\",\"datePublished\":\"2022-05-25T14:46:03+00:00\",\"dateModified\":\"2026-02-23T08:59:11+00:00\",\"description\":\"Parket olie Zijdemat Kleurloos van Borma Wachs voor grondering en eindbehandeling van houtoppervlaktes binnenshuis. Voor zowel je vloer als je meubelstuk.\",\"breadcrumb\":{\"@id\":\"https:\\\/\\\/partsandpieces.nl\\\/product\\\/borma-wachs-parket-olie-zijdemat-30-gu-kleurloos-5-liter\\\/#breadcrumb\"},\"inLanguage\":\"de\",\"potentialAction\":[{\"@type\":\"ReadAction\",\"target\":[\"https:\\\/\\\/partsandpieces.nl\\\/product\\\/borma-wachs-parket-olie-zijdemat-30-gu-kleurloos-5-liter\\\/\"]}]},{\"@type\":\"ImageObject\",\"inLanguage\":\"de\",\"@id\":\"https:\\\/\\\/partsandpieces.nl\\\/product\\\/borma-wachs-parket-olie-zijdemat-30-gu-kleurloos-5-liter\\\/#primaryimage\",\"url\":\"https:\\\/\\\/partsandpieces.nl\\\/wp-content\\\/uploads\\\/2022\\\/09\\\/4951XX.jpg\",\"contentUrl\":\"https:\\\/\\\/partsandpieces.nl\\\/wp-content\\\/uploads\\\/2022\\\/09\\\/4951XX.jpg\",\"width\":600,\"height\":600},{\"@type\":\"BreadcrumbList\",\"@id\":\"https:\\\/\\\/partsandpieces.nl\\\/product\\\/borma-wachs-parket-olie-zijdemat-30-gu-kleurloos-5-liter\\\/#breadcrumb\",\"itemListElement\":[{\"@type\":\"ListItem\",\"position\":1,\"name\":\"Home\",\"item\":\"https:\\\/\\\/partsandpieces.nl\\\/home\\\/\"},{\"@type\":\"ListItem\",\"position\":2,\"name\":\"Winkel\",\"item\":\"https:\\\/\\\/partsandpieces.nl\\\/winkel\\\/\"},{\"@type\":\"ListItem\",\"position\":3,\"name\":\"Borma Wachs Parket olie Zijdemat (30 GU) Kleurloos\"}]},{\"@type\":\"WebSite\",\"@id\":\"https:\\\/\\\/partsandpieces.nl\\\/#website\",\"url\":\"https:\\\/\\\/partsandpieces.nl\\\/\",\"name\":\"Parts &amp; Pieces\",\"description\":\"Alles voor uw meubelrestauratie en -onderhoud!\",\"potentialAction\":[{\"@type\":\"SearchAction\",\"target\":{\"@type\":\"EntryPoint\",\"urlTemplate\":\"https:\\\/\\\/partsandpieces.nl\\\/?s={search_term_string}\"},\"query-input\":{\"@type\":\"PropertyValueSpecification\",\"valueRequired\":true,\"valueName\":\"search_term_string\"}}],\"inLanguage\":\"de\"}]}<\/script>\n<!-- \/ Yoast SEO plugin. -->","yoast_head_json":{"title":"Parkett\u00f6l Seidenmatt Farblos von Borma Wachs","description":"Parkett\u00f6l Seidenmatt Farblos von Borma Wachs zur Grundierung und Endbehandlung von Holzoberfl\u00e4chen im Innenbereich. Sowohl f\u00fcr Ihren Boden als auch f\u00fcr Ihr M\u00f6belst\u00fcck.","robots":{"index":"index","follow":"follow","max-snippet":"max-snippet:-1","max-image-preview":"max-image-preview:large","max-video-preview":"max-video-preview:-1"},"canonical":"https:\/\/partsandpieces.nl\/de\/produkt\/bormawachs-parkettol-seidenmatt-30-gu-farblos-5-liter\/","og_locale":"de_DE","og_type":"article","og_title":"Parket olie Zijdemat Kleurloos van Borma Wachs","og_description":"Parket olie Zijdemat Kleurloos van Borma Wachs voor grondering en eindbehandeling van houtoppervlaktes binnenshuis. Voor zowel je vloer als je meubelstuk.","og_url":"https:\/\/partsandpieces.nl\/de\/produkt\/bormawachs-parkettol-seidenmatt-30-gu-farblos-5-liter\/","og_site_name":"Parts &amp; Pieces","article_modified_time":"2026-02-23T08:59:11+00:00","og_image":[{"width":600,"height":600,"url":"https:\/\/partsandpieces.nl\/wp-content\/uploads\/2022\/09\/4951XX.jpg","type":"image\/jpeg"}],"twitter_card":"summary_large_image","twitter_misc":{"Gesch\u00e4tzte Lesezeit":"1\u00a0Minute"},"schema":{"@context":"https:\/\/schema.org","@graph":[{"@type":"WebPage","@id":"https:\/\/partsandpieces.nl\/product\/borma-wachs-parket-olie-zijdemat-30-gu-kleurloos-5-liter\/","url":"https:\/\/partsandpieces.nl\/product\/borma-wachs-parket-olie-zijdemat-30-gu-kleurloos-5-liter\/","name":"Parkett\u00f6l Seidenmatt Farblos von Borma Wachs","isPartOf":{"@id":"https:\/\/partsandpieces.nl\/#website"},"primaryImageOfPage":{"@id":"https:\/\/partsandpieces.nl\/product\/borma-wachs-parket-olie-zijdemat-30-gu-kleurloos-5-liter\/#primaryimage"},"image":{"@id":"https:\/\/partsandpieces.nl\/product\/borma-wachs-parket-olie-zijdemat-30-gu-kleurloos-5-liter\/#primaryimage"},"thumbnailUrl":"https:\/\/partsandpieces.nl\/wp-content\/uploads\/2022\/09\/4951XX.jpg","datePublished":"2022-05-25T14:46:03+00:00","dateModified":"2026-02-23T08:59:11+00:00","description":"Parkett\u00f6l Seidenmatt Farblos von Borma Wachs zur Grundierung und Endbehandlung von Holzoberfl\u00e4chen im Innenbereich. Sowohl f\u00fcr Ihren Boden als auch f\u00fcr Ihr M\u00f6belst\u00fcck.","breadcrumb":{"@id":"https:\/\/partsandpieces.nl\/product\/borma-wachs-parket-olie-zijdemat-30-gu-kleurloos-5-liter\/#breadcrumb"},"inLanguage":"de","potentialAction":[{"@type":"ReadAction","target":["https:\/\/partsandpieces.nl\/product\/borma-wachs-parket-olie-zijdemat-30-gu-kleurloos-5-liter\/"]}]},{"@type":"ImageObject","inLanguage":"de","@id":"https:\/\/partsandpieces.nl\/product\/borma-wachs-parket-olie-zijdemat-30-gu-kleurloos-5-liter\/#primaryimage","url":"https:\/\/partsandpieces.nl\/wp-content\/uploads\/2022\/09\/4951XX.jpg","contentUrl":"https:\/\/partsandpieces.nl\/wp-content\/uploads\/2022\/09\/4951XX.jpg","width":600,"height":600},{"@type":"BreadcrumbList","@id":"https:\/\/partsandpieces.nl\/product\/borma-wachs-parket-olie-zijdemat-30-gu-kleurloos-5-liter\/#breadcrumb","itemListElement":[{"@type":"ListItem","position":1,"name":"Home","item":"https:\/\/partsandpieces.nl\/home\/"},{"@type":"ListItem","position":2,"name":"Winkel","item":"https:\/\/partsandpieces.nl\/winkel\/"},{"@type":"ListItem","position":3,"name":"Borma Wachs Parket olie Zijdemat (30 GU) Kleurloos"}]},{"@type":"WebSite","@id":"https:\/\/partsandpieces.nl\/#website","url":"https:\/\/partsandpieces.nl\/","name":"Teile &amp; St\u00fccke","description":"Alles f\u00fcr Ihre M\u00f6belrestaurierung und -pflege!","potentialAction":[{"@type":"SearchAction","target":{"@type":"EntryPoint","urlTemplate":"https:\/\/partsandpieces.nl\/?s={search_term_string}"},"query-input":{"@type":"PropertyValueSpecification","valueRequired":true,"valueName":"search_term_string"}}],"inLanguage":"de"}]}},"_links":{"self":[{"href":"https:\/\/partsandpieces.nl\/de\/wp-json\/wp\/v2\/product\/2817","targetHints":{"allow":["GET"]}}],"collection":[{"href":"https:\/\/partsandpieces.nl\/de\/wp-json\/wp\/v2\/product"}],"about":[{"href":"https:\/\/partsandpieces.nl\/de\/wp-json\/wp\/v2\/types\/product"}],"wp:featuredmedia":[{"embeddable":true,"href":"https:\/\/partsandpieces.nl\/de\/wp-json\/wp\/v2\/media\/2107"}],"wp:attachment":[{"href":"https:\/\/partsandpieces.nl\/de\/wp-json\/wp\/v2\/media?parent=2817"}],"wp:term":[{"taxonomy":"product_brand","embeddable":true,"href":"https:\/\/partsandpieces.nl\/de\/wp-json\/wp\/v2\/product_brand?post=2817"},{"taxonomy":"product_cat","embeddable":true,"href":"https:\/\/partsandpieces.nl\/de\/wp-json\/wp\/v2\/product_cat?post=2817"},{"taxonomy":"product_tag","embeddable":true,"href":"https:\/\/partsandpieces.nl\/de\/wp-json\/wp\/v2\/product_tag?post=2817"}],"curies":[{"name":"wp","href":"https:\/\/api.w.org\/{rel}","templated":true}]}}