{"id":282,"date":"2020-07-13T08:54:11","date_gmt":"2020-07-13T08:54:11","guid":{"rendered":"https:\/\/partsandpieces.bonsaidev.nl\/?product=greep-zam-mat-chr-107x796"},"modified":"2024-11-26T12:07:01","modified_gmt":"2024-11-26T11:07:01","slug":"griff-antiksilber-dekor-555-107mm","status":"publish","type":"product","link":"https:\/\/partsandpieces.nl\/de\/product\/greep-antiek-zilver-decor-555-107mm\/","title":{"rendered":"Griff Antiksilber Dekor 555 107mm"},"content":{"rendered":"<p><strong>Griff Antiksilber Dekor 555 107mm<\/strong> ist ein Schubladengriff aus der Serie 555 der Decor-Linie von Giusti. Der Schubladengriff ist an den Enden quadratisch und in der Mitte rund. Die Oberfl\u00e4che ist silberfarben mit einer antiken Patina. Das Erscheinungsbild des Griffs ist matt. Dieser Griff passt gut auf Ihre M\u00f6bel oder Ihren K\u00fcchenschrank.<\/p>\n<p>Dieser hochwertige Knopf wird in Italien hergestellt.<\/p>\n<p><strong>Ma\u00dfe<br \/>\n<\/strong>Der Griff Antiksilber Dekor 555 107mm ist 107mm lang und 11mm breit. Nach der Installation steht dieser Griff 30 mm hervor. Die Bohrl\u00f6cher haben einen Abstand von 96 mm.<\/p>\n<p><strong>Bearbeiten<br \/>\n<\/strong>Sie k\u00f6nnen den Griff mit blind montieren <span style=\"text-decoration: underline;\"><a href=\"https:\/\/partsandpieces.nl\/de\/produkt\/schraube-edelstahl-zur-blindmontage-von-mobelbeschlagen-45x4mm-20-stuck\/\">Edelstahlschraube zur Blindbefestigung von M\u00f6belbeschl\u00e4gen (45x4mm)<\/a><\/span>. Ich schicke diese Schrauben <strong>FREI<\/strong> mit Ihrer Bestellung.<\/p>\n<p>* Zamak ist eine Legierung mit Zink als Hauptbestandteil. Es hat einen relativ niedrigen Schmelzpunkt und ist leicht zu gie\u00dfen. Der Name ist ein Akronym, abgeleitet von den Anfangsbuchstaben der deutschen Bezeichnungen f\u00fcr die Metalle, aus denen sich der Werkstoff zusammensetzt: Zink, Aluminium, MAGnesium, Kupfer. Zamak wird in der Auto- und M\u00f6belindustrie f\u00fcr T\u00fcrgriffe, Griffe, Logos und Zierleisten verwendet. Es wird auch h\u00e4ufig als Ersatz f\u00fcr das giftige Blei verwendet.<\/p>","protected":false},"excerpt":{"rendered":"<p>Greep Antiek zilver Decor 555 107mm is een ladetrekker uit de serie 555 van de Decor lijn van Giusti. De ladegreep is aan de uiteinden vierkant van vorm en in het midden rond. De afwerking is zilverkleurig met een antieke patina. De uitstraling van de greep is mat. Deze greep past goed op je meubel [&hellip;]<\/p>\n","protected":false},"featured_media":6105,"template":"","meta":{"_acf_changed":false},"product_brand":[],"product_cat":[29,41,23],"product_tag":[],"class_list":{"0":"post-282","1":"product","2":"type-product","3":"status-publish","4":"has-post-thumbnail","6":"product_cat-deurtrekkers","7":"product_cat-ladetrekkers","8":"product_cat-meubelbeslag","10":"first","11":"instock","12":"taxable","13":"shipping-taxable","14":"purchasable","15":"product-type-simple"},"acf":[],"yoast_head":"<!-- This site is optimized with the Yoast SEO plugin v27.3 - https:\/\/yoast.com\/product\/yoast-seo-wordpress\/ -->\n<title>Greep Antiek 555 107mm<\/title>\n<meta name=\"description\" content=\"Greep Antiek zilver Decor 555 107mm is een ladetrekker uit de Decor lijn van Giusti. De ladegreep is aan de uiteinden vierkant en in het midden rond.\" \/>\n<meta name=\"robots\" content=\"index, follow, max-snippet:-1, max-image-preview:large, max-video-preview:-1\" \/>\n<link rel=\"canonical\" href=\"https:\/\/partsandpieces.nl\/de\/produkt\/griff-antiksilber-dekor-555-107mm\/\" \/>\n<meta property=\"og:locale\" content=\"de_DE\" \/>\n<meta property=\"og:type\" content=\"article\" \/>\n<meta property=\"og:title\" content=\"Greep Antiek 555 107mm\" \/>\n<meta property=\"og:description\" content=\"Greep Antiek zilver Decor 555 107mm is een ladetrekker uit de Decor lijn van Giusti. De ladegreep is aan de uiteinden vierkant en in het midden rond.\" \/>\n<meta property=\"og:url\" content=\"https:\/\/partsandpieces.nl\/de\/produkt\/griff-antiksilber-dekor-555-107mm\/\" \/>\n<meta property=\"og:site_name\" content=\"Parts &amp; Pieces\" \/>\n<meta property=\"article:modified_time\" content=\"2024-11-26T11:07:01+00:00\" \/>\n<meta property=\"og:image\" content=\"https:\/\/partsandpieces.nl\/wp-content\/uploads\/2020\/07\/Greep-Antiek-zilver-Decor-555-107mm.jpg\" \/>\n\t<meta property=\"og:image:width\" content=\"480\" \/>\n\t<meta property=\"og:image:height\" content=\"481\" \/>\n\t<meta property=\"og:image:type\" content=\"image\/jpeg\" \/>\n<meta name=\"twitter:card\" content=\"summary_large_image\" \/>\n<meta name=\"twitter:label1\" content=\"Gesch\u00e4tzte Lesezeit\" \/>\n\t<meta name=\"twitter:data1\" content=\"1\u00a0Minute\" \/>\n<script type=\"application\/ld+json\" class=\"yoast-schema-graph\">{\"@context\":\"https:\\\/\\\/schema.org\",\"@graph\":[{\"@type\":\"WebPage\",\"@id\":\"https:\\\/\\\/partsandpieces.nl\\\/product\\\/greep-antiek-zilver-decor-555-107mm\\\/\",\"url\":\"https:\\\/\\\/partsandpieces.nl\\\/product\\\/greep-antiek-zilver-decor-555-107mm\\\/\",\"name\":\"Greep Antiek 555 107mm\",\"isPartOf\":{\"@id\":\"https:\\\/\\\/partsandpieces.nl\\\/#website\"},\"primaryImageOfPage\":{\"@id\":\"https:\\\/\\\/partsandpieces.nl\\\/product\\\/greep-antiek-zilver-decor-555-107mm\\\/#primaryimage\"},\"image\":{\"@id\":\"https:\\\/\\\/partsandpieces.nl\\\/product\\\/greep-antiek-zilver-decor-555-107mm\\\/#primaryimage\"},\"thumbnailUrl\":\"https:\\\/\\\/partsandpieces.nl\\\/wp-content\\\/uploads\\\/2020\\\/07\\\/Greep-Antiek-zilver-Decor-555-107mm.jpg\",\"datePublished\":\"2020-07-13T08:54:11+00:00\",\"dateModified\":\"2024-11-26T11:07:01+00:00\",\"description\":\"Greep Antiek zilver Decor 555 107mm is een ladetrekker uit de Decor lijn van Giusti. De ladegreep is aan de uiteinden vierkant en in het midden rond.\",\"breadcrumb\":{\"@id\":\"https:\\\/\\\/partsandpieces.nl\\\/product\\\/greep-antiek-zilver-decor-555-107mm\\\/#breadcrumb\"},\"inLanguage\":\"de\",\"potentialAction\":[{\"@type\":\"ReadAction\",\"target\":[\"https:\\\/\\\/partsandpieces.nl\\\/product\\\/greep-antiek-zilver-decor-555-107mm\\\/\"]}]},{\"@type\":\"ImageObject\",\"inLanguage\":\"de\",\"@id\":\"https:\\\/\\\/partsandpieces.nl\\\/product\\\/greep-antiek-zilver-decor-555-107mm\\\/#primaryimage\",\"url\":\"https:\\\/\\\/partsandpieces.nl\\\/wp-content\\\/uploads\\\/2020\\\/07\\\/Greep-Antiek-zilver-Decor-555-107mm.jpg\",\"contentUrl\":\"https:\\\/\\\/partsandpieces.nl\\\/wp-content\\\/uploads\\\/2020\\\/07\\\/Greep-Antiek-zilver-Decor-555-107mm.jpg\",\"width\":480,\"height\":481,\"caption\":\"Greep Antiek zilver Decor 555 107mm\"},{\"@type\":\"BreadcrumbList\",\"@id\":\"https:\\\/\\\/partsandpieces.nl\\\/product\\\/greep-antiek-zilver-decor-555-107mm\\\/#breadcrumb\",\"itemListElement\":[{\"@type\":\"ListItem\",\"position\":1,\"name\":\"Home\",\"item\":\"https:\\\/\\\/partsandpieces.nl\\\/home\\\/\"},{\"@type\":\"ListItem\",\"position\":2,\"name\":\"Winkel\",\"item\":\"https:\\\/\\\/partsandpieces.nl\\\/winkel\\\/\"},{\"@type\":\"ListItem\",\"position\":3,\"name\":\"Greep Antiek zilver Decor 555 107mm\"}]},{\"@type\":\"WebSite\",\"@id\":\"https:\\\/\\\/partsandpieces.nl\\\/#website\",\"url\":\"https:\\\/\\\/partsandpieces.nl\\\/\",\"name\":\"Parts &amp; Pieces\",\"description\":\"Alles voor uw meubelrestauratie en -onderhoud!\",\"potentialAction\":[{\"@type\":\"SearchAction\",\"target\":{\"@type\":\"EntryPoint\",\"urlTemplate\":\"https:\\\/\\\/partsandpieces.nl\\\/?s={search_term_string}\"},\"query-input\":{\"@type\":\"PropertyValueSpecification\",\"valueRequired\":true,\"valueName\":\"search_term_string\"}}],\"inLanguage\":\"de\"}]}<\/script>\n<!-- \/ Yoast SEO plugin. -->","yoast_head_json":{"title":"Griff Antik 555 107mm","description":"Der Griff Antiksilber Decor 555 107 mm ist ein Schubladengriff aus der Decor-Linie von Giusti. Der Schubladengriff ist an den Enden quadratisch und in der Mitte rund.","robots":{"index":"index","follow":"follow","max-snippet":"max-snippet:-1","max-image-preview":"max-image-preview:large","max-video-preview":"max-video-preview:-1"},"canonical":"https:\/\/partsandpieces.nl\/de\/produkt\/griff-antiksilber-dekor-555-107mm\/","og_locale":"de_DE","og_type":"article","og_title":"Greep Antiek 555 107mm","og_description":"Greep Antiek zilver Decor 555 107mm is een ladetrekker uit de Decor lijn van Giusti. De ladegreep is aan de uiteinden vierkant en in het midden rond.","og_url":"https:\/\/partsandpieces.nl\/de\/produkt\/griff-antiksilber-dekor-555-107mm\/","og_site_name":"Parts &amp; Pieces","article_modified_time":"2024-11-26T11:07:01+00:00","og_image":[{"width":480,"height":481,"url":"https:\/\/partsandpieces.nl\/wp-content\/uploads\/2020\/07\/Greep-Antiek-zilver-Decor-555-107mm.jpg","type":"image\/jpeg"}],"twitter_card":"summary_large_image","twitter_misc":{"Gesch\u00e4tzte Lesezeit":"1\u00a0Minute"},"schema":{"@context":"https:\/\/schema.org","@graph":[{"@type":"WebPage","@id":"https:\/\/partsandpieces.nl\/product\/greep-antiek-zilver-decor-555-107mm\/","url":"https:\/\/partsandpieces.nl\/product\/greep-antiek-zilver-decor-555-107mm\/","name":"Griff Antik 555 107mm","isPartOf":{"@id":"https:\/\/partsandpieces.nl\/#website"},"primaryImageOfPage":{"@id":"https:\/\/partsandpieces.nl\/product\/greep-antiek-zilver-decor-555-107mm\/#primaryimage"},"image":{"@id":"https:\/\/partsandpieces.nl\/product\/greep-antiek-zilver-decor-555-107mm\/#primaryimage"},"thumbnailUrl":"https:\/\/partsandpieces.nl\/wp-content\/uploads\/2020\/07\/Greep-Antiek-zilver-Decor-555-107mm.jpg","datePublished":"2020-07-13T08:54:11+00:00","dateModified":"2024-11-26T11:07:01+00:00","description":"Der Griff Antiksilber Decor 555 107 mm ist ein Schubladengriff aus der Decor-Linie von Giusti. Der Schubladengriff ist an den Enden quadratisch und in der Mitte rund.","breadcrumb":{"@id":"https:\/\/partsandpieces.nl\/product\/greep-antiek-zilver-decor-555-107mm\/#breadcrumb"},"inLanguage":"de","potentialAction":[{"@type":"ReadAction","target":["https:\/\/partsandpieces.nl\/product\/greep-antiek-zilver-decor-555-107mm\/"]}]},{"@type":"ImageObject","inLanguage":"de","@id":"https:\/\/partsandpieces.nl\/product\/greep-antiek-zilver-decor-555-107mm\/#primaryimage","url":"https:\/\/partsandpieces.nl\/wp-content\/uploads\/2020\/07\/Greep-Antiek-zilver-Decor-555-107mm.jpg","contentUrl":"https:\/\/partsandpieces.nl\/wp-content\/uploads\/2020\/07\/Greep-Antiek-zilver-Decor-555-107mm.jpg","width":480,"height":481,"caption":"Greep Antiek zilver Decor 555 107mm"},{"@type":"BreadcrumbList","@id":"https:\/\/partsandpieces.nl\/product\/greep-antiek-zilver-decor-555-107mm\/#breadcrumb","itemListElement":[{"@type":"ListItem","position":1,"name":"Home","item":"https:\/\/partsandpieces.nl\/home\/"},{"@type":"ListItem","position":2,"name":"Winkel","item":"https:\/\/partsandpieces.nl\/winkel\/"},{"@type":"ListItem","position":3,"name":"Greep Antiek zilver Decor 555 107mm"}]},{"@type":"WebSite","@id":"https:\/\/partsandpieces.nl\/#website","url":"https:\/\/partsandpieces.nl\/","name":"Teile &amp; St\u00fccke","description":"Alles f\u00fcr Ihre M\u00f6belrestaurierung und -pflege!","potentialAction":[{"@type":"SearchAction","target":{"@type":"EntryPoint","urlTemplate":"https:\/\/partsandpieces.nl\/?s={search_term_string}"},"query-input":{"@type":"PropertyValueSpecification","valueRequired":true,"valueName":"search_term_string"}}],"inLanguage":"de"}]}},"_links":{"self":[{"href":"https:\/\/partsandpieces.nl\/de\/wp-json\/wp\/v2\/product\/282","targetHints":{"allow":["GET"]}}],"collection":[{"href":"https:\/\/partsandpieces.nl\/de\/wp-json\/wp\/v2\/product"}],"about":[{"href":"https:\/\/partsandpieces.nl\/de\/wp-json\/wp\/v2\/types\/product"}],"wp:featuredmedia":[{"embeddable":true,"href":"https:\/\/partsandpieces.nl\/de\/wp-json\/wp\/v2\/media\/6105"}],"wp:attachment":[{"href":"https:\/\/partsandpieces.nl\/de\/wp-json\/wp\/v2\/media?parent=282"}],"wp:term":[{"taxonomy":"product_brand","embeddable":true,"href":"https:\/\/partsandpieces.nl\/de\/wp-json\/wp\/v2\/product_brand?post=282"},{"taxonomy":"product_cat","embeddable":true,"href":"https:\/\/partsandpieces.nl\/de\/wp-json\/wp\/v2\/product_cat?post=282"},{"taxonomy":"product_tag","embeddable":true,"href":"https:\/\/partsandpieces.nl\/de\/wp-json\/wp\/v2\/product_tag?post=282"}],"curies":[{"name":"wp","href":"https:\/\/api.w.org\/{rel}","templated":true}]}}