{"id":2822,"date":"2022-06-01T13:43:36","date_gmt":"2022-06-01T13:43:36","guid":{"rendered":"https:\/\/partsandpieces.bonsaidev.nl\/?product=borma-wachs-hardwax-kleurolie-mat-wit-1-liter"},"modified":"2026-02-24T09:11:30","modified_gmt":"2026-02-24T08:11:30","slug":"bormawachs-hartwachs-farbol-mattweis","status":"publish","type":"product","link":"https:\/\/partsandpieces.nl\/de\/product\/borma-wachs-hardwax-kleurolie-mat-wit\/","title":{"rendered":"Borma Wachs Hartwachs-Farb\u00f6l Mattwei\u00df"},"content":{"rendered":"<p><strong>Hartwachs-Farb\u00f6l Mattwei\u00df<\/strong> von <a href=\"http:\/\/www.bormawachs.com\">Borma Wachs<\/a> besteht aus Natur\u00f6l, verst\u00e4rkt mit hochwertigen Harzen, zur ein- oder zweischichtigen Veredelung von Holzb\u00f6den und M\u00f6beln.<br \/>\nGeeignet f\u00fcr weiche und harte Holzarten, insbesondere f\u00fcr saugf\u00e4hige und por\u00f6se Holzarten. Schnell trocknend. Durch den Zusatz spezieller Wachse k\u00f6nnen Oberfl\u00e4chen mit nat\u00fcrlicher Wirkung erzielt werden. Hohe Kratzfestigkeit, angenehm weiche Haptik. <strong>Ideal f\u00fcr die Verarbeitung, bei der eine intensive Farbgebung und geringe Vergilbung erw\u00fcnscht sind.<\/strong><\/p>\n<p>Anweisungen<br \/>\n\u2013 Vor der Verwendung des Hardwax-Farb\u00f6ls Mattwei\u00df gut umr\u00fchren, insbesondere wenn es pigmentiert ist. Verwenden Sie saubere Beh\u00e4lter und Werkzeuge<br \/>\n\u2013 Entsprechend der empfohlenen Verbrauchsmenge auftragen (16-20 m\u00b2\/Liter)<br \/>\n\u2013 F\u00fcr eine gleichm\u00e4\u00dfige Trocknung gleichm\u00e4\u00dfige und nicht zu dicke Schichten auftragen<br \/>\n\u2013 Nach ausreichender Aush\u00e4rtung mit Schleifpapier schleifen<br \/>\n\u2013 Vor dem Auftragen einer zweiten Schicht gut abstauben.<\/p>","protected":false},"excerpt":{"rendered":"<p>Hardwax kleurolie Mat Wit van Borma Wachs is gemaakt van natuurlijke olie, versterkt met hoogwaardige harsen, voor het afwerken van houten vloeren en meubels met \u00e9\u00e9n of twee lagen. Geschikt voor zachte en harde houtsoorten, vooral voor absorberende en poreuze houtsoorten. Snel drogend. Door toevoeging van speciale wassen kunnen oppervlakken met een natuurlijk effect worden [&hellip;]<\/p>\n","protected":false},"featured_media":4326,"template":"","meta":{"_acf_changed":false},"product_brand":[],"product_cat":[74,64,76],"product_tag":[],"class_list":{"0":"post-2822","1":"product","2":"type-product","3":"status-publish","4":"has-post-thumbnail","6":"product_cat-meubelolie","7":"product_cat-oppervlakte-behandeling-borma-wachs","8":"product_cat-parketolie","10":"first","11":"instock","12":"sale","13":"featured","14":"taxable","15":"shipping-taxable","16":"purchasable","17":"product-type-variable","18":"has-default-attributes"},"acf":[],"yoast_head":"<!-- This site is optimized with the Yoast SEO plugin v27.3 - https:\/\/yoast.com\/product\/yoast-seo-wordpress\/ -->\n<title>Hardwax kleurolie Mat Wit van Borma Wachs<\/title>\n<meta name=\"description\" content=\"Hardwax kleurolie Mat Wit van Borma Wachs voor het afwerken van houten vloeren en meubels. Ideaal als intensieve kleuring en weinig vergeling gewenst zijn.\" \/>\n<meta name=\"robots\" content=\"index, follow, max-snippet:-1, max-image-preview:large, max-video-preview:-1\" \/>\n<link rel=\"canonical\" href=\"https:\/\/partsandpieces.nl\/de\/produkt\/bormawachs-hartwachs-farbol-mattweis\/\" \/>\n<meta property=\"og:locale\" content=\"de_DE\" \/>\n<meta property=\"og:type\" content=\"article\" \/>\n<meta property=\"og:title\" content=\"Hardwax kleurolie Mat Wit van Borma Wachs\" \/>\n<meta property=\"og:description\" content=\"Hardwax kleurolie Mat Wit van Borma Wachs voor het afwerken van houten vloeren en meubels. Ideaal als intensieve kleuring en weinig vergeling gewenst zijn.\" \/>\n<meta property=\"og:url\" content=\"https:\/\/partsandpieces.nl\/de\/produkt\/bormawachs-hartwachs-farbol-mattweis\/\" \/>\n<meta property=\"og:site_name\" content=\"Parts &amp; Pieces\" \/>\n<meta property=\"article:modified_time\" content=\"2026-02-24T08:11:30+00:00\" \/>\n<meta property=\"og:image\" content=\"https:\/\/partsandpieces.nl\/wp-content\/uploads\/2022\/06\/4992.jpg\" \/>\n\t<meta property=\"og:image:width\" content=\"800\" \/>\n\t<meta property=\"og:image:height\" content=\"800\" \/>\n\t<meta property=\"og:image:type\" content=\"image\/jpeg\" \/>\n<meta name=\"twitter:card\" content=\"summary_large_image\" \/>\n<meta name=\"twitter:label1\" content=\"Gesch\u00e4tzte Lesezeit\" \/>\n\t<meta name=\"twitter:data1\" content=\"1\u00a0Minute\" \/>\n<script type=\"application\/ld+json\" class=\"yoast-schema-graph\">{\"@context\":\"https:\\\/\\\/schema.org\",\"@graph\":[{\"@type\":\"WebPage\",\"@id\":\"https:\\\/\\\/partsandpieces.nl\\\/product\\\/borma-wachs-hardwax-kleurolie-mat-wit\\\/\",\"url\":\"https:\\\/\\\/partsandpieces.nl\\\/product\\\/borma-wachs-hardwax-kleurolie-mat-wit\\\/\",\"name\":\"Hardwax kleurolie Mat Wit van Borma Wachs\",\"isPartOf\":{\"@id\":\"https:\\\/\\\/partsandpieces.nl\\\/#website\"},\"primaryImageOfPage\":{\"@id\":\"https:\\\/\\\/partsandpieces.nl\\\/product\\\/borma-wachs-hardwax-kleurolie-mat-wit\\\/#primaryimage\"},\"image\":{\"@id\":\"https:\\\/\\\/partsandpieces.nl\\\/product\\\/borma-wachs-hardwax-kleurolie-mat-wit\\\/#primaryimage\"},\"thumbnailUrl\":\"https:\\\/\\\/partsandpieces.nl\\\/wp-content\\\/uploads\\\/2022\\\/06\\\/4992.jpg\",\"datePublished\":\"2022-06-01T13:43:36+00:00\",\"dateModified\":\"2026-02-24T08:11:30+00:00\",\"description\":\"Hardwax kleurolie Mat Wit van Borma Wachs voor het afwerken van houten vloeren en meubels. Ideaal als intensieve kleuring en weinig vergeling gewenst zijn.\",\"breadcrumb\":{\"@id\":\"https:\\\/\\\/partsandpieces.nl\\\/product\\\/borma-wachs-hardwax-kleurolie-mat-wit\\\/#breadcrumb\"},\"inLanguage\":\"de\",\"potentialAction\":[{\"@type\":\"ReadAction\",\"target\":[\"https:\\\/\\\/partsandpieces.nl\\\/product\\\/borma-wachs-hardwax-kleurolie-mat-wit\\\/\"]}]},{\"@type\":\"ImageObject\",\"inLanguage\":\"de\",\"@id\":\"https:\\\/\\\/partsandpieces.nl\\\/product\\\/borma-wachs-hardwax-kleurolie-mat-wit\\\/#primaryimage\",\"url\":\"https:\\\/\\\/partsandpieces.nl\\\/wp-content\\\/uploads\\\/2022\\\/06\\\/4992.jpg\",\"contentUrl\":\"https:\\\/\\\/partsandpieces.nl\\\/wp-content\\\/uploads\\\/2022\\\/06\\\/4992.jpg\",\"width\":800,\"height\":800,\"caption\":\"Borma Wachs Hardwax Kleurolie Mat Wit\"},{\"@type\":\"BreadcrumbList\",\"@id\":\"https:\\\/\\\/partsandpieces.nl\\\/product\\\/borma-wachs-hardwax-kleurolie-mat-wit\\\/#breadcrumb\",\"itemListElement\":[{\"@type\":\"ListItem\",\"position\":1,\"name\":\"Home\",\"item\":\"https:\\\/\\\/partsandpieces.nl\\\/home\\\/\"},{\"@type\":\"ListItem\",\"position\":2,\"name\":\"Winkel\",\"item\":\"https:\\\/\\\/partsandpieces.nl\\\/winkel\\\/\"},{\"@type\":\"ListItem\",\"position\":3,\"name\":\"Borma Wachs Hardwax kleurolie Mat Wit\"}]},{\"@type\":\"WebSite\",\"@id\":\"https:\\\/\\\/partsandpieces.nl\\\/#website\",\"url\":\"https:\\\/\\\/partsandpieces.nl\\\/\",\"name\":\"Parts &amp; Pieces\",\"description\":\"Alles voor uw meubelrestauratie en -onderhoud!\",\"potentialAction\":[{\"@type\":\"SearchAction\",\"target\":{\"@type\":\"EntryPoint\",\"urlTemplate\":\"https:\\\/\\\/partsandpieces.nl\\\/?s={search_term_string}\"},\"query-input\":{\"@type\":\"PropertyValueSpecification\",\"valueRequired\":true,\"valueName\":\"search_term_string\"}}],\"inLanguage\":\"de\"}]}<\/script>\n<!-- \/ Yoast SEO plugin. -->","yoast_head_json":{"title":"Hartwachs-Farb\u00f6l Mattwei\u00df von Borma Wachs","description":"Hartwachs-Farb\u00f6l Mattwei\u00df von Borma Wachs zur Veredelung von Holzb\u00f6den und M\u00f6beln. Ideal, wenn eine intensive F\u00e4rbung und wenig Vergilbung gew\u00fcnscht sind.","robots":{"index":"index","follow":"follow","max-snippet":"max-snippet:-1","max-image-preview":"max-image-preview:large","max-video-preview":"max-video-preview:-1"},"canonical":"https:\/\/partsandpieces.nl\/de\/produkt\/bormawachs-hartwachs-farbol-mattweis\/","og_locale":"de_DE","og_type":"article","og_title":"Hardwax kleurolie Mat Wit van Borma Wachs","og_description":"Hardwax kleurolie Mat Wit van Borma Wachs voor het afwerken van houten vloeren en meubels. Ideaal als intensieve kleuring en weinig vergeling gewenst zijn.","og_url":"https:\/\/partsandpieces.nl\/de\/produkt\/bormawachs-hartwachs-farbol-mattweis\/","og_site_name":"Parts &amp; Pieces","article_modified_time":"2026-02-24T08:11:30+00:00","og_image":[{"width":800,"height":800,"url":"https:\/\/partsandpieces.nl\/wp-content\/uploads\/2022\/06\/4992.jpg","type":"image\/jpeg"}],"twitter_card":"summary_large_image","twitter_misc":{"Gesch\u00e4tzte Lesezeit":"1\u00a0Minute"},"schema":{"@context":"https:\/\/schema.org","@graph":[{"@type":"WebPage","@id":"https:\/\/partsandpieces.nl\/product\/borma-wachs-hardwax-kleurolie-mat-wit\/","url":"https:\/\/partsandpieces.nl\/product\/borma-wachs-hardwax-kleurolie-mat-wit\/","name":"Hartwachs-Farb\u00f6l Mattwei\u00df von Borma Wachs","isPartOf":{"@id":"https:\/\/partsandpieces.nl\/#website"},"primaryImageOfPage":{"@id":"https:\/\/partsandpieces.nl\/product\/borma-wachs-hardwax-kleurolie-mat-wit\/#primaryimage"},"image":{"@id":"https:\/\/partsandpieces.nl\/product\/borma-wachs-hardwax-kleurolie-mat-wit\/#primaryimage"},"thumbnailUrl":"https:\/\/partsandpieces.nl\/wp-content\/uploads\/2022\/06\/4992.jpg","datePublished":"2022-06-01T13:43:36+00:00","dateModified":"2026-02-24T08:11:30+00:00","description":"Hartwachs-Farb\u00f6l Mattwei\u00df von Borma Wachs zur Veredelung von Holzb\u00f6den und M\u00f6beln. Ideal, wenn eine intensive F\u00e4rbung und wenig Vergilbung gew\u00fcnscht sind.","breadcrumb":{"@id":"https:\/\/partsandpieces.nl\/product\/borma-wachs-hardwax-kleurolie-mat-wit\/#breadcrumb"},"inLanguage":"de","potentialAction":[{"@type":"ReadAction","target":["https:\/\/partsandpieces.nl\/product\/borma-wachs-hardwax-kleurolie-mat-wit\/"]}]},{"@type":"ImageObject","inLanguage":"de","@id":"https:\/\/partsandpieces.nl\/product\/borma-wachs-hardwax-kleurolie-mat-wit\/#primaryimage","url":"https:\/\/partsandpieces.nl\/wp-content\/uploads\/2022\/06\/4992.jpg","contentUrl":"https:\/\/partsandpieces.nl\/wp-content\/uploads\/2022\/06\/4992.jpg","width":800,"height":800,"caption":"Borma Wachs Hardwax Kleurolie Mat Wit"},{"@type":"BreadcrumbList","@id":"https:\/\/partsandpieces.nl\/product\/borma-wachs-hardwax-kleurolie-mat-wit\/#breadcrumb","itemListElement":[{"@type":"ListItem","position":1,"name":"Home","item":"https:\/\/partsandpieces.nl\/home\/"},{"@type":"ListItem","position":2,"name":"Winkel","item":"https:\/\/partsandpieces.nl\/winkel\/"},{"@type":"ListItem","position":3,"name":"Borma Wachs Hardwax kleurolie Mat Wit"}]},{"@type":"WebSite","@id":"https:\/\/partsandpieces.nl\/#website","url":"https:\/\/partsandpieces.nl\/","name":"Teile &amp; St\u00fccke","description":"Alles f\u00fcr Ihre M\u00f6belrestaurierung und -pflege!","potentialAction":[{"@type":"SearchAction","target":{"@type":"EntryPoint","urlTemplate":"https:\/\/partsandpieces.nl\/?s={search_term_string}"},"query-input":{"@type":"PropertyValueSpecification","valueRequired":true,"valueName":"search_term_string"}}],"inLanguage":"de"}]}},"_links":{"self":[{"href":"https:\/\/partsandpieces.nl\/de\/wp-json\/wp\/v2\/product\/2822","targetHints":{"allow":["GET"]}}],"collection":[{"href":"https:\/\/partsandpieces.nl\/de\/wp-json\/wp\/v2\/product"}],"about":[{"href":"https:\/\/partsandpieces.nl\/de\/wp-json\/wp\/v2\/types\/product"}],"wp:featuredmedia":[{"embeddable":true,"href":"https:\/\/partsandpieces.nl\/de\/wp-json\/wp\/v2\/media\/4326"}],"wp:attachment":[{"href":"https:\/\/partsandpieces.nl\/de\/wp-json\/wp\/v2\/media?parent=2822"}],"wp:term":[{"taxonomy":"product_brand","embeddable":true,"href":"https:\/\/partsandpieces.nl\/de\/wp-json\/wp\/v2\/product_brand?post=2822"},{"taxonomy":"product_cat","embeddable":true,"href":"https:\/\/partsandpieces.nl\/de\/wp-json\/wp\/v2\/product_cat?post=2822"},{"taxonomy":"product_tag","embeddable":true,"href":"https:\/\/partsandpieces.nl\/de\/wp-json\/wp\/v2\/product_tag?post=2822"}],"curies":[{"name":"wp","href":"https:\/\/api.w.org\/{rel}","templated":true}]}}