{"id":2827,"date":"2022-06-08T13:34:37","date_gmt":"2022-06-08T13:34:37","guid":{"rendered":"https:\/\/partsandpieces.bonsaidev.nl\/?product=borma-wachs-borwax-honing-147-500ml"},"modified":"2026-02-17T13:31:37","modified_gmt":"2026-02-17T12:31:37","slug":"bormawachs-borwax-mobelwachspaste-honigfarbe-147","status":"publish","type":"product","link":"https:\/\/partsandpieces.nl\/de\/product\/borma-wachs-borwax-meubelwas-pasta-honing-kleur-147\/","title":{"rendered":"Borma Wachs Borwax M\u00f6belwachspaste Honig (Farbton 147)"},"content":{"rendered":"<p><strong>Borwax M\u00f6belwachspaste Farbe Honig<\/strong>\u00a0von\u00a0<a href=\"http:\/\/www.bormawachs.com.com\/\">Borma Wachs<\/a>\u00a0ist eine Mischung aus wertvollen Wachsen wie nat\u00fcrlichem Bienenwachs und Carnaubawachs. Entwickelt, um jede Art von Holz zu sch\u00fctzen, z. B. mit lackierter, ge\u00f6lter oder rauer Oberfl\u00e4che. Mit lichtechten Pigmenten gef\u00e4rbt, kaschiert es die Alterung des Holzes und beseitigt kleinere Oberfl\u00e4chenfehler. Neben den F\u00fclleigenschaften des Wachses trocknet es sehr schnell.<\/p>\n<p>Boerwax Furniture Wax Ich habe 3 Farben und 2 Mengen auf Lager:\u00a0<a href=\"https:\/\/partsandpieces.nl\/de\/produktkategorie-2\/oberflachenbehandlung-2\/mobelpolitur\/\">Transparent \/ farblos, Honig und Antikbraun<\/a>.<\/p>\n<p><b>Anweisungen<\/b><br \/>\n\u2013 Tragen Sie die Borwax M\u00f6belwachsfarbe Honig mit einem Pinsel oder Baumwolltuch auf. Wenn es gef\u00e4rbt ist, machen Sie einen Test<br \/>\n\u2013 Ausgleichen<br \/>\n\u2013 Warten Sie 15-30 Minuten<br \/>\n\u2013 Mit B\u00fcrste oder Baumwolltuch polieren. Je intensiver das Polieren, desto besser die Wirkung.<\/p>","protected":false},"excerpt":{"rendered":"<p>Borwax Meubelwas pasta kleur Honing\u00a0van\u00a0Borma Wachs\u00a0is een mengsel van waardevolle wassen zoals natuurlijke bijenwas en carnaubawas. Ontwikkeld om elk type hout te beschermen zoals met een gelakte, geoliede of ruwe afwerking. Gekleurd met lichtechte pigmenten, verbergt het de veroudering van hout en elimineert het kleine oppervlakte-imperfecties. Naast de vullende eigenschappen van de was, droogt deze [&hellip;]<\/p>\n","protected":false},"featured_media":2793,"template":"","meta":{"_acf_changed":false},"product_brand":[],"product_cat":[116,75],"product_tag":[],"class_list":{"0":"post-2827","1":"product","2":"type-product","3":"status-publish","4":"has-post-thumbnail","6":"product_cat-bijenwas","7":"product_cat-meubelwas","9":"first","10":"instock","11":"taxable","12":"shipping-taxable","13":"purchasable","14":"product-type-variable"},"acf":[],"yoast_head":"<!-- This site is optimized with the Yoast SEO plugin v27.3 - https:\/\/yoast.com\/product\/yoast-seo-wordpress\/ -->\n<title>Borwax Meubelwas kleur Honing van Borma Wachs<\/title>\n<meta name=\"description\" content=\"Borwax Meubelwas pasta kleur Honing\u00a0van\u00a0Borma Wachs\u00a0is ontwikkeld om elk type houten meubel te beschermen met een gelakte, geoliede of ruwe afwerking.\" \/>\n<meta name=\"robots\" content=\"index, follow, max-snippet:-1, max-image-preview:large, max-video-preview:-1\" \/>\n<link rel=\"canonical\" href=\"https:\/\/partsandpieces.nl\/de\/produkt\/bormawachs-borwax-mobelwachspaste-honigfarbe-147\/\" \/>\n<meta property=\"og:locale\" content=\"de_DE\" \/>\n<meta property=\"og:type\" content=\"article\" \/>\n<meta property=\"og:title\" content=\"Borwax Meubelwas kleur Honing van Borma Wachs\" \/>\n<meta property=\"og:description\" content=\"Borwax Meubelwas pasta kleur Honing\u00a0van\u00a0Borma Wachs\u00a0is ontwikkeld om elk type houten meubel te beschermen met een gelakte, geoliede of ruwe afwerking.\" \/>\n<meta property=\"og:url\" content=\"https:\/\/partsandpieces.nl\/de\/produkt\/bormawachs-borwax-mobelwachspaste-honigfarbe-147\/\" \/>\n<meta property=\"og:site_name\" content=\"Parts &amp; Pieces\" \/>\n<meta property=\"article:modified_time\" content=\"2026-02-17T12:31:37+00:00\" \/>\n<meta property=\"og:image\" content=\"https:\/\/partsandpieces.nl\/wp-content\/uploads\/2022\/09\/0380XX.jpg\" \/>\n\t<meta property=\"og:image:width\" content=\"800\" \/>\n\t<meta property=\"og:image:height\" content=\"800\" \/>\n\t<meta property=\"og:image:type\" content=\"image\/jpeg\" \/>\n<meta name=\"twitter:card\" content=\"summary_large_image\" \/>\n<meta name=\"twitter:label1\" content=\"Gesch\u00e4tzte Lesezeit\" \/>\n\t<meta name=\"twitter:data1\" content=\"1\u00a0Minute\" \/>\n<script type=\"application\/ld+json\" class=\"yoast-schema-graph\">{\"@context\":\"https:\\\/\\\/schema.org\",\"@graph\":[{\"@type\":\"WebPage\",\"@id\":\"https:\\\/\\\/partsandpieces.nl\\\/product\\\/borma-wachs-borwax-meubelwas-pasta-honing-kleur-147\\\/\",\"url\":\"https:\\\/\\\/partsandpieces.nl\\\/product\\\/borma-wachs-borwax-meubelwas-pasta-honing-kleur-147\\\/\",\"name\":\"Borwax Meubelwas kleur Honing van Borma Wachs\",\"isPartOf\":{\"@id\":\"https:\\\/\\\/partsandpieces.nl\\\/#website\"},\"primaryImageOfPage\":{\"@id\":\"https:\\\/\\\/partsandpieces.nl\\\/product\\\/borma-wachs-borwax-meubelwas-pasta-honing-kleur-147\\\/#primaryimage\"},\"image\":{\"@id\":\"https:\\\/\\\/partsandpieces.nl\\\/product\\\/borma-wachs-borwax-meubelwas-pasta-honing-kleur-147\\\/#primaryimage\"},\"thumbnailUrl\":\"https:\\\/\\\/partsandpieces.nl\\\/wp-content\\\/uploads\\\/2022\\\/09\\\/0380XX.jpg\",\"datePublished\":\"2022-06-08T13:34:37+00:00\",\"dateModified\":\"2026-02-17T12:31:37+00:00\",\"description\":\"Borwax Meubelwas pasta kleur Honing\u00a0van\u00a0Borma Wachs\u00a0is ontwikkeld om elk type houten meubel te beschermen met een gelakte, geoliede of ruwe afwerking.\",\"breadcrumb\":{\"@id\":\"https:\\\/\\\/partsandpieces.nl\\\/product\\\/borma-wachs-borwax-meubelwas-pasta-honing-kleur-147\\\/#breadcrumb\"},\"inLanguage\":\"de\",\"potentialAction\":[{\"@type\":\"ReadAction\",\"target\":[\"https:\\\/\\\/partsandpieces.nl\\\/product\\\/borma-wachs-borwax-meubelwas-pasta-honing-kleur-147\\\/\"]}]},{\"@type\":\"ImageObject\",\"inLanguage\":\"de\",\"@id\":\"https:\\\/\\\/partsandpieces.nl\\\/product\\\/borma-wachs-borwax-meubelwas-pasta-honing-kleur-147\\\/#primaryimage\",\"url\":\"https:\\\/\\\/partsandpieces.nl\\\/wp-content\\\/uploads\\\/2022\\\/09\\\/0380XX.jpg\",\"contentUrl\":\"https:\\\/\\\/partsandpieces.nl\\\/wp-content\\\/uploads\\\/2022\\\/09\\\/0380XX.jpg\",\"width\":800,\"height\":800},{\"@type\":\"BreadcrumbList\",\"@id\":\"https:\\\/\\\/partsandpieces.nl\\\/product\\\/borma-wachs-borwax-meubelwas-pasta-honing-kleur-147\\\/#breadcrumb\",\"itemListElement\":[{\"@type\":\"ListItem\",\"position\":1,\"name\":\"Home\",\"item\":\"https:\\\/\\\/partsandpieces.nl\\\/home\\\/\"},{\"@type\":\"ListItem\",\"position\":2,\"name\":\"Winkel\",\"item\":\"https:\\\/\\\/partsandpieces.nl\\\/winkel\\\/\"},{\"@type\":\"ListItem\",\"position\":3,\"name\":\"Borma Wachs Borwax Meubelwas pasta Honing (kleur 147)\"}]},{\"@type\":\"WebSite\",\"@id\":\"https:\\\/\\\/partsandpieces.nl\\\/#website\",\"url\":\"https:\\\/\\\/partsandpieces.nl\\\/\",\"name\":\"Parts &amp; Pieces\",\"description\":\"Alles voor uw meubelrestauratie en -onderhoud!\",\"potentialAction\":[{\"@type\":\"SearchAction\",\"target\":{\"@type\":\"EntryPoint\",\"urlTemplate\":\"https:\\\/\\\/partsandpieces.nl\\\/?s={search_term_string}\"},\"query-input\":{\"@type\":\"PropertyValueSpecification\",\"valueRequired\":true,\"valueName\":\"search_term_string\"}}],\"inLanguage\":\"de\"}]}<\/script>\n<!-- \/ Yoast SEO plugin. -->","yoast_head_json":{"title":"Borwax M\u00f6belwachsfarbe Honig von Borma Wachs","description":"Borwax M\u00f6belwachspaste Farbe Honig von Borma Wachs wurde entwickelt, um jede Art von Holzm\u00f6beln mit lackierter, ge\u00f6lter oder rauer Oberfl\u00e4che zu sch\u00fctzen.","robots":{"index":"index","follow":"follow","max-snippet":"max-snippet:-1","max-image-preview":"max-image-preview:large","max-video-preview":"max-video-preview:-1"},"canonical":"https:\/\/partsandpieces.nl\/de\/produkt\/bormawachs-borwax-mobelwachspaste-honigfarbe-147\/","og_locale":"de_DE","og_type":"article","og_title":"Borwax Meubelwas kleur Honing van Borma Wachs","og_description":"Borwax Meubelwas pasta kleur Honing\u00a0van\u00a0Borma Wachs\u00a0is ontwikkeld om elk type houten meubel te beschermen met een gelakte, geoliede of ruwe afwerking.","og_url":"https:\/\/partsandpieces.nl\/de\/produkt\/bormawachs-borwax-mobelwachspaste-honigfarbe-147\/","og_site_name":"Parts &amp; Pieces","article_modified_time":"2026-02-17T12:31:37+00:00","og_image":[{"width":800,"height":800,"url":"https:\/\/partsandpieces.nl\/wp-content\/uploads\/2022\/09\/0380XX.jpg","type":"image\/jpeg"}],"twitter_card":"summary_large_image","twitter_misc":{"Gesch\u00e4tzte Lesezeit":"1\u00a0Minute"},"schema":{"@context":"https:\/\/schema.org","@graph":[{"@type":"WebPage","@id":"https:\/\/partsandpieces.nl\/product\/borma-wachs-borwax-meubelwas-pasta-honing-kleur-147\/","url":"https:\/\/partsandpieces.nl\/product\/borma-wachs-borwax-meubelwas-pasta-honing-kleur-147\/","name":"Borwax M\u00f6belwachsfarbe Honig von Borma Wachs","isPartOf":{"@id":"https:\/\/partsandpieces.nl\/#website"},"primaryImageOfPage":{"@id":"https:\/\/partsandpieces.nl\/product\/borma-wachs-borwax-meubelwas-pasta-honing-kleur-147\/#primaryimage"},"image":{"@id":"https:\/\/partsandpieces.nl\/product\/borma-wachs-borwax-meubelwas-pasta-honing-kleur-147\/#primaryimage"},"thumbnailUrl":"https:\/\/partsandpieces.nl\/wp-content\/uploads\/2022\/09\/0380XX.jpg","datePublished":"2022-06-08T13:34:37+00:00","dateModified":"2026-02-17T12:31:37+00:00","description":"Borwax M\u00f6belwachspaste Farbe Honig von Borma Wachs wurde entwickelt, um jede Art von Holzm\u00f6beln mit lackierter, ge\u00f6lter oder rauer Oberfl\u00e4che zu sch\u00fctzen.","breadcrumb":{"@id":"https:\/\/partsandpieces.nl\/product\/borma-wachs-borwax-meubelwas-pasta-honing-kleur-147\/#breadcrumb"},"inLanguage":"de","potentialAction":[{"@type":"ReadAction","target":["https:\/\/partsandpieces.nl\/product\/borma-wachs-borwax-meubelwas-pasta-honing-kleur-147\/"]}]},{"@type":"ImageObject","inLanguage":"de","@id":"https:\/\/partsandpieces.nl\/product\/borma-wachs-borwax-meubelwas-pasta-honing-kleur-147\/#primaryimage","url":"https:\/\/partsandpieces.nl\/wp-content\/uploads\/2022\/09\/0380XX.jpg","contentUrl":"https:\/\/partsandpieces.nl\/wp-content\/uploads\/2022\/09\/0380XX.jpg","width":800,"height":800},{"@type":"BreadcrumbList","@id":"https:\/\/partsandpieces.nl\/product\/borma-wachs-borwax-meubelwas-pasta-honing-kleur-147\/#breadcrumb","itemListElement":[{"@type":"ListItem","position":1,"name":"Home","item":"https:\/\/partsandpieces.nl\/home\/"},{"@type":"ListItem","position":2,"name":"Winkel","item":"https:\/\/partsandpieces.nl\/winkel\/"},{"@type":"ListItem","position":3,"name":"Borma Wachs Borwax Meubelwas pasta Honing (kleur 147)"}]},{"@type":"WebSite","@id":"https:\/\/partsandpieces.nl\/#website","url":"https:\/\/partsandpieces.nl\/","name":"Teile &amp; St\u00fccke","description":"Alles f\u00fcr Ihre M\u00f6belrestaurierung und -pflege!","potentialAction":[{"@type":"SearchAction","target":{"@type":"EntryPoint","urlTemplate":"https:\/\/partsandpieces.nl\/?s={search_term_string}"},"query-input":{"@type":"PropertyValueSpecification","valueRequired":true,"valueName":"search_term_string"}}],"inLanguage":"de"}]}},"_links":{"self":[{"href":"https:\/\/partsandpieces.nl\/de\/wp-json\/wp\/v2\/product\/2827","targetHints":{"allow":["GET"]}}],"collection":[{"href":"https:\/\/partsandpieces.nl\/de\/wp-json\/wp\/v2\/product"}],"about":[{"href":"https:\/\/partsandpieces.nl\/de\/wp-json\/wp\/v2\/types\/product"}],"wp:featuredmedia":[{"embeddable":true,"href":"https:\/\/partsandpieces.nl\/de\/wp-json\/wp\/v2\/media\/2793"}],"wp:attachment":[{"href":"https:\/\/partsandpieces.nl\/de\/wp-json\/wp\/v2\/media?parent=2827"}],"wp:term":[{"taxonomy":"product_brand","embeddable":true,"href":"https:\/\/partsandpieces.nl\/de\/wp-json\/wp\/v2\/product_brand?post=2827"},{"taxonomy":"product_cat","embeddable":true,"href":"https:\/\/partsandpieces.nl\/de\/wp-json\/wp\/v2\/product_cat?post=2827"},{"taxonomy":"product_tag","embeddable":true,"href":"https:\/\/partsandpieces.nl\/de\/wp-json\/wp\/v2\/product_tag?post=2827"}],"curies":[{"name":"wp","href":"https:\/\/api.w.org\/{rel}","templated":true}]}}