{"id":2855,"date":"2022-06-10T11:12:21","date_gmt":"2022-06-10T09:12:21","guid":{"rendered":"https:\/\/partsandpieces.bonsaidev.nl\/?product=borma-wachs-houtvuller-vloeibaar-hout-op-waterbasis-noten-donker-63-tube-250-gram"},"modified":"2026-05-05T15:52:21","modified_gmt":"2026-05-05T13:52:21","slug":"borma-wachs-wasserbasierter-holzspachtel-dunkle-walnussfarbe-63-tube-200-gramm","status":"publish","type":"product","link":"https:\/\/partsandpieces.nl\/de\/product\/borma-wachs-houtvuller-op-waterbasis-donker-noten-kleur-63-tube-200-gram\/","title":{"rendered":"Borma Wachs wasserbasierter Holzspachtelstoff Dark Walnut (Farbe 63), Tube 200 Gramm"},"content":{"rendered":"<p><strong>Wasserbasierte Holzspachtelfarbe Walnuss dunkel<\/strong>\u00a0von <a href=\"http:\/\/www.bormawachs.com\">Borma Wachs<\/a> ist f\u00fcr den Innenbereich geeignet und garantiert l\u00f6semittelfrei. Es eignet sich besonders zum Verfugen und Nivellieren von Holz vor dem Streichen. Dieser Holzspachtel ist sehr gut schleifbar, thixotrop (bei R\u00fchren und Temperaturschwankungen viskos), hat eine hervorragende Verankerung auf dem Untergrund bei minimaler Saugf\u00e4higkeit und ist lichtecht.<\/p>\n<p><strong>Ich habe Holzspachtel auf Wasserbasis drin <a href=\"https:\/\/partsandpieces.nl\/de\/produktkategorie-2\/oberflachenbehandlung-2\/flussiges-holz\/\">15 Farben<\/a> auf Lager.<\/strong><\/p>\n<p>\u2013 \u00f6kologisch unbedenklich<br \/>\n- l\u00f6sungsmittelfrei<br \/>\n\u2013 hervorragende Schleifbarkeit<br \/>\n\u2013 minimale Aufnahme von Farbe, Wachs oder \u00d6l<br \/>\n\u2013 lichtecht<\/p>\n<p><strong>Anweisungen<\/strong><br \/>\n\u2013 Tragen Sie nach Auswahl des Farbtons (vorzugsweise dunkler als die zu behandelnde Oberfl\u00e4che) die Holzspachtelfarbe Nussbaum dunkel direkt auf die gereinigte Oberfl\u00e4che auf.<br \/>\n\u2013 Je nach Auftragsst\u00e4rke ca. 6\/8 Stunden trocknen lassen.<br \/>\n\u2013 Nach dem Schleifen der behandelten Oberfl\u00e4che ist diese bereit f\u00fcr die weitere Behandlung.<\/p>","protected":false},"excerpt":{"rendered":"<p>Houtvuller op waterbasis kleur Donker Noten\u00a0van Borma Wachs is geschikt voor gebruik binnen en is gegarandeerd oplosmiddelen vrij. Het is bijzonder geschikt voor het afvoegen en egaliseren van hout voor het schilderen. Deze houtvuller heeft een zeer goede schuurbaarheid, is tixotroop (behoud zijn viscositeit bij het roeren of bij temperatuurschommelingen), en heeft een uitstekende verankering [&hellip;]<\/p>\n","protected":false},"featured_media":4509,"template":"","meta":{"_acf_changed":false},"product_brand":[],"product_cat":[148,64],"product_tag":[],"class_list":{"0":"post-2855","1":"product","2":"type-product","3":"status-publish","4":"has-post-thumbnail","6":"product_cat-houtvuller-op-waterbasis","7":"product_cat-oppervlakte-behandeling-borma-wachs","9":"first","10":"instock","11":"taxable","12":"shipping-taxable","13":"purchasable","14":"product-type-simple"},"acf":[],"yoast_head":"<!-- This site is optimized with the Yoast SEO plugin v27.5 - https:\/\/yoast.com\/product\/yoast-seo-wordpress\/ -->\n<title>Houtvuller kleur Donker Noten tube van Borma Wachs<\/title>\n<meta name=\"description\" content=\"Houtvuller kleur Donker Noten van Borma Wachs voor binnen en oplosmiddelen vrij. Heeft een goede schuurbaarheid met minimale absorptie en is lichtecht.\" \/>\n<meta name=\"robots\" content=\"index, follow, max-snippet:-1, max-image-preview:large, max-video-preview:-1\" \/>\n<link rel=\"canonical\" href=\"https:\/\/partsandpieces.nl\/de\/produkt\/borma-wachs-wasserbasierter-holzspachtel-dunkle-walnussfarbe-63-tube-200-gramm\/\" \/>\n<meta property=\"og:locale\" content=\"de_DE\" \/>\n<meta property=\"og:type\" content=\"article\" \/>\n<meta property=\"og:title\" content=\"Houtvuller kleur Donker Noten tube van Borma Wachs\" \/>\n<meta property=\"og:description\" content=\"Houtvuller kleur Donker Noten van Borma Wachs voor binnen en oplosmiddelen vrij. Heeft een goede schuurbaarheid met minimale absorptie en is lichtecht.\" \/>\n<meta property=\"og:url\" content=\"https:\/\/partsandpieces.nl\/de\/produkt\/borma-wachs-wasserbasierter-holzspachtel-dunkle-walnussfarbe-63-tube-200-gramm\/\" \/>\n<meta property=\"og:site_name\" content=\"Parts &amp; Pieces\" \/>\n<meta property=\"article:modified_time\" content=\"2026-05-05T13:52:21+00:00\" \/>\n<meta property=\"og:image\" content=\"https:\/\/partsandpieces.nl\/wp-content\/uploads\/2020\/09\/1500XX.jpg\" \/>\n\t<meta property=\"og:image:width\" content=\"470\" \/>\n\t<meta property=\"og:image:height\" content=\"470\" \/>\n\t<meta property=\"og:image:type\" content=\"image\/jpeg\" \/>\n<meta name=\"twitter:card\" content=\"summary_large_image\" \/>\n<meta name=\"twitter:label1\" content=\"Gesch\u00e4tzte Lesezeit\" \/>\n\t<meta name=\"twitter:data1\" content=\"1\u00a0Minute\" \/>\n<script type=\"application\/ld+json\" class=\"yoast-schema-graph\">{\"@context\":\"https:\\\/\\\/schema.org\",\"@graph\":[{\"@type\":\"WebPage\",\"@id\":\"https:\\\/\\\/partsandpieces.nl\\\/product\\\/borma-wachs-houtvuller-op-waterbasis-donker-noten-kleur-63-tube-200-gram\\\/\",\"url\":\"https:\\\/\\\/partsandpieces.nl\\\/product\\\/borma-wachs-houtvuller-op-waterbasis-donker-noten-kleur-63-tube-200-gram\\\/\",\"name\":\"Houtvuller kleur Donker Noten tube van Borma Wachs\",\"isPartOf\":{\"@id\":\"https:\\\/\\\/partsandpieces.nl\\\/#website\"},\"primaryImageOfPage\":{\"@id\":\"https:\\\/\\\/partsandpieces.nl\\\/product\\\/borma-wachs-houtvuller-op-waterbasis-donker-noten-kleur-63-tube-200-gram\\\/#primaryimage\"},\"image\":{\"@id\":\"https:\\\/\\\/partsandpieces.nl\\\/product\\\/borma-wachs-houtvuller-op-waterbasis-donker-noten-kleur-63-tube-200-gram\\\/#primaryimage\"},\"thumbnailUrl\":\"https:\\\/\\\/partsandpieces.nl\\\/wp-content\\\/uploads\\\/2020\\\/09\\\/1500XX.jpg\",\"datePublished\":\"2022-06-10T09:12:21+00:00\",\"dateModified\":\"2026-05-05T13:52:21+00:00\",\"description\":\"Houtvuller kleur Donker Noten van Borma Wachs voor binnen en oplosmiddelen vrij. Heeft een goede schuurbaarheid met minimale absorptie en is lichtecht.\",\"breadcrumb\":{\"@id\":\"https:\\\/\\\/partsandpieces.nl\\\/product\\\/borma-wachs-houtvuller-op-waterbasis-donker-noten-kleur-63-tube-200-gram\\\/#breadcrumb\"},\"inLanguage\":\"de\",\"potentialAction\":[{\"@type\":\"ReadAction\",\"target\":[\"https:\\\/\\\/partsandpieces.nl\\\/product\\\/borma-wachs-houtvuller-op-waterbasis-donker-noten-kleur-63-tube-200-gram\\\/\"]}]},{\"@type\":\"ImageObject\",\"inLanguage\":\"de\",\"@id\":\"https:\\\/\\\/partsandpieces.nl\\\/product\\\/borma-wachs-houtvuller-op-waterbasis-donker-noten-kleur-63-tube-200-gram\\\/#primaryimage\",\"url\":\"https:\\\/\\\/partsandpieces.nl\\\/wp-content\\\/uploads\\\/2020\\\/09\\\/1500XX.jpg\",\"contentUrl\":\"https:\\\/\\\/partsandpieces.nl\\\/wp-content\\\/uploads\\\/2020\\\/09\\\/1500XX.jpg\",\"width\":470,\"height\":470,\"caption\":\"Houtvuller kleur Borma Wachs\"},{\"@type\":\"BreadcrumbList\",\"@id\":\"https:\\\/\\\/partsandpieces.nl\\\/product\\\/borma-wachs-houtvuller-op-waterbasis-donker-noten-kleur-63-tube-200-gram\\\/#breadcrumb\",\"itemListElement\":[{\"@type\":\"ListItem\",\"position\":1,\"name\":\"Home\",\"item\":\"https:\\\/\\\/partsandpieces.nl\\\/home\\\/\"},{\"@type\":\"ListItem\",\"position\":2,\"name\":\"Winkel\",\"item\":\"https:\\\/\\\/partsandpieces.nl\\\/winkel\\\/\"},{\"@type\":\"ListItem\",\"position\":3,\"name\":\"Borma Wachs Houtvuller op waterbasis Donker Noten (kleur 63) tube 200 gram\"}]},{\"@type\":\"WebSite\",\"@id\":\"https:\\\/\\\/partsandpieces.nl\\\/#website\",\"url\":\"https:\\\/\\\/partsandpieces.nl\\\/\",\"name\":\"Parts &amp; Pieces\",\"description\":\"Alles voor uw meubelrestauratie en -onderhoud!\",\"potentialAction\":[{\"@type\":\"SearchAction\",\"target\":{\"@type\":\"EntryPoint\",\"urlTemplate\":\"https:\\\/\\\/partsandpieces.nl\\\/?s={search_term_string}\"},\"query-input\":{\"@type\":\"PropertyValueSpecification\",\"valueRequired\":true,\"valueName\":\"search_term_string\"}}],\"inLanguage\":\"de\"}]}<\/script>\n<!-- \/ Yoast SEO plugin. -->","yoast_head_json":{"title":"Holzspachtelfarbe Dark Walnut, Tube Borma Wachs","description":"Holzspachtelfarbe Dark Walnut von Borma Wachs f\u00fcr den Innenbereich und l\u00f6sungsmittelfrei. Gute Schleifbarkeit bei minimaler Absorption und Lichtechtheit.","robots":{"index":"index","follow":"follow","max-snippet":"max-snippet:-1","max-image-preview":"max-image-preview:large","max-video-preview":"max-video-preview:-1"},"canonical":"https:\/\/partsandpieces.nl\/de\/produkt\/borma-wachs-wasserbasierter-holzspachtel-dunkle-walnussfarbe-63-tube-200-gramm\/","og_locale":"de_DE","og_type":"article","og_title":"Houtvuller kleur Donker Noten tube van Borma Wachs","og_description":"Houtvuller kleur Donker Noten van Borma Wachs voor binnen en oplosmiddelen vrij. Heeft een goede schuurbaarheid met minimale absorptie en is lichtecht.","og_url":"https:\/\/partsandpieces.nl\/de\/produkt\/borma-wachs-wasserbasierter-holzspachtel-dunkle-walnussfarbe-63-tube-200-gramm\/","og_site_name":"Parts &amp; Pieces","article_modified_time":"2026-05-05T13:52:21+00:00","og_image":[{"width":470,"height":470,"url":"https:\/\/partsandpieces.nl\/wp-content\/uploads\/2020\/09\/1500XX.jpg","type":"image\/jpeg"}],"twitter_card":"summary_large_image","twitter_misc":{"Gesch\u00e4tzte Lesezeit":"1\u00a0Minute"},"schema":{"@context":"https:\/\/schema.org","@graph":[{"@type":"WebPage","@id":"https:\/\/partsandpieces.nl\/product\/borma-wachs-houtvuller-op-waterbasis-donker-noten-kleur-63-tube-200-gram\/","url":"https:\/\/partsandpieces.nl\/product\/borma-wachs-houtvuller-op-waterbasis-donker-noten-kleur-63-tube-200-gram\/","name":"Holzspachtelfarbe Dark Walnut, Tube Borma Wachs","isPartOf":{"@id":"https:\/\/partsandpieces.nl\/#website"},"primaryImageOfPage":{"@id":"https:\/\/partsandpieces.nl\/product\/borma-wachs-houtvuller-op-waterbasis-donker-noten-kleur-63-tube-200-gram\/#primaryimage"},"image":{"@id":"https:\/\/partsandpieces.nl\/product\/borma-wachs-houtvuller-op-waterbasis-donker-noten-kleur-63-tube-200-gram\/#primaryimage"},"thumbnailUrl":"https:\/\/partsandpieces.nl\/wp-content\/uploads\/2020\/09\/1500XX.jpg","datePublished":"2022-06-10T09:12:21+00:00","dateModified":"2026-05-05T13:52:21+00:00","description":"Holzspachtelfarbe Dark Walnut von Borma Wachs f\u00fcr den Innenbereich und l\u00f6sungsmittelfrei. Gute Schleifbarkeit bei minimaler Absorption und Lichtechtheit.","breadcrumb":{"@id":"https:\/\/partsandpieces.nl\/product\/borma-wachs-houtvuller-op-waterbasis-donker-noten-kleur-63-tube-200-gram\/#breadcrumb"},"inLanguage":"de","potentialAction":[{"@type":"ReadAction","target":["https:\/\/partsandpieces.nl\/product\/borma-wachs-houtvuller-op-waterbasis-donker-noten-kleur-63-tube-200-gram\/"]}]},{"@type":"ImageObject","inLanguage":"de","@id":"https:\/\/partsandpieces.nl\/product\/borma-wachs-houtvuller-op-waterbasis-donker-noten-kleur-63-tube-200-gram\/#primaryimage","url":"https:\/\/partsandpieces.nl\/wp-content\/uploads\/2020\/09\/1500XX.jpg","contentUrl":"https:\/\/partsandpieces.nl\/wp-content\/uploads\/2020\/09\/1500XX.jpg","width":470,"height":470,"caption":"Houtvuller kleur Borma Wachs"},{"@type":"BreadcrumbList","@id":"https:\/\/partsandpieces.nl\/product\/borma-wachs-houtvuller-op-waterbasis-donker-noten-kleur-63-tube-200-gram\/#breadcrumb","itemListElement":[{"@type":"ListItem","position":1,"name":"Home","item":"https:\/\/partsandpieces.nl\/home\/"},{"@type":"ListItem","position":2,"name":"Winkel","item":"https:\/\/partsandpieces.nl\/winkel\/"},{"@type":"ListItem","position":3,"name":"Borma Wachs Houtvuller op waterbasis Donker Noten (kleur 63) tube 200 gram"}]},{"@type":"WebSite","@id":"https:\/\/partsandpieces.nl\/#website","url":"https:\/\/partsandpieces.nl\/","name":"Teile &amp; St\u00fccke","description":"Alles f\u00fcr Ihre M\u00f6belrestaurierung und -pflege!","potentialAction":[{"@type":"SearchAction","target":{"@type":"EntryPoint","urlTemplate":"https:\/\/partsandpieces.nl\/?s={search_term_string}"},"query-input":{"@type":"PropertyValueSpecification","valueRequired":true,"valueName":"search_term_string"}}],"inLanguage":"de"}]}},"_links":{"self":[{"href":"https:\/\/partsandpieces.nl\/de\/wp-json\/wp\/v2\/product\/2855","targetHints":{"allow":["GET"]}}],"collection":[{"href":"https:\/\/partsandpieces.nl\/de\/wp-json\/wp\/v2\/product"}],"about":[{"href":"https:\/\/partsandpieces.nl\/de\/wp-json\/wp\/v2\/types\/product"}],"wp:featuredmedia":[{"embeddable":true,"href":"https:\/\/partsandpieces.nl\/de\/wp-json\/wp\/v2\/media\/4509"}],"wp:attachment":[{"href":"https:\/\/partsandpieces.nl\/de\/wp-json\/wp\/v2\/media?parent=2855"}],"wp:term":[{"taxonomy":"product_brand","embeddable":true,"href":"https:\/\/partsandpieces.nl\/de\/wp-json\/wp\/v2\/product_brand?post=2855"},{"taxonomy":"product_cat","embeddable":true,"href":"https:\/\/partsandpieces.nl\/de\/wp-json\/wp\/v2\/product_cat?post=2855"},{"taxonomy":"product_tag","embeddable":true,"href":"https:\/\/partsandpieces.nl\/de\/wp-json\/wp\/v2\/product_tag?post=2855"}],"curies":[{"name":"wp","href":"https:\/\/api.w.org\/{rel}","templated":true}]}}