{"id":2861,"date":"2022-06-10T12:00:51","date_gmt":"2022-06-10T12:00:51","guid":{"rendered":"https:\/\/partsandpieces.bonsaidev.nl\/?product=borma-wachs-deense-olie-terras-olie-kleurloos-1-liter"},"modified":"2026-04-05T09:33:34","modified_gmt":"2026-04-05T07:33:34","slug":"bormawachs-danisches-ol-terrassenol-farblos","status":"publish","type":"product","link":"https:\/\/partsandpieces.nl\/de\/product\/borma-wachs-deense-olie-terras-olie-kleurloos\/","title":{"rendered":"Borma Wachs D\u00e4nisches \u00d6l \/ Terrassen\u00f6l Farblos"},"content":{"rendered":"<p><b>Borma Wachs D\u00e4nisches \u00d6l \/ Terrassen\u00f6l<\/b> Farblos von <a href=\"http:\/\/www.bormawachs.com\">Borma Wachs<\/a> ist auf der Basis angereicherter, nat\u00fcrlicher \u00d6le mit hohem Penetrationskoeffizienten formuliert. Aufgrund seiner niedrigen Viskosit\u00e4t dringt es tief in das Holz ein. Dank seines hohen Feststoffgehalts bietet es effizienten Schutz und Atmungsaktivit\u00e4t, ohne abzubl\u00e4ttern und mit einem nat\u00fcrlichen Satin-Effekt. Angereichert mit UV-Filtern und antiseptischen Zus\u00e4tzen l\u00e4sst sich Borma Wachs D\u00e4nisches \u00d6l \/ Terrassen\u00f6l extrem leicht auftragen. Auch wenn es farbig ist. Schleifen ist nicht notwendig.<\/p>\n<p>\u2013 dringt tief in das Holz ein<br \/>\n\u2013 mit UV-Filter<br \/>\n\u2013 sehr einfach anzuwenden<\/p>\n<p>&nbsp;<\/p>\n<p><b>Anweisungen<\/b><br \/>\n\u2013 Tragen Sie das D\u00e4nisches \u00d6l \/ Terrassen\u00f6l farblos auf eine saubere, entfettete und gut geschliffene Holzoberfl\u00e4che auf.<br \/>\n\u2013 Tragen Sie das \u00d6l mit einem Pinsel oder Lappen gleichm\u00e4\u00dfig auf (es ist keine Grundierung erforderlich). Vermeiden Sie lokale \u00dcbersch\u00fcsse.<br \/>\n\u2013 Je nach Jahreszeit und Holzbeschaffenheit mindestens 10-12 Stunden trocknen lassen.<br \/>\n\u2013 Mindestens 2 Schichten auftragen. Gesamttrocknungszeit: 12-24 Stunden.<\/p>","protected":false},"excerpt":{"rendered":"<p>Borma Wachs Deense olie \/ Terras olie Kleurloos van Borma Wachs is samengesteld op basis van versterkte, natuurlijke oli\u00ebn, met een hoge penetratieco\u00ebffici\u00ebnt. Het dringt door zijn lage viscositeit diep in het hout door. Het geeft dankzij het hoge vaste stofgehalte een effici\u00ebnte bescherming en ademend vermogen zonder schilferverschijnselen en met een natuurlijk satijneffect. Verrijkt [&hellip;]<\/p>\n","protected":false},"featured_media":1943,"template":"","meta":{"_acf_changed":false},"product_brand":[],"product_cat":[67,64],"product_tag":[],"class_list":{"0":"post-2861","1":"product","2":"type-product","3":"status-publish","4":"has-post-thumbnail","6":"product_cat-danish-oil-en-outdoor-olie","7":"product_cat-oppervlakte-behandeling-borma-wachs","9":"first","10":"instock","11":"taxable","12":"shipping-taxable","13":"purchasable","14":"product-type-variable","15":"has-default-attributes"},"acf":[],"yoast_head":"<!-- This site is optimized with the Yoast SEO plugin v27.4 - https:\/\/yoast.com\/product\/yoast-seo-wordpress\/ -->\n<title>Terras olie kleurloos van Borma Wachs<\/title>\n<meta name=\"description\" content=\"Terras olie \/ Deense olie kleurloos van Borma Wachs beschermt uw houten terras en buitenmeubelen tegen weersinvloeden. Met UV filter en diepe penetratie.\" \/>\n<meta name=\"robots\" content=\"index, follow, max-snippet:-1, max-image-preview:large, max-video-preview:-1\" \/>\n<link rel=\"canonical\" href=\"https:\/\/partsandpieces.nl\/de\/produkt\/bormawachs-danisches-ol-terrassenol-farblos\/\" \/>\n<meta property=\"og:locale\" content=\"de_DE\" \/>\n<meta property=\"og:type\" content=\"article\" \/>\n<meta property=\"og:title\" content=\"Terras olie kleurloos van Borma Wachs\" \/>\n<meta property=\"og:description\" content=\"Terras olie \/ Deense olie kleurloos van Borma Wachs beschermt uw houten terras en buitenmeubelen tegen weersinvloeden. Met UV filter en diepe penetratie.\" \/>\n<meta property=\"og:url\" content=\"https:\/\/partsandpieces.nl\/de\/produkt\/bormawachs-danisches-ol-terrassenol-farblos\/\" \/>\n<meta property=\"og:site_name\" content=\"Parts &amp; Pieces\" \/>\n<meta property=\"article:modified_time\" content=\"2026-04-05T07:33:34+00:00\" \/>\n<meta property=\"og:image\" content=\"https:\/\/partsandpieces.nl\/wp-content\/uploads\/2022\/09\/4971XXIL.jpg\" \/>\n\t<meta property=\"og:image:width\" content=\"800\" \/>\n\t<meta property=\"og:image:height\" content=\"800\" \/>\n\t<meta property=\"og:image:type\" content=\"image\/jpeg\" \/>\n<meta name=\"twitter:card\" content=\"summary_large_image\" \/>\n<meta name=\"twitter:label1\" content=\"Gesch\u00e4tzte Lesezeit\" \/>\n\t<meta name=\"twitter:data1\" content=\"1\u00a0Minute\" \/>\n<script type=\"application\/ld+json\" class=\"yoast-schema-graph\">{\"@context\":\"https:\\\/\\\/schema.org\",\"@graph\":[{\"@type\":\"WebPage\",\"@id\":\"https:\\\/\\\/partsandpieces.nl\\\/product\\\/borma-wachs-deense-olie-terras-olie-kleurloos\\\/\",\"url\":\"https:\\\/\\\/partsandpieces.nl\\\/product\\\/borma-wachs-deense-olie-terras-olie-kleurloos\\\/\",\"name\":\"Terras olie kleurloos van Borma Wachs\",\"isPartOf\":{\"@id\":\"https:\\\/\\\/partsandpieces.nl\\\/#website\"},\"primaryImageOfPage\":{\"@id\":\"https:\\\/\\\/partsandpieces.nl\\\/product\\\/borma-wachs-deense-olie-terras-olie-kleurloos\\\/#primaryimage\"},\"image\":{\"@id\":\"https:\\\/\\\/partsandpieces.nl\\\/product\\\/borma-wachs-deense-olie-terras-olie-kleurloos\\\/#primaryimage\"},\"thumbnailUrl\":\"https:\\\/\\\/partsandpieces.nl\\\/wp-content\\\/uploads\\\/2022\\\/09\\\/4971XXIL.jpg\",\"datePublished\":\"2022-06-10T12:00:51+00:00\",\"dateModified\":\"2026-04-05T07:33:34+00:00\",\"description\":\"Terras olie \\\/ Deense olie kleurloos van Borma Wachs beschermt uw houten terras en buitenmeubelen tegen weersinvloeden. Met UV filter en diepe penetratie.\",\"breadcrumb\":{\"@id\":\"https:\\\/\\\/partsandpieces.nl\\\/product\\\/borma-wachs-deense-olie-terras-olie-kleurloos\\\/#breadcrumb\"},\"inLanguage\":\"de\",\"potentialAction\":[{\"@type\":\"ReadAction\",\"target\":[\"https:\\\/\\\/partsandpieces.nl\\\/product\\\/borma-wachs-deense-olie-terras-olie-kleurloos\\\/\"]}]},{\"@type\":\"ImageObject\",\"inLanguage\":\"de\",\"@id\":\"https:\\\/\\\/partsandpieces.nl\\\/product\\\/borma-wachs-deense-olie-terras-olie-kleurloos\\\/#primaryimage\",\"url\":\"https:\\\/\\\/partsandpieces.nl\\\/wp-content\\\/uploads\\\/2022\\\/09\\\/4971XXIL.jpg\",\"contentUrl\":\"https:\\\/\\\/partsandpieces.nl\\\/wp-content\\\/uploads\\\/2022\\\/09\\\/4971XXIL.jpg\",\"width\":800,\"height\":800},{\"@type\":\"BreadcrumbList\",\"@id\":\"https:\\\/\\\/partsandpieces.nl\\\/product\\\/borma-wachs-deense-olie-terras-olie-kleurloos\\\/#breadcrumb\",\"itemListElement\":[{\"@type\":\"ListItem\",\"position\":1,\"name\":\"Home\",\"item\":\"https:\\\/\\\/partsandpieces.nl\\\/home\\\/\"},{\"@type\":\"ListItem\",\"position\":2,\"name\":\"Winkel\",\"item\":\"https:\\\/\\\/partsandpieces.nl\\\/winkel\\\/\"},{\"@type\":\"ListItem\",\"position\":3,\"name\":\"Borma Wachs Deense olie \\\/ Terras olie Kleurloos\"}]},{\"@type\":\"WebSite\",\"@id\":\"https:\\\/\\\/partsandpieces.nl\\\/#website\",\"url\":\"https:\\\/\\\/partsandpieces.nl\\\/\",\"name\":\"Parts &amp; Pieces\",\"description\":\"Alles voor uw meubelrestauratie en -onderhoud!\",\"potentialAction\":[{\"@type\":\"SearchAction\",\"target\":{\"@type\":\"EntryPoint\",\"urlTemplate\":\"https:\\\/\\\/partsandpieces.nl\\\/?s={search_term_string}\"},\"query-input\":{\"@type\":\"PropertyValueSpecification\",\"valueRequired\":true,\"valueName\":\"search_term_string\"}}],\"inLanguage\":\"de\"}]}<\/script>\n<!-- \/ Yoast SEO plugin. -->","yoast_head_json":{"title":"Terrassen\u00f6l farblos von Borma Wachs","description":"Terrassen\u00f6l \/ D\u00e4nisches \u00d6l farblos von Borma Wachs sch\u00fctzt Ihre Holzterrasse und Gartenm\u00f6bel vor Witterungseinfl\u00fcssen. Mit UV-Filter und Tiefenwirkung.","robots":{"index":"index","follow":"follow","max-snippet":"max-snippet:-1","max-image-preview":"max-image-preview:large","max-video-preview":"max-video-preview:-1"},"canonical":"https:\/\/partsandpieces.nl\/de\/produkt\/bormawachs-danisches-ol-terrassenol-farblos\/","og_locale":"de_DE","og_type":"article","og_title":"Terras olie kleurloos van Borma Wachs","og_description":"Terras olie \/ Deense olie kleurloos van Borma Wachs beschermt uw houten terras en buitenmeubelen tegen weersinvloeden. Met UV filter en diepe penetratie.","og_url":"https:\/\/partsandpieces.nl\/de\/produkt\/bormawachs-danisches-ol-terrassenol-farblos\/","og_site_name":"Parts &amp; Pieces","article_modified_time":"2026-04-05T07:33:34+00:00","og_image":[{"width":800,"height":800,"url":"https:\/\/partsandpieces.nl\/wp-content\/uploads\/2022\/09\/4971XXIL.jpg","type":"image\/jpeg"}],"twitter_card":"summary_large_image","twitter_misc":{"Gesch\u00e4tzte Lesezeit":"1\u00a0Minute"},"schema":{"@context":"https:\/\/schema.org","@graph":[{"@type":"WebPage","@id":"https:\/\/partsandpieces.nl\/product\/borma-wachs-deense-olie-terras-olie-kleurloos\/","url":"https:\/\/partsandpieces.nl\/product\/borma-wachs-deense-olie-terras-olie-kleurloos\/","name":"Terrassen\u00f6l farblos von Borma Wachs","isPartOf":{"@id":"https:\/\/partsandpieces.nl\/#website"},"primaryImageOfPage":{"@id":"https:\/\/partsandpieces.nl\/product\/borma-wachs-deense-olie-terras-olie-kleurloos\/#primaryimage"},"image":{"@id":"https:\/\/partsandpieces.nl\/product\/borma-wachs-deense-olie-terras-olie-kleurloos\/#primaryimage"},"thumbnailUrl":"https:\/\/partsandpieces.nl\/wp-content\/uploads\/2022\/09\/4971XXIL.jpg","datePublished":"2022-06-10T12:00:51+00:00","dateModified":"2026-04-05T07:33:34+00:00","description":"Terrassen\u00f6l \/ D\u00e4nisches \u00d6l farblos von Borma Wachs sch\u00fctzt Ihre Holzterrasse und Gartenm\u00f6bel vor Witterungseinfl\u00fcssen. Mit UV-Filter und Tiefenwirkung.","breadcrumb":{"@id":"https:\/\/partsandpieces.nl\/product\/borma-wachs-deense-olie-terras-olie-kleurloos\/#breadcrumb"},"inLanguage":"de","potentialAction":[{"@type":"ReadAction","target":["https:\/\/partsandpieces.nl\/product\/borma-wachs-deense-olie-terras-olie-kleurloos\/"]}]},{"@type":"ImageObject","inLanguage":"de","@id":"https:\/\/partsandpieces.nl\/product\/borma-wachs-deense-olie-terras-olie-kleurloos\/#primaryimage","url":"https:\/\/partsandpieces.nl\/wp-content\/uploads\/2022\/09\/4971XXIL.jpg","contentUrl":"https:\/\/partsandpieces.nl\/wp-content\/uploads\/2022\/09\/4971XXIL.jpg","width":800,"height":800},{"@type":"BreadcrumbList","@id":"https:\/\/partsandpieces.nl\/product\/borma-wachs-deense-olie-terras-olie-kleurloos\/#breadcrumb","itemListElement":[{"@type":"ListItem","position":1,"name":"Home","item":"https:\/\/partsandpieces.nl\/home\/"},{"@type":"ListItem","position":2,"name":"Winkel","item":"https:\/\/partsandpieces.nl\/winkel\/"},{"@type":"ListItem","position":3,"name":"Borma Wachs Deense olie \/ Terras olie Kleurloos"}]},{"@type":"WebSite","@id":"https:\/\/partsandpieces.nl\/#website","url":"https:\/\/partsandpieces.nl\/","name":"Teile &amp; St\u00fccke","description":"Alles f\u00fcr Ihre M\u00f6belrestaurierung und -pflege!","potentialAction":[{"@type":"SearchAction","target":{"@type":"EntryPoint","urlTemplate":"https:\/\/partsandpieces.nl\/?s={search_term_string}"},"query-input":{"@type":"PropertyValueSpecification","valueRequired":true,"valueName":"search_term_string"}}],"inLanguage":"de"}]}},"_links":{"self":[{"href":"https:\/\/partsandpieces.nl\/de\/wp-json\/wp\/v2\/product\/2861","targetHints":{"allow":["GET"]}}],"collection":[{"href":"https:\/\/partsandpieces.nl\/de\/wp-json\/wp\/v2\/product"}],"about":[{"href":"https:\/\/partsandpieces.nl\/de\/wp-json\/wp\/v2\/types\/product"}],"wp:featuredmedia":[{"embeddable":true,"href":"https:\/\/partsandpieces.nl\/de\/wp-json\/wp\/v2\/media\/1943"}],"wp:attachment":[{"href":"https:\/\/partsandpieces.nl\/de\/wp-json\/wp\/v2\/media?parent=2861"}],"wp:term":[{"taxonomy":"product_brand","embeddable":true,"href":"https:\/\/partsandpieces.nl\/de\/wp-json\/wp\/v2\/product_brand?post=2861"},{"taxonomy":"product_cat","embeddable":true,"href":"https:\/\/partsandpieces.nl\/de\/wp-json\/wp\/v2\/product_cat?post=2861"},{"taxonomy":"product_tag","embeddable":true,"href":"https:\/\/partsandpieces.nl\/de\/wp-json\/wp\/v2\/product_tag?post=2861"}],"curies":[{"name":"wp","href":"https:\/\/api.w.org\/{rel}","templated":true}]}}