{"id":2870,"date":"2022-06-13T14:13:15","date_gmt":"2022-06-13T14:13:15","guid":{"rendered":"https:\/\/partsandpieces.bonsaidev.nl\/?product=borma-wachs-invisible-touch-zwart-ultra-mat-0-gu-5-liter"},"modified":"2024-11-26T12:09:46","modified_gmt":"2024-11-26T11:09:46","slug":"mattlack-mobel-schwarz-invisible-touch-ultramatt","status":"publish","type":"product","link":"https:\/\/partsandpieces.nl\/de\/product\/matte-lak-meubels-zwart-invisible-touch-ultra-mat\/","title":{"rendered":"Borma Wachs Invisible Touch Lack Ultramatt (0 GU) Schwarz 5 Liter"},"content":{"rendered":"<p><b><a href=\"https:\/\/bormawachs.com\/\">Borma Wachs<\/a> Invisible Touch Ultra matt<\/b> <strong>Schwarz<\/strong> ist ein matter transparenter Lack f\u00fcr M\u00f6bel. Der Lack ist umweltfreundlich und auf Wasserbasis. Dieser Lack ist zum Schutz von Holzoberfl\u00e4chen bestimmt. Es ist ultra matt (0 Glanz) und hat einen nat\u00fcrlichen, wachsartigen Effekt. <u><strong>Das Holz beh\u00e4lt sein v\u00f6llig nat\u00fcrliches Aussehen<\/strong>.<\/u> F\u00fcr alle Holzarten geeignet. Dies ist die Variante mit schwarzem Pigment. Die habe ich auch auf Lager <a href=\"https:\/\/partsandpieces.nl\/de\/produkt\/matttransparenter-lack-fur-unsichtbare-mobelberuhrung\/\">komplett transparente \/ farblose Variante<\/a> in 375ml, 1 Liter und 5 Liter Kanister.<\/p>\n<p>Borma Wachs Invisible Touch kann mit aktiviert werden\u00a0<a href=\"https:\/\/partsandpieces.nl\/de\/produkt\/borma-wachs-4100-2k-katalysator-voor-watergedragen-lakken-250ml\/\">Borma Wachs 4100-2K Katalysator,<\/a>\u00a0im Verh\u00e4ltnis 10 : 1 f\u00fcr schnellere Aush\u00e4rtung und verbesserte Wirkung.<\/p>\n<p><strong>Eigenschaften<\/strong><br \/>\n\u2013 Mattlack M\u00f6belschwarz ist ein Mattlack mit schwarzem Pigment<br \/>\n\u2013 Auch f\u00fcr Fu\u00dfb\u00f6den, Arbeitsplatten und T\u00fcren geeignet.<br \/>\n\u2013 Umweltfreundlich und absolut sicher in der Verarbeitung.<br \/>\n\u2013 Verbrauch: 50-100 ml pro m2. Stark abh\u00e4ngig von der Saugwirkung des Untergrundes.<\/p>\n<p><b>Anweisungen<br \/>\n<\/b>\u2013 Auf eine glatte und saubere Oberfl\u00e4che auftragen, die frei von Fetten, \u00d6len, Wachsen, Silikonen und alten Farben ist.<br \/>\n\u2013 Auftragen durch Spr\u00fchen oder Streichen.<br \/>\n\u2013 6-12 Stunden warten und mit Sandpapier oder Scheuerschwamm schleifen, den gesamten Staub vorsichtig absaugen und mit einem antistatischen Tuch reinigen.<br \/>\n\u2013 Anschlie\u00dfend eine zweite Schicht ohne Zwischenschliff auftragen.<\/p>","protected":false},"excerpt":{"rendered":"<p>Borma Wachs Invisible Touch Ultra mat Zwart is een matte transparante lak voor meubels. De lak is milieuvriendelijke en watergedragen. Deze lak is bedoeld voor de bescherming van houten oppervlakken. Het is ultra mat (0 glans) en heeft een natuurlijk, wasachtig effect. Het hout behoudt zijn volledig natuurlijke uitstraling. Geschikt voor alle houtsoorten. Dit is [&hellip;]<\/p>\n","protected":false},"featured_media":1952,"template":"","meta":{"_acf_changed":false},"product_brand":[],"product_cat":[112,64],"product_tag":[],"class_list":{"0":"post-2870","1":"product","2":"type-product","3":"status-publish","4":"has-post-thumbnail","6":"product_cat-ontdek-invisible-touch-matte-lak","7":"product_cat-oppervlakte-behandeling-borma-wachs","9":"first","10":"instock","11":"taxable","12":"shipping-taxable","13":"purchasable","14":"product-type-simple"},"acf":[],"yoast_head":"<!-- This site is optimized with the Yoast SEO plugin v27.3 - https:\/\/yoast.com\/product\/yoast-seo-wordpress\/ -->\n<title>matte lak meubels ZWART Invisible Touch ultra mat<\/title>\n<meta name=\"description\" content=\"Matte lak meubels ZWART Invisible Touch ultra mat (0 GU) van Borma Wachs is een watergedragen lak. Het hout behoudt zijn natuurlijke uitstraling.\" \/>\n<meta name=\"robots\" content=\"index, follow, max-snippet:-1, max-image-preview:large, max-video-preview:-1\" \/>\n<link rel=\"canonical\" href=\"https:\/\/partsandpieces.nl\/de\/produkt\/mattlack-mobel-schwarz-invisible-touch-ultramatt\/\" \/>\n<meta property=\"og:locale\" content=\"de_DE\" \/>\n<meta property=\"og:type\" content=\"article\" \/>\n<meta property=\"og:title\" content=\"matte lak meubels ZWART Invisible Touch ultra mat\" \/>\n<meta property=\"og:description\" content=\"Matte lak meubels ZWART Invisible Touch ultra mat (0 GU) van Borma Wachs is een watergedragen lak. Het hout behoudt zijn natuurlijke uitstraling.\" \/>\n<meta property=\"og:url\" content=\"https:\/\/partsandpieces.nl\/de\/produkt\/mattlack-mobel-schwarz-invisible-touch-ultramatt\/\" \/>\n<meta property=\"og:site_name\" content=\"Parts &amp; Pieces\" \/>\n<meta property=\"article:modified_time\" content=\"2024-11-26T11:09:46+00:00\" \/>\n<meta property=\"og:image\" content=\"https:\/\/partsandpieces.nl\/wp-content\/uploads\/2022\/09\/NAT4130.jpg\" \/>\n\t<meta property=\"og:image:width\" content=\"800\" \/>\n\t<meta property=\"og:image:height\" content=\"800\" \/>\n\t<meta property=\"og:image:type\" content=\"image\/jpeg\" \/>\n<meta name=\"twitter:card\" content=\"summary_large_image\" \/>\n<meta name=\"twitter:label1\" content=\"Gesch\u00e4tzte Lesezeit\" \/>\n\t<meta name=\"twitter:data1\" content=\"1\u00a0Minute\" \/>\n<script type=\"application\/ld+json\" class=\"yoast-schema-graph\">{\"@context\":\"https:\\\/\\\/schema.org\",\"@graph\":[{\"@type\":\"WebPage\",\"@id\":\"https:\\\/\\\/partsandpieces.nl\\\/product\\\/matte-lak-meubels-zwart-invisible-touch-ultra-mat\\\/\",\"url\":\"https:\\\/\\\/partsandpieces.nl\\\/product\\\/matte-lak-meubels-zwart-invisible-touch-ultra-mat\\\/\",\"name\":\"matte lak meubels ZWART Invisible Touch ultra mat\",\"isPartOf\":{\"@id\":\"https:\\\/\\\/partsandpieces.nl\\\/#website\"},\"primaryImageOfPage\":{\"@id\":\"https:\\\/\\\/partsandpieces.nl\\\/product\\\/matte-lak-meubels-zwart-invisible-touch-ultra-mat\\\/#primaryimage\"},\"image\":{\"@id\":\"https:\\\/\\\/partsandpieces.nl\\\/product\\\/matte-lak-meubels-zwart-invisible-touch-ultra-mat\\\/#primaryimage\"},\"thumbnailUrl\":\"https:\\\/\\\/partsandpieces.nl\\\/wp-content\\\/uploads\\\/2022\\\/09\\\/NAT4130.jpg\",\"datePublished\":\"2022-06-13T14:13:15+00:00\",\"dateModified\":\"2024-11-26T11:09:46+00:00\",\"description\":\"Matte lak meubels ZWART Invisible Touch ultra mat (0 GU) van Borma Wachs is een watergedragen lak. Het hout behoudt zijn natuurlijke uitstraling.\",\"breadcrumb\":{\"@id\":\"https:\\\/\\\/partsandpieces.nl\\\/product\\\/matte-lak-meubels-zwart-invisible-touch-ultra-mat\\\/#breadcrumb\"},\"inLanguage\":\"de\",\"potentialAction\":[{\"@type\":\"ReadAction\",\"target\":[\"https:\\\/\\\/partsandpieces.nl\\\/product\\\/matte-lak-meubels-zwart-invisible-touch-ultra-mat\\\/\"]}]},{\"@type\":\"ImageObject\",\"inLanguage\":\"de\",\"@id\":\"https:\\\/\\\/partsandpieces.nl\\\/product\\\/matte-lak-meubels-zwart-invisible-touch-ultra-mat\\\/#primaryimage\",\"url\":\"https:\\\/\\\/partsandpieces.nl\\\/wp-content\\\/uploads\\\/2022\\\/09\\\/NAT4130.jpg\",\"contentUrl\":\"https:\\\/\\\/partsandpieces.nl\\\/wp-content\\\/uploads\\\/2022\\\/09\\\/NAT4130.jpg\",\"width\":800,\"height\":800},{\"@type\":\"BreadcrumbList\",\"@id\":\"https:\\\/\\\/partsandpieces.nl\\\/product\\\/matte-lak-meubels-zwart-invisible-touch-ultra-mat\\\/#breadcrumb\",\"itemListElement\":[{\"@type\":\"ListItem\",\"position\":1,\"name\":\"Home\",\"item\":\"https:\\\/\\\/partsandpieces.nl\\\/home\\\/\"},{\"@type\":\"ListItem\",\"position\":2,\"name\":\"Winkel\",\"item\":\"https:\\\/\\\/partsandpieces.nl\\\/winkel\\\/\"},{\"@type\":\"ListItem\",\"position\":3,\"name\":\"Borma Wachs Invisible Touch Lak Ultra mat (0 GU) Zwart 5 liter\"}]},{\"@type\":\"WebSite\",\"@id\":\"https:\\\/\\\/partsandpieces.nl\\\/#website\",\"url\":\"https:\\\/\\\/partsandpieces.nl\\\/\",\"name\":\"Parts &amp; Pieces\",\"description\":\"Alles voor uw meubelrestauratie en -onderhoud!\",\"potentialAction\":[{\"@type\":\"SearchAction\",\"target\":{\"@type\":\"EntryPoint\",\"urlTemplate\":\"https:\\\/\\\/partsandpieces.nl\\\/?s={search_term_string}\"},\"query-input\":{\"@type\":\"PropertyValueSpecification\",\"valueRequired\":true,\"valueName\":\"search_term_string\"}}],\"inLanguage\":\"de\"}]}<\/script>\n<!-- \/ Yoast SEO plugin. -->","yoast_head_json":{"title":"Mattlackm\u00f6bel BLACK Invisible Touch ultramatt","description":"Mattlack M\u00f6bel BLACK Invisible Touch ultramatt (0 GU) von Borma Wachs ist ein Lack auf Wasserbasis. Das Holz beh\u00e4lt sein nat\u00fcrliches Aussehen.","robots":{"index":"index","follow":"follow","max-snippet":"max-snippet:-1","max-image-preview":"max-image-preview:large","max-video-preview":"max-video-preview:-1"},"canonical":"https:\/\/partsandpieces.nl\/de\/produkt\/mattlack-mobel-schwarz-invisible-touch-ultramatt\/","og_locale":"de_DE","og_type":"article","og_title":"matte lak meubels ZWART Invisible Touch ultra mat","og_description":"Matte lak meubels ZWART Invisible Touch ultra mat (0 GU) van Borma Wachs is een watergedragen lak. Het hout behoudt zijn natuurlijke uitstraling.","og_url":"https:\/\/partsandpieces.nl\/de\/produkt\/mattlack-mobel-schwarz-invisible-touch-ultramatt\/","og_site_name":"Parts &amp; Pieces","article_modified_time":"2024-11-26T11:09:46+00:00","og_image":[{"width":800,"height":800,"url":"https:\/\/partsandpieces.nl\/wp-content\/uploads\/2022\/09\/NAT4130.jpg","type":"image\/jpeg"}],"twitter_card":"summary_large_image","twitter_misc":{"Gesch\u00e4tzte Lesezeit":"1\u00a0Minute"},"schema":{"@context":"https:\/\/schema.org","@graph":[{"@type":"WebPage","@id":"https:\/\/partsandpieces.nl\/product\/matte-lak-meubels-zwart-invisible-touch-ultra-mat\/","url":"https:\/\/partsandpieces.nl\/product\/matte-lak-meubels-zwart-invisible-touch-ultra-mat\/","name":"Mattlackm\u00f6bel BLACK Invisible Touch ultramatt","isPartOf":{"@id":"https:\/\/partsandpieces.nl\/#website"},"primaryImageOfPage":{"@id":"https:\/\/partsandpieces.nl\/product\/matte-lak-meubels-zwart-invisible-touch-ultra-mat\/#primaryimage"},"image":{"@id":"https:\/\/partsandpieces.nl\/product\/matte-lak-meubels-zwart-invisible-touch-ultra-mat\/#primaryimage"},"thumbnailUrl":"https:\/\/partsandpieces.nl\/wp-content\/uploads\/2022\/09\/NAT4130.jpg","datePublished":"2022-06-13T14:13:15+00:00","dateModified":"2024-11-26T11:09:46+00:00","description":"Mattlack M\u00f6bel BLACK Invisible Touch ultramatt (0 GU) von Borma Wachs ist ein Lack auf Wasserbasis. Das Holz beh\u00e4lt sein nat\u00fcrliches Aussehen.","breadcrumb":{"@id":"https:\/\/partsandpieces.nl\/product\/matte-lak-meubels-zwart-invisible-touch-ultra-mat\/#breadcrumb"},"inLanguage":"de","potentialAction":[{"@type":"ReadAction","target":["https:\/\/partsandpieces.nl\/product\/matte-lak-meubels-zwart-invisible-touch-ultra-mat\/"]}]},{"@type":"ImageObject","inLanguage":"de","@id":"https:\/\/partsandpieces.nl\/product\/matte-lak-meubels-zwart-invisible-touch-ultra-mat\/#primaryimage","url":"https:\/\/partsandpieces.nl\/wp-content\/uploads\/2022\/09\/NAT4130.jpg","contentUrl":"https:\/\/partsandpieces.nl\/wp-content\/uploads\/2022\/09\/NAT4130.jpg","width":800,"height":800},{"@type":"BreadcrumbList","@id":"https:\/\/partsandpieces.nl\/product\/matte-lak-meubels-zwart-invisible-touch-ultra-mat\/#breadcrumb","itemListElement":[{"@type":"ListItem","position":1,"name":"Home","item":"https:\/\/partsandpieces.nl\/home\/"},{"@type":"ListItem","position":2,"name":"Winkel","item":"https:\/\/partsandpieces.nl\/winkel\/"},{"@type":"ListItem","position":3,"name":"Borma Wachs Invisible Touch Lak Ultra mat (0 GU) Zwart 5 liter"}]},{"@type":"WebSite","@id":"https:\/\/partsandpieces.nl\/#website","url":"https:\/\/partsandpieces.nl\/","name":"Teile &amp; St\u00fccke","description":"Alles f\u00fcr Ihre M\u00f6belrestaurierung und -pflege!","potentialAction":[{"@type":"SearchAction","target":{"@type":"EntryPoint","urlTemplate":"https:\/\/partsandpieces.nl\/?s={search_term_string}"},"query-input":{"@type":"PropertyValueSpecification","valueRequired":true,"valueName":"search_term_string"}}],"inLanguage":"de"}]}},"_links":{"self":[{"href":"https:\/\/partsandpieces.nl\/de\/wp-json\/wp\/v2\/product\/2870","targetHints":{"allow":["GET"]}}],"collection":[{"href":"https:\/\/partsandpieces.nl\/de\/wp-json\/wp\/v2\/product"}],"about":[{"href":"https:\/\/partsandpieces.nl\/de\/wp-json\/wp\/v2\/types\/product"}],"wp:featuredmedia":[{"embeddable":true,"href":"https:\/\/partsandpieces.nl\/de\/wp-json\/wp\/v2\/media\/1952"}],"wp:attachment":[{"href":"https:\/\/partsandpieces.nl\/de\/wp-json\/wp\/v2\/media?parent=2870"}],"wp:term":[{"taxonomy":"product_brand","embeddable":true,"href":"https:\/\/partsandpieces.nl\/de\/wp-json\/wp\/v2\/product_brand?post=2870"},{"taxonomy":"product_cat","embeddable":true,"href":"https:\/\/partsandpieces.nl\/de\/wp-json\/wp\/v2\/product_cat?post=2870"},{"taxonomy":"product_tag","embeddable":true,"href":"https:\/\/partsandpieces.nl\/de\/wp-json\/wp\/v2\/product_tag?post=2870"}],"curies":[{"name":"wp","href":"https:\/\/api.w.org\/{rel}","templated":true}]}}