{"id":288,"date":"2020-07-13T09:05:13","date_gmt":"2020-07-13T07:05:13","guid":{"rendered":"https:\/\/partsandpieces.bonsaidev.nl\/?product=greep-vintage-white-iron-115x32-96-mm"},"modified":"2024-12-05T11:26:54","modified_gmt":"2024-12-05T10:26:54","slug":"griff-evolve-serie-761-farbe-grunge-weis-eisen-115mm","status":"publish","type":"product","link":"https:\/\/partsandpieces.nl\/de\/product\/greep-evolve-serie-761-kleur-grunge-white-iron-115mm\/","title":{"rendered":"Griff Evolve Serie 761 Farbe &#039;Grunge White Iron&#039; 115mm"},"content":{"rendered":"<p><strong>Griff Evolve Serie 761 Farbe &#039;Grunge White Iron&#039; 115mm<\/strong> ist ein harter Griff. Der Griff hat eine grobe, mattsilberne Oberfl\u00e4che. Sowohl die Beine als auch der Griff haben eine 8-eckige Form. Dieser Griff passt gut auf Ihren stabilen M\u00f6belschrank oder Ihre Schublade.<\/p>\n<p>Dieser hochwertige Griff wird in Italien hergestellt.<\/p>\n<p><strong>Ma\u00dfe<br \/>\n<\/strong>Der Griff Evolve Serie 761, Farbe \u201eGrunge White Iron\u201c, 115 mm, ist 115 mm breit. Die Bohrergr\u00f6\u00dfe betr\u00e4gt 96 mm und der Durchmesser des Griffs betr\u00e4gt 13 mm. Nach der Installation ragt dieser Griff 32 mm hervor.<\/p>\n<p><strong>Bearbeiten<br \/>\n<\/strong>Sie k\u00f6nnen den Griff mit blind montieren\u00a0<span style=\"text-decoration: underline;\"><a href=\"https:\/\/partsandpieces.nl\/de\/produkt\/schraube-edelstahl-zur-blindmontage-von-mobelbeschlagen-45x4mm-20-stuck\/\">Edelstahlschraube zur Blindbefestigung von M\u00f6belbeschl\u00e4gen (45x4mm)<\/a><\/span>. Ich schicke diese Schrauben\u00a0<strong>FREI<\/strong>\u00a0mit Ihrer Bestellung.<\/p>","protected":false},"excerpt":{"rendered":"<p>Greep Evolve serie 761 kleur &#8216;Grunge white iron&#8217; 115mm is een stoere greep. De greep heeft een grove, mat zilveren afwerking. Zowel de pootjes als de handgreep zijn 8 kantig van vorm. Deze greep past goed op je stoere meubelkast of lade. Deze kwalitatief uitstekende greep is gemaakt in Itali\u00eb. Afmetingen Greep Evolve serie 761 [&hellip;]<\/p>\n","protected":false},"featured_media":6189,"template":"","meta":{"_acf_changed":false},"product_brand":[],"product_cat":[29,41,23,53],"product_tag":[],"class_list":{"0":"post-288","1":"product","2":"type-product","3":"status-publish","4":"has-post-thumbnail","6":"product_cat-deurtrekkers","7":"product_cat-ladetrekkers","8":"product_cat-meubelbeslag","9":"product_cat-vintage-grepen","11":"first","12":"instock","13":"taxable","14":"shipping-taxable","15":"purchasable","16":"product-type-simple"},"acf":[],"yoast_head":"<!-- This site is optimized with the Yoast SEO plugin v27.3 - https:\/\/yoast.com\/product\/yoast-seo-wordpress\/ -->\n<title>Greep Evolve zilver 115mm<\/title>\n<meta name=\"description\" content=\"Greep Evolve serie 761 kleur &#039;Grunge white iron&#039; 115mm heeft een grove, mat zilveren afwerking. Zowel de pootjes als de handgreep zijn 8 kantig van vorm.\" \/>\n<meta name=\"robots\" content=\"index, follow, max-snippet:-1, max-image-preview:large, max-video-preview:-1\" \/>\n<link rel=\"canonical\" href=\"https:\/\/partsandpieces.nl\/de\/produkt\/griff-evolve-serie-761-farbe-grunge-weis-eisen-115mm\/\" \/>\n<meta property=\"og:locale\" content=\"de_DE\" \/>\n<meta property=\"og:type\" content=\"article\" \/>\n<meta property=\"og:title\" content=\"Greep Evolve zilver 115mm\" \/>\n<meta property=\"og:description\" content=\"Greep Evolve serie 761 kleur &#039;Grunge white iron&#039; 115mm heeft een grove, mat zilveren afwerking. Zowel de pootjes als de handgreep zijn 8 kantig van vorm.\" \/>\n<meta property=\"og:url\" content=\"https:\/\/partsandpieces.nl\/de\/produkt\/griff-evolve-serie-761-farbe-grunge-weis-eisen-115mm\/\" \/>\n<meta property=\"og:site_name\" content=\"Parts &amp; Pieces\" \/>\n<meta property=\"article:modified_time\" content=\"2024-12-05T10:26:54+00:00\" \/>\n<meta property=\"og:image\" content=\"https:\/\/partsandpieces.nl\/wp-content\/uploads\/2020\/07\/Greep-Evolve-serie-761-kleur-Grunge-white-iron-115mm.jpg\" \/>\n\t<meta property=\"og:image:width\" content=\"480\" \/>\n\t<meta property=\"og:image:height\" content=\"480\" \/>\n\t<meta property=\"og:image:type\" content=\"image\/jpeg\" \/>\n<meta name=\"twitter:card\" content=\"summary_large_image\" \/>\n<meta name=\"twitter:label1\" content=\"Gesch\u00e4tzte Lesezeit\" \/>\n\t<meta name=\"twitter:data1\" content=\"1\u00a0Minute\" \/>\n<script type=\"application\/ld+json\" class=\"yoast-schema-graph\">{\"@context\":\"https:\\\/\\\/schema.org\",\"@graph\":[{\"@type\":\"WebPage\",\"@id\":\"https:\\\/\\\/partsandpieces.nl\\\/product\\\/greep-evolve-serie-761-kleur-grunge-white-iron-115mm\\\/\",\"url\":\"https:\\\/\\\/partsandpieces.nl\\\/product\\\/greep-evolve-serie-761-kleur-grunge-white-iron-115mm\\\/\",\"name\":\"Greep Evolve zilver 115mm\",\"isPartOf\":{\"@id\":\"https:\\\/\\\/partsandpieces.nl\\\/#website\"},\"primaryImageOfPage\":{\"@id\":\"https:\\\/\\\/partsandpieces.nl\\\/product\\\/greep-evolve-serie-761-kleur-grunge-white-iron-115mm\\\/#primaryimage\"},\"image\":{\"@id\":\"https:\\\/\\\/partsandpieces.nl\\\/product\\\/greep-evolve-serie-761-kleur-grunge-white-iron-115mm\\\/#primaryimage\"},\"thumbnailUrl\":\"https:\\\/\\\/partsandpieces.nl\\\/wp-content\\\/uploads\\\/2020\\\/07\\\/Greep-Evolve-serie-761-kleur-Grunge-white-iron-115mm.jpg\",\"datePublished\":\"2020-07-13T07:05:13+00:00\",\"dateModified\":\"2024-12-05T10:26:54+00:00\",\"description\":\"Greep Evolve serie 761 kleur 'Grunge white iron' 115mm heeft een grove, mat zilveren afwerking. Zowel de pootjes als de handgreep zijn 8 kantig van vorm.\",\"breadcrumb\":{\"@id\":\"https:\\\/\\\/partsandpieces.nl\\\/product\\\/greep-evolve-serie-761-kleur-grunge-white-iron-115mm\\\/#breadcrumb\"},\"inLanguage\":\"de\",\"potentialAction\":[{\"@type\":\"ReadAction\",\"target\":[\"https:\\\/\\\/partsandpieces.nl\\\/product\\\/greep-evolve-serie-761-kleur-grunge-white-iron-115mm\\\/\"]}]},{\"@type\":\"ImageObject\",\"inLanguage\":\"de\",\"@id\":\"https:\\\/\\\/partsandpieces.nl\\\/product\\\/greep-evolve-serie-761-kleur-grunge-white-iron-115mm\\\/#primaryimage\",\"url\":\"https:\\\/\\\/partsandpieces.nl\\\/wp-content\\\/uploads\\\/2020\\\/07\\\/Greep-Evolve-serie-761-kleur-Grunge-white-iron-115mm.jpg\",\"contentUrl\":\"https:\\\/\\\/partsandpieces.nl\\\/wp-content\\\/uploads\\\/2020\\\/07\\\/Greep-Evolve-serie-761-kleur-Grunge-white-iron-115mm.jpg\",\"width\":480,\"height\":480,\"caption\":\"Greep Evolve serie 761 kleur 'Grunge white iron' 115mm\"},{\"@type\":\"BreadcrumbList\",\"@id\":\"https:\\\/\\\/partsandpieces.nl\\\/product\\\/greep-evolve-serie-761-kleur-grunge-white-iron-115mm\\\/#breadcrumb\",\"itemListElement\":[{\"@type\":\"ListItem\",\"position\":1,\"name\":\"Home\",\"item\":\"https:\\\/\\\/partsandpieces.nl\\\/home\\\/\"},{\"@type\":\"ListItem\",\"position\":2,\"name\":\"Winkel\",\"item\":\"https:\\\/\\\/partsandpieces.nl\\\/winkel\\\/\"},{\"@type\":\"ListItem\",\"position\":3,\"name\":\"Greep Evolve serie 761 kleur &#8216;Grunge white iron&#8217; 115mm\"}]},{\"@type\":\"WebSite\",\"@id\":\"https:\\\/\\\/partsandpieces.nl\\\/#website\",\"url\":\"https:\\\/\\\/partsandpieces.nl\\\/\",\"name\":\"Parts &amp; Pieces\",\"description\":\"Alles voor uw meubelrestauratie en -onderhoud!\",\"potentialAction\":[{\"@type\":\"SearchAction\",\"target\":{\"@type\":\"EntryPoint\",\"urlTemplate\":\"https:\\\/\\\/partsandpieces.nl\\\/?s={search_term_string}\"},\"query-input\":{\"@type\":\"PropertyValueSpecification\",\"valueRequired\":true,\"valueName\":\"search_term_string\"}}],\"inLanguage\":\"de\"}]}<\/script>\n<!-- \/ Yoast SEO plugin. -->","yoast_head_json":{"title":"Griff Evolve silber 115mm","description":"Der Griff der Evolve-Serie 761 in der Farbe \u201eGrunge White Iron\u201c 115 mm hat eine grobe, matte Silberoberfl\u00e4che. Sowohl die Beine als auch der Griff haben eine 8-eckige Form.","robots":{"index":"index","follow":"follow","max-snippet":"max-snippet:-1","max-image-preview":"max-image-preview:large","max-video-preview":"max-video-preview:-1"},"canonical":"https:\/\/partsandpieces.nl\/de\/produkt\/griff-evolve-serie-761-farbe-grunge-weis-eisen-115mm\/","og_locale":"de_DE","og_type":"article","og_title":"Greep Evolve zilver 115mm","og_description":"Greep Evolve serie 761 kleur 'Grunge white iron' 115mm heeft een grove, mat zilveren afwerking. Zowel de pootjes als de handgreep zijn 8 kantig van vorm.","og_url":"https:\/\/partsandpieces.nl\/de\/produkt\/griff-evolve-serie-761-farbe-grunge-weis-eisen-115mm\/","og_site_name":"Parts &amp; Pieces","article_modified_time":"2024-12-05T10:26:54+00:00","og_image":[{"width":480,"height":480,"url":"https:\/\/partsandpieces.nl\/wp-content\/uploads\/2020\/07\/Greep-Evolve-serie-761-kleur-Grunge-white-iron-115mm.jpg","type":"image\/jpeg"}],"twitter_card":"summary_large_image","twitter_misc":{"Gesch\u00e4tzte Lesezeit":"1\u00a0Minute"},"schema":{"@context":"https:\/\/schema.org","@graph":[{"@type":"WebPage","@id":"https:\/\/partsandpieces.nl\/product\/greep-evolve-serie-761-kleur-grunge-white-iron-115mm\/","url":"https:\/\/partsandpieces.nl\/product\/greep-evolve-serie-761-kleur-grunge-white-iron-115mm\/","name":"Griff Evolve silber 115mm","isPartOf":{"@id":"https:\/\/partsandpieces.nl\/#website"},"primaryImageOfPage":{"@id":"https:\/\/partsandpieces.nl\/product\/greep-evolve-serie-761-kleur-grunge-white-iron-115mm\/#primaryimage"},"image":{"@id":"https:\/\/partsandpieces.nl\/product\/greep-evolve-serie-761-kleur-grunge-white-iron-115mm\/#primaryimage"},"thumbnailUrl":"https:\/\/partsandpieces.nl\/wp-content\/uploads\/2020\/07\/Greep-Evolve-serie-761-kleur-Grunge-white-iron-115mm.jpg","datePublished":"2020-07-13T07:05:13+00:00","dateModified":"2024-12-05T10:26:54+00:00","description":"Der Griff der Evolve-Serie 761 in der Farbe \u201eGrunge White Iron\u201c 115 mm hat eine grobe, matte Silberoberfl\u00e4che. Sowohl die Beine als auch der Griff haben eine 8-eckige Form.","breadcrumb":{"@id":"https:\/\/partsandpieces.nl\/product\/greep-evolve-serie-761-kleur-grunge-white-iron-115mm\/#breadcrumb"},"inLanguage":"de","potentialAction":[{"@type":"ReadAction","target":["https:\/\/partsandpieces.nl\/product\/greep-evolve-serie-761-kleur-grunge-white-iron-115mm\/"]}]},{"@type":"ImageObject","inLanguage":"de","@id":"https:\/\/partsandpieces.nl\/product\/greep-evolve-serie-761-kleur-grunge-white-iron-115mm\/#primaryimage","url":"https:\/\/partsandpieces.nl\/wp-content\/uploads\/2020\/07\/Greep-Evolve-serie-761-kleur-Grunge-white-iron-115mm.jpg","contentUrl":"https:\/\/partsandpieces.nl\/wp-content\/uploads\/2020\/07\/Greep-Evolve-serie-761-kleur-Grunge-white-iron-115mm.jpg","width":480,"height":480,"caption":"Greep Evolve serie 761 kleur 'Grunge white iron' 115mm"},{"@type":"BreadcrumbList","@id":"https:\/\/partsandpieces.nl\/product\/greep-evolve-serie-761-kleur-grunge-white-iron-115mm\/#breadcrumb","itemListElement":[{"@type":"ListItem","position":1,"name":"Home","item":"https:\/\/partsandpieces.nl\/home\/"},{"@type":"ListItem","position":2,"name":"Winkel","item":"https:\/\/partsandpieces.nl\/winkel\/"},{"@type":"ListItem","position":3,"name":"Greep Evolve serie 761 kleur &#8216;Grunge white iron&#8217; 115mm"}]},{"@type":"WebSite","@id":"https:\/\/partsandpieces.nl\/#website","url":"https:\/\/partsandpieces.nl\/","name":"Teile &amp; St\u00fccke","description":"Alles f\u00fcr Ihre M\u00f6belrestaurierung und -pflege!","potentialAction":[{"@type":"SearchAction","target":{"@type":"EntryPoint","urlTemplate":"https:\/\/partsandpieces.nl\/?s={search_term_string}"},"query-input":{"@type":"PropertyValueSpecification","valueRequired":true,"valueName":"search_term_string"}}],"inLanguage":"de"}]}},"_links":{"self":[{"href":"https:\/\/partsandpieces.nl\/de\/wp-json\/wp\/v2\/product\/288","targetHints":{"allow":["GET"]}}],"collection":[{"href":"https:\/\/partsandpieces.nl\/de\/wp-json\/wp\/v2\/product"}],"about":[{"href":"https:\/\/partsandpieces.nl\/de\/wp-json\/wp\/v2\/types\/product"}],"wp:featuredmedia":[{"embeddable":true,"href":"https:\/\/partsandpieces.nl\/de\/wp-json\/wp\/v2\/media\/6189"}],"wp:attachment":[{"href":"https:\/\/partsandpieces.nl\/de\/wp-json\/wp\/v2\/media?parent=288"}],"wp:term":[{"taxonomy":"product_brand","embeddable":true,"href":"https:\/\/partsandpieces.nl\/de\/wp-json\/wp\/v2\/product_brand?post=288"},{"taxonomy":"product_cat","embeddable":true,"href":"https:\/\/partsandpieces.nl\/de\/wp-json\/wp\/v2\/product_cat?post=288"},{"taxonomy":"product_tag","embeddable":true,"href":"https:\/\/partsandpieces.nl\/de\/wp-json\/wp\/v2\/product_tag?post=288"}],"curies":[{"name":"wp","href":"https:\/\/api.w.org\/{rel}","templated":true}]}}