{"id":2880,"date":"2022-06-27T15:54:13","date_gmt":"2022-06-27T15:54:13","guid":{"rendered":"https:\/\/partsandpieces.bonsaidev.nl\/?product=borma-wachs-extra-sterke-houtreiniger-op-waterbasis-1-liter"},"modified":"2026-01-10T15:01:08","modified_gmt":"2026-01-10T14:01:08","slug":"borma-wachs-extra-starker-holzreiniger-auf-wasserbasis-1-liter","status":"publish","type":"product","link":"https:\/\/partsandpieces.nl\/de\/product\/borma-wachs-extra-sterke-houtreiniger-op-waterbasis-1-liter\/","title":{"rendered":"Borma Wachs Extra starker Holzreiniger auf Wasserbasis 1 Liter"},"content":{"rendered":"<p><b>Extra starker Holzreiniger<\/b> von <a href=\"http:\/\/www.bormawachs.com\">Borma Wachs<\/a> erm\u00f6glicht eine intensive Reinigung von Holz. Es entfernt hartn\u00e4ckige Verschmutzungen und vorherige Behandlungen auf \u00d6l- oder Alkydbasis. Es eignet sich auch besonders gut zum Entfetten von exotischen H\u00f6lzern, die besonders reich an \u00d6len und Extrakten sind. In diesem Fall empfiehlt es sich, das Produkt 1:1 mit Wasser zu verd\u00fcnnen. Befeuchten Sie die zu behandelnde Oberfl\u00e4che vor der Behandlung mit reichlich Wasser.<\/p>\n<p>Bitte beachten Sie: Extra starker Holzreiniger kann aufgrund der hohen Konzentration an organischen Substanzen die nat\u00fcrliche Farbe des Holzes verdunkeln.<\/p>\n<p>Ich habe es auch auf Lager <a href=\"https:\/\/partsandpieces.nl\/de\/produkt\/borma-wachs-wasserbasierter-holzreiniger-fur-den-ausenbereich-1-liter\/\"><span style=\"text-decoration: underline;\">Holzreiniger f\u00fcr den Au\u00dfenbereich<\/span><\/a> und der <a href=\"https:\/\/partsandpieces.nl\/de\/produkt\/borma-wachs-holzentfetter-auf-wasserbasis-1-liter\/\">Holzentferner<\/a>\u00a0von Borma Wachs.<\/p>\n<p><b>Anweisungen<br \/>\n<\/b>- Vor Gebrauch gut sch\u00fctteln<br \/>\n\u2013 Befeuchten Sie die zu behandelnde Oberfl\u00e4che gleichm\u00e4\u00dfig mit Wasser, um das Trocknen von Extra Strong Wood Cleaner zu verz\u00f6gern<br \/>\n\u2013 Mit dem Pinsel gleichm\u00e4\u00dfig auftragen (von oben nach unten, auf vertikalen Tr\u00e4gern) und 15\u201330 Minuten einwirken lassen<br \/>\n\u2013 Entfernen Sie den Schmutz mit einer dicken Synthetikb\u00fcrste. Verwenden Sie nach M\u00f6glichkeit einen Hochdruckreiniger, um das Entfernen zu erleichtern<br \/>\n\u2013 Warten Sie nach vollst\u00e4ndiger Trocknung 24\u201348 Stunden, bevor Sie mit der neuen Behandlung fortfahren <a href=\"https:\/\/partsandpieces.nl\/de\/produktkategorie-2\/oberflachenbehandlung-2\/mobelol\/\"><span style=\"text-decoration: underline;\">Borma Wachs-\u00d6le<\/span><\/a>.<\/p>","protected":false},"excerpt":{"rendered":"<p>Extra sterke houtreiniger van Borma Wachs maakt een intensieve reiniging van hout mogelijk. Het verwijdert hardnekkig vuil en eerdere behandelingen op olie- of alkydbasis. Het is ook bijzonder nuttig om exotisch hout dat bijzonder rijk is aan oli\u00ebn en extracten te ontvetten. In dit geval wordt u aangeraden het product 1:1 met water te verdunnen. [&hellip;]<\/p>\n","protected":false},"featured_media":2881,"template":"","meta":{"_acf_changed":false},"product_brand":[],"product_cat":[91,88],"product_tag":[],"class_list":{"0":"post-2880","1":"product","2":"type-product","3":"status-publish","4":"has-post-thumbnail","6":"product_cat-meubelreiniger","7":"product_cat-reinigers-en-verdunners","9":"first","10":"instock","11":"taxable","12":"shipping-taxable","13":"purchasable","14":"product-type-simple"},"acf":[],"yoast_head":"<!-- This site is optimized with the Yoast SEO plugin v27.3 - https:\/\/yoast.com\/product\/yoast-seo-wordpress\/ -->\n<title>Extra sterke houtreiniger 1 liter van Borma Wachs<\/title>\n<meta name=\"description\" content=\"Extra sterke houtreiniger van Borma Wachs maakt een intensieve reiniging van hout mogelijk. Het verwijdert hardnekkig vuil en eerdere behandelingen.\" \/>\n<meta name=\"robots\" content=\"index, follow, max-snippet:-1, max-image-preview:large, max-video-preview:-1\" \/>\n<link rel=\"canonical\" href=\"https:\/\/partsandpieces.nl\/de\/produkt\/borma-wachs-extra-starker-holzreiniger-auf-wasserbasis-1-liter\/\" \/>\n<meta property=\"og:locale\" content=\"de_DE\" \/>\n<meta property=\"og:type\" content=\"article\" \/>\n<meta property=\"og:title\" content=\"Extra sterke houtreiniger 1 liter van Borma Wachs\" \/>\n<meta property=\"og:description\" content=\"Extra sterke houtreiniger van Borma Wachs maakt een intensieve reiniging van hout mogelijk. Het verwijdert hardnekkig vuil en eerdere behandelingen.\" \/>\n<meta property=\"og:url\" content=\"https:\/\/partsandpieces.nl\/de\/produkt\/borma-wachs-extra-starker-holzreiniger-auf-wasserbasis-1-liter\/\" \/>\n<meta property=\"og:site_name\" content=\"Parts &amp; Pieces\" \/>\n<meta property=\"article:modified_time\" content=\"2026-01-10T14:01:08+00:00\" \/>\n<meta property=\"og:image\" content=\"https:\/\/partsandpieces.nl\/wp-content\/uploads\/2022\/09\/0091.jpg\" \/>\n\t<meta property=\"og:image:width\" content=\"600\" \/>\n\t<meta property=\"og:image:height\" content=\"600\" \/>\n\t<meta property=\"og:image:type\" content=\"image\/jpeg\" \/>\n<meta name=\"twitter:card\" content=\"summary_large_image\" \/>\n<meta name=\"twitter:label1\" content=\"Gesch\u00e4tzte Lesezeit\" \/>\n\t<meta name=\"twitter:data1\" content=\"1\u00a0Minute\" \/>\n<script type=\"application\/ld+json\" class=\"yoast-schema-graph\">{\"@context\":\"https:\\\/\\\/schema.org\",\"@graph\":[{\"@type\":\"WebPage\",\"@id\":\"https:\\\/\\\/partsandpieces.nl\\\/product\\\/borma-wachs-extra-sterke-houtreiniger-op-waterbasis-1-liter\\\/\",\"url\":\"https:\\\/\\\/partsandpieces.nl\\\/product\\\/borma-wachs-extra-sterke-houtreiniger-op-waterbasis-1-liter\\\/\",\"name\":\"Extra sterke houtreiniger 1 liter van Borma Wachs\",\"isPartOf\":{\"@id\":\"https:\\\/\\\/partsandpieces.nl\\\/#website\"},\"primaryImageOfPage\":{\"@id\":\"https:\\\/\\\/partsandpieces.nl\\\/product\\\/borma-wachs-extra-sterke-houtreiniger-op-waterbasis-1-liter\\\/#primaryimage\"},\"image\":{\"@id\":\"https:\\\/\\\/partsandpieces.nl\\\/product\\\/borma-wachs-extra-sterke-houtreiniger-op-waterbasis-1-liter\\\/#primaryimage\"},\"thumbnailUrl\":\"https:\\\/\\\/partsandpieces.nl\\\/wp-content\\\/uploads\\\/2022\\\/09\\\/0091.jpg\",\"datePublished\":\"2022-06-27T15:54:13+00:00\",\"dateModified\":\"2026-01-10T14:01:08+00:00\",\"description\":\"Extra sterke houtreiniger van Borma Wachs maakt een intensieve reiniging van hout mogelijk. Het verwijdert hardnekkig vuil en eerdere behandelingen.\",\"breadcrumb\":{\"@id\":\"https:\\\/\\\/partsandpieces.nl\\\/product\\\/borma-wachs-extra-sterke-houtreiniger-op-waterbasis-1-liter\\\/#breadcrumb\"},\"inLanguage\":\"de\",\"potentialAction\":[{\"@type\":\"ReadAction\",\"target\":[\"https:\\\/\\\/partsandpieces.nl\\\/product\\\/borma-wachs-extra-sterke-houtreiniger-op-waterbasis-1-liter\\\/\"]}]},{\"@type\":\"ImageObject\",\"inLanguage\":\"de\",\"@id\":\"https:\\\/\\\/partsandpieces.nl\\\/product\\\/borma-wachs-extra-sterke-houtreiniger-op-waterbasis-1-liter\\\/#primaryimage\",\"url\":\"https:\\\/\\\/partsandpieces.nl\\\/wp-content\\\/uploads\\\/2022\\\/09\\\/0091.jpg\",\"contentUrl\":\"https:\\\/\\\/partsandpieces.nl\\\/wp-content\\\/uploads\\\/2022\\\/09\\\/0091.jpg\",\"width\":600,\"height\":600},{\"@type\":\"BreadcrumbList\",\"@id\":\"https:\\\/\\\/partsandpieces.nl\\\/product\\\/borma-wachs-extra-sterke-houtreiniger-op-waterbasis-1-liter\\\/#breadcrumb\",\"itemListElement\":[{\"@type\":\"ListItem\",\"position\":1,\"name\":\"Home\",\"item\":\"https:\\\/\\\/partsandpieces.nl\\\/home\\\/\"},{\"@type\":\"ListItem\",\"position\":2,\"name\":\"Winkel\",\"item\":\"https:\\\/\\\/partsandpieces.nl\\\/winkel\\\/\"},{\"@type\":\"ListItem\",\"position\":3,\"name\":\"Borma Wachs Extra sterke houtreiniger op waterbasis 1 liter\"}]},{\"@type\":\"WebSite\",\"@id\":\"https:\\\/\\\/partsandpieces.nl\\\/#website\",\"url\":\"https:\\\/\\\/partsandpieces.nl\\\/\",\"name\":\"Parts &amp; Pieces\",\"description\":\"Alles voor uw meubelrestauratie en -onderhoud!\",\"potentialAction\":[{\"@type\":\"SearchAction\",\"target\":{\"@type\":\"EntryPoint\",\"urlTemplate\":\"https:\\\/\\\/partsandpieces.nl\\\/?s={search_term_string}\"},\"query-input\":{\"@type\":\"PropertyValueSpecification\",\"valueRequired\":true,\"valueName\":\"search_term_string\"}}],\"inLanguage\":\"de\"}]}<\/script>\n<!-- \/ Yoast SEO plugin. -->","yoast_head_json":{"title":"Extra starker Holzreiniger 1 Liter Borma Wachs","description":"Extra starker Holzreiniger von Borma Wachs erm\u00f6glicht eine intensive Reinigung von Holz. Es entfernt hartn\u00e4ckigen Schmutz und vorherige Behandlungen.","robots":{"index":"index","follow":"follow","max-snippet":"max-snippet:-1","max-image-preview":"max-image-preview:large","max-video-preview":"max-video-preview:-1"},"canonical":"https:\/\/partsandpieces.nl\/de\/produkt\/borma-wachs-extra-starker-holzreiniger-auf-wasserbasis-1-liter\/","og_locale":"de_DE","og_type":"article","og_title":"Extra sterke houtreiniger 1 liter van Borma Wachs","og_description":"Extra sterke houtreiniger van Borma Wachs maakt een intensieve reiniging van hout mogelijk. Het verwijdert hardnekkig vuil en eerdere behandelingen.","og_url":"https:\/\/partsandpieces.nl\/de\/produkt\/borma-wachs-extra-starker-holzreiniger-auf-wasserbasis-1-liter\/","og_site_name":"Parts &amp; Pieces","article_modified_time":"2026-01-10T14:01:08+00:00","og_image":[{"width":600,"height":600,"url":"https:\/\/partsandpieces.nl\/wp-content\/uploads\/2022\/09\/0091.jpg","type":"image\/jpeg"}],"twitter_card":"summary_large_image","twitter_misc":{"Gesch\u00e4tzte Lesezeit":"1\u00a0Minute"},"schema":{"@context":"https:\/\/schema.org","@graph":[{"@type":"WebPage","@id":"https:\/\/partsandpieces.nl\/product\/borma-wachs-extra-sterke-houtreiniger-op-waterbasis-1-liter\/","url":"https:\/\/partsandpieces.nl\/product\/borma-wachs-extra-sterke-houtreiniger-op-waterbasis-1-liter\/","name":"Extra starker Holzreiniger 1 Liter Borma Wachs","isPartOf":{"@id":"https:\/\/partsandpieces.nl\/#website"},"primaryImageOfPage":{"@id":"https:\/\/partsandpieces.nl\/product\/borma-wachs-extra-sterke-houtreiniger-op-waterbasis-1-liter\/#primaryimage"},"image":{"@id":"https:\/\/partsandpieces.nl\/product\/borma-wachs-extra-sterke-houtreiniger-op-waterbasis-1-liter\/#primaryimage"},"thumbnailUrl":"https:\/\/partsandpieces.nl\/wp-content\/uploads\/2022\/09\/0091.jpg","datePublished":"2022-06-27T15:54:13+00:00","dateModified":"2026-01-10T14:01:08+00:00","description":"Extra starker Holzreiniger von Borma Wachs erm\u00f6glicht eine intensive Reinigung von Holz. Es entfernt hartn\u00e4ckigen Schmutz und vorherige Behandlungen.","breadcrumb":{"@id":"https:\/\/partsandpieces.nl\/product\/borma-wachs-extra-sterke-houtreiniger-op-waterbasis-1-liter\/#breadcrumb"},"inLanguage":"de","potentialAction":[{"@type":"ReadAction","target":["https:\/\/partsandpieces.nl\/product\/borma-wachs-extra-sterke-houtreiniger-op-waterbasis-1-liter\/"]}]},{"@type":"ImageObject","inLanguage":"de","@id":"https:\/\/partsandpieces.nl\/product\/borma-wachs-extra-sterke-houtreiniger-op-waterbasis-1-liter\/#primaryimage","url":"https:\/\/partsandpieces.nl\/wp-content\/uploads\/2022\/09\/0091.jpg","contentUrl":"https:\/\/partsandpieces.nl\/wp-content\/uploads\/2022\/09\/0091.jpg","width":600,"height":600},{"@type":"BreadcrumbList","@id":"https:\/\/partsandpieces.nl\/product\/borma-wachs-extra-sterke-houtreiniger-op-waterbasis-1-liter\/#breadcrumb","itemListElement":[{"@type":"ListItem","position":1,"name":"Home","item":"https:\/\/partsandpieces.nl\/home\/"},{"@type":"ListItem","position":2,"name":"Winkel","item":"https:\/\/partsandpieces.nl\/winkel\/"},{"@type":"ListItem","position":3,"name":"Borma Wachs Extra sterke houtreiniger op waterbasis 1 liter"}]},{"@type":"WebSite","@id":"https:\/\/partsandpieces.nl\/#website","url":"https:\/\/partsandpieces.nl\/","name":"Teile &amp; St\u00fccke","description":"Alles f\u00fcr Ihre M\u00f6belrestaurierung und -pflege!","potentialAction":[{"@type":"SearchAction","target":{"@type":"EntryPoint","urlTemplate":"https:\/\/partsandpieces.nl\/?s={search_term_string}"},"query-input":{"@type":"PropertyValueSpecification","valueRequired":true,"valueName":"search_term_string"}}],"inLanguage":"de"}]}},"_links":{"self":[{"href":"https:\/\/partsandpieces.nl\/de\/wp-json\/wp\/v2\/product\/2880","targetHints":{"allow":["GET"]}}],"collection":[{"href":"https:\/\/partsandpieces.nl\/de\/wp-json\/wp\/v2\/product"}],"about":[{"href":"https:\/\/partsandpieces.nl\/de\/wp-json\/wp\/v2\/types\/product"}],"wp:featuredmedia":[{"embeddable":true,"href":"https:\/\/partsandpieces.nl\/de\/wp-json\/wp\/v2\/media\/2881"}],"wp:attachment":[{"href":"https:\/\/partsandpieces.nl\/de\/wp-json\/wp\/v2\/media?parent=2880"}],"wp:term":[{"taxonomy":"product_brand","embeddable":true,"href":"https:\/\/partsandpieces.nl\/de\/wp-json\/wp\/v2\/product_brand?post=2880"},{"taxonomy":"product_cat","embeddable":true,"href":"https:\/\/partsandpieces.nl\/de\/wp-json\/wp\/v2\/product_cat?post=2880"},{"taxonomy":"product_tag","embeddable":true,"href":"https:\/\/partsandpieces.nl\/de\/wp-json\/wp\/v2\/product_tag?post=2880"}],"curies":[{"name":"wp","href":"https:\/\/api.w.org\/{rel}","templated":true}]}}