{"id":2890,"date":"2022-07-06T11:50:42","date_gmt":"2022-07-06T11:50:42","guid":{"rendered":"https:\/\/partsandpieces.bonsaidev.nl\/?product=borma-wachs-gronderingsolie-als-grondlaag-voor-was-kleurloos-1-liter"},"modified":"2025-12-06T21:49:15","modified_gmt":"2025-12-06T20:49:15","slug":"borma-wachs-grundierol-als-grundanstrich-fur-wachs-farblos-1-liter","status":"publish","type":"product","link":"https:\/\/partsandpieces.nl\/de\/product\/borma-wachs-gronderingsolie-als-grondlaag-voor-was-kleurloos-1-liter\/","title":{"rendered":"Borma Wachs Grundier\u00f6l als Grundierung f\u00fcr Wachs Transparent 1 Liter"},"content":{"rendered":"<p><b>Grundier\u00f6l als Grundierung f\u00fcr Wachs<\/b> von <a href=\"https:\/\/bormawachs.com\/\">Borma Wachs<\/a> ist ein nat\u00fcrliches Grundier\u00f6l f\u00fcr alle Holzarten im Innenbereich. Es besteht aus einer Mischung nat\u00fcrlicher \u00d6le, die das Holz in seinen urspr\u00fcnglichen Zustand zur\u00fcckversetzen. Es soll den Anfangsschutz f\u00fcr alle unbehandelten H\u00f6lzer verbessern. Seine wasser- und schmutzabweisenden Eigenschaften sind ideal f\u00fcr die Behandlung jeder Oberfl\u00e4che vor dem Wachsen eines Holzbodens oder M\u00f6belst\u00fccks.<\/p>\n<p>\u2013 ideal als Grundierung f\u00fcr <span style=\"text-decoration: underline;\"><a href=\"https:\/\/partsandpieces.nl\/de\/produktkategorie-2\/oberflachenbehandlung-2\/mobelpolitur\/\">fr\u00fcher war<\/a><\/span><br \/>\n\u2013 f\u00fcr alle Holzarten<br \/>\n\u2013 wasser- und schmutzabweisend<br \/>\n- einsatzbereit<br \/>\n\u2013 frei von Formaldehyd<\/p>\n<p>Dieses Grundier\u00f6l ist auf Anfrage in Volumina von 5 Liter, 10 Liter oder 20 Liter sowie in 12 verschiedenen Farben erh\u00e4ltlich: Pine, Grey Oak, Dark Oak, Light Nuts, White, Light Cherry, Mahogany, Dark Nuts, Middle Nuts, Rosewood , Eiche Rustikal oder Schwarz.<\/p>\n<p><b>Anweisungen<\/b><br \/>\n\u2013 Tragen Sie das Grundier\u00f6l als Wachsuntergrund gleichm\u00e4\u00dfig und vorzugsweise in Richtung der Holzmaserung mit einem Pinsel oder einem weichen, fusselfreien Tuch auf<br \/>\n\u2013 15 bis 20 Minuten einwirken lassen<br \/>\n\u2013 Entfernen Sie gegebenenfalls \u00fcbersch\u00fcssiges \u00d6l mit einem weichen Tuch und lassen Sie die Oberfl\u00e4che 6 bis 8 Stunden trocknen<br \/>\n\u2013 Nach dem Grundieren k\u00f6nnen Sie den Boden oder die M\u00f6bel abschleifen oder mit Wachs veredeln<\/p>","protected":false},"excerpt":{"rendered":"<p>Gronderingsolie als grondlaag voor was van Borma Wachs is een natuurlijke gronderingsolie voor alle houtsoorten voor binnen. Het bestaat uit een mix van natuurlijke oli\u00ebn waarmee het hout terugbrengt naar zijn oorspronkelijke staat. Het is bedoeld om de eerste bescherming te verbeteren voor alle onbehandelde houtsoorten. De water- en vlekwerende eigenschappen zijn ideaal voor het [&hellip;]<\/p>\n","protected":false},"featured_media":2891,"template":"","meta":{"_acf_changed":false},"product_brand":[],"product_cat":[74,64,85],"product_tag":[],"class_list":{"0":"post-2890","1":"product","2":"type-product","3":"status-publish","4":"has-post-thumbnail","6":"product_cat-meubelolie","7":"product_cat-oppervlakte-behandeling-borma-wachs","8":"product_cat-vloerwas-duurzame-bescherming","10":"first","11":"instock","12":"taxable","13":"shipping-taxable","14":"purchasable","15":"product-type-simple"},"acf":[],"yoast_head":"<!-- This site is optimized with the Yoast SEO plugin v27.3 - https:\/\/yoast.com\/product\/yoast-seo-wordpress\/ -->\n<title>Gronderingsolie als grondlaag voor was van Borma Wachs<\/title>\n<meta name=\"description\" content=\"Gronderingsolie als grondlaag voor was van Borma Wachs verbetert de eerste bescherming voor je hout v\u00f3\u00f3r het in de was zetten van je vloer of meubelstuk.\" \/>\n<meta name=\"robots\" content=\"index, follow, max-snippet:-1, max-image-preview:large, max-video-preview:-1\" \/>\n<link rel=\"canonical\" href=\"https:\/\/partsandpieces.nl\/de\/produkt\/borma-wachs-grundierol-als-grundanstrich-fur-wachs-farblos-1-liter\/\" \/>\n<meta property=\"og:locale\" content=\"de_DE\" \/>\n<meta property=\"og:type\" content=\"article\" \/>\n<meta property=\"og:title\" content=\"Gronderingsolie als grondlaag voor was van Borma Wachs\" \/>\n<meta property=\"og:description\" content=\"Gronderingsolie als grondlaag voor was van Borma Wachs verbetert de eerste bescherming voor je hout v\u00f3\u00f3r het in de was zetten van je vloer of meubelstuk.\" \/>\n<meta property=\"og:url\" content=\"https:\/\/partsandpieces.nl\/de\/produkt\/borma-wachs-grundierol-als-grundanstrich-fur-wachs-farblos-1-liter\/\" \/>\n<meta property=\"og:site_name\" content=\"Parts &amp; Pieces\" \/>\n<meta property=\"article:modified_time\" content=\"2025-12-06T20:49:15+00:00\" \/>\n<meta property=\"og:image\" content=\"https:\/\/partsandpieces.nl\/wp-content\/uploads\/2022\/09\/3910XX.jpg\" \/>\n\t<meta property=\"og:image:width\" content=\"800\" \/>\n\t<meta property=\"og:image:height\" content=\"800\" \/>\n\t<meta property=\"og:image:type\" content=\"image\/jpeg\" \/>\n<meta name=\"twitter:card\" content=\"summary_large_image\" \/>\n<meta name=\"twitter:label1\" content=\"Gesch\u00e4tzte Lesezeit\" \/>\n\t<meta name=\"twitter:data1\" content=\"1\u00a0Minute\" \/>\n<script type=\"application\/ld+json\" class=\"yoast-schema-graph\">{\"@context\":\"https:\\\/\\\/schema.org\",\"@graph\":[{\"@type\":\"WebPage\",\"@id\":\"https:\\\/\\\/partsandpieces.nl\\\/product\\\/borma-wachs-gronderingsolie-als-grondlaag-voor-was-kleurloos-1-liter\\\/\",\"url\":\"https:\\\/\\\/partsandpieces.nl\\\/product\\\/borma-wachs-gronderingsolie-als-grondlaag-voor-was-kleurloos-1-liter\\\/\",\"name\":\"Gronderingsolie als grondlaag voor was van Borma Wachs\",\"isPartOf\":{\"@id\":\"https:\\\/\\\/partsandpieces.nl\\\/#website\"},\"primaryImageOfPage\":{\"@id\":\"https:\\\/\\\/partsandpieces.nl\\\/product\\\/borma-wachs-gronderingsolie-als-grondlaag-voor-was-kleurloos-1-liter\\\/#primaryimage\"},\"image\":{\"@id\":\"https:\\\/\\\/partsandpieces.nl\\\/product\\\/borma-wachs-gronderingsolie-als-grondlaag-voor-was-kleurloos-1-liter\\\/#primaryimage\"},\"thumbnailUrl\":\"https:\\\/\\\/partsandpieces.nl\\\/wp-content\\\/uploads\\\/2022\\\/09\\\/3910XX.jpg\",\"datePublished\":\"2022-07-06T11:50:42+00:00\",\"dateModified\":\"2025-12-06T20:49:15+00:00\",\"description\":\"Gronderingsolie als grondlaag voor was van Borma Wachs verbetert de eerste bescherming voor je hout v\u00f3\u00f3r het in de was zetten van je vloer of meubelstuk.\",\"breadcrumb\":{\"@id\":\"https:\\\/\\\/partsandpieces.nl\\\/product\\\/borma-wachs-gronderingsolie-als-grondlaag-voor-was-kleurloos-1-liter\\\/#breadcrumb\"},\"inLanguage\":\"de\",\"potentialAction\":[{\"@type\":\"ReadAction\",\"target\":[\"https:\\\/\\\/partsandpieces.nl\\\/product\\\/borma-wachs-gronderingsolie-als-grondlaag-voor-was-kleurloos-1-liter\\\/\"]}]},{\"@type\":\"ImageObject\",\"inLanguage\":\"de\",\"@id\":\"https:\\\/\\\/partsandpieces.nl\\\/product\\\/borma-wachs-gronderingsolie-als-grondlaag-voor-was-kleurloos-1-liter\\\/#primaryimage\",\"url\":\"https:\\\/\\\/partsandpieces.nl\\\/wp-content\\\/uploads\\\/2022\\\/09\\\/3910XX.jpg\",\"contentUrl\":\"https:\\\/\\\/partsandpieces.nl\\\/wp-content\\\/uploads\\\/2022\\\/09\\\/3910XX.jpg\",\"width\":800,\"height\":800},{\"@type\":\"BreadcrumbList\",\"@id\":\"https:\\\/\\\/partsandpieces.nl\\\/product\\\/borma-wachs-gronderingsolie-als-grondlaag-voor-was-kleurloos-1-liter\\\/#breadcrumb\",\"itemListElement\":[{\"@type\":\"ListItem\",\"position\":1,\"name\":\"Home\",\"item\":\"https:\\\/\\\/partsandpieces.nl\\\/home\\\/\"},{\"@type\":\"ListItem\",\"position\":2,\"name\":\"Winkel\",\"item\":\"https:\\\/\\\/partsandpieces.nl\\\/winkel\\\/\"},{\"@type\":\"ListItem\",\"position\":3,\"name\":\"Borma Wachs Gronderingsolie als grondlaag voor was Transparant 1 liter\"}]},{\"@type\":\"WebSite\",\"@id\":\"https:\\\/\\\/partsandpieces.nl\\\/#website\",\"url\":\"https:\\\/\\\/partsandpieces.nl\\\/\",\"name\":\"Parts &amp; Pieces\",\"description\":\"Alles voor uw meubelrestauratie en -onderhoud!\",\"potentialAction\":[{\"@type\":\"SearchAction\",\"target\":{\"@type\":\"EntryPoint\",\"urlTemplate\":\"https:\\\/\\\/partsandpieces.nl\\\/?s={search_term_string}\"},\"query-input\":{\"@type\":\"PropertyValueSpecification\",\"valueRequired\":true,\"valueName\":\"search_term_string\"}}],\"inLanguage\":\"de\"}]}<\/script>\n<!-- \/ Yoast SEO plugin. -->","yoast_head_json":{"title":"Grundier\u00f6l als Grundierung f\u00fcr Borma Wachs Wachs","description":"Grundier\u00f6l als Grundierung f\u00fcr Wachs von Borma Wachs verbessert den Anfangsschutz Ihres Holzes vor dem Wachsen Ihres Bodens oder M\u00f6belst\u00fccks.","robots":{"index":"index","follow":"follow","max-snippet":"max-snippet:-1","max-image-preview":"max-image-preview:large","max-video-preview":"max-video-preview:-1"},"canonical":"https:\/\/partsandpieces.nl\/de\/produkt\/borma-wachs-grundierol-als-grundanstrich-fur-wachs-farblos-1-liter\/","og_locale":"de_DE","og_type":"article","og_title":"Gronderingsolie als grondlaag voor was van Borma Wachs","og_description":"Gronderingsolie als grondlaag voor was van Borma Wachs verbetert de eerste bescherming voor je hout v\u00f3\u00f3r het in de was zetten van je vloer of meubelstuk.","og_url":"https:\/\/partsandpieces.nl\/de\/produkt\/borma-wachs-grundierol-als-grundanstrich-fur-wachs-farblos-1-liter\/","og_site_name":"Parts &amp; Pieces","article_modified_time":"2025-12-06T20:49:15+00:00","og_image":[{"width":800,"height":800,"url":"https:\/\/partsandpieces.nl\/wp-content\/uploads\/2022\/09\/3910XX.jpg","type":"image\/jpeg"}],"twitter_card":"summary_large_image","twitter_misc":{"Gesch\u00e4tzte Lesezeit":"1\u00a0Minute"},"schema":{"@context":"https:\/\/schema.org","@graph":[{"@type":"WebPage","@id":"https:\/\/partsandpieces.nl\/product\/borma-wachs-gronderingsolie-als-grondlaag-voor-was-kleurloos-1-liter\/","url":"https:\/\/partsandpieces.nl\/product\/borma-wachs-gronderingsolie-als-grondlaag-voor-was-kleurloos-1-liter\/","name":"Grundier\u00f6l als Grundierung f\u00fcr Borma Wachs Wachs","isPartOf":{"@id":"https:\/\/partsandpieces.nl\/#website"},"primaryImageOfPage":{"@id":"https:\/\/partsandpieces.nl\/product\/borma-wachs-gronderingsolie-als-grondlaag-voor-was-kleurloos-1-liter\/#primaryimage"},"image":{"@id":"https:\/\/partsandpieces.nl\/product\/borma-wachs-gronderingsolie-als-grondlaag-voor-was-kleurloos-1-liter\/#primaryimage"},"thumbnailUrl":"https:\/\/partsandpieces.nl\/wp-content\/uploads\/2022\/09\/3910XX.jpg","datePublished":"2022-07-06T11:50:42+00:00","dateModified":"2025-12-06T20:49:15+00:00","description":"Grundier\u00f6l als Grundierung f\u00fcr Wachs von Borma Wachs verbessert den Anfangsschutz Ihres Holzes vor dem Wachsen Ihres Bodens oder M\u00f6belst\u00fccks.","breadcrumb":{"@id":"https:\/\/partsandpieces.nl\/product\/borma-wachs-gronderingsolie-als-grondlaag-voor-was-kleurloos-1-liter\/#breadcrumb"},"inLanguage":"de","potentialAction":[{"@type":"ReadAction","target":["https:\/\/partsandpieces.nl\/product\/borma-wachs-gronderingsolie-als-grondlaag-voor-was-kleurloos-1-liter\/"]}]},{"@type":"ImageObject","inLanguage":"de","@id":"https:\/\/partsandpieces.nl\/product\/borma-wachs-gronderingsolie-als-grondlaag-voor-was-kleurloos-1-liter\/#primaryimage","url":"https:\/\/partsandpieces.nl\/wp-content\/uploads\/2022\/09\/3910XX.jpg","contentUrl":"https:\/\/partsandpieces.nl\/wp-content\/uploads\/2022\/09\/3910XX.jpg","width":800,"height":800},{"@type":"BreadcrumbList","@id":"https:\/\/partsandpieces.nl\/product\/borma-wachs-gronderingsolie-als-grondlaag-voor-was-kleurloos-1-liter\/#breadcrumb","itemListElement":[{"@type":"ListItem","position":1,"name":"Home","item":"https:\/\/partsandpieces.nl\/home\/"},{"@type":"ListItem","position":2,"name":"Winkel","item":"https:\/\/partsandpieces.nl\/winkel\/"},{"@type":"ListItem","position":3,"name":"Borma Wachs Gronderingsolie als grondlaag voor was Transparant 1 liter"}]},{"@type":"WebSite","@id":"https:\/\/partsandpieces.nl\/#website","url":"https:\/\/partsandpieces.nl\/","name":"Teile &amp; St\u00fccke","description":"Alles f\u00fcr Ihre M\u00f6belrestaurierung und -pflege!","potentialAction":[{"@type":"SearchAction","target":{"@type":"EntryPoint","urlTemplate":"https:\/\/partsandpieces.nl\/?s={search_term_string}"},"query-input":{"@type":"PropertyValueSpecification","valueRequired":true,"valueName":"search_term_string"}}],"inLanguage":"de"}]}},"_links":{"self":[{"href":"https:\/\/partsandpieces.nl\/de\/wp-json\/wp\/v2\/product\/2890","targetHints":{"allow":["GET"]}}],"collection":[{"href":"https:\/\/partsandpieces.nl\/de\/wp-json\/wp\/v2\/product"}],"about":[{"href":"https:\/\/partsandpieces.nl\/de\/wp-json\/wp\/v2\/types\/product"}],"wp:featuredmedia":[{"embeddable":true,"href":"https:\/\/partsandpieces.nl\/de\/wp-json\/wp\/v2\/media\/2891"}],"wp:attachment":[{"href":"https:\/\/partsandpieces.nl\/de\/wp-json\/wp\/v2\/media?parent=2890"}],"wp:term":[{"taxonomy":"product_brand","embeddable":true,"href":"https:\/\/partsandpieces.nl\/de\/wp-json\/wp\/v2\/product_brand?post=2890"},{"taxonomy":"product_cat","embeddable":true,"href":"https:\/\/partsandpieces.nl\/de\/wp-json\/wp\/v2\/product_cat?post=2890"},{"taxonomy":"product_tag","embeddable":true,"href":"https:\/\/partsandpieces.nl\/de\/wp-json\/wp\/v2\/product_tag?post=2890"}],"curies":[{"name":"wp","href":"https:\/\/api.w.org\/{rel}","templated":true}]}}