{"id":2892,"date":"2022-07-06T14:19:24","date_gmt":"2022-07-06T12:19:24","guid":{"rendered":"https:\/\/partsandpieces.bonsaidev.nl\/?product=borma-wachs-antiekwas-met-bijenwas-en-carnauba-teak-5-liter"},"modified":"2026-02-04T12:37:08","modified_gmt":"2026-02-04T11:37:08","slug":"bormawachs-antikwachs-mit-bienenwachs-und-carnauba-teak-farbe-17","status":"publish","type":"product","link":"https:\/\/partsandpieces.nl\/de\/product\/borma-wachs-antiekwas-met-bijenwas-en-carnauba-teak-kleur-17\/","title":{"rendered":"Borma Wachs Antikwachs mit Bienenwachs und Carnauba Teak (Farbe 17)"},"content":{"rendered":"<p><strong>Antikwachs mit Bienenwachs und Carnaubafarbe Teak<\/strong>\u00a0von\u00a0<a href=\"http:\/\/www.bormawachs.com\/\">Borma Wachs<\/a>\u00a0ist eine absolut \u00f6kologische Wachsdispersion. Es pflegt, regeneriert, sch\u00fctzt und poliert alle Holzarten ohne Zusatz von Silikonen oder Kunstharzen.\u00a0<strong>Besonders empfehlenswert f\u00fcr hochwertige M\u00f6bel<\/strong>. Es enth\u00e4lt die wichtigsten nat\u00fcrlichen Wachse mineralischen Ursprungs wie Montanwachs, tierischen Ursprungs wie Bienenwachs und pflanzlichen Ursprungs wie Carnaubawachs. In past\u00f6ser und fl\u00fcssiger Form hergestellt, hat es eine gute Schutzwirkung durch besonders widerstandsf\u00e4hige Leuchtpigmente, die die W\u00e4rme und Farbe des Holzes verst\u00e4rken und eventuelle Fehlstellen retuschieren. Wirkt auch als Schutz gegen Holzw\u00fcrmer.<\/p>\n<p><strong>Bienenwachs mit Carnauba f\u00fcr antike M\u00f6bel. N\u00e4hrt, sch\u00fctzt und pflegt alle Holzarten.<\/strong><\/p>\n<p><b>Anweisungen<br \/>\n<\/b>\u2013 Tragen Sie die Antikwachsfarbe Teak mit einem Pinsel oder einem weichen Wolltuch direkt auf die zu behandelnde Oberfl\u00e4che auf. Falls verf\u00e4rbt, vor Gebrauch testen<br \/>\n\u2013 Mit einem weichen Tuch gleichm\u00e4\u00dfig abreiben, sodass ein feuchter Film auf Ihren M\u00f6beln entsteht<br \/>\n\u2013 1-2 Stunden einwirken lassen<br \/>\n\u2013 Mit einer B\u00fcrste oder einem weichen Tuch polieren.<\/p>","protected":false},"excerpt":{"rendered":"<p>Antiekwas met bijenwas en carnauba kleur Teak\u00a0van\u00a0Borma Wachs\u00a0is een volledig ecologische wasdispersie. Het verzorgt, regenereert, beschermt en polijst alle houtsoorten zonder toevoeging van siliconen of kunstharsen.\u00a0Bijzonder aanbevolen voor meubels van hoge kwaliteit. Het bevat de belangrijkste natuurlijke wassen van minerale oorsprong zoals montaanwas, van dierlijke oorsprong als bijenwas en van plantaardige oorsprong als carnaubawas. Geproduceerd [&hellip;]<\/p>\n","protected":false},"featured_media":67,"template":"","meta":{"_acf_changed":false},"product_brand":[],"product_cat":[115,75,64],"product_tag":[],"class_list":{"0":"post-2892","1":"product","2":"type-product","3":"status-publish","4":"has-post-thumbnail","6":"product_cat-antiekwas","7":"product_cat-meubelwas","8":"product_cat-oppervlakte-behandeling-borma-wachs","10":"first","11":"instock","12":"taxable","13":"shipping-taxable","14":"purchasable","15":"product-type-variable"},"acf":[],"yoast_head":"<!-- This site is optimized with the Yoast SEO plugin v27.3 - https:\/\/yoast.com\/product\/yoast-seo-wordpress\/ -->\n<title>Antiekwas kleur Teak van Borma Wachs<\/title>\n<meta name=\"description\" content=\"Antiekwas kleur Teak van Borma Wachs voedt, beschermt en verzorgt alle houtsoorten. Speciaal voor antieke meubels van hoge kwaliteit.\" \/>\n<meta name=\"robots\" content=\"index, follow, max-snippet:-1, max-image-preview:large, max-video-preview:-1\" \/>\n<link rel=\"canonical\" href=\"https:\/\/partsandpieces.nl\/de\/produkt\/bormawachs-antikwachs-mit-bienenwachs-und-carnauba-teak-farbe-17\/\" \/>\n<meta property=\"og:locale\" content=\"de_DE\" \/>\n<meta property=\"og:type\" content=\"article\" \/>\n<meta property=\"og:title\" content=\"Antiekwas kleur Teak van Borma Wachs\" \/>\n<meta property=\"og:description\" content=\"Antiekwas kleur Teak van Borma Wachs voedt, beschermt en verzorgt alle houtsoorten. Speciaal voor antieke meubels van hoge kwaliteit.\" \/>\n<meta property=\"og:url\" content=\"https:\/\/partsandpieces.nl\/de\/produkt\/bormawachs-antikwachs-mit-bienenwachs-und-carnauba-teak-farbe-17\/\" \/>\n<meta property=\"og:site_name\" content=\"Parts &amp; Pieces\" \/>\n<meta property=\"article:modified_time\" content=\"2026-02-04T11:37:08+00:00\" \/>\n<meta property=\"og:image\" content=\"https:\/\/partsandpieces.nl\/wp-content\/uploads\/2022\/09\/Antiekwas500ml.Donkerbruin.jpg\" \/>\n\t<meta property=\"og:image:width\" content=\"600\" \/>\n\t<meta property=\"og:image:height\" content=\"600\" \/>\n\t<meta property=\"og:image:type\" content=\"image\/jpeg\" \/>\n<meta name=\"twitter:card\" content=\"summary_large_image\" \/>\n<meta name=\"twitter:label1\" content=\"Gesch\u00e4tzte Lesezeit\" \/>\n\t<meta name=\"twitter:data1\" content=\"1\u00a0Minute\" \/>\n<script type=\"application\/ld+json\" class=\"yoast-schema-graph\">{\"@context\":\"https:\\\/\\\/schema.org\",\"@graph\":[{\"@type\":\"WebPage\",\"@id\":\"https:\\\/\\\/partsandpieces.nl\\\/product\\\/borma-wachs-antiekwas-met-bijenwas-en-carnauba-teak-kleur-17\\\/\",\"url\":\"https:\\\/\\\/partsandpieces.nl\\\/product\\\/borma-wachs-antiekwas-met-bijenwas-en-carnauba-teak-kleur-17\\\/\",\"name\":\"Antiekwas kleur Teak van Borma Wachs\",\"isPartOf\":{\"@id\":\"https:\\\/\\\/partsandpieces.nl\\\/#website\"},\"primaryImageOfPage\":{\"@id\":\"https:\\\/\\\/partsandpieces.nl\\\/product\\\/borma-wachs-antiekwas-met-bijenwas-en-carnauba-teak-kleur-17\\\/#primaryimage\"},\"image\":{\"@id\":\"https:\\\/\\\/partsandpieces.nl\\\/product\\\/borma-wachs-antiekwas-met-bijenwas-en-carnauba-teak-kleur-17\\\/#primaryimage\"},\"thumbnailUrl\":\"https:\\\/\\\/partsandpieces.nl\\\/wp-content\\\/uploads\\\/2022\\\/09\\\/Antiekwas500ml.Donkerbruin.jpg\",\"datePublished\":\"2022-07-06T12:19:24+00:00\",\"dateModified\":\"2026-02-04T11:37:08+00:00\",\"description\":\"Antiekwas kleur Teak van Borma Wachs voedt, beschermt en verzorgt alle houtsoorten. Speciaal voor antieke meubels van hoge kwaliteit.\",\"breadcrumb\":{\"@id\":\"https:\\\/\\\/partsandpieces.nl\\\/product\\\/borma-wachs-antiekwas-met-bijenwas-en-carnauba-teak-kleur-17\\\/#breadcrumb\"},\"inLanguage\":\"de\",\"potentialAction\":[{\"@type\":\"ReadAction\",\"target\":[\"https:\\\/\\\/partsandpieces.nl\\\/product\\\/borma-wachs-antiekwas-met-bijenwas-en-carnauba-teak-kleur-17\\\/\"]}]},{\"@type\":\"ImageObject\",\"inLanguage\":\"de\",\"@id\":\"https:\\\/\\\/partsandpieces.nl\\\/product\\\/borma-wachs-antiekwas-met-bijenwas-en-carnauba-teak-kleur-17\\\/#primaryimage\",\"url\":\"https:\\\/\\\/partsandpieces.nl\\\/wp-content\\\/uploads\\\/2022\\\/09\\\/Antiekwas500ml.Donkerbruin.jpg\",\"contentUrl\":\"https:\\\/\\\/partsandpieces.nl\\\/wp-content\\\/uploads\\\/2022\\\/09\\\/Antiekwas500ml.Donkerbruin.jpg\",\"width\":600,\"height\":600,\"caption\":\"Antiekwas van Borma Wachs\"},{\"@type\":\"BreadcrumbList\",\"@id\":\"https:\\\/\\\/partsandpieces.nl\\\/product\\\/borma-wachs-antiekwas-met-bijenwas-en-carnauba-teak-kleur-17\\\/#breadcrumb\",\"itemListElement\":[{\"@type\":\"ListItem\",\"position\":1,\"name\":\"Home\",\"item\":\"https:\\\/\\\/partsandpieces.nl\\\/home\\\/\"},{\"@type\":\"ListItem\",\"position\":2,\"name\":\"Winkel\",\"item\":\"https:\\\/\\\/partsandpieces.nl\\\/winkel\\\/\"},{\"@type\":\"ListItem\",\"position\":3,\"name\":\"Borma Wachs Antiekwas met bijenwas en carnauba Teak (kleur 17)\"}]},{\"@type\":\"WebSite\",\"@id\":\"https:\\\/\\\/partsandpieces.nl\\\/#website\",\"url\":\"https:\\\/\\\/partsandpieces.nl\\\/\",\"name\":\"Parts &amp; Pieces\",\"description\":\"Alles voor uw meubelrestauratie en -onderhoud!\",\"potentialAction\":[{\"@type\":\"SearchAction\",\"target\":{\"@type\":\"EntryPoint\",\"urlTemplate\":\"https:\\\/\\\/partsandpieces.nl\\\/?s={search_term_string}\"},\"query-input\":{\"@type\":\"PropertyValueSpecification\",\"valueRequired\":true,\"valueName\":\"search_term_string\"}}],\"inLanguage\":\"de\"}]}<\/script>\n<!-- \/ Yoast SEO plugin. -->","yoast_head_json":{"title":"Antik-Wash-Farbe Teak von Borma Wachs","description":"Antikwachsfarbe Teak von Borma Wachs pflegt, sch\u00fctzt und pflegt alle Holzarten. Speziell f\u00fcr hochwertige antike M\u00f6bel.","robots":{"index":"index","follow":"follow","max-snippet":"max-snippet:-1","max-image-preview":"max-image-preview:large","max-video-preview":"max-video-preview:-1"},"canonical":"https:\/\/partsandpieces.nl\/de\/produkt\/bormawachs-antikwachs-mit-bienenwachs-und-carnauba-teak-farbe-17\/","og_locale":"de_DE","og_type":"article","og_title":"Antiekwas kleur Teak van Borma Wachs","og_description":"Antiekwas kleur Teak van Borma Wachs voedt, beschermt en verzorgt alle houtsoorten. Speciaal voor antieke meubels van hoge kwaliteit.","og_url":"https:\/\/partsandpieces.nl\/de\/produkt\/bormawachs-antikwachs-mit-bienenwachs-und-carnauba-teak-farbe-17\/","og_site_name":"Parts &amp; Pieces","article_modified_time":"2026-02-04T11:37:08+00:00","og_image":[{"width":600,"height":600,"url":"https:\/\/partsandpieces.nl\/wp-content\/uploads\/2022\/09\/Antiekwas500ml.Donkerbruin.jpg","type":"image\/jpeg"}],"twitter_card":"summary_large_image","twitter_misc":{"Gesch\u00e4tzte Lesezeit":"1\u00a0Minute"},"schema":{"@context":"https:\/\/schema.org","@graph":[{"@type":"WebPage","@id":"https:\/\/partsandpieces.nl\/product\/borma-wachs-antiekwas-met-bijenwas-en-carnauba-teak-kleur-17\/","url":"https:\/\/partsandpieces.nl\/product\/borma-wachs-antiekwas-met-bijenwas-en-carnauba-teak-kleur-17\/","name":"Antik-Wash-Farbe Teak von Borma Wachs","isPartOf":{"@id":"https:\/\/partsandpieces.nl\/#website"},"primaryImageOfPage":{"@id":"https:\/\/partsandpieces.nl\/product\/borma-wachs-antiekwas-met-bijenwas-en-carnauba-teak-kleur-17\/#primaryimage"},"image":{"@id":"https:\/\/partsandpieces.nl\/product\/borma-wachs-antiekwas-met-bijenwas-en-carnauba-teak-kleur-17\/#primaryimage"},"thumbnailUrl":"https:\/\/partsandpieces.nl\/wp-content\/uploads\/2022\/09\/Antiekwas500ml.Donkerbruin.jpg","datePublished":"2022-07-06T12:19:24+00:00","dateModified":"2026-02-04T11:37:08+00:00","description":"Antikwachsfarbe Teak von Borma Wachs pflegt, sch\u00fctzt und pflegt alle Holzarten. Speziell f\u00fcr hochwertige antike M\u00f6bel.","breadcrumb":{"@id":"https:\/\/partsandpieces.nl\/product\/borma-wachs-antiekwas-met-bijenwas-en-carnauba-teak-kleur-17\/#breadcrumb"},"inLanguage":"de","potentialAction":[{"@type":"ReadAction","target":["https:\/\/partsandpieces.nl\/product\/borma-wachs-antiekwas-met-bijenwas-en-carnauba-teak-kleur-17\/"]}]},{"@type":"ImageObject","inLanguage":"de","@id":"https:\/\/partsandpieces.nl\/product\/borma-wachs-antiekwas-met-bijenwas-en-carnauba-teak-kleur-17\/#primaryimage","url":"https:\/\/partsandpieces.nl\/wp-content\/uploads\/2022\/09\/Antiekwas500ml.Donkerbruin.jpg","contentUrl":"https:\/\/partsandpieces.nl\/wp-content\/uploads\/2022\/09\/Antiekwas500ml.Donkerbruin.jpg","width":600,"height":600,"caption":"Antiekwas van Borma Wachs"},{"@type":"BreadcrumbList","@id":"https:\/\/partsandpieces.nl\/product\/borma-wachs-antiekwas-met-bijenwas-en-carnauba-teak-kleur-17\/#breadcrumb","itemListElement":[{"@type":"ListItem","position":1,"name":"Home","item":"https:\/\/partsandpieces.nl\/home\/"},{"@type":"ListItem","position":2,"name":"Winkel","item":"https:\/\/partsandpieces.nl\/winkel\/"},{"@type":"ListItem","position":3,"name":"Borma Wachs Antiekwas met bijenwas en carnauba Teak (kleur 17)"}]},{"@type":"WebSite","@id":"https:\/\/partsandpieces.nl\/#website","url":"https:\/\/partsandpieces.nl\/","name":"Teile &amp; St\u00fccke","description":"Alles f\u00fcr Ihre M\u00f6belrestaurierung und -pflege!","potentialAction":[{"@type":"SearchAction","target":{"@type":"EntryPoint","urlTemplate":"https:\/\/partsandpieces.nl\/?s={search_term_string}"},"query-input":{"@type":"PropertyValueSpecification","valueRequired":true,"valueName":"search_term_string"}}],"inLanguage":"de"}]}},"_links":{"self":[{"href":"https:\/\/partsandpieces.nl\/de\/wp-json\/wp\/v2\/product\/2892","targetHints":{"allow":["GET"]}}],"collection":[{"href":"https:\/\/partsandpieces.nl\/de\/wp-json\/wp\/v2\/product"}],"about":[{"href":"https:\/\/partsandpieces.nl\/de\/wp-json\/wp\/v2\/types\/product"}],"wp:featuredmedia":[{"embeddable":true,"href":"https:\/\/partsandpieces.nl\/de\/wp-json\/wp\/v2\/media\/67"}],"wp:attachment":[{"href":"https:\/\/partsandpieces.nl\/de\/wp-json\/wp\/v2\/media?parent=2892"}],"wp:term":[{"taxonomy":"product_brand","embeddable":true,"href":"https:\/\/partsandpieces.nl\/de\/wp-json\/wp\/v2\/product_brand?post=2892"},{"taxonomy":"product_cat","embeddable":true,"href":"https:\/\/partsandpieces.nl\/de\/wp-json\/wp\/v2\/product_cat?post=2892"},{"taxonomy":"product_tag","embeddable":true,"href":"https:\/\/partsandpieces.nl\/de\/wp-json\/wp\/v2\/product_tag?post=2892"}],"curies":[{"name":"wp","href":"https:\/\/api.w.org\/{rel}","templated":true}]}}