{"id":2893,"date":"2022-07-06T14:32:20","date_gmt":"2022-07-06T14:32:20","guid":{"rendered":"https:\/\/partsandpieces.bonsaidev.nl\/?product=borma-wachs-zachte-stopwas-natuurlijk-eiken-02"},"modified":"2026-03-05T21:32:14","modified_gmt":"2026-03-05T20:32:14","slug":"weiches-stoppwachs-bormawachs-aus-naturlicher-eiche","status":"publish","type":"product","link":"https:\/\/partsandpieces.nl\/de\/product\/zachte-stopwas-natuurlijk-eiken-borma-wachs\/","title":{"rendered":"Borma Wachs Soft Stop Wax f\u00fcr Holz Eiche Natur (Farbe 02)"},"content":{"rendered":"<p style=\"margin: 0cm;\">Von\u00a0<strong>Borma Wachs Soft Stoppwachs f\u00fcr Holzfarbe Eiche Natur<\/strong>\u00a0Reparieren Sie schnell und sicher alle kleineren Sch\u00e4den an Holzm\u00f6beln. Restaurierte Teile behalten im Laufe der Zeit ihre Konsistenz und Farbe. Das Stoppwachs Borma Wachs wird auf Basis nat\u00fcrlicher Wachse und mineralischer Pigmente hergestellt. Es ist lackierf\u00e4hig. Die hervorragende Plastizit\u00e4t erm\u00f6glicht schnelle und einfache Reparaturen, auch auf unterschiedlichen Materialien.<b><\/b><\/p>\n<p>\u2013 verf\u00fcgbar in nicht weniger als <span style=\"text-decoration: underline;\"><a href=\"https:\/\/partsandpieces.nl\/de\/produktkategorie-2\/oberflachenbehandlung-2\/weiche-wachsstabchen\/\"><strong><span style=\"color: blue; text-decoration: underline;\">24 Farben<\/span><\/strong><\/a><\/span><br \/>\n\u2013 die Stangen sind 95 mm lang und 30 Gramm schwer<br \/>\n\u2013 <strong>pro St\u00fcck zu bestellen<\/strong><br \/>\n\u2013 \u00fcberstreichbar<\/p>\n<p>Tipp: Eine Besch\u00e4digung besser etwas zu dunkel ausbessern als etwas zu hell.<\/p>\n<p><strong>Anweisungen<\/strong><b><br \/>\n<\/b>\u2013 Verwenden Sie einen Schraubendreher oder einen scharfen Mei\u00dfel, um Splitter oder besch\u00e4digtes Holz aus dem Reparaturbereich zu entfernen, um eine solide Basis f\u00fcr das Auftragen des weichen Stoppwachses zu schaffen.<br \/>\n\u2013 Tragen Sie das weiche Stoppwachs auf die zu reparierende Stelle auf. Um kleine Kratzer aufzuf\u00fcllen, dr\u00fccken Sie das Produkt mit einem Spachtel direkt auf die gew\u00fcnschte Stelle.<br \/>\n\u2013 Nach dem F\u00fcllen das \u00fcbersch\u00fcssige Wachs mit einem Spachtel entfernen und die Oberfl\u00e4che mit einem nicht zu groben Scheuerschwamm reinigen.<\/p>","protected":false},"excerpt":{"rendered":"<p>Met\u00a0Borma Wachs Zachte Stopwas voor hout kleur Natuurlijk Eiken\u00a0herstel je snel en veilig alle kleine beschadigingen bij houten meubelen. Gerestaureerde delen behouden na verloop van tijd hun consistentie en kleur. De stopwas van Borma Wachs is gemaakt op basis van natuurlijke wassen en minerale pigmenten. Het is overschilderbaar. De uitstekende plasticiteit maakt snelle en gemakkelijke [&hellip;]<\/p>\n","protected":false},"featured_media":159,"template":"","meta":{"_acf_changed":false},"product_brand":[],"product_cat":[64,82],"product_tag":[],"class_list":{"0":"post-2893","1":"product","2":"type-product","3":"status-publish","4":"has-post-thumbnail","6":"product_cat-oppervlakte-behandeling-borma-wachs","7":"product_cat-zachte-stopwas-staven","9":"first","10":"instock","11":"taxable","12":"shipping-taxable","13":"purchasable","14":"product-type-simple"},"acf":[],"yoast_head":"<!-- This site is optimized with the Yoast SEO plugin v27.3 - https:\/\/yoast.com\/product\/yoast-seo-wordpress\/ -->\n<title>Zachte Stopwas Natuurlijk Eiken van Borma Wachs<\/title>\n<meta name=\"description\" content=\"Met Borma Wachs Zachte Stopwas voor hout kleur Natuurlijk Eiken herstel je snel kleine beschadigingen. Gemaakt van natuurlijke wassen en minerale pigmenten.\" \/>\n<meta name=\"robots\" content=\"index, follow, max-snippet:-1, max-image-preview:large, max-video-preview:-1\" \/>\n<link rel=\"canonical\" href=\"https:\/\/partsandpieces.nl\/de\/produkt\/weiches-stoppwachs-bormawachs-aus-naturlicher-eiche\/\" \/>\n<meta property=\"og:locale\" content=\"de_DE\" \/>\n<meta property=\"og:type\" content=\"article\" \/>\n<meta property=\"og:title\" content=\"Zachte Stopwas Natuurlijk Eiken van Borma Wachs\" \/>\n<meta property=\"og:description\" content=\"Met Borma Wachs Zachte Stopwas voor hout kleur Natuurlijk Eiken herstel je snel kleine beschadigingen. Gemaakt van natuurlijke wassen en minerale pigmenten.\" \/>\n<meta property=\"og:url\" content=\"https:\/\/partsandpieces.nl\/de\/produkt\/weiches-stoppwachs-bormawachs-aus-naturlicher-eiche\/\" \/>\n<meta property=\"og:site_name\" content=\"Parts &amp; Pieces\" \/>\n<meta property=\"article:modified_time\" content=\"2026-03-05T20:32:14+00:00\" \/>\n<meta property=\"og:image\" content=\"https:\/\/partsandpieces.nl\/wp-content\/uploads\/2022\/09\/14531998527191_24.jpg\" \/>\n\t<meta property=\"og:image:width\" content=\"800\" \/>\n\t<meta property=\"og:image:height\" content=\"533\" \/>\n\t<meta property=\"og:image:type\" content=\"image\/jpeg\" \/>\n<meta name=\"twitter:card\" content=\"summary_large_image\" \/>\n<meta name=\"twitter:label1\" content=\"Gesch\u00e4tzte Lesezeit\" \/>\n\t<meta name=\"twitter:data1\" content=\"1\u00a0Minute\" \/>\n<script type=\"application\/ld+json\" class=\"yoast-schema-graph\">{\"@context\":\"https:\\\/\\\/schema.org\",\"@graph\":[{\"@type\":\"WebPage\",\"@id\":\"https:\\\/\\\/partsandpieces.nl\\\/product\\\/zachte-stopwas-natuurlijk-eiken-borma-wachs\\\/\",\"url\":\"https:\\\/\\\/partsandpieces.nl\\\/product\\\/zachte-stopwas-natuurlijk-eiken-borma-wachs\\\/\",\"name\":\"Zachte Stopwas Natuurlijk Eiken van Borma Wachs\",\"isPartOf\":{\"@id\":\"https:\\\/\\\/partsandpieces.nl\\\/#website\"},\"primaryImageOfPage\":{\"@id\":\"https:\\\/\\\/partsandpieces.nl\\\/product\\\/zachte-stopwas-natuurlijk-eiken-borma-wachs\\\/#primaryimage\"},\"image\":{\"@id\":\"https:\\\/\\\/partsandpieces.nl\\\/product\\\/zachte-stopwas-natuurlijk-eiken-borma-wachs\\\/#primaryimage\"},\"thumbnailUrl\":\"https:\\\/\\\/partsandpieces.nl\\\/wp-content\\\/uploads\\\/2022\\\/09\\\/14531998527191_24.jpg\",\"datePublished\":\"2022-07-06T14:32:20+00:00\",\"dateModified\":\"2026-03-05T20:32:14+00:00\",\"description\":\"Met Borma Wachs Zachte Stopwas voor hout kleur Natuurlijk Eiken herstel je snel kleine beschadigingen. Gemaakt van natuurlijke wassen en minerale pigmenten.\",\"breadcrumb\":{\"@id\":\"https:\\\/\\\/partsandpieces.nl\\\/product\\\/zachte-stopwas-natuurlijk-eiken-borma-wachs\\\/#breadcrumb\"},\"inLanguage\":\"de\",\"potentialAction\":[{\"@type\":\"ReadAction\",\"target\":[\"https:\\\/\\\/partsandpieces.nl\\\/product\\\/zachte-stopwas-natuurlijk-eiken-borma-wachs\\\/\"]}]},{\"@type\":\"ImageObject\",\"inLanguage\":\"de\",\"@id\":\"https:\\\/\\\/partsandpieces.nl\\\/product\\\/zachte-stopwas-natuurlijk-eiken-borma-wachs\\\/#primaryimage\",\"url\":\"https:\\\/\\\/partsandpieces.nl\\\/wp-content\\\/uploads\\\/2022\\\/09\\\/14531998527191_24.jpg\",\"contentUrl\":\"https:\\\/\\\/partsandpieces.nl\\\/wp-content\\\/uploads\\\/2022\\\/09\\\/14531998527191_24.jpg\",\"width\":800,\"height\":533},{\"@type\":\"BreadcrumbList\",\"@id\":\"https:\\\/\\\/partsandpieces.nl\\\/product\\\/zachte-stopwas-natuurlijk-eiken-borma-wachs\\\/#breadcrumb\",\"itemListElement\":[{\"@type\":\"ListItem\",\"position\":1,\"name\":\"Home\",\"item\":\"https:\\\/\\\/partsandpieces.nl\\\/home\\\/\"},{\"@type\":\"ListItem\",\"position\":2,\"name\":\"Winkel\",\"item\":\"https:\\\/\\\/partsandpieces.nl\\\/winkel\\\/\"},{\"@type\":\"ListItem\",\"position\":3,\"name\":\"Borma Wachs Zachte Stopwas voor hout Natuurlijk Eiken (kleur 02)\"}]},{\"@type\":\"WebSite\",\"@id\":\"https:\\\/\\\/partsandpieces.nl\\\/#website\",\"url\":\"https:\\\/\\\/partsandpieces.nl\\\/\",\"name\":\"Parts &amp; Pieces\",\"description\":\"Alles voor uw meubelrestauratie en -onderhoud!\",\"potentialAction\":[{\"@type\":\"SearchAction\",\"target\":{\"@type\":\"EntryPoint\",\"urlTemplate\":\"https:\\\/\\\/partsandpieces.nl\\\/?s={search_term_string}\"},\"query-input\":{\"@type\":\"PropertyValueSpecification\",\"valueRequired\":true,\"valueName\":\"search_term_string\"}}],\"inLanguage\":\"de\"}]}<\/script>\n<!-- \/ Yoast SEO plugin. -->","yoast_head_json":{"title":"Weiches Stoppwachs Eiche natur von Borma Wachs","description":"Mit Borma Wachs Soft Stop Wax f\u00fcr Holzfarbe Eiche Natur reparieren Sie kleinere Sch\u00e4den schnell. Hergestellt aus nat\u00fcrlichen Wachsen und mineralischen Pigmenten.","robots":{"index":"index","follow":"follow","max-snippet":"max-snippet:-1","max-image-preview":"max-image-preview:large","max-video-preview":"max-video-preview:-1"},"canonical":"https:\/\/partsandpieces.nl\/de\/produkt\/weiches-stoppwachs-bormawachs-aus-naturlicher-eiche\/","og_locale":"de_DE","og_type":"article","og_title":"Zachte Stopwas Natuurlijk Eiken van Borma Wachs","og_description":"Met Borma Wachs Zachte Stopwas voor hout kleur Natuurlijk Eiken herstel je snel kleine beschadigingen. Gemaakt van natuurlijke wassen en minerale pigmenten.","og_url":"https:\/\/partsandpieces.nl\/de\/produkt\/weiches-stoppwachs-bormawachs-aus-naturlicher-eiche\/","og_site_name":"Parts &amp; Pieces","article_modified_time":"2026-03-05T20:32:14+00:00","og_image":[{"width":800,"height":533,"url":"https:\/\/partsandpieces.nl\/wp-content\/uploads\/2022\/09\/14531998527191_24.jpg","type":"image\/jpeg"}],"twitter_card":"summary_large_image","twitter_misc":{"Gesch\u00e4tzte Lesezeit":"1\u00a0Minute"},"schema":{"@context":"https:\/\/schema.org","@graph":[{"@type":"WebPage","@id":"https:\/\/partsandpieces.nl\/product\/zachte-stopwas-natuurlijk-eiken-borma-wachs\/","url":"https:\/\/partsandpieces.nl\/product\/zachte-stopwas-natuurlijk-eiken-borma-wachs\/","name":"Weiches Stoppwachs Eiche natur von Borma Wachs","isPartOf":{"@id":"https:\/\/partsandpieces.nl\/#website"},"primaryImageOfPage":{"@id":"https:\/\/partsandpieces.nl\/product\/zachte-stopwas-natuurlijk-eiken-borma-wachs\/#primaryimage"},"image":{"@id":"https:\/\/partsandpieces.nl\/product\/zachte-stopwas-natuurlijk-eiken-borma-wachs\/#primaryimage"},"thumbnailUrl":"https:\/\/partsandpieces.nl\/wp-content\/uploads\/2022\/09\/14531998527191_24.jpg","datePublished":"2022-07-06T14:32:20+00:00","dateModified":"2026-03-05T20:32:14+00:00","description":"Mit Borma Wachs Soft Stop Wax f\u00fcr Holzfarbe Eiche Natur reparieren Sie kleinere Sch\u00e4den schnell. Hergestellt aus nat\u00fcrlichen Wachsen und mineralischen Pigmenten.","breadcrumb":{"@id":"https:\/\/partsandpieces.nl\/product\/zachte-stopwas-natuurlijk-eiken-borma-wachs\/#breadcrumb"},"inLanguage":"de","potentialAction":[{"@type":"ReadAction","target":["https:\/\/partsandpieces.nl\/product\/zachte-stopwas-natuurlijk-eiken-borma-wachs\/"]}]},{"@type":"ImageObject","inLanguage":"de","@id":"https:\/\/partsandpieces.nl\/product\/zachte-stopwas-natuurlijk-eiken-borma-wachs\/#primaryimage","url":"https:\/\/partsandpieces.nl\/wp-content\/uploads\/2022\/09\/14531998527191_24.jpg","contentUrl":"https:\/\/partsandpieces.nl\/wp-content\/uploads\/2022\/09\/14531998527191_24.jpg","width":800,"height":533},{"@type":"BreadcrumbList","@id":"https:\/\/partsandpieces.nl\/product\/zachte-stopwas-natuurlijk-eiken-borma-wachs\/#breadcrumb","itemListElement":[{"@type":"ListItem","position":1,"name":"Home","item":"https:\/\/partsandpieces.nl\/home\/"},{"@type":"ListItem","position":2,"name":"Winkel","item":"https:\/\/partsandpieces.nl\/winkel\/"},{"@type":"ListItem","position":3,"name":"Borma Wachs Zachte Stopwas voor hout Natuurlijk Eiken (kleur 02)"}]},{"@type":"WebSite","@id":"https:\/\/partsandpieces.nl\/#website","url":"https:\/\/partsandpieces.nl\/","name":"Teile &amp; St\u00fccke","description":"Alles f\u00fcr Ihre M\u00f6belrestaurierung und -pflege!","potentialAction":[{"@type":"SearchAction","target":{"@type":"EntryPoint","urlTemplate":"https:\/\/partsandpieces.nl\/?s={search_term_string}"},"query-input":{"@type":"PropertyValueSpecification","valueRequired":true,"valueName":"search_term_string"}}],"inLanguage":"de"}]}},"_links":{"self":[{"href":"https:\/\/partsandpieces.nl\/de\/wp-json\/wp\/v2\/product\/2893","targetHints":{"allow":["GET"]}}],"collection":[{"href":"https:\/\/partsandpieces.nl\/de\/wp-json\/wp\/v2\/product"}],"about":[{"href":"https:\/\/partsandpieces.nl\/de\/wp-json\/wp\/v2\/types\/product"}],"wp:featuredmedia":[{"embeddable":true,"href":"https:\/\/partsandpieces.nl\/de\/wp-json\/wp\/v2\/media\/159"}],"wp:attachment":[{"href":"https:\/\/partsandpieces.nl\/de\/wp-json\/wp\/v2\/media?parent=2893"}],"wp:term":[{"taxonomy":"product_brand","embeddable":true,"href":"https:\/\/partsandpieces.nl\/de\/wp-json\/wp\/v2\/product_brand?post=2893"},{"taxonomy":"product_cat","embeddable":true,"href":"https:\/\/partsandpieces.nl\/de\/wp-json\/wp\/v2\/product_cat?post=2893"},{"taxonomy":"product_tag","embeddable":true,"href":"https:\/\/partsandpieces.nl\/de\/wp-json\/wp\/v2\/product_tag?post=2893"}],"curies":[{"name":"wp","href":"https:\/\/api.w.org\/{rel}","templated":true}]}}