{"id":2897,"date":"2022-08-02T14:10:44","date_gmt":"2022-08-02T14:10:44","guid":{"rendered":"https:\/\/partsandpieces.bonsaidev.nl\/?product=meubel-restauro-olie-500ml-licht-hout"},"modified":"2026-03-23T12:01:09","modified_gmt":"2026-03-23T11:01:09","slug":"borma-wachs-mobel-restauro-restaurierungsol-farbe-helles-holz","status":"publish","type":"product","link":"https:\/\/partsandpieces.nl\/de\/product\/borma-wachs-meubel-restauro-restauratie-olie-kleur-licht-hout\/","title":{"rendered":"Borma Wachs M\u00f6bel Restauro Restaurierung \u00d6lfarbe Helles Holz"},"content":{"rendered":"<p>M\u00f6bel restauro Restaurierung \u00d6lwagen <a href=\"https:\/\/bormawachs.com\">Borma Wachs<\/a> ist speziell f\u00fcr die Pflege und Restaurierung von antiken und wertvollen M\u00f6beln. Es pflegt und regeneriert alte Lackschichten und l\u00e4sst leichte Kratzer und Besch\u00e4digungen verschwinden. Es ist sehr einfach und sicher anzuwenden. Dieses Restaurierungs\u00f6l ist nahezu geruchlos. Sie erwecken Ihre M\u00f6bel in einem einzigen Schritt wieder zum Leben!<\/p>\n<p><strong>Anweisungen<br \/>\n<\/strong>\u2013 Tragen Sie das \u00d6l mit einem Lappen oder einer B\u00fcrste gleichm\u00e4\u00dfig auf eine saubere Oberfl\u00e4che auf<br \/>\n\u2013 Warten Sie ca. 10\/15 Minuten, um eine ausreichende Impr\u00e4gnierung zu erm\u00f6glichen<br \/>\n\u2013 Mit einem weichen Tuch polieren, bis sich ein feiner Schutzfilm gebildet hat<br \/>\n\u2013 Die Trockenzeit betr\u00e4gt ca. 4 Stunden<\/p>\n<p>Dieses Restaurierungs\u00f6l f\u00fcr antike M\u00f6bel ist in den Farben erh\u00e4ltlich <a href=\"https:\/\/partsandpieces.nl\/de\/?s=restauro&amp;post_type=product\">Helles Holz, mittleres Holz, dunkles Holz und Mahagoni<\/a> und in 500ml und 1 Liter Verpackungen.<br \/>\n<strong><br \/>\nVerbrauch<\/strong><br \/>\n\u2013 auf unlackiertem Weichholz 15\/20 m\u00b2 \/ Liter<br \/>\n\u2013 auf unlackiertem Hartholz 20\/30 m\u00b2 \/ Liter<br \/>\n\u2013 auf lackiertem Holz 120\/140 m\u00b2 \/ Liter<\/p>\n<p><strong>Was ist Sanierungs\u00f6l?<\/strong><\/p>\n<p>Restaurierungs\u00f6l ist ein spezielles \u00d6l, das Sie zur Restaurierung und zum Schutz von M\u00f6beln verwenden. Es verbessert das Aussehen von Holzm\u00f6beln, indem es die Oberfl\u00e4che auffrischt und pflegt. Mit diesem \u00d6l k\u00f6nnen Sie antike M\u00f6bel wieder in ihren urspr\u00fcnglichen Glanz versetzen. Es sch\u00fctzt das Holz vor Feuchtigkeit, Flecken und Kratzern und verl\u00e4ngert die Lebensdauer der M\u00f6bel.<br \/>\nBei Vintage-M\u00f6beln ist die Wahl des richtigen \u00d6ls wichtig, wie zum Beispiel das Restaurierungs\u00f6l Meubel Restauro von Borma Wachs. Dieses \u00d6l wurde speziell f\u00fcr die Restaurierung und den Schutz alter M\u00f6bel entwickelt. Mit dem richtigen \u00d6l bringen Sie Ihre Vintage-M\u00f6bel wieder zum Gl\u00e4nzen und Ihre Sch\u00f6nheit bleibt l\u00e4nger erhalten. Bei der Suche nach einem \u00d6l zur Restaurierung von Holzm\u00f6beln ist es wichtig, eine hochwertige und spezielle Formel wie die von Meubel Restauro zu w\u00e4hlen.<\/p>\n<p><strong>Wann verwenden Sie Restaurations\u00f6l?<\/strong><\/p>\n<p>\u2013 Restaurierungs\u00f6l eignet sich ideal zum Ausbessern von Sch\u00e4den an Holzm\u00f6beln. Indem Sie das \u00d6l auf Kratzer und Dellen auftragen, k\u00f6nnen Sie diese ausf\u00fcllen und das Holz wieder in seinen urspr\u00fcnglichen Zustand versetzen. Dies sorgt f\u00fcr eine l\u00e4ngere Lebensdauer der M\u00f6bel und eine verbesserte Optik.<br \/>\n\u2013 Restaurierungs\u00f6l eignet sich sehr gut f\u00fcr alte und ausgetrocknete M\u00f6bel. Durch regelm\u00e4\u00dfiges Auftragen einer \u00d6lschicht pflegen Sie das Holz und sch\u00fctzen es vor weiterem Austrocknen. Dadurch bleiben die M\u00f6bel l\u00e4nger sch\u00f6n und behalten ihren urspr\u00fcnglichen Glanz.<br \/>\n\u2013 Restaurierungs\u00f6l hilft, die urspr\u00fcngliche Farbe und den Glanz des Holzes wiederherzustellen. Mit der Zeit verf\u00e4rbte oder fleckig gewordene M\u00f6bel k\u00f6nnen mit dem \u00d6l aufgefrischt und in ihren urspr\u00fcnglichen Zustand zur\u00fcckversetzt werden. Dies verleiht den M\u00f6beln ein frisches und neues Aussehen.<br \/>\n\u2013 Restaurierungs\u00f6l bietet Schutz vor Feuchtigkeit und Schmutz, sodass Holzm\u00f6bel l\u00e4nger sch\u00f6n und haltbar bleiben. Regelm\u00e4\u00dfige Pflege und \u00d6len der M\u00f6bel sch\u00fctzt diese vor Besch\u00e4digungen und Abnutzung. Dies gew\u00e4hrleistet eine langlebige und nachhaltige Qualit\u00e4t Ihrer M\u00f6bel.<\/p>\n<p><strong>Wie trage ich Restaurations\u00f6l auf?<\/strong><\/p>\n<p>Beim \u00d6len eines antiken M\u00f6belst\u00fccks ist es wichtig, zun\u00e4chst eine saubere und trockene Oberfl\u00e4che zu verwenden. Entfernen Sie Staub und Schmutz, bevor Sie mit dem Auftragen des Restaurierungs\u00f6ls beginnen. Anschlie\u00dfend ist es wichtig, das \u00d6l mit einem Tuch oder Pinsel gleichm\u00e4\u00dfig aufzutragen. Achten Sie darauf, das \u00d6l gleichm\u00e4\u00dfig auf der Oberfl\u00e4che zu verteilen, damit keine Stelle \u00fcbersehen wird. Anschlie\u00dfend das \u00d6l einziehen lassen und entsprechend der Verpackungsanleitung gut trocknen lassen.<br \/>\nWenn Sie eine tiefere Farbe oder einen tieferen Glanz erzielen m\u00f6chten, k\u00f6nnen Sie die Behandlung wiederholen. Zum Schluss ist es wichtig, \u00fcbersch\u00fcssiges \u00d6l mit einem sauberen Tuch zu entfernen. Dies verhindert die Bildung von Flecken und sorgt f\u00fcr eine gleichm\u00e4\u00dfige Optik der M\u00f6bel.<\/p>\n<p>Mit diesen Schritten k\u00f6nnen Sie Ihre antiken M\u00f6bel mithilfe des Meubel Restauro Restaurations\u00f6ls von Borma Wachs wieder zum Gl\u00e4nzen bringen.<\/p>","protected":false},"excerpt":{"rendered":"<p>Meubel restauro restauratie olie van Borma Wachs is speciaal voor het onderhoud en de restauratie van antieke en waardevolle meubels. Het voedt en regenereert oude laklagen en laat lichte krassen en beschadigingen verdwijnen. Het is heel gemakkelijk en veilig aan te brengen. Deze restauratie olie is bijna geurloos. Je brengt je meubel in \u00e9\u00e9n enkele [&hellip;]<\/p>\n","protected":false},"featured_media":3152,"template":"","meta":{"_acf_changed":false},"product_brand":[],"product_cat":[64,88,118],"product_tag":[],"class_list":{"0":"post-2897","1":"product","2":"type-product","3":"status-publish","4":"has-post-thumbnail","6":"product_cat-oppervlakte-behandeling-borma-wachs","7":"product_cat-reinigers-en-verdunners","8":"product_cat-restauratie-olie","10":"first","11":"instock","12":"taxable","13":"shipping-taxable","14":"purchasable","15":"product-type-variable","16":"has-default-attributes"},"acf":[],"yoast_head":"<!-- This site is optimized with the Yoast SEO plugin v27.3 - https:\/\/yoast.com\/product\/yoast-seo-wordpress\/ -->\n<title>Restauratie olie antieke meubels Licht Hout van Borma Wachs<\/title>\n<meta name=\"description\" content=\"De restauratie olie van Borma Wachs is speciaal voor het onderhoud en de restauratie van antieke meubels. Breng je meubel in \u00e9\u00e9n enkele stap weer tot leven!\" \/>\n<meta name=\"robots\" content=\"index, follow, max-snippet:-1, max-image-preview:large, max-video-preview:-1\" \/>\n<link rel=\"canonical\" href=\"https:\/\/partsandpieces.nl\/de\/produkt\/borma-wachs-mobel-restauro-restaurierungsol-farbe-helles-holz\/\" \/>\n<meta property=\"og:locale\" content=\"de_DE\" \/>\n<meta property=\"og:type\" content=\"article\" \/>\n<meta property=\"og:title\" content=\"Restauratie olie antieke meubels Licht Hout van Borma Wachs\" \/>\n<meta property=\"og:description\" content=\"De restauratie olie van Borma Wachs is speciaal voor het onderhoud en de restauratie van antieke meubels. Breng je meubel in \u00e9\u00e9n enkele stap weer tot leven!\" \/>\n<meta property=\"og:url\" content=\"https:\/\/partsandpieces.nl\/de\/produkt\/borma-wachs-mobel-restauro-restaurierungsol-farbe-helles-holz\/\" \/>\n<meta property=\"og:site_name\" content=\"Parts &amp; Pieces\" \/>\n<meta property=\"article:modified_time\" content=\"2026-03-23T11:01:09+00:00\" \/>\n<meta property=\"og:image\" content=\"https:\/\/partsandpieces.nl\/wp-content\/uploads\/2022\/10\/0410XX.jpg\" \/>\n\t<meta property=\"og:image:width\" content=\"800\" \/>\n\t<meta property=\"og:image:height\" content=\"800\" \/>\n\t<meta property=\"og:image:type\" content=\"image\/jpeg\" \/>\n<meta name=\"twitter:card\" content=\"summary_large_image\" \/>\n<meta name=\"twitter:label1\" content=\"Gesch\u00e4tzte Lesezeit\" \/>\n\t<meta name=\"twitter:data1\" content=\"4\u00a0Minuten\" \/>\n<script type=\"application\/ld+json\" class=\"yoast-schema-graph\">{\"@context\":\"https:\\\/\\\/schema.org\",\"@graph\":[{\"@type\":\"WebPage\",\"@id\":\"https:\\\/\\\/partsandpieces.nl\\\/product\\\/borma-wachs-meubel-restauro-restauratie-olie-kleur-licht-hout\\\/\",\"url\":\"https:\\\/\\\/partsandpieces.nl\\\/product\\\/borma-wachs-meubel-restauro-restauratie-olie-kleur-licht-hout\\\/\",\"name\":\"Restauratie olie antieke meubels Licht Hout van Borma Wachs\",\"isPartOf\":{\"@id\":\"https:\\\/\\\/partsandpieces.nl\\\/#website\"},\"primaryImageOfPage\":{\"@id\":\"https:\\\/\\\/partsandpieces.nl\\\/product\\\/borma-wachs-meubel-restauro-restauratie-olie-kleur-licht-hout\\\/#primaryimage\"},\"image\":{\"@id\":\"https:\\\/\\\/partsandpieces.nl\\\/product\\\/borma-wachs-meubel-restauro-restauratie-olie-kleur-licht-hout\\\/#primaryimage\"},\"thumbnailUrl\":\"https:\\\/\\\/partsandpieces.nl\\\/wp-content\\\/uploads\\\/2022\\\/10\\\/0410XX.jpg\",\"datePublished\":\"2022-08-02T14:10:44+00:00\",\"dateModified\":\"2026-03-23T11:01:09+00:00\",\"description\":\"De restauratie olie van Borma Wachs is speciaal voor het onderhoud en de restauratie van antieke meubels. Breng je meubel in \u00e9\u00e9n enkele stap weer tot leven!\",\"breadcrumb\":{\"@id\":\"https:\\\/\\\/partsandpieces.nl\\\/product\\\/borma-wachs-meubel-restauro-restauratie-olie-kleur-licht-hout\\\/#breadcrumb\"},\"inLanguage\":\"de\",\"potentialAction\":[{\"@type\":\"ReadAction\",\"target\":[\"https:\\\/\\\/partsandpieces.nl\\\/product\\\/borma-wachs-meubel-restauro-restauratie-olie-kleur-licht-hout\\\/\"]}]},{\"@type\":\"ImageObject\",\"inLanguage\":\"de\",\"@id\":\"https:\\\/\\\/partsandpieces.nl\\\/product\\\/borma-wachs-meubel-restauro-restauratie-olie-kleur-licht-hout\\\/#primaryimage\",\"url\":\"https:\\\/\\\/partsandpieces.nl\\\/wp-content\\\/uploads\\\/2022\\\/10\\\/0410XX.jpg\",\"contentUrl\":\"https:\\\/\\\/partsandpieces.nl\\\/wp-content\\\/uploads\\\/2022\\\/10\\\/0410XX.jpg\",\"width\":800,\"height\":800},{\"@type\":\"BreadcrumbList\",\"@id\":\"https:\\\/\\\/partsandpieces.nl\\\/product\\\/borma-wachs-meubel-restauro-restauratie-olie-kleur-licht-hout\\\/#breadcrumb\",\"itemListElement\":[{\"@type\":\"ListItem\",\"position\":1,\"name\":\"Home\",\"item\":\"https:\\\/\\\/partsandpieces.nl\\\/home\\\/\"},{\"@type\":\"ListItem\",\"position\":2,\"name\":\"Winkel\",\"item\":\"https:\\\/\\\/partsandpieces.nl\\\/winkel\\\/\"},{\"@type\":\"ListItem\",\"position\":3,\"name\":\"Borma Wachs Meubel Restauro restauratie olie kleur Licht Hout\"}]},{\"@type\":\"WebSite\",\"@id\":\"https:\\\/\\\/partsandpieces.nl\\\/#website\",\"url\":\"https:\\\/\\\/partsandpieces.nl\\\/\",\"name\":\"Parts &amp; Pieces\",\"description\":\"Alles voor uw meubelrestauratie en -onderhoud!\",\"potentialAction\":[{\"@type\":\"SearchAction\",\"target\":{\"@type\":\"EntryPoint\",\"urlTemplate\":\"https:\\\/\\\/partsandpieces.nl\\\/?s={search_term_string}\"},\"query-input\":{\"@type\":\"PropertyValueSpecification\",\"valueRequired\":true,\"valueName\":\"search_term_string\"}}],\"inLanguage\":\"de\"}]}<\/script>\n<!-- \/ Yoast SEO plugin. -->","yoast_head_json":{"title":"Restaurierungs\u00f6l Antikm\u00f6bel Light Wood von Borma Wachs","description":"Das Restaurierungs\u00f6l von Borma Wachs ist speziell f\u00fcr die Pflege und Restaurierung von antiken M\u00f6beln geeignet. Erwecken Sie Ihre M\u00f6bel in einem einzigen Schritt wieder zum Leben!","robots":{"index":"index","follow":"follow","max-snippet":"max-snippet:-1","max-image-preview":"max-image-preview:large","max-video-preview":"max-video-preview:-1"},"canonical":"https:\/\/partsandpieces.nl\/de\/produkt\/borma-wachs-mobel-restauro-restaurierungsol-farbe-helles-holz\/","og_locale":"de_DE","og_type":"article","og_title":"Restauratie olie antieke meubels Licht Hout van Borma Wachs","og_description":"De restauratie olie van Borma Wachs is speciaal voor het onderhoud en de restauratie van antieke meubels. Breng je meubel in \u00e9\u00e9n enkele stap weer tot leven!","og_url":"https:\/\/partsandpieces.nl\/de\/produkt\/borma-wachs-mobel-restauro-restaurierungsol-farbe-helles-holz\/","og_site_name":"Parts &amp; Pieces","article_modified_time":"2026-03-23T11:01:09+00:00","og_image":[{"width":800,"height":800,"url":"https:\/\/partsandpieces.nl\/wp-content\/uploads\/2022\/10\/0410XX.jpg","type":"image\/jpeg"}],"twitter_card":"summary_large_image","twitter_misc":{"Gesch\u00e4tzte Lesezeit":"4\u00a0Minuten"},"schema":{"@context":"https:\/\/schema.org","@graph":[{"@type":"WebPage","@id":"https:\/\/partsandpieces.nl\/product\/borma-wachs-meubel-restauro-restauratie-olie-kleur-licht-hout\/","url":"https:\/\/partsandpieces.nl\/product\/borma-wachs-meubel-restauro-restauratie-olie-kleur-licht-hout\/","name":"Restaurierungs\u00f6l Antikm\u00f6bel Light Wood von Borma Wachs","isPartOf":{"@id":"https:\/\/partsandpieces.nl\/#website"},"primaryImageOfPage":{"@id":"https:\/\/partsandpieces.nl\/product\/borma-wachs-meubel-restauro-restauratie-olie-kleur-licht-hout\/#primaryimage"},"image":{"@id":"https:\/\/partsandpieces.nl\/product\/borma-wachs-meubel-restauro-restauratie-olie-kleur-licht-hout\/#primaryimage"},"thumbnailUrl":"https:\/\/partsandpieces.nl\/wp-content\/uploads\/2022\/10\/0410XX.jpg","datePublished":"2022-08-02T14:10:44+00:00","dateModified":"2026-03-23T11:01:09+00:00","description":"Das Restaurierungs\u00f6l von Borma Wachs ist speziell f\u00fcr die Pflege und Restaurierung von antiken M\u00f6beln geeignet. Erwecken Sie Ihre M\u00f6bel in einem einzigen Schritt wieder zum Leben!","breadcrumb":{"@id":"https:\/\/partsandpieces.nl\/product\/borma-wachs-meubel-restauro-restauratie-olie-kleur-licht-hout\/#breadcrumb"},"inLanguage":"de","potentialAction":[{"@type":"ReadAction","target":["https:\/\/partsandpieces.nl\/product\/borma-wachs-meubel-restauro-restauratie-olie-kleur-licht-hout\/"]}]},{"@type":"ImageObject","inLanguage":"de","@id":"https:\/\/partsandpieces.nl\/product\/borma-wachs-meubel-restauro-restauratie-olie-kleur-licht-hout\/#primaryimage","url":"https:\/\/partsandpieces.nl\/wp-content\/uploads\/2022\/10\/0410XX.jpg","contentUrl":"https:\/\/partsandpieces.nl\/wp-content\/uploads\/2022\/10\/0410XX.jpg","width":800,"height":800},{"@type":"BreadcrumbList","@id":"https:\/\/partsandpieces.nl\/product\/borma-wachs-meubel-restauro-restauratie-olie-kleur-licht-hout\/#breadcrumb","itemListElement":[{"@type":"ListItem","position":1,"name":"Home","item":"https:\/\/partsandpieces.nl\/home\/"},{"@type":"ListItem","position":2,"name":"Winkel","item":"https:\/\/partsandpieces.nl\/winkel\/"},{"@type":"ListItem","position":3,"name":"Borma Wachs Meubel Restauro restauratie olie kleur Licht Hout"}]},{"@type":"WebSite","@id":"https:\/\/partsandpieces.nl\/#website","url":"https:\/\/partsandpieces.nl\/","name":"Teile &amp; St\u00fccke","description":"Alles f\u00fcr Ihre M\u00f6belrestaurierung und -pflege!","potentialAction":[{"@type":"SearchAction","target":{"@type":"EntryPoint","urlTemplate":"https:\/\/partsandpieces.nl\/?s={search_term_string}"},"query-input":{"@type":"PropertyValueSpecification","valueRequired":true,"valueName":"search_term_string"}}],"inLanguage":"de"}]}},"_links":{"self":[{"href":"https:\/\/partsandpieces.nl\/de\/wp-json\/wp\/v2\/product\/2897","targetHints":{"allow":["GET"]}}],"collection":[{"href":"https:\/\/partsandpieces.nl\/de\/wp-json\/wp\/v2\/product"}],"about":[{"href":"https:\/\/partsandpieces.nl\/de\/wp-json\/wp\/v2\/types\/product"}],"wp:featuredmedia":[{"embeddable":true,"href":"https:\/\/partsandpieces.nl\/de\/wp-json\/wp\/v2\/media\/3152"}],"wp:attachment":[{"href":"https:\/\/partsandpieces.nl\/de\/wp-json\/wp\/v2\/media?parent=2897"}],"wp:term":[{"taxonomy":"product_brand","embeddable":true,"href":"https:\/\/partsandpieces.nl\/de\/wp-json\/wp\/v2\/product_brand?post=2897"},{"taxonomy":"product_cat","embeddable":true,"href":"https:\/\/partsandpieces.nl\/de\/wp-json\/wp\/v2\/product_cat?post=2897"},{"taxonomy":"product_tag","embeddable":true,"href":"https:\/\/partsandpieces.nl\/de\/wp-json\/wp\/v2\/product_tag?post=2897"}],"curies":[{"name":"wp","href":"https:\/\/api.w.org\/{rel}","templated":true}]}}