{"id":294,"date":"2020-07-13T09:17:42","date_gmt":"2020-07-13T09:17:42","guid":{"rendered":"https:\/\/partsandpieces.bonsaidev.nl\/?product=square-handle-jenny-40x60-ant"},"modified":"2026-03-11T21:05:30","modified_gmt":"2026-03-11T20:05:30","slug":"lukengriff-messing-antik-rechteckig-40x60mm","status":"publish","type":"product","link":"https:\/\/partsandpieces.nl\/de\/product\/luikgreep-messing-antiek-rechthoekig-40x60mm\/","title":{"rendered":"Lukengriff Messing antik rechteckig 40x60mm"},"content":{"rendered":"<p><strong>Lukengriff Messing antik rechteckig 40x60mm<\/strong> ist ein stabiler Griff mit antikem Messingfinish. Dieser Lukengriff hat eine l\u00e4ngliche Form und der Griff ist ebenfalls rechteckig.<\/p>\n<p><strong>Ma\u00dfe<br \/>\n<\/strong>Lukengriff Messing antik rechteckig 40x60mm hat eine Breite von 40mm und eine H\u00f6he von 60mm. Die Fr\u00e4sma\u00dfe betragen 32x52x8mm (BxHxT).<\/p>\n<p><strong>Bearbeiten<br \/>\n<\/strong>Sie k\u00f6nnen den Griff mit montieren\u00a0<span style=\"text-decoration: underline;\"><a href=\"https:\/\/partsandpieces.nl\/de\/produkt\/schrauben-flachkopf-antik-bronze-mit-schlitz-3x12mm\/\">Schraube Rundkopf Antik Bronze mit Schlitz (3x12mm)<\/a><\/span>. Ich schicke diese Schrauben <strong>FREI<\/strong>\u00a0mit Ihrer Bestellung.<\/p>","protected":false},"excerpt":{"rendered":"<p>Luikgreep Messing antiek rechthoekig 40x60mm is een stoere greep met een antieke messing afwerking. Deze luikgreep is langwerpig van vorm en ook het handvat is rechthoekig. Afmetingen Luikgreep Messing antiek rechthoekig 40x60mm heeft een breedte van 40mm en een hoogte van 60mm. De infrees maten zijn 32x52x8mm (bxhxd). Montage Je kunt de greep monteren met\u00a0Schroef [&hellip;]<\/p>\n","protected":false},"featured_media":8019,"template":"","meta":{"_acf_changed":false},"product_brand":[],"product_cat":[146,23],"product_tag":[],"class_list":{"0":"post-294","1":"product","2":"type-product","3":"status-publish","4":"has-post-thumbnail","6":"product_cat-infreesgrepen","7":"product_cat-meubelbeslag","9":"first","10":"instock","11":"taxable","12":"shipping-taxable","13":"purchasable","14":"product-type-simple"},"acf":[],"yoast_head":"<!-- This site is optimized with the Yoast SEO plugin v27.5 - https:\/\/yoast.com\/product\/yoast-seo-wordpress\/ -->\n<title>Luikgreep Messing rechthoekig 40x60mm antiek<\/title>\n<meta name=\"description\" content=\"Luikgreep Messing antiek rechthoekig 40x60mm is een stoere greep met een antieke messing afwerking. Ook het handvat is rechthoekig.\" \/>\n<meta name=\"robots\" content=\"index, follow, max-snippet:-1, max-image-preview:large, max-video-preview:-1\" \/>\n<link rel=\"canonical\" href=\"https:\/\/partsandpieces.nl\/de\/produkt\/lukengriff-messing-antik-rechteckig-40x60mm\/\" \/>\n<meta property=\"og:locale\" content=\"de_DE\" \/>\n<meta property=\"og:type\" content=\"article\" \/>\n<meta property=\"og:title\" content=\"Luikgreep Messing rechthoekig 40x60mm antiek\" \/>\n<meta property=\"og:description\" content=\"Luikgreep Messing antiek rechthoekig 40x60mm is een stoere greep met een antieke messing afwerking. Ook het handvat is rechthoekig.\" \/>\n<meta property=\"og:url\" content=\"https:\/\/partsandpieces.nl\/de\/produkt\/lukengriff-messing-antik-rechteckig-40x60mm\/\" \/>\n<meta property=\"og:site_name\" content=\"Parts &amp; Pieces\" \/>\n<meta property=\"article:modified_time\" content=\"2026-03-11T20:05:30+00:00\" \/>\n<meta property=\"og:image\" content=\"https:\/\/partsandpieces.nl\/wp-content\/uploads\/2020\/07\/Luikgreep-Messing-antiek-rechthoekig-40x60mm.jpg\" \/>\n\t<meta property=\"og:image:width\" content=\"401\" \/>\n\t<meta property=\"og:image:height\" content=\"400\" \/>\n\t<meta property=\"og:image:type\" content=\"image\/jpeg\" \/>\n<meta name=\"twitter:card\" content=\"summary_large_image\" \/>\n<meta name=\"twitter:label1\" content=\"Gesch\u00e4tzte Lesezeit\" \/>\n\t<meta name=\"twitter:data1\" content=\"1\u00a0Minute\" \/>\n<script type=\"application\/ld+json\" class=\"yoast-schema-graph\">{\"@context\":\"https:\\\/\\\/schema.org\",\"@graph\":[{\"@type\":\"WebPage\",\"@id\":\"https:\\\/\\\/partsandpieces.nl\\\/product\\\/luikgreep-messing-antiek-rechthoekig-40x60mm\\\/\",\"url\":\"https:\\\/\\\/partsandpieces.nl\\\/product\\\/luikgreep-messing-antiek-rechthoekig-40x60mm\\\/\",\"name\":\"Luikgreep Messing rechthoekig 40x60mm antiek\",\"isPartOf\":{\"@id\":\"https:\\\/\\\/partsandpieces.nl\\\/#website\"},\"primaryImageOfPage\":{\"@id\":\"https:\\\/\\\/partsandpieces.nl\\\/product\\\/luikgreep-messing-antiek-rechthoekig-40x60mm\\\/#primaryimage\"},\"image\":{\"@id\":\"https:\\\/\\\/partsandpieces.nl\\\/product\\\/luikgreep-messing-antiek-rechthoekig-40x60mm\\\/#primaryimage\"},\"thumbnailUrl\":\"https:\\\/\\\/partsandpieces.nl\\\/wp-content\\\/uploads\\\/2020\\\/07\\\/Luikgreep-Messing-antiek-rechthoekig-40x60mm.jpg\",\"datePublished\":\"2020-07-13T09:17:42+00:00\",\"dateModified\":\"2026-03-11T20:05:30+00:00\",\"description\":\"Luikgreep Messing antiek rechthoekig 40x60mm is een stoere greep met een antieke messing afwerking. Ook het handvat is rechthoekig.\",\"breadcrumb\":{\"@id\":\"https:\\\/\\\/partsandpieces.nl\\\/product\\\/luikgreep-messing-antiek-rechthoekig-40x60mm\\\/#breadcrumb\"},\"inLanguage\":\"de\",\"potentialAction\":[{\"@type\":\"ReadAction\",\"target\":[\"https:\\\/\\\/partsandpieces.nl\\\/product\\\/luikgreep-messing-antiek-rechthoekig-40x60mm\\\/\"]}]},{\"@type\":\"ImageObject\",\"inLanguage\":\"de\",\"@id\":\"https:\\\/\\\/partsandpieces.nl\\\/product\\\/luikgreep-messing-antiek-rechthoekig-40x60mm\\\/#primaryimage\",\"url\":\"https:\\\/\\\/partsandpieces.nl\\\/wp-content\\\/uploads\\\/2020\\\/07\\\/Luikgreep-Messing-antiek-rechthoekig-40x60mm.jpg\",\"contentUrl\":\"https:\\\/\\\/partsandpieces.nl\\\/wp-content\\\/uploads\\\/2020\\\/07\\\/Luikgreep-Messing-antiek-rechthoekig-40x60mm.jpg\",\"width\":401,\"height\":400,\"caption\":\"Luikgreep Messing antiek rechthoekig 40x60mm\"},{\"@type\":\"BreadcrumbList\",\"@id\":\"https:\\\/\\\/partsandpieces.nl\\\/product\\\/luikgreep-messing-antiek-rechthoekig-40x60mm\\\/#breadcrumb\",\"itemListElement\":[{\"@type\":\"ListItem\",\"position\":1,\"name\":\"Home\",\"item\":\"https:\\\/\\\/partsandpieces.nl\\\/home\\\/\"},{\"@type\":\"ListItem\",\"position\":2,\"name\":\"Winkel\",\"item\":\"https:\\\/\\\/partsandpieces.nl\\\/winkel\\\/\"},{\"@type\":\"ListItem\",\"position\":3,\"name\":\"Luikgreep Messing antiek rechthoekig 40x60mm\"}]},{\"@type\":\"WebSite\",\"@id\":\"https:\\\/\\\/partsandpieces.nl\\\/#website\",\"url\":\"https:\\\/\\\/partsandpieces.nl\\\/\",\"name\":\"Parts &amp; Pieces\",\"description\":\"Alles voor uw meubelrestauratie en -onderhoud!\",\"potentialAction\":[{\"@type\":\"SearchAction\",\"target\":{\"@type\":\"EntryPoint\",\"urlTemplate\":\"https:\\\/\\\/partsandpieces.nl\\\/?s={search_term_string}\"},\"query-input\":{\"@type\":\"PropertyValueSpecification\",\"valueRequired\":true,\"valueName\":\"search_term_string\"}}],\"inLanguage\":\"de\"}]}<\/script>\n<!-- \/ Yoast SEO plugin. -->","yoast_head_json":{"title":"Lukengriff Messing rechteckig 40x60mm antik","description":"Der Lukengriff Messing antik rechteckig 40x60mm ist ein stabiler Griff mit einer antiken Messingoberfl\u00e4che. Der Griff ist ebenfalls rechteckig.","robots":{"index":"index","follow":"follow","max-snippet":"max-snippet:-1","max-image-preview":"max-image-preview:large","max-video-preview":"max-video-preview:-1"},"canonical":"https:\/\/partsandpieces.nl\/de\/produkt\/lukengriff-messing-antik-rechteckig-40x60mm\/","og_locale":"de_DE","og_type":"article","og_title":"Luikgreep Messing rechthoekig 40x60mm antiek","og_description":"Luikgreep Messing antiek rechthoekig 40x60mm is een stoere greep met een antieke messing afwerking. Ook het handvat is rechthoekig.","og_url":"https:\/\/partsandpieces.nl\/de\/produkt\/lukengriff-messing-antik-rechteckig-40x60mm\/","og_site_name":"Parts &amp; Pieces","article_modified_time":"2026-03-11T20:05:30+00:00","og_image":[{"width":401,"height":400,"url":"https:\/\/partsandpieces.nl\/wp-content\/uploads\/2020\/07\/Luikgreep-Messing-antiek-rechthoekig-40x60mm.jpg","type":"image\/jpeg"}],"twitter_card":"summary_large_image","twitter_misc":{"Gesch\u00e4tzte Lesezeit":"1\u00a0Minute"},"schema":{"@context":"https:\/\/schema.org","@graph":[{"@type":"WebPage","@id":"https:\/\/partsandpieces.nl\/product\/luikgreep-messing-antiek-rechthoekig-40x60mm\/","url":"https:\/\/partsandpieces.nl\/product\/luikgreep-messing-antiek-rechthoekig-40x60mm\/","name":"Lukengriff Messing rechteckig 40x60mm antik","isPartOf":{"@id":"https:\/\/partsandpieces.nl\/#website"},"primaryImageOfPage":{"@id":"https:\/\/partsandpieces.nl\/product\/luikgreep-messing-antiek-rechthoekig-40x60mm\/#primaryimage"},"image":{"@id":"https:\/\/partsandpieces.nl\/product\/luikgreep-messing-antiek-rechthoekig-40x60mm\/#primaryimage"},"thumbnailUrl":"https:\/\/partsandpieces.nl\/wp-content\/uploads\/2020\/07\/Luikgreep-Messing-antiek-rechthoekig-40x60mm.jpg","datePublished":"2020-07-13T09:17:42+00:00","dateModified":"2026-03-11T20:05:30+00:00","description":"Der Lukengriff Messing antik rechteckig 40x60mm ist ein stabiler Griff mit einer antiken Messingoberfl\u00e4che. Der Griff ist ebenfalls rechteckig.","breadcrumb":{"@id":"https:\/\/partsandpieces.nl\/product\/luikgreep-messing-antiek-rechthoekig-40x60mm\/#breadcrumb"},"inLanguage":"de","potentialAction":[{"@type":"ReadAction","target":["https:\/\/partsandpieces.nl\/product\/luikgreep-messing-antiek-rechthoekig-40x60mm\/"]}]},{"@type":"ImageObject","inLanguage":"de","@id":"https:\/\/partsandpieces.nl\/product\/luikgreep-messing-antiek-rechthoekig-40x60mm\/#primaryimage","url":"https:\/\/partsandpieces.nl\/wp-content\/uploads\/2020\/07\/Luikgreep-Messing-antiek-rechthoekig-40x60mm.jpg","contentUrl":"https:\/\/partsandpieces.nl\/wp-content\/uploads\/2020\/07\/Luikgreep-Messing-antiek-rechthoekig-40x60mm.jpg","width":401,"height":400,"caption":"Luikgreep Messing antiek rechthoekig 40x60mm"},{"@type":"BreadcrumbList","@id":"https:\/\/partsandpieces.nl\/product\/luikgreep-messing-antiek-rechthoekig-40x60mm\/#breadcrumb","itemListElement":[{"@type":"ListItem","position":1,"name":"Home","item":"https:\/\/partsandpieces.nl\/home\/"},{"@type":"ListItem","position":2,"name":"Winkel","item":"https:\/\/partsandpieces.nl\/winkel\/"},{"@type":"ListItem","position":3,"name":"Luikgreep Messing antiek rechthoekig 40x60mm"}]},{"@type":"WebSite","@id":"https:\/\/partsandpieces.nl\/#website","url":"https:\/\/partsandpieces.nl\/","name":"Teile &amp; St\u00fccke","description":"Alles f\u00fcr Ihre M\u00f6belrestaurierung und -pflege!","potentialAction":[{"@type":"SearchAction","target":{"@type":"EntryPoint","urlTemplate":"https:\/\/partsandpieces.nl\/?s={search_term_string}"},"query-input":{"@type":"PropertyValueSpecification","valueRequired":true,"valueName":"search_term_string"}}],"inLanguage":"de"}]}},"_links":{"self":[{"href":"https:\/\/partsandpieces.nl\/de\/wp-json\/wp\/v2\/product\/294","targetHints":{"allow":["GET"]}}],"collection":[{"href":"https:\/\/partsandpieces.nl\/de\/wp-json\/wp\/v2\/product"}],"about":[{"href":"https:\/\/partsandpieces.nl\/de\/wp-json\/wp\/v2\/types\/product"}],"wp:featuredmedia":[{"embeddable":true,"href":"https:\/\/partsandpieces.nl\/de\/wp-json\/wp\/v2\/media\/8019"}],"wp:attachment":[{"href":"https:\/\/partsandpieces.nl\/de\/wp-json\/wp\/v2\/media?parent=294"}],"wp:term":[{"taxonomy":"product_brand","embeddable":true,"href":"https:\/\/partsandpieces.nl\/de\/wp-json\/wp\/v2\/product_brand?post=294"},{"taxonomy":"product_cat","embeddable":true,"href":"https:\/\/partsandpieces.nl\/de\/wp-json\/wp\/v2\/product_cat?post=294"},{"taxonomy":"product_tag","embeddable":true,"href":"https:\/\/partsandpieces.nl\/de\/wp-json\/wp\/v2\/product_tag?post=294"}],"curies":[{"name":"wp","href":"https:\/\/api.w.org\/{rel}","templated":true}]}}