{"id":298,"date":"2020-07-13T10:05:41","date_gmt":"2020-07-13T10:05:41","guid":{"rendered":"https:\/\/partsandpieces.bonsaidev.nl\/?product=deurtrekker-met-sleutelgat-25x80mm"},"modified":"2025-10-16T22:36:39","modified_gmt":"2025-10-16T20:36:39","slug":"mobelgriff-bronze-vertikal-mit-schlusselloch-25x80mm","status":"publish","type":"product","link":"https:\/\/partsandpieces.nl\/de\/product\/meubelgreep-brons-verticaal-met-sleutelgat-25x80mm\/","title":{"rendered":"M\u00f6belgriff Bronze vertikal mit Schl\u00fcsselloch 25x80mm"},"content":{"rendered":"<p><strong>M\u00f6belgriff Bronze vertikal mit Schl\u00fcsselloch 25x80mm<\/strong> ist ein wundersch\u00f6ner Griff aus Eisen mit einem antiken Bronze-Finish. Das Erscheinungsbild dieses klassischen Griffs ist matt. Dieser Griff passt gut zu Ihren antiken oder klassischen M\u00f6beln.<\/p>\n<p><strong>Ma\u00dfe<br \/>\n<\/strong>M\u00f6belgriff Bronze vertikal mit Schl\u00fcsselloch 25x80mm ist 80mm hoch und 25mm breit. Nach der Installation steht dieser Griff 13 mm hervor. Das Schl\u00fcsselloch ist 15 mm hoch.<\/p>\n<p><strong>Bearbeiten<br \/>\n<\/strong>Sie k\u00f6nnen den Griff mit montieren\u00a0<span style=\"text-decoration: underline;\"><a href=\"https:\/\/partsandpieces.nl\/de\/produkt\/schrauben-mit-rundkopf-antikbronze-mit-schlitz-2-x-14-mm\/\">Schraube Rundkopf Antik Bronze mit Schlitz (2x14mm)<\/a><\/span>. Ich schicke diese Schrauben\u00a0<strong>FREI<\/strong>\u00a0mit Ihrer Bestellung.<\/p>","protected":false},"excerpt":{"rendered":"<p>Meubelgreep Brons verticaal met sleutelgat 25x80mm is een mooie greep gemaakt van ijzer met een antieke bronzen afwerking. De uitstraling van deze klassieke greep is mat. Deze greep past goed op je antieke of klassieke meubel. Afmetingen Meubelgreep Brons verticaal met sleutelgat 25x80mm is in zijn geheel 80mm hoog en 25mm breed. Na montage steekt [&hellip;]<\/p>\n","protected":false},"featured_media":8034,"template":"","meta":{"_acf_changed":false},"product_brand":[],"product_cat":[29,23,48],"product_tag":[],"class_list":{"0":"post-298","1":"product","2":"type-product","3":"status-publish","4":"has-post-thumbnail","6":"product_cat-deurtrekkers","7":"product_cat-meubelbeslag","8":"product_cat-sleutelplaten","10":"first","11":"instock","12":"taxable","13":"shipping-taxable","14":"purchasable","15":"product-type-simple"},"acf":[],"yoast_head":"<!-- This site is optimized with the Yoast SEO plugin v27.3 - https:\/\/yoast.com\/product\/yoast-seo-wordpress\/ -->\n<title>Meubelgreep Brons verticaal met sleutelgat 25x80mm<\/title>\n<meta name=\"description\" content=\"Meubelgreep Brons verticaal met sleutelgat 25x80mm is gemaakt van ijzer met een antieke bronzen afwerking. Past goed op je antieke of meubel.\" \/>\n<meta name=\"robots\" content=\"index, follow, max-snippet:-1, max-image-preview:large, max-video-preview:-1\" \/>\n<link rel=\"canonical\" href=\"https:\/\/partsandpieces.nl\/de\/produkt\/mobelgriff-bronze-vertikal-mit-schlusselloch-25x80mm\/\" \/>\n<meta property=\"og:locale\" content=\"de_DE\" \/>\n<meta property=\"og:type\" content=\"article\" \/>\n<meta property=\"og:title\" content=\"Meubelgreep Brons verticaal met sleutelgat 25x80mm\" \/>\n<meta property=\"og:description\" content=\"Meubelgreep Brons verticaal met sleutelgat 25x80mm is gemaakt van ijzer met een antieke bronzen afwerking. Past goed op je antieke of meubel.\" \/>\n<meta property=\"og:url\" content=\"https:\/\/partsandpieces.nl\/de\/produkt\/mobelgriff-bronze-vertikal-mit-schlusselloch-25x80mm\/\" \/>\n<meta property=\"og:site_name\" content=\"Parts &amp; Pieces\" \/>\n<meta property=\"article:modified_time\" content=\"2025-10-16T20:36:39+00:00\" \/>\n<meta property=\"og:image\" content=\"https:\/\/partsandpieces.nl\/wp-content\/uploads\/2020\/07\/Meubelgreep-Brons-verticaal-met-sleutelgat-25x80mm.jpg\" \/>\n\t<meta property=\"og:image:width\" content=\"390\" \/>\n\t<meta property=\"og:image:height\" content=\"392\" \/>\n\t<meta property=\"og:image:type\" content=\"image\/jpeg\" \/>\n<meta name=\"twitter:card\" content=\"summary_large_image\" \/>\n<meta name=\"twitter:label1\" content=\"Gesch\u00e4tzte Lesezeit\" \/>\n\t<meta name=\"twitter:data1\" content=\"1\u00a0Minute\" \/>\n<script type=\"application\/ld+json\" class=\"yoast-schema-graph\">{\"@context\":\"https:\\\/\\\/schema.org\",\"@graph\":[{\"@type\":\"WebPage\",\"@id\":\"https:\\\/\\\/partsandpieces.nl\\\/product\\\/meubelgreep-brons-verticaal-met-sleutelgat-25x80mm\\\/\",\"url\":\"https:\\\/\\\/partsandpieces.nl\\\/product\\\/meubelgreep-brons-verticaal-met-sleutelgat-25x80mm\\\/\",\"name\":\"Meubelgreep Brons verticaal met sleutelgat 25x80mm\",\"isPartOf\":{\"@id\":\"https:\\\/\\\/partsandpieces.nl\\\/#website\"},\"primaryImageOfPage\":{\"@id\":\"https:\\\/\\\/partsandpieces.nl\\\/product\\\/meubelgreep-brons-verticaal-met-sleutelgat-25x80mm\\\/#primaryimage\"},\"image\":{\"@id\":\"https:\\\/\\\/partsandpieces.nl\\\/product\\\/meubelgreep-brons-verticaal-met-sleutelgat-25x80mm\\\/#primaryimage\"},\"thumbnailUrl\":\"https:\\\/\\\/partsandpieces.nl\\\/wp-content\\\/uploads\\\/2020\\\/07\\\/Meubelgreep-Brons-verticaal-met-sleutelgat-25x80mm.jpg\",\"datePublished\":\"2020-07-13T10:05:41+00:00\",\"dateModified\":\"2025-10-16T20:36:39+00:00\",\"description\":\"Meubelgreep Brons verticaal met sleutelgat 25x80mm is gemaakt van ijzer met een antieke bronzen afwerking. Past goed op je antieke of meubel.\",\"breadcrumb\":{\"@id\":\"https:\\\/\\\/partsandpieces.nl\\\/product\\\/meubelgreep-brons-verticaal-met-sleutelgat-25x80mm\\\/#breadcrumb\"},\"inLanguage\":\"de\",\"potentialAction\":[{\"@type\":\"ReadAction\",\"target\":[\"https:\\\/\\\/partsandpieces.nl\\\/product\\\/meubelgreep-brons-verticaal-met-sleutelgat-25x80mm\\\/\"]}]},{\"@type\":\"ImageObject\",\"inLanguage\":\"de\",\"@id\":\"https:\\\/\\\/partsandpieces.nl\\\/product\\\/meubelgreep-brons-verticaal-met-sleutelgat-25x80mm\\\/#primaryimage\",\"url\":\"https:\\\/\\\/partsandpieces.nl\\\/wp-content\\\/uploads\\\/2020\\\/07\\\/Meubelgreep-Brons-verticaal-met-sleutelgat-25x80mm.jpg\",\"contentUrl\":\"https:\\\/\\\/partsandpieces.nl\\\/wp-content\\\/uploads\\\/2020\\\/07\\\/Meubelgreep-Brons-verticaal-met-sleutelgat-25x80mm.jpg\",\"width\":390,\"height\":392,\"caption\":\"Meubelgreep Brons verticaal met sleutelgat 25x80mm\"},{\"@type\":\"BreadcrumbList\",\"@id\":\"https:\\\/\\\/partsandpieces.nl\\\/product\\\/meubelgreep-brons-verticaal-met-sleutelgat-25x80mm\\\/#breadcrumb\",\"itemListElement\":[{\"@type\":\"ListItem\",\"position\":1,\"name\":\"Home\",\"item\":\"https:\\\/\\\/partsandpieces.nl\\\/home\\\/\"},{\"@type\":\"ListItem\",\"position\":2,\"name\":\"Winkel\",\"item\":\"https:\\\/\\\/partsandpieces.nl\\\/winkel\\\/\"},{\"@type\":\"ListItem\",\"position\":3,\"name\":\"Meubelgreep Brons verticaal met sleutelgat 25x80mm\"}]},{\"@type\":\"WebSite\",\"@id\":\"https:\\\/\\\/partsandpieces.nl\\\/#website\",\"url\":\"https:\\\/\\\/partsandpieces.nl\\\/\",\"name\":\"Parts &amp; Pieces\",\"description\":\"Alles voor uw meubelrestauratie en -onderhoud!\",\"potentialAction\":[{\"@type\":\"SearchAction\",\"target\":{\"@type\":\"EntryPoint\",\"urlTemplate\":\"https:\\\/\\\/partsandpieces.nl\\\/?s={search_term_string}\"},\"query-input\":{\"@type\":\"PropertyValueSpecification\",\"valueRequired\":true,\"valueName\":\"search_term_string\"}}],\"inLanguage\":\"de\"}]}<\/script>\n<!-- \/ Yoast SEO plugin. -->","yoast_head_json":{"title":"M\u00f6belgriff Bronze vertikal mit Schl\u00fcsselloch 25x80mm","description":"M\u00f6belgriff Bronze vertikal mit Schl\u00fcsselloch 25x80mm besteht aus Eisen mit einem antiken Bronze-Finish. Passt gut auf Ihre Antiquit\u00e4ten oder M\u00f6bel.","robots":{"index":"index","follow":"follow","max-snippet":"max-snippet:-1","max-image-preview":"max-image-preview:large","max-video-preview":"max-video-preview:-1"},"canonical":"https:\/\/partsandpieces.nl\/de\/produkt\/mobelgriff-bronze-vertikal-mit-schlusselloch-25x80mm\/","og_locale":"de_DE","og_type":"article","og_title":"Meubelgreep Brons verticaal met sleutelgat 25x80mm","og_description":"Meubelgreep Brons verticaal met sleutelgat 25x80mm is gemaakt van ijzer met een antieke bronzen afwerking. Past goed op je antieke of meubel.","og_url":"https:\/\/partsandpieces.nl\/de\/produkt\/mobelgriff-bronze-vertikal-mit-schlusselloch-25x80mm\/","og_site_name":"Parts &amp; Pieces","article_modified_time":"2025-10-16T20:36:39+00:00","og_image":[{"width":390,"height":392,"url":"https:\/\/partsandpieces.nl\/wp-content\/uploads\/2020\/07\/Meubelgreep-Brons-verticaal-met-sleutelgat-25x80mm.jpg","type":"image\/jpeg"}],"twitter_card":"summary_large_image","twitter_misc":{"Gesch\u00e4tzte Lesezeit":"1\u00a0Minute"},"schema":{"@context":"https:\/\/schema.org","@graph":[{"@type":"WebPage","@id":"https:\/\/partsandpieces.nl\/product\/meubelgreep-brons-verticaal-met-sleutelgat-25x80mm\/","url":"https:\/\/partsandpieces.nl\/product\/meubelgreep-brons-verticaal-met-sleutelgat-25x80mm\/","name":"M\u00f6belgriff Bronze vertikal mit Schl\u00fcsselloch 25x80mm","isPartOf":{"@id":"https:\/\/partsandpieces.nl\/#website"},"primaryImageOfPage":{"@id":"https:\/\/partsandpieces.nl\/product\/meubelgreep-brons-verticaal-met-sleutelgat-25x80mm\/#primaryimage"},"image":{"@id":"https:\/\/partsandpieces.nl\/product\/meubelgreep-brons-verticaal-met-sleutelgat-25x80mm\/#primaryimage"},"thumbnailUrl":"https:\/\/partsandpieces.nl\/wp-content\/uploads\/2020\/07\/Meubelgreep-Brons-verticaal-met-sleutelgat-25x80mm.jpg","datePublished":"2020-07-13T10:05:41+00:00","dateModified":"2025-10-16T20:36:39+00:00","description":"M\u00f6belgriff Bronze vertikal mit Schl\u00fcsselloch 25x80mm besteht aus Eisen mit einem antiken Bronze-Finish. Passt gut auf Ihre Antiquit\u00e4ten oder M\u00f6bel.","breadcrumb":{"@id":"https:\/\/partsandpieces.nl\/product\/meubelgreep-brons-verticaal-met-sleutelgat-25x80mm\/#breadcrumb"},"inLanguage":"de","potentialAction":[{"@type":"ReadAction","target":["https:\/\/partsandpieces.nl\/product\/meubelgreep-brons-verticaal-met-sleutelgat-25x80mm\/"]}]},{"@type":"ImageObject","inLanguage":"de","@id":"https:\/\/partsandpieces.nl\/product\/meubelgreep-brons-verticaal-met-sleutelgat-25x80mm\/#primaryimage","url":"https:\/\/partsandpieces.nl\/wp-content\/uploads\/2020\/07\/Meubelgreep-Brons-verticaal-met-sleutelgat-25x80mm.jpg","contentUrl":"https:\/\/partsandpieces.nl\/wp-content\/uploads\/2020\/07\/Meubelgreep-Brons-verticaal-met-sleutelgat-25x80mm.jpg","width":390,"height":392,"caption":"Meubelgreep Brons verticaal met sleutelgat 25x80mm"},{"@type":"BreadcrumbList","@id":"https:\/\/partsandpieces.nl\/product\/meubelgreep-brons-verticaal-met-sleutelgat-25x80mm\/#breadcrumb","itemListElement":[{"@type":"ListItem","position":1,"name":"Home","item":"https:\/\/partsandpieces.nl\/home\/"},{"@type":"ListItem","position":2,"name":"Winkel","item":"https:\/\/partsandpieces.nl\/winkel\/"},{"@type":"ListItem","position":3,"name":"Meubelgreep Brons verticaal met sleutelgat 25x80mm"}]},{"@type":"WebSite","@id":"https:\/\/partsandpieces.nl\/#website","url":"https:\/\/partsandpieces.nl\/","name":"Teile &amp; St\u00fccke","description":"Alles f\u00fcr Ihre M\u00f6belrestaurierung und -pflege!","potentialAction":[{"@type":"SearchAction","target":{"@type":"EntryPoint","urlTemplate":"https:\/\/partsandpieces.nl\/?s={search_term_string}"},"query-input":{"@type":"PropertyValueSpecification","valueRequired":true,"valueName":"search_term_string"}}],"inLanguage":"de"}]}},"_links":{"self":[{"href":"https:\/\/partsandpieces.nl\/de\/wp-json\/wp\/v2\/product\/298","targetHints":{"allow":["GET"]}}],"collection":[{"href":"https:\/\/partsandpieces.nl\/de\/wp-json\/wp\/v2\/product"}],"about":[{"href":"https:\/\/partsandpieces.nl\/de\/wp-json\/wp\/v2\/types\/product"}],"wp:featuredmedia":[{"embeddable":true,"href":"https:\/\/partsandpieces.nl\/de\/wp-json\/wp\/v2\/media\/8034"}],"wp:attachment":[{"href":"https:\/\/partsandpieces.nl\/de\/wp-json\/wp\/v2\/media?parent=298"}],"wp:term":[{"taxonomy":"product_brand","embeddable":true,"href":"https:\/\/partsandpieces.nl\/de\/wp-json\/wp\/v2\/product_brand?post=298"},{"taxonomy":"product_cat","embeddable":true,"href":"https:\/\/partsandpieces.nl\/de\/wp-json\/wp\/v2\/product_cat?post=298"},{"taxonomy":"product_tag","embeddable":true,"href":"https:\/\/partsandpieces.nl\/de\/wp-json\/wp\/v2\/product_tag?post=298"}],"curies":[{"name":"wp","href":"https:\/\/api.w.org\/{rel}","templated":true}]}}