{"id":301,"date":"2020-07-13T10:11:09","date_gmt":"2020-07-13T10:11:09","guid":{"rendered":"https:\/\/partsandpieces.bonsaidev.nl\/?product=deurtrekker-m-sl-gat-3397-zam"},"modified":"2025-12-29T13:17:33","modified_gmt":"2025-12-29T12:17:33","slug":"turgriff-messing-antik-ovale-perlenkette-vertikal-mit-schlusselloch-33x97mm","status":"publish","type":"product","link":"https:\/\/partsandpieces.nl\/de\/product\/deurgreep-messing-antiek-ovale-kralenketting-verticaal-met-sleutelgat-33x97mm\/","title":{"rendered":"T\u00fcrgriff Messing Antik Ovale Perlenkette vertikal mit Schl\u00fcsselloch 33x97mm"},"content":{"rendered":"<p><strong>T\u00fcrgriff Messing Antik Ovale Perlenkette vertikal mit Schl\u00fcsselloch 33x97mm<\/strong>\u00a0ist ein wundersch\u00f6ner T\u00fcrgriff aus Zamak* mit antikem Messingfinish. Der Griff ist rundherum mit einer Kugelkette und in der Mitte mit einer Kugelkette in ovaler Form verziert. Das Erscheinungsbild dieses klassischen Griffs ist matt. Dieser Griff passt gut zu Ihren antiken oder klassischen M\u00f6beln und Schubladen.<\/p>\n<p>Dieser hochwertige Schubladengriff wird in Italien hergestellt.<\/p>\n<p><strong>Ma\u00dfe<br \/>\n<\/strong>T\u00fcrgriff Messing antik ovale Perlenkette vertikal mit Schl\u00fcsselloch 33x97mm ist insgesamt 33mm breit und 97mm hoch. Der Griff selbst ist 31 mm breit. Nach der Installation steht dieser Griff 15 mm \u00fcber.<\/p>\n<p><strong>Bearbeiten<br \/>\n<\/strong>Sie k\u00f6nnen den Griff mit blind montieren\u00a0<span style=\"text-decoration: underline;\"><a href=\"https:\/\/partsandpieces.nl\/de\/produkt\/schraube-edelstahl-zur-blindmontage-von-mobelbeschlagen-45x4mm-20-stuck\/\">Edelstahlschraube zur Blindbefestigung von M\u00f6belbeschl\u00e4gen (45x4mm)<\/a><\/span>\u00a0Ich werde diese Schrauben und die 4 Zierschrauben verschicken\u00a0<strong>FREI<\/strong>\u00a0mit Ihrer Bestellung.<\/p>\n<p>* Zamak ist eine Legierung mit Zink als Hauptbestandteil. Es hat einen relativ niedrigen Schmelzpunkt und ist leicht zu gie\u00dfen. Der Name ist ein Akronym, abgeleitet von den Anfangsbuchstaben der deutschen Bezeichnungen f\u00fcr die Metalle, aus denen sich der Werkstoff zusammensetzt: Zink, Aluminium, MAGnesium, Kupfer. Zamak wird in der Auto- und M\u00f6belindustrie f\u00fcr T\u00fcrgriffe, Griffe, Logos und Zierleisten verwendet. Es wird auch h\u00e4ufig als Ersatz f\u00fcr das giftige Blei verwendet.<\/p>","protected":false},"excerpt":{"rendered":"<p>Deurgreep Messing Antiek Ovale Kralenketting verticaal met sleutelgat 33x97mm\u00a0is een mooie deurgreep gemaakt van zamak* met een antieke messing afwerking. De greep is versierd met een kralenketting rondom en een kralenketting in een ovale vorm middenin. De uitstraling van deze klassieke greep is mat. Deze greep past goed op je antieke of klassieke meubel en [&hellip;]<\/p>\n","protected":false},"featured_media":6775,"template":"","meta":{"_acf_changed":false},"product_brand":[],"product_cat":[29,23],"product_tag":[],"class_list":{"0":"post-301","1":"product","2":"type-product","3":"status-publish","4":"has-post-thumbnail","6":"product_cat-deurtrekkers","7":"product_cat-meubelbeslag","9":"first","10":"instock","11":"taxable","12":"shipping-taxable","13":"purchasable","14":"product-type-simple"},"acf":[],"yoast_head":"<!-- This site is optimized with the Yoast SEO plugin v27.3 - https:\/\/yoast.com\/product\/yoast-seo-wordpress\/ -->\n<title>Deurgreep Messing Kralenketting met sleutelgat<\/title>\n<meta name=\"description\" content=\"Deurgreep Messing Antiek Ovale Kralenketting verticaal met sleutelgat 33x97mm\u00a0heeft een antieke messing afwerking. Versierd met een ovale kralenketting.\" \/>\n<meta name=\"robots\" content=\"index, follow, max-snippet:-1, max-image-preview:large, max-video-preview:-1\" \/>\n<link rel=\"canonical\" href=\"https:\/\/partsandpieces.nl\/de\/produkt\/turgriff-messing-antik-ovale-perlenkette-vertikal-mit-schlusselloch-33x97mm\/\" \/>\n<meta property=\"og:locale\" content=\"de_DE\" \/>\n<meta property=\"og:type\" content=\"article\" \/>\n<meta property=\"og:title\" content=\"Deurgreep Messing Kralenketting met sleutelgat\" \/>\n<meta property=\"og:description\" content=\"Deurgreep Messing Antiek Ovale Kralenketting verticaal met sleutelgat 33x97mm\u00a0heeft een antieke messing afwerking. Versierd met een ovale kralenketting.\" \/>\n<meta property=\"og:url\" content=\"https:\/\/partsandpieces.nl\/de\/produkt\/turgriff-messing-antik-ovale-perlenkette-vertikal-mit-schlusselloch-33x97mm\/\" \/>\n<meta property=\"og:site_name\" content=\"Parts &amp; Pieces\" \/>\n<meta property=\"article:modified_time\" content=\"2025-12-29T12:17:33+00:00\" \/>\n<meta property=\"og:image\" content=\"https:\/\/partsandpieces.nl\/wp-content\/uploads\/2020\/07\/Deurgreep-Messing-Antiek-Ovale-Kralenketting-verticaal-met-sleutelgat-33x97mm.jpg\" \/>\n\t<meta property=\"og:image:width\" content=\"402\" \/>\n\t<meta property=\"og:image:height\" content=\"398\" \/>\n\t<meta property=\"og:image:type\" content=\"image\/jpeg\" \/>\n<meta name=\"twitter:card\" content=\"summary_large_image\" \/>\n<meta name=\"twitter:label1\" content=\"Gesch\u00e4tzte Lesezeit\" \/>\n\t<meta name=\"twitter:data1\" content=\"1\u00a0Minute\" \/>\n<script type=\"application\/ld+json\" class=\"yoast-schema-graph\">{\"@context\":\"https:\\\/\\\/schema.org\",\"@graph\":[{\"@type\":\"WebPage\",\"@id\":\"https:\\\/\\\/partsandpieces.nl\\\/product\\\/deurgreep-messing-antiek-ovale-kralenketting-verticaal-met-sleutelgat-33x97mm\\\/\",\"url\":\"https:\\\/\\\/partsandpieces.nl\\\/product\\\/deurgreep-messing-antiek-ovale-kralenketting-verticaal-met-sleutelgat-33x97mm\\\/\",\"name\":\"Deurgreep Messing Kralenketting met sleutelgat\",\"isPartOf\":{\"@id\":\"https:\\\/\\\/partsandpieces.nl\\\/#website\"},\"primaryImageOfPage\":{\"@id\":\"https:\\\/\\\/partsandpieces.nl\\\/product\\\/deurgreep-messing-antiek-ovale-kralenketting-verticaal-met-sleutelgat-33x97mm\\\/#primaryimage\"},\"image\":{\"@id\":\"https:\\\/\\\/partsandpieces.nl\\\/product\\\/deurgreep-messing-antiek-ovale-kralenketting-verticaal-met-sleutelgat-33x97mm\\\/#primaryimage\"},\"thumbnailUrl\":\"https:\\\/\\\/partsandpieces.nl\\\/wp-content\\\/uploads\\\/2020\\\/07\\\/Deurgreep-Messing-Antiek-Ovale-Kralenketting-verticaal-met-sleutelgat-33x97mm.jpg\",\"datePublished\":\"2020-07-13T10:11:09+00:00\",\"dateModified\":\"2025-12-29T12:17:33+00:00\",\"description\":\"Deurgreep Messing Antiek Ovale Kralenketting verticaal met sleutelgat 33x97mm\u00a0heeft een antieke messing afwerking. Versierd met een ovale kralenketting.\",\"breadcrumb\":{\"@id\":\"https:\\\/\\\/partsandpieces.nl\\\/product\\\/deurgreep-messing-antiek-ovale-kralenketting-verticaal-met-sleutelgat-33x97mm\\\/#breadcrumb\"},\"inLanguage\":\"de\",\"potentialAction\":[{\"@type\":\"ReadAction\",\"target\":[\"https:\\\/\\\/partsandpieces.nl\\\/product\\\/deurgreep-messing-antiek-ovale-kralenketting-verticaal-met-sleutelgat-33x97mm\\\/\"]}]},{\"@type\":\"ImageObject\",\"inLanguage\":\"de\",\"@id\":\"https:\\\/\\\/partsandpieces.nl\\\/product\\\/deurgreep-messing-antiek-ovale-kralenketting-verticaal-met-sleutelgat-33x97mm\\\/#primaryimage\",\"url\":\"https:\\\/\\\/partsandpieces.nl\\\/wp-content\\\/uploads\\\/2020\\\/07\\\/Deurgreep-Messing-Antiek-Ovale-Kralenketting-verticaal-met-sleutelgat-33x97mm.jpg\",\"contentUrl\":\"https:\\\/\\\/partsandpieces.nl\\\/wp-content\\\/uploads\\\/2020\\\/07\\\/Deurgreep-Messing-Antiek-Ovale-Kralenketting-verticaal-met-sleutelgat-33x97mm.jpg\",\"width\":402,\"height\":398,\"caption\":\"Deurgreep Messing Antiek Ovale Kralenketting verticaal met sleutelgat 33x97mm\"},{\"@type\":\"BreadcrumbList\",\"@id\":\"https:\\\/\\\/partsandpieces.nl\\\/product\\\/deurgreep-messing-antiek-ovale-kralenketting-verticaal-met-sleutelgat-33x97mm\\\/#breadcrumb\",\"itemListElement\":[{\"@type\":\"ListItem\",\"position\":1,\"name\":\"Home\",\"item\":\"https:\\\/\\\/partsandpieces.nl\\\/home\\\/\"},{\"@type\":\"ListItem\",\"position\":2,\"name\":\"Winkel\",\"item\":\"https:\\\/\\\/partsandpieces.nl\\\/winkel\\\/\"},{\"@type\":\"ListItem\",\"position\":3,\"name\":\"Deurgreep Messing Antiek Ovale Kralenketting verticaal met sleutelgat 33x97mm\"}]},{\"@type\":\"WebSite\",\"@id\":\"https:\\\/\\\/partsandpieces.nl\\\/#website\",\"url\":\"https:\\\/\\\/partsandpieces.nl\\\/\",\"name\":\"Parts &amp; Pieces\",\"description\":\"Alles voor uw meubelrestauratie en -onderhoud!\",\"potentialAction\":[{\"@type\":\"SearchAction\",\"target\":{\"@type\":\"EntryPoint\",\"urlTemplate\":\"https:\\\/\\\/partsandpieces.nl\\\/?s={search_term_string}\"},\"query-input\":{\"@type\":\"PropertyValueSpecification\",\"valueRequired\":true,\"valueName\":\"search_term_string\"}}],\"inLanguage\":\"de\"}]}<\/script>\n<!-- \/ Yoast SEO plugin. -->","yoast_head_json":{"title":"T\u00fcrgriff Messingperlenkette mit Schl\u00fcsselloch","description":"Der T\u00fcrgriff Messing Antik Oval Bead Chain vertikal mit Schl\u00fcsselloch 33x97mm hat ein antikes Messingfinish. Verziert mit einer ovalen Perlenkette.","robots":{"index":"index","follow":"follow","max-snippet":"max-snippet:-1","max-image-preview":"max-image-preview:large","max-video-preview":"max-video-preview:-1"},"canonical":"https:\/\/partsandpieces.nl\/de\/produkt\/turgriff-messing-antik-ovale-perlenkette-vertikal-mit-schlusselloch-33x97mm\/","og_locale":"de_DE","og_type":"article","og_title":"Deurgreep Messing Kralenketting met sleutelgat","og_description":"Deurgreep Messing Antiek Ovale Kralenketting verticaal met sleutelgat 33x97mm\u00a0heeft een antieke messing afwerking. Versierd met een ovale kralenketting.","og_url":"https:\/\/partsandpieces.nl\/de\/produkt\/turgriff-messing-antik-ovale-perlenkette-vertikal-mit-schlusselloch-33x97mm\/","og_site_name":"Parts &amp; Pieces","article_modified_time":"2025-12-29T12:17:33+00:00","og_image":[{"width":402,"height":398,"url":"https:\/\/partsandpieces.nl\/wp-content\/uploads\/2020\/07\/Deurgreep-Messing-Antiek-Ovale-Kralenketting-verticaal-met-sleutelgat-33x97mm.jpg","type":"image\/jpeg"}],"twitter_card":"summary_large_image","twitter_misc":{"Gesch\u00e4tzte Lesezeit":"1\u00a0Minute"},"schema":{"@context":"https:\/\/schema.org","@graph":[{"@type":"WebPage","@id":"https:\/\/partsandpieces.nl\/product\/deurgreep-messing-antiek-ovale-kralenketting-verticaal-met-sleutelgat-33x97mm\/","url":"https:\/\/partsandpieces.nl\/product\/deurgreep-messing-antiek-ovale-kralenketting-verticaal-met-sleutelgat-33x97mm\/","name":"T\u00fcrgriff Messingperlenkette mit Schl\u00fcsselloch","isPartOf":{"@id":"https:\/\/partsandpieces.nl\/#website"},"primaryImageOfPage":{"@id":"https:\/\/partsandpieces.nl\/product\/deurgreep-messing-antiek-ovale-kralenketting-verticaal-met-sleutelgat-33x97mm\/#primaryimage"},"image":{"@id":"https:\/\/partsandpieces.nl\/product\/deurgreep-messing-antiek-ovale-kralenketting-verticaal-met-sleutelgat-33x97mm\/#primaryimage"},"thumbnailUrl":"https:\/\/partsandpieces.nl\/wp-content\/uploads\/2020\/07\/Deurgreep-Messing-Antiek-Ovale-Kralenketting-verticaal-met-sleutelgat-33x97mm.jpg","datePublished":"2020-07-13T10:11:09+00:00","dateModified":"2025-12-29T12:17:33+00:00","description":"Der T\u00fcrgriff Messing Antik Oval Bead Chain vertikal mit Schl\u00fcsselloch 33x97mm hat ein antikes Messingfinish. Verziert mit einer ovalen Perlenkette.","breadcrumb":{"@id":"https:\/\/partsandpieces.nl\/product\/deurgreep-messing-antiek-ovale-kralenketting-verticaal-met-sleutelgat-33x97mm\/#breadcrumb"},"inLanguage":"de","potentialAction":[{"@type":"ReadAction","target":["https:\/\/partsandpieces.nl\/product\/deurgreep-messing-antiek-ovale-kralenketting-verticaal-met-sleutelgat-33x97mm\/"]}]},{"@type":"ImageObject","inLanguage":"de","@id":"https:\/\/partsandpieces.nl\/product\/deurgreep-messing-antiek-ovale-kralenketting-verticaal-met-sleutelgat-33x97mm\/#primaryimage","url":"https:\/\/partsandpieces.nl\/wp-content\/uploads\/2020\/07\/Deurgreep-Messing-Antiek-Ovale-Kralenketting-verticaal-met-sleutelgat-33x97mm.jpg","contentUrl":"https:\/\/partsandpieces.nl\/wp-content\/uploads\/2020\/07\/Deurgreep-Messing-Antiek-Ovale-Kralenketting-verticaal-met-sleutelgat-33x97mm.jpg","width":402,"height":398,"caption":"Deurgreep Messing Antiek Ovale Kralenketting verticaal met sleutelgat 33x97mm"},{"@type":"BreadcrumbList","@id":"https:\/\/partsandpieces.nl\/product\/deurgreep-messing-antiek-ovale-kralenketting-verticaal-met-sleutelgat-33x97mm\/#breadcrumb","itemListElement":[{"@type":"ListItem","position":1,"name":"Home","item":"https:\/\/partsandpieces.nl\/home\/"},{"@type":"ListItem","position":2,"name":"Winkel","item":"https:\/\/partsandpieces.nl\/winkel\/"},{"@type":"ListItem","position":3,"name":"Deurgreep Messing Antiek Ovale Kralenketting verticaal met sleutelgat 33x97mm"}]},{"@type":"WebSite","@id":"https:\/\/partsandpieces.nl\/#website","url":"https:\/\/partsandpieces.nl\/","name":"Teile &amp; St\u00fccke","description":"Alles f\u00fcr Ihre M\u00f6belrestaurierung und -pflege!","potentialAction":[{"@type":"SearchAction","target":{"@type":"EntryPoint","urlTemplate":"https:\/\/partsandpieces.nl\/?s={search_term_string}"},"query-input":{"@type":"PropertyValueSpecification","valueRequired":true,"valueName":"search_term_string"}}],"inLanguage":"de"}]}},"_links":{"self":[{"href":"https:\/\/partsandpieces.nl\/de\/wp-json\/wp\/v2\/product\/301","targetHints":{"allow":["GET"]}}],"collection":[{"href":"https:\/\/partsandpieces.nl\/de\/wp-json\/wp\/v2\/product"}],"about":[{"href":"https:\/\/partsandpieces.nl\/de\/wp-json\/wp\/v2\/types\/product"}],"wp:featuredmedia":[{"embeddable":true,"href":"https:\/\/partsandpieces.nl\/de\/wp-json\/wp\/v2\/media\/6775"}],"wp:attachment":[{"href":"https:\/\/partsandpieces.nl\/de\/wp-json\/wp\/v2\/media?parent=301"}],"wp:term":[{"taxonomy":"product_brand","embeddable":true,"href":"https:\/\/partsandpieces.nl\/de\/wp-json\/wp\/v2\/product_brand?post=301"},{"taxonomy":"product_cat","embeddable":true,"href":"https:\/\/partsandpieces.nl\/de\/wp-json\/wp\/v2\/product_cat?post=301"},{"taxonomy":"product_tag","embeddable":true,"href":"https:\/\/partsandpieces.nl\/de\/wp-json\/wp\/v2\/product_tag?post=301"}],"curies":[{"name":"wp","href":"https:\/\/api.w.org\/{rel}","templated":true}]}}