{"id":303,"date":"2020-07-13T10:13:30","date_gmt":"2020-07-13T10:13:30","guid":{"rendered":"https:\/\/partsandpieces.bonsaidev.nl\/?product=lade-deur-trekkerring-73x25-zamac"},"modified":"2025-10-27T14:33:28","modified_gmt":"2025-10-27T13:33:28","slug":"ringgriff-messing-antik-diamant-klein-73x25mm","status":"publish","type":"product","link":"https:\/\/partsandpieces.nl\/de\/product\/ringgreep-messing-antiek-ruit-klein-73x25mm\/","title":{"rendered":"Ringgriff Messing Antik Diamant Klein 73x25mm"},"content":{"rendered":"<p><strong>Ringgriff Messing Antik Diamant Klein 73x25mm<\/strong> ist ein Griff in Form eines ovalen Rings auf einem Kugelknauf mit einer bronzefarbenen Oberfl\u00e4che aus antikem Messing. Hinter der Kugel befindet sich eine Abdeckplatte in Rautenform. Sowohl die rautenf\u00f6rmige R\u00fcckplatte als auch der Ring sind drehbar. Dieser Ringgriff passt gut zu Ihren antiken M\u00f6beln oder Schubladen.<\/p>\n<p>Dieser hochwertige Ringgriff wird in Italien hergestellt.<\/p>\n<p><strong>Ma\u00dfe<br \/>\n<\/strong>Ringgriff Messing Antik Diamant Klein 73x25mm hat einen ovalen Ring mit einer Breite von 33mm und einer H\u00f6he von 42mm. Nach der Installation steht dieser Ringgriff 15 mm \u00fcber. Die Abdeckplatte des Ringgriffs ist 73x25mm gro\u00df.<\/p>\n<p><strong>Bearbeiten<br \/>\n<\/strong>Sie k\u00f6nnen den Griff mit blind montieren <span style=\"text-decoration: underline;\"><a href=\"https:\/\/partsandpieces.nl\/de\/produkt\/schraube-edelstahl-fur-blindmontageknopf-20x4mm-20-stuck\/\">Edelstahlschraube zur Blindmontage des Tasters (20x4mm)<\/a><\/span>. Ich schicke diese Schraube und die 2 kleinen Zierschrauben\u00a0<strong>FREI<\/strong>\u00a0mit Ihrer Bestellung.<\/p>","protected":false},"excerpt":{"rendered":"<p>Ringgreep Messing Antiek Ruit Klein 73x25mm is een greep in de vorm van een ovale ring aan een bol knopje met een antieke messing, bronskleurige afwerking. Achter het bolletje zit een afdekplaatje in een ruitvorm. Zowel de ruitvormige achterplaat als de ring zijn draaibaar. Deze ringgreep past goed op je antieke meubel of lade. Deze [&hellip;]<\/p>\n","protected":false},"featured_media":6777,"template":"","meta":{"_acf_changed":false},"product_brand":[],"product_cat":[41,23,44],"product_tag":[],"class_list":{"0":"post-303","1":"product","2":"type-product","3":"status-publish","4":"has-post-thumbnail","6":"product_cat-ladetrekkers","7":"product_cat-meubelbeslag","8":"product_cat-ringbeslag","10":"first","11":"instock","12":"taxable","13":"shipping-taxable","14":"purchasable","15":"product-type-simple"},"acf":[],"yoast_head":"<!-- This site is optimized with the Yoast SEO plugin v27.3 - https:\/\/yoast.com\/product\/yoast-seo-wordpress\/ -->\n<title>Ringgreep Messing Ruit Klein<\/title>\n<meta name=\"description\" content=\"Ringgreep Messing Antiek Ruit Klein 73x25mm is een ladegreep met een antieke messing, bronskleurige afwerking. Het afdekplaatje is in een ruitvorm.\" \/>\n<meta name=\"robots\" content=\"index, follow, max-snippet:-1, max-image-preview:large, max-video-preview:-1\" \/>\n<link rel=\"canonical\" href=\"https:\/\/partsandpieces.nl\/de\/produkt\/ringgriff-messing-antik-diamant-klein-73x25mm\/\" \/>\n<meta property=\"og:locale\" content=\"de_DE\" \/>\n<meta property=\"og:type\" content=\"article\" \/>\n<meta property=\"og:title\" content=\"Ringgreep Messing Ruit Klein\" \/>\n<meta property=\"og:description\" content=\"Ringgreep Messing Antiek Ruit Klein 73x25mm is een ladegreep met een antieke messing, bronskleurige afwerking. Het afdekplaatje is in een ruitvorm.\" \/>\n<meta property=\"og:url\" content=\"https:\/\/partsandpieces.nl\/de\/produkt\/ringgriff-messing-antik-diamant-klein-73x25mm\/\" \/>\n<meta property=\"og:site_name\" content=\"Parts &amp; Pieces\" \/>\n<meta property=\"article:modified_time\" content=\"2025-10-27T13:33:28+00:00\" \/>\n<meta property=\"og:image\" content=\"https:\/\/partsandpieces.nl\/wp-content\/uploads\/2020\/07\/Ringgreep-Messing-Antiek-Ruit-Klein-73x25mm.jpg\" \/>\n\t<meta property=\"og:image:width\" content=\"390\" \/>\n\t<meta property=\"og:image:height\" content=\"390\" \/>\n\t<meta property=\"og:image:type\" content=\"image\/jpeg\" \/>\n<meta name=\"twitter:card\" content=\"summary_large_image\" \/>\n<meta name=\"twitter:label1\" content=\"Gesch\u00e4tzte Lesezeit\" \/>\n\t<meta name=\"twitter:data1\" content=\"1\u00a0Minute\" \/>\n<script type=\"application\/ld+json\" class=\"yoast-schema-graph\">{\"@context\":\"https:\\\/\\\/schema.org\",\"@graph\":[{\"@type\":\"WebPage\",\"@id\":\"https:\\\/\\\/partsandpieces.nl\\\/product\\\/ringgreep-messing-antiek-ruit-klein-73x25mm\\\/\",\"url\":\"https:\\\/\\\/partsandpieces.nl\\\/product\\\/ringgreep-messing-antiek-ruit-klein-73x25mm\\\/\",\"name\":\"Ringgreep Messing Ruit Klein\",\"isPartOf\":{\"@id\":\"https:\\\/\\\/partsandpieces.nl\\\/#website\"},\"primaryImageOfPage\":{\"@id\":\"https:\\\/\\\/partsandpieces.nl\\\/product\\\/ringgreep-messing-antiek-ruit-klein-73x25mm\\\/#primaryimage\"},\"image\":{\"@id\":\"https:\\\/\\\/partsandpieces.nl\\\/product\\\/ringgreep-messing-antiek-ruit-klein-73x25mm\\\/#primaryimage\"},\"thumbnailUrl\":\"https:\\\/\\\/partsandpieces.nl\\\/wp-content\\\/uploads\\\/2020\\\/07\\\/Ringgreep-Messing-Antiek-Ruit-Klein-73x25mm.jpg\",\"datePublished\":\"2020-07-13T10:13:30+00:00\",\"dateModified\":\"2025-10-27T13:33:28+00:00\",\"description\":\"Ringgreep Messing Antiek Ruit Klein 73x25mm is een ladegreep met een antieke messing, bronskleurige afwerking. Het afdekplaatje is in een ruitvorm.\",\"breadcrumb\":{\"@id\":\"https:\\\/\\\/partsandpieces.nl\\\/product\\\/ringgreep-messing-antiek-ruit-klein-73x25mm\\\/#breadcrumb\"},\"inLanguage\":\"de\",\"potentialAction\":[{\"@type\":\"ReadAction\",\"target\":[\"https:\\\/\\\/partsandpieces.nl\\\/product\\\/ringgreep-messing-antiek-ruit-klein-73x25mm\\\/\"]}]},{\"@type\":\"ImageObject\",\"inLanguage\":\"de\",\"@id\":\"https:\\\/\\\/partsandpieces.nl\\\/product\\\/ringgreep-messing-antiek-ruit-klein-73x25mm\\\/#primaryimage\",\"url\":\"https:\\\/\\\/partsandpieces.nl\\\/wp-content\\\/uploads\\\/2020\\\/07\\\/Ringgreep-Messing-Antiek-Ruit-Klein-73x25mm.jpg\",\"contentUrl\":\"https:\\\/\\\/partsandpieces.nl\\\/wp-content\\\/uploads\\\/2020\\\/07\\\/Ringgreep-Messing-Antiek-Ruit-Klein-73x25mm.jpg\",\"width\":390,\"height\":390,\"caption\":\"Ringgreep Messing Antiek Ruit Klein 73x25mm\"},{\"@type\":\"BreadcrumbList\",\"@id\":\"https:\\\/\\\/partsandpieces.nl\\\/product\\\/ringgreep-messing-antiek-ruit-klein-73x25mm\\\/#breadcrumb\",\"itemListElement\":[{\"@type\":\"ListItem\",\"position\":1,\"name\":\"Home\",\"item\":\"https:\\\/\\\/partsandpieces.nl\\\/home\\\/\"},{\"@type\":\"ListItem\",\"position\":2,\"name\":\"Winkel\",\"item\":\"https:\\\/\\\/partsandpieces.nl\\\/winkel\\\/\"},{\"@type\":\"ListItem\",\"position\":3,\"name\":\"Ringgreep Messing Antiek Ruit Klein 73x25mm\"}]},{\"@type\":\"WebSite\",\"@id\":\"https:\\\/\\\/partsandpieces.nl\\\/#website\",\"url\":\"https:\\\/\\\/partsandpieces.nl\\\/\",\"name\":\"Parts &amp; Pieces\",\"description\":\"Alles voor uw meubelrestauratie en -onderhoud!\",\"potentialAction\":[{\"@type\":\"SearchAction\",\"target\":{\"@type\":\"EntryPoint\",\"urlTemplate\":\"https:\\\/\\\/partsandpieces.nl\\\/?s={search_term_string}\"},\"query-input\":{\"@type\":\"PropertyValueSpecification\",\"valueRequired\":true,\"valueName\":\"search_term_string\"}}],\"inLanguage\":\"de\"}]}<\/script>\n<!-- \/ Yoast SEO plugin. -->","yoast_head_json":{"title":"Ringgriff Messing Diamant klein","description":"Der Ringgriff Messing Antik Diamond Small 73x25mm ist ein Schubladengriff mit einer bronzefarbenen Oberfl\u00e4che aus antikem Messing. Die Abdeckplatte ist rautenf\u00f6rmig.","robots":{"index":"index","follow":"follow","max-snippet":"max-snippet:-1","max-image-preview":"max-image-preview:large","max-video-preview":"max-video-preview:-1"},"canonical":"https:\/\/partsandpieces.nl\/de\/produkt\/ringgriff-messing-antik-diamant-klein-73x25mm\/","og_locale":"de_DE","og_type":"article","og_title":"Ringgreep Messing Ruit Klein","og_description":"Ringgreep Messing Antiek Ruit Klein 73x25mm is een ladegreep met een antieke messing, bronskleurige afwerking. Het afdekplaatje is in een ruitvorm.","og_url":"https:\/\/partsandpieces.nl\/de\/produkt\/ringgriff-messing-antik-diamant-klein-73x25mm\/","og_site_name":"Parts &amp; Pieces","article_modified_time":"2025-10-27T13:33:28+00:00","og_image":[{"width":390,"height":390,"url":"https:\/\/partsandpieces.nl\/wp-content\/uploads\/2020\/07\/Ringgreep-Messing-Antiek-Ruit-Klein-73x25mm.jpg","type":"image\/jpeg"}],"twitter_card":"summary_large_image","twitter_misc":{"Gesch\u00e4tzte Lesezeit":"1\u00a0Minute"},"schema":{"@context":"https:\/\/schema.org","@graph":[{"@type":"WebPage","@id":"https:\/\/partsandpieces.nl\/product\/ringgreep-messing-antiek-ruit-klein-73x25mm\/","url":"https:\/\/partsandpieces.nl\/product\/ringgreep-messing-antiek-ruit-klein-73x25mm\/","name":"Ringgriff Messing Diamant klein","isPartOf":{"@id":"https:\/\/partsandpieces.nl\/#website"},"primaryImageOfPage":{"@id":"https:\/\/partsandpieces.nl\/product\/ringgreep-messing-antiek-ruit-klein-73x25mm\/#primaryimage"},"image":{"@id":"https:\/\/partsandpieces.nl\/product\/ringgreep-messing-antiek-ruit-klein-73x25mm\/#primaryimage"},"thumbnailUrl":"https:\/\/partsandpieces.nl\/wp-content\/uploads\/2020\/07\/Ringgreep-Messing-Antiek-Ruit-Klein-73x25mm.jpg","datePublished":"2020-07-13T10:13:30+00:00","dateModified":"2025-10-27T13:33:28+00:00","description":"Der Ringgriff Messing Antik Diamond Small 73x25mm ist ein Schubladengriff mit einer bronzefarbenen Oberfl\u00e4che aus antikem Messing. Die Abdeckplatte ist rautenf\u00f6rmig.","breadcrumb":{"@id":"https:\/\/partsandpieces.nl\/product\/ringgreep-messing-antiek-ruit-klein-73x25mm\/#breadcrumb"},"inLanguage":"de","potentialAction":[{"@type":"ReadAction","target":["https:\/\/partsandpieces.nl\/product\/ringgreep-messing-antiek-ruit-klein-73x25mm\/"]}]},{"@type":"ImageObject","inLanguage":"de","@id":"https:\/\/partsandpieces.nl\/product\/ringgreep-messing-antiek-ruit-klein-73x25mm\/#primaryimage","url":"https:\/\/partsandpieces.nl\/wp-content\/uploads\/2020\/07\/Ringgreep-Messing-Antiek-Ruit-Klein-73x25mm.jpg","contentUrl":"https:\/\/partsandpieces.nl\/wp-content\/uploads\/2020\/07\/Ringgreep-Messing-Antiek-Ruit-Klein-73x25mm.jpg","width":390,"height":390,"caption":"Ringgreep Messing Antiek Ruit Klein 73x25mm"},{"@type":"BreadcrumbList","@id":"https:\/\/partsandpieces.nl\/product\/ringgreep-messing-antiek-ruit-klein-73x25mm\/#breadcrumb","itemListElement":[{"@type":"ListItem","position":1,"name":"Home","item":"https:\/\/partsandpieces.nl\/home\/"},{"@type":"ListItem","position":2,"name":"Winkel","item":"https:\/\/partsandpieces.nl\/winkel\/"},{"@type":"ListItem","position":3,"name":"Ringgreep Messing Antiek Ruit Klein 73x25mm"}]},{"@type":"WebSite","@id":"https:\/\/partsandpieces.nl\/#website","url":"https:\/\/partsandpieces.nl\/","name":"Teile &amp; St\u00fccke","description":"Alles f\u00fcr Ihre M\u00f6belrestaurierung und -pflege!","potentialAction":[{"@type":"SearchAction","target":{"@type":"EntryPoint","urlTemplate":"https:\/\/partsandpieces.nl\/?s={search_term_string}"},"query-input":{"@type":"PropertyValueSpecification","valueRequired":true,"valueName":"search_term_string"}}],"inLanguage":"de"}]}},"_links":{"self":[{"href":"https:\/\/partsandpieces.nl\/de\/wp-json\/wp\/v2\/product\/303","targetHints":{"allow":["GET"]}}],"collection":[{"href":"https:\/\/partsandpieces.nl\/de\/wp-json\/wp\/v2\/product"}],"about":[{"href":"https:\/\/partsandpieces.nl\/de\/wp-json\/wp\/v2\/types\/product"}],"wp:featuredmedia":[{"embeddable":true,"href":"https:\/\/partsandpieces.nl\/de\/wp-json\/wp\/v2\/media\/6777"}],"wp:attachment":[{"href":"https:\/\/partsandpieces.nl\/de\/wp-json\/wp\/v2\/media?parent=303"}],"wp:term":[{"taxonomy":"product_brand","embeddable":true,"href":"https:\/\/partsandpieces.nl\/de\/wp-json\/wp\/v2\/product_brand?post=303"},{"taxonomy":"product_cat","embeddable":true,"href":"https:\/\/partsandpieces.nl\/de\/wp-json\/wp\/v2\/product_cat?post=303"},{"taxonomy":"product_tag","embeddable":true,"href":"https:\/\/partsandpieces.nl\/de\/wp-json\/wp\/v2\/product_tag?post=303"}],"curies":[{"name":"wp","href":"https:\/\/api.w.org\/{rel}","templated":true}]}}