{"id":305,"date":"2020-07-13T10:15:50","date_gmt":"2020-07-13T08:15:50","guid":{"rendered":"https:\/\/partsandpieces.bonsaidev.nl\/?product=deurtrekker-z-sl-gat-zam"},"modified":"2026-03-16T11:46:18","modified_gmt":"2026-03-16T10:46:18","slug":"mobelgriff-bronze-antik-lorbeerkranz-vertikal-34mm","status":"publish","type":"product","link":"https:\/\/partsandpieces.nl\/de\/product\/meubelgreep-brons-antiek-lauwerkrans-verticaal-34mm\/","title":{"rendered":"M\u00f6belgriff Bronze antik Lorbeerkranz senkrecht 34mm"},"content":{"rendered":"<p><strong>M\u00f6belgriff Bronze antik Lorbeerkranz senkrecht 34mm<\/strong> ist ein wundersch\u00f6ner T\u00fcrgriff aus Zamak* mit Antik-Bronze-Finish. Der M\u00f6belgriff besteht aus einem Ring mit ovaler, abgerundeter Form, um Ihre T\u00fcr zu \u00f6ffnen. Dieser Ring ist mit einem Knopf an einer R\u00fcckenplatte befestigt, die mit einem Lorbeerkranz verziert ist. Der Rand ist mit einem Kabelmotiv verziert. Die Optik dieses klassischen Griffs ist matt. Dieser Griff passt gut zu Ihren antiken oder klassischen M\u00f6beln und Schubladen.<\/p>\n<p>Dieser hochwertige M\u00f6belgriff wird in Italien hergestellt.<\/p>\n<p><strong>Ma\u00dfe<br \/>\n<\/strong>Der M\u00f6belgriff Bronze &#039;Lauwerkrans&#039; vertikal ist in seiner Gesamtheit 34 mm breit und 96 mm hoch. Der Griff selbst ist 31 mm breit und 40 mm hoch. Nach der Montage steht dieser Griff 12 mm vor.<\/p>\n<p><strong>Bearbeiten<br \/>\n<\/strong>Sie k\u00f6nnen den Griff mit blind montieren <span style=\"text-decoration: underline;\"><a href=\"https:\/\/partsandpieces.nl\/de\/produkt\/schrauben-mit-rundkopf-antikbronze-mit-schlitz-2-x-14-mm\/\">Schraube Rundkopf Antik Bronze mit Schlitz (2x14mm)<\/a><\/span>. Ich schicke diese Schrauben\u00a0<strong>FREI<\/strong>\u00a0mit Ihrer Bestellung.<\/p>\n<p>* Zamak ist eine Legierung mit Zink als Hauptbestandteil. Es hat einen relativ niedrigen Schmelzpunkt und ist leicht zu gie\u00dfen. Der Name ist ein Akronym, abgeleitet von den Anfangsbuchstaben der deutschen Bezeichnungen f\u00fcr die Metalle, aus denen sich der Werkstoff zusammensetzt: Zink, Aluminium, MAGnesium, Kupfer. Zamak wird in der Auto- und M\u00f6belindustrie f\u00fcr T\u00fcrgriffe, Griffe, Logos und Zierleisten verwendet. Es wird auch h\u00e4ufig als Ersatz f\u00fcr das giftige Blei verwendet.<\/p>","protected":false},"excerpt":{"rendered":"<p>Meubelgreep Brons antiek Lauwerkrans verticaal 34mm is een mooie deurgreep gemaakt van zamak* met een antieke bronzen afwerking. De meubelgreep bestaat uit een ring met een ovale, afgeronde vorm om je deurtje mee open te trekken. Deze ring is met een knopje bevestigd aan een achterplaat die is versierd met een lauwerkrans. De rand is [&hellip;]<\/p>\n","protected":false},"featured_media":4977,"template":"","meta":{"_acf_changed":false},"product_brand":[],"product_cat":[29,23],"product_tag":[],"class_list":{"0":"post-305","1":"product","2":"type-product","3":"status-publish","4":"has-post-thumbnail","6":"product_cat-deurtrekkers","7":"product_cat-meubelbeslag","9":"first","10":"instock","11":"taxable","12":"shipping-taxable","13":"purchasable","14":"product-type-simple"},"acf":[],"yoast_head":"<!-- This site is optimized with the Yoast SEO plugin v27.3 - https:\/\/yoast.com\/product\/yoast-seo-wordpress\/ -->\n<title>Meubelgreep Brons Lauwerkrans verticaal antiek 34mm<\/title>\n<meta name=\"description\" content=\"Meubelgreep Brons Lauwerkrans verticaal antiek 34mm heeft een antieke bronzen afwerking. Past goed op je antieke of klassieke meubel en lades.\" \/>\n<meta name=\"robots\" content=\"index, follow, max-snippet:-1, max-image-preview:large, max-video-preview:-1\" \/>\n<link rel=\"canonical\" href=\"https:\/\/partsandpieces.nl\/de\/produkt\/mobelgriff-bronze-antik-lorbeerkranz-vertikal-34mm\/\" \/>\n<meta property=\"og:locale\" content=\"de_DE\" \/>\n<meta property=\"og:type\" content=\"article\" \/>\n<meta property=\"og:title\" content=\"Meubelgreep Brons Lauwerkrans verticaal antiek 34mm\" \/>\n<meta property=\"og:description\" content=\"Meubelgreep Brons Lauwerkrans verticaal antiek 34mm heeft een antieke bronzen afwerking. Past goed op je antieke of klassieke meubel en lades.\" \/>\n<meta property=\"og:url\" content=\"https:\/\/partsandpieces.nl\/de\/produkt\/mobelgriff-bronze-antik-lorbeerkranz-vertikal-34mm\/\" \/>\n<meta property=\"og:site_name\" content=\"Parts &amp; Pieces\" \/>\n<meta property=\"article:modified_time\" content=\"2026-03-16T10:46:18+00:00\" \/>\n<meta property=\"og:image\" content=\"https:\/\/partsandpieces.nl\/wp-content\/uploads\/2020\/07\/Meubelgreep-Brons-antiek-Lauwerkrans-verticaal-34mm.jpg\" \/>\n\t<meta property=\"og:image:width\" content=\"480\" \/>\n\t<meta property=\"og:image:height\" content=\"640\" \/>\n\t<meta property=\"og:image:type\" content=\"image\/jpeg\" \/>\n<meta name=\"twitter:card\" content=\"summary_large_image\" \/>\n<meta name=\"twitter:label1\" content=\"Gesch\u00e4tzte Lesezeit\" \/>\n\t<meta name=\"twitter:data1\" content=\"2\u00a0Minuten\" \/>\n<script type=\"application\/ld+json\" class=\"yoast-schema-graph\">{\"@context\":\"https:\\\/\\\/schema.org\",\"@graph\":[{\"@type\":\"WebPage\",\"@id\":\"https:\\\/\\\/partsandpieces.nl\\\/product\\\/meubelgreep-brons-antiek-lauwerkrans-verticaal-34mm\\\/\",\"url\":\"https:\\\/\\\/partsandpieces.nl\\\/product\\\/meubelgreep-brons-antiek-lauwerkrans-verticaal-34mm\\\/\",\"name\":\"Meubelgreep Brons Lauwerkrans verticaal antiek 34mm\",\"isPartOf\":{\"@id\":\"https:\\\/\\\/partsandpieces.nl\\\/#website\"},\"primaryImageOfPage\":{\"@id\":\"https:\\\/\\\/partsandpieces.nl\\\/product\\\/meubelgreep-brons-antiek-lauwerkrans-verticaal-34mm\\\/#primaryimage\"},\"image\":{\"@id\":\"https:\\\/\\\/partsandpieces.nl\\\/product\\\/meubelgreep-brons-antiek-lauwerkrans-verticaal-34mm\\\/#primaryimage\"},\"thumbnailUrl\":\"https:\\\/\\\/partsandpieces.nl\\\/wp-content\\\/uploads\\\/2020\\\/07\\\/Meubelgreep-Brons-antiek-Lauwerkrans-verticaal-34mm.jpg\",\"datePublished\":\"2020-07-13T08:15:50+00:00\",\"dateModified\":\"2026-03-16T10:46:18+00:00\",\"description\":\"Meubelgreep Brons Lauwerkrans verticaal antiek 34mm heeft een antieke bronzen afwerking. Past goed op je antieke of klassieke meubel en lades.\",\"breadcrumb\":{\"@id\":\"https:\\\/\\\/partsandpieces.nl\\\/product\\\/meubelgreep-brons-antiek-lauwerkrans-verticaal-34mm\\\/#breadcrumb\"},\"inLanguage\":\"de\",\"potentialAction\":[{\"@type\":\"ReadAction\",\"target\":[\"https:\\\/\\\/partsandpieces.nl\\\/product\\\/meubelgreep-brons-antiek-lauwerkrans-verticaal-34mm\\\/\"]}]},{\"@type\":\"ImageObject\",\"inLanguage\":\"de\",\"@id\":\"https:\\\/\\\/partsandpieces.nl\\\/product\\\/meubelgreep-brons-antiek-lauwerkrans-verticaal-34mm\\\/#primaryimage\",\"url\":\"https:\\\/\\\/partsandpieces.nl\\\/wp-content\\\/uploads\\\/2020\\\/07\\\/Meubelgreep-Brons-antiek-Lauwerkrans-verticaal-34mm.jpg\",\"contentUrl\":\"https:\\\/\\\/partsandpieces.nl\\\/wp-content\\\/uploads\\\/2020\\\/07\\\/Meubelgreep-Brons-antiek-Lauwerkrans-verticaal-34mm.jpg\",\"width\":480,\"height\":640,\"caption\":\"Meubelgreep Brons antiek Lauwerkrans verticaal 34mm\"},{\"@type\":\"BreadcrumbList\",\"@id\":\"https:\\\/\\\/partsandpieces.nl\\\/product\\\/meubelgreep-brons-antiek-lauwerkrans-verticaal-34mm\\\/#breadcrumb\",\"itemListElement\":[{\"@type\":\"ListItem\",\"position\":1,\"name\":\"Home\",\"item\":\"https:\\\/\\\/partsandpieces.nl\\\/home\\\/\"},{\"@type\":\"ListItem\",\"position\":2,\"name\":\"Winkel\",\"item\":\"https:\\\/\\\/partsandpieces.nl\\\/winkel\\\/\"},{\"@type\":\"ListItem\",\"position\":3,\"name\":\"Meubelgreep Brons antiek Lauwerkrans verticaal 34mm\"}]},{\"@type\":\"WebSite\",\"@id\":\"https:\\\/\\\/partsandpieces.nl\\\/#website\",\"url\":\"https:\\\/\\\/partsandpieces.nl\\\/\",\"name\":\"Parts &amp; Pieces\",\"description\":\"Alles voor uw meubelrestauratie en -onderhoud!\",\"potentialAction\":[{\"@type\":\"SearchAction\",\"target\":{\"@type\":\"EntryPoint\",\"urlTemplate\":\"https:\\\/\\\/partsandpieces.nl\\\/?s={search_term_string}\"},\"query-input\":{\"@type\":\"PropertyValueSpecification\",\"valueRequired\":true,\"valueName\":\"search_term_string\"}}],\"inLanguage\":\"de\"}]}<\/script>\n<!-- \/ Yoast SEO plugin. -->","yoast_head_json":{"title":"M\u00f6belgriff Bronze Lorbeerkranz senkrecht antik 34mm","description":"M\u00f6belgriff Bronze Lorbeerkranz vertikal antik 34mm hat ein antikbronze Finish. Passt gut auf Ihre antiken oder klassischen M\u00f6bel und Schubladen.","robots":{"index":"index","follow":"follow","max-snippet":"max-snippet:-1","max-image-preview":"max-image-preview:large","max-video-preview":"max-video-preview:-1"},"canonical":"https:\/\/partsandpieces.nl\/de\/produkt\/mobelgriff-bronze-antik-lorbeerkranz-vertikal-34mm\/","og_locale":"de_DE","og_type":"article","og_title":"Meubelgreep Brons Lauwerkrans verticaal antiek 34mm","og_description":"Meubelgreep Brons Lauwerkrans verticaal antiek 34mm heeft een antieke bronzen afwerking. Past goed op je antieke of klassieke meubel en lades.","og_url":"https:\/\/partsandpieces.nl\/de\/produkt\/mobelgriff-bronze-antik-lorbeerkranz-vertikal-34mm\/","og_site_name":"Parts &amp; Pieces","article_modified_time":"2026-03-16T10:46:18+00:00","og_image":[{"width":480,"height":640,"url":"https:\/\/partsandpieces.nl\/wp-content\/uploads\/2020\/07\/Meubelgreep-Brons-antiek-Lauwerkrans-verticaal-34mm.jpg","type":"image\/jpeg"}],"twitter_card":"summary_large_image","twitter_misc":{"Gesch\u00e4tzte Lesezeit":"2\u00a0Minuten"},"schema":{"@context":"https:\/\/schema.org","@graph":[{"@type":"WebPage","@id":"https:\/\/partsandpieces.nl\/product\/meubelgreep-brons-antiek-lauwerkrans-verticaal-34mm\/","url":"https:\/\/partsandpieces.nl\/product\/meubelgreep-brons-antiek-lauwerkrans-verticaal-34mm\/","name":"M\u00f6belgriff Bronze Lorbeerkranz senkrecht antik 34mm","isPartOf":{"@id":"https:\/\/partsandpieces.nl\/#website"},"primaryImageOfPage":{"@id":"https:\/\/partsandpieces.nl\/product\/meubelgreep-brons-antiek-lauwerkrans-verticaal-34mm\/#primaryimage"},"image":{"@id":"https:\/\/partsandpieces.nl\/product\/meubelgreep-brons-antiek-lauwerkrans-verticaal-34mm\/#primaryimage"},"thumbnailUrl":"https:\/\/partsandpieces.nl\/wp-content\/uploads\/2020\/07\/Meubelgreep-Brons-antiek-Lauwerkrans-verticaal-34mm.jpg","datePublished":"2020-07-13T08:15:50+00:00","dateModified":"2026-03-16T10:46:18+00:00","description":"M\u00f6belgriff Bronze Lorbeerkranz vertikal antik 34mm hat ein antikbronze Finish. Passt gut auf Ihre antiken oder klassischen M\u00f6bel und Schubladen.","breadcrumb":{"@id":"https:\/\/partsandpieces.nl\/product\/meubelgreep-brons-antiek-lauwerkrans-verticaal-34mm\/#breadcrumb"},"inLanguage":"de","potentialAction":[{"@type":"ReadAction","target":["https:\/\/partsandpieces.nl\/product\/meubelgreep-brons-antiek-lauwerkrans-verticaal-34mm\/"]}]},{"@type":"ImageObject","inLanguage":"de","@id":"https:\/\/partsandpieces.nl\/product\/meubelgreep-brons-antiek-lauwerkrans-verticaal-34mm\/#primaryimage","url":"https:\/\/partsandpieces.nl\/wp-content\/uploads\/2020\/07\/Meubelgreep-Brons-antiek-Lauwerkrans-verticaal-34mm.jpg","contentUrl":"https:\/\/partsandpieces.nl\/wp-content\/uploads\/2020\/07\/Meubelgreep-Brons-antiek-Lauwerkrans-verticaal-34mm.jpg","width":480,"height":640,"caption":"Meubelgreep Brons antiek Lauwerkrans verticaal 34mm"},{"@type":"BreadcrumbList","@id":"https:\/\/partsandpieces.nl\/product\/meubelgreep-brons-antiek-lauwerkrans-verticaal-34mm\/#breadcrumb","itemListElement":[{"@type":"ListItem","position":1,"name":"Home","item":"https:\/\/partsandpieces.nl\/home\/"},{"@type":"ListItem","position":2,"name":"Winkel","item":"https:\/\/partsandpieces.nl\/winkel\/"},{"@type":"ListItem","position":3,"name":"Meubelgreep Brons antiek Lauwerkrans verticaal 34mm"}]},{"@type":"WebSite","@id":"https:\/\/partsandpieces.nl\/#website","url":"https:\/\/partsandpieces.nl\/","name":"Teile &amp; St\u00fccke","description":"Alles f\u00fcr Ihre M\u00f6belrestaurierung und -pflege!","potentialAction":[{"@type":"SearchAction","target":{"@type":"EntryPoint","urlTemplate":"https:\/\/partsandpieces.nl\/?s={search_term_string}"},"query-input":{"@type":"PropertyValueSpecification","valueRequired":true,"valueName":"search_term_string"}}],"inLanguage":"de"}]}},"_links":{"self":[{"href":"https:\/\/partsandpieces.nl\/de\/wp-json\/wp\/v2\/product\/305","targetHints":{"allow":["GET"]}}],"collection":[{"href":"https:\/\/partsandpieces.nl\/de\/wp-json\/wp\/v2\/product"}],"about":[{"href":"https:\/\/partsandpieces.nl\/de\/wp-json\/wp\/v2\/types\/product"}],"wp:featuredmedia":[{"embeddable":true,"href":"https:\/\/partsandpieces.nl\/de\/wp-json\/wp\/v2\/media\/4977"}],"wp:attachment":[{"href":"https:\/\/partsandpieces.nl\/de\/wp-json\/wp\/v2\/media?parent=305"}],"wp:term":[{"taxonomy":"product_brand","embeddable":true,"href":"https:\/\/partsandpieces.nl\/de\/wp-json\/wp\/v2\/product_brand?post=305"},{"taxonomy":"product_cat","embeddable":true,"href":"https:\/\/partsandpieces.nl\/de\/wp-json\/wp\/v2\/product_cat?post=305"},{"taxonomy":"product_tag","embeddable":true,"href":"https:\/\/partsandpieces.nl\/de\/wp-json\/wp\/v2\/product_tag?post=305"}],"curies":[{"name":"wp","href":"https:\/\/api.w.org\/{rel}","templated":true}]}}