{"id":311,"date":"2020-07-13T10:55:04","date_gmt":"2020-07-13T10:55:04","guid":{"rendered":"https:\/\/partsandpieces.bonsaidev.nl\/?product=trekkertje-klein-zam"},"modified":"2025-07-11T11:12:02","modified_gmt":"2025-07-11T09:12:02","slug":"schubladengriff-messing-antik-lorbeerkranz-klein-30mm","status":"publish","type":"product","link":"https:\/\/partsandpieces.nl\/de\/product\/ladetrekker-messing-antiek-lauwerkrans-klein-30mm\/","title":{"rendered":"Schubladenauszieher Messing antik Lorbeerkranz klein 30mm"},"content":{"rendered":"<p><strong>Schubladenauszieher Messing antik Lorbeerkranz klein 30mm<\/strong> ist ein kleiner, flacher Schubladengriff mit Ring f\u00fcr M\u00f6belt\u00fcren und Schubladen. Der Traktor besteht aus Zamak* und hat ein bronzefarbenes Antik-Finish.<\/p>\n<p><strong>Ma\u00dfe<br \/>\n<\/strong>Der antike Lorbeerkranz-Schubladengriff aus Messing, klein, 30 mm, hat eine Breite von 30 mm und eine H\u00f6he von 30 mm.<\/p>\n<p><strong>Bearbeiten<br \/>\n<\/strong>Sie k\u00f6nnen den Knopf mit montieren\u00a0<span style=\"text-decoration: underline;\"><a href=\"https:\/\/partsandpieces.nl\/de\/produkt\/schrauben-mit-rundkopf-antikbronze-mit-schlitz-2-x-14-mm\/\">Schraube Rundkopf Antik Bronze mit Schlitz (2x14mm)<\/a><\/span>. Ich schicke diese Schraube\u00a0<strong>FREI<\/strong>\u00a0mit Ihrer Bestellung.<\/p>\n<p>* Zamak ist eine Legierung mit Zink als Hauptbestandteil. Es hat einen relativ niedrigen Schmelzpunkt und ist leicht zu gie\u00dfen. Der Name ist ein Akronym, abgeleitet von den Anfangsbuchstaben der deutschen Bezeichnungen f\u00fcr die Metalle, aus denen sich der Werkstoff zusammensetzt: Zink, Aluminium, MAGnesium, Kupfer. Zamak wird in der Auto- und M\u00f6belindustrie f\u00fcr T\u00fcrgriffe, Griffe, Logos und Zierleisten verwendet. Es wird auch h\u00e4ufig als Ersatz f\u00fcr das giftige Blei verwendet.<\/p>","protected":false},"excerpt":{"rendered":"<p>Ladetrekker Messing antiek Lauwerkrans klein 30mm is een kleine, platte ladetrekker met ring voor meubeldeuren en -lades. De trekker is gemaakt van Zamak* en heeft een bronskleurige antieke afwerking. Afmetingen De Ladetrekker Messing antiek Lauwerkrans klein 30mm heeft een breedte van 30mm en een hoogte van 30mm. Montage Je kunt de knop monteren met\u00a0Schroef Bolkop [&hellip;]<\/p>\n","protected":false},"featured_media":5646,"template":"","meta":{"_acf_changed":false},"product_brand":[],"product_cat":[41,23,44],"product_tag":[],"class_list":{"0":"post-311","1":"product","2":"type-product","3":"status-publish","4":"has-post-thumbnail","6":"product_cat-ladetrekkers","7":"product_cat-meubelbeslag","8":"product_cat-ringbeslag","10":"first","11":"instock","12":"taxable","13":"shipping-taxable","14":"purchasable","15":"product-type-simple"},"acf":[],"yoast_head":"<!-- This site is optimized with the Yoast SEO plugin v27.3 - https:\/\/yoast.com\/product\/yoast-seo-wordpress\/ -->\n<title>Ladetrekker Messing klein 30mm<\/title>\n<meta name=\"description\" content=\"Ladetrekker Messing antiek Lauwerkrans klein 30mm is een kleine, platte ladetrekker met ring voor meubellades. Heeft een bronskleurige antieke afwerking.\" \/>\n<meta name=\"robots\" content=\"index, follow, max-snippet:-1, max-image-preview:large, max-video-preview:-1\" \/>\n<link rel=\"canonical\" href=\"https:\/\/partsandpieces.nl\/de\/produkt\/schubladengriff-messing-antik-lorbeerkranz-klein-30mm\/\" \/>\n<meta property=\"og:locale\" content=\"de_DE\" \/>\n<meta property=\"og:type\" content=\"article\" \/>\n<meta property=\"og:title\" content=\"Ladetrekker Messing klein 30mm\" \/>\n<meta property=\"og:description\" content=\"Ladetrekker Messing antiek Lauwerkrans klein 30mm is een kleine, platte ladetrekker met ring voor meubellades. Heeft een bronskleurige antieke afwerking.\" \/>\n<meta property=\"og:url\" content=\"https:\/\/partsandpieces.nl\/de\/produkt\/schubladengriff-messing-antik-lorbeerkranz-klein-30mm\/\" \/>\n<meta property=\"og:site_name\" content=\"Parts &amp; Pieces\" \/>\n<meta property=\"article:modified_time\" content=\"2025-07-11T09:12:02+00:00\" \/>\n<meta property=\"og:image\" content=\"https:\/\/partsandpieces.nl\/wp-content\/uploads\/2020\/07\/Ladetrekker-Messing-antiek-Lauwerkrans-klein-30mm.jpg\" \/>\n\t<meta property=\"og:image:width\" content=\"430\" \/>\n\t<meta property=\"og:image:height\" content=\"427\" \/>\n\t<meta property=\"og:image:type\" content=\"image\/jpeg\" \/>\n<meta name=\"twitter:card\" content=\"summary_large_image\" \/>\n<meta name=\"twitter:label1\" content=\"Gesch\u00e4tzte Lesezeit\" \/>\n\t<meta name=\"twitter:data1\" content=\"1\u00a0Minute\" \/>\n<script type=\"application\/ld+json\" class=\"yoast-schema-graph\">{\"@context\":\"https:\\\/\\\/schema.org\",\"@graph\":[{\"@type\":\"WebPage\",\"@id\":\"https:\\\/\\\/partsandpieces.nl\\\/product\\\/ladetrekker-messing-antiek-lauwerkrans-klein-30mm\\\/\",\"url\":\"https:\\\/\\\/partsandpieces.nl\\\/product\\\/ladetrekker-messing-antiek-lauwerkrans-klein-30mm\\\/\",\"name\":\"Ladetrekker Messing klein 30mm\",\"isPartOf\":{\"@id\":\"https:\\\/\\\/partsandpieces.nl\\\/#website\"},\"primaryImageOfPage\":{\"@id\":\"https:\\\/\\\/partsandpieces.nl\\\/product\\\/ladetrekker-messing-antiek-lauwerkrans-klein-30mm\\\/#primaryimage\"},\"image\":{\"@id\":\"https:\\\/\\\/partsandpieces.nl\\\/product\\\/ladetrekker-messing-antiek-lauwerkrans-klein-30mm\\\/#primaryimage\"},\"thumbnailUrl\":\"https:\\\/\\\/partsandpieces.nl\\\/wp-content\\\/uploads\\\/2020\\\/07\\\/Ladetrekker-Messing-antiek-Lauwerkrans-klein-30mm.jpg\",\"datePublished\":\"2020-07-13T10:55:04+00:00\",\"dateModified\":\"2025-07-11T09:12:02+00:00\",\"description\":\"Ladetrekker Messing antiek Lauwerkrans klein 30mm is een kleine, platte ladetrekker met ring voor meubellades. Heeft een bronskleurige antieke afwerking.\",\"breadcrumb\":{\"@id\":\"https:\\\/\\\/partsandpieces.nl\\\/product\\\/ladetrekker-messing-antiek-lauwerkrans-klein-30mm\\\/#breadcrumb\"},\"inLanguage\":\"de\",\"potentialAction\":[{\"@type\":\"ReadAction\",\"target\":[\"https:\\\/\\\/partsandpieces.nl\\\/product\\\/ladetrekker-messing-antiek-lauwerkrans-klein-30mm\\\/\"]}]},{\"@type\":\"ImageObject\",\"inLanguage\":\"de\",\"@id\":\"https:\\\/\\\/partsandpieces.nl\\\/product\\\/ladetrekker-messing-antiek-lauwerkrans-klein-30mm\\\/#primaryimage\",\"url\":\"https:\\\/\\\/partsandpieces.nl\\\/wp-content\\\/uploads\\\/2020\\\/07\\\/Ladetrekker-Messing-antiek-Lauwerkrans-klein-30mm.jpg\",\"contentUrl\":\"https:\\\/\\\/partsandpieces.nl\\\/wp-content\\\/uploads\\\/2020\\\/07\\\/Ladetrekker-Messing-antiek-Lauwerkrans-klein-30mm.jpg\",\"width\":430,\"height\":427,\"caption\":\"Ladetrekker Messing antiek Lauwerkrans klein 30mm\"},{\"@type\":\"BreadcrumbList\",\"@id\":\"https:\\\/\\\/partsandpieces.nl\\\/product\\\/ladetrekker-messing-antiek-lauwerkrans-klein-30mm\\\/#breadcrumb\",\"itemListElement\":[{\"@type\":\"ListItem\",\"position\":1,\"name\":\"Home\",\"item\":\"https:\\\/\\\/partsandpieces.nl\\\/home\\\/\"},{\"@type\":\"ListItem\",\"position\":2,\"name\":\"Winkel\",\"item\":\"https:\\\/\\\/partsandpieces.nl\\\/winkel\\\/\"},{\"@type\":\"ListItem\",\"position\":3,\"name\":\"Ladetrekker Messing antiek Lauwerkrans klein 30mm\"}]},{\"@type\":\"WebSite\",\"@id\":\"https:\\\/\\\/partsandpieces.nl\\\/#website\",\"url\":\"https:\\\/\\\/partsandpieces.nl\\\/\",\"name\":\"Parts &amp; Pieces\",\"description\":\"Alles voor uw meubelrestauratie en -onderhoud!\",\"potentialAction\":[{\"@type\":\"SearchAction\",\"target\":{\"@type\":\"EntryPoint\",\"urlTemplate\":\"https:\\\/\\\/partsandpieces.nl\\\/?s={search_term_string}\"},\"query-input\":{\"@type\":\"PropertyValueSpecification\",\"valueRequired\":true,\"valueName\":\"search_term_string\"}}],\"inLanguage\":\"de\"}]}<\/script>\n<!-- \/ Yoast SEO plugin. -->","yoast_head_json":{"title":"Schubladengriff Messing klein 30mm","description":"Schubladengriff Messing antik Lorbeerkranz klein 30 mm ist ein kleiner, flacher Schubladengriff mit Ring f\u00fcr M\u00f6belschubladen. Hat ein bronzefarbenes Antik-Finish.","robots":{"index":"index","follow":"follow","max-snippet":"max-snippet:-1","max-image-preview":"max-image-preview:large","max-video-preview":"max-video-preview:-1"},"canonical":"https:\/\/partsandpieces.nl\/de\/produkt\/schubladengriff-messing-antik-lorbeerkranz-klein-30mm\/","og_locale":"de_DE","og_type":"article","og_title":"Ladetrekker Messing klein 30mm","og_description":"Ladetrekker Messing antiek Lauwerkrans klein 30mm is een kleine, platte ladetrekker met ring voor meubellades. Heeft een bronskleurige antieke afwerking.","og_url":"https:\/\/partsandpieces.nl\/de\/produkt\/schubladengriff-messing-antik-lorbeerkranz-klein-30mm\/","og_site_name":"Parts &amp; Pieces","article_modified_time":"2025-07-11T09:12:02+00:00","og_image":[{"width":430,"height":427,"url":"https:\/\/partsandpieces.nl\/wp-content\/uploads\/2020\/07\/Ladetrekker-Messing-antiek-Lauwerkrans-klein-30mm.jpg","type":"image\/jpeg"}],"twitter_card":"summary_large_image","twitter_misc":{"Gesch\u00e4tzte Lesezeit":"1\u00a0Minute"},"schema":{"@context":"https:\/\/schema.org","@graph":[{"@type":"WebPage","@id":"https:\/\/partsandpieces.nl\/product\/ladetrekker-messing-antiek-lauwerkrans-klein-30mm\/","url":"https:\/\/partsandpieces.nl\/product\/ladetrekker-messing-antiek-lauwerkrans-klein-30mm\/","name":"Schubladengriff Messing klein 30mm","isPartOf":{"@id":"https:\/\/partsandpieces.nl\/#website"},"primaryImageOfPage":{"@id":"https:\/\/partsandpieces.nl\/product\/ladetrekker-messing-antiek-lauwerkrans-klein-30mm\/#primaryimage"},"image":{"@id":"https:\/\/partsandpieces.nl\/product\/ladetrekker-messing-antiek-lauwerkrans-klein-30mm\/#primaryimage"},"thumbnailUrl":"https:\/\/partsandpieces.nl\/wp-content\/uploads\/2020\/07\/Ladetrekker-Messing-antiek-Lauwerkrans-klein-30mm.jpg","datePublished":"2020-07-13T10:55:04+00:00","dateModified":"2025-07-11T09:12:02+00:00","description":"Schubladengriff Messing antik Lorbeerkranz klein 30 mm ist ein kleiner, flacher Schubladengriff mit Ring f\u00fcr M\u00f6belschubladen. Hat ein bronzefarbenes Antik-Finish.","breadcrumb":{"@id":"https:\/\/partsandpieces.nl\/product\/ladetrekker-messing-antiek-lauwerkrans-klein-30mm\/#breadcrumb"},"inLanguage":"de","potentialAction":[{"@type":"ReadAction","target":["https:\/\/partsandpieces.nl\/product\/ladetrekker-messing-antiek-lauwerkrans-klein-30mm\/"]}]},{"@type":"ImageObject","inLanguage":"de","@id":"https:\/\/partsandpieces.nl\/product\/ladetrekker-messing-antiek-lauwerkrans-klein-30mm\/#primaryimage","url":"https:\/\/partsandpieces.nl\/wp-content\/uploads\/2020\/07\/Ladetrekker-Messing-antiek-Lauwerkrans-klein-30mm.jpg","contentUrl":"https:\/\/partsandpieces.nl\/wp-content\/uploads\/2020\/07\/Ladetrekker-Messing-antiek-Lauwerkrans-klein-30mm.jpg","width":430,"height":427,"caption":"Ladetrekker Messing antiek Lauwerkrans klein 30mm"},{"@type":"BreadcrumbList","@id":"https:\/\/partsandpieces.nl\/product\/ladetrekker-messing-antiek-lauwerkrans-klein-30mm\/#breadcrumb","itemListElement":[{"@type":"ListItem","position":1,"name":"Home","item":"https:\/\/partsandpieces.nl\/home\/"},{"@type":"ListItem","position":2,"name":"Winkel","item":"https:\/\/partsandpieces.nl\/winkel\/"},{"@type":"ListItem","position":3,"name":"Ladetrekker Messing antiek Lauwerkrans klein 30mm"}]},{"@type":"WebSite","@id":"https:\/\/partsandpieces.nl\/#website","url":"https:\/\/partsandpieces.nl\/","name":"Teile &amp; St\u00fccke","description":"Alles f\u00fcr Ihre M\u00f6belrestaurierung und -pflege!","potentialAction":[{"@type":"SearchAction","target":{"@type":"EntryPoint","urlTemplate":"https:\/\/partsandpieces.nl\/?s={search_term_string}"},"query-input":{"@type":"PropertyValueSpecification","valueRequired":true,"valueName":"search_term_string"}}],"inLanguage":"de"}]}},"_links":{"self":[{"href":"https:\/\/partsandpieces.nl\/de\/wp-json\/wp\/v2\/product\/311","targetHints":{"allow":["GET"]}}],"collection":[{"href":"https:\/\/partsandpieces.nl\/de\/wp-json\/wp\/v2\/product"}],"about":[{"href":"https:\/\/partsandpieces.nl\/de\/wp-json\/wp\/v2\/types\/product"}],"wp:featuredmedia":[{"embeddable":true,"href":"https:\/\/partsandpieces.nl\/de\/wp-json\/wp\/v2\/media\/5646"}],"wp:attachment":[{"href":"https:\/\/partsandpieces.nl\/de\/wp-json\/wp\/v2\/media?parent=311"}],"wp:term":[{"taxonomy":"product_brand","embeddable":true,"href":"https:\/\/partsandpieces.nl\/de\/wp-json\/wp\/v2\/product_brand?post=311"},{"taxonomy":"product_cat","embeddable":true,"href":"https:\/\/partsandpieces.nl\/de\/wp-json\/wp\/v2\/product_cat?post=311"},{"taxonomy":"product_tag","embeddable":true,"href":"https:\/\/partsandpieces.nl\/de\/wp-json\/wp\/v2\/product_tag?post=311"}],"curies":[{"name":"wp","href":"https:\/\/api.w.org\/{rel}","templated":true}]}}