{"id":313,"date":"2020-07-13T10:58:32","date_gmt":"2020-07-13T10:58:32","guid":{"rendered":"https:\/\/partsandpieces.bonsaidev.nl\/?product=deurtrekker-med-27x79-zam"},"modified":"2026-02-27T11:13:58","modified_gmt":"2026-02-27T10:13:58","slug":"turgriff-ringgriff-bronze-antik-lorbeerkranz-mit-schlusselloch-vertikal-80mm","status":"publish","type":"product","link":"https:\/\/partsandpieces.nl\/de\/product\/deurgreep-ringgreep-brons-antiek-lauwerkrans-met-sleutelgat-verticaal-80mm\/","title":{"rendered":"T\u00fcrgriff Ringgriff Bronze antik Lorbeerkranz mit Schl\u00fcsselloch vertikal 80mm"},"content":{"rendered":"<p><strong>T\u00fcrgriff Ringgriff Bronze antik Lorbeerkranz mit Schl\u00fcsselloch vertikal 80mm<\/strong> ist ein kleiner, flacher T\u00fcrgriff mit Ring und Schl\u00fcsselloch f\u00fcr M\u00f6belt\u00fcren. Der T\u00fcrgriff ist aus Zamak* gefertigt und hat ein bronzefarbenes Antik-Finish.<\/p>\n<p><strong>Ma\u00dfe<br \/>\n<\/strong>Der T\u00fcrgriff Ringgriff Bronze antik Lorbeerkranz mit Schl\u00fcsselloch vertikal 80mm hat eine Breite von 27mm und eine H\u00f6he von 80mm. Das Schl\u00fcsselloch ist 15 mm hoch. Die Breite des Rings betr\u00e4gt 22 mm.<\/p>\n<p><strong>Bearbeiten<br \/>\n<\/strong>Sie k\u00f6nnen den Knopf mit montieren <span style=\"text-decoration: underline;\"><a href=\"https:\/\/partsandpieces.nl\/de\/produkt\/schrauben-mit-rundkopf-antikbronze-mit-schlitz-2-x-14-mm\/\">Schraube Rundkopf Antik Bronze mit Schlitz (2x14mm)<\/a><\/span>. Ich schicke diese Schraube <strong>FREI<\/strong> mit Ihrer Bestellung.<\/p>\n<p>* Zamak ist eine Legierung mit Zink als Hauptbestandteil. Es hat einen relativ niedrigen Schmelzpunkt und ist leicht zu gie\u00dfen. Der Name ist ein Akronym, abgeleitet von den Anfangsbuchstaben der deutschen Bezeichnungen f\u00fcr die Metalle, aus denen sich der Werkstoff zusammensetzt: Zink, Aluminium, MAGnesium, Kupfer. Zamak wird in der Auto- und M\u00f6belindustrie f\u00fcr T\u00fcrgriffe, Griffe, Logos und Zierleisten verwendet. Es wird auch h\u00e4ufig als Ersatz f\u00fcr das giftige Blei verwendet.<\/p>","protected":false},"excerpt":{"rendered":"<p>Deurgreep Ringgreep Brons antiek Lauwerkrans met sleutelgat verticaal 80mm is een kleine, platte deurgreep met ring en sleutelgat voor meubeldeuren. De deurgreep is gemaakt van Zamak* en heeft een bronskleurige antieke afwerking. Afmetingen De Deurgreep Ringgreep Brons antiek Lauwerkrans met sleutelgat verticaal 80mm heeft een breedte van 27mm en een hoogte van 80mm. Het sleutelgat [&hellip;]<\/p>\n","protected":false},"featured_media":5644,"template":"","meta":{"_acf_changed":false},"product_brand":[],"product_cat":[29,23,44,48],"product_tag":[],"class_list":{"0":"post-313","1":"product","2":"type-product","3":"status-publish","4":"has-post-thumbnail","6":"product_cat-deurtrekkers","7":"product_cat-meubelbeslag","8":"product_cat-ringbeslag","9":"product_cat-sleutelplaten","11":"first","12":"instock","13":"taxable","14":"shipping-taxable","15":"purchasable","16":"product-type-simple"},"acf":[],"yoast_head":"<!-- This site is optimized with the Yoast SEO plugin v27.3 - https:\/\/yoast.com\/product\/yoast-seo-wordpress\/ -->\n<title>Deurgreep Brons sleutelgat verticaal<\/title>\n<meta name=\"description\" content=\"Deurgreep Ringgreep Brons antiek Lauwerkrans met sleutelgat verticaal 80mm is een kleine, platte deurgreep met ring en sleutelgat voor meubeldeuren.\" \/>\n<meta name=\"robots\" content=\"index, follow, max-snippet:-1, max-image-preview:large, max-video-preview:-1\" \/>\n<link rel=\"canonical\" href=\"https:\/\/partsandpieces.nl\/de\/produkt\/turgriff-ringgriff-bronze-antik-lorbeerkranz-mit-schlusselloch-vertikal-80mm\/\" \/>\n<meta property=\"og:locale\" content=\"de_DE\" \/>\n<meta property=\"og:type\" content=\"article\" \/>\n<meta property=\"og:title\" content=\"Deurgreep Brons sleutelgat verticaal\" \/>\n<meta property=\"og:description\" content=\"Deurgreep Ringgreep Brons antiek Lauwerkrans met sleutelgat verticaal 80mm is een kleine, platte deurgreep met ring en sleutelgat voor meubeldeuren.\" \/>\n<meta property=\"og:url\" content=\"https:\/\/partsandpieces.nl\/de\/produkt\/turgriff-ringgriff-bronze-antik-lorbeerkranz-mit-schlusselloch-vertikal-80mm\/\" \/>\n<meta property=\"og:site_name\" content=\"Parts &amp; Pieces\" \/>\n<meta property=\"article:modified_time\" content=\"2026-02-27T10:13:58+00:00\" \/>\n<meta property=\"og:image\" content=\"https:\/\/partsandpieces.nl\/wp-content\/uploads\/2020\/07\/Deurgreep-Ringgreep-Brons-antiek-Lauwerkrans-met-sleutelgat-verticaal-80mm.jpg\" \/>\n\t<meta property=\"og:image:width\" content=\"480\" \/>\n\t<meta property=\"og:image:height\" content=\"480\" \/>\n\t<meta property=\"og:image:type\" content=\"image\/jpeg\" \/>\n<meta name=\"twitter:card\" content=\"summary_large_image\" \/>\n<meta name=\"twitter:label1\" content=\"Gesch\u00e4tzte Lesezeit\" \/>\n\t<meta name=\"twitter:data1\" content=\"1\u00a0Minute\" \/>\n<script type=\"application\/ld+json\" class=\"yoast-schema-graph\">{\"@context\":\"https:\\\/\\\/schema.org\",\"@graph\":[{\"@type\":\"WebPage\",\"@id\":\"https:\\\/\\\/partsandpieces.nl\\\/product\\\/deurgreep-ringgreep-brons-antiek-lauwerkrans-met-sleutelgat-verticaal-80mm\\\/\",\"url\":\"https:\\\/\\\/partsandpieces.nl\\\/product\\\/deurgreep-ringgreep-brons-antiek-lauwerkrans-met-sleutelgat-verticaal-80mm\\\/\",\"name\":\"Deurgreep Brons sleutelgat verticaal\",\"isPartOf\":{\"@id\":\"https:\\\/\\\/partsandpieces.nl\\\/#website\"},\"primaryImageOfPage\":{\"@id\":\"https:\\\/\\\/partsandpieces.nl\\\/product\\\/deurgreep-ringgreep-brons-antiek-lauwerkrans-met-sleutelgat-verticaal-80mm\\\/#primaryimage\"},\"image\":{\"@id\":\"https:\\\/\\\/partsandpieces.nl\\\/product\\\/deurgreep-ringgreep-brons-antiek-lauwerkrans-met-sleutelgat-verticaal-80mm\\\/#primaryimage\"},\"thumbnailUrl\":\"https:\\\/\\\/partsandpieces.nl\\\/wp-content\\\/uploads\\\/2020\\\/07\\\/Deurgreep-Ringgreep-Brons-antiek-Lauwerkrans-met-sleutelgat-verticaal-80mm.jpg\",\"datePublished\":\"2020-07-13T10:58:32+00:00\",\"dateModified\":\"2026-02-27T10:13:58+00:00\",\"description\":\"Deurgreep Ringgreep Brons antiek Lauwerkrans met sleutelgat verticaal 80mm is een kleine, platte deurgreep met ring en sleutelgat voor meubeldeuren.\",\"breadcrumb\":{\"@id\":\"https:\\\/\\\/partsandpieces.nl\\\/product\\\/deurgreep-ringgreep-brons-antiek-lauwerkrans-met-sleutelgat-verticaal-80mm\\\/#breadcrumb\"},\"inLanguage\":\"de\",\"potentialAction\":[{\"@type\":\"ReadAction\",\"target\":[\"https:\\\/\\\/partsandpieces.nl\\\/product\\\/deurgreep-ringgreep-brons-antiek-lauwerkrans-met-sleutelgat-verticaal-80mm\\\/\"]}]},{\"@type\":\"ImageObject\",\"inLanguage\":\"de\",\"@id\":\"https:\\\/\\\/partsandpieces.nl\\\/product\\\/deurgreep-ringgreep-brons-antiek-lauwerkrans-met-sleutelgat-verticaal-80mm\\\/#primaryimage\",\"url\":\"https:\\\/\\\/partsandpieces.nl\\\/wp-content\\\/uploads\\\/2020\\\/07\\\/Deurgreep-Ringgreep-Brons-antiek-Lauwerkrans-met-sleutelgat-verticaal-80mm.jpg\",\"contentUrl\":\"https:\\\/\\\/partsandpieces.nl\\\/wp-content\\\/uploads\\\/2020\\\/07\\\/Deurgreep-Ringgreep-Brons-antiek-Lauwerkrans-met-sleutelgat-verticaal-80mm.jpg\",\"width\":480,\"height\":480,\"caption\":\"Deurgreep Ringgreep Brons antiek Lauwerkrans met sleutelgat verticaal 80mm\"},{\"@type\":\"BreadcrumbList\",\"@id\":\"https:\\\/\\\/partsandpieces.nl\\\/product\\\/deurgreep-ringgreep-brons-antiek-lauwerkrans-met-sleutelgat-verticaal-80mm\\\/#breadcrumb\",\"itemListElement\":[{\"@type\":\"ListItem\",\"position\":1,\"name\":\"Home\",\"item\":\"https:\\\/\\\/partsandpieces.nl\\\/home\\\/\"},{\"@type\":\"ListItem\",\"position\":2,\"name\":\"Winkel\",\"item\":\"https:\\\/\\\/partsandpieces.nl\\\/winkel\\\/\"},{\"@type\":\"ListItem\",\"position\":3,\"name\":\"Deurgreep Ringgreep Brons antiek Lauwerkrans met sleutelgat verticaal 80mm\"}]},{\"@type\":\"WebSite\",\"@id\":\"https:\\\/\\\/partsandpieces.nl\\\/#website\",\"url\":\"https:\\\/\\\/partsandpieces.nl\\\/\",\"name\":\"Parts &amp; Pieces\",\"description\":\"Alles voor uw meubelrestauratie en -onderhoud!\",\"potentialAction\":[{\"@type\":\"SearchAction\",\"target\":{\"@type\":\"EntryPoint\",\"urlTemplate\":\"https:\\\/\\\/partsandpieces.nl\\\/?s={search_term_string}\"},\"query-input\":{\"@type\":\"PropertyValueSpecification\",\"valueRequired\":true,\"valueName\":\"search_term_string\"}}],\"inLanguage\":\"de\"}]}<\/script>\n<!-- \/ Yoast SEO plugin. -->","yoast_head_json":{"title":"T\u00fcrgriff Bronze Schl\u00fcsselloch vertikal","description":"T\u00fcrgriff Ringgriff Bronze antik Lorbeerkranz mit Schl\u00fcsselloch vertikal 80mm ist ein kleiner, flacher T\u00fcrgriff mit Ring und Schl\u00fcsselloch f\u00fcr M\u00f6belt\u00fcren.","robots":{"index":"index","follow":"follow","max-snippet":"max-snippet:-1","max-image-preview":"max-image-preview:large","max-video-preview":"max-video-preview:-1"},"canonical":"https:\/\/partsandpieces.nl\/de\/produkt\/turgriff-ringgriff-bronze-antik-lorbeerkranz-mit-schlusselloch-vertikal-80mm\/","og_locale":"de_DE","og_type":"article","og_title":"Deurgreep Brons sleutelgat verticaal","og_description":"Deurgreep Ringgreep Brons antiek Lauwerkrans met sleutelgat verticaal 80mm is een kleine, platte deurgreep met ring en sleutelgat voor meubeldeuren.","og_url":"https:\/\/partsandpieces.nl\/de\/produkt\/turgriff-ringgriff-bronze-antik-lorbeerkranz-mit-schlusselloch-vertikal-80mm\/","og_site_name":"Parts &amp; Pieces","article_modified_time":"2026-02-27T10:13:58+00:00","og_image":[{"width":480,"height":480,"url":"https:\/\/partsandpieces.nl\/wp-content\/uploads\/2020\/07\/Deurgreep-Ringgreep-Brons-antiek-Lauwerkrans-met-sleutelgat-verticaal-80mm.jpg","type":"image\/jpeg"}],"twitter_card":"summary_large_image","twitter_misc":{"Gesch\u00e4tzte Lesezeit":"1\u00a0Minute"},"schema":{"@context":"https:\/\/schema.org","@graph":[{"@type":"WebPage","@id":"https:\/\/partsandpieces.nl\/product\/deurgreep-ringgreep-brons-antiek-lauwerkrans-met-sleutelgat-verticaal-80mm\/","url":"https:\/\/partsandpieces.nl\/product\/deurgreep-ringgreep-brons-antiek-lauwerkrans-met-sleutelgat-verticaal-80mm\/","name":"T\u00fcrgriff Bronze Schl\u00fcsselloch vertikal","isPartOf":{"@id":"https:\/\/partsandpieces.nl\/#website"},"primaryImageOfPage":{"@id":"https:\/\/partsandpieces.nl\/product\/deurgreep-ringgreep-brons-antiek-lauwerkrans-met-sleutelgat-verticaal-80mm\/#primaryimage"},"image":{"@id":"https:\/\/partsandpieces.nl\/product\/deurgreep-ringgreep-brons-antiek-lauwerkrans-met-sleutelgat-verticaal-80mm\/#primaryimage"},"thumbnailUrl":"https:\/\/partsandpieces.nl\/wp-content\/uploads\/2020\/07\/Deurgreep-Ringgreep-Brons-antiek-Lauwerkrans-met-sleutelgat-verticaal-80mm.jpg","datePublished":"2020-07-13T10:58:32+00:00","dateModified":"2026-02-27T10:13:58+00:00","description":"T\u00fcrgriff Ringgriff Bronze antik Lorbeerkranz mit Schl\u00fcsselloch vertikal 80mm ist ein kleiner, flacher T\u00fcrgriff mit Ring und Schl\u00fcsselloch f\u00fcr M\u00f6belt\u00fcren.","breadcrumb":{"@id":"https:\/\/partsandpieces.nl\/product\/deurgreep-ringgreep-brons-antiek-lauwerkrans-met-sleutelgat-verticaal-80mm\/#breadcrumb"},"inLanguage":"de","potentialAction":[{"@type":"ReadAction","target":["https:\/\/partsandpieces.nl\/product\/deurgreep-ringgreep-brons-antiek-lauwerkrans-met-sleutelgat-verticaal-80mm\/"]}]},{"@type":"ImageObject","inLanguage":"de","@id":"https:\/\/partsandpieces.nl\/product\/deurgreep-ringgreep-brons-antiek-lauwerkrans-met-sleutelgat-verticaal-80mm\/#primaryimage","url":"https:\/\/partsandpieces.nl\/wp-content\/uploads\/2020\/07\/Deurgreep-Ringgreep-Brons-antiek-Lauwerkrans-met-sleutelgat-verticaal-80mm.jpg","contentUrl":"https:\/\/partsandpieces.nl\/wp-content\/uploads\/2020\/07\/Deurgreep-Ringgreep-Brons-antiek-Lauwerkrans-met-sleutelgat-verticaal-80mm.jpg","width":480,"height":480,"caption":"Deurgreep Ringgreep Brons antiek Lauwerkrans met sleutelgat verticaal 80mm"},{"@type":"BreadcrumbList","@id":"https:\/\/partsandpieces.nl\/product\/deurgreep-ringgreep-brons-antiek-lauwerkrans-met-sleutelgat-verticaal-80mm\/#breadcrumb","itemListElement":[{"@type":"ListItem","position":1,"name":"Home","item":"https:\/\/partsandpieces.nl\/home\/"},{"@type":"ListItem","position":2,"name":"Winkel","item":"https:\/\/partsandpieces.nl\/winkel\/"},{"@type":"ListItem","position":3,"name":"Deurgreep Ringgreep Brons antiek Lauwerkrans met sleutelgat verticaal 80mm"}]},{"@type":"WebSite","@id":"https:\/\/partsandpieces.nl\/#website","url":"https:\/\/partsandpieces.nl\/","name":"Teile &amp; St\u00fccke","description":"Alles f\u00fcr Ihre M\u00f6belrestaurierung und -pflege!","potentialAction":[{"@type":"SearchAction","target":{"@type":"EntryPoint","urlTemplate":"https:\/\/partsandpieces.nl\/?s={search_term_string}"},"query-input":{"@type":"PropertyValueSpecification","valueRequired":true,"valueName":"search_term_string"}}],"inLanguage":"de"}]}},"_links":{"self":[{"href":"https:\/\/partsandpieces.nl\/de\/wp-json\/wp\/v2\/product\/313","targetHints":{"allow":["GET"]}}],"collection":[{"href":"https:\/\/partsandpieces.nl\/de\/wp-json\/wp\/v2\/product"}],"about":[{"href":"https:\/\/partsandpieces.nl\/de\/wp-json\/wp\/v2\/types\/product"}],"wp:featuredmedia":[{"embeddable":true,"href":"https:\/\/partsandpieces.nl\/de\/wp-json\/wp\/v2\/media\/5644"}],"wp:attachment":[{"href":"https:\/\/partsandpieces.nl\/de\/wp-json\/wp\/v2\/media?parent=313"}],"wp:term":[{"taxonomy":"product_brand","embeddable":true,"href":"https:\/\/partsandpieces.nl\/de\/wp-json\/wp\/v2\/product_brand?post=313"},{"taxonomy":"product_cat","embeddable":true,"href":"https:\/\/partsandpieces.nl\/de\/wp-json\/wp\/v2\/product_cat?post=313"},{"taxonomy":"product_tag","embeddable":true,"href":"https:\/\/partsandpieces.nl\/de\/wp-json\/wp\/v2\/product_tag?post=313"}],"curies":[{"name":"wp","href":"https:\/\/api.w.org\/{rel}","templated":true}]}}