{"id":315,"date":"2020-07-13T11:01:15","date_gmt":"2020-07-13T11:01:15","guid":{"rendered":"https:\/\/partsandpieces.bonsaidev.nl\/?product=handle-door-with-keywhole"},"modified":"2024-12-14T16:01:20","modified_gmt":"2024-12-14T15:01:20","slug":"turgriff-aus-massivem-messing-antik-vertikal-mit-schlusselloch-16x122mm","status":"publish","type":"product","link":"https:\/\/partsandpieces.nl\/de\/product\/deurgreep-massief-messing-antiek-verticaal-met-sleutelgat-16x122mm\/","title":{"rendered":"T\u00fcrgriff aus massivem Messing, antik, vertikal mit Schl\u00fcsselloch, 16 x 122 mm"},"content":{"rendered":"<p><strong>T\u00fcrgriff aus massivem Messing, antik, vertikal mit Schl\u00fcsselloch, 16 x 122 mm<\/strong>\u00a0ist ein sch\u00f6ner, klassischer Schubladengriff aus massivem Messing mit antiker Patina-Oberfl\u00e4che. Sie montieren den Griff vertikal. Dieser Griff passt gut zu Ihren antiken oder klassischen M\u00f6beln und Schubladen.<\/p>\n<p>Dieser hochwertige Schubladengriff wird in Italien hergestellt.<\/p>\n<p><strong>Ma\u00dfe<br \/>\n<\/strong>Der vertikale T\u00fcrgriff aus massivem Messing in Antik-Optik mit Schl\u00fcsselloch 16 x 122 mm ist 16 mm breit und 122 mm hoch. Nach der Installation steht dieser Griff 25 mm hervor. Die Bohrl\u00f6cher haben einen Abstand von 64 mm.<\/p>\n<p><strong>Bearbeiten<br \/>\n<\/strong>Sie k\u00f6nnen den Griff mit blind montieren\u00a0<span style=\"text-decoration: underline;\"><a href=\"https:\/\/partsandpieces.nl\/de\/produkt\/schraube-edelstahl-zur-blindmontage-von-mobelbeschlagen-45x4mm-20-stuck\/\">Edelstahlschraube zur Blindbefestigung von M\u00f6belbeschl\u00e4gen (45x4mm)<\/a><\/span>. Ich schicke diese Schrauben\u00a0<strong>FREI<\/strong>\u00a0mit Ihrer Bestellung.<\/p>","protected":false},"excerpt":{"rendered":"<p>Deurgreep Massief Messing Antiek verticaal met sleutelgat 16x122mm\u00a0is een mooie, klassieke ladegreep gemaakt van massief messing met een antieke patina afwerking. De greep monteer je verticaal. Deze greep past goed op je antieke of klassieke meubel en lades. Deze kwalitatief uitstekende ladegreep is gemaakt in Itali\u00eb. Afmetingen Deurgreep Massief Messing Antiek verticaal met sleutelgat 16x122mm [&hellip;]<\/p>\n","protected":false},"featured_media":6815,"template":"","meta":{"_acf_changed":false},"product_brand":[],"product_cat":[29,23,48],"product_tag":[],"class_list":{"0":"post-315","1":"product","2":"type-product","3":"status-publish","4":"has-post-thumbnail","6":"product_cat-deurtrekkers","7":"product_cat-meubelbeslag","8":"product_cat-sleutelplaten","10":"first","11":"instock","12":"taxable","13":"shipping-taxable","14":"purchasable","15":"product-type-simple"},"acf":[],"yoast_head":"<!-- This site is optimized with the Yoast SEO plugin v27.3 - https:\/\/yoast.com\/product\/yoast-seo-wordpress\/ -->\n<title>Deurgreep Messing Antiek met sleutelgat<\/title>\n<meta name=\"description\" content=\"Deurgreep Massief Messing Antiek verticaal met sleutelgat 16x122mm\u00a0is een klassieke ladegreep gemaakt van massief messing met een antieke patina afwerking.\" \/>\n<meta name=\"robots\" content=\"index, follow, max-snippet:-1, max-image-preview:large, max-video-preview:-1\" \/>\n<link rel=\"canonical\" href=\"https:\/\/partsandpieces.nl\/de\/produkt\/turgriff-aus-massivem-messing-antik-vertikal-mit-schlusselloch-16x122mm\/\" \/>\n<meta property=\"og:locale\" content=\"de_DE\" \/>\n<meta property=\"og:type\" content=\"article\" \/>\n<meta property=\"og:title\" content=\"Deurgreep Messing Antiek met sleutelgat\" \/>\n<meta property=\"og:description\" content=\"Deurgreep Massief Messing Antiek verticaal met sleutelgat 16x122mm\u00a0is een klassieke ladegreep gemaakt van massief messing met een antieke patina afwerking.\" \/>\n<meta property=\"og:url\" content=\"https:\/\/partsandpieces.nl\/de\/produkt\/turgriff-aus-massivem-messing-antik-vertikal-mit-schlusselloch-16x122mm\/\" \/>\n<meta property=\"og:site_name\" content=\"Parts &amp; Pieces\" \/>\n<meta property=\"article:modified_time\" content=\"2024-12-14T15:01:20+00:00\" \/>\n<meta property=\"og:image\" content=\"https:\/\/partsandpieces.nl\/wp-content\/uploads\/2020\/07\/Deurgreep-Massief-Messing-Antiek-verticaal-met-sleutelgat-16x122mm.jpg\" \/>\n\t<meta property=\"og:image:width\" content=\"403\" \/>\n\t<meta property=\"og:image:height\" content=\"404\" \/>\n\t<meta property=\"og:image:type\" content=\"image\/jpeg\" \/>\n<meta name=\"twitter:card\" content=\"summary_large_image\" \/>\n<meta name=\"twitter:label1\" content=\"Gesch\u00e4tzte Lesezeit\" \/>\n\t<meta name=\"twitter:data1\" content=\"1\u00a0Minute\" \/>\n<script type=\"application\/ld+json\" class=\"yoast-schema-graph\">{\"@context\":\"https:\\\/\\\/schema.org\",\"@graph\":[{\"@type\":\"WebPage\",\"@id\":\"https:\\\/\\\/partsandpieces.nl\\\/product\\\/deurgreep-massief-messing-antiek-verticaal-met-sleutelgat-16x122mm\\\/\",\"url\":\"https:\\\/\\\/partsandpieces.nl\\\/product\\\/deurgreep-massief-messing-antiek-verticaal-met-sleutelgat-16x122mm\\\/\",\"name\":\"Deurgreep Messing Antiek met sleutelgat\",\"isPartOf\":{\"@id\":\"https:\\\/\\\/partsandpieces.nl\\\/#website\"},\"primaryImageOfPage\":{\"@id\":\"https:\\\/\\\/partsandpieces.nl\\\/product\\\/deurgreep-massief-messing-antiek-verticaal-met-sleutelgat-16x122mm\\\/#primaryimage\"},\"image\":{\"@id\":\"https:\\\/\\\/partsandpieces.nl\\\/product\\\/deurgreep-massief-messing-antiek-verticaal-met-sleutelgat-16x122mm\\\/#primaryimage\"},\"thumbnailUrl\":\"https:\\\/\\\/partsandpieces.nl\\\/wp-content\\\/uploads\\\/2020\\\/07\\\/Deurgreep-Massief-Messing-Antiek-verticaal-met-sleutelgat-16x122mm.jpg\",\"datePublished\":\"2020-07-13T11:01:15+00:00\",\"dateModified\":\"2024-12-14T15:01:20+00:00\",\"description\":\"Deurgreep Massief Messing Antiek verticaal met sleutelgat 16x122mm\u00a0is een klassieke ladegreep gemaakt van massief messing met een antieke patina afwerking.\",\"breadcrumb\":{\"@id\":\"https:\\\/\\\/partsandpieces.nl\\\/product\\\/deurgreep-massief-messing-antiek-verticaal-met-sleutelgat-16x122mm\\\/#breadcrumb\"},\"inLanguage\":\"de\",\"potentialAction\":[{\"@type\":\"ReadAction\",\"target\":[\"https:\\\/\\\/partsandpieces.nl\\\/product\\\/deurgreep-massief-messing-antiek-verticaal-met-sleutelgat-16x122mm\\\/\"]}]},{\"@type\":\"ImageObject\",\"inLanguage\":\"de\",\"@id\":\"https:\\\/\\\/partsandpieces.nl\\\/product\\\/deurgreep-massief-messing-antiek-verticaal-met-sleutelgat-16x122mm\\\/#primaryimage\",\"url\":\"https:\\\/\\\/partsandpieces.nl\\\/wp-content\\\/uploads\\\/2020\\\/07\\\/Deurgreep-Massief-Messing-Antiek-verticaal-met-sleutelgat-16x122mm.jpg\",\"contentUrl\":\"https:\\\/\\\/partsandpieces.nl\\\/wp-content\\\/uploads\\\/2020\\\/07\\\/Deurgreep-Massief-Messing-Antiek-verticaal-met-sleutelgat-16x122mm.jpg\",\"width\":403,\"height\":404,\"caption\":\"Deurgreep Massief Messing Antiek verticaal met sleutelgat 16x122mm\"},{\"@type\":\"BreadcrumbList\",\"@id\":\"https:\\\/\\\/partsandpieces.nl\\\/product\\\/deurgreep-massief-messing-antiek-verticaal-met-sleutelgat-16x122mm\\\/#breadcrumb\",\"itemListElement\":[{\"@type\":\"ListItem\",\"position\":1,\"name\":\"Home\",\"item\":\"https:\\\/\\\/partsandpieces.nl\\\/home\\\/\"},{\"@type\":\"ListItem\",\"position\":2,\"name\":\"Winkel\",\"item\":\"https:\\\/\\\/partsandpieces.nl\\\/winkel\\\/\"},{\"@type\":\"ListItem\",\"position\":3,\"name\":\"Deurgreep Massief Messing Antiek verticaal met sleutelgat 16x122mm\"}]},{\"@type\":\"WebSite\",\"@id\":\"https:\\\/\\\/partsandpieces.nl\\\/#website\",\"url\":\"https:\\\/\\\/partsandpieces.nl\\\/\",\"name\":\"Parts &amp; Pieces\",\"description\":\"Alles voor uw meubelrestauratie en -onderhoud!\",\"potentialAction\":[{\"@type\":\"SearchAction\",\"target\":{\"@type\":\"EntryPoint\",\"urlTemplate\":\"https:\\\/\\\/partsandpieces.nl\\\/?s={search_term_string}\"},\"query-input\":{\"@type\":\"PropertyValueSpecification\",\"valueRequired\":true,\"valueName\":\"search_term_string\"}}],\"inLanguage\":\"de\"}]}<\/script>\n<!-- \/ Yoast SEO plugin. -->","yoast_head_json":{"title":"T\u00fcrgriff Messing Antik mit Schl\u00fcsselloch","description":"T\u00fcrgriff aus massivem Messing in Antik-Optik, vertikal mit Schl\u00fcsselloch 16 x 122 mm, ist ein klassischer Schubladengriff aus massivem Messing mit antikem Patina-Finish.","robots":{"index":"index","follow":"follow","max-snippet":"max-snippet:-1","max-image-preview":"max-image-preview:large","max-video-preview":"max-video-preview:-1"},"canonical":"https:\/\/partsandpieces.nl\/de\/produkt\/turgriff-aus-massivem-messing-antik-vertikal-mit-schlusselloch-16x122mm\/","og_locale":"de_DE","og_type":"article","og_title":"Deurgreep Messing Antiek met sleutelgat","og_description":"Deurgreep Massief Messing Antiek verticaal met sleutelgat 16x122mm\u00a0is een klassieke ladegreep gemaakt van massief messing met een antieke patina afwerking.","og_url":"https:\/\/partsandpieces.nl\/de\/produkt\/turgriff-aus-massivem-messing-antik-vertikal-mit-schlusselloch-16x122mm\/","og_site_name":"Parts &amp; Pieces","article_modified_time":"2024-12-14T15:01:20+00:00","og_image":[{"width":403,"height":404,"url":"https:\/\/partsandpieces.nl\/wp-content\/uploads\/2020\/07\/Deurgreep-Massief-Messing-Antiek-verticaal-met-sleutelgat-16x122mm.jpg","type":"image\/jpeg"}],"twitter_card":"summary_large_image","twitter_misc":{"Gesch\u00e4tzte Lesezeit":"1\u00a0Minute"},"schema":{"@context":"https:\/\/schema.org","@graph":[{"@type":"WebPage","@id":"https:\/\/partsandpieces.nl\/product\/deurgreep-massief-messing-antiek-verticaal-met-sleutelgat-16x122mm\/","url":"https:\/\/partsandpieces.nl\/product\/deurgreep-massief-messing-antiek-verticaal-met-sleutelgat-16x122mm\/","name":"T\u00fcrgriff Messing Antik mit Schl\u00fcsselloch","isPartOf":{"@id":"https:\/\/partsandpieces.nl\/#website"},"primaryImageOfPage":{"@id":"https:\/\/partsandpieces.nl\/product\/deurgreep-massief-messing-antiek-verticaal-met-sleutelgat-16x122mm\/#primaryimage"},"image":{"@id":"https:\/\/partsandpieces.nl\/product\/deurgreep-massief-messing-antiek-verticaal-met-sleutelgat-16x122mm\/#primaryimage"},"thumbnailUrl":"https:\/\/partsandpieces.nl\/wp-content\/uploads\/2020\/07\/Deurgreep-Massief-Messing-Antiek-verticaal-met-sleutelgat-16x122mm.jpg","datePublished":"2020-07-13T11:01:15+00:00","dateModified":"2024-12-14T15:01:20+00:00","description":"T\u00fcrgriff aus massivem Messing in Antik-Optik, vertikal mit Schl\u00fcsselloch 16 x 122 mm, ist ein klassischer Schubladengriff aus massivem Messing mit antikem Patina-Finish.","breadcrumb":{"@id":"https:\/\/partsandpieces.nl\/product\/deurgreep-massief-messing-antiek-verticaal-met-sleutelgat-16x122mm\/#breadcrumb"},"inLanguage":"de","potentialAction":[{"@type":"ReadAction","target":["https:\/\/partsandpieces.nl\/product\/deurgreep-massief-messing-antiek-verticaal-met-sleutelgat-16x122mm\/"]}]},{"@type":"ImageObject","inLanguage":"de","@id":"https:\/\/partsandpieces.nl\/product\/deurgreep-massief-messing-antiek-verticaal-met-sleutelgat-16x122mm\/#primaryimage","url":"https:\/\/partsandpieces.nl\/wp-content\/uploads\/2020\/07\/Deurgreep-Massief-Messing-Antiek-verticaal-met-sleutelgat-16x122mm.jpg","contentUrl":"https:\/\/partsandpieces.nl\/wp-content\/uploads\/2020\/07\/Deurgreep-Massief-Messing-Antiek-verticaal-met-sleutelgat-16x122mm.jpg","width":403,"height":404,"caption":"Deurgreep Massief Messing Antiek verticaal met sleutelgat 16x122mm"},{"@type":"BreadcrumbList","@id":"https:\/\/partsandpieces.nl\/product\/deurgreep-massief-messing-antiek-verticaal-met-sleutelgat-16x122mm\/#breadcrumb","itemListElement":[{"@type":"ListItem","position":1,"name":"Home","item":"https:\/\/partsandpieces.nl\/home\/"},{"@type":"ListItem","position":2,"name":"Winkel","item":"https:\/\/partsandpieces.nl\/winkel\/"},{"@type":"ListItem","position":3,"name":"Deurgreep Massief Messing Antiek verticaal met sleutelgat 16x122mm"}]},{"@type":"WebSite","@id":"https:\/\/partsandpieces.nl\/#website","url":"https:\/\/partsandpieces.nl\/","name":"Teile &amp; St\u00fccke","description":"Alles f\u00fcr Ihre M\u00f6belrestaurierung und -pflege!","potentialAction":[{"@type":"SearchAction","target":{"@type":"EntryPoint","urlTemplate":"https:\/\/partsandpieces.nl\/?s={search_term_string}"},"query-input":{"@type":"PropertyValueSpecification","valueRequired":true,"valueName":"search_term_string"}}],"inLanguage":"de"}]}},"_links":{"self":[{"href":"https:\/\/partsandpieces.nl\/de\/wp-json\/wp\/v2\/product\/315","targetHints":{"allow":["GET"]}}],"collection":[{"href":"https:\/\/partsandpieces.nl\/de\/wp-json\/wp\/v2\/product"}],"about":[{"href":"https:\/\/partsandpieces.nl\/de\/wp-json\/wp\/v2\/types\/product"}],"wp:featuredmedia":[{"embeddable":true,"href":"https:\/\/partsandpieces.nl\/de\/wp-json\/wp\/v2\/media\/6815"}],"wp:attachment":[{"href":"https:\/\/partsandpieces.nl\/de\/wp-json\/wp\/v2\/media?parent=315"}],"wp:term":[{"taxonomy":"product_brand","embeddable":true,"href":"https:\/\/partsandpieces.nl\/de\/wp-json\/wp\/v2\/product_brand?post=315"},{"taxonomy":"product_cat","embeddable":true,"href":"https:\/\/partsandpieces.nl\/de\/wp-json\/wp\/v2\/product_cat?post=315"},{"taxonomy":"product_tag","embeddable":true,"href":"https:\/\/partsandpieces.nl\/de\/wp-json\/wp\/v2\/product_tag?post=315"}],"curies":[{"name":"wp","href":"https:\/\/api.w.org\/{rel}","templated":true}]}}