{"id":317,"date":"2020-07-13T11:05:56","date_gmt":"2020-07-13T11:05:56","guid":{"rendered":"https:\/\/partsandpieces.bonsaidev.nl\/?product=handle-door-no-whole"},"modified":"2025-10-26T16:48:25","modified_gmt":"2025-10-26T15:48:25","slug":"turgriff-aus-massivem-messing-antik-vertikal-16-x-122-mm","status":"publish","type":"product","link":"https:\/\/partsandpieces.nl\/de\/product\/deurgreep-massief-messing-antiek-verticaal-16x122mm\/","title":{"rendered":"T\u00fcrgriff aus massivem Messing, antik, vertikal, 16 x 122 mm"},"content":{"rendered":"<p><strong>T\u00fcrgriff aus massivem Messing, antik, vertikal, 16 x 122 mm<\/strong> ist ein sch\u00f6ner, klassischer Schubladengriff aus massivem Messing mit antiker Patina-Oberfl\u00e4che. Sie montieren den Griff vertikal. Dieser Griff passt gut zu Ihren antiken oder klassischen M\u00f6beln und Schubladen.<\/p>\n<p>Dieser hochwertige Schubladengriff wird in Italien hergestellt.<\/p>\n<p><strong>Ma\u00dfe<br \/>\n<\/strong>Der T\u00fcrgriff aus massivem Messing in Antik-Optik, vertikal, 16 x 122 mm, ist 16 mm breit und 122 mm hoch. Nach der Installation steht dieser Griff 25 mm hervor. Die Bohrl\u00f6cher haben einen Abstand von 64 mm.<\/p>\n<p><strong>Bearbeiten<br \/>\n<\/strong>Sie k\u00f6nnen den Griff mit blind montieren\u00a0<span style=\"text-decoration: underline;\"><a href=\"https:\/\/partsandpieces.nl\/de\/produkt\/schraube-edelstahl-zur-blindmontage-von-mobelbeschlagen-45x4mm-20-stuck\/\">Edelstahlschraube zur Blindbefestigung von M\u00f6belbeschl\u00e4gen (45x4mm)<\/a><\/span>. Ich schicke diese Schrauben\u00a0<strong>FREI<\/strong>\u00a0mit Ihrer Bestellung.<\/p>","protected":false},"excerpt":{"rendered":"<p>Deurgreep Massief Messing Antiek verticaal 16x122mm is een mooie, klassieke ladegreep gemaakt van massief messing met een antieke patina afwerking. De greep monteer je verticaal. Deze greep past goed op je antieke of klassieke meubel en lades. Deze kwalitatief uitstekende ladegreep is gemaakt in Itali\u00eb. Afmetingen Deurgreep Massief Messing Antiek verticaal 16x122mm is 16mm breed [&hellip;]<\/p>\n","protected":false},"featured_media":6807,"template":"","meta":{"_acf_changed":false},"product_brand":[],"product_cat":[29,23],"product_tag":[],"class_list":{"0":"post-317","1":"product","2":"type-product","3":"status-publish","4":"has-post-thumbnail","6":"product_cat-deurtrekkers","7":"product_cat-meubelbeslag","9":"first","10":"instock","11":"taxable","12":"shipping-taxable","13":"purchasable","14":"product-type-simple"},"acf":[],"yoast_head":"<!-- This site is optimized with the Yoast SEO plugin v27.3 - https:\/\/yoast.com\/product\/yoast-seo-wordpress\/ -->\n<title>Deurgreep Massief Messing Antiek verticaal<\/title>\n<meta name=\"description\" content=\"Deurgreep Massief Messing Antiek verticaal 16x122mm is gemaakt van massief messing met een antieke patina afwerking. Past goed op je antieke meubel.\" \/>\n<meta name=\"robots\" content=\"index, follow, max-snippet:-1, max-image-preview:large, max-video-preview:-1\" \/>\n<link rel=\"canonical\" href=\"https:\/\/partsandpieces.nl\/de\/produkt\/turgriff-aus-massivem-messing-antik-vertikal-16-x-122-mm\/\" \/>\n<meta property=\"og:locale\" content=\"de_DE\" \/>\n<meta property=\"og:type\" content=\"article\" \/>\n<meta property=\"og:title\" content=\"Deurgreep Massief Messing Antiek verticaal\" \/>\n<meta property=\"og:description\" content=\"Deurgreep Massief Messing Antiek verticaal 16x122mm is gemaakt van massief messing met een antieke patina afwerking. Past goed op je antieke meubel.\" \/>\n<meta property=\"og:url\" content=\"https:\/\/partsandpieces.nl\/de\/produkt\/turgriff-aus-massivem-messing-antik-vertikal-16-x-122-mm\/\" \/>\n<meta property=\"og:site_name\" content=\"Parts &amp; Pieces\" \/>\n<meta property=\"article:modified_time\" content=\"2025-10-26T15:48:25+00:00\" \/>\n<meta property=\"og:image\" content=\"https:\/\/partsandpieces.nl\/wp-content\/uploads\/2020\/07\/Deurgreep-Massief-Messing-Antiek-verticaal-16x122mm.jpg\" \/>\n\t<meta property=\"og:image:width\" content=\"480\" \/>\n\t<meta property=\"og:image:height\" content=\"481\" \/>\n\t<meta property=\"og:image:type\" content=\"image\/jpeg\" \/>\n<meta name=\"twitter:card\" content=\"summary_large_image\" \/>\n<meta name=\"twitter:label1\" content=\"Gesch\u00e4tzte Lesezeit\" \/>\n\t<meta name=\"twitter:data1\" content=\"1\u00a0Minute\" \/>\n<script type=\"application\/ld+json\" class=\"yoast-schema-graph\">{\"@context\":\"https:\\\/\\\/schema.org\",\"@graph\":[{\"@type\":\"WebPage\",\"@id\":\"https:\\\/\\\/partsandpieces.nl\\\/product\\\/deurgreep-massief-messing-antiek-verticaal-16x122mm\\\/\",\"url\":\"https:\\\/\\\/partsandpieces.nl\\\/product\\\/deurgreep-massief-messing-antiek-verticaal-16x122mm\\\/\",\"name\":\"Deurgreep Massief Messing Antiek verticaal\",\"isPartOf\":{\"@id\":\"https:\\\/\\\/partsandpieces.nl\\\/#website\"},\"primaryImageOfPage\":{\"@id\":\"https:\\\/\\\/partsandpieces.nl\\\/product\\\/deurgreep-massief-messing-antiek-verticaal-16x122mm\\\/#primaryimage\"},\"image\":{\"@id\":\"https:\\\/\\\/partsandpieces.nl\\\/product\\\/deurgreep-massief-messing-antiek-verticaal-16x122mm\\\/#primaryimage\"},\"thumbnailUrl\":\"https:\\\/\\\/partsandpieces.nl\\\/wp-content\\\/uploads\\\/2020\\\/07\\\/Deurgreep-Massief-Messing-Antiek-verticaal-16x122mm.jpg\",\"datePublished\":\"2020-07-13T11:05:56+00:00\",\"dateModified\":\"2025-10-26T15:48:25+00:00\",\"description\":\"Deurgreep Massief Messing Antiek verticaal 16x122mm is gemaakt van massief messing met een antieke patina afwerking. Past goed op je antieke meubel.\",\"breadcrumb\":{\"@id\":\"https:\\\/\\\/partsandpieces.nl\\\/product\\\/deurgreep-massief-messing-antiek-verticaal-16x122mm\\\/#breadcrumb\"},\"inLanguage\":\"de\",\"potentialAction\":[{\"@type\":\"ReadAction\",\"target\":[\"https:\\\/\\\/partsandpieces.nl\\\/product\\\/deurgreep-massief-messing-antiek-verticaal-16x122mm\\\/\"]}]},{\"@type\":\"ImageObject\",\"inLanguage\":\"de\",\"@id\":\"https:\\\/\\\/partsandpieces.nl\\\/product\\\/deurgreep-massief-messing-antiek-verticaal-16x122mm\\\/#primaryimage\",\"url\":\"https:\\\/\\\/partsandpieces.nl\\\/wp-content\\\/uploads\\\/2020\\\/07\\\/Deurgreep-Massief-Messing-Antiek-verticaal-16x122mm.jpg\",\"contentUrl\":\"https:\\\/\\\/partsandpieces.nl\\\/wp-content\\\/uploads\\\/2020\\\/07\\\/Deurgreep-Massief-Messing-Antiek-verticaal-16x122mm.jpg\",\"width\":480,\"height\":481,\"caption\":\"Deurgreep Massief Messing Antiek verticaal 16x122mm\"},{\"@type\":\"BreadcrumbList\",\"@id\":\"https:\\\/\\\/partsandpieces.nl\\\/product\\\/deurgreep-massief-messing-antiek-verticaal-16x122mm\\\/#breadcrumb\",\"itemListElement\":[{\"@type\":\"ListItem\",\"position\":1,\"name\":\"Home\",\"item\":\"https:\\\/\\\/partsandpieces.nl\\\/home\\\/\"},{\"@type\":\"ListItem\",\"position\":2,\"name\":\"Winkel\",\"item\":\"https:\\\/\\\/partsandpieces.nl\\\/winkel\\\/\"},{\"@type\":\"ListItem\",\"position\":3,\"name\":\"Deurgreep Massief Messing Antiek verticaal 16x122mm\"}]},{\"@type\":\"WebSite\",\"@id\":\"https:\\\/\\\/partsandpieces.nl\\\/#website\",\"url\":\"https:\\\/\\\/partsandpieces.nl\\\/\",\"name\":\"Parts &amp; Pieces\",\"description\":\"Alles voor uw meubelrestauratie en -onderhoud!\",\"potentialAction\":[{\"@type\":\"SearchAction\",\"target\":{\"@type\":\"EntryPoint\",\"urlTemplate\":\"https:\\\/\\\/partsandpieces.nl\\\/?s={search_term_string}\"},\"query-input\":{\"@type\":\"PropertyValueSpecification\",\"valueRequired\":true,\"valueName\":\"search_term_string\"}}],\"inLanguage\":\"de\"}]}<\/script>\n<!-- \/ Yoast SEO plugin. -->","yoast_head_json":{"title":"T\u00fcrgriff aus massivem Messing, antik, vertikal","description":"Der T\u00fcrgriff aus massivem Messing in Antik-Optik, vertikal 16 x 122 mm, besteht aus massivem Messing mit einer antiken Patina-Oberfl\u00e4che. Passt gut zu Ihren antiken M\u00f6beln.","robots":{"index":"index","follow":"follow","max-snippet":"max-snippet:-1","max-image-preview":"max-image-preview:large","max-video-preview":"max-video-preview:-1"},"canonical":"https:\/\/partsandpieces.nl\/de\/produkt\/turgriff-aus-massivem-messing-antik-vertikal-16-x-122-mm\/","og_locale":"de_DE","og_type":"article","og_title":"Deurgreep Massief Messing Antiek verticaal","og_description":"Deurgreep Massief Messing Antiek verticaal 16x122mm is gemaakt van massief messing met een antieke patina afwerking. Past goed op je antieke meubel.","og_url":"https:\/\/partsandpieces.nl\/de\/produkt\/turgriff-aus-massivem-messing-antik-vertikal-16-x-122-mm\/","og_site_name":"Parts &amp; Pieces","article_modified_time":"2025-10-26T15:48:25+00:00","og_image":[{"width":480,"height":481,"url":"https:\/\/partsandpieces.nl\/wp-content\/uploads\/2020\/07\/Deurgreep-Massief-Messing-Antiek-verticaal-16x122mm.jpg","type":"image\/jpeg"}],"twitter_card":"summary_large_image","twitter_misc":{"Gesch\u00e4tzte Lesezeit":"1\u00a0Minute"},"schema":{"@context":"https:\/\/schema.org","@graph":[{"@type":"WebPage","@id":"https:\/\/partsandpieces.nl\/product\/deurgreep-massief-messing-antiek-verticaal-16x122mm\/","url":"https:\/\/partsandpieces.nl\/product\/deurgreep-massief-messing-antiek-verticaal-16x122mm\/","name":"T\u00fcrgriff aus massivem Messing, antik, vertikal","isPartOf":{"@id":"https:\/\/partsandpieces.nl\/#website"},"primaryImageOfPage":{"@id":"https:\/\/partsandpieces.nl\/product\/deurgreep-massief-messing-antiek-verticaal-16x122mm\/#primaryimage"},"image":{"@id":"https:\/\/partsandpieces.nl\/product\/deurgreep-massief-messing-antiek-verticaal-16x122mm\/#primaryimage"},"thumbnailUrl":"https:\/\/partsandpieces.nl\/wp-content\/uploads\/2020\/07\/Deurgreep-Massief-Messing-Antiek-verticaal-16x122mm.jpg","datePublished":"2020-07-13T11:05:56+00:00","dateModified":"2025-10-26T15:48:25+00:00","description":"Der T\u00fcrgriff aus massivem Messing in Antik-Optik, vertikal 16 x 122 mm, besteht aus massivem Messing mit einer antiken Patina-Oberfl\u00e4che. Passt gut zu Ihren antiken M\u00f6beln.","breadcrumb":{"@id":"https:\/\/partsandpieces.nl\/product\/deurgreep-massief-messing-antiek-verticaal-16x122mm\/#breadcrumb"},"inLanguage":"de","potentialAction":[{"@type":"ReadAction","target":["https:\/\/partsandpieces.nl\/product\/deurgreep-massief-messing-antiek-verticaal-16x122mm\/"]}]},{"@type":"ImageObject","inLanguage":"de","@id":"https:\/\/partsandpieces.nl\/product\/deurgreep-massief-messing-antiek-verticaal-16x122mm\/#primaryimage","url":"https:\/\/partsandpieces.nl\/wp-content\/uploads\/2020\/07\/Deurgreep-Massief-Messing-Antiek-verticaal-16x122mm.jpg","contentUrl":"https:\/\/partsandpieces.nl\/wp-content\/uploads\/2020\/07\/Deurgreep-Massief-Messing-Antiek-verticaal-16x122mm.jpg","width":480,"height":481,"caption":"Deurgreep Massief Messing Antiek verticaal 16x122mm"},{"@type":"BreadcrumbList","@id":"https:\/\/partsandpieces.nl\/product\/deurgreep-massief-messing-antiek-verticaal-16x122mm\/#breadcrumb","itemListElement":[{"@type":"ListItem","position":1,"name":"Home","item":"https:\/\/partsandpieces.nl\/home\/"},{"@type":"ListItem","position":2,"name":"Winkel","item":"https:\/\/partsandpieces.nl\/winkel\/"},{"@type":"ListItem","position":3,"name":"Deurgreep Massief Messing Antiek verticaal 16x122mm"}]},{"@type":"WebSite","@id":"https:\/\/partsandpieces.nl\/#website","url":"https:\/\/partsandpieces.nl\/","name":"Teile &amp; St\u00fccke","description":"Alles f\u00fcr Ihre M\u00f6belrestaurierung und -pflege!","potentialAction":[{"@type":"SearchAction","target":{"@type":"EntryPoint","urlTemplate":"https:\/\/partsandpieces.nl\/?s={search_term_string}"},"query-input":{"@type":"PropertyValueSpecification","valueRequired":true,"valueName":"search_term_string"}}],"inLanguage":"de"}]}},"_links":{"self":[{"href":"https:\/\/partsandpieces.nl\/de\/wp-json\/wp\/v2\/product\/317","targetHints":{"allow":["GET"]}}],"collection":[{"href":"https:\/\/partsandpieces.nl\/de\/wp-json\/wp\/v2\/product"}],"about":[{"href":"https:\/\/partsandpieces.nl\/de\/wp-json\/wp\/v2\/types\/product"}],"wp:featuredmedia":[{"embeddable":true,"href":"https:\/\/partsandpieces.nl\/de\/wp-json\/wp\/v2\/media\/6807"}],"wp:attachment":[{"href":"https:\/\/partsandpieces.nl\/de\/wp-json\/wp\/v2\/media?parent=317"}],"wp:term":[{"taxonomy":"product_brand","embeddable":true,"href":"https:\/\/partsandpieces.nl\/de\/wp-json\/wp\/v2\/product_brand?post=317"},{"taxonomy":"product_cat","embeddable":true,"href":"https:\/\/partsandpieces.nl\/de\/wp-json\/wp\/v2\/product_cat?post=317"},{"taxonomy":"product_tag","embeddable":true,"href":"https:\/\/partsandpieces.nl\/de\/wp-json\/wp\/v2\/product_tag?post=317"}],"curies":[{"name":"wp","href":"https:\/\/api.w.org\/{rel}","templated":true}]}}