{"id":319,"date":"2020-07-13T11:08:31","date_gmt":"2020-07-13T11:08:31","guid":{"rendered":"https:\/\/partsandpieces.bonsaidev.nl\/?product=deurtrekker-ant-20x15797"},"modified":"2026-03-25T19:39:57","modified_gmt":"2026-03-25T18:39:57","slug":"turgriff-aus-massivem-messing-antik-vertikal-gros-20-x-158-mm","status":"publish","type":"product","link":"https:\/\/partsandpieces.nl\/de\/product\/deurgreep-massief-messing-antiek-verticaal-groot-20x158mm\/","title":{"rendered":"T\u00fcrgriff aus massivem Messing, antik, vertikal, gro\u00df, 20 x 158 mm"},"content":{"rendered":"<p><strong>T\u00fcrgriff aus massivem Messing, antik, vertikal, gro\u00df, 20 x 158 mm<\/strong> ist ein sch\u00f6ner, klassischer Schubladengriff aus massivem Messing mit antiker Patina-Oberfl\u00e4che. Sie montieren den Griff vertikal. Dieser Griff passt gut zu Ihren antiken oder klassischen M\u00f6beln und Schubladen.<\/p>\n<p>Dieser hochwertige Schubladengriff wird in Italien hergestellt.<\/p>\n<p><strong>Ma\u00dfe<br \/>\n<\/strong>T\u00fcrgriff aus massivem Messing, antik, vertikal, gro\u00df, 20 x 158 mm, ist 20 mm breit und 158 mm hoch. Nach der Installation steht dieser Griff 28 mm hervor. Die Bohrl\u00f6cher haben einen Abstand von 96 mm.<\/p>\n<p><strong>Bearbeiten<br \/>\n<\/strong>Sie k\u00f6nnen den Griff mit blind montieren\u00a0<span style=\"text-decoration: underline;\"><a href=\"https:\/\/partsandpieces.nl\/de\/produkt\/schraube-edelstahl-zur-blindmontage-von-mobelbeschlagen-45x4mm-20-stuck\/\">Edelstahlschraube zur Blindbefestigung von M\u00f6belbeschl\u00e4gen (45x4mm)<\/a><\/span>. Ich schicke diese Schrauben\u00a0<strong>FREI<\/strong>\u00a0mit Ihrer Bestellung.<\/p>","protected":false},"excerpt":{"rendered":"<p>Deurgreep Massief Messing Antiek verticaal Groot 20x158mm is een mooie, klassieke ladegreep gemaakt van massief messing met een antieke patina afwerking. De greep monteer je verticaal. Deze greep past goed op je antieke of klassieke meubel en lades. Deze kwalitatief uitstekende ladegreep is gemaakt in Itali\u00eb. Afmetingen Deurgreep Massief Messing Antiek verticaal Groot 20x158mm is [&hellip;]<\/p>\n","protected":false},"featured_media":6809,"template":"","meta":{"_acf_changed":false},"product_brand":[],"product_cat":[29,23],"product_tag":[],"class_list":{"0":"post-319","1":"product","2":"type-product","3":"status-publish","4":"has-post-thumbnail","6":"product_cat-deurtrekkers","7":"product_cat-meubelbeslag","9":"first","10":"instock","11":"taxable","12":"shipping-taxable","13":"purchasable","14":"product-type-simple"},"acf":[],"yoast_head":"<!-- This site is optimized with the Yoast SEO plugin v27.3 - https:\/\/yoast.com\/product\/yoast-seo-wordpress\/ -->\n<title>Deurgreep Messing Antiek Groot<\/title>\n<meta name=\"description\" content=\"Deurgreep Massief Messing Antiek verticaal Groot 20x158mm is een mooie, klassieke ladegreep gemaakt van massief messing met een antieke patina afwerking.\" \/>\n<meta name=\"robots\" content=\"index, follow, max-snippet:-1, max-image-preview:large, max-video-preview:-1\" \/>\n<link rel=\"canonical\" href=\"https:\/\/partsandpieces.nl\/de\/produkt\/turgriff-aus-massivem-messing-antik-vertikal-gros-20-x-158-mm\/\" \/>\n<meta property=\"og:locale\" content=\"de_DE\" \/>\n<meta property=\"og:type\" content=\"article\" \/>\n<meta property=\"og:title\" content=\"Deurgreep Messing Antiek Groot\" \/>\n<meta property=\"og:description\" content=\"Deurgreep Massief Messing Antiek verticaal Groot 20x158mm is een mooie, klassieke ladegreep gemaakt van massief messing met een antieke patina afwerking.\" \/>\n<meta property=\"og:url\" content=\"https:\/\/partsandpieces.nl\/de\/produkt\/turgriff-aus-massivem-messing-antik-vertikal-gros-20-x-158-mm\/\" \/>\n<meta property=\"og:site_name\" content=\"Parts &amp; Pieces\" \/>\n<meta property=\"article:modified_time\" content=\"2026-03-25T18:39:57+00:00\" \/>\n<meta property=\"og:image\" content=\"https:\/\/partsandpieces.nl\/wp-content\/uploads\/2020\/07\/Deurgreep-Massief-Messing-Antiek-verticaal-Groot-20x158mm.jpg\" \/>\n\t<meta property=\"og:image:width\" content=\"480\" \/>\n\t<meta property=\"og:image:height\" content=\"482\" \/>\n\t<meta property=\"og:image:type\" content=\"image\/jpeg\" \/>\n<meta name=\"twitter:card\" content=\"summary_large_image\" \/>\n<meta name=\"twitter:label1\" content=\"Gesch\u00e4tzte Lesezeit\" \/>\n\t<meta name=\"twitter:data1\" content=\"1\u00a0Minute\" \/>\n<script type=\"application\/ld+json\" class=\"yoast-schema-graph\">{\"@context\":\"https:\\\/\\\/schema.org\",\"@graph\":[{\"@type\":\"WebPage\",\"@id\":\"https:\\\/\\\/partsandpieces.nl\\\/product\\\/deurgreep-massief-messing-antiek-verticaal-groot-20x158mm\\\/\",\"url\":\"https:\\\/\\\/partsandpieces.nl\\\/product\\\/deurgreep-massief-messing-antiek-verticaal-groot-20x158mm\\\/\",\"name\":\"Deurgreep Messing Antiek Groot\",\"isPartOf\":{\"@id\":\"https:\\\/\\\/partsandpieces.nl\\\/#website\"},\"primaryImageOfPage\":{\"@id\":\"https:\\\/\\\/partsandpieces.nl\\\/product\\\/deurgreep-massief-messing-antiek-verticaal-groot-20x158mm\\\/#primaryimage\"},\"image\":{\"@id\":\"https:\\\/\\\/partsandpieces.nl\\\/product\\\/deurgreep-massief-messing-antiek-verticaal-groot-20x158mm\\\/#primaryimage\"},\"thumbnailUrl\":\"https:\\\/\\\/partsandpieces.nl\\\/wp-content\\\/uploads\\\/2020\\\/07\\\/Deurgreep-Massief-Messing-Antiek-verticaal-Groot-20x158mm.jpg\",\"datePublished\":\"2020-07-13T11:08:31+00:00\",\"dateModified\":\"2026-03-25T18:39:57+00:00\",\"description\":\"Deurgreep Massief Messing Antiek verticaal Groot 20x158mm is een mooie, klassieke ladegreep gemaakt van massief messing met een antieke patina afwerking.\",\"breadcrumb\":{\"@id\":\"https:\\\/\\\/partsandpieces.nl\\\/product\\\/deurgreep-massief-messing-antiek-verticaal-groot-20x158mm\\\/#breadcrumb\"},\"inLanguage\":\"de\",\"potentialAction\":[{\"@type\":\"ReadAction\",\"target\":[\"https:\\\/\\\/partsandpieces.nl\\\/product\\\/deurgreep-massief-messing-antiek-verticaal-groot-20x158mm\\\/\"]}]},{\"@type\":\"ImageObject\",\"inLanguage\":\"de\",\"@id\":\"https:\\\/\\\/partsandpieces.nl\\\/product\\\/deurgreep-massief-messing-antiek-verticaal-groot-20x158mm\\\/#primaryimage\",\"url\":\"https:\\\/\\\/partsandpieces.nl\\\/wp-content\\\/uploads\\\/2020\\\/07\\\/Deurgreep-Massief-Messing-Antiek-verticaal-Groot-20x158mm.jpg\",\"contentUrl\":\"https:\\\/\\\/partsandpieces.nl\\\/wp-content\\\/uploads\\\/2020\\\/07\\\/Deurgreep-Massief-Messing-Antiek-verticaal-Groot-20x158mm.jpg\",\"width\":480,\"height\":482,\"caption\":\"Deurgreep Massief Messing Antiek verticaal Groot 20x158mm 1\"},{\"@type\":\"BreadcrumbList\",\"@id\":\"https:\\\/\\\/partsandpieces.nl\\\/product\\\/deurgreep-massief-messing-antiek-verticaal-groot-20x158mm\\\/#breadcrumb\",\"itemListElement\":[{\"@type\":\"ListItem\",\"position\":1,\"name\":\"Home\",\"item\":\"https:\\\/\\\/partsandpieces.nl\\\/home\\\/\"},{\"@type\":\"ListItem\",\"position\":2,\"name\":\"Winkel\",\"item\":\"https:\\\/\\\/partsandpieces.nl\\\/winkel\\\/\"},{\"@type\":\"ListItem\",\"position\":3,\"name\":\"Deurgreep Massief Messing Antiek verticaal Groot 20x158mm\"}]},{\"@type\":\"WebSite\",\"@id\":\"https:\\\/\\\/partsandpieces.nl\\\/#website\",\"url\":\"https:\\\/\\\/partsandpieces.nl\\\/\",\"name\":\"Parts &amp; Pieces\",\"description\":\"Alles voor uw meubelrestauratie en -onderhoud!\",\"potentialAction\":[{\"@type\":\"SearchAction\",\"target\":{\"@type\":\"EntryPoint\",\"urlTemplate\":\"https:\\\/\\\/partsandpieces.nl\\\/?s={search_term_string}\"},\"query-input\":{\"@type\":\"PropertyValueSpecification\",\"valueRequired\":true,\"valueName\":\"search_term_string\"}}],\"inLanguage\":\"de\"}]}<\/script>\n<!-- \/ Yoast SEO plugin. -->","yoast_head_json":{"title":"T\u00fcrgriff Messing Antik Gro\u00df","description":"T\u00fcrgriff aus massivem Messing, antik, vertikal, gro\u00df, 20 x 158 mm, ist ein sch\u00f6ner, klassischer Schubladengriff aus massivem Messing mit einer antiken Patina-Oberfl\u00e4che.","robots":{"index":"index","follow":"follow","max-snippet":"max-snippet:-1","max-image-preview":"max-image-preview:large","max-video-preview":"max-video-preview:-1"},"canonical":"https:\/\/partsandpieces.nl\/de\/produkt\/turgriff-aus-massivem-messing-antik-vertikal-gros-20-x-158-mm\/","og_locale":"de_DE","og_type":"article","og_title":"Deurgreep Messing Antiek Groot","og_description":"Deurgreep Massief Messing Antiek verticaal Groot 20x158mm is een mooie, klassieke ladegreep gemaakt van massief messing met een antieke patina afwerking.","og_url":"https:\/\/partsandpieces.nl\/de\/produkt\/turgriff-aus-massivem-messing-antik-vertikal-gros-20-x-158-mm\/","og_site_name":"Parts &amp; Pieces","article_modified_time":"2026-03-25T18:39:57+00:00","og_image":[{"width":480,"height":482,"url":"https:\/\/partsandpieces.nl\/wp-content\/uploads\/2020\/07\/Deurgreep-Massief-Messing-Antiek-verticaal-Groot-20x158mm.jpg","type":"image\/jpeg"}],"twitter_card":"summary_large_image","twitter_misc":{"Gesch\u00e4tzte Lesezeit":"1\u00a0Minute"},"schema":{"@context":"https:\/\/schema.org","@graph":[{"@type":"WebPage","@id":"https:\/\/partsandpieces.nl\/product\/deurgreep-massief-messing-antiek-verticaal-groot-20x158mm\/","url":"https:\/\/partsandpieces.nl\/product\/deurgreep-massief-messing-antiek-verticaal-groot-20x158mm\/","name":"T\u00fcrgriff Messing Antik Gro\u00df","isPartOf":{"@id":"https:\/\/partsandpieces.nl\/#website"},"primaryImageOfPage":{"@id":"https:\/\/partsandpieces.nl\/product\/deurgreep-massief-messing-antiek-verticaal-groot-20x158mm\/#primaryimage"},"image":{"@id":"https:\/\/partsandpieces.nl\/product\/deurgreep-massief-messing-antiek-verticaal-groot-20x158mm\/#primaryimage"},"thumbnailUrl":"https:\/\/partsandpieces.nl\/wp-content\/uploads\/2020\/07\/Deurgreep-Massief-Messing-Antiek-verticaal-Groot-20x158mm.jpg","datePublished":"2020-07-13T11:08:31+00:00","dateModified":"2026-03-25T18:39:57+00:00","description":"T\u00fcrgriff aus massivem Messing, antik, vertikal, gro\u00df, 20 x 158 mm, ist ein sch\u00f6ner, klassischer Schubladengriff aus massivem Messing mit einer antiken Patina-Oberfl\u00e4che.","breadcrumb":{"@id":"https:\/\/partsandpieces.nl\/product\/deurgreep-massief-messing-antiek-verticaal-groot-20x158mm\/#breadcrumb"},"inLanguage":"de","potentialAction":[{"@type":"ReadAction","target":["https:\/\/partsandpieces.nl\/product\/deurgreep-massief-messing-antiek-verticaal-groot-20x158mm\/"]}]},{"@type":"ImageObject","inLanguage":"de","@id":"https:\/\/partsandpieces.nl\/product\/deurgreep-massief-messing-antiek-verticaal-groot-20x158mm\/#primaryimage","url":"https:\/\/partsandpieces.nl\/wp-content\/uploads\/2020\/07\/Deurgreep-Massief-Messing-Antiek-verticaal-Groot-20x158mm.jpg","contentUrl":"https:\/\/partsandpieces.nl\/wp-content\/uploads\/2020\/07\/Deurgreep-Massief-Messing-Antiek-verticaal-Groot-20x158mm.jpg","width":480,"height":482,"caption":"Deurgreep Massief Messing Antiek verticaal Groot 20x158mm 1"},{"@type":"BreadcrumbList","@id":"https:\/\/partsandpieces.nl\/product\/deurgreep-massief-messing-antiek-verticaal-groot-20x158mm\/#breadcrumb","itemListElement":[{"@type":"ListItem","position":1,"name":"Home","item":"https:\/\/partsandpieces.nl\/home\/"},{"@type":"ListItem","position":2,"name":"Winkel","item":"https:\/\/partsandpieces.nl\/winkel\/"},{"@type":"ListItem","position":3,"name":"Deurgreep Massief Messing Antiek verticaal Groot 20x158mm"}]},{"@type":"WebSite","@id":"https:\/\/partsandpieces.nl\/#website","url":"https:\/\/partsandpieces.nl\/","name":"Teile &amp; St\u00fccke","description":"Alles f\u00fcr Ihre M\u00f6belrestaurierung und -pflege!","potentialAction":[{"@type":"SearchAction","target":{"@type":"EntryPoint","urlTemplate":"https:\/\/partsandpieces.nl\/?s={search_term_string}"},"query-input":{"@type":"PropertyValueSpecification","valueRequired":true,"valueName":"search_term_string"}}],"inLanguage":"de"}]}},"_links":{"self":[{"href":"https:\/\/partsandpieces.nl\/de\/wp-json\/wp\/v2\/product\/319","targetHints":{"allow":["GET"]}}],"collection":[{"href":"https:\/\/partsandpieces.nl\/de\/wp-json\/wp\/v2\/product"}],"about":[{"href":"https:\/\/partsandpieces.nl\/de\/wp-json\/wp\/v2\/types\/product"}],"wp:featuredmedia":[{"embeddable":true,"href":"https:\/\/partsandpieces.nl\/de\/wp-json\/wp\/v2\/media\/6809"}],"wp:attachment":[{"href":"https:\/\/partsandpieces.nl\/de\/wp-json\/wp\/v2\/media?parent=319"}],"wp:term":[{"taxonomy":"product_brand","embeddable":true,"href":"https:\/\/partsandpieces.nl\/de\/wp-json\/wp\/v2\/product_brand?post=319"},{"taxonomy":"product_cat","embeddable":true,"href":"https:\/\/partsandpieces.nl\/de\/wp-json\/wp\/v2\/product_cat?post=319"},{"taxonomy":"product_tag","embeddable":true,"href":"https:\/\/partsandpieces.nl\/de\/wp-json\/wp\/v2\/product_tag?post=319"}],"curies":[{"name":"wp","href":"https:\/\/api.w.org\/{rel}","templated":true}]}}