{"id":333,"date":"2020-07-13T11:26:32","date_gmt":"2020-07-13T11:26:32","guid":{"rendered":"https:\/\/partsandpieces.bonsaidev.nl\/?product=greep-industrial-vintage-black-zwart-115x32-96-mm"},"modified":"2025-12-02T21:22:51","modified_gmt":"2025-12-02T20:22:51","slug":"griff-industriell-schwarz-robust-115mm","status":"publish","type":"product","link":"https:\/\/partsandpieces.nl\/de\/product\/greep-industrieel-zwart-stoer-115mm\/","title":{"rendered":"Griff Industrial Black Tough 115mm"},"content":{"rendered":"<p><strong>Griff Industrial Black Tough 115mm<\/strong> ist ein robuster Griff im Industrie-Look. Der Griff hat ein grobes, mattschwarzes Finish. Sowohl die Beine als auch der Griff sind achteckig. Dieser Griff passt gut auf Ihre robusten Industriem\u00f6bel oder Schubladen.<\/p>\n<p>Diesen stabilen Griff habe ich in den Abmessungen auf Lager <a href=\"https:\/\/partsandpieces.nl\/de\/produkt\/griff-industriell-schwarz-robust-115mm\/\">115mm<\/a>, <a href=\"https:\/\/partsandpieces.nl\/de\/produkt\/griff-industrie-schwarz-cool-145mm\/\">145mm<span style=\"text-decoration: underline;\">, <\/span><\/a><a href=\"https:\/\/partsandpieces.nl\/de\/produkt\/griff-industriell-schwarz-robust-180mm\/\">180mm<\/a> und <a href=\"https:\/\/partsandpieces.nl\/de\/produkt\/griff-industriell-schwarz-robust-210mm\/\"><span style=\"text-decoration: underline;\">210mm<\/span><\/a>.<\/p>\n<p>Dieser hochwertige Griff wird in Italien hergestellt.<\/p>\n<p><strong>Ma\u00dfe<br \/>\n<\/strong>Der Griff Industrial Black 115mm ist 115mm breit. Die Bohrergr\u00f6\u00dfe betr\u00e4gt 96 mm und der Durchmesser des Griffs 12 mm. Nach der Montage ragt dieser Griff 32 mm heraus.<\/p>\n<p><strong>Bearbeiten<br \/>\n<\/strong>Sie k\u00f6nnen den Griff mit blind montieren <span style=\"text-decoration: underline;\"><a href=\"https:\/\/partsandpieces.nl\/de\/produkt\/schraube-edelstahl-zur-blindmontage-von-mobelbeschlagen-45x4mm-20-stuck\/\">Edelstahlschraube zur Blindbefestigung von M\u00f6belbeschl\u00e4gen (45x4mm)<\/a><\/span>. Ich schicke diese Schrauben <strong>FREI<\/strong> mit Ihrer Bestellung.<\/p>","protected":false},"excerpt":{"rendered":"<p>Greep Industrieel Zwart Stoer 115mm is een stoere greep met een industri\u00eble look. De greep heeft een grove, mat zwarte afwerking. Zowel de pootjes als de handgreep zijn 8 kantig van vorm. Deze greep past goed op je stoere industri\u00eble meubel of lade. Ik heb deze stoere greep op voorraad in de afmetingen 115mm, 145mm, [&hellip;]<\/p>\n","protected":false},"featured_media":4998,"template":"","meta":{"_acf_changed":false},"product_brand":[],"product_cat":[29,41,23,53],"product_tag":[],"class_list":{"0":"post-333","1":"product","2":"type-product","3":"status-publish","4":"has-post-thumbnail","6":"product_cat-deurtrekkers","7":"product_cat-ladetrekkers","8":"product_cat-meubelbeslag","9":"product_cat-vintage-grepen","11":"first","12":"instock","13":"taxable","14":"shipping-taxable","15":"purchasable","16":"product-type-simple"},"acf":[],"yoast_head":"<!-- This site is optimized with the Yoast SEO plugin v27.3 - https:\/\/yoast.com\/product\/yoast-seo-wordpress\/ -->\n<title>Greep Industrieel Zwart 115mm Stoer<\/title>\n<meta name=\"description\" content=\"Greep Industrieel Zwart Stoer 115mm heeft een grove, mat zwarte afwerking. Deze greep past goed op je stoere industri\u00eble meubel of lade.\" \/>\n<meta name=\"robots\" content=\"index, follow, max-snippet:-1, max-image-preview:large, max-video-preview:-1\" \/>\n<link rel=\"canonical\" href=\"https:\/\/partsandpieces.nl\/de\/produkt\/griff-industriell-schwarz-robust-115mm\/\" \/>\n<meta property=\"og:locale\" content=\"de_DE\" \/>\n<meta property=\"og:type\" content=\"article\" \/>\n<meta property=\"og:title\" content=\"Greep Industrieel Zwart 115mm Stoer\" \/>\n<meta property=\"og:description\" content=\"Greep Industrieel Zwart Stoer 115mm heeft een grove, mat zwarte afwerking. Deze greep past goed op je stoere industri\u00eble meubel of lade.\" \/>\n<meta property=\"og:url\" content=\"https:\/\/partsandpieces.nl\/de\/produkt\/griff-industriell-schwarz-robust-115mm\/\" \/>\n<meta property=\"og:site_name\" content=\"Parts &amp; Pieces\" \/>\n<meta property=\"article:modified_time\" content=\"2025-12-02T20:22:51+00:00\" \/>\n<meta property=\"og:image\" content=\"https:\/\/partsandpieces.nl\/wp-content\/uploads\/2020\/07\/Greep-Industrieel-Zwart-Stoer-115mm.jpg\" \/>\n\t<meta property=\"og:image:width\" content=\"480\" \/>\n\t<meta property=\"og:image:height\" content=\"478\" \/>\n\t<meta property=\"og:image:type\" content=\"image\/jpeg\" \/>\n<meta name=\"twitter:card\" content=\"summary_large_image\" \/>\n<meta name=\"twitter:label1\" content=\"Gesch\u00e4tzte Lesezeit\" \/>\n\t<meta name=\"twitter:data1\" content=\"1\u00a0Minute\" \/>\n<script type=\"application\/ld+json\" class=\"yoast-schema-graph\">{\"@context\":\"https:\\\/\\\/schema.org\",\"@graph\":[{\"@type\":\"WebPage\",\"@id\":\"https:\\\/\\\/partsandpieces.nl\\\/product\\\/greep-industrieel-zwart-stoer-115mm\\\/\",\"url\":\"https:\\\/\\\/partsandpieces.nl\\\/product\\\/greep-industrieel-zwart-stoer-115mm\\\/\",\"name\":\"Greep Industrieel Zwart 115mm Stoer\",\"isPartOf\":{\"@id\":\"https:\\\/\\\/partsandpieces.nl\\\/#website\"},\"primaryImageOfPage\":{\"@id\":\"https:\\\/\\\/partsandpieces.nl\\\/product\\\/greep-industrieel-zwart-stoer-115mm\\\/#primaryimage\"},\"image\":{\"@id\":\"https:\\\/\\\/partsandpieces.nl\\\/product\\\/greep-industrieel-zwart-stoer-115mm\\\/#primaryimage\"},\"thumbnailUrl\":\"https:\\\/\\\/partsandpieces.nl\\\/wp-content\\\/uploads\\\/2020\\\/07\\\/Greep-Industrieel-Zwart-Stoer-115mm.jpg\",\"datePublished\":\"2020-07-13T11:26:32+00:00\",\"dateModified\":\"2025-12-02T20:22:51+00:00\",\"description\":\"Greep Industrieel Zwart Stoer 115mm heeft een grove, mat zwarte afwerking. Deze greep past goed op je stoere industri\u00eble meubel of lade.\",\"breadcrumb\":{\"@id\":\"https:\\\/\\\/partsandpieces.nl\\\/product\\\/greep-industrieel-zwart-stoer-115mm\\\/#breadcrumb\"},\"inLanguage\":\"de\",\"potentialAction\":[{\"@type\":\"ReadAction\",\"target\":[\"https:\\\/\\\/partsandpieces.nl\\\/product\\\/greep-industrieel-zwart-stoer-115mm\\\/\"]}]},{\"@type\":\"ImageObject\",\"inLanguage\":\"de\",\"@id\":\"https:\\\/\\\/partsandpieces.nl\\\/product\\\/greep-industrieel-zwart-stoer-115mm\\\/#primaryimage\",\"url\":\"https:\\\/\\\/partsandpieces.nl\\\/wp-content\\\/uploads\\\/2020\\\/07\\\/Greep-Industrieel-Zwart-Stoer-115mm.jpg\",\"contentUrl\":\"https:\\\/\\\/partsandpieces.nl\\\/wp-content\\\/uploads\\\/2020\\\/07\\\/Greep-Industrieel-Zwart-Stoer-115mm.jpg\",\"width\":480,\"height\":478,\"caption\":\"Greep Industrieel Zwart Stoer 115mm\"},{\"@type\":\"BreadcrumbList\",\"@id\":\"https:\\\/\\\/partsandpieces.nl\\\/product\\\/greep-industrieel-zwart-stoer-115mm\\\/#breadcrumb\",\"itemListElement\":[{\"@type\":\"ListItem\",\"position\":1,\"name\":\"Home\",\"item\":\"https:\\\/\\\/partsandpieces.nl\\\/home\\\/\"},{\"@type\":\"ListItem\",\"position\":2,\"name\":\"Winkel\",\"item\":\"https:\\\/\\\/partsandpieces.nl\\\/winkel\\\/\"},{\"@type\":\"ListItem\",\"position\":3,\"name\":\"Greep Industrieel Zwart Stoer 115mm\"}]},{\"@type\":\"WebSite\",\"@id\":\"https:\\\/\\\/partsandpieces.nl\\\/#website\",\"url\":\"https:\\\/\\\/partsandpieces.nl\\\/\",\"name\":\"Parts &amp; Pieces\",\"description\":\"Alles voor uw meubelrestauratie en -onderhoud!\",\"potentialAction\":[{\"@type\":\"SearchAction\",\"target\":{\"@type\":\"EntryPoint\",\"urlTemplate\":\"https:\\\/\\\/partsandpieces.nl\\\/?s={search_term_string}\"},\"query-input\":{\"@type\":\"PropertyValueSpecification\",\"valueRequired\":true,\"valueName\":\"search_term_string\"}}],\"inLanguage\":\"de\"}]}<\/script>\n<!-- \/ Yoast SEO plugin. -->","yoast_head_json":{"title":"Griff Industrial Black 115mm Tough","description":"Der Griff Industrial Black Tough 115 mm hat eine grobe, mattschwarze Oberfl\u00e4che. Dieser Griff passt gut auf Ihre robusten Industriem\u00f6bel oder Schubladen.","robots":{"index":"index","follow":"follow","max-snippet":"max-snippet:-1","max-image-preview":"max-image-preview:large","max-video-preview":"max-video-preview:-1"},"canonical":"https:\/\/partsandpieces.nl\/de\/produkt\/griff-industriell-schwarz-robust-115mm\/","og_locale":"de_DE","og_type":"article","og_title":"Greep Industrieel Zwart 115mm Stoer","og_description":"Greep Industrieel Zwart Stoer 115mm heeft een grove, mat zwarte afwerking. Deze greep past goed op je stoere industri\u00eble meubel of lade.","og_url":"https:\/\/partsandpieces.nl\/de\/produkt\/griff-industriell-schwarz-robust-115mm\/","og_site_name":"Parts &amp; Pieces","article_modified_time":"2025-12-02T20:22:51+00:00","og_image":[{"width":480,"height":478,"url":"https:\/\/partsandpieces.nl\/wp-content\/uploads\/2020\/07\/Greep-Industrieel-Zwart-Stoer-115mm.jpg","type":"image\/jpeg"}],"twitter_card":"summary_large_image","twitter_misc":{"Gesch\u00e4tzte Lesezeit":"1\u00a0Minute"},"schema":{"@context":"https:\/\/schema.org","@graph":[{"@type":"WebPage","@id":"https:\/\/partsandpieces.nl\/product\/greep-industrieel-zwart-stoer-115mm\/","url":"https:\/\/partsandpieces.nl\/product\/greep-industrieel-zwart-stoer-115mm\/","name":"Griff Industrial Black 115mm Tough","isPartOf":{"@id":"https:\/\/partsandpieces.nl\/#website"},"primaryImageOfPage":{"@id":"https:\/\/partsandpieces.nl\/product\/greep-industrieel-zwart-stoer-115mm\/#primaryimage"},"image":{"@id":"https:\/\/partsandpieces.nl\/product\/greep-industrieel-zwart-stoer-115mm\/#primaryimage"},"thumbnailUrl":"https:\/\/partsandpieces.nl\/wp-content\/uploads\/2020\/07\/Greep-Industrieel-Zwart-Stoer-115mm.jpg","datePublished":"2020-07-13T11:26:32+00:00","dateModified":"2025-12-02T20:22:51+00:00","description":"Der Griff Industrial Black Tough 115 mm hat eine grobe, mattschwarze Oberfl\u00e4che. Dieser Griff passt gut auf Ihre robusten Industriem\u00f6bel oder Schubladen.","breadcrumb":{"@id":"https:\/\/partsandpieces.nl\/product\/greep-industrieel-zwart-stoer-115mm\/#breadcrumb"},"inLanguage":"de","potentialAction":[{"@type":"ReadAction","target":["https:\/\/partsandpieces.nl\/product\/greep-industrieel-zwart-stoer-115mm\/"]}]},{"@type":"ImageObject","inLanguage":"de","@id":"https:\/\/partsandpieces.nl\/product\/greep-industrieel-zwart-stoer-115mm\/#primaryimage","url":"https:\/\/partsandpieces.nl\/wp-content\/uploads\/2020\/07\/Greep-Industrieel-Zwart-Stoer-115mm.jpg","contentUrl":"https:\/\/partsandpieces.nl\/wp-content\/uploads\/2020\/07\/Greep-Industrieel-Zwart-Stoer-115mm.jpg","width":480,"height":478,"caption":"Greep Industrieel Zwart Stoer 115mm"},{"@type":"BreadcrumbList","@id":"https:\/\/partsandpieces.nl\/product\/greep-industrieel-zwart-stoer-115mm\/#breadcrumb","itemListElement":[{"@type":"ListItem","position":1,"name":"Home","item":"https:\/\/partsandpieces.nl\/home\/"},{"@type":"ListItem","position":2,"name":"Winkel","item":"https:\/\/partsandpieces.nl\/winkel\/"},{"@type":"ListItem","position":3,"name":"Greep Industrieel Zwart Stoer 115mm"}]},{"@type":"WebSite","@id":"https:\/\/partsandpieces.nl\/#website","url":"https:\/\/partsandpieces.nl\/","name":"Teile &amp; St\u00fccke","description":"Alles f\u00fcr Ihre M\u00f6belrestaurierung und -pflege!","potentialAction":[{"@type":"SearchAction","target":{"@type":"EntryPoint","urlTemplate":"https:\/\/partsandpieces.nl\/?s={search_term_string}"},"query-input":{"@type":"PropertyValueSpecification","valueRequired":true,"valueName":"search_term_string"}}],"inLanguage":"de"}]}},"_links":{"self":[{"href":"https:\/\/partsandpieces.nl\/de\/wp-json\/wp\/v2\/product\/333","targetHints":{"allow":["GET"]}}],"collection":[{"href":"https:\/\/partsandpieces.nl\/de\/wp-json\/wp\/v2\/product"}],"about":[{"href":"https:\/\/partsandpieces.nl\/de\/wp-json\/wp\/v2\/types\/product"}],"wp:featuredmedia":[{"embeddable":true,"href":"https:\/\/partsandpieces.nl\/de\/wp-json\/wp\/v2\/media\/4998"}],"wp:attachment":[{"href":"https:\/\/partsandpieces.nl\/de\/wp-json\/wp\/v2\/media?parent=333"}],"wp:term":[{"taxonomy":"product_brand","embeddable":true,"href":"https:\/\/partsandpieces.nl\/de\/wp-json\/wp\/v2\/product_brand?post=333"},{"taxonomy":"product_cat","embeddable":true,"href":"https:\/\/partsandpieces.nl\/de\/wp-json\/wp\/v2\/product_cat?post=333"},{"taxonomy":"product_tag","embeddable":true,"href":"https:\/\/partsandpieces.nl\/de\/wp-json\/wp\/v2\/product_tag?post=333"}],"curies":[{"name":"wp","href":"https:\/\/api.w.org\/{rel}","templated":true}]}}