{"id":337,"date":"2020-07-13T11:32:41","date_gmt":"2020-07-13T11:32:41","guid":{"rendered":"https:\/\/partsandpieces.bonsaidev.nl\/?product=greep-chr-black-glitter-140x8mm"},"modified":"2025-09-30T10:54:14","modified_gmt":"2025-09-30T08:54:14","slug":"griff-aus-glanzendem-chrom-mit-schwarzer-glitzereinlage-gros-140-mm","status":"publish","type":"product","link":"https:\/\/partsandpieces.nl\/de\/product\/greep-glanzend-chroom-ingelegd-met-zwarte-glitter-groot-140mm\/","title":{"rendered":"Griff aus gl\u00e4nzendem Chrom mit schwarzer Glitzereinlage, gro\u00df, 140 mm"},"content":{"rendered":"<p><strong>Griff aus gl\u00e4nzendem Chrom mit schwarzer Glitzereinlage, gro\u00df, 140 mm <\/strong>Kommt aus der Serie 550 der Luxuslinie von Giusti. Der gl\u00e4nzende Chromgriff ist mit schwarzen Epoxidharzteilen eingelegt, die Glitzer enthalten. Durch die Glitzerpartikel reflektiert der Griff das Licht wundersch\u00f6n.<\/p>\n<p>Dieser hochwertige Griff wird in Italien hergestellt.<\/p>\n<p><strong>Ma\u00dfe<br \/>\n<\/strong>Quadratischer Griff aus gl\u00e4nzendem Chrom mit eingelegtem schwarzem Glitzer, 140 mm gro\u00df, 140 mm breit und 13 mm hoch. Nach der Installation steht dieser Griff 25 mm hervor. Die Bohrl\u00f6cher haben einen Abstand von 128 mm.<\/p>\n<p><strong>Bearbeiten<br \/>\n<\/strong>Sie k\u00f6nnen den Griff mit blind montieren\u00a0<span style=\"text-decoration: underline;\"><a href=\"https:\/\/partsandpieces.nl\/de\/produkt\/schraube-edelstahl-zur-blindmontage-von-mobelbeschlagen-45x4mm-20-stuck\/\">Edelstahlschraube zur Blindbefestigung von M\u00f6belbeschl\u00e4gen (45x4mm)<\/a><\/span>. Ich schicke diese Schrauben\u00a0<strong>FREI<\/strong>\u00a0mit Ihrer Bestellung.<\/p>","protected":false},"excerpt":{"rendered":"<p>Greep glanzend chroom ingelegd met zwarte glitter groot 140mm komt uit de serie 550 van de Luxury lijn van Giusti. De glanzend chrome greep is ingelegd met zwarte epoxy delen die glimmertje bevatten. Door de glitterdeeltjes weerkaatst de greep het licht prachtig. Deze kwalitatief uitstekende greep is gemaakt in Itali\u00eb. Afmetingen Greep vierkant glanzend chroom [&hellip;]<\/p>\n","protected":false},"featured_media":6090,"template":"","meta":{"_acf_changed":false},"product_brand":[],"product_cat":[29,41,23],"product_tag":[],"class_list":{"0":"post-337","1":"product","2":"type-product","3":"status-publish","4":"has-post-thumbnail","6":"product_cat-deurtrekkers","7":"product_cat-ladetrekkers","8":"product_cat-meubelbeslag","10":"first","11":"instock","12":"taxable","13":"shipping-taxable","14":"purchasable","15":"product-type-simple"},"acf":[],"yoast_head":"<!-- This site is optimized with the Yoast SEO plugin v27.3 - https:\/\/yoast.com\/product\/yoast-seo-wordpress\/ -->\n<title>Greep zwart groot 140mm<\/title>\n<meta name=\"description\" content=\"Greep glanzend chroom ingelegd met zwarte glitter groot 140mm van de Luxury lijn van Giusti. Door de glitterdeeltjes weerkaatst het licht prachtig.\" \/>\n<meta name=\"robots\" content=\"index, follow, max-snippet:-1, max-image-preview:large, max-video-preview:-1\" \/>\n<link rel=\"canonical\" href=\"https:\/\/partsandpieces.nl\/de\/produkt\/griff-aus-glanzendem-chrom-mit-schwarzer-glitzereinlage-gros-140-mm\/\" \/>\n<meta property=\"og:locale\" content=\"de_DE\" \/>\n<meta property=\"og:type\" content=\"article\" \/>\n<meta property=\"og:title\" content=\"Greep zwart groot 140mm\" \/>\n<meta property=\"og:description\" content=\"Greep glanzend chroom ingelegd met zwarte glitter groot 140mm van de Luxury lijn van Giusti. Door de glitterdeeltjes weerkaatst het licht prachtig.\" \/>\n<meta property=\"og:url\" content=\"https:\/\/partsandpieces.nl\/de\/produkt\/griff-aus-glanzendem-chrom-mit-schwarzer-glitzereinlage-gros-140-mm\/\" \/>\n<meta property=\"og:site_name\" content=\"Parts &amp; Pieces\" \/>\n<meta property=\"article:modified_time\" content=\"2025-09-30T08:54:14+00:00\" \/>\n<meta property=\"og:image\" content=\"https:\/\/partsandpieces.nl\/wp-content\/uploads\/2020\/07\/Greep-glanzend-chroom-ingelegd-met-zwarte-glitter-groot-140mm.jpg\" \/>\n\t<meta property=\"og:image:width\" content=\"480\" \/>\n\t<meta property=\"og:image:height\" content=\"482\" \/>\n\t<meta property=\"og:image:type\" content=\"image\/jpeg\" \/>\n<meta name=\"twitter:card\" content=\"summary_large_image\" \/>\n<meta name=\"twitter:label1\" content=\"Gesch\u00e4tzte Lesezeit\" \/>\n\t<meta name=\"twitter:data1\" content=\"1\u00a0Minute\" \/>\n<script type=\"application\/ld+json\" class=\"yoast-schema-graph\">{\"@context\":\"https:\\\/\\\/schema.org\",\"@graph\":[{\"@type\":\"WebPage\",\"@id\":\"https:\\\/\\\/partsandpieces.nl\\\/product\\\/greep-glanzend-chroom-ingelegd-met-zwarte-glitter-groot-140mm\\\/\",\"url\":\"https:\\\/\\\/partsandpieces.nl\\\/product\\\/greep-glanzend-chroom-ingelegd-met-zwarte-glitter-groot-140mm\\\/\",\"name\":\"Greep zwart groot 140mm\",\"isPartOf\":{\"@id\":\"https:\\\/\\\/partsandpieces.nl\\\/#website\"},\"primaryImageOfPage\":{\"@id\":\"https:\\\/\\\/partsandpieces.nl\\\/product\\\/greep-glanzend-chroom-ingelegd-met-zwarte-glitter-groot-140mm\\\/#primaryimage\"},\"image\":{\"@id\":\"https:\\\/\\\/partsandpieces.nl\\\/product\\\/greep-glanzend-chroom-ingelegd-met-zwarte-glitter-groot-140mm\\\/#primaryimage\"},\"thumbnailUrl\":\"https:\\\/\\\/partsandpieces.nl\\\/wp-content\\\/uploads\\\/2020\\\/07\\\/Greep-glanzend-chroom-ingelegd-met-zwarte-glitter-groot-140mm.jpg\",\"datePublished\":\"2020-07-13T11:32:41+00:00\",\"dateModified\":\"2025-09-30T08:54:14+00:00\",\"description\":\"Greep glanzend chroom ingelegd met zwarte glitter groot 140mm van de Luxury lijn van Giusti. Door de glitterdeeltjes weerkaatst het licht prachtig.\",\"breadcrumb\":{\"@id\":\"https:\\\/\\\/partsandpieces.nl\\\/product\\\/greep-glanzend-chroom-ingelegd-met-zwarte-glitter-groot-140mm\\\/#breadcrumb\"},\"inLanguage\":\"de\",\"potentialAction\":[{\"@type\":\"ReadAction\",\"target\":[\"https:\\\/\\\/partsandpieces.nl\\\/product\\\/greep-glanzend-chroom-ingelegd-met-zwarte-glitter-groot-140mm\\\/\"]}]},{\"@type\":\"ImageObject\",\"inLanguage\":\"de\",\"@id\":\"https:\\\/\\\/partsandpieces.nl\\\/product\\\/greep-glanzend-chroom-ingelegd-met-zwarte-glitter-groot-140mm\\\/#primaryimage\",\"url\":\"https:\\\/\\\/partsandpieces.nl\\\/wp-content\\\/uploads\\\/2020\\\/07\\\/Greep-glanzend-chroom-ingelegd-met-zwarte-glitter-groot-140mm.jpg\",\"contentUrl\":\"https:\\\/\\\/partsandpieces.nl\\\/wp-content\\\/uploads\\\/2020\\\/07\\\/Greep-glanzend-chroom-ingelegd-met-zwarte-glitter-groot-140mm.jpg\",\"width\":480,\"height\":482,\"caption\":\"Greep glanzend chroom ingelegd met zwarte glitter groot 140mm\"},{\"@type\":\"BreadcrumbList\",\"@id\":\"https:\\\/\\\/partsandpieces.nl\\\/product\\\/greep-glanzend-chroom-ingelegd-met-zwarte-glitter-groot-140mm\\\/#breadcrumb\",\"itemListElement\":[{\"@type\":\"ListItem\",\"position\":1,\"name\":\"Home\",\"item\":\"https:\\\/\\\/partsandpieces.nl\\\/home\\\/\"},{\"@type\":\"ListItem\",\"position\":2,\"name\":\"Winkel\",\"item\":\"https:\\\/\\\/partsandpieces.nl\\\/winkel\\\/\"},{\"@type\":\"ListItem\",\"position\":3,\"name\":\"Greep glanzend chroom ingelegd met zwarte glitter groot 140mm\"}]},{\"@type\":\"WebSite\",\"@id\":\"https:\\\/\\\/partsandpieces.nl\\\/#website\",\"url\":\"https:\\\/\\\/partsandpieces.nl\\\/\",\"name\":\"Parts &amp; Pieces\",\"description\":\"Alles voor uw meubelrestauratie en -onderhoud!\",\"potentialAction\":[{\"@type\":\"SearchAction\",\"target\":{\"@type\":\"EntryPoint\",\"urlTemplate\":\"https:\\\/\\\/partsandpieces.nl\\\/?s={search_term_string}\"},\"query-input\":{\"@type\":\"PropertyValueSpecification\",\"valueRequired\":true,\"valueName\":\"search_term_string\"}}],\"inLanguage\":\"de\"}]}<\/script>\n<!-- \/ Yoast SEO plugin. -->","yoast_head_json":{"title":"Griff schwarz gro\u00df 140mm","description":"Griff aus gl\u00e4nzendem Chrom mit eingelegtem schwarzem Glitzer, gro\u00df, 140 mm, aus der Luxuslinie von Giusti. Die Glitzerpartikel reflektieren das Licht wundersch\u00f6n.","robots":{"index":"index","follow":"follow","max-snippet":"max-snippet:-1","max-image-preview":"max-image-preview:large","max-video-preview":"max-video-preview:-1"},"canonical":"https:\/\/partsandpieces.nl\/de\/produkt\/griff-aus-glanzendem-chrom-mit-schwarzer-glitzereinlage-gros-140-mm\/","og_locale":"de_DE","og_type":"article","og_title":"Greep zwart groot 140mm","og_description":"Greep glanzend chroom ingelegd met zwarte glitter groot 140mm van de Luxury lijn van Giusti. Door de glitterdeeltjes weerkaatst het licht prachtig.","og_url":"https:\/\/partsandpieces.nl\/de\/produkt\/griff-aus-glanzendem-chrom-mit-schwarzer-glitzereinlage-gros-140-mm\/","og_site_name":"Parts &amp; Pieces","article_modified_time":"2025-09-30T08:54:14+00:00","og_image":[{"width":480,"height":482,"url":"https:\/\/partsandpieces.nl\/wp-content\/uploads\/2020\/07\/Greep-glanzend-chroom-ingelegd-met-zwarte-glitter-groot-140mm.jpg","type":"image\/jpeg"}],"twitter_card":"summary_large_image","twitter_misc":{"Gesch\u00e4tzte Lesezeit":"1\u00a0Minute"},"schema":{"@context":"https:\/\/schema.org","@graph":[{"@type":"WebPage","@id":"https:\/\/partsandpieces.nl\/product\/greep-glanzend-chroom-ingelegd-met-zwarte-glitter-groot-140mm\/","url":"https:\/\/partsandpieces.nl\/product\/greep-glanzend-chroom-ingelegd-met-zwarte-glitter-groot-140mm\/","name":"Griff schwarz gro\u00df 140mm","isPartOf":{"@id":"https:\/\/partsandpieces.nl\/#website"},"primaryImageOfPage":{"@id":"https:\/\/partsandpieces.nl\/product\/greep-glanzend-chroom-ingelegd-met-zwarte-glitter-groot-140mm\/#primaryimage"},"image":{"@id":"https:\/\/partsandpieces.nl\/product\/greep-glanzend-chroom-ingelegd-met-zwarte-glitter-groot-140mm\/#primaryimage"},"thumbnailUrl":"https:\/\/partsandpieces.nl\/wp-content\/uploads\/2020\/07\/Greep-glanzend-chroom-ingelegd-met-zwarte-glitter-groot-140mm.jpg","datePublished":"2020-07-13T11:32:41+00:00","dateModified":"2025-09-30T08:54:14+00:00","description":"Griff aus gl\u00e4nzendem Chrom mit eingelegtem schwarzem Glitzer, gro\u00df, 140 mm, aus der Luxuslinie von Giusti. Die Glitzerpartikel reflektieren das Licht wundersch\u00f6n.","breadcrumb":{"@id":"https:\/\/partsandpieces.nl\/product\/greep-glanzend-chroom-ingelegd-met-zwarte-glitter-groot-140mm\/#breadcrumb"},"inLanguage":"de","potentialAction":[{"@type":"ReadAction","target":["https:\/\/partsandpieces.nl\/product\/greep-glanzend-chroom-ingelegd-met-zwarte-glitter-groot-140mm\/"]}]},{"@type":"ImageObject","inLanguage":"de","@id":"https:\/\/partsandpieces.nl\/product\/greep-glanzend-chroom-ingelegd-met-zwarte-glitter-groot-140mm\/#primaryimage","url":"https:\/\/partsandpieces.nl\/wp-content\/uploads\/2020\/07\/Greep-glanzend-chroom-ingelegd-met-zwarte-glitter-groot-140mm.jpg","contentUrl":"https:\/\/partsandpieces.nl\/wp-content\/uploads\/2020\/07\/Greep-glanzend-chroom-ingelegd-met-zwarte-glitter-groot-140mm.jpg","width":480,"height":482,"caption":"Greep glanzend chroom ingelegd met zwarte glitter groot 140mm"},{"@type":"BreadcrumbList","@id":"https:\/\/partsandpieces.nl\/product\/greep-glanzend-chroom-ingelegd-met-zwarte-glitter-groot-140mm\/#breadcrumb","itemListElement":[{"@type":"ListItem","position":1,"name":"Home","item":"https:\/\/partsandpieces.nl\/home\/"},{"@type":"ListItem","position":2,"name":"Winkel","item":"https:\/\/partsandpieces.nl\/winkel\/"},{"@type":"ListItem","position":3,"name":"Greep glanzend chroom ingelegd met zwarte glitter groot 140mm"}]},{"@type":"WebSite","@id":"https:\/\/partsandpieces.nl\/#website","url":"https:\/\/partsandpieces.nl\/","name":"Teile &amp; St\u00fccke","description":"Alles f\u00fcr Ihre M\u00f6belrestaurierung und -pflege!","potentialAction":[{"@type":"SearchAction","target":{"@type":"EntryPoint","urlTemplate":"https:\/\/partsandpieces.nl\/?s={search_term_string}"},"query-input":{"@type":"PropertyValueSpecification","valueRequired":true,"valueName":"search_term_string"}}],"inLanguage":"de"}]}},"_links":{"self":[{"href":"https:\/\/partsandpieces.nl\/de\/wp-json\/wp\/v2\/product\/337","targetHints":{"allow":["GET"]}}],"collection":[{"href":"https:\/\/partsandpieces.nl\/de\/wp-json\/wp\/v2\/product"}],"about":[{"href":"https:\/\/partsandpieces.nl\/de\/wp-json\/wp\/v2\/types\/product"}],"wp:featuredmedia":[{"embeddable":true,"href":"https:\/\/partsandpieces.nl\/de\/wp-json\/wp\/v2\/media\/6090"}],"wp:attachment":[{"href":"https:\/\/partsandpieces.nl\/de\/wp-json\/wp\/v2\/media?parent=337"}],"wp:term":[{"taxonomy":"product_brand","embeddable":true,"href":"https:\/\/partsandpieces.nl\/de\/wp-json\/wp\/v2\/product_brand?post=337"},{"taxonomy":"product_cat","embeddable":true,"href":"https:\/\/partsandpieces.nl\/de\/wp-json\/wp\/v2\/product_cat?post=337"},{"taxonomy":"product_tag","embeddable":true,"href":"https:\/\/partsandpieces.nl\/de\/wp-json\/wp\/v2\/product_tag?post=337"}],"curies":[{"name":"wp","href":"https:\/\/api.w.org\/{rel}","templated":true}]}}