{"id":339,"date":"2020-07-13T11:34:56","date_gmt":"2020-07-13T11:34:56","guid":{"rendered":"https:\/\/partsandpieces.bonsaidev.nl\/?product=lade-deurtrekker-ring-rond-51-mm"},"modified":"2026-02-10T12:31:39","modified_gmt":"2026-02-10T11:31:39","slug":"ringgriff-messing-antik-gros-50mm","status":"publish","type":"product","link":"https:\/\/partsandpieces.nl\/de\/product\/ringgreep-messing-antiek-groot-50mm\/","title":{"rendered":"Ringgriff Messing antik gro\u00df 50mm"},"content":{"rendered":"<p><strong>Ringgriff Messing antik gro\u00df 50mm<\/strong> ist ein gro\u00dfer Griff in Form eines Rings auf einem konvexen Knopf mit einem bronzefarbenen Finish aus antikem Messing. Hinter der Kugel befindet sich eine Abdeckplatte. Dieser Ringgriff passt gut auf Ihre antiken M\u00f6bel oder Schubladen.<\/p>\n<p>Diesen Ringgriff habe ich auch in einer kleinen Ausf\u00fchrung auf Lager <a href=\"https:\/\/partsandpieces.nl\/de\/produkt\/ringgriff-messing-antik-klein-23mm\/\"><span style=\"text-decoration: underline;\">23mm<\/span><\/a>.<\/p>\n<p>Dieser hochwertige Ringgriff wird in Italien hergestellt.<\/p>\n<p><strong>Ma\u00dfe<br \/>\n<\/strong>Der Ringgriff Messing antik gro\u00df 50mm hat einen Ring mit einem Durchmesser von 50mm. Nach der Montage steht dieser Ringgriff 14 mm vor. Die Deckplatte des Ringgriffes hat einen Durchmesser von 20mm.<\/p>\n<p><strong>Bearbeiten<br \/>\n<\/strong>Sie k\u00f6nnen den Taster mit blind montieren\u00a0<span style=\"text-decoration: underline;\"><a href=\"https:\/\/partsandpieces.nl\/de\/produkt\/schraube-edelstahl-fur-blindmontageknopf-20x4mm-20-stuck\/\">Edelstahlschraube f\u00fcr Blindbefestigungsknopf (20x4mm)<\/a><\/span>. Ich schicke diese Schraube\u00a0<strong>FREI<\/strong>\u00a0mit Ihrer Bestellung.<\/p>","protected":false},"excerpt":{"rendered":"<p>Ringgreep Messing antiek groot 50mm is een grote greep in de vorm van een ring aan een bol knopje met een antieke messing, bronskleurige afwerking. Achter het bolletje zit een afdekplaatje. Deze ringgreep past goed op je antieke meubel of lade. Deze ringgreep heb ik ook op voorraad in een kleine versie van 23mm. Deze [&hellip;]<\/p>\n","protected":false},"featured_media":5032,"template":"","meta":{"_acf_changed":false},"product_brand":[],"product_cat":[29,41,23,44],"product_tag":[],"class_list":{"0":"post-339","1":"product","2":"type-product","3":"status-publish","4":"has-post-thumbnail","6":"product_cat-deurtrekkers","7":"product_cat-ladetrekkers","8":"product_cat-meubelbeslag","9":"product_cat-ringbeslag","11":"first","12":"instock","13":"taxable","14":"shipping-taxable","15":"purchasable","16":"product-type-simple"},"acf":[],"yoast_head":"<!-- This site is optimized with the Yoast SEO plugin v27.3 - https:\/\/yoast.com\/product\/yoast-seo-wordpress\/ -->\n<title>Ringgreep Messing antiek groot 50mm<\/title>\n<meta name=\"description\" content=\"Ringgreep Messing antiek groot 50mm is een grote greep met een antieke bronskleurige afwerking. Deze ringgreep past goed op je antieke meubel of lade.\" \/>\n<meta name=\"robots\" content=\"index, follow, max-snippet:-1, max-image-preview:large, max-video-preview:-1\" \/>\n<link rel=\"canonical\" href=\"https:\/\/partsandpieces.nl\/de\/produkt\/ringgriff-messing-antik-gros-50mm\/\" \/>\n<meta property=\"og:locale\" content=\"de_DE\" \/>\n<meta property=\"og:type\" content=\"article\" \/>\n<meta property=\"og:title\" content=\"Ringgreep Messing antiek groot 50mm\" \/>\n<meta property=\"og:description\" content=\"Ringgreep Messing antiek groot 50mm is een grote greep met een antieke bronskleurige afwerking. Deze ringgreep past goed op je antieke meubel of lade.\" \/>\n<meta property=\"og:url\" content=\"https:\/\/partsandpieces.nl\/de\/produkt\/ringgriff-messing-antik-gros-50mm\/\" \/>\n<meta property=\"og:site_name\" content=\"Parts &amp; Pieces\" \/>\n<meta property=\"article:modified_time\" content=\"2026-02-10T11:31:39+00:00\" \/>\n<meta property=\"og:image\" content=\"https:\/\/partsandpieces.nl\/wp-content\/uploads\/2020\/07\/Ringgreep-Messing-antiek-groot-50mm.jpg\" \/>\n\t<meta property=\"og:image:width\" content=\"480\" \/>\n\t<meta property=\"og:image:height\" content=\"480\" \/>\n\t<meta property=\"og:image:type\" content=\"image\/jpeg\" \/>\n<meta name=\"twitter:card\" content=\"summary_large_image\" \/>\n<meta name=\"twitter:label1\" content=\"Gesch\u00e4tzte Lesezeit\" \/>\n\t<meta name=\"twitter:data1\" content=\"1\u00a0Minute\" \/>\n<script type=\"application\/ld+json\" class=\"yoast-schema-graph\">{\"@context\":\"https:\\\/\\\/schema.org\",\"@graph\":[{\"@type\":\"WebPage\",\"@id\":\"https:\\\/\\\/partsandpieces.nl\\\/product\\\/ringgreep-messing-antiek-groot-50mm\\\/\",\"url\":\"https:\\\/\\\/partsandpieces.nl\\\/product\\\/ringgreep-messing-antiek-groot-50mm\\\/\",\"name\":\"Ringgreep Messing antiek groot 50mm\",\"isPartOf\":{\"@id\":\"https:\\\/\\\/partsandpieces.nl\\\/#website\"},\"primaryImageOfPage\":{\"@id\":\"https:\\\/\\\/partsandpieces.nl\\\/product\\\/ringgreep-messing-antiek-groot-50mm\\\/#primaryimage\"},\"image\":{\"@id\":\"https:\\\/\\\/partsandpieces.nl\\\/product\\\/ringgreep-messing-antiek-groot-50mm\\\/#primaryimage\"},\"thumbnailUrl\":\"https:\\\/\\\/partsandpieces.nl\\\/wp-content\\\/uploads\\\/2020\\\/07\\\/Ringgreep-Messing-antiek-groot-50mm.jpg\",\"datePublished\":\"2020-07-13T11:34:56+00:00\",\"dateModified\":\"2026-02-10T11:31:39+00:00\",\"description\":\"Ringgreep Messing antiek groot 50mm is een grote greep met een antieke bronskleurige afwerking. Deze ringgreep past goed op je antieke meubel of lade.\",\"breadcrumb\":{\"@id\":\"https:\\\/\\\/partsandpieces.nl\\\/product\\\/ringgreep-messing-antiek-groot-50mm\\\/#breadcrumb\"},\"inLanguage\":\"de\",\"potentialAction\":[{\"@type\":\"ReadAction\",\"target\":[\"https:\\\/\\\/partsandpieces.nl\\\/product\\\/ringgreep-messing-antiek-groot-50mm\\\/\"]}]},{\"@type\":\"ImageObject\",\"inLanguage\":\"de\",\"@id\":\"https:\\\/\\\/partsandpieces.nl\\\/product\\\/ringgreep-messing-antiek-groot-50mm\\\/#primaryimage\",\"url\":\"https:\\\/\\\/partsandpieces.nl\\\/wp-content\\\/uploads\\\/2020\\\/07\\\/Ringgreep-Messing-antiek-groot-50mm.jpg\",\"contentUrl\":\"https:\\\/\\\/partsandpieces.nl\\\/wp-content\\\/uploads\\\/2020\\\/07\\\/Ringgreep-Messing-antiek-groot-50mm.jpg\",\"width\":480,\"height\":480,\"caption\":\"Ringgreep Messing antiek groot 50mm\"},{\"@type\":\"BreadcrumbList\",\"@id\":\"https:\\\/\\\/partsandpieces.nl\\\/product\\\/ringgreep-messing-antiek-groot-50mm\\\/#breadcrumb\",\"itemListElement\":[{\"@type\":\"ListItem\",\"position\":1,\"name\":\"Home\",\"item\":\"https:\\\/\\\/partsandpieces.nl\\\/home\\\/\"},{\"@type\":\"ListItem\",\"position\":2,\"name\":\"Winkel\",\"item\":\"https:\\\/\\\/partsandpieces.nl\\\/winkel\\\/\"},{\"@type\":\"ListItem\",\"position\":3,\"name\":\"Ringgreep Messing antiek groot 50mm\"}]},{\"@type\":\"WebSite\",\"@id\":\"https:\\\/\\\/partsandpieces.nl\\\/#website\",\"url\":\"https:\\\/\\\/partsandpieces.nl\\\/\",\"name\":\"Parts &amp; Pieces\",\"description\":\"Alles voor uw meubelrestauratie en -onderhoud!\",\"potentialAction\":[{\"@type\":\"SearchAction\",\"target\":{\"@type\":\"EntryPoint\",\"urlTemplate\":\"https:\\\/\\\/partsandpieces.nl\\\/?s={search_term_string}\"},\"query-input\":{\"@type\":\"PropertyValueSpecification\",\"valueRequired\":true,\"valueName\":\"search_term_string\"}}],\"inLanguage\":\"de\"}]}<\/script>\n<!-- \/ Yoast SEO plugin. -->","yoast_head_json":{"title":"Ringgriff Messing antik gro\u00df 50mm","description":"Ringgriff Messing antik gro\u00df 50 mm ist ein gro\u00dfer Griff mit einem antiken Bronze-Finish. Dieser Ringgriff passt gut auf Ihre antiken M\u00f6bel oder Schubladen.","robots":{"index":"index","follow":"follow","max-snippet":"max-snippet:-1","max-image-preview":"max-image-preview:large","max-video-preview":"max-video-preview:-1"},"canonical":"https:\/\/partsandpieces.nl\/de\/produkt\/ringgriff-messing-antik-gros-50mm\/","og_locale":"de_DE","og_type":"article","og_title":"Ringgreep Messing antiek groot 50mm","og_description":"Ringgreep Messing antiek groot 50mm is een grote greep met een antieke bronskleurige afwerking. Deze ringgreep past goed op je antieke meubel of lade.","og_url":"https:\/\/partsandpieces.nl\/de\/produkt\/ringgriff-messing-antik-gros-50mm\/","og_site_name":"Parts &amp; Pieces","article_modified_time":"2026-02-10T11:31:39+00:00","og_image":[{"width":480,"height":480,"url":"https:\/\/partsandpieces.nl\/wp-content\/uploads\/2020\/07\/Ringgreep-Messing-antiek-groot-50mm.jpg","type":"image\/jpeg"}],"twitter_card":"summary_large_image","twitter_misc":{"Gesch\u00e4tzte Lesezeit":"1\u00a0Minute"},"schema":{"@context":"https:\/\/schema.org","@graph":[{"@type":"WebPage","@id":"https:\/\/partsandpieces.nl\/product\/ringgreep-messing-antiek-groot-50mm\/","url":"https:\/\/partsandpieces.nl\/product\/ringgreep-messing-antiek-groot-50mm\/","name":"Ringgriff Messing antik gro\u00df 50mm","isPartOf":{"@id":"https:\/\/partsandpieces.nl\/#website"},"primaryImageOfPage":{"@id":"https:\/\/partsandpieces.nl\/product\/ringgreep-messing-antiek-groot-50mm\/#primaryimage"},"image":{"@id":"https:\/\/partsandpieces.nl\/product\/ringgreep-messing-antiek-groot-50mm\/#primaryimage"},"thumbnailUrl":"https:\/\/partsandpieces.nl\/wp-content\/uploads\/2020\/07\/Ringgreep-Messing-antiek-groot-50mm.jpg","datePublished":"2020-07-13T11:34:56+00:00","dateModified":"2026-02-10T11:31:39+00:00","description":"Ringgriff Messing antik gro\u00df 50 mm ist ein gro\u00dfer Griff mit einem antiken Bronze-Finish. Dieser Ringgriff passt gut auf Ihre antiken M\u00f6bel oder Schubladen.","breadcrumb":{"@id":"https:\/\/partsandpieces.nl\/product\/ringgreep-messing-antiek-groot-50mm\/#breadcrumb"},"inLanguage":"de","potentialAction":[{"@type":"ReadAction","target":["https:\/\/partsandpieces.nl\/product\/ringgreep-messing-antiek-groot-50mm\/"]}]},{"@type":"ImageObject","inLanguage":"de","@id":"https:\/\/partsandpieces.nl\/product\/ringgreep-messing-antiek-groot-50mm\/#primaryimage","url":"https:\/\/partsandpieces.nl\/wp-content\/uploads\/2020\/07\/Ringgreep-Messing-antiek-groot-50mm.jpg","contentUrl":"https:\/\/partsandpieces.nl\/wp-content\/uploads\/2020\/07\/Ringgreep-Messing-antiek-groot-50mm.jpg","width":480,"height":480,"caption":"Ringgreep Messing antiek groot 50mm"},{"@type":"BreadcrumbList","@id":"https:\/\/partsandpieces.nl\/product\/ringgreep-messing-antiek-groot-50mm\/#breadcrumb","itemListElement":[{"@type":"ListItem","position":1,"name":"Home","item":"https:\/\/partsandpieces.nl\/home\/"},{"@type":"ListItem","position":2,"name":"Winkel","item":"https:\/\/partsandpieces.nl\/winkel\/"},{"@type":"ListItem","position":3,"name":"Ringgreep Messing antiek groot 50mm"}]},{"@type":"WebSite","@id":"https:\/\/partsandpieces.nl\/#website","url":"https:\/\/partsandpieces.nl\/","name":"Teile &amp; St\u00fccke","description":"Alles f\u00fcr Ihre M\u00f6belrestaurierung und -pflege!","potentialAction":[{"@type":"SearchAction","target":{"@type":"EntryPoint","urlTemplate":"https:\/\/partsandpieces.nl\/?s={search_term_string}"},"query-input":{"@type":"PropertyValueSpecification","valueRequired":true,"valueName":"search_term_string"}}],"inLanguage":"de"}]}},"_links":{"self":[{"href":"https:\/\/partsandpieces.nl\/de\/wp-json\/wp\/v2\/product\/339","targetHints":{"allow":["GET"]}}],"collection":[{"href":"https:\/\/partsandpieces.nl\/de\/wp-json\/wp\/v2\/product"}],"about":[{"href":"https:\/\/partsandpieces.nl\/de\/wp-json\/wp\/v2\/types\/product"}],"wp:featuredmedia":[{"embeddable":true,"href":"https:\/\/partsandpieces.nl\/de\/wp-json\/wp\/v2\/media\/5032"}],"wp:attachment":[{"href":"https:\/\/partsandpieces.nl\/de\/wp-json\/wp\/v2\/media?parent=339"}],"wp:term":[{"taxonomy":"product_brand","embeddable":true,"href":"https:\/\/partsandpieces.nl\/de\/wp-json\/wp\/v2\/product_brand?post=339"},{"taxonomy":"product_cat","embeddable":true,"href":"https:\/\/partsandpieces.nl\/de\/wp-json\/wp\/v2\/product_cat?post=339"},{"taxonomy":"product_tag","embeddable":true,"href":"https:\/\/partsandpieces.nl\/de\/wp-json\/wp\/v2\/product_tag?post=339"}],"curies":[{"name":"wp","href":"https:\/\/api.w.org\/{rel}","templated":true}]}}