{"id":343,"date":"2020-07-13T11:53:54","date_gmt":"2020-07-13T11:53:54","guid":{"rendered":"https:\/\/partsandpieces.bonsaidev.nl\/?product=deurtrekker-messing-2588"},"modified":"2025-09-29T11:46:26","modified_gmt":"2025-09-29T09:46:26","slug":"messing-antiker-vertikaler-mittlerer-turgriff-mit-schlusselloch-88x25mm","status":"publish","type":"product","link":"https:\/\/partsandpieces.nl\/de\/product\/deurgreep-messing-antiek-verticaal-middelgroot-met-sleutelgat-88x25mm\/","title":{"rendered":"T\u00fcrgriff Messing antik vertikal mittel mit Schl\u00fcsselloch 88x25mm"},"content":{"rendered":"<p><strong>T\u00fcrgriff Messing antik vertikal mittel mit Schl\u00fcsselloch 88x25mm<\/strong> ist ein wundersch\u00f6ner Griff aus Messing mit antikem Finish. Das Erscheinungsbild dieses klassischen Griffs ist matt. Dieser Griff passt gut zu Ihren antiken oder klassischen M\u00f6beln.<\/p>\n<p>Dieser hochwertige Schubladengriff wird in Italien hergestellt.<\/p>\n<p><strong>Ma\u00dfe<br \/>\n<\/strong>Der antike vertikale mittelgro\u00dfe T\u00fcrgriff aus Messing mit Schl\u00fcsselloch 88 x 25 mm ist 88 mm hoch und 25 mm breit. Nach der Installation steht dieser Griff 18 mm hervor.<\/p>\n<p><strong>Bearbeiten<br \/>\n<\/strong>Sie k\u00f6nnen den Griff mit montieren\u00a0<span style=\"text-decoration: underline;\"><a href=\"https:\/\/partsandpieces.nl\/de\/produkt\/schrauben-mit-rundkopf-antikbronze-mit-schlitz-2-x-14-mm\/\">Schraube Rundkopf Antik Bronze mit Schlitz (2x14mm)<\/a><\/span>. Ich schicke diese Schrauben\u00a0<strong>FREI<\/strong>\u00a0mit Ihrer Bestellung.<\/p>","protected":false},"excerpt":{"rendered":"<p>Deurgreep Messing antiek verticaal middelgroot met sleutelgat 88x25mm is een mooie greep gemaakt van messing met een antieke afwerking. De uitstraling van deze klassieke greep is mat. Deze greep past goed op je antieke of klassieke meubel. Deze kwalitatief uitstekende ladegreep is gemaakt in Itali\u00eb. Afmetingen Deurgreep Messing antiek verticaal middelgroot met sleutelgat 88x25mm is [&hellip;]<\/p>\n","protected":false},"featured_media":6726,"template":"","meta":{"_acf_changed":false},"product_brand":[],"product_cat":[29,23,48],"product_tag":[],"class_list":{"0":"post-343","1":"product","2":"type-product","3":"status-publish","4":"has-post-thumbnail","6":"product_cat-deurtrekkers","7":"product_cat-meubelbeslag","8":"product_cat-sleutelplaten","10":"first","11":"instock","12":"taxable","13":"shipping-taxable","14":"purchasable","15":"product-type-simple"},"acf":[],"yoast_head":"<!-- This site is optimized with the Yoast SEO plugin v27.3 - https:\/\/yoast.com\/product\/yoast-seo-wordpress\/ -->\n<title>Deurgreep Messing met sleutelgat 88x25mm<\/title>\n<meta name=\"description\" content=\"Deurgreep Messing antiek verticaal middelgroot met sleutelgat 88x25mm is een mooie greep gemaakt van messing met een antieke afwerking.\" \/>\n<meta name=\"robots\" content=\"index, follow, max-snippet:-1, max-image-preview:large, max-video-preview:-1\" \/>\n<link rel=\"canonical\" href=\"https:\/\/partsandpieces.nl\/de\/produkt\/messing-antiker-vertikaler-mittlerer-turgriff-mit-schlusselloch-88x25mm\/\" \/>\n<meta property=\"og:locale\" content=\"de_DE\" \/>\n<meta property=\"og:type\" content=\"article\" \/>\n<meta property=\"og:title\" content=\"Deurgreep Messing met sleutelgat 88x25mm\" \/>\n<meta property=\"og:description\" content=\"Deurgreep Messing antiek verticaal middelgroot met sleutelgat 88x25mm is een mooie greep gemaakt van messing met een antieke afwerking.\" \/>\n<meta property=\"og:url\" content=\"https:\/\/partsandpieces.nl\/de\/produkt\/messing-antiker-vertikaler-mittlerer-turgriff-mit-schlusselloch-88x25mm\/\" \/>\n<meta property=\"og:site_name\" content=\"Parts &amp; Pieces\" \/>\n<meta property=\"article:modified_time\" content=\"2025-09-29T09:46:26+00:00\" \/>\n<meta property=\"og:image\" content=\"https:\/\/partsandpieces.nl\/wp-content\/uploads\/2020\/07\/Deurgreep-Messing-antiek-verticaal-middelgroot-met-sleutelgat-88x25mm.jpg\" \/>\n\t<meta property=\"og:image:width\" content=\"372\" \/>\n\t<meta property=\"og:image:height\" content=\"373\" \/>\n\t<meta property=\"og:image:type\" content=\"image\/jpeg\" \/>\n<meta name=\"twitter:card\" content=\"summary_large_image\" \/>\n<meta name=\"twitter:label1\" content=\"Gesch\u00e4tzte Lesezeit\" \/>\n\t<meta name=\"twitter:data1\" content=\"1\u00a0Minute\" \/>\n<script type=\"application\/ld+json\" class=\"yoast-schema-graph\">{\"@context\":\"https:\\\/\\\/schema.org\",\"@graph\":[{\"@type\":\"WebPage\",\"@id\":\"https:\\\/\\\/partsandpieces.nl\\\/product\\\/deurgreep-messing-antiek-verticaal-middelgroot-met-sleutelgat-88x25mm\\\/\",\"url\":\"https:\\\/\\\/partsandpieces.nl\\\/product\\\/deurgreep-messing-antiek-verticaal-middelgroot-met-sleutelgat-88x25mm\\\/\",\"name\":\"Deurgreep Messing met sleutelgat 88x25mm\",\"isPartOf\":{\"@id\":\"https:\\\/\\\/partsandpieces.nl\\\/#website\"},\"primaryImageOfPage\":{\"@id\":\"https:\\\/\\\/partsandpieces.nl\\\/product\\\/deurgreep-messing-antiek-verticaal-middelgroot-met-sleutelgat-88x25mm\\\/#primaryimage\"},\"image\":{\"@id\":\"https:\\\/\\\/partsandpieces.nl\\\/product\\\/deurgreep-messing-antiek-verticaal-middelgroot-met-sleutelgat-88x25mm\\\/#primaryimage\"},\"thumbnailUrl\":\"https:\\\/\\\/partsandpieces.nl\\\/wp-content\\\/uploads\\\/2020\\\/07\\\/Deurgreep-Messing-antiek-verticaal-middelgroot-met-sleutelgat-88x25mm.jpg\",\"datePublished\":\"2020-07-13T11:53:54+00:00\",\"dateModified\":\"2025-09-29T09:46:26+00:00\",\"description\":\"Deurgreep Messing antiek verticaal middelgroot met sleutelgat 88x25mm is een mooie greep gemaakt van messing met een antieke afwerking.\",\"breadcrumb\":{\"@id\":\"https:\\\/\\\/partsandpieces.nl\\\/product\\\/deurgreep-messing-antiek-verticaal-middelgroot-met-sleutelgat-88x25mm\\\/#breadcrumb\"},\"inLanguage\":\"de\",\"potentialAction\":[{\"@type\":\"ReadAction\",\"target\":[\"https:\\\/\\\/partsandpieces.nl\\\/product\\\/deurgreep-messing-antiek-verticaal-middelgroot-met-sleutelgat-88x25mm\\\/\"]}]},{\"@type\":\"ImageObject\",\"inLanguage\":\"de\",\"@id\":\"https:\\\/\\\/partsandpieces.nl\\\/product\\\/deurgreep-messing-antiek-verticaal-middelgroot-met-sleutelgat-88x25mm\\\/#primaryimage\",\"url\":\"https:\\\/\\\/partsandpieces.nl\\\/wp-content\\\/uploads\\\/2020\\\/07\\\/Deurgreep-Messing-antiek-verticaal-middelgroot-met-sleutelgat-88x25mm.jpg\",\"contentUrl\":\"https:\\\/\\\/partsandpieces.nl\\\/wp-content\\\/uploads\\\/2020\\\/07\\\/Deurgreep-Messing-antiek-verticaal-middelgroot-met-sleutelgat-88x25mm.jpg\",\"width\":372,\"height\":373,\"caption\":\"Deurgreep Messing antiek verticaal middelgroot met sleutelgat 88x25mm\"},{\"@type\":\"BreadcrumbList\",\"@id\":\"https:\\\/\\\/partsandpieces.nl\\\/product\\\/deurgreep-messing-antiek-verticaal-middelgroot-met-sleutelgat-88x25mm\\\/#breadcrumb\",\"itemListElement\":[{\"@type\":\"ListItem\",\"position\":1,\"name\":\"Home\",\"item\":\"https:\\\/\\\/partsandpieces.nl\\\/home\\\/\"},{\"@type\":\"ListItem\",\"position\":2,\"name\":\"Winkel\",\"item\":\"https:\\\/\\\/partsandpieces.nl\\\/winkel\\\/\"},{\"@type\":\"ListItem\",\"position\":3,\"name\":\"Deurgreep Messing antiek verticaal middelgroot met sleutelgat 88x25mm\"}]},{\"@type\":\"WebSite\",\"@id\":\"https:\\\/\\\/partsandpieces.nl\\\/#website\",\"url\":\"https:\\\/\\\/partsandpieces.nl\\\/\",\"name\":\"Parts &amp; Pieces\",\"description\":\"Alles voor uw meubelrestauratie en -onderhoud!\",\"potentialAction\":[{\"@type\":\"SearchAction\",\"target\":{\"@type\":\"EntryPoint\",\"urlTemplate\":\"https:\\\/\\\/partsandpieces.nl\\\/?s={search_term_string}\"},\"query-input\":{\"@type\":\"PropertyValueSpecification\",\"valueRequired\":true,\"valueName\":\"search_term_string\"}}],\"inLanguage\":\"de\"}]}<\/script>\n<!-- \/ Yoast SEO plugin. -->","yoast_head_json":{"title":"T\u00fcrgriff aus Messing mit Schl\u00fcsselloch 88x25mm","description":"T\u00fcrgriff Messing antik vertikal mittel mit Schl\u00fcsselloch 88x25mm ist ein wundersch\u00f6ner Griff aus Messing mit antikem Finish.","robots":{"index":"index","follow":"follow","max-snippet":"max-snippet:-1","max-image-preview":"max-image-preview:large","max-video-preview":"max-video-preview:-1"},"canonical":"https:\/\/partsandpieces.nl\/de\/produkt\/messing-antiker-vertikaler-mittlerer-turgriff-mit-schlusselloch-88x25mm\/","og_locale":"de_DE","og_type":"article","og_title":"Deurgreep Messing met sleutelgat 88x25mm","og_description":"Deurgreep Messing antiek verticaal middelgroot met sleutelgat 88x25mm is een mooie greep gemaakt van messing met een antieke afwerking.","og_url":"https:\/\/partsandpieces.nl\/de\/produkt\/messing-antiker-vertikaler-mittlerer-turgriff-mit-schlusselloch-88x25mm\/","og_site_name":"Parts &amp; Pieces","article_modified_time":"2025-09-29T09:46:26+00:00","og_image":[{"width":372,"height":373,"url":"https:\/\/partsandpieces.nl\/wp-content\/uploads\/2020\/07\/Deurgreep-Messing-antiek-verticaal-middelgroot-met-sleutelgat-88x25mm.jpg","type":"image\/jpeg"}],"twitter_card":"summary_large_image","twitter_misc":{"Gesch\u00e4tzte Lesezeit":"1\u00a0Minute"},"schema":{"@context":"https:\/\/schema.org","@graph":[{"@type":"WebPage","@id":"https:\/\/partsandpieces.nl\/product\/deurgreep-messing-antiek-verticaal-middelgroot-met-sleutelgat-88x25mm\/","url":"https:\/\/partsandpieces.nl\/product\/deurgreep-messing-antiek-verticaal-middelgroot-met-sleutelgat-88x25mm\/","name":"T\u00fcrgriff aus Messing mit Schl\u00fcsselloch 88x25mm","isPartOf":{"@id":"https:\/\/partsandpieces.nl\/#website"},"primaryImageOfPage":{"@id":"https:\/\/partsandpieces.nl\/product\/deurgreep-messing-antiek-verticaal-middelgroot-met-sleutelgat-88x25mm\/#primaryimage"},"image":{"@id":"https:\/\/partsandpieces.nl\/product\/deurgreep-messing-antiek-verticaal-middelgroot-met-sleutelgat-88x25mm\/#primaryimage"},"thumbnailUrl":"https:\/\/partsandpieces.nl\/wp-content\/uploads\/2020\/07\/Deurgreep-Messing-antiek-verticaal-middelgroot-met-sleutelgat-88x25mm.jpg","datePublished":"2020-07-13T11:53:54+00:00","dateModified":"2025-09-29T09:46:26+00:00","description":"T\u00fcrgriff Messing antik vertikal mittel mit Schl\u00fcsselloch 88x25mm ist ein wundersch\u00f6ner Griff aus Messing mit antikem Finish.","breadcrumb":{"@id":"https:\/\/partsandpieces.nl\/product\/deurgreep-messing-antiek-verticaal-middelgroot-met-sleutelgat-88x25mm\/#breadcrumb"},"inLanguage":"de","potentialAction":[{"@type":"ReadAction","target":["https:\/\/partsandpieces.nl\/product\/deurgreep-messing-antiek-verticaal-middelgroot-met-sleutelgat-88x25mm\/"]}]},{"@type":"ImageObject","inLanguage":"de","@id":"https:\/\/partsandpieces.nl\/product\/deurgreep-messing-antiek-verticaal-middelgroot-met-sleutelgat-88x25mm\/#primaryimage","url":"https:\/\/partsandpieces.nl\/wp-content\/uploads\/2020\/07\/Deurgreep-Messing-antiek-verticaal-middelgroot-met-sleutelgat-88x25mm.jpg","contentUrl":"https:\/\/partsandpieces.nl\/wp-content\/uploads\/2020\/07\/Deurgreep-Messing-antiek-verticaal-middelgroot-met-sleutelgat-88x25mm.jpg","width":372,"height":373,"caption":"Deurgreep Messing antiek verticaal middelgroot met sleutelgat 88x25mm"},{"@type":"BreadcrumbList","@id":"https:\/\/partsandpieces.nl\/product\/deurgreep-messing-antiek-verticaal-middelgroot-met-sleutelgat-88x25mm\/#breadcrumb","itemListElement":[{"@type":"ListItem","position":1,"name":"Home","item":"https:\/\/partsandpieces.nl\/home\/"},{"@type":"ListItem","position":2,"name":"Winkel","item":"https:\/\/partsandpieces.nl\/winkel\/"},{"@type":"ListItem","position":3,"name":"Deurgreep Messing antiek verticaal middelgroot met sleutelgat 88x25mm"}]},{"@type":"WebSite","@id":"https:\/\/partsandpieces.nl\/#website","url":"https:\/\/partsandpieces.nl\/","name":"Teile &amp; St\u00fccke","description":"Alles f\u00fcr Ihre M\u00f6belrestaurierung und -pflege!","potentialAction":[{"@type":"SearchAction","target":{"@type":"EntryPoint","urlTemplate":"https:\/\/partsandpieces.nl\/?s={search_term_string}"},"query-input":{"@type":"PropertyValueSpecification","valueRequired":true,"valueName":"search_term_string"}}],"inLanguage":"de"}]}},"_links":{"self":[{"href":"https:\/\/partsandpieces.nl\/de\/wp-json\/wp\/v2\/product\/343","targetHints":{"allow":["GET"]}}],"collection":[{"href":"https:\/\/partsandpieces.nl\/de\/wp-json\/wp\/v2\/product"}],"about":[{"href":"https:\/\/partsandpieces.nl\/de\/wp-json\/wp\/v2\/types\/product"}],"wp:featuredmedia":[{"embeddable":true,"href":"https:\/\/partsandpieces.nl\/de\/wp-json\/wp\/v2\/media\/6726"}],"wp:attachment":[{"href":"https:\/\/partsandpieces.nl\/de\/wp-json\/wp\/v2\/media?parent=343"}],"wp:term":[{"taxonomy":"product_brand","embeddable":true,"href":"https:\/\/partsandpieces.nl\/de\/wp-json\/wp\/v2\/product_brand?post=343"},{"taxonomy":"product_cat","embeddable":true,"href":"https:\/\/partsandpieces.nl\/de\/wp-json\/wp\/v2\/product_cat?post=343"},{"taxonomy":"product_tag","embeddable":true,"href":"https:\/\/partsandpieces.nl\/de\/wp-json\/wp\/v2\/product_tag?post=343"}],"curies":[{"name":"wp","href":"https:\/\/api.w.org\/{rel}","templated":true}]}}