{"id":347,"date":"2020-07-13T12:04:02","date_gmt":"2020-07-13T12:04:02","guid":{"rendered":"https:\/\/partsandpieces.bonsaidev.nl\/?product=deurtrekker-42x130-sl-gat-mat-zilver"},"modified":"2024-11-26T12:07:00","modified_gmt":"2024-11-26T11:07:00","slug":"turgriff-antiksilber-vertikal-mit-schlusselloch-129x43mm","status":"publish","type":"product","link":"https:\/\/partsandpieces.nl\/de\/product\/deurgreep-antiek-zilver-verticaal-met-sleutelgat-129x43mm\/","title":{"rendered":"T\u00fcrgriff antiksilber vertikal mit Schl\u00fcsselloch 129x43mm"},"content":{"rendered":"<p><strong>T\u00fcrgriff antiksilber vertikal mit Schl\u00fcsselloch 129x43mm<\/strong> ist ein reich verzierter Griff aus Messing. Der Ringgriff hat ein antikes Silberfinish. Dieser T\u00fcrgriff passt gut zu Ihren Brocante- oder klassischen T\u00fcren.<\/p>\n<p>Dieser hochwertige T\u00fcrgriff wird in Italien hergestellt.<\/p>\n<p><strong>Ma\u00dfe<br \/>\n<\/strong>Der vertikale T\u00fcrgriff in Antiksilber mit Schl\u00fcsselloch 129 x 43 mm ist 129 mm hoch und 43 mm breit.<\/p>\n<p><strong>Bearbeiten<br \/>\n<\/strong>Sie befestigen diesen Griff mit 4 Schrauben an Ihrem M\u00f6belst\u00fcck. Ich liefere diese Schrauben nicht.<\/p>","protected":false},"excerpt":{"rendered":"<p>Deurgreep antiek Zilver verticaal met sleutelgat 129x43mm is een rijk gedecoreerde greep gemaakt van messing. De ringgreep heeft een antiek zilveren finish. Deze deurgreep past goed op je brocante of klassieke deurtjes. Deze kwalitatief uitstekende deurgreep is gemaakt in Itali\u00eb. Afmetingen Deurgreep antiek Zilver verticaal met sleutelgat 129x43mm is 129mm hoog en 43mm breed. Montage [&hellip;]<\/p>\n","protected":false},"featured_media":6294,"template":"","meta":{"_acf_changed":false},"product_brand":[],"product_cat":[29,23,44,48],"product_tag":[],"class_list":{"0":"post-347","1":"product","2":"type-product","3":"status-publish","4":"has-post-thumbnail","6":"product_cat-deurtrekkers","7":"product_cat-meubelbeslag","8":"product_cat-ringbeslag","9":"product_cat-sleutelplaten","11":"first","12":"instock","13":"taxable","14":"shipping-taxable","15":"purchasable","16":"product-type-simple"},"acf":[],"yoast_head":"<!-- This site is optimized with the Yoast SEO plugin v27.3 - https:\/\/yoast.com\/product\/yoast-seo-wordpress\/ -->\n<title>Deurgreep Zilver verticaal sleutelgat<\/title>\n<meta name=\"description\" content=\"Deurgreep antiek Zilver verticaal met sleutelgat 129x43mm is een rijk gedecoreerde greep gemaakt van messing. De ringgreep heeft een antiek zilveren finish.\" \/>\n<meta name=\"robots\" content=\"index, follow, max-snippet:-1, max-image-preview:large, max-video-preview:-1\" \/>\n<link rel=\"canonical\" href=\"https:\/\/partsandpieces.nl\/de\/produkt\/turgriff-antiksilber-vertikal-mit-schlusselloch-129x43mm\/\" \/>\n<meta property=\"og:locale\" content=\"de_DE\" \/>\n<meta property=\"og:type\" content=\"article\" \/>\n<meta property=\"og:title\" content=\"Deurgreep Zilver verticaal sleutelgat\" \/>\n<meta property=\"og:description\" content=\"Deurgreep antiek Zilver verticaal met sleutelgat 129x43mm is een rijk gedecoreerde greep gemaakt van messing. De ringgreep heeft een antiek zilveren finish.\" \/>\n<meta property=\"og:url\" content=\"https:\/\/partsandpieces.nl\/de\/produkt\/turgriff-antiksilber-vertikal-mit-schlusselloch-129x43mm\/\" \/>\n<meta property=\"og:site_name\" content=\"Parts &amp; Pieces\" \/>\n<meta property=\"article:modified_time\" content=\"2024-11-26T11:07:00+00:00\" \/>\n<meta property=\"og:image\" content=\"https:\/\/partsandpieces.nl\/wp-content\/uploads\/2020\/07\/Deurgreep-antiek-Zilver-verticaal-met-sleutelgat-129x43mm.jpg\" \/>\n\t<meta property=\"og:image:width\" content=\"480\" \/>\n\t<meta property=\"og:image:height\" content=\"482\" \/>\n\t<meta property=\"og:image:type\" content=\"image\/jpeg\" \/>\n<meta name=\"twitter:card\" content=\"summary_large_image\" \/>\n<meta name=\"twitter:label1\" content=\"Gesch\u00e4tzte Lesezeit\" \/>\n\t<meta name=\"twitter:data1\" content=\"1\u00a0Minute\" \/>\n<script type=\"application\/ld+json\" class=\"yoast-schema-graph\">{\"@context\":\"https:\\\/\\\/schema.org\",\"@graph\":[{\"@type\":\"WebPage\",\"@id\":\"https:\\\/\\\/partsandpieces.nl\\\/product\\\/deurgreep-antiek-zilver-verticaal-met-sleutelgat-129x43mm\\\/\",\"url\":\"https:\\\/\\\/partsandpieces.nl\\\/product\\\/deurgreep-antiek-zilver-verticaal-met-sleutelgat-129x43mm\\\/\",\"name\":\"Deurgreep Zilver verticaal sleutelgat\",\"isPartOf\":{\"@id\":\"https:\\\/\\\/partsandpieces.nl\\\/#website\"},\"primaryImageOfPage\":{\"@id\":\"https:\\\/\\\/partsandpieces.nl\\\/product\\\/deurgreep-antiek-zilver-verticaal-met-sleutelgat-129x43mm\\\/#primaryimage\"},\"image\":{\"@id\":\"https:\\\/\\\/partsandpieces.nl\\\/product\\\/deurgreep-antiek-zilver-verticaal-met-sleutelgat-129x43mm\\\/#primaryimage\"},\"thumbnailUrl\":\"https:\\\/\\\/partsandpieces.nl\\\/wp-content\\\/uploads\\\/2020\\\/07\\\/Deurgreep-antiek-Zilver-verticaal-met-sleutelgat-129x43mm.jpg\",\"datePublished\":\"2020-07-13T12:04:02+00:00\",\"dateModified\":\"2024-11-26T11:07:00+00:00\",\"description\":\"Deurgreep antiek Zilver verticaal met sleutelgat 129x43mm is een rijk gedecoreerde greep gemaakt van messing. De ringgreep heeft een antiek zilveren finish.\",\"breadcrumb\":{\"@id\":\"https:\\\/\\\/partsandpieces.nl\\\/product\\\/deurgreep-antiek-zilver-verticaal-met-sleutelgat-129x43mm\\\/#breadcrumb\"},\"inLanguage\":\"de\",\"potentialAction\":[{\"@type\":\"ReadAction\",\"target\":[\"https:\\\/\\\/partsandpieces.nl\\\/product\\\/deurgreep-antiek-zilver-verticaal-met-sleutelgat-129x43mm\\\/\"]}]},{\"@type\":\"ImageObject\",\"inLanguage\":\"de\",\"@id\":\"https:\\\/\\\/partsandpieces.nl\\\/product\\\/deurgreep-antiek-zilver-verticaal-met-sleutelgat-129x43mm\\\/#primaryimage\",\"url\":\"https:\\\/\\\/partsandpieces.nl\\\/wp-content\\\/uploads\\\/2020\\\/07\\\/Deurgreep-antiek-Zilver-verticaal-met-sleutelgat-129x43mm.jpg\",\"contentUrl\":\"https:\\\/\\\/partsandpieces.nl\\\/wp-content\\\/uploads\\\/2020\\\/07\\\/Deurgreep-antiek-Zilver-verticaal-met-sleutelgat-129x43mm.jpg\",\"width\":480,\"height\":482,\"caption\":\"Deurgreep antiek Zilver verticaal met sleutelgat 129x43mm\"},{\"@type\":\"BreadcrumbList\",\"@id\":\"https:\\\/\\\/partsandpieces.nl\\\/product\\\/deurgreep-antiek-zilver-verticaal-met-sleutelgat-129x43mm\\\/#breadcrumb\",\"itemListElement\":[{\"@type\":\"ListItem\",\"position\":1,\"name\":\"Home\",\"item\":\"https:\\\/\\\/partsandpieces.nl\\\/home\\\/\"},{\"@type\":\"ListItem\",\"position\":2,\"name\":\"Winkel\",\"item\":\"https:\\\/\\\/partsandpieces.nl\\\/winkel\\\/\"},{\"@type\":\"ListItem\",\"position\":3,\"name\":\"Deurgreep antiek Zilver verticaal met sleutelgat 129x43mm\"}]},{\"@type\":\"WebSite\",\"@id\":\"https:\\\/\\\/partsandpieces.nl\\\/#website\",\"url\":\"https:\\\/\\\/partsandpieces.nl\\\/\",\"name\":\"Parts &amp; Pieces\",\"description\":\"Alles voor uw meubelrestauratie en -onderhoud!\",\"potentialAction\":[{\"@type\":\"SearchAction\",\"target\":{\"@type\":\"EntryPoint\",\"urlTemplate\":\"https:\\\/\\\/partsandpieces.nl\\\/?s={search_term_string}\"},\"query-input\":{\"@type\":\"PropertyValueSpecification\",\"valueRequired\":true,\"valueName\":\"search_term_string\"}}],\"inLanguage\":\"de\"}]}<\/script>\n<!-- \/ Yoast SEO plugin. -->","yoast_head_json":{"title":"T\u00fcrgriff Silbernes vertikales Schl\u00fcsselloch","description":"Der vertikale T\u00fcrgriff in Antiksilber mit Schl\u00fcsselloch 129 x 43 mm ist ein reich verzierter Griff aus Messing. Der Ringgriff hat ein antikes Silberfinish.","robots":{"index":"index","follow":"follow","max-snippet":"max-snippet:-1","max-image-preview":"max-image-preview:large","max-video-preview":"max-video-preview:-1"},"canonical":"https:\/\/partsandpieces.nl\/de\/produkt\/turgriff-antiksilber-vertikal-mit-schlusselloch-129x43mm\/","og_locale":"de_DE","og_type":"article","og_title":"Deurgreep Zilver verticaal sleutelgat","og_description":"Deurgreep antiek Zilver verticaal met sleutelgat 129x43mm is een rijk gedecoreerde greep gemaakt van messing. De ringgreep heeft een antiek zilveren finish.","og_url":"https:\/\/partsandpieces.nl\/de\/produkt\/turgriff-antiksilber-vertikal-mit-schlusselloch-129x43mm\/","og_site_name":"Parts &amp; Pieces","article_modified_time":"2024-11-26T11:07:00+00:00","og_image":[{"width":480,"height":482,"url":"https:\/\/partsandpieces.nl\/wp-content\/uploads\/2020\/07\/Deurgreep-antiek-Zilver-verticaal-met-sleutelgat-129x43mm.jpg","type":"image\/jpeg"}],"twitter_card":"summary_large_image","twitter_misc":{"Gesch\u00e4tzte Lesezeit":"1\u00a0Minute"},"schema":{"@context":"https:\/\/schema.org","@graph":[{"@type":"WebPage","@id":"https:\/\/partsandpieces.nl\/product\/deurgreep-antiek-zilver-verticaal-met-sleutelgat-129x43mm\/","url":"https:\/\/partsandpieces.nl\/product\/deurgreep-antiek-zilver-verticaal-met-sleutelgat-129x43mm\/","name":"T\u00fcrgriff Silbernes vertikales Schl\u00fcsselloch","isPartOf":{"@id":"https:\/\/partsandpieces.nl\/#website"},"primaryImageOfPage":{"@id":"https:\/\/partsandpieces.nl\/product\/deurgreep-antiek-zilver-verticaal-met-sleutelgat-129x43mm\/#primaryimage"},"image":{"@id":"https:\/\/partsandpieces.nl\/product\/deurgreep-antiek-zilver-verticaal-met-sleutelgat-129x43mm\/#primaryimage"},"thumbnailUrl":"https:\/\/partsandpieces.nl\/wp-content\/uploads\/2020\/07\/Deurgreep-antiek-Zilver-verticaal-met-sleutelgat-129x43mm.jpg","datePublished":"2020-07-13T12:04:02+00:00","dateModified":"2024-11-26T11:07:00+00:00","description":"Der vertikale T\u00fcrgriff in Antiksilber mit Schl\u00fcsselloch 129 x 43 mm ist ein reich verzierter Griff aus Messing. Der Ringgriff hat ein antikes Silberfinish.","breadcrumb":{"@id":"https:\/\/partsandpieces.nl\/product\/deurgreep-antiek-zilver-verticaal-met-sleutelgat-129x43mm\/#breadcrumb"},"inLanguage":"de","potentialAction":[{"@type":"ReadAction","target":["https:\/\/partsandpieces.nl\/product\/deurgreep-antiek-zilver-verticaal-met-sleutelgat-129x43mm\/"]}]},{"@type":"ImageObject","inLanguage":"de","@id":"https:\/\/partsandpieces.nl\/product\/deurgreep-antiek-zilver-verticaal-met-sleutelgat-129x43mm\/#primaryimage","url":"https:\/\/partsandpieces.nl\/wp-content\/uploads\/2020\/07\/Deurgreep-antiek-Zilver-verticaal-met-sleutelgat-129x43mm.jpg","contentUrl":"https:\/\/partsandpieces.nl\/wp-content\/uploads\/2020\/07\/Deurgreep-antiek-Zilver-verticaal-met-sleutelgat-129x43mm.jpg","width":480,"height":482,"caption":"Deurgreep antiek Zilver verticaal met sleutelgat 129x43mm"},{"@type":"BreadcrumbList","@id":"https:\/\/partsandpieces.nl\/product\/deurgreep-antiek-zilver-verticaal-met-sleutelgat-129x43mm\/#breadcrumb","itemListElement":[{"@type":"ListItem","position":1,"name":"Home","item":"https:\/\/partsandpieces.nl\/home\/"},{"@type":"ListItem","position":2,"name":"Winkel","item":"https:\/\/partsandpieces.nl\/winkel\/"},{"@type":"ListItem","position":3,"name":"Deurgreep antiek Zilver verticaal met sleutelgat 129x43mm"}]},{"@type":"WebSite","@id":"https:\/\/partsandpieces.nl\/#website","url":"https:\/\/partsandpieces.nl\/","name":"Teile &amp; St\u00fccke","description":"Alles f\u00fcr Ihre M\u00f6belrestaurierung und -pflege!","potentialAction":[{"@type":"SearchAction","target":{"@type":"EntryPoint","urlTemplate":"https:\/\/partsandpieces.nl\/?s={search_term_string}"},"query-input":{"@type":"PropertyValueSpecification","valueRequired":true,"valueName":"search_term_string"}}],"inLanguage":"de"}]}},"_links":{"self":[{"href":"https:\/\/partsandpieces.nl\/de\/wp-json\/wp\/v2\/product\/347","targetHints":{"allow":["GET"]}}],"collection":[{"href":"https:\/\/partsandpieces.nl\/de\/wp-json\/wp\/v2\/product"}],"about":[{"href":"https:\/\/partsandpieces.nl\/de\/wp-json\/wp\/v2\/types\/product"}],"wp:featuredmedia":[{"embeddable":true,"href":"https:\/\/partsandpieces.nl\/de\/wp-json\/wp\/v2\/media\/6294"}],"wp:attachment":[{"href":"https:\/\/partsandpieces.nl\/de\/wp-json\/wp\/v2\/media?parent=347"}],"wp:term":[{"taxonomy":"product_brand","embeddable":true,"href":"https:\/\/partsandpieces.nl\/de\/wp-json\/wp\/v2\/product_brand?post=347"},{"taxonomy":"product_cat","embeddable":true,"href":"https:\/\/partsandpieces.nl\/de\/wp-json\/wp\/v2\/product_cat?post=347"},{"taxonomy":"product_tag","embeddable":true,"href":"https:\/\/partsandpieces.nl\/de\/wp-json\/wp\/v2\/product_tag?post=347"}],"curies":[{"name":"wp","href":"https:\/\/api.w.org\/{rel}","templated":true}]}}