{"id":349,"date":"2020-07-13T12:07:09","date_gmt":"2020-07-13T12:07:09","guid":{"rendered":"https:\/\/partsandpieces.bonsaidev.nl\/?product=deurtrekker-42x130-mat-zilver"},"modified":"2024-11-26T12:06:51","modified_gmt":"2024-11-26T11:06:51","slug":"turgriff-antiksilber-vertikal-129x43mm","status":"publish","type":"product","link":"https:\/\/partsandpieces.nl\/de\/product\/deurgreep-antiek-zilver-verticaal-129x43mm\/","title":{"rendered":"T\u00fcrgriff antiksilber vertikal 129x43mm"},"content":{"rendered":"<p><strong>T\u00fcrgriff antiksilber vertikal 129x43mm<\/strong>\u00a0ist ein reich verzierter Griff aus Messing. Der Ringgriff hat ein antikes Silberfinish. Dieser T\u00fcrgriff passt gut zu Ihren Brocante- oder klassischen T\u00fcren.<\/p>\n<p>Dieser hochwertige T\u00fcrgriff wird in Italien hergestellt.<\/p>\n<p><strong>Ma\u00dfe<br \/>\n<\/strong>Der T\u00fcrgriff in Antiksilber vertikal 129 x 43 mm ist 129 mm hoch und 43 mm breit.<\/p>\n<p><strong>Bearbeiten<br \/>\n<\/strong>Sie befestigen diesen Griff mit 4 Schrauben an Ihrem M\u00f6belst\u00fcck. Ich liefere diese Schrauben nicht.<\/p>","protected":false},"excerpt":{"rendered":"<p>Deurgreep antiek Zilver verticaal 129x43mm\u00a0is een rijk gedecoreerde greep gemaakt van messing. De ringgreep heeft een antiek zilveren finish. Deze deurgreep past goed op je brocante of klassieke deurtjes. Deze kwalitatief uitstekende deurgreep is gemaakt in Itali\u00eb. Afmetingen Deurgreep antiek Zilver verticaal 129x43mm is 129mm hoog en 43mm breed. Montage Je monteert deze greep met [&hellip;]<\/p>\n","protected":false},"featured_media":6336,"template":"","meta":{"_acf_changed":false},"product_brand":[],"product_cat":[29,23],"product_tag":[],"class_list":{"0":"post-349","1":"product","2":"type-product","3":"status-publish","4":"has-post-thumbnail","6":"product_cat-deurtrekkers","7":"product_cat-meubelbeslag","9":"first","10":"instock","11":"taxable","12":"shipping-taxable","13":"purchasable","14":"product-type-simple"},"acf":[],"yoast_head":"<!-- This site is optimized with the Yoast SEO plugin v27.3 - https:\/\/yoast.com\/product\/yoast-seo-wordpress\/ -->\n<title>Deurgreep antiek Zilver verticaal<\/title>\n<meta name=\"description\" content=\"Deurgreep antiek Zilver verticaal 129x43mm\u00a0is een rijk gedecoreerde greep van messing. Deze deurgreep past goed op je brocante of klassieke deurtjes.\" \/>\n<meta name=\"robots\" content=\"index, follow, max-snippet:-1, max-image-preview:large, max-video-preview:-1\" \/>\n<link rel=\"canonical\" href=\"https:\/\/partsandpieces.nl\/de\/produkt\/turgriff-antiksilber-vertikal-129x43mm\/\" \/>\n<meta property=\"og:locale\" content=\"de_DE\" \/>\n<meta property=\"og:type\" content=\"article\" \/>\n<meta property=\"og:title\" content=\"Deurgreep antiek Zilver verticaal\" \/>\n<meta property=\"og:description\" content=\"Deurgreep antiek Zilver verticaal 129x43mm\u00a0is een rijk gedecoreerde greep van messing. Deze deurgreep past goed op je brocante of klassieke deurtjes.\" \/>\n<meta property=\"og:url\" content=\"https:\/\/partsandpieces.nl\/de\/produkt\/turgriff-antiksilber-vertikal-129x43mm\/\" \/>\n<meta property=\"og:site_name\" content=\"Parts &amp; Pieces\" \/>\n<meta property=\"article:modified_time\" content=\"2024-11-26T11:06:51+00:00\" \/>\n<meta property=\"og:image\" content=\"https:\/\/partsandpieces.nl\/wp-content\/uploads\/2020\/07\/Deurgreep-antiek-Zilver-verticaal-129x43mm.jpg\" \/>\n\t<meta property=\"og:image:width\" content=\"474\" \/>\n\t<meta property=\"og:image:height\" content=\"474\" \/>\n\t<meta property=\"og:image:type\" content=\"image\/jpeg\" \/>\n<meta name=\"twitter:card\" content=\"summary_large_image\" \/>\n<meta name=\"twitter:label1\" content=\"Gesch\u00e4tzte Lesezeit\" \/>\n\t<meta name=\"twitter:data1\" content=\"1\u00a0Minute\" \/>\n<script type=\"application\/ld+json\" class=\"yoast-schema-graph\">{\"@context\":\"https:\\\/\\\/schema.org\",\"@graph\":[{\"@type\":\"WebPage\",\"@id\":\"https:\\\/\\\/partsandpieces.nl\\\/product\\\/deurgreep-antiek-zilver-verticaal-129x43mm\\\/\",\"url\":\"https:\\\/\\\/partsandpieces.nl\\\/product\\\/deurgreep-antiek-zilver-verticaal-129x43mm\\\/\",\"name\":\"Deurgreep antiek Zilver verticaal\",\"isPartOf\":{\"@id\":\"https:\\\/\\\/partsandpieces.nl\\\/#website\"},\"primaryImageOfPage\":{\"@id\":\"https:\\\/\\\/partsandpieces.nl\\\/product\\\/deurgreep-antiek-zilver-verticaal-129x43mm\\\/#primaryimage\"},\"image\":{\"@id\":\"https:\\\/\\\/partsandpieces.nl\\\/product\\\/deurgreep-antiek-zilver-verticaal-129x43mm\\\/#primaryimage\"},\"thumbnailUrl\":\"https:\\\/\\\/partsandpieces.nl\\\/wp-content\\\/uploads\\\/2020\\\/07\\\/Deurgreep-antiek-Zilver-verticaal-129x43mm.jpg\",\"datePublished\":\"2020-07-13T12:07:09+00:00\",\"dateModified\":\"2024-11-26T11:06:51+00:00\",\"description\":\"Deurgreep antiek Zilver verticaal 129x43mm\u00a0is een rijk gedecoreerde greep van messing. Deze deurgreep past goed op je brocante of klassieke deurtjes.\",\"breadcrumb\":{\"@id\":\"https:\\\/\\\/partsandpieces.nl\\\/product\\\/deurgreep-antiek-zilver-verticaal-129x43mm\\\/#breadcrumb\"},\"inLanguage\":\"de\",\"potentialAction\":[{\"@type\":\"ReadAction\",\"target\":[\"https:\\\/\\\/partsandpieces.nl\\\/product\\\/deurgreep-antiek-zilver-verticaal-129x43mm\\\/\"]}]},{\"@type\":\"ImageObject\",\"inLanguage\":\"de\",\"@id\":\"https:\\\/\\\/partsandpieces.nl\\\/product\\\/deurgreep-antiek-zilver-verticaal-129x43mm\\\/#primaryimage\",\"url\":\"https:\\\/\\\/partsandpieces.nl\\\/wp-content\\\/uploads\\\/2020\\\/07\\\/Deurgreep-antiek-Zilver-verticaal-129x43mm.jpg\",\"contentUrl\":\"https:\\\/\\\/partsandpieces.nl\\\/wp-content\\\/uploads\\\/2020\\\/07\\\/Deurgreep-antiek-Zilver-verticaal-129x43mm.jpg\",\"width\":474,\"height\":474,\"caption\":\"Deurgreep antiek Zilver verticaal 129x43mm\"},{\"@type\":\"BreadcrumbList\",\"@id\":\"https:\\\/\\\/partsandpieces.nl\\\/product\\\/deurgreep-antiek-zilver-verticaal-129x43mm\\\/#breadcrumb\",\"itemListElement\":[{\"@type\":\"ListItem\",\"position\":1,\"name\":\"Home\",\"item\":\"https:\\\/\\\/partsandpieces.nl\\\/home\\\/\"},{\"@type\":\"ListItem\",\"position\":2,\"name\":\"Winkel\",\"item\":\"https:\\\/\\\/partsandpieces.nl\\\/winkel\\\/\"},{\"@type\":\"ListItem\",\"position\":3,\"name\":\"Deurgreep antiek Zilver verticaal 129x43mm\"}]},{\"@type\":\"WebSite\",\"@id\":\"https:\\\/\\\/partsandpieces.nl\\\/#website\",\"url\":\"https:\\\/\\\/partsandpieces.nl\\\/\",\"name\":\"Parts &amp; Pieces\",\"description\":\"Alles voor uw meubelrestauratie en -onderhoud!\",\"potentialAction\":[{\"@type\":\"SearchAction\",\"target\":{\"@type\":\"EntryPoint\",\"urlTemplate\":\"https:\\\/\\\/partsandpieces.nl\\\/?s={search_term_string}\"},\"query-input\":{\"@type\":\"PropertyValueSpecification\",\"valueRequired\":true,\"valueName\":\"search_term_string\"}}],\"inLanguage\":\"de\"}]}<\/script>\n<!-- \/ Yoast SEO plugin. -->","yoast_head_json":{"title":"T\u00fcrgriff antiksilber vertikal","description":"T\u00fcrgriff antiksilber vertikal 129x43mm ist ein reich verzierter Griff aus Messing. Dieser T\u00fcrgriff passt gut zu Ihren Brocante- oder klassischen T\u00fcren.","robots":{"index":"index","follow":"follow","max-snippet":"max-snippet:-1","max-image-preview":"max-image-preview:large","max-video-preview":"max-video-preview:-1"},"canonical":"https:\/\/partsandpieces.nl\/de\/produkt\/turgriff-antiksilber-vertikal-129x43mm\/","og_locale":"de_DE","og_type":"article","og_title":"Deurgreep antiek Zilver verticaal","og_description":"Deurgreep antiek Zilver verticaal 129x43mm\u00a0is een rijk gedecoreerde greep van messing. Deze deurgreep past goed op je brocante of klassieke deurtjes.","og_url":"https:\/\/partsandpieces.nl\/de\/produkt\/turgriff-antiksilber-vertikal-129x43mm\/","og_site_name":"Parts &amp; Pieces","article_modified_time":"2024-11-26T11:06:51+00:00","og_image":[{"width":474,"height":474,"url":"https:\/\/partsandpieces.nl\/wp-content\/uploads\/2020\/07\/Deurgreep-antiek-Zilver-verticaal-129x43mm.jpg","type":"image\/jpeg"}],"twitter_card":"summary_large_image","twitter_misc":{"Gesch\u00e4tzte Lesezeit":"1\u00a0Minute"},"schema":{"@context":"https:\/\/schema.org","@graph":[{"@type":"WebPage","@id":"https:\/\/partsandpieces.nl\/product\/deurgreep-antiek-zilver-verticaal-129x43mm\/","url":"https:\/\/partsandpieces.nl\/product\/deurgreep-antiek-zilver-verticaal-129x43mm\/","name":"T\u00fcrgriff antiksilber vertikal","isPartOf":{"@id":"https:\/\/partsandpieces.nl\/#website"},"primaryImageOfPage":{"@id":"https:\/\/partsandpieces.nl\/product\/deurgreep-antiek-zilver-verticaal-129x43mm\/#primaryimage"},"image":{"@id":"https:\/\/partsandpieces.nl\/product\/deurgreep-antiek-zilver-verticaal-129x43mm\/#primaryimage"},"thumbnailUrl":"https:\/\/partsandpieces.nl\/wp-content\/uploads\/2020\/07\/Deurgreep-antiek-Zilver-verticaal-129x43mm.jpg","datePublished":"2020-07-13T12:07:09+00:00","dateModified":"2024-11-26T11:06:51+00:00","description":"T\u00fcrgriff antiksilber vertikal 129x43mm ist ein reich verzierter Griff aus Messing. Dieser T\u00fcrgriff passt gut zu Ihren Brocante- oder klassischen T\u00fcren.","breadcrumb":{"@id":"https:\/\/partsandpieces.nl\/product\/deurgreep-antiek-zilver-verticaal-129x43mm\/#breadcrumb"},"inLanguage":"de","potentialAction":[{"@type":"ReadAction","target":["https:\/\/partsandpieces.nl\/product\/deurgreep-antiek-zilver-verticaal-129x43mm\/"]}]},{"@type":"ImageObject","inLanguage":"de","@id":"https:\/\/partsandpieces.nl\/product\/deurgreep-antiek-zilver-verticaal-129x43mm\/#primaryimage","url":"https:\/\/partsandpieces.nl\/wp-content\/uploads\/2020\/07\/Deurgreep-antiek-Zilver-verticaal-129x43mm.jpg","contentUrl":"https:\/\/partsandpieces.nl\/wp-content\/uploads\/2020\/07\/Deurgreep-antiek-Zilver-verticaal-129x43mm.jpg","width":474,"height":474,"caption":"Deurgreep antiek Zilver verticaal 129x43mm"},{"@type":"BreadcrumbList","@id":"https:\/\/partsandpieces.nl\/product\/deurgreep-antiek-zilver-verticaal-129x43mm\/#breadcrumb","itemListElement":[{"@type":"ListItem","position":1,"name":"Home","item":"https:\/\/partsandpieces.nl\/home\/"},{"@type":"ListItem","position":2,"name":"Winkel","item":"https:\/\/partsandpieces.nl\/winkel\/"},{"@type":"ListItem","position":3,"name":"Deurgreep antiek Zilver verticaal 129x43mm"}]},{"@type":"WebSite","@id":"https:\/\/partsandpieces.nl\/#website","url":"https:\/\/partsandpieces.nl\/","name":"Teile &amp; St\u00fccke","description":"Alles f\u00fcr Ihre M\u00f6belrestaurierung und -pflege!","potentialAction":[{"@type":"SearchAction","target":{"@type":"EntryPoint","urlTemplate":"https:\/\/partsandpieces.nl\/?s={search_term_string}"},"query-input":{"@type":"PropertyValueSpecification","valueRequired":true,"valueName":"search_term_string"}}],"inLanguage":"de"}]}},"_links":{"self":[{"href":"https:\/\/partsandpieces.nl\/de\/wp-json\/wp\/v2\/product\/349","targetHints":{"allow":["GET"]}}],"collection":[{"href":"https:\/\/partsandpieces.nl\/de\/wp-json\/wp\/v2\/product"}],"about":[{"href":"https:\/\/partsandpieces.nl\/de\/wp-json\/wp\/v2\/types\/product"}],"wp:featuredmedia":[{"embeddable":true,"href":"https:\/\/partsandpieces.nl\/de\/wp-json\/wp\/v2\/media\/6336"}],"wp:attachment":[{"href":"https:\/\/partsandpieces.nl\/de\/wp-json\/wp\/v2\/media?parent=349"}],"wp:term":[{"taxonomy":"product_brand","embeddable":true,"href":"https:\/\/partsandpieces.nl\/de\/wp-json\/wp\/v2\/product_brand?post=349"},{"taxonomy":"product_cat","embeddable":true,"href":"https:\/\/partsandpieces.nl\/de\/wp-json\/wp\/v2\/product_cat?post=349"},{"taxonomy":"product_tag","embeddable":true,"href":"https:\/\/partsandpieces.nl\/de\/wp-json\/wp\/v2\/product_tag?post=349"}],"curies":[{"name":"wp","href":"https:\/\/api.w.org\/{rel}","templated":true}]}}