{"id":355,"date":"2020-07-13T12:21:42","date_gmt":"2020-07-13T12:21:42","guid":{"rendered":"https:\/\/partsandpieces.bonsaidev.nl\/?product=deurtrekkerkeyhole-brass-ant-3397"},"modified":"2025-10-23T23:02:14","modified_gmt":"2025-10-23T21:02:14","slug":"turgriff-messing-antik-blume-und-spitze-vertikal-mit-schlusselloch-97mm","status":"publish","type":"product","link":"https:\/\/partsandpieces.nl\/de\/product\/deurgreep-messing-antiek-bloem-en-aar-verticaal-met-sleutelgat-97mm\/","title":{"rendered":"T\u00fcrgriff Messing antik Blume und Dorn vertikal mit Schl\u00fcsselloch 97mm"},"content":{"rendered":"<p><strong>T\u00fcrgriff Messing antik Blume und Dorn vertikal mit Schl\u00fcsselloch 97mm<\/strong>\u00a0ist ein wundersch\u00f6ner M\u00f6belgriff aus gepr\u00e4gtem Messing mit antikem Finish. Der Griff ist mit einem Blumen- und Spitzenmotiv verziert. Das Erscheinungsbild dieses klassischen Griffs ist matt. Dieser Griff passt gut zu Ihren antiken oder klassischen M\u00f6beln.<\/p>\n<p>Dieser hochwertige Schubladengriff wird in Italien hergestellt.<\/p>\n<p><strong>Ma\u00dfe<br \/>\n<\/strong>Der T\u00fcrgriff aus Messing mit antiker Blume und Spitze vertikal mit Schl\u00fcsselloch 97 mm ist insgesamt 97 mm hoch und 33 mm breit. Nach der Installation steht dieser Griff 15 mm \u00fcber.<\/p>\n<p><strong>Bearbeiten<br \/>\n<\/strong>Sie k\u00f6nnen den Griff mit blind montieren\u00a0<span style=\"text-decoration: underline;\"><a href=\"https:\/\/partsandpieces.nl\/de\/produkt\/schraube-edelstahl-zur-blindmontage-von-mobelbeschlagen-45x4mm-20-stuck\/\">Edelstahlschraube zur Blindbefestigung von M\u00f6belbeschl\u00e4gen (45x4mm)<\/a><\/span>\u00a0Ich werde diese Schrauben und die Zierschrauben verschicken\u00a0<strong>FREI<\/strong>\u00a0mit Ihrer Bestellung.<\/p>","protected":false},"excerpt":{"rendered":"<p>Deurgreep Messing antiek bloem en aar vertikaal met sleutelgat 97mm\u00a0is een mooie meubelgreep van gestanst messing met een antieke afwerking. De greep heeft een versiering met een bloem en aar motief. De uitstraling van deze klassieke greep is mat. Deze greep past goed op je antieke of klassieke meubel. Deze kwalitatief uitstekende ladegreep is gemaakt [&hellip;]<\/p>\n","protected":false},"featured_media":6702,"template":"","meta":{"_acf_changed":false},"product_brand":[],"product_cat":[29,23,48],"product_tag":[],"class_list":{"0":"post-355","1":"product","2":"type-product","3":"status-publish","4":"has-post-thumbnail","6":"product_cat-deurtrekkers","7":"product_cat-meubelbeslag","8":"product_cat-sleutelplaten","10":"first","11":"instock","12":"taxable","13":"shipping-taxable","14":"purchasable","15":"product-type-simple"},"acf":[],"yoast_head":"<!-- This site is optimized with the Yoast SEO plugin v27.3 - https:\/\/yoast.com\/product\/yoast-seo-wordpress\/ -->\n<title>Deurgreep Messing bloem met sleutelgat<\/title>\n<meta name=\"description\" content=\"Deurgreep Messing antiek bloem en aar vertikaal met sleutelgat 97mm\u00a0is van gestanst messing met een antieke afwerking. Heeft een bloem en aar motief.\" \/>\n<meta name=\"robots\" content=\"index, follow, max-snippet:-1, max-image-preview:large, max-video-preview:-1\" \/>\n<link rel=\"canonical\" href=\"https:\/\/partsandpieces.nl\/de\/produkt\/turgriff-messing-antik-blume-und-spitze-vertikal-mit-schlusselloch-97mm\/\" \/>\n<meta property=\"og:locale\" content=\"de_DE\" \/>\n<meta property=\"og:type\" content=\"article\" \/>\n<meta property=\"og:title\" content=\"Deurgreep Messing bloem met sleutelgat\" \/>\n<meta property=\"og:description\" content=\"Deurgreep Messing antiek bloem en aar vertikaal met sleutelgat 97mm\u00a0is van gestanst messing met een antieke afwerking. Heeft een bloem en aar motief.\" \/>\n<meta property=\"og:url\" content=\"https:\/\/partsandpieces.nl\/de\/produkt\/turgriff-messing-antik-blume-und-spitze-vertikal-mit-schlusselloch-97mm\/\" \/>\n<meta property=\"og:site_name\" content=\"Parts &amp; Pieces\" \/>\n<meta property=\"article:modified_time\" content=\"2025-10-23T21:02:14+00:00\" \/>\n<meta property=\"og:image\" content=\"https:\/\/partsandpieces.nl\/wp-content\/uploads\/2020\/07\/Deurgreep-Messing-antiek-bloem-en-aar-verticaal-met-sleutelgat-97mm.jpg\" \/>\n\t<meta property=\"og:image:width\" content=\"448\" \/>\n\t<meta property=\"og:image:height\" content=\"454\" \/>\n\t<meta property=\"og:image:type\" content=\"image\/jpeg\" \/>\n<meta name=\"twitter:card\" content=\"summary_large_image\" \/>\n<meta name=\"twitter:label1\" content=\"Gesch\u00e4tzte Lesezeit\" \/>\n\t<meta name=\"twitter:data1\" content=\"1\u00a0Minute\" \/>\n<script type=\"application\/ld+json\" class=\"yoast-schema-graph\">{\"@context\":\"https:\\\/\\\/schema.org\",\"@graph\":[{\"@type\":\"WebPage\",\"@id\":\"https:\\\/\\\/partsandpieces.nl\\\/product\\\/deurgreep-messing-antiek-bloem-en-aar-verticaal-met-sleutelgat-97mm\\\/\",\"url\":\"https:\\\/\\\/partsandpieces.nl\\\/product\\\/deurgreep-messing-antiek-bloem-en-aar-verticaal-met-sleutelgat-97mm\\\/\",\"name\":\"Deurgreep Messing bloem met sleutelgat\",\"isPartOf\":{\"@id\":\"https:\\\/\\\/partsandpieces.nl\\\/#website\"},\"primaryImageOfPage\":{\"@id\":\"https:\\\/\\\/partsandpieces.nl\\\/product\\\/deurgreep-messing-antiek-bloem-en-aar-verticaal-met-sleutelgat-97mm\\\/#primaryimage\"},\"image\":{\"@id\":\"https:\\\/\\\/partsandpieces.nl\\\/product\\\/deurgreep-messing-antiek-bloem-en-aar-verticaal-met-sleutelgat-97mm\\\/#primaryimage\"},\"thumbnailUrl\":\"https:\\\/\\\/partsandpieces.nl\\\/wp-content\\\/uploads\\\/2020\\\/07\\\/Deurgreep-Messing-antiek-bloem-en-aar-verticaal-met-sleutelgat-97mm.jpg\",\"datePublished\":\"2020-07-13T12:21:42+00:00\",\"dateModified\":\"2025-10-23T21:02:14+00:00\",\"description\":\"Deurgreep Messing antiek bloem en aar vertikaal met sleutelgat 97mm\u00a0is van gestanst messing met een antieke afwerking. Heeft een bloem en aar motief.\",\"breadcrumb\":{\"@id\":\"https:\\\/\\\/partsandpieces.nl\\\/product\\\/deurgreep-messing-antiek-bloem-en-aar-verticaal-met-sleutelgat-97mm\\\/#breadcrumb\"},\"inLanguage\":\"de\",\"potentialAction\":[{\"@type\":\"ReadAction\",\"target\":[\"https:\\\/\\\/partsandpieces.nl\\\/product\\\/deurgreep-messing-antiek-bloem-en-aar-verticaal-met-sleutelgat-97mm\\\/\"]}]},{\"@type\":\"ImageObject\",\"inLanguage\":\"de\",\"@id\":\"https:\\\/\\\/partsandpieces.nl\\\/product\\\/deurgreep-messing-antiek-bloem-en-aar-verticaal-met-sleutelgat-97mm\\\/#primaryimage\",\"url\":\"https:\\\/\\\/partsandpieces.nl\\\/wp-content\\\/uploads\\\/2020\\\/07\\\/Deurgreep-Messing-antiek-bloem-en-aar-verticaal-met-sleutelgat-97mm.jpg\",\"contentUrl\":\"https:\\\/\\\/partsandpieces.nl\\\/wp-content\\\/uploads\\\/2020\\\/07\\\/Deurgreep-Messing-antiek-bloem-en-aar-verticaal-met-sleutelgat-97mm.jpg\",\"width\":448,\"height\":454,\"caption\":\"Deurgreep Messing antiek bloem en aar verticaal met sleutelgat 97mm\"},{\"@type\":\"BreadcrumbList\",\"@id\":\"https:\\\/\\\/partsandpieces.nl\\\/product\\\/deurgreep-messing-antiek-bloem-en-aar-verticaal-met-sleutelgat-97mm\\\/#breadcrumb\",\"itemListElement\":[{\"@type\":\"ListItem\",\"position\":1,\"name\":\"Home\",\"item\":\"https:\\\/\\\/partsandpieces.nl\\\/home\\\/\"},{\"@type\":\"ListItem\",\"position\":2,\"name\":\"Winkel\",\"item\":\"https:\\\/\\\/partsandpieces.nl\\\/winkel\\\/\"},{\"@type\":\"ListItem\",\"position\":3,\"name\":\"Deurgreep Messing antiek bloem en aar verticaal met sleutelgat 97mm\"}]},{\"@type\":\"WebSite\",\"@id\":\"https:\\\/\\\/partsandpieces.nl\\\/#website\",\"url\":\"https:\\\/\\\/partsandpieces.nl\\\/\",\"name\":\"Parts &amp; Pieces\",\"description\":\"Alles voor uw meubelrestauratie en -onderhoud!\",\"potentialAction\":[{\"@type\":\"SearchAction\",\"target\":{\"@type\":\"EntryPoint\",\"urlTemplate\":\"https:\\\/\\\/partsandpieces.nl\\\/?s={search_term_string}\"},\"query-input\":{\"@type\":\"PropertyValueSpecification\",\"valueRequired\":true,\"valueName\":\"search_term_string\"}}],\"inLanguage\":\"de\"}]}<\/script>\n<!-- \/ Yoast SEO plugin. -->","yoast_head_json":{"title":"T\u00fcrgriff Messingblume mit Schl\u00fcsselloch","description":"Der T\u00fcrgriff aus Messing mit antiker Blume und Spitze vertikal mit Schl\u00fcsselloch 97 mm ist aus gestanztem Messing mit antikem Finish gefertigt. Hat ein Blumen- und Spitzenmotiv.","robots":{"index":"index","follow":"follow","max-snippet":"max-snippet:-1","max-image-preview":"max-image-preview:large","max-video-preview":"max-video-preview:-1"},"canonical":"https:\/\/partsandpieces.nl\/de\/produkt\/turgriff-messing-antik-blume-und-spitze-vertikal-mit-schlusselloch-97mm\/","og_locale":"de_DE","og_type":"article","og_title":"Deurgreep Messing bloem met sleutelgat","og_description":"Deurgreep Messing antiek bloem en aar vertikaal met sleutelgat 97mm\u00a0is van gestanst messing met een antieke afwerking. Heeft een bloem en aar motief.","og_url":"https:\/\/partsandpieces.nl\/de\/produkt\/turgriff-messing-antik-blume-und-spitze-vertikal-mit-schlusselloch-97mm\/","og_site_name":"Parts &amp; Pieces","article_modified_time":"2025-10-23T21:02:14+00:00","og_image":[{"width":448,"height":454,"url":"https:\/\/partsandpieces.nl\/wp-content\/uploads\/2020\/07\/Deurgreep-Messing-antiek-bloem-en-aar-verticaal-met-sleutelgat-97mm.jpg","type":"image\/jpeg"}],"twitter_card":"summary_large_image","twitter_misc":{"Gesch\u00e4tzte Lesezeit":"1\u00a0Minute"},"schema":{"@context":"https:\/\/schema.org","@graph":[{"@type":"WebPage","@id":"https:\/\/partsandpieces.nl\/product\/deurgreep-messing-antiek-bloem-en-aar-verticaal-met-sleutelgat-97mm\/","url":"https:\/\/partsandpieces.nl\/product\/deurgreep-messing-antiek-bloem-en-aar-verticaal-met-sleutelgat-97mm\/","name":"T\u00fcrgriff Messingblume mit Schl\u00fcsselloch","isPartOf":{"@id":"https:\/\/partsandpieces.nl\/#website"},"primaryImageOfPage":{"@id":"https:\/\/partsandpieces.nl\/product\/deurgreep-messing-antiek-bloem-en-aar-verticaal-met-sleutelgat-97mm\/#primaryimage"},"image":{"@id":"https:\/\/partsandpieces.nl\/product\/deurgreep-messing-antiek-bloem-en-aar-verticaal-met-sleutelgat-97mm\/#primaryimage"},"thumbnailUrl":"https:\/\/partsandpieces.nl\/wp-content\/uploads\/2020\/07\/Deurgreep-Messing-antiek-bloem-en-aar-verticaal-met-sleutelgat-97mm.jpg","datePublished":"2020-07-13T12:21:42+00:00","dateModified":"2025-10-23T21:02:14+00:00","description":"Der T\u00fcrgriff aus Messing mit antiker Blume und Spitze vertikal mit Schl\u00fcsselloch 97 mm ist aus gestanztem Messing mit antikem Finish gefertigt. Hat ein Blumen- und Spitzenmotiv.","breadcrumb":{"@id":"https:\/\/partsandpieces.nl\/product\/deurgreep-messing-antiek-bloem-en-aar-verticaal-met-sleutelgat-97mm\/#breadcrumb"},"inLanguage":"de","potentialAction":[{"@type":"ReadAction","target":["https:\/\/partsandpieces.nl\/product\/deurgreep-messing-antiek-bloem-en-aar-verticaal-met-sleutelgat-97mm\/"]}]},{"@type":"ImageObject","inLanguage":"de","@id":"https:\/\/partsandpieces.nl\/product\/deurgreep-messing-antiek-bloem-en-aar-verticaal-met-sleutelgat-97mm\/#primaryimage","url":"https:\/\/partsandpieces.nl\/wp-content\/uploads\/2020\/07\/Deurgreep-Messing-antiek-bloem-en-aar-verticaal-met-sleutelgat-97mm.jpg","contentUrl":"https:\/\/partsandpieces.nl\/wp-content\/uploads\/2020\/07\/Deurgreep-Messing-antiek-bloem-en-aar-verticaal-met-sleutelgat-97mm.jpg","width":448,"height":454,"caption":"Deurgreep Messing antiek bloem en aar verticaal met sleutelgat 97mm"},{"@type":"BreadcrumbList","@id":"https:\/\/partsandpieces.nl\/product\/deurgreep-messing-antiek-bloem-en-aar-verticaal-met-sleutelgat-97mm\/#breadcrumb","itemListElement":[{"@type":"ListItem","position":1,"name":"Home","item":"https:\/\/partsandpieces.nl\/home\/"},{"@type":"ListItem","position":2,"name":"Winkel","item":"https:\/\/partsandpieces.nl\/winkel\/"},{"@type":"ListItem","position":3,"name":"Deurgreep Messing antiek bloem en aar verticaal met sleutelgat 97mm"}]},{"@type":"WebSite","@id":"https:\/\/partsandpieces.nl\/#website","url":"https:\/\/partsandpieces.nl\/","name":"Teile &amp; St\u00fccke","description":"Alles f\u00fcr Ihre M\u00f6belrestaurierung und -pflege!","potentialAction":[{"@type":"SearchAction","target":{"@type":"EntryPoint","urlTemplate":"https:\/\/partsandpieces.nl\/?s={search_term_string}"},"query-input":{"@type":"PropertyValueSpecification","valueRequired":true,"valueName":"search_term_string"}}],"inLanguage":"de"}]}},"_links":{"self":[{"href":"https:\/\/partsandpieces.nl\/de\/wp-json\/wp\/v2\/product\/355","targetHints":{"allow":["GET"]}}],"collection":[{"href":"https:\/\/partsandpieces.nl\/de\/wp-json\/wp\/v2\/product"}],"about":[{"href":"https:\/\/partsandpieces.nl\/de\/wp-json\/wp\/v2\/types\/product"}],"wp:featuredmedia":[{"embeddable":true,"href":"https:\/\/partsandpieces.nl\/de\/wp-json\/wp\/v2\/media\/6702"}],"wp:attachment":[{"href":"https:\/\/partsandpieces.nl\/de\/wp-json\/wp\/v2\/media?parent=355"}],"wp:term":[{"taxonomy":"product_brand","embeddable":true,"href":"https:\/\/partsandpieces.nl\/de\/wp-json\/wp\/v2\/product_brand?post=355"},{"taxonomy":"product_cat","embeddable":true,"href":"https:\/\/partsandpieces.nl\/de\/wp-json\/wp\/v2\/product_cat?post=355"},{"taxonomy":"product_tag","embeddable":true,"href":"https:\/\/partsandpieces.nl\/de\/wp-json\/wp\/v2\/product_tag?post=355"}],"curies":[{"name":"wp","href":"https:\/\/api.w.org\/{rel}","templated":true}]}}