{"id":369,"date":"2020-07-13T12:53:45","date_gmt":"2020-07-13T12:53:45","guid":{"rendered":"https:\/\/partsandpieces.bonsaidev.nl\/?product=deurtrekkerring-ijzer-ger-35x115"},"modified":"2024-11-26T12:07:05","modified_gmt":"2024-11-26T11:07:05","slug":"turgriffring-eisen-rost-vertikal-115mm","status":"publish","type":"product","link":"https:\/\/partsandpieces.nl\/de\/product\/deurgreep-ring-ijzer-roest-verticaal-115mm\/","title":{"rendered":"T\u00fcrgriff Ring Eisen Rost senkrecht 115mm"},"content":{"rendered":"<p><strong>T\u00fcrgriff Ring Eisen Rost senkrecht 115mm<\/strong> ist ein flacher T\u00fcrgriff mit Ring f\u00fcr M\u00f6belt\u00fcren. Der T\u00fcrgriff hat ein rostiges Antik-Finish. Der Rost geht nicht ab!<\/p>\n<p>Ich habe mehrere Artikel dieser Serie auf Lager: <a href=\"https:\/\/partsandpieces.nl\/de\/produkt\/schubladengriff-eisen-rost-horizontal-115mm\/\"><span style=\"text-decoration: underline;\">Schubladengriff horizontal<\/span><\/a>, <a href=\"https:\/\/partsandpieces.nl\/de\/produkt\/schlusselplatte-eisen-rost-horizontal-115mm\/\"><span style=\"text-decoration: underline;\">Schl\u00fcsselplatte horizontal<\/span><\/a>, <a href=\"https:\/\/partsandpieces.nl\/de\/produkt\/schlusselplatte-eisen-rost-vertikal-115mm\/\"><span style=\"text-decoration: underline;\">Schl\u00fcsselplatte vertikal<\/span><\/a>, <a href=\"https:\/\/partsandpieces.nl\/de\/produkt\/turgriffring-eisenrost-mit-schlusselloch-vertikal-115mm\/\"><span style=\"text-decoration: underline;\">T\u00fcrgriff vertikal mit Schl\u00fcsselloch<\/span><\/a> und <a href=\"https:\/\/partsandpieces.nl\/de\/produkt\/turgriffring-eisen-rost-vertikal-115mm\/\"><span style=\"text-decoration: underline;\">ohne Schl\u00fcsselloch<\/span><\/a>.<\/p>\n<p><strong>Ma\u00dfe<br \/>\n<\/strong>Der T\u00fcrgriffring Eisen Rost vertikal 115 mm hat eine Breite von 38 mm und eine H\u00f6he von 115 mm. Der Durchmesser des Rings betr\u00e4gt 37 mm.<\/p>\n<p><strong>Bearbeiten<br \/>\n<\/strong>Sie k\u00f6nnen den T\u00fcrgriff mit blind montieren\u00a0<span style=\"text-decoration: underline;\"><a href=\"https:\/\/partsandpieces.nl\/de\/produkt\/schraube-edelstahl-fur-blindmontageknopf-20x4mm-20-stuck\/\">Edelstahlschraube f\u00fcr Blindbefestigungsknopf (20x4mm)<\/a><\/span>. Ich schicke diese Schraube\u00a0<strong>FREI<\/strong>\u00a0mit Ihrer Bestellung.<\/p>","protected":false},"excerpt":{"rendered":"<p>Deurgreep Ring IJzer Roest verticaal 115mm is een platte deurgreep met ring voor meubeldeuren. De deurgreep heeft een geroeste antieke afwerking. De roest geeft niet af! Ik heb meerdere artikelen in deze serie op voorraad: Ladegreep horizontaal, Sleutelplaat horizontaal, Sleutelplaat verticaal, Deurgreep verticaal met sleutelgat en zonder sleutelgat. Afmetingen De Deurgreep Ring IJzer Roest verticaal [&hellip;]<\/p>\n","protected":false},"featured_media":5332,"template":"","meta":{"_acf_changed":false},"product_brand":[],"product_cat":[29,23],"product_tag":[],"class_list":{"0":"post-369","1":"product","2":"type-product","3":"status-publish","4":"has-post-thumbnail","6":"product_cat-deurtrekkers","7":"product_cat-meubelbeslag","9":"first","10":"instock","11":"taxable","12":"shipping-taxable","13":"purchasable","14":"product-type-simple"},"acf":[],"yoast_head":"<!-- This site is optimized with the Yoast SEO plugin v27.5 - https:\/\/yoast.com\/product\/yoast-seo-wordpress\/ -->\n<title>Deurgreep Ring Roest verticaal<\/title>\n<meta name=\"description\" content=\"Deurgreep Ring IJzer Roest verticaal 115mm is een platte deurgreep met ring voor meubeldeuren. De deurgreep heeft een geroeste antieke afwerking.\" \/>\n<meta name=\"robots\" content=\"index, follow, max-snippet:-1, max-image-preview:large, max-video-preview:-1\" \/>\n<link rel=\"canonical\" href=\"https:\/\/partsandpieces.nl\/de\/produkt\/turgriffring-eisen-rost-vertikal-115mm\/\" \/>\n<meta property=\"og:locale\" content=\"de_DE\" \/>\n<meta property=\"og:type\" content=\"article\" \/>\n<meta property=\"og:title\" content=\"Deurgreep Ring Roest verticaal\" \/>\n<meta property=\"og:description\" content=\"Deurgreep Ring IJzer Roest verticaal 115mm is een platte deurgreep met ring voor meubeldeuren. De deurgreep heeft een geroeste antieke afwerking.\" \/>\n<meta property=\"og:url\" content=\"https:\/\/partsandpieces.nl\/de\/produkt\/turgriffring-eisen-rost-vertikal-115mm\/\" \/>\n<meta property=\"og:site_name\" content=\"Parts &amp; Pieces\" \/>\n<meta property=\"article:modified_time\" content=\"2024-11-26T11:07:05+00:00\" \/>\n<meta property=\"og:image\" content=\"https:\/\/partsandpieces.nl\/wp-content\/uploads\/2020\/07\/Deurgreep-Ring-IJzer-Roest-verticaal-115mm.jpg\" \/>\n\t<meta property=\"og:image:width\" content=\"475\" \/>\n\t<meta property=\"og:image:height\" content=\"474\" \/>\n\t<meta property=\"og:image:type\" content=\"image\/jpeg\" \/>\n<meta name=\"twitter:card\" content=\"summary_large_image\" \/>\n<meta name=\"twitter:label1\" content=\"Gesch\u00e4tzte Lesezeit\" \/>\n\t<meta name=\"twitter:data1\" content=\"1\u00a0Minute\" \/>\n<script type=\"application\/ld+json\" class=\"yoast-schema-graph\">{\"@context\":\"https:\\\/\\\/schema.org\",\"@graph\":[{\"@type\":\"WebPage\",\"@id\":\"https:\\\/\\\/partsandpieces.nl\\\/product\\\/deurgreep-ring-ijzer-roest-verticaal-115mm\\\/\",\"url\":\"https:\\\/\\\/partsandpieces.nl\\\/product\\\/deurgreep-ring-ijzer-roest-verticaal-115mm\\\/\",\"name\":\"Deurgreep Ring Roest verticaal\",\"isPartOf\":{\"@id\":\"https:\\\/\\\/partsandpieces.nl\\\/#website\"},\"primaryImageOfPage\":{\"@id\":\"https:\\\/\\\/partsandpieces.nl\\\/product\\\/deurgreep-ring-ijzer-roest-verticaal-115mm\\\/#primaryimage\"},\"image\":{\"@id\":\"https:\\\/\\\/partsandpieces.nl\\\/product\\\/deurgreep-ring-ijzer-roest-verticaal-115mm\\\/#primaryimage\"},\"thumbnailUrl\":\"https:\\\/\\\/partsandpieces.nl\\\/wp-content\\\/uploads\\\/2020\\\/07\\\/Deurgreep-Ring-IJzer-Roest-verticaal-115mm.jpg\",\"datePublished\":\"2020-07-13T12:53:45+00:00\",\"dateModified\":\"2024-11-26T11:07:05+00:00\",\"description\":\"Deurgreep Ring IJzer Roest verticaal 115mm is een platte deurgreep met ring voor meubeldeuren. De deurgreep heeft een geroeste antieke afwerking.\",\"breadcrumb\":{\"@id\":\"https:\\\/\\\/partsandpieces.nl\\\/product\\\/deurgreep-ring-ijzer-roest-verticaal-115mm\\\/#breadcrumb\"},\"inLanguage\":\"de\",\"potentialAction\":[{\"@type\":\"ReadAction\",\"target\":[\"https:\\\/\\\/partsandpieces.nl\\\/product\\\/deurgreep-ring-ijzer-roest-verticaal-115mm\\\/\"]}]},{\"@type\":\"ImageObject\",\"inLanguage\":\"de\",\"@id\":\"https:\\\/\\\/partsandpieces.nl\\\/product\\\/deurgreep-ring-ijzer-roest-verticaal-115mm\\\/#primaryimage\",\"url\":\"https:\\\/\\\/partsandpieces.nl\\\/wp-content\\\/uploads\\\/2020\\\/07\\\/Deurgreep-Ring-IJzer-Roest-verticaal-115mm.jpg\",\"contentUrl\":\"https:\\\/\\\/partsandpieces.nl\\\/wp-content\\\/uploads\\\/2020\\\/07\\\/Deurgreep-Ring-IJzer-Roest-verticaal-115mm.jpg\",\"width\":475,\"height\":474,\"caption\":\"Deurgreep Ring IJzer Roest verticaal 115mm\"},{\"@type\":\"BreadcrumbList\",\"@id\":\"https:\\\/\\\/partsandpieces.nl\\\/product\\\/deurgreep-ring-ijzer-roest-verticaal-115mm\\\/#breadcrumb\",\"itemListElement\":[{\"@type\":\"ListItem\",\"position\":1,\"name\":\"Home\",\"item\":\"https:\\\/\\\/partsandpieces.nl\\\/home\\\/\"},{\"@type\":\"ListItem\",\"position\":2,\"name\":\"Winkel\",\"item\":\"https:\\\/\\\/partsandpieces.nl\\\/winkel\\\/\"},{\"@type\":\"ListItem\",\"position\":3,\"name\":\"Deurgreep Ring IJzer Roest verticaal 115mm\"}]},{\"@type\":\"WebSite\",\"@id\":\"https:\\\/\\\/partsandpieces.nl\\\/#website\",\"url\":\"https:\\\/\\\/partsandpieces.nl\\\/\",\"name\":\"Parts &amp; Pieces\",\"description\":\"Alles voor uw meubelrestauratie en -onderhoud!\",\"potentialAction\":[{\"@type\":\"SearchAction\",\"target\":{\"@type\":\"EntryPoint\",\"urlTemplate\":\"https:\\\/\\\/partsandpieces.nl\\\/?s={search_term_string}\"},\"query-input\":{\"@type\":\"PropertyValueSpecification\",\"valueRequired\":true,\"valueName\":\"search_term_string\"}}],\"inLanguage\":\"de\"}]}<\/script>\n<!-- \/ Yoast SEO plugin. -->","yoast_head_json":{"title":"T\u00fcrgriffring Rost vertikal","description":"T\u00fcrgriff Ring Eisen Rost vertikal 115 mm ist ein flacher T\u00fcrgriff mit Ring f\u00fcr M\u00f6belt\u00fcren. Der T\u00fcrgriff hat ein rostiges Antik-Finish.","robots":{"index":"index","follow":"follow","max-snippet":"max-snippet:-1","max-image-preview":"max-image-preview:large","max-video-preview":"max-video-preview:-1"},"canonical":"https:\/\/partsandpieces.nl\/de\/produkt\/turgriffring-eisen-rost-vertikal-115mm\/","og_locale":"de_DE","og_type":"article","og_title":"Deurgreep Ring Roest verticaal","og_description":"Deurgreep Ring IJzer Roest verticaal 115mm is een platte deurgreep met ring voor meubeldeuren. De deurgreep heeft een geroeste antieke afwerking.","og_url":"https:\/\/partsandpieces.nl\/de\/produkt\/turgriffring-eisen-rost-vertikal-115mm\/","og_site_name":"Parts &amp; Pieces","article_modified_time":"2024-11-26T11:07:05+00:00","og_image":[{"width":475,"height":474,"url":"https:\/\/partsandpieces.nl\/wp-content\/uploads\/2020\/07\/Deurgreep-Ring-IJzer-Roest-verticaal-115mm.jpg","type":"image\/jpeg"}],"twitter_card":"summary_large_image","twitter_misc":{"Gesch\u00e4tzte Lesezeit":"1\u00a0Minute"},"schema":{"@context":"https:\/\/schema.org","@graph":[{"@type":"WebPage","@id":"https:\/\/partsandpieces.nl\/product\/deurgreep-ring-ijzer-roest-verticaal-115mm\/","url":"https:\/\/partsandpieces.nl\/product\/deurgreep-ring-ijzer-roest-verticaal-115mm\/","name":"T\u00fcrgriffring Rost vertikal","isPartOf":{"@id":"https:\/\/partsandpieces.nl\/#website"},"primaryImageOfPage":{"@id":"https:\/\/partsandpieces.nl\/product\/deurgreep-ring-ijzer-roest-verticaal-115mm\/#primaryimage"},"image":{"@id":"https:\/\/partsandpieces.nl\/product\/deurgreep-ring-ijzer-roest-verticaal-115mm\/#primaryimage"},"thumbnailUrl":"https:\/\/partsandpieces.nl\/wp-content\/uploads\/2020\/07\/Deurgreep-Ring-IJzer-Roest-verticaal-115mm.jpg","datePublished":"2020-07-13T12:53:45+00:00","dateModified":"2024-11-26T11:07:05+00:00","description":"T\u00fcrgriff Ring Eisen Rost vertikal 115 mm ist ein flacher T\u00fcrgriff mit Ring f\u00fcr M\u00f6belt\u00fcren. Der T\u00fcrgriff hat ein rostiges Antik-Finish.","breadcrumb":{"@id":"https:\/\/partsandpieces.nl\/product\/deurgreep-ring-ijzer-roest-verticaal-115mm\/#breadcrumb"},"inLanguage":"de","potentialAction":[{"@type":"ReadAction","target":["https:\/\/partsandpieces.nl\/product\/deurgreep-ring-ijzer-roest-verticaal-115mm\/"]}]},{"@type":"ImageObject","inLanguage":"de","@id":"https:\/\/partsandpieces.nl\/product\/deurgreep-ring-ijzer-roest-verticaal-115mm\/#primaryimage","url":"https:\/\/partsandpieces.nl\/wp-content\/uploads\/2020\/07\/Deurgreep-Ring-IJzer-Roest-verticaal-115mm.jpg","contentUrl":"https:\/\/partsandpieces.nl\/wp-content\/uploads\/2020\/07\/Deurgreep-Ring-IJzer-Roest-verticaal-115mm.jpg","width":475,"height":474,"caption":"Deurgreep Ring IJzer Roest verticaal 115mm"},{"@type":"BreadcrumbList","@id":"https:\/\/partsandpieces.nl\/product\/deurgreep-ring-ijzer-roest-verticaal-115mm\/#breadcrumb","itemListElement":[{"@type":"ListItem","position":1,"name":"Home","item":"https:\/\/partsandpieces.nl\/home\/"},{"@type":"ListItem","position":2,"name":"Winkel","item":"https:\/\/partsandpieces.nl\/winkel\/"},{"@type":"ListItem","position":3,"name":"Deurgreep Ring IJzer Roest verticaal 115mm"}]},{"@type":"WebSite","@id":"https:\/\/partsandpieces.nl\/#website","url":"https:\/\/partsandpieces.nl\/","name":"Teile &amp; St\u00fccke","description":"Alles f\u00fcr Ihre M\u00f6belrestaurierung und -pflege!","potentialAction":[{"@type":"SearchAction","target":{"@type":"EntryPoint","urlTemplate":"https:\/\/partsandpieces.nl\/?s={search_term_string}"},"query-input":{"@type":"PropertyValueSpecification","valueRequired":true,"valueName":"search_term_string"}}],"inLanguage":"de"}]}},"_links":{"self":[{"href":"https:\/\/partsandpieces.nl\/de\/wp-json\/wp\/v2\/product\/369","targetHints":{"allow":["GET"]}}],"collection":[{"href":"https:\/\/partsandpieces.nl\/de\/wp-json\/wp\/v2\/product"}],"about":[{"href":"https:\/\/partsandpieces.nl\/de\/wp-json\/wp\/v2\/types\/product"}],"wp:featuredmedia":[{"embeddable":true,"href":"https:\/\/partsandpieces.nl\/de\/wp-json\/wp\/v2\/media\/5332"}],"wp:attachment":[{"href":"https:\/\/partsandpieces.nl\/de\/wp-json\/wp\/v2\/media?parent=369"}],"wp:term":[{"taxonomy":"product_brand","embeddable":true,"href":"https:\/\/partsandpieces.nl\/de\/wp-json\/wp\/v2\/product_brand?post=369"},{"taxonomy":"product_cat","embeddable":true,"href":"https:\/\/partsandpieces.nl\/de\/wp-json\/wp\/v2\/product_cat?post=369"},{"taxonomy":"product_tag","embeddable":true,"href":"https:\/\/partsandpieces.nl\/de\/wp-json\/wp\/v2\/product_tag?post=369"}],"curies":[{"name":"wp","href":"https:\/\/api.w.org\/{rel}","templated":true}]}}