{"id":371,"date":"2020-07-13T12:56:28","date_gmt":"2020-07-13T12:56:28","guid":{"rendered":"https:\/\/partsandpieces.bonsaidev.nl\/?product=deurtrekker-ring-ijzer-ger-35x115"},"modified":"2026-01-12T10:20:44","modified_gmt":"2026-01-12T09:20:44","slug":"turgriffring-eisenrost-mit-schlusselloch-vertikal-115mm","status":"publish","type":"product","link":"https:\/\/partsandpieces.nl\/de\/product\/deurgreep-ring-ijzer-roest-met-sleutelgat-verticaal-115mm\/","title":{"rendered":"T\u00fcrgriff Ring Eisen Rost mit Schl\u00fcsselloch senkrecht 115mm"},"content":{"rendered":"<p><strong>T\u00fcrgriff Ring Eisen Rost mit Schl\u00fcsselloch senkrecht 115mm<\/strong> ist ein flacher T\u00fcrgriff mit Ring und Schl\u00fcsselloch f\u00fcr M\u00f6belt\u00fcren. Der T\u00fcrgriff hat ein rostiges Antik-Finish. Der Rost gibt nicht ab!<\/p>\n<p>Ich habe mehrere Artikel dieser Serie auf Lager: <a href=\"https:\/\/partsandpieces.nl\/de\/produkt\/schubladengriff-eisen-rost-horizontal-115mm\/\"><span style=\"text-decoration: underline;\">Schubladengriff horizontal<\/span><\/a>, <a href=\"https:\/\/partsandpieces.nl\/de\/produkt\/schlusselplatte-eisen-rost-horizontal-115mm\/\"><span style=\"text-decoration: underline;\">Schl\u00fcsselplatte horizontal<\/span><\/a>, <a href=\"https:\/\/partsandpieces.nl\/de\/produkt\/schlusselplatte-eisen-rost-vertikal-115mm\/\"><span style=\"text-decoration: underline;\">Schl\u00fcsselplatte vertikal<\/span><\/a>, <a href=\"https:\/\/partsandpieces.nl\/de\/produkt\/turgriffring-eisenrost-mit-schlusselloch-vertikal-115mm\/\"><span style=\"text-decoration: underline;\">T\u00fcrgriff vertikal mit Schl\u00fcsselloch<\/span><\/a> und <a href=\"https:\/\/partsandpieces.nl\/de\/produkt\/turgriffring-eisen-rost-vertikal-115mm\/\"><span style=\"text-decoration: underline;\">ohne Schl\u00fcsselloch<\/span><\/a>.<\/p>\n<p><strong>Ma\u00dfe<br \/>\n<\/strong>Der T\u00fcrgriff Ring Eisen Rost mit Schl\u00fcsselloch senkrecht 115mm hat eine Breite von 38mm und eine H\u00f6he von 115mm. Das Schl\u00fcsselloch ist 20 mm hoch. Der Durchmesser des Rings betr\u00e4gt 37 mm.<\/p>\n<p><strong>Bearbeiten<br \/>\n<\/strong>Sie k\u00f6nnen den T\u00fcrgriff mit blind montieren <span style=\"text-decoration: underline;\"><a href=\"https:\/\/partsandpieces.nl\/de\/produkt\/schraube-edelstahl-fur-blindmontageknopf-20x4mm-20-stuck\/\">Edelstahlschraube f\u00fcr Blindbefestigungsknopf (20x4mm)<\/a><\/span>. Ich schicke diese Schraube\u00a0<strong>FREI<\/strong>\u00a0mit Ihrer Bestellung.<\/p>","protected":false},"excerpt":{"rendered":"<p>Deurgreep Ring IJzer Roest met sleutelgat verticaal 115mm is een platte deurgreep met ring en sleutelgat voor meubeldeuren. De deurgreep heeft een geroeste antieke afwerking. De roest geeft niet af! Ik heb meerdere artikelen in deze serie op voorraad: Ladegreep horizontaal, Sleutelplaat horizontaal, Sleutelplaat verticaal, Deurgreep verticaal met sleutelgat en zonder sleutelgat. Afmetingen De Deurgreep [&hellip;]<\/p>\n","protected":false},"featured_media":5330,"template":"","meta":{"_acf_changed":false},"product_brand":[],"product_cat":[29,23,48],"product_tag":[],"class_list":{"0":"post-371","1":"product","2":"type-product","3":"status-publish","4":"has-post-thumbnail","6":"product_cat-deurtrekkers","7":"product_cat-meubelbeslag","8":"product_cat-sleutelplaten","10":"first","11":"instock","12":"taxable","13":"shipping-taxable","14":"purchasable","15":"product-type-simple"},"acf":[],"yoast_head":"<!-- This site is optimized with the Yoast SEO plugin v27.3 - https:\/\/yoast.com\/product\/yoast-seo-wordpress\/ -->\n<title>Deurgreep Ring Roest met sleutelgat<\/title>\n<meta name=\"description\" content=\"Deurgreep Ring IJzer Roest met sleutelgat verticaal 115mm is een deurgreep met ring en sleutelgat voor meubeldeuren. Heeft een geroeste antieke afwerking.\" \/>\n<meta name=\"robots\" content=\"index, follow, max-snippet:-1, max-image-preview:large, max-video-preview:-1\" \/>\n<link rel=\"canonical\" href=\"https:\/\/partsandpieces.nl\/de\/produkt\/turgriffring-eisenrost-mit-schlusselloch-vertikal-115mm\/\" \/>\n<meta property=\"og:locale\" content=\"de_DE\" \/>\n<meta property=\"og:type\" content=\"article\" \/>\n<meta property=\"og:title\" content=\"Deurgreep Ring Roest met sleutelgat\" \/>\n<meta property=\"og:description\" content=\"Deurgreep Ring IJzer Roest met sleutelgat verticaal 115mm is een deurgreep met ring en sleutelgat voor meubeldeuren. Heeft een geroeste antieke afwerking.\" \/>\n<meta property=\"og:url\" content=\"https:\/\/partsandpieces.nl\/de\/produkt\/turgriffring-eisenrost-mit-schlusselloch-vertikal-115mm\/\" \/>\n<meta property=\"og:site_name\" content=\"Parts &amp; Pieces\" \/>\n<meta property=\"article:modified_time\" content=\"2026-01-12T09:20:44+00:00\" \/>\n<meta property=\"og:image\" content=\"https:\/\/partsandpieces.nl\/wp-content\/uploads\/2020\/07\/Deurgreep-Ring-IJzer-Roest-met-sleutelgat-verticaal-115mm.jpg\" \/>\n\t<meta property=\"og:image:width\" content=\"480\" \/>\n\t<meta property=\"og:image:height\" content=\"480\" \/>\n\t<meta property=\"og:image:type\" content=\"image\/jpeg\" \/>\n<meta name=\"twitter:card\" content=\"summary_large_image\" \/>\n<meta name=\"twitter:label1\" content=\"Gesch\u00e4tzte Lesezeit\" \/>\n\t<meta name=\"twitter:data1\" content=\"1\u00a0Minute\" \/>\n<script type=\"application\/ld+json\" class=\"yoast-schema-graph\">{\"@context\":\"https:\\\/\\\/schema.org\",\"@graph\":[{\"@type\":\"WebPage\",\"@id\":\"https:\\\/\\\/partsandpieces.nl\\\/product\\\/deurgreep-ring-ijzer-roest-met-sleutelgat-verticaal-115mm\\\/\",\"url\":\"https:\\\/\\\/partsandpieces.nl\\\/product\\\/deurgreep-ring-ijzer-roest-met-sleutelgat-verticaal-115mm\\\/\",\"name\":\"Deurgreep Ring Roest met sleutelgat\",\"isPartOf\":{\"@id\":\"https:\\\/\\\/partsandpieces.nl\\\/#website\"},\"primaryImageOfPage\":{\"@id\":\"https:\\\/\\\/partsandpieces.nl\\\/product\\\/deurgreep-ring-ijzer-roest-met-sleutelgat-verticaal-115mm\\\/#primaryimage\"},\"image\":{\"@id\":\"https:\\\/\\\/partsandpieces.nl\\\/product\\\/deurgreep-ring-ijzer-roest-met-sleutelgat-verticaal-115mm\\\/#primaryimage\"},\"thumbnailUrl\":\"https:\\\/\\\/partsandpieces.nl\\\/wp-content\\\/uploads\\\/2020\\\/07\\\/Deurgreep-Ring-IJzer-Roest-met-sleutelgat-verticaal-115mm.jpg\",\"datePublished\":\"2020-07-13T12:56:28+00:00\",\"dateModified\":\"2026-01-12T09:20:44+00:00\",\"description\":\"Deurgreep Ring IJzer Roest met sleutelgat verticaal 115mm is een deurgreep met ring en sleutelgat voor meubeldeuren. Heeft een geroeste antieke afwerking.\",\"breadcrumb\":{\"@id\":\"https:\\\/\\\/partsandpieces.nl\\\/product\\\/deurgreep-ring-ijzer-roest-met-sleutelgat-verticaal-115mm\\\/#breadcrumb\"},\"inLanguage\":\"de\",\"potentialAction\":[{\"@type\":\"ReadAction\",\"target\":[\"https:\\\/\\\/partsandpieces.nl\\\/product\\\/deurgreep-ring-ijzer-roest-met-sleutelgat-verticaal-115mm\\\/\"]}]},{\"@type\":\"ImageObject\",\"inLanguage\":\"de\",\"@id\":\"https:\\\/\\\/partsandpieces.nl\\\/product\\\/deurgreep-ring-ijzer-roest-met-sleutelgat-verticaal-115mm\\\/#primaryimage\",\"url\":\"https:\\\/\\\/partsandpieces.nl\\\/wp-content\\\/uploads\\\/2020\\\/07\\\/Deurgreep-Ring-IJzer-Roest-met-sleutelgat-verticaal-115mm.jpg\",\"contentUrl\":\"https:\\\/\\\/partsandpieces.nl\\\/wp-content\\\/uploads\\\/2020\\\/07\\\/Deurgreep-Ring-IJzer-Roest-met-sleutelgat-verticaal-115mm.jpg\",\"width\":480,\"height\":480,\"caption\":\"Deurgreep Ring IJzer Roest met sleutelgat verticaal 115mm\"},{\"@type\":\"BreadcrumbList\",\"@id\":\"https:\\\/\\\/partsandpieces.nl\\\/product\\\/deurgreep-ring-ijzer-roest-met-sleutelgat-verticaal-115mm\\\/#breadcrumb\",\"itemListElement\":[{\"@type\":\"ListItem\",\"position\":1,\"name\":\"Home\",\"item\":\"https:\\\/\\\/partsandpieces.nl\\\/home\\\/\"},{\"@type\":\"ListItem\",\"position\":2,\"name\":\"Winkel\",\"item\":\"https:\\\/\\\/partsandpieces.nl\\\/winkel\\\/\"},{\"@type\":\"ListItem\",\"position\":3,\"name\":\"Deurgreep Ring IJzer Roest met sleutelgat verticaal 115mm\"}]},{\"@type\":\"WebSite\",\"@id\":\"https:\\\/\\\/partsandpieces.nl\\\/#website\",\"url\":\"https:\\\/\\\/partsandpieces.nl\\\/\",\"name\":\"Parts &amp; Pieces\",\"description\":\"Alles voor uw meubelrestauratie en -onderhoud!\",\"potentialAction\":[{\"@type\":\"SearchAction\",\"target\":{\"@type\":\"EntryPoint\",\"urlTemplate\":\"https:\\\/\\\/partsandpieces.nl\\\/?s={search_term_string}\"},\"query-input\":{\"@type\":\"PropertyValueSpecification\",\"valueRequired\":true,\"valueName\":\"search_term_string\"}}],\"inLanguage\":\"de\"}]}<\/script>\n<!-- \/ Yoast SEO plugin. -->","yoast_head_json":{"title":"T\u00fcrgriffring Rost mit Schl\u00fcsselloch","description":"T\u00fcrgriff Ring Eisen Rost mit Schl\u00fcsselloch vertikal 115mm ist ein T\u00fcrgriff mit Ring und Schl\u00fcsselloch f\u00fcr M\u00f6belt\u00fcren. Hat ein verrostetes Antik-Finish.","robots":{"index":"index","follow":"follow","max-snippet":"max-snippet:-1","max-image-preview":"max-image-preview:large","max-video-preview":"max-video-preview:-1"},"canonical":"https:\/\/partsandpieces.nl\/de\/produkt\/turgriffring-eisenrost-mit-schlusselloch-vertikal-115mm\/","og_locale":"de_DE","og_type":"article","og_title":"Deurgreep Ring Roest met sleutelgat","og_description":"Deurgreep Ring IJzer Roest met sleutelgat verticaal 115mm is een deurgreep met ring en sleutelgat voor meubeldeuren. Heeft een geroeste antieke afwerking.","og_url":"https:\/\/partsandpieces.nl\/de\/produkt\/turgriffring-eisenrost-mit-schlusselloch-vertikal-115mm\/","og_site_name":"Parts &amp; Pieces","article_modified_time":"2026-01-12T09:20:44+00:00","og_image":[{"width":480,"height":480,"url":"https:\/\/partsandpieces.nl\/wp-content\/uploads\/2020\/07\/Deurgreep-Ring-IJzer-Roest-met-sleutelgat-verticaal-115mm.jpg","type":"image\/jpeg"}],"twitter_card":"summary_large_image","twitter_misc":{"Gesch\u00e4tzte Lesezeit":"1\u00a0Minute"},"schema":{"@context":"https:\/\/schema.org","@graph":[{"@type":"WebPage","@id":"https:\/\/partsandpieces.nl\/product\/deurgreep-ring-ijzer-roest-met-sleutelgat-verticaal-115mm\/","url":"https:\/\/partsandpieces.nl\/product\/deurgreep-ring-ijzer-roest-met-sleutelgat-verticaal-115mm\/","name":"T\u00fcrgriffring Rost mit Schl\u00fcsselloch","isPartOf":{"@id":"https:\/\/partsandpieces.nl\/#website"},"primaryImageOfPage":{"@id":"https:\/\/partsandpieces.nl\/product\/deurgreep-ring-ijzer-roest-met-sleutelgat-verticaal-115mm\/#primaryimage"},"image":{"@id":"https:\/\/partsandpieces.nl\/product\/deurgreep-ring-ijzer-roest-met-sleutelgat-verticaal-115mm\/#primaryimage"},"thumbnailUrl":"https:\/\/partsandpieces.nl\/wp-content\/uploads\/2020\/07\/Deurgreep-Ring-IJzer-Roest-met-sleutelgat-verticaal-115mm.jpg","datePublished":"2020-07-13T12:56:28+00:00","dateModified":"2026-01-12T09:20:44+00:00","description":"T\u00fcrgriff Ring Eisen Rost mit Schl\u00fcsselloch vertikal 115mm ist ein T\u00fcrgriff mit Ring und Schl\u00fcsselloch f\u00fcr M\u00f6belt\u00fcren. Hat ein verrostetes Antik-Finish.","breadcrumb":{"@id":"https:\/\/partsandpieces.nl\/product\/deurgreep-ring-ijzer-roest-met-sleutelgat-verticaal-115mm\/#breadcrumb"},"inLanguage":"de","potentialAction":[{"@type":"ReadAction","target":["https:\/\/partsandpieces.nl\/product\/deurgreep-ring-ijzer-roest-met-sleutelgat-verticaal-115mm\/"]}]},{"@type":"ImageObject","inLanguage":"de","@id":"https:\/\/partsandpieces.nl\/product\/deurgreep-ring-ijzer-roest-met-sleutelgat-verticaal-115mm\/#primaryimage","url":"https:\/\/partsandpieces.nl\/wp-content\/uploads\/2020\/07\/Deurgreep-Ring-IJzer-Roest-met-sleutelgat-verticaal-115mm.jpg","contentUrl":"https:\/\/partsandpieces.nl\/wp-content\/uploads\/2020\/07\/Deurgreep-Ring-IJzer-Roest-met-sleutelgat-verticaal-115mm.jpg","width":480,"height":480,"caption":"Deurgreep Ring IJzer Roest met sleutelgat verticaal 115mm"},{"@type":"BreadcrumbList","@id":"https:\/\/partsandpieces.nl\/product\/deurgreep-ring-ijzer-roest-met-sleutelgat-verticaal-115mm\/#breadcrumb","itemListElement":[{"@type":"ListItem","position":1,"name":"Home","item":"https:\/\/partsandpieces.nl\/home\/"},{"@type":"ListItem","position":2,"name":"Winkel","item":"https:\/\/partsandpieces.nl\/winkel\/"},{"@type":"ListItem","position":3,"name":"Deurgreep Ring IJzer Roest met sleutelgat verticaal 115mm"}]},{"@type":"WebSite","@id":"https:\/\/partsandpieces.nl\/#website","url":"https:\/\/partsandpieces.nl\/","name":"Teile &amp; St\u00fccke","description":"Alles f\u00fcr Ihre M\u00f6belrestaurierung und -pflege!","potentialAction":[{"@type":"SearchAction","target":{"@type":"EntryPoint","urlTemplate":"https:\/\/partsandpieces.nl\/?s={search_term_string}"},"query-input":{"@type":"PropertyValueSpecification","valueRequired":true,"valueName":"search_term_string"}}],"inLanguage":"de"}]}},"_links":{"self":[{"href":"https:\/\/partsandpieces.nl\/de\/wp-json\/wp\/v2\/product\/371","targetHints":{"allow":["GET"]}}],"collection":[{"href":"https:\/\/partsandpieces.nl\/de\/wp-json\/wp\/v2\/product"}],"about":[{"href":"https:\/\/partsandpieces.nl\/de\/wp-json\/wp\/v2\/types\/product"}],"wp:featuredmedia":[{"embeddable":true,"href":"https:\/\/partsandpieces.nl\/de\/wp-json\/wp\/v2\/media\/5330"}],"wp:attachment":[{"href":"https:\/\/partsandpieces.nl\/de\/wp-json\/wp\/v2\/media?parent=371"}],"wp:term":[{"taxonomy":"product_brand","embeddable":true,"href":"https:\/\/partsandpieces.nl\/de\/wp-json\/wp\/v2\/product_brand?post=371"},{"taxonomy":"product_cat","embeddable":true,"href":"https:\/\/partsandpieces.nl\/de\/wp-json\/wp\/v2\/product_cat?post=371"},{"taxonomy":"product_tag","embeddable":true,"href":"https:\/\/partsandpieces.nl\/de\/wp-json\/wp\/v2\/product_tag?post=371"}],"curies":[{"name":"wp","href":"https:\/\/api.w.org\/{rel}","templated":true}]}}