{"id":375,"date":"2020-07-13T13:01:12","date_gmt":"2020-07-13T11:01:12","guid":{"rendered":"https:\/\/partsandpieces.bonsaidev.nl\/?product=deurtrekker-messing-antique-31x92mm"},"modified":"2025-07-09T20:57:40","modified_gmt":"2025-07-09T18:57:40","slug":"turgriff-messing-antik-vertikal-mit-schlusselloch-blumenregen-30x85mm","status":"publish","type":"product","link":"https:\/\/partsandpieces.nl\/de\/product\/deurgreep-messing-antiek-verticaal-met-sleutelgat-bloemenregen-30x85mm\/","title":{"rendered":"T\u00fcrgriff Messing antik vertikal mit Schl\u00fcsselloch &#039;Blumenregen&#039; 30x85mm"},"content":{"rendered":"<p><strong>T\u00fcrgriff Messing antik vertikal mit Schl\u00fcsselloch &#039;Blumenregen&#039; 30x85mm<\/strong> ist ein wundersch\u00f6ner Schubladengriff mit antikem Messingfinish. Der Griff ist mit einem Blumenmuster verziert. Dieser Griff passt gut an Ihre antike oder klassische M\u00f6belt\u00fcr.<\/p>\n<p><strong>Ma\u00dfe<br \/>\n<\/strong>T\u00fcrgriff Messing antik vertikal mit Schl\u00fcsselloch &#039;Blumenregen&#039; 30x85mm ist insgesamt 85mm hoch und 30mm breit. Nach der Installation steht dieser Griff 13 mm hervor. Das Schl\u00fcsselloch ist 20 mm hoch.<\/p>\n<p><strong>Bearbeiten<br \/>\n<\/strong>Sie k\u00f6nnen den Griff mit montieren\u00a0<span style=\"text-decoration: underline;\"><a href=\"https:\/\/partsandpieces.nl\/de\/produkt\/schrauben-mit-rundkopf-antikbronze-mit-schlitz-2-x-14-mm\/\">Schraube Rundkopf Antik Bronze mit Schlitz (2x14mm)<\/a><\/span>. Ich schicke diese Schrauben\u00a0<strong>FREI<\/strong>\u00a0mit Ihrer Bestellung.<\/p>","protected":false},"excerpt":{"rendered":"<p>Deurgreep Messing antiek verticaal met sleutelgat &#8216;Bloemenregen&#8217; 30x85mm is een mooie ladegreep met een antieke messing afwerking. De greep is versierd met een bloemmotief. Deze greep past goed op je antieke of klassieke meubeldeur. Afmetingen Deurgreep Messing antiek verticaal met sleutelgat &#8216;Bloemenregen&#8217; 30x85mm is in zijn geheel 85mm hoog en 30mm breed. Na montage steekt [&hellip;]<\/p>\n","protected":false},"featured_media":7875,"template":"","meta":{"_acf_changed":false},"product_brand":[],"product_cat":[29,23,48],"product_tag":[],"class_list":{"0":"post-375","1":"product","2":"type-product","3":"status-publish","4":"has-post-thumbnail","6":"product_cat-deurtrekkers","7":"product_cat-meubelbeslag","8":"product_cat-sleutelplaten","10":"first","11":"instock","12":"taxable","13":"shipping-taxable","14":"purchasable","15":"product-type-simple"},"acf":[],"yoast_head":"<!-- This site is optimized with the Yoast SEO plugin v27.3 - https:\/\/yoast.com\/product\/yoast-seo-wordpress\/ -->\n<title>Deurgreep Messing antiek verticaal met sleutelgat &#039;Bloemenregen&#039;<\/title>\n<meta name=\"description\" content=\"Deurgreep Messing antiek verticaal met sleutelgat &#039;Bloemenregen&#039; 30x85mm heeft een antieke messing afwerking. Versierd met een bloemmotief.\" \/>\n<meta name=\"robots\" content=\"index, follow, max-snippet:-1, max-image-preview:large, max-video-preview:-1\" \/>\n<link rel=\"canonical\" href=\"https:\/\/partsandpieces.nl\/de\/produkt\/turgriff-messing-antik-vertikal-mit-schlusselloch-blumenregen-30x85mm\/\" \/>\n<meta property=\"og:locale\" content=\"de_DE\" \/>\n<meta property=\"og:type\" content=\"article\" \/>\n<meta property=\"og:title\" content=\"Deurgreep Messing antiek verticaal met sleutelgat &#039;Bloemenregen&#039;\" \/>\n<meta property=\"og:description\" content=\"Deurgreep Messing antiek verticaal met sleutelgat &#039;Bloemenregen&#039; 30x85mm heeft een antieke messing afwerking. Versierd met een bloemmotief.\" \/>\n<meta property=\"og:url\" content=\"https:\/\/partsandpieces.nl\/de\/produkt\/turgriff-messing-antik-vertikal-mit-schlusselloch-blumenregen-30x85mm\/\" \/>\n<meta property=\"og:site_name\" content=\"Parts &amp; Pieces\" \/>\n<meta property=\"article:modified_time\" content=\"2025-07-09T18:57:40+00:00\" \/>\n<meta property=\"og:image\" content=\"https:\/\/partsandpieces.nl\/wp-content\/uploads\/2020\/07\/Deurgreep-Messing-antiek-verticaal-met-sleutelgat-Bloemenregen-30x85mm.jpg\" \/>\n\t<meta property=\"og:image:width\" content=\"400\" \/>\n\t<meta property=\"og:image:height\" content=\"400\" \/>\n\t<meta property=\"og:image:type\" content=\"image\/jpeg\" \/>\n<meta name=\"twitter:card\" content=\"summary_large_image\" \/>\n<meta name=\"twitter:label1\" content=\"Gesch\u00e4tzte Lesezeit\" \/>\n\t<meta name=\"twitter:data1\" content=\"1\u00a0Minute\" \/>\n<script type=\"application\/ld+json\" class=\"yoast-schema-graph\">{\"@context\":\"https:\\\/\\\/schema.org\",\"@graph\":[{\"@type\":\"WebPage\",\"@id\":\"https:\\\/\\\/partsandpieces.nl\\\/product\\\/deurgreep-messing-antiek-verticaal-met-sleutelgat-bloemenregen-30x85mm\\\/\",\"url\":\"https:\\\/\\\/partsandpieces.nl\\\/product\\\/deurgreep-messing-antiek-verticaal-met-sleutelgat-bloemenregen-30x85mm\\\/\",\"name\":\"Deurgreep Messing antiek verticaal met sleutelgat 'Bloemenregen'\",\"isPartOf\":{\"@id\":\"https:\\\/\\\/partsandpieces.nl\\\/#website\"},\"primaryImageOfPage\":{\"@id\":\"https:\\\/\\\/partsandpieces.nl\\\/product\\\/deurgreep-messing-antiek-verticaal-met-sleutelgat-bloemenregen-30x85mm\\\/#primaryimage\"},\"image\":{\"@id\":\"https:\\\/\\\/partsandpieces.nl\\\/product\\\/deurgreep-messing-antiek-verticaal-met-sleutelgat-bloemenregen-30x85mm\\\/#primaryimage\"},\"thumbnailUrl\":\"https:\\\/\\\/partsandpieces.nl\\\/wp-content\\\/uploads\\\/2020\\\/07\\\/Deurgreep-Messing-antiek-verticaal-met-sleutelgat-Bloemenregen-30x85mm.jpg\",\"datePublished\":\"2020-07-13T11:01:12+00:00\",\"dateModified\":\"2025-07-09T18:57:40+00:00\",\"description\":\"Deurgreep Messing antiek verticaal met sleutelgat 'Bloemenregen' 30x85mm heeft een antieke messing afwerking. Versierd met een bloemmotief.\",\"breadcrumb\":{\"@id\":\"https:\\\/\\\/partsandpieces.nl\\\/product\\\/deurgreep-messing-antiek-verticaal-met-sleutelgat-bloemenregen-30x85mm\\\/#breadcrumb\"},\"inLanguage\":\"de\",\"potentialAction\":[{\"@type\":\"ReadAction\",\"target\":[\"https:\\\/\\\/partsandpieces.nl\\\/product\\\/deurgreep-messing-antiek-verticaal-met-sleutelgat-bloemenregen-30x85mm\\\/\"]}]},{\"@type\":\"ImageObject\",\"inLanguage\":\"de\",\"@id\":\"https:\\\/\\\/partsandpieces.nl\\\/product\\\/deurgreep-messing-antiek-verticaal-met-sleutelgat-bloemenregen-30x85mm\\\/#primaryimage\",\"url\":\"https:\\\/\\\/partsandpieces.nl\\\/wp-content\\\/uploads\\\/2020\\\/07\\\/Deurgreep-Messing-antiek-verticaal-met-sleutelgat-Bloemenregen-30x85mm.jpg\",\"contentUrl\":\"https:\\\/\\\/partsandpieces.nl\\\/wp-content\\\/uploads\\\/2020\\\/07\\\/Deurgreep-Messing-antiek-verticaal-met-sleutelgat-Bloemenregen-30x85mm.jpg\",\"width\":400,\"height\":400,\"caption\":\"Deurgreep Messing antiek verticaal met sleutelgat 'Bloemenregen' 30x85mm\"},{\"@type\":\"BreadcrumbList\",\"@id\":\"https:\\\/\\\/partsandpieces.nl\\\/product\\\/deurgreep-messing-antiek-verticaal-met-sleutelgat-bloemenregen-30x85mm\\\/#breadcrumb\",\"itemListElement\":[{\"@type\":\"ListItem\",\"position\":1,\"name\":\"Home\",\"item\":\"https:\\\/\\\/partsandpieces.nl\\\/home\\\/\"},{\"@type\":\"ListItem\",\"position\":2,\"name\":\"Winkel\",\"item\":\"https:\\\/\\\/partsandpieces.nl\\\/winkel\\\/\"},{\"@type\":\"ListItem\",\"position\":3,\"name\":\"Deurgreep Messing antiek verticaal met sleutelgat &#8216;Bloemenregen&#8217; 30x85mm\"}]},{\"@type\":\"WebSite\",\"@id\":\"https:\\\/\\\/partsandpieces.nl\\\/#website\",\"url\":\"https:\\\/\\\/partsandpieces.nl\\\/\",\"name\":\"Parts &amp; Pieces\",\"description\":\"Alles voor uw meubelrestauratie en -onderhoud!\",\"potentialAction\":[{\"@type\":\"SearchAction\",\"target\":{\"@type\":\"EntryPoint\",\"urlTemplate\":\"https:\\\/\\\/partsandpieces.nl\\\/?s={search_term_string}\"},\"query-input\":{\"@type\":\"PropertyValueSpecification\",\"valueRequired\":true,\"valueName\":\"search_term_string\"}}],\"inLanguage\":\"de\"}]}<\/script>\n<!-- \/ Yoast SEO plugin. -->","yoast_head_json":{"title":"T\u00fcrgriff Messing antik vertikal mit Schl\u00fcsselloch &#039;Blumenregen&#039;","description":"T\u00fcrgriff Messing antik vertikal mit Schl\u00fcsselloch \u201eBlumenregen\u201c 30x85mm hat ein antikes Messingfinish. Mit Blumenmuster verziert.","robots":{"index":"index","follow":"follow","max-snippet":"max-snippet:-1","max-image-preview":"max-image-preview:large","max-video-preview":"max-video-preview:-1"},"canonical":"https:\/\/partsandpieces.nl\/de\/produkt\/turgriff-messing-antik-vertikal-mit-schlusselloch-blumenregen-30x85mm\/","og_locale":"de_DE","og_type":"article","og_title":"Deurgreep Messing antiek verticaal met sleutelgat 'Bloemenregen'","og_description":"Deurgreep Messing antiek verticaal met sleutelgat 'Bloemenregen' 30x85mm heeft een antieke messing afwerking. Versierd met een bloemmotief.","og_url":"https:\/\/partsandpieces.nl\/de\/produkt\/turgriff-messing-antik-vertikal-mit-schlusselloch-blumenregen-30x85mm\/","og_site_name":"Parts &amp; Pieces","article_modified_time":"2025-07-09T18:57:40+00:00","og_image":[{"width":400,"height":400,"url":"https:\/\/partsandpieces.nl\/wp-content\/uploads\/2020\/07\/Deurgreep-Messing-antiek-verticaal-met-sleutelgat-Bloemenregen-30x85mm.jpg","type":"image\/jpeg"}],"twitter_card":"summary_large_image","twitter_misc":{"Gesch\u00e4tzte Lesezeit":"1\u00a0Minute"},"schema":{"@context":"https:\/\/schema.org","@graph":[{"@type":"WebPage","@id":"https:\/\/partsandpieces.nl\/product\/deurgreep-messing-antiek-verticaal-met-sleutelgat-bloemenregen-30x85mm\/","url":"https:\/\/partsandpieces.nl\/product\/deurgreep-messing-antiek-verticaal-met-sleutelgat-bloemenregen-30x85mm\/","name":"T\u00fcrgriff Messing antik vertikal mit Schl\u00fcsselloch &#039;Blumenregen&#039;","isPartOf":{"@id":"https:\/\/partsandpieces.nl\/#website"},"primaryImageOfPage":{"@id":"https:\/\/partsandpieces.nl\/product\/deurgreep-messing-antiek-verticaal-met-sleutelgat-bloemenregen-30x85mm\/#primaryimage"},"image":{"@id":"https:\/\/partsandpieces.nl\/product\/deurgreep-messing-antiek-verticaal-met-sleutelgat-bloemenregen-30x85mm\/#primaryimage"},"thumbnailUrl":"https:\/\/partsandpieces.nl\/wp-content\/uploads\/2020\/07\/Deurgreep-Messing-antiek-verticaal-met-sleutelgat-Bloemenregen-30x85mm.jpg","datePublished":"2020-07-13T11:01:12+00:00","dateModified":"2025-07-09T18:57:40+00:00","description":"T\u00fcrgriff Messing antik vertikal mit Schl\u00fcsselloch \u201eBlumenregen\u201c 30x85mm hat ein antikes Messingfinish. Mit Blumenmuster verziert.","breadcrumb":{"@id":"https:\/\/partsandpieces.nl\/product\/deurgreep-messing-antiek-verticaal-met-sleutelgat-bloemenregen-30x85mm\/#breadcrumb"},"inLanguage":"de","potentialAction":[{"@type":"ReadAction","target":["https:\/\/partsandpieces.nl\/product\/deurgreep-messing-antiek-verticaal-met-sleutelgat-bloemenregen-30x85mm\/"]}]},{"@type":"ImageObject","inLanguage":"de","@id":"https:\/\/partsandpieces.nl\/product\/deurgreep-messing-antiek-verticaal-met-sleutelgat-bloemenregen-30x85mm\/#primaryimage","url":"https:\/\/partsandpieces.nl\/wp-content\/uploads\/2020\/07\/Deurgreep-Messing-antiek-verticaal-met-sleutelgat-Bloemenregen-30x85mm.jpg","contentUrl":"https:\/\/partsandpieces.nl\/wp-content\/uploads\/2020\/07\/Deurgreep-Messing-antiek-verticaal-met-sleutelgat-Bloemenregen-30x85mm.jpg","width":400,"height":400,"caption":"Deurgreep Messing antiek verticaal met sleutelgat 'Bloemenregen' 30x85mm"},{"@type":"BreadcrumbList","@id":"https:\/\/partsandpieces.nl\/product\/deurgreep-messing-antiek-verticaal-met-sleutelgat-bloemenregen-30x85mm\/#breadcrumb","itemListElement":[{"@type":"ListItem","position":1,"name":"Home","item":"https:\/\/partsandpieces.nl\/home\/"},{"@type":"ListItem","position":2,"name":"Winkel","item":"https:\/\/partsandpieces.nl\/winkel\/"},{"@type":"ListItem","position":3,"name":"Deurgreep Messing antiek verticaal met sleutelgat &#8216;Bloemenregen&#8217; 30x85mm"}]},{"@type":"WebSite","@id":"https:\/\/partsandpieces.nl\/#website","url":"https:\/\/partsandpieces.nl\/","name":"Teile &amp; St\u00fccke","description":"Alles f\u00fcr Ihre M\u00f6belrestaurierung und -pflege!","potentialAction":[{"@type":"SearchAction","target":{"@type":"EntryPoint","urlTemplate":"https:\/\/partsandpieces.nl\/?s={search_term_string}"},"query-input":{"@type":"PropertyValueSpecification","valueRequired":true,"valueName":"search_term_string"}}],"inLanguage":"de"}]}},"_links":{"self":[{"href":"https:\/\/partsandpieces.nl\/de\/wp-json\/wp\/v2\/product\/375","targetHints":{"allow":["GET"]}}],"collection":[{"href":"https:\/\/partsandpieces.nl\/de\/wp-json\/wp\/v2\/product"}],"about":[{"href":"https:\/\/partsandpieces.nl\/de\/wp-json\/wp\/v2\/types\/product"}],"wp:featuredmedia":[{"embeddable":true,"href":"https:\/\/partsandpieces.nl\/de\/wp-json\/wp\/v2\/media\/7875"}],"wp:attachment":[{"href":"https:\/\/partsandpieces.nl\/de\/wp-json\/wp\/v2\/media?parent=375"}],"wp:term":[{"taxonomy":"product_brand","embeddable":true,"href":"https:\/\/partsandpieces.nl\/de\/wp-json\/wp\/v2\/product_brand?post=375"},{"taxonomy":"product_cat","embeddable":true,"href":"https:\/\/partsandpieces.nl\/de\/wp-json\/wp\/v2\/product_cat?post=375"},{"taxonomy":"product_tag","embeddable":true,"href":"https:\/\/partsandpieces.nl\/de\/wp-json\/wp\/v2\/product_tag?post=375"}],"curies":[{"name":"wp","href":"https:\/\/api.w.org\/{rel}","templated":true}]}}