{"id":387,"date":"2020-07-13T13:45:06","date_gmt":"2020-07-13T13:45:06","guid":{"rendered":"https:\/\/partsandpieces.bonsaidev.nl\/?product=greep-brons-ant-125x15mm-96"},"modified":"2026-03-24T15:45:15","modified_gmt":"2026-03-24T14:45:15","slug":"griff-bronze-antik-64mm","status":"publish","type":"product","link":"https:\/\/partsandpieces.nl\/de\/product\/greep-brons-antiek-64mm\/","title":{"rendered":"Griff Bronze antik 64mm"},"content":{"rendered":"<p><strong>Griff Bronze antik 64mm<\/strong> ist ein leiser M\u00f6belgriff mit mattem Antikbronze-Finish. Der Griff ist von vorne leicht oval geformt. Aufgrund der raffinierten abgerundeten Formen passt dieser Griff zu vielen verschiedenen klassischen und antiken M\u00f6belst\u00fccken. Der Griff besteht aus Zamak*.<\/p>\n<p>Dieser hochwertige Griff wird in Italien hergestellt.<\/p>\n<p><strong>Ma\u00dfe<br \/>\n<\/strong>Griff Bronze antik 64mm ist insgesamt 92mm breit. Nach der Installation ragt dieser Griff ca. 21 mm hervor. Die F\u00fc\u00dfe des Griffs sind 19x17mm gro\u00df und die Bohrl\u00f6cher haben einen Abstand von 64mm.<\/p>\n<p><strong>Bearbeiten<br \/>\n<\/strong>Sie k\u00f6nnen den Griff mit blind montieren\u00a0<span style=\"text-decoration: underline;\"><a href=\"https:\/\/partsandpieces.nl\/de\/produkt\/schraube-edelstahl-zur-blindmontage-von-mobelbeschlagen-45x4mm-20-stuck\/\">Edelstahlschraube zur Blindbefestigung von M\u00f6belbeschl\u00e4gen (45x4mm)<\/a><\/span>. Ich schicke diese Schrauben\u00a0<strong>FREI<\/strong>\u00a0mit Ihrer Bestellung.<\/p>\n<p>* Zamak ist eine Legierung mit Zink als Hauptbestandteil. Es hat einen relativ niedrigen Schmelzpunkt und ist leicht zu gie\u00dfen. Der Name ist ein Akronym, abgeleitet von den Anfangsbuchstaben der deutschen Bezeichnungen f\u00fcr die Metalle, aus denen sich der Werkstoff zusammensetzt: Zink, Aluminium, MAGnesium, Kupfer. Zamak wird in der Auto- und M\u00f6belindustrie f\u00fcr T\u00fcrgriffe, Griffe, Logos und Zierleisten verwendet. Es wird auch h\u00e4ufig als Ersatz f\u00fcr das giftige Blei verwendet.<\/p>","protected":false},"excerpt":{"rendered":"<p>Greep Brons antiek 64mm is een rustige meubelgreep met een mat antiek brons afwerking. De greep is van de voorkant enigszins ovaal van vorm. Door de verfijnde afgeronde vormen past deze greep op heel veel verschillende klassieke en antieke meubelstukken. De greep is gemaakt van zamak*. Deze kwalitatief uitstekende greep is gemaakt in Itali\u00eb. Afmetingen [&hellip;]<\/p>\n","protected":false},"featured_media":5566,"template":"","meta":{"_acf_changed":false},"product_brand":[],"product_cat":[29,41,23],"product_tag":[],"class_list":{"0":"post-387","1":"product","2":"type-product","3":"status-publish","4":"has-post-thumbnail","6":"product_cat-deurtrekkers","7":"product_cat-ladetrekkers","8":"product_cat-meubelbeslag","10":"first","11":"instock","12":"taxable","13":"shipping-taxable","14":"purchasable","15":"product-type-simple"},"acf":[],"yoast_head":"<!-- This site is optimized with the Yoast SEO plugin v27.3 - https:\/\/yoast.com\/product\/yoast-seo-wordpress\/ -->\n<title>Greep Brons antiek 64mm<\/title>\n<meta name=\"description\" content=\"Greep Brons antiek 64mm is een rustige meubelgreep met een mat antiek brons afwerking. De greep past op heel veel verschillende klassieke meubelstukken.\" \/>\n<meta name=\"robots\" content=\"index, follow, max-snippet:-1, max-image-preview:large, max-video-preview:-1\" \/>\n<link rel=\"canonical\" href=\"https:\/\/partsandpieces.nl\/de\/produkt\/griff-bronze-antik-64mm\/\" \/>\n<meta property=\"og:locale\" content=\"de_DE\" \/>\n<meta property=\"og:type\" content=\"article\" \/>\n<meta property=\"og:title\" content=\"Greep Brons antiek 64mm\" \/>\n<meta property=\"og:description\" content=\"Greep Brons antiek 64mm is een rustige meubelgreep met een mat antiek brons afwerking. De greep past op heel veel verschillende klassieke meubelstukken.\" \/>\n<meta property=\"og:url\" content=\"https:\/\/partsandpieces.nl\/de\/produkt\/griff-bronze-antik-64mm\/\" \/>\n<meta property=\"og:site_name\" content=\"Parts &amp; Pieces\" \/>\n<meta property=\"article:modified_time\" content=\"2026-03-24T14:45:15+00:00\" \/>\n<meta property=\"og:image\" content=\"https:\/\/partsandpieces.nl\/wp-content\/uploads\/2020\/07\/Greep-Brons-antiek-92mm.jpg\" \/>\n\t<meta property=\"og:image:width\" content=\"480\" \/>\n\t<meta property=\"og:image:height\" content=\"480\" \/>\n\t<meta property=\"og:image:type\" content=\"image\/jpeg\" \/>\n<meta name=\"twitter:card\" content=\"summary_large_image\" \/>\n<meta name=\"twitter:label1\" content=\"Gesch\u00e4tzte Lesezeit\" \/>\n\t<meta name=\"twitter:data1\" content=\"1\u00a0Minute\" \/>\n<script type=\"application\/ld+json\" class=\"yoast-schema-graph\">{\"@context\":\"https:\\\/\\\/schema.org\",\"@graph\":[{\"@type\":\"WebPage\",\"@id\":\"https:\\\/\\\/partsandpieces.nl\\\/product\\\/greep-brons-antiek-64mm\\\/\",\"url\":\"https:\\\/\\\/partsandpieces.nl\\\/product\\\/greep-brons-antiek-64mm\\\/\",\"name\":\"Greep Brons antiek 64mm\",\"isPartOf\":{\"@id\":\"https:\\\/\\\/partsandpieces.nl\\\/#website\"},\"primaryImageOfPage\":{\"@id\":\"https:\\\/\\\/partsandpieces.nl\\\/product\\\/greep-brons-antiek-64mm\\\/#primaryimage\"},\"image\":{\"@id\":\"https:\\\/\\\/partsandpieces.nl\\\/product\\\/greep-brons-antiek-64mm\\\/#primaryimage\"},\"thumbnailUrl\":\"https:\\\/\\\/partsandpieces.nl\\\/wp-content\\\/uploads\\\/2020\\\/07\\\/Greep-Brons-antiek-92mm.jpg\",\"datePublished\":\"2020-07-13T13:45:06+00:00\",\"dateModified\":\"2026-03-24T14:45:15+00:00\",\"description\":\"Greep Brons antiek 64mm is een rustige meubelgreep met een mat antiek brons afwerking. De greep past op heel veel verschillende klassieke meubelstukken.\",\"breadcrumb\":{\"@id\":\"https:\\\/\\\/partsandpieces.nl\\\/product\\\/greep-brons-antiek-64mm\\\/#breadcrumb\"},\"inLanguage\":\"de\",\"potentialAction\":[{\"@type\":\"ReadAction\",\"target\":[\"https:\\\/\\\/partsandpieces.nl\\\/product\\\/greep-brons-antiek-64mm\\\/\"]}]},{\"@type\":\"ImageObject\",\"inLanguage\":\"de\",\"@id\":\"https:\\\/\\\/partsandpieces.nl\\\/product\\\/greep-brons-antiek-64mm\\\/#primaryimage\",\"url\":\"https:\\\/\\\/partsandpieces.nl\\\/wp-content\\\/uploads\\\/2020\\\/07\\\/Greep-Brons-antiek-92mm.jpg\",\"contentUrl\":\"https:\\\/\\\/partsandpieces.nl\\\/wp-content\\\/uploads\\\/2020\\\/07\\\/Greep-Brons-antiek-92mm.jpg\",\"width\":480,\"height\":480,\"caption\":\"Greep Brons antiek 92mm\"},{\"@type\":\"BreadcrumbList\",\"@id\":\"https:\\\/\\\/partsandpieces.nl\\\/product\\\/greep-brons-antiek-64mm\\\/#breadcrumb\",\"itemListElement\":[{\"@type\":\"ListItem\",\"position\":1,\"name\":\"Home\",\"item\":\"https:\\\/\\\/partsandpieces.nl\\\/home\\\/\"},{\"@type\":\"ListItem\",\"position\":2,\"name\":\"Winkel\",\"item\":\"https:\\\/\\\/partsandpieces.nl\\\/winkel\\\/\"},{\"@type\":\"ListItem\",\"position\":3,\"name\":\"Greep Brons antiek 64mm\"}]},{\"@type\":\"WebSite\",\"@id\":\"https:\\\/\\\/partsandpieces.nl\\\/#website\",\"url\":\"https:\\\/\\\/partsandpieces.nl\\\/\",\"name\":\"Parts &amp; Pieces\",\"description\":\"Alles voor uw meubelrestauratie en -onderhoud!\",\"potentialAction\":[{\"@type\":\"SearchAction\",\"target\":{\"@type\":\"EntryPoint\",\"urlTemplate\":\"https:\\\/\\\/partsandpieces.nl\\\/?s={search_term_string}\"},\"query-input\":{\"@type\":\"PropertyValueSpecification\",\"valueRequired\":true,\"valueName\":\"search_term_string\"}}],\"inLanguage\":\"de\"}]}<\/script>\n<!-- \/ Yoast SEO plugin. -->","yoast_head_json":{"title":"Griff Bronze antik 64mm","description":"Griff Bronze antik 64 mm ist ein leiser M\u00f6belgriff mit mattem Antik-Bronze-Finish. Der Griff passt zu vielen verschiedenen klassischen M\u00f6belst\u00fccken.","robots":{"index":"index","follow":"follow","max-snippet":"max-snippet:-1","max-image-preview":"max-image-preview:large","max-video-preview":"max-video-preview:-1"},"canonical":"https:\/\/partsandpieces.nl\/de\/produkt\/griff-bronze-antik-64mm\/","og_locale":"de_DE","og_type":"article","og_title":"Greep Brons antiek 64mm","og_description":"Greep Brons antiek 64mm is een rustige meubelgreep met een mat antiek brons afwerking. De greep past op heel veel verschillende klassieke meubelstukken.","og_url":"https:\/\/partsandpieces.nl\/de\/produkt\/griff-bronze-antik-64mm\/","og_site_name":"Parts &amp; Pieces","article_modified_time":"2026-03-24T14:45:15+00:00","og_image":[{"width":480,"height":480,"url":"https:\/\/partsandpieces.nl\/wp-content\/uploads\/2020\/07\/Greep-Brons-antiek-92mm.jpg","type":"image\/jpeg"}],"twitter_card":"summary_large_image","twitter_misc":{"Gesch\u00e4tzte Lesezeit":"1\u00a0Minute"},"schema":{"@context":"https:\/\/schema.org","@graph":[{"@type":"WebPage","@id":"https:\/\/partsandpieces.nl\/product\/greep-brons-antiek-64mm\/","url":"https:\/\/partsandpieces.nl\/product\/greep-brons-antiek-64mm\/","name":"Griff Bronze antik 64mm","isPartOf":{"@id":"https:\/\/partsandpieces.nl\/#website"},"primaryImageOfPage":{"@id":"https:\/\/partsandpieces.nl\/product\/greep-brons-antiek-64mm\/#primaryimage"},"image":{"@id":"https:\/\/partsandpieces.nl\/product\/greep-brons-antiek-64mm\/#primaryimage"},"thumbnailUrl":"https:\/\/partsandpieces.nl\/wp-content\/uploads\/2020\/07\/Greep-Brons-antiek-92mm.jpg","datePublished":"2020-07-13T13:45:06+00:00","dateModified":"2026-03-24T14:45:15+00:00","description":"Griff Bronze antik 64 mm ist ein leiser M\u00f6belgriff mit mattem Antik-Bronze-Finish. Der Griff passt zu vielen verschiedenen klassischen M\u00f6belst\u00fccken.","breadcrumb":{"@id":"https:\/\/partsandpieces.nl\/product\/greep-brons-antiek-64mm\/#breadcrumb"},"inLanguage":"de","potentialAction":[{"@type":"ReadAction","target":["https:\/\/partsandpieces.nl\/product\/greep-brons-antiek-64mm\/"]}]},{"@type":"ImageObject","inLanguage":"de","@id":"https:\/\/partsandpieces.nl\/product\/greep-brons-antiek-64mm\/#primaryimage","url":"https:\/\/partsandpieces.nl\/wp-content\/uploads\/2020\/07\/Greep-Brons-antiek-92mm.jpg","contentUrl":"https:\/\/partsandpieces.nl\/wp-content\/uploads\/2020\/07\/Greep-Brons-antiek-92mm.jpg","width":480,"height":480,"caption":"Greep Brons antiek 92mm"},{"@type":"BreadcrumbList","@id":"https:\/\/partsandpieces.nl\/product\/greep-brons-antiek-64mm\/#breadcrumb","itemListElement":[{"@type":"ListItem","position":1,"name":"Home","item":"https:\/\/partsandpieces.nl\/home\/"},{"@type":"ListItem","position":2,"name":"Winkel","item":"https:\/\/partsandpieces.nl\/winkel\/"},{"@type":"ListItem","position":3,"name":"Greep Brons antiek 64mm"}]},{"@type":"WebSite","@id":"https:\/\/partsandpieces.nl\/#website","url":"https:\/\/partsandpieces.nl\/","name":"Teile &amp; St\u00fccke","description":"Alles f\u00fcr Ihre M\u00f6belrestaurierung und -pflege!","potentialAction":[{"@type":"SearchAction","target":{"@type":"EntryPoint","urlTemplate":"https:\/\/partsandpieces.nl\/?s={search_term_string}"},"query-input":{"@type":"PropertyValueSpecification","valueRequired":true,"valueName":"search_term_string"}}],"inLanguage":"de"}]}},"_links":{"self":[{"href":"https:\/\/partsandpieces.nl\/de\/wp-json\/wp\/v2\/product\/387","targetHints":{"allow":["GET"]}}],"collection":[{"href":"https:\/\/partsandpieces.nl\/de\/wp-json\/wp\/v2\/product"}],"about":[{"href":"https:\/\/partsandpieces.nl\/de\/wp-json\/wp\/v2\/types\/product"}],"wp:featuredmedia":[{"embeddable":true,"href":"https:\/\/partsandpieces.nl\/de\/wp-json\/wp\/v2\/media\/5566"}],"wp:attachment":[{"href":"https:\/\/partsandpieces.nl\/de\/wp-json\/wp\/v2\/media?parent=387"}],"wp:term":[{"taxonomy":"product_brand","embeddable":true,"href":"https:\/\/partsandpieces.nl\/de\/wp-json\/wp\/v2\/product_brand?post=387"},{"taxonomy":"product_cat","embeddable":true,"href":"https:\/\/partsandpieces.nl\/de\/wp-json\/wp\/v2\/product_cat?post=387"},{"taxonomy":"product_tag","embeddable":true,"href":"https:\/\/partsandpieces.nl\/de\/wp-json\/wp\/v2\/product_tag?post=387"}],"curies":[{"name":"wp","href":"https:\/\/api.w.org\/{rel}","templated":true}]}}