{"id":389,"date":"2020-07-13T13:47:43","date_gmt":"2020-07-13T13:47:43","guid":{"rendered":"https:\/\/partsandpieces.bonsaidev.nl\/?product=deurtrekker-zam-33x97-met-sleutelgat"},"modified":"2026-03-17T15:25:12","modified_gmt":"2026-03-17T14:25:12","slug":"mobelgriff-messing-antik-vertikal-mit-schlusselloch-97mm","status":"publish","type":"product","link":"https:\/\/partsandpieces.nl\/de\/product\/meubelgreep-messing-antiek-verticaal-met-sleutelgat-97mm\/","title":{"rendered":"M\u00f6belgriff Messing antik vertikal mit Schl\u00fcsselloch 97mm"},"content":{"rendered":"<p><strong>M\u00f6belgriff Messing antik vertikal mit Schl\u00fcsselloch 97mm<\/strong>\u00a0ist ein wundersch\u00f6ner Schubladengriff aus Zamak* mit antikem Messingfinish. Das Erscheinungsbild dieses klassischen Griffs ist matt. Dieser Griff passt gut zu Ihren antiken oder klassischen M\u00f6beln und Schubladen.<\/p>\n<p>Dieser hochwertige Schubladengriff wird in Italien hergestellt.<\/p>\n<p><strong>Ma\u00dfe<br \/>\n<\/strong>Der M\u00f6belgriff Messing antik vertikal mit Schl\u00fcsselloch 97 mm ist insgesamt 97 mm hoch und 33 mm breit. Nach der Installation steht dieser Griff 15 mm \u00fcber.<\/p>\n<p><strong>Bearbeiten<br \/>\n<\/strong>Sie k\u00f6nnen den Griff mit montieren\u00a0<span style=\"text-decoration: underline;\"><a href=\"https:\/\/partsandpieces.nl\/de\/produkt\/schrauben-mit-rundkopf-antikbronze-mit-schlitz-2-x-14-mm\/\">Schraube Rundkopf Antik Bronze mit Schlitz (2x14mm)<\/a><\/span>. Ich schicke diese Schrauben\u00a0<strong>FREI<\/strong>\u00a0mit Ihrer Bestellung.<\/p>\n<p>* Zamak ist eine Legierung mit Zink als Hauptbestandteil. Es hat einen relativ niedrigen Schmelzpunkt und ist leicht zu gie\u00dfen. Der Name ist ein Akronym, abgeleitet von den Anfangsbuchstaben der deutschen Bezeichnungen f\u00fcr die Metalle, aus denen sich der Werkstoff zusammensetzt: Zink, Aluminium, MAGnesium, Kupfer. Zamak wird in der Auto- und M\u00f6belindustrie f\u00fcr T\u00fcrgriffe, Griffe, Logos und Zierleisten verwendet. Es wird auch h\u00e4ufig als Ersatz f\u00fcr das giftige Blei verwendet.<\/p>","protected":false},"excerpt":{"rendered":"<p>Meubelgreep Messing antiek verticaal met sleutelgat 97mm\u00a0is een mooie ladegreep gemaakt van zamak* met een antieke messing afwerking. De uitstraling van deze klassieke greep is mat. Deze greep past goed op je antieke of klassieke meubel en lades. Deze kwalitatief uitstekende ladegreep is gemaakt in Itali\u00eb. Afmetingen Meubelgreep Messing antiek verticaal met sleutelgat 97mm is [&hellip;]<\/p>\n","protected":false},"featured_media":6380,"template":"","meta":{"_acf_changed":false},"product_brand":[],"product_cat":[29,23],"product_tag":[],"class_list":{"0":"post-389","1":"product","2":"type-product","3":"status-publish","4":"has-post-thumbnail","6":"product_cat-deurtrekkers","7":"product_cat-meubelbeslag","9":"first","10":"instock","11":"taxable","12":"shipping-taxable","13":"purchasable","14":"product-type-simple"},"acf":[],"yoast_head":"<!-- This site is optimized with the Yoast SEO plugin v27.3 - https:\/\/yoast.com\/product\/yoast-seo-wordpress\/ -->\n<title>Meubelgreep Messing verticaal sleutelgat<\/title>\n<meta name=\"description\" content=\"Meubelgreep Messing antiek verticaal met sleutelgat 97mm\u00a0heeft een antieke messing afwerking. Past goed op je antieke of klassieke meubel en lades.\" \/>\n<meta name=\"robots\" content=\"index, follow, max-snippet:-1, max-image-preview:large, max-video-preview:-1\" \/>\n<link rel=\"canonical\" href=\"https:\/\/partsandpieces.nl\/de\/produkt\/mobelgriff-messing-antik-vertikal-mit-schlusselloch-97mm\/\" \/>\n<meta property=\"og:locale\" content=\"de_DE\" \/>\n<meta property=\"og:type\" content=\"article\" \/>\n<meta property=\"og:title\" content=\"Meubelgreep Messing verticaal sleutelgat\" \/>\n<meta property=\"og:description\" content=\"Meubelgreep Messing antiek verticaal met sleutelgat 97mm\u00a0heeft een antieke messing afwerking. Past goed op je antieke of klassieke meubel en lades.\" \/>\n<meta property=\"og:url\" content=\"https:\/\/partsandpieces.nl\/de\/produkt\/mobelgriff-messing-antik-vertikal-mit-schlusselloch-97mm\/\" \/>\n<meta property=\"og:site_name\" content=\"Parts &amp; Pieces\" \/>\n<meta property=\"article:modified_time\" content=\"2026-03-17T14:25:12+00:00\" \/>\n<meta property=\"og:image\" content=\"https:\/\/partsandpieces.nl\/wp-content\/uploads\/2020\/07\/Meubelgreep-Messing-antiek-verticaal-met-sleutelgat-97mm.jpg\" \/>\n\t<meta property=\"og:image:width\" content=\"480\" \/>\n\t<meta property=\"og:image:height\" content=\"480\" \/>\n\t<meta property=\"og:image:type\" content=\"image\/jpeg\" \/>\n<meta name=\"twitter:card\" content=\"summary_large_image\" \/>\n<meta name=\"twitter:label1\" content=\"Gesch\u00e4tzte Lesezeit\" \/>\n\t<meta name=\"twitter:data1\" content=\"1\u00a0Minute\" \/>\n<script type=\"application\/ld+json\" class=\"yoast-schema-graph\">{\"@context\":\"https:\\\/\\\/schema.org\",\"@graph\":[{\"@type\":\"WebPage\",\"@id\":\"https:\\\/\\\/partsandpieces.nl\\\/product\\\/meubelgreep-messing-antiek-verticaal-met-sleutelgat-97mm\\\/\",\"url\":\"https:\\\/\\\/partsandpieces.nl\\\/product\\\/meubelgreep-messing-antiek-verticaal-met-sleutelgat-97mm\\\/\",\"name\":\"Meubelgreep Messing verticaal sleutelgat\",\"isPartOf\":{\"@id\":\"https:\\\/\\\/partsandpieces.nl\\\/#website\"},\"primaryImageOfPage\":{\"@id\":\"https:\\\/\\\/partsandpieces.nl\\\/product\\\/meubelgreep-messing-antiek-verticaal-met-sleutelgat-97mm\\\/#primaryimage\"},\"image\":{\"@id\":\"https:\\\/\\\/partsandpieces.nl\\\/product\\\/meubelgreep-messing-antiek-verticaal-met-sleutelgat-97mm\\\/#primaryimage\"},\"thumbnailUrl\":\"https:\\\/\\\/partsandpieces.nl\\\/wp-content\\\/uploads\\\/2020\\\/07\\\/Meubelgreep-Messing-antiek-verticaal-met-sleutelgat-97mm.jpg\",\"datePublished\":\"2020-07-13T13:47:43+00:00\",\"dateModified\":\"2026-03-17T14:25:12+00:00\",\"description\":\"Meubelgreep Messing antiek verticaal met sleutelgat 97mm\u00a0heeft een antieke messing afwerking. Past goed op je antieke of klassieke meubel en lades.\",\"breadcrumb\":{\"@id\":\"https:\\\/\\\/partsandpieces.nl\\\/product\\\/meubelgreep-messing-antiek-verticaal-met-sleutelgat-97mm\\\/#breadcrumb\"},\"inLanguage\":\"de\",\"potentialAction\":[{\"@type\":\"ReadAction\",\"target\":[\"https:\\\/\\\/partsandpieces.nl\\\/product\\\/meubelgreep-messing-antiek-verticaal-met-sleutelgat-97mm\\\/\"]}]},{\"@type\":\"ImageObject\",\"inLanguage\":\"de\",\"@id\":\"https:\\\/\\\/partsandpieces.nl\\\/product\\\/meubelgreep-messing-antiek-verticaal-met-sleutelgat-97mm\\\/#primaryimage\",\"url\":\"https:\\\/\\\/partsandpieces.nl\\\/wp-content\\\/uploads\\\/2020\\\/07\\\/Meubelgreep-Messing-antiek-verticaal-met-sleutelgat-97mm.jpg\",\"contentUrl\":\"https:\\\/\\\/partsandpieces.nl\\\/wp-content\\\/uploads\\\/2020\\\/07\\\/Meubelgreep-Messing-antiek-verticaal-met-sleutelgat-97mm.jpg\",\"width\":480,\"height\":480,\"caption\":\"Meubelgreep Messing antiek verticaal met sleutelgat 97mm\"},{\"@type\":\"BreadcrumbList\",\"@id\":\"https:\\\/\\\/partsandpieces.nl\\\/product\\\/meubelgreep-messing-antiek-verticaal-met-sleutelgat-97mm\\\/#breadcrumb\",\"itemListElement\":[{\"@type\":\"ListItem\",\"position\":1,\"name\":\"Home\",\"item\":\"https:\\\/\\\/partsandpieces.nl\\\/home\\\/\"},{\"@type\":\"ListItem\",\"position\":2,\"name\":\"Winkel\",\"item\":\"https:\\\/\\\/partsandpieces.nl\\\/winkel\\\/\"},{\"@type\":\"ListItem\",\"position\":3,\"name\":\"Meubelgreep Messing antiek verticaal met sleutelgat 97mm\"}]},{\"@type\":\"WebSite\",\"@id\":\"https:\\\/\\\/partsandpieces.nl\\\/#website\",\"url\":\"https:\\\/\\\/partsandpieces.nl\\\/\",\"name\":\"Parts &amp; Pieces\",\"description\":\"Alles voor uw meubelrestauratie en -onderhoud!\",\"potentialAction\":[{\"@type\":\"SearchAction\",\"target\":{\"@type\":\"EntryPoint\",\"urlTemplate\":\"https:\\\/\\\/partsandpieces.nl\\\/?s={search_term_string}\"},\"query-input\":{\"@type\":\"PropertyValueSpecification\",\"valueRequired\":true,\"valueName\":\"search_term_string\"}}],\"inLanguage\":\"de\"}]}<\/script>\n<!-- \/ Yoast SEO plugin. -->","yoast_head_json":{"title":"M\u00f6belgriff Vertikales Schl\u00fcsselloch aus Messing","description":"M\u00f6belgriff Messing antik vertikal mit Schl\u00fcsselloch 97 mm hat eine antike Messingoberfl\u00e4che. Passt gut auf Ihre antiken oder klassischen M\u00f6bel und Schubladen.","robots":{"index":"index","follow":"follow","max-snippet":"max-snippet:-1","max-image-preview":"max-image-preview:large","max-video-preview":"max-video-preview:-1"},"canonical":"https:\/\/partsandpieces.nl\/de\/produkt\/mobelgriff-messing-antik-vertikal-mit-schlusselloch-97mm\/","og_locale":"de_DE","og_type":"article","og_title":"Meubelgreep Messing verticaal sleutelgat","og_description":"Meubelgreep Messing antiek verticaal met sleutelgat 97mm\u00a0heeft een antieke messing afwerking. Past goed op je antieke of klassieke meubel en lades.","og_url":"https:\/\/partsandpieces.nl\/de\/produkt\/mobelgriff-messing-antik-vertikal-mit-schlusselloch-97mm\/","og_site_name":"Parts &amp; Pieces","article_modified_time":"2026-03-17T14:25:12+00:00","og_image":[{"width":480,"height":480,"url":"https:\/\/partsandpieces.nl\/wp-content\/uploads\/2020\/07\/Meubelgreep-Messing-antiek-verticaal-met-sleutelgat-97mm.jpg","type":"image\/jpeg"}],"twitter_card":"summary_large_image","twitter_misc":{"Gesch\u00e4tzte Lesezeit":"1\u00a0Minute"},"schema":{"@context":"https:\/\/schema.org","@graph":[{"@type":"WebPage","@id":"https:\/\/partsandpieces.nl\/product\/meubelgreep-messing-antiek-verticaal-met-sleutelgat-97mm\/","url":"https:\/\/partsandpieces.nl\/product\/meubelgreep-messing-antiek-verticaal-met-sleutelgat-97mm\/","name":"M\u00f6belgriff Vertikales Schl\u00fcsselloch aus Messing","isPartOf":{"@id":"https:\/\/partsandpieces.nl\/#website"},"primaryImageOfPage":{"@id":"https:\/\/partsandpieces.nl\/product\/meubelgreep-messing-antiek-verticaal-met-sleutelgat-97mm\/#primaryimage"},"image":{"@id":"https:\/\/partsandpieces.nl\/product\/meubelgreep-messing-antiek-verticaal-met-sleutelgat-97mm\/#primaryimage"},"thumbnailUrl":"https:\/\/partsandpieces.nl\/wp-content\/uploads\/2020\/07\/Meubelgreep-Messing-antiek-verticaal-met-sleutelgat-97mm.jpg","datePublished":"2020-07-13T13:47:43+00:00","dateModified":"2026-03-17T14:25:12+00:00","description":"M\u00f6belgriff Messing antik vertikal mit Schl\u00fcsselloch 97 mm hat eine antike Messingoberfl\u00e4che. Passt gut auf Ihre antiken oder klassischen M\u00f6bel und Schubladen.","breadcrumb":{"@id":"https:\/\/partsandpieces.nl\/product\/meubelgreep-messing-antiek-verticaal-met-sleutelgat-97mm\/#breadcrumb"},"inLanguage":"de","potentialAction":[{"@type":"ReadAction","target":["https:\/\/partsandpieces.nl\/product\/meubelgreep-messing-antiek-verticaal-met-sleutelgat-97mm\/"]}]},{"@type":"ImageObject","inLanguage":"de","@id":"https:\/\/partsandpieces.nl\/product\/meubelgreep-messing-antiek-verticaal-met-sleutelgat-97mm\/#primaryimage","url":"https:\/\/partsandpieces.nl\/wp-content\/uploads\/2020\/07\/Meubelgreep-Messing-antiek-verticaal-met-sleutelgat-97mm.jpg","contentUrl":"https:\/\/partsandpieces.nl\/wp-content\/uploads\/2020\/07\/Meubelgreep-Messing-antiek-verticaal-met-sleutelgat-97mm.jpg","width":480,"height":480,"caption":"Meubelgreep Messing antiek verticaal met sleutelgat 97mm"},{"@type":"BreadcrumbList","@id":"https:\/\/partsandpieces.nl\/product\/meubelgreep-messing-antiek-verticaal-met-sleutelgat-97mm\/#breadcrumb","itemListElement":[{"@type":"ListItem","position":1,"name":"Home","item":"https:\/\/partsandpieces.nl\/home\/"},{"@type":"ListItem","position":2,"name":"Winkel","item":"https:\/\/partsandpieces.nl\/winkel\/"},{"@type":"ListItem","position":3,"name":"Meubelgreep Messing antiek verticaal met sleutelgat 97mm"}]},{"@type":"WebSite","@id":"https:\/\/partsandpieces.nl\/#website","url":"https:\/\/partsandpieces.nl\/","name":"Teile &amp; St\u00fccke","description":"Alles f\u00fcr Ihre M\u00f6belrestaurierung und -pflege!","potentialAction":[{"@type":"SearchAction","target":{"@type":"EntryPoint","urlTemplate":"https:\/\/partsandpieces.nl\/?s={search_term_string}"},"query-input":{"@type":"PropertyValueSpecification","valueRequired":true,"valueName":"search_term_string"}}],"inLanguage":"de"}]}},"_links":{"self":[{"href":"https:\/\/partsandpieces.nl\/de\/wp-json\/wp\/v2\/product\/389","targetHints":{"allow":["GET"]}}],"collection":[{"href":"https:\/\/partsandpieces.nl\/de\/wp-json\/wp\/v2\/product"}],"about":[{"href":"https:\/\/partsandpieces.nl\/de\/wp-json\/wp\/v2\/types\/product"}],"wp:featuredmedia":[{"embeddable":true,"href":"https:\/\/partsandpieces.nl\/de\/wp-json\/wp\/v2\/media\/6380"}],"wp:attachment":[{"href":"https:\/\/partsandpieces.nl\/de\/wp-json\/wp\/v2\/media?parent=389"}],"wp:term":[{"taxonomy":"product_brand","embeddable":true,"href":"https:\/\/partsandpieces.nl\/de\/wp-json\/wp\/v2\/product_brand?post=389"},{"taxonomy":"product_cat","embeddable":true,"href":"https:\/\/partsandpieces.nl\/de\/wp-json\/wp\/v2\/product_cat?post=389"},{"taxonomy":"product_tag","embeddable":true,"href":"https:\/\/partsandpieces.nl\/de\/wp-json\/wp\/v2\/product_tag?post=389"}],"curies":[{"name":"wp","href":"https:\/\/api.w.org\/{rel}","templated":true}]}}