{"id":391,"date":"2020-07-13T13:53:20","date_gmt":"2020-07-13T13:53:20","guid":{"rendered":"https:\/\/partsandpieces.bonsaidev.nl\/?product=greep-zam-160-vintage-nikkel-180x26-mm"},"modified":"2025-09-30T10:56:17","modified_gmt":"2025-09-30T08:56:17","slug":"griff-evolve-serie-776-nickel-184mm","status":"publish","type":"product","link":"https:\/\/partsandpieces.nl\/de\/product\/greep-evolve-serie-776-nikkel-184mm\/","title":{"rendered":"Griff Evolve-Serie 776 Nickel 184 mm"},"content":{"rendered":"<p><strong>Griff Evolve-Serie 776 Nickel 184 mm<\/strong> ist ein robuster Industriegriff. Der Griff hat eine matte, nickelfarbene Oberfl\u00e4che, die als \u201eVintage-Nickel\u201c bezeichnet wird.<\/p>\n<p>Dieser hochwertige Griff wird in Italien hergestellt.<\/p>\n<p><strong>Gr\u00f6\u00dfe<br \/>\n<\/strong>Der Griff Evolve Serie 776 Nickel 184 mm ist 184 mm breit. Die Bohrergr\u00f6\u00dfe betr\u00e4gt 160 mm und der Griff ist 27 mm hoch. Nach der Montage steht dieser Griff 26 mm \u00fcber.<\/p>\n<p><strong>Bearbeiten<br \/>\n<\/strong>Sie k\u00f6nnen den Griff mit blind montieren\u00a0<span style=\"text-decoration: underline;\"><a href=\"https:\/\/partsandpieces.nl\/de\/produkt\/schraube-edelstahl-zur-blindmontage-von-mobelbeschlagen-45x4mm-20-stuck\/\">Edelstahlschraube zur Blindbefestigung von M\u00f6belbeschl\u00e4gen (45x4mm)<\/a><\/span>. Ich schicke diese Schrauben\u00a0<strong>FREI<\/strong>\u00a0mit Ihrer Bestellung.<\/p>","protected":false},"excerpt":{"rendered":"<p>Greep Evolve serie 776 Nikkel 184mm is een stoere industri\u00eble greep. De greep heeft een mat nikkel kleurige afwerking genaamd \u2018vintage nickel\u2019. Deze kwalitatief uitstekende greep is gemaakt in Itali\u00eb. Afmeting Greep Evolve serie 776 Nikkel 184mm is 184mm breed. De boormaat is 160mm en de greep is 27mm hoog. Na montage steekt deze greep [&hellip;]<\/p>\n","protected":false},"featured_media":6221,"template":"","meta":{"_acf_changed":false},"product_brand":[],"product_cat":[29,36,41,23,53],"product_tag":[],"class_list":{"0":"post-391","1":"product","2":"type-product","3":"status-publish","4":"has-post-thumbnail","6":"product_cat-deurtrekkers","7":"product_cat-kistbeslag","8":"product_cat-ladetrekkers","9":"product_cat-meubelbeslag","10":"product_cat-vintage-grepen","12":"first","13":"instock","14":"taxable","15":"shipping-taxable","16":"purchasable","17":"product-type-simple"},"acf":[],"yoast_head":"<!-- This site is optimized with the Yoast SEO plugin v27.3 - https:\/\/yoast.com\/product\/yoast-seo-wordpress\/ -->\n<title>Greep Evolve 776 Nikkel<\/title>\n<meta name=\"description\" content=\"Greep Evolve serie 776 Nikkel 184mm is een stoere industri\u00eble greep. De greep heeft een mat nikkel kleurige afwerking genaamd \u2018vintage nickel\u2019.\" \/>\n<meta name=\"robots\" content=\"index, follow, max-snippet:-1, max-image-preview:large, max-video-preview:-1\" \/>\n<link rel=\"canonical\" href=\"https:\/\/partsandpieces.nl\/de\/produkt\/griff-evolve-serie-776-nickel-184mm\/\" \/>\n<meta property=\"og:locale\" content=\"de_DE\" \/>\n<meta property=\"og:type\" content=\"article\" \/>\n<meta property=\"og:title\" content=\"Greep Evolve 776 Nikkel\" \/>\n<meta property=\"og:description\" content=\"Greep Evolve serie 776 Nikkel 184mm is een stoere industri\u00eble greep. De greep heeft een mat nikkel kleurige afwerking genaamd \u2018vintage nickel\u2019.\" \/>\n<meta property=\"og:url\" content=\"https:\/\/partsandpieces.nl\/de\/produkt\/griff-evolve-serie-776-nickel-184mm\/\" \/>\n<meta property=\"og:site_name\" content=\"Parts &amp; Pieces\" \/>\n<meta property=\"article:modified_time\" content=\"2025-09-30T08:56:17+00:00\" \/>\n<meta property=\"og:image\" content=\"https:\/\/partsandpieces.nl\/wp-content\/uploads\/2020\/07\/Greep-Evolve-serie-776-Nikkel-184mm-1.jpg\" \/>\n\t<meta property=\"og:image:width\" content=\"480\" \/>\n\t<meta property=\"og:image:height\" content=\"481\" \/>\n\t<meta property=\"og:image:type\" content=\"image\/jpeg\" \/>\n<meta name=\"twitter:card\" content=\"summary_large_image\" \/>\n<script type=\"application\/ld+json\" class=\"yoast-schema-graph\">{\"@context\":\"https:\\\/\\\/schema.org\",\"@graph\":[{\"@type\":\"WebPage\",\"@id\":\"https:\\\/\\\/partsandpieces.nl\\\/product\\\/greep-evolve-serie-776-nikkel-184mm\\\/\",\"url\":\"https:\\\/\\\/partsandpieces.nl\\\/product\\\/greep-evolve-serie-776-nikkel-184mm\\\/\",\"name\":\"Greep Evolve 776 Nikkel\",\"isPartOf\":{\"@id\":\"https:\\\/\\\/partsandpieces.nl\\\/#website\"},\"primaryImageOfPage\":{\"@id\":\"https:\\\/\\\/partsandpieces.nl\\\/product\\\/greep-evolve-serie-776-nikkel-184mm\\\/#primaryimage\"},\"image\":{\"@id\":\"https:\\\/\\\/partsandpieces.nl\\\/product\\\/greep-evolve-serie-776-nikkel-184mm\\\/#primaryimage\"},\"thumbnailUrl\":\"https:\\\/\\\/partsandpieces.nl\\\/wp-content\\\/uploads\\\/2020\\\/07\\\/Greep-Evolve-serie-776-Nikkel-184mm-1.jpg\",\"datePublished\":\"2020-07-13T13:53:20+00:00\",\"dateModified\":\"2025-09-30T08:56:17+00:00\",\"description\":\"Greep Evolve serie 776 Nikkel 184mm is een stoere industri\u00eble greep. De greep heeft een mat nikkel kleurige afwerking genaamd \u2018vintage nickel\u2019.\",\"breadcrumb\":{\"@id\":\"https:\\\/\\\/partsandpieces.nl\\\/product\\\/greep-evolve-serie-776-nikkel-184mm\\\/#breadcrumb\"},\"inLanguage\":\"de\",\"potentialAction\":[{\"@type\":\"ReadAction\",\"target\":[\"https:\\\/\\\/partsandpieces.nl\\\/product\\\/greep-evolve-serie-776-nikkel-184mm\\\/\"]}]},{\"@type\":\"ImageObject\",\"inLanguage\":\"de\",\"@id\":\"https:\\\/\\\/partsandpieces.nl\\\/product\\\/greep-evolve-serie-776-nikkel-184mm\\\/#primaryimage\",\"url\":\"https:\\\/\\\/partsandpieces.nl\\\/wp-content\\\/uploads\\\/2020\\\/07\\\/Greep-Evolve-serie-776-Nikkel-184mm-1.jpg\",\"contentUrl\":\"https:\\\/\\\/partsandpieces.nl\\\/wp-content\\\/uploads\\\/2020\\\/07\\\/Greep-Evolve-serie-776-Nikkel-184mm-1.jpg\",\"width\":480,\"height\":481,\"caption\":\"Greep Evolve serie 776 Nikkel 184mm\"},{\"@type\":\"BreadcrumbList\",\"@id\":\"https:\\\/\\\/partsandpieces.nl\\\/product\\\/greep-evolve-serie-776-nikkel-184mm\\\/#breadcrumb\",\"itemListElement\":[{\"@type\":\"ListItem\",\"position\":1,\"name\":\"Home\",\"item\":\"https:\\\/\\\/partsandpieces.nl\\\/home\\\/\"},{\"@type\":\"ListItem\",\"position\":2,\"name\":\"Winkel\",\"item\":\"https:\\\/\\\/partsandpieces.nl\\\/winkel\\\/\"},{\"@type\":\"ListItem\",\"position\":3,\"name\":\"Greep Evolve serie 776 Nikkel 184mm\"}]},{\"@type\":\"WebSite\",\"@id\":\"https:\\\/\\\/partsandpieces.nl\\\/#website\",\"url\":\"https:\\\/\\\/partsandpieces.nl\\\/\",\"name\":\"Parts &amp; Pieces\",\"description\":\"Alles voor uw meubelrestauratie en -onderhoud!\",\"potentialAction\":[{\"@type\":\"SearchAction\",\"target\":{\"@type\":\"EntryPoint\",\"urlTemplate\":\"https:\\\/\\\/partsandpieces.nl\\\/?s={search_term_string}\"},\"query-input\":{\"@type\":\"PropertyValueSpecification\",\"valueRequired\":true,\"valueName\":\"search_term_string\"}}],\"inLanguage\":\"de\"}]}<\/script>\n<!-- \/ Yoast SEO plugin. -->","yoast_head_json":{"title":"Griff Evolve 776 Nickel","description":"Der Griff Evolve Serie 776 Nickel 184 mm ist ein robuster Industriegriff. Der Griff hat eine matte, nickelfarbene Oberfl\u00e4che, die als \u201eVintage-Nickel\u201c bezeichnet wird.","robots":{"index":"index","follow":"follow","max-snippet":"max-snippet:-1","max-image-preview":"max-image-preview:large","max-video-preview":"max-video-preview:-1"},"canonical":"https:\/\/partsandpieces.nl\/de\/produkt\/griff-evolve-serie-776-nickel-184mm\/","og_locale":"de_DE","og_type":"article","og_title":"Greep Evolve 776 Nikkel","og_description":"Greep Evolve serie 776 Nikkel 184mm is een stoere industri\u00eble greep. De greep heeft een mat nikkel kleurige afwerking genaamd \u2018vintage nickel\u2019.","og_url":"https:\/\/partsandpieces.nl\/de\/produkt\/griff-evolve-serie-776-nickel-184mm\/","og_site_name":"Parts &amp; Pieces","article_modified_time":"2025-09-30T08:56:17+00:00","og_image":[{"width":480,"height":481,"url":"https:\/\/partsandpieces.nl\/wp-content\/uploads\/2020\/07\/Greep-Evolve-serie-776-Nikkel-184mm-1.jpg","type":"image\/jpeg"}],"twitter_card":"summary_large_image","schema":{"@context":"https:\/\/schema.org","@graph":[{"@type":"WebPage","@id":"https:\/\/partsandpieces.nl\/product\/greep-evolve-serie-776-nikkel-184mm\/","url":"https:\/\/partsandpieces.nl\/product\/greep-evolve-serie-776-nikkel-184mm\/","name":"Griff Evolve 776 Nickel","isPartOf":{"@id":"https:\/\/partsandpieces.nl\/#website"},"primaryImageOfPage":{"@id":"https:\/\/partsandpieces.nl\/product\/greep-evolve-serie-776-nikkel-184mm\/#primaryimage"},"image":{"@id":"https:\/\/partsandpieces.nl\/product\/greep-evolve-serie-776-nikkel-184mm\/#primaryimage"},"thumbnailUrl":"https:\/\/partsandpieces.nl\/wp-content\/uploads\/2020\/07\/Greep-Evolve-serie-776-Nikkel-184mm-1.jpg","datePublished":"2020-07-13T13:53:20+00:00","dateModified":"2025-09-30T08:56:17+00:00","description":"Der Griff Evolve Serie 776 Nickel 184 mm ist ein robuster Industriegriff. Der Griff hat eine matte, nickelfarbene Oberfl\u00e4che, die als \u201eVintage-Nickel\u201c bezeichnet wird.","breadcrumb":{"@id":"https:\/\/partsandpieces.nl\/product\/greep-evolve-serie-776-nikkel-184mm\/#breadcrumb"},"inLanguage":"de","potentialAction":[{"@type":"ReadAction","target":["https:\/\/partsandpieces.nl\/product\/greep-evolve-serie-776-nikkel-184mm\/"]}]},{"@type":"ImageObject","inLanguage":"de","@id":"https:\/\/partsandpieces.nl\/product\/greep-evolve-serie-776-nikkel-184mm\/#primaryimage","url":"https:\/\/partsandpieces.nl\/wp-content\/uploads\/2020\/07\/Greep-Evolve-serie-776-Nikkel-184mm-1.jpg","contentUrl":"https:\/\/partsandpieces.nl\/wp-content\/uploads\/2020\/07\/Greep-Evolve-serie-776-Nikkel-184mm-1.jpg","width":480,"height":481,"caption":"Greep Evolve serie 776 Nikkel 184mm"},{"@type":"BreadcrumbList","@id":"https:\/\/partsandpieces.nl\/product\/greep-evolve-serie-776-nikkel-184mm\/#breadcrumb","itemListElement":[{"@type":"ListItem","position":1,"name":"Home","item":"https:\/\/partsandpieces.nl\/home\/"},{"@type":"ListItem","position":2,"name":"Winkel","item":"https:\/\/partsandpieces.nl\/winkel\/"},{"@type":"ListItem","position":3,"name":"Greep Evolve serie 776 Nikkel 184mm"}]},{"@type":"WebSite","@id":"https:\/\/partsandpieces.nl\/#website","url":"https:\/\/partsandpieces.nl\/","name":"Teile &amp; St\u00fccke","description":"Alles f\u00fcr Ihre M\u00f6belrestaurierung und -pflege!","potentialAction":[{"@type":"SearchAction","target":{"@type":"EntryPoint","urlTemplate":"https:\/\/partsandpieces.nl\/?s={search_term_string}"},"query-input":{"@type":"PropertyValueSpecification","valueRequired":true,"valueName":"search_term_string"}}],"inLanguage":"de"}]}},"_links":{"self":[{"href":"https:\/\/partsandpieces.nl\/de\/wp-json\/wp\/v2\/product\/391","targetHints":{"allow":["GET"]}}],"collection":[{"href":"https:\/\/partsandpieces.nl\/de\/wp-json\/wp\/v2\/product"}],"about":[{"href":"https:\/\/partsandpieces.nl\/de\/wp-json\/wp\/v2\/types\/product"}],"wp:featuredmedia":[{"embeddable":true,"href":"https:\/\/partsandpieces.nl\/de\/wp-json\/wp\/v2\/media\/6221"}],"wp:attachment":[{"href":"https:\/\/partsandpieces.nl\/de\/wp-json\/wp\/v2\/media?parent=391"}],"wp:term":[{"taxonomy":"product_brand","embeddable":true,"href":"https:\/\/partsandpieces.nl\/de\/wp-json\/wp\/v2\/product_brand?post=391"},{"taxonomy":"product_cat","embeddable":true,"href":"https:\/\/partsandpieces.nl\/de\/wp-json\/wp\/v2\/product_cat?post=391"},{"taxonomy":"product_tag","embeddable":true,"href":"https:\/\/partsandpieces.nl\/de\/wp-json\/wp\/v2\/product_tag?post=391"}],"curies":[{"name":"wp","href":"https:\/\/api.w.org\/{rel}","templated":true}]}}