{"id":397,"date":"2020-07-13T14:38:30","date_gmt":"2020-07-13T14:38:30","guid":{"rendered":"https:\/\/partsandpieces.bonsaidev.nl\/?product=komgreepetikethouder-80x50mm"},"modified":"2025-11-10T14:55:26","modified_gmt":"2025-11-10T13:55:26","slug":"stosgriff-mit-etikettenhalter-messing-antik-80x50mm","status":"publish","type":"product","link":"https:\/\/partsandpieces.nl\/de\/product\/komgreep-met-etikethouder-messing-antiek-80x50mm\/","title":{"rendered":"Tassengriff mit Etikettenhalter Messing Antik 80x50mm"},"content":{"rendered":"<p><strong>Tassengriff mit Etikettenhalter Messing Antik 80x50mm<\/strong> ist eine Kombination aus einem gestanzten Muschelgriff und einem Etikettenhalter aus echtem Messing mit antik patinierter Oberfl\u00e4che. Das Erscheinungsbild des Griffs ist matt und glatt.<\/p>\n<p><strong>Ma\u00dfe<br \/>\n<\/strong>Der Tassengriff mit Etikettenhalter Messing Antik 80 x 50 mm hat eine Gesamtbreite von 80 mm und eine H\u00f6he von 50 mm. Die (Innen-)Gr\u00f6\u00dfe des Etikettenhalters betr\u00e4gt 62 x 16 mm. Die Sch\u00fcssel ist ca. 62 mm breit und 22 mm hoch.<\/p>\n<p><strong>Bearbeiten<br \/>\n<\/strong>Sie k\u00f6nnen den Fingerzug mit montieren\u00a0<span style=\"text-decoration: underline;\"><a href=\"https:\/\/partsandpieces.nl\/de\/produkt\/schrauben-mit-rundkopf-antikbronze-mit-schlitz-2-x-14-mm\/\">Schraube Rundkopf Antik Bronze mit Schlitz (2x14mm)<\/a><\/span>. Ich schicke diese Schrauben\u00a0<strong>FREI<\/strong>\u00a0mit Ihrer Bestellung.<\/p>","protected":false},"excerpt":{"rendered":"<p>Komgreep met etikethouder Messing Antiek 80x50mm is een combi van een gestanste schelpgreep met etikethouder gemaakt van echt messing met een antiek gepatineerde finish. De uitstraling van de greep is mat en glad. Afmetingen Komgreep met etikethouder Messing Antiek 80x50mm heeft een totale breedte van 80mm en hoogte van 50mm. De (binnen)maat van de etikethouder [&hellip;]<\/p>\n","protected":false},"featured_media":6752,"template":"","meta":{"_acf_changed":false},"product_brand":[],"product_cat":[30,39,23],"product_tag":[],"class_list":{"0":"post-397","1":"product","2":"type-product","3":"status-publish","4":"has-post-thumbnail","6":"product_cat-etikethouders","7":"product_cat-komgrepen","8":"product_cat-meubelbeslag","10":"first","11":"instock","12":"taxable","13":"shipping-taxable","14":"purchasable","15":"product-type-simple"},"acf":[],"yoast_head":"<!-- This site is optimized with the Yoast SEO plugin v27.3 - https:\/\/yoast.com\/product\/yoast-seo-wordpress\/ -->\n<title>Komgreep met etikethouder Messing Antiek<\/title>\n<meta name=\"description\" content=\"Komgreep met etikethouder Messing Antiek 80x50mm is gemaakt van echt messing met een antiek gepatineerde finish. Mat en gladde uitstraling.\" \/>\n<meta name=\"robots\" content=\"index, follow, max-snippet:-1, max-image-preview:large, max-video-preview:-1\" \/>\n<link rel=\"canonical\" href=\"https:\/\/partsandpieces.nl\/de\/produkt\/stosgriff-mit-etikettenhalter-messing-antik-80x50mm\/\" \/>\n<meta property=\"og:locale\" content=\"de_DE\" \/>\n<meta property=\"og:type\" content=\"article\" \/>\n<meta property=\"og:title\" content=\"Komgreep met etikethouder Messing Antiek\" \/>\n<meta property=\"og:description\" content=\"Komgreep met etikethouder Messing Antiek 80x50mm is gemaakt van echt messing met een antiek gepatineerde finish. Mat en gladde uitstraling.\" \/>\n<meta property=\"og:url\" content=\"https:\/\/partsandpieces.nl\/de\/produkt\/stosgriff-mit-etikettenhalter-messing-antik-80x50mm\/\" \/>\n<meta property=\"og:site_name\" content=\"Parts &amp; Pieces\" \/>\n<meta property=\"article:modified_time\" content=\"2025-11-10T13:55:26+00:00\" \/>\n<meta property=\"og:image\" content=\"https:\/\/partsandpieces.nl\/wp-content\/uploads\/2020\/07\/Komgreep-met-etikethouder-Messing-Antiek-80x50mm.jpg\" \/>\n\t<meta property=\"og:image:width\" content=\"464\" \/>\n\t<meta property=\"og:image:height\" content=\"465\" \/>\n\t<meta property=\"og:image:type\" content=\"image\/jpeg\" \/>\n<meta name=\"twitter:card\" content=\"summary_large_image\" \/>\n<meta name=\"twitter:label1\" content=\"Gesch\u00e4tzte Lesezeit\" \/>\n\t<meta name=\"twitter:data1\" content=\"1\u00a0Minute\" \/>\n<script type=\"application\/ld+json\" class=\"yoast-schema-graph\">{\"@context\":\"https:\\\/\\\/schema.org\",\"@graph\":[{\"@type\":\"WebPage\",\"@id\":\"https:\\\/\\\/partsandpieces.nl\\\/product\\\/komgreep-met-etikethouder-messing-antiek-80x50mm\\\/\",\"url\":\"https:\\\/\\\/partsandpieces.nl\\\/product\\\/komgreep-met-etikethouder-messing-antiek-80x50mm\\\/\",\"name\":\"Komgreep met etikethouder Messing Antiek\",\"isPartOf\":{\"@id\":\"https:\\\/\\\/partsandpieces.nl\\\/#website\"},\"primaryImageOfPage\":{\"@id\":\"https:\\\/\\\/partsandpieces.nl\\\/product\\\/komgreep-met-etikethouder-messing-antiek-80x50mm\\\/#primaryimage\"},\"image\":{\"@id\":\"https:\\\/\\\/partsandpieces.nl\\\/product\\\/komgreep-met-etikethouder-messing-antiek-80x50mm\\\/#primaryimage\"},\"thumbnailUrl\":\"https:\\\/\\\/partsandpieces.nl\\\/wp-content\\\/uploads\\\/2020\\\/07\\\/Komgreep-met-etikethouder-Messing-Antiek-80x50mm.jpg\",\"datePublished\":\"2020-07-13T14:38:30+00:00\",\"dateModified\":\"2025-11-10T13:55:26+00:00\",\"description\":\"Komgreep met etikethouder Messing Antiek 80x50mm is gemaakt van echt messing met een antiek gepatineerde finish. Mat en gladde uitstraling.\",\"breadcrumb\":{\"@id\":\"https:\\\/\\\/partsandpieces.nl\\\/product\\\/komgreep-met-etikethouder-messing-antiek-80x50mm\\\/#breadcrumb\"},\"inLanguage\":\"de\",\"potentialAction\":[{\"@type\":\"ReadAction\",\"target\":[\"https:\\\/\\\/partsandpieces.nl\\\/product\\\/komgreep-met-etikethouder-messing-antiek-80x50mm\\\/\"]}]},{\"@type\":\"ImageObject\",\"inLanguage\":\"de\",\"@id\":\"https:\\\/\\\/partsandpieces.nl\\\/product\\\/komgreep-met-etikethouder-messing-antiek-80x50mm\\\/#primaryimage\",\"url\":\"https:\\\/\\\/partsandpieces.nl\\\/wp-content\\\/uploads\\\/2020\\\/07\\\/Komgreep-met-etikethouder-Messing-Antiek-80x50mm.jpg\",\"contentUrl\":\"https:\\\/\\\/partsandpieces.nl\\\/wp-content\\\/uploads\\\/2020\\\/07\\\/Komgreep-met-etikethouder-Messing-Antiek-80x50mm.jpg\",\"width\":464,\"height\":465,\"caption\":\"Komgreep met etikethouder Messing Antiek 80x50mm\"},{\"@type\":\"BreadcrumbList\",\"@id\":\"https:\\\/\\\/partsandpieces.nl\\\/product\\\/komgreep-met-etikethouder-messing-antiek-80x50mm\\\/#breadcrumb\",\"itemListElement\":[{\"@type\":\"ListItem\",\"position\":1,\"name\":\"Home\",\"item\":\"https:\\\/\\\/partsandpieces.nl\\\/home\\\/\"},{\"@type\":\"ListItem\",\"position\":2,\"name\":\"Winkel\",\"item\":\"https:\\\/\\\/partsandpieces.nl\\\/winkel\\\/\"},{\"@type\":\"ListItem\",\"position\":3,\"name\":\"Komgreep met etikethouder Messing Antiek 80x50mm\"}]},{\"@type\":\"WebSite\",\"@id\":\"https:\\\/\\\/partsandpieces.nl\\\/#website\",\"url\":\"https:\\\/\\\/partsandpieces.nl\\\/\",\"name\":\"Parts &amp; Pieces\",\"description\":\"Alles voor uw meubelrestauratie en -onderhoud!\",\"potentialAction\":[{\"@type\":\"SearchAction\",\"target\":{\"@type\":\"EntryPoint\",\"urlTemplate\":\"https:\\\/\\\/partsandpieces.nl\\\/?s={search_term_string}\"},\"query-input\":{\"@type\":\"PropertyValueSpecification\",\"valueRequired\":true,\"valueName\":\"search_term_string\"}}],\"inLanguage\":\"de\"}]}<\/script>\n<!-- \/ Yoast SEO plugin. -->","yoast_head_json":{"title":"Tassengriff mit Etikettenhalter Messing Antik","description":"Der Tassengriff mit Etikettenhalter Messing Antik 80 x 50 mm besteht aus echtem Messing mit antik patinierter Oberfl\u00e4che. Mattes und glattes Aussehen.","robots":{"index":"index","follow":"follow","max-snippet":"max-snippet:-1","max-image-preview":"max-image-preview:large","max-video-preview":"max-video-preview:-1"},"canonical":"https:\/\/partsandpieces.nl\/de\/produkt\/stosgriff-mit-etikettenhalter-messing-antik-80x50mm\/","og_locale":"de_DE","og_type":"article","og_title":"Komgreep met etikethouder Messing Antiek","og_description":"Komgreep met etikethouder Messing Antiek 80x50mm is gemaakt van echt messing met een antiek gepatineerde finish. Mat en gladde uitstraling.","og_url":"https:\/\/partsandpieces.nl\/de\/produkt\/stosgriff-mit-etikettenhalter-messing-antik-80x50mm\/","og_site_name":"Parts &amp; Pieces","article_modified_time":"2025-11-10T13:55:26+00:00","og_image":[{"width":464,"height":465,"url":"https:\/\/partsandpieces.nl\/wp-content\/uploads\/2020\/07\/Komgreep-met-etikethouder-Messing-Antiek-80x50mm.jpg","type":"image\/jpeg"}],"twitter_card":"summary_large_image","twitter_misc":{"Gesch\u00e4tzte Lesezeit":"1\u00a0Minute"},"schema":{"@context":"https:\/\/schema.org","@graph":[{"@type":"WebPage","@id":"https:\/\/partsandpieces.nl\/product\/komgreep-met-etikethouder-messing-antiek-80x50mm\/","url":"https:\/\/partsandpieces.nl\/product\/komgreep-met-etikethouder-messing-antiek-80x50mm\/","name":"Tassengriff mit Etikettenhalter Messing Antik","isPartOf":{"@id":"https:\/\/partsandpieces.nl\/#website"},"primaryImageOfPage":{"@id":"https:\/\/partsandpieces.nl\/product\/komgreep-met-etikethouder-messing-antiek-80x50mm\/#primaryimage"},"image":{"@id":"https:\/\/partsandpieces.nl\/product\/komgreep-met-etikethouder-messing-antiek-80x50mm\/#primaryimage"},"thumbnailUrl":"https:\/\/partsandpieces.nl\/wp-content\/uploads\/2020\/07\/Komgreep-met-etikethouder-Messing-Antiek-80x50mm.jpg","datePublished":"2020-07-13T14:38:30+00:00","dateModified":"2025-11-10T13:55:26+00:00","description":"Der Tassengriff mit Etikettenhalter Messing Antik 80 x 50 mm besteht aus echtem Messing mit antik patinierter Oberfl\u00e4che. Mattes und glattes Aussehen.","breadcrumb":{"@id":"https:\/\/partsandpieces.nl\/product\/komgreep-met-etikethouder-messing-antiek-80x50mm\/#breadcrumb"},"inLanguage":"de","potentialAction":[{"@type":"ReadAction","target":["https:\/\/partsandpieces.nl\/product\/komgreep-met-etikethouder-messing-antiek-80x50mm\/"]}]},{"@type":"ImageObject","inLanguage":"de","@id":"https:\/\/partsandpieces.nl\/product\/komgreep-met-etikethouder-messing-antiek-80x50mm\/#primaryimage","url":"https:\/\/partsandpieces.nl\/wp-content\/uploads\/2020\/07\/Komgreep-met-etikethouder-Messing-Antiek-80x50mm.jpg","contentUrl":"https:\/\/partsandpieces.nl\/wp-content\/uploads\/2020\/07\/Komgreep-met-etikethouder-Messing-Antiek-80x50mm.jpg","width":464,"height":465,"caption":"Komgreep met etikethouder Messing Antiek 80x50mm"},{"@type":"BreadcrumbList","@id":"https:\/\/partsandpieces.nl\/product\/komgreep-met-etikethouder-messing-antiek-80x50mm\/#breadcrumb","itemListElement":[{"@type":"ListItem","position":1,"name":"Home","item":"https:\/\/partsandpieces.nl\/home\/"},{"@type":"ListItem","position":2,"name":"Winkel","item":"https:\/\/partsandpieces.nl\/winkel\/"},{"@type":"ListItem","position":3,"name":"Komgreep met etikethouder Messing Antiek 80x50mm"}]},{"@type":"WebSite","@id":"https:\/\/partsandpieces.nl\/#website","url":"https:\/\/partsandpieces.nl\/","name":"Teile &amp; St\u00fccke","description":"Alles f\u00fcr Ihre M\u00f6belrestaurierung und -pflege!","potentialAction":[{"@type":"SearchAction","target":{"@type":"EntryPoint","urlTemplate":"https:\/\/partsandpieces.nl\/?s={search_term_string}"},"query-input":{"@type":"PropertyValueSpecification","valueRequired":true,"valueName":"search_term_string"}}],"inLanguage":"de"}]}},"_links":{"self":[{"href":"https:\/\/partsandpieces.nl\/de\/wp-json\/wp\/v2\/product\/397","targetHints":{"allow":["GET"]}}],"collection":[{"href":"https:\/\/partsandpieces.nl\/de\/wp-json\/wp\/v2\/product"}],"about":[{"href":"https:\/\/partsandpieces.nl\/de\/wp-json\/wp\/v2\/types\/product"}],"wp:featuredmedia":[{"embeddable":true,"href":"https:\/\/partsandpieces.nl\/de\/wp-json\/wp\/v2\/media\/6752"}],"wp:attachment":[{"href":"https:\/\/partsandpieces.nl\/de\/wp-json\/wp\/v2\/media?parent=397"}],"wp:term":[{"taxonomy":"product_brand","embeddable":true,"href":"https:\/\/partsandpieces.nl\/de\/wp-json\/wp\/v2\/product_brand?post=397"},{"taxonomy":"product_cat","embeddable":true,"href":"https:\/\/partsandpieces.nl\/de\/wp-json\/wp\/v2\/product_cat?post=397"},{"taxonomy":"product_tag","embeddable":true,"href":"https:\/\/partsandpieces.nl\/de\/wp-json\/wp\/v2\/product_tag?post=397"}],"curies":[{"name":"wp","href":"https:\/\/api.w.org\/{rel}","templated":true}]}}