{"id":405,"date":"2020-07-13T15:14:14","date_gmt":"2020-07-13T15:14:14","guid":{"rendered":"https:\/\/partsandpieces.bonsaidev.nl\/?product=ring-messing-mat-nikkel-finish-rond-90-mm"},"modified":"2024-12-28T17:20:12","modified_gmt":"2024-12-28T16:20:12","slug":"ringgriff-fur-stuhl-rund-antiksilber-90mm","status":"publish","type":"product","link":"https:\/\/partsandpieces.nl\/de\/product\/ringgreep-voor-stoel-rond-antiek-zilver-90mm\/","title":{"rendered":"Ringgriff f\u00fcr Stuhl rund Antiksilber 90mm"},"content":{"rendered":"<p><strong>Ringgriff f\u00fcr Stuhl rund Antiksilber 90mm<\/strong> ist ein gro\u00dfer, stabiler Ring, der an der Stuhllehne montiert werden soll. Der Ring erleichtert das Zur\u00fcckschieben des Stuhls. Der Ring hat ein antikes Silberfinish.<\/p>\n<p><strong>Ma\u00dfe<br \/>\n<\/strong>Der Ringgriff f\u00fcr Stuhl rund Antiksilber 90 mm hat einen Durchmesser von 90 mm. Nach der Installation ragt dieser Ringgriff 28 mm hervor.<\/p>\n<p><strong>Bearbeiten<br \/>\n<\/strong>Sie montieren den Ringgriff mit dem am Ring befestigten Gewinde. Das Schraubengewinde ist 22 mm lang.<\/p>","protected":false},"excerpt":{"rendered":"<p>Ringgreep voor stoel rond Antiek Zilver 90mm is een grote, stevige ring bedoeld om te monteren aan de rugleuning van de stoel. Met de ring wordt het makkelijker om de stoel achteruit te schuiven. De ring heeft een antieke zilverkleurige finish. Afmetingen De Ringgreep voor stoel rond Antiek Zilver 90mm heeft een diameter van 90mm. [&hellip;]<\/p>\n","protected":false},"featured_media":7624,"template":"","meta":{"_acf_changed":false},"product_brand":[],"product_cat":[23,44],"product_tag":[],"class_list":{"0":"post-405","1":"product","2":"type-product","3":"status-publish","4":"has-post-thumbnail","6":"product_cat-meubelbeslag","7":"product_cat-ringbeslag","9":"first","10":"instock","11":"taxable","12":"shipping-taxable","13":"purchasable","14":"product-type-simple"},"acf":[],"yoast_head":"<!-- This site is optimized with the Yoast SEO plugin v27.3 - https:\/\/yoast.com\/product\/yoast-seo-wordpress\/ -->\n<title>Ringgreep stoel Antiek Zilver 90mm<\/title>\n<meta name=\"description\" content=\"Ringgreep voor stoel rond Antiek Zilver 90mm is een stevige ring bedoeld voor aan de rugleuning van de stoel. Heeft een antieke zilverkleurige finish.\" \/>\n<meta name=\"robots\" content=\"index, follow, max-snippet:-1, max-image-preview:large, max-video-preview:-1\" \/>\n<link rel=\"canonical\" href=\"https:\/\/partsandpieces.nl\/de\/produkt\/ringgriff-fur-stuhl-rund-antiksilber-90mm\/\" \/>\n<meta property=\"og:locale\" content=\"de_DE\" \/>\n<meta property=\"og:type\" content=\"article\" \/>\n<meta property=\"og:title\" content=\"Ringgreep stoel Antiek Zilver 90mm\" \/>\n<meta property=\"og:description\" content=\"Ringgreep voor stoel rond Antiek Zilver 90mm is een stevige ring bedoeld voor aan de rugleuning van de stoel. Heeft een antieke zilverkleurige finish.\" \/>\n<meta property=\"og:url\" content=\"https:\/\/partsandpieces.nl\/de\/produkt\/ringgriff-fur-stuhl-rund-antiksilber-90mm\/\" \/>\n<meta property=\"og:site_name\" content=\"Parts &amp; Pieces\" \/>\n<meta property=\"article:modified_time\" content=\"2024-12-28T16:20:12+00:00\" \/>\n<meta property=\"og:image\" content=\"https:\/\/partsandpieces.nl\/wp-content\/uploads\/2020\/07\/Ringgreep-voor-stoel-rond-Antiek-Zilver-90mm.jpg\" \/>\n\t<meta property=\"og:image:width\" content=\"400\" \/>\n\t<meta property=\"og:image:height\" content=\"401\" \/>\n\t<meta property=\"og:image:type\" content=\"image\/jpeg\" \/>\n<meta name=\"twitter:card\" content=\"summary_large_image\" \/>\n<meta name=\"twitter:label1\" content=\"Gesch\u00e4tzte Lesezeit\" \/>\n\t<meta name=\"twitter:data1\" content=\"1\u00a0Minute\" \/>\n<script type=\"application\/ld+json\" class=\"yoast-schema-graph\">{\"@context\":\"https:\\\/\\\/schema.org\",\"@graph\":[{\"@type\":\"WebPage\",\"@id\":\"https:\\\/\\\/partsandpieces.nl\\\/product\\\/ringgreep-voor-stoel-rond-antiek-zilver-90mm\\\/\",\"url\":\"https:\\\/\\\/partsandpieces.nl\\\/product\\\/ringgreep-voor-stoel-rond-antiek-zilver-90mm\\\/\",\"name\":\"Ringgreep stoel Antiek Zilver 90mm\",\"isPartOf\":{\"@id\":\"https:\\\/\\\/partsandpieces.nl\\\/#website\"},\"primaryImageOfPage\":{\"@id\":\"https:\\\/\\\/partsandpieces.nl\\\/product\\\/ringgreep-voor-stoel-rond-antiek-zilver-90mm\\\/#primaryimage\"},\"image\":{\"@id\":\"https:\\\/\\\/partsandpieces.nl\\\/product\\\/ringgreep-voor-stoel-rond-antiek-zilver-90mm\\\/#primaryimage\"},\"thumbnailUrl\":\"https:\\\/\\\/partsandpieces.nl\\\/wp-content\\\/uploads\\\/2020\\\/07\\\/Ringgreep-voor-stoel-rond-Antiek-Zilver-90mm.jpg\",\"datePublished\":\"2020-07-13T15:14:14+00:00\",\"dateModified\":\"2024-12-28T16:20:12+00:00\",\"description\":\"Ringgreep voor stoel rond Antiek Zilver 90mm is een stevige ring bedoeld voor aan de rugleuning van de stoel. Heeft een antieke zilverkleurige finish.\",\"breadcrumb\":{\"@id\":\"https:\\\/\\\/partsandpieces.nl\\\/product\\\/ringgreep-voor-stoel-rond-antiek-zilver-90mm\\\/#breadcrumb\"},\"inLanguage\":\"de\",\"potentialAction\":[{\"@type\":\"ReadAction\",\"target\":[\"https:\\\/\\\/partsandpieces.nl\\\/product\\\/ringgreep-voor-stoel-rond-antiek-zilver-90mm\\\/\"]}]},{\"@type\":\"ImageObject\",\"inLanguage\":\"de\",\"@id\":\"https:\\\/\\\/partsandpieces.nl\\\/product\\\/ringgreep-voor-stoel-rond-antiek-zilver-90mm\\\/#primaryimage\",\"url\":\"https:\\\/\\\/partsandpieces.nl\\\/wp-content\\\/uploads\\\/2020\\\/07\\\/Ringgreep-voor-stoel-rond-Antiek-Zilver-90mm.jpg\",\"contentUrl\":\"https:\\\/\\\/partsandpieces.nl\\\/wp-content\\\/uploads\\\/2020\\\/07\\\/Ringgreep-voor-stoel-rond-Antiek-Zilver-90mm.jpg\",\"width\":400,\"height\":401,\"caption\":\"Ringgreep voor stoel rond Antiek Zilver 90mm\"},{\"@type\":\"BreadcrumbList\",\"@id\":\"https:\\\/\\\/partsandpieces.nl\\\/product\\\/ringgreep-voor-stoel-rond-antiek-zilver-90mm\\\/#breadcrumb\",\"itemListElement\":[{\"@type\":\"ListItem\",\"position\":1,\"name\":\"Home\",\"item\":\"https:\\\/\\\/partsandpieces.nl\\\/home\\\/\"},{\"@type\":\"ListItem\",\"position\":2,\"name\":\"Winkel\",\"item\":\"https:\\\/\\\/partsandpieces.nl\\\/winkel\\\/\"},{\"@type\":\"ListItem\",\"position\":3,\"name\":\"Ringgreep voor stoel rond Antiek Zilver 90mm\"}]},{\"@type\":\"WebSite\",\"@id\":\"https:\\\/\\\/partsandpieces.nl\\\/#website\",\"url\":\"https:\\\/\\\/partsandpieces.nl\\\/\",\"name\":\"Parts &amp; Pieces\",\"description\":\"Alles voor uw meubelrestauratie en -onderhoud!\",\"potentialAction\":[{\"@type\":\"SearchAction\",\"target\":{\"@type\":\"EntryPoint\",\"urlTemplate\":\"https:\\\/\\\/partsandpieces.nl\\\/?s={search_term_string}\"},\"query-input\":{\"@type\":\"PropertyValueSpecification\",\"valueRequired\":true,\"valueName\":\"search_term_string\"}}],\"inLanguage\":\"de\"}]}<\/script>\n<!-- \/ Yoast SEO plugin. -->","yoast_head_json":{"title":"Stuhl mit Ringgriff, Antiksilber, 90 mm","description":"Ringgriff f\u00fcr Stuhl rund Antiksilber 90 mm ist ein stabiler Ring f\u00fcr die R\u00fcckenlehne des Stuhls. Hat ein antikes Silberfinish.","robots":{"index":"index","follow":"follow","max-snippet":"max-snippet:-1","max-image-preview":"max-image-preview:large","max-video-preview":"max-video-preview:-1"},"canonical":"https:\/\/partsandpieces.nl\/de\/produkt\/ringgriff-fur-stuhl-rund-antiksilber-90mm\/","og_locale":"de_DE","og_type":"article","og_title":"Ringgreep stoel Antiek Zilver 90mm","og_description":"Ringgreep voor stoel rond Antiek Zilver 90mm is een stevige ring bedoeld voor aan de rugleuning van de stoel. Heeft een antieke zilverkleurige finish.","og_url":"https:\/\/partsandpieces.nl\/de\/produkt\/ringgriff-fur-stuhl-rund-antiksilber-90mm\/","og_site_name":"Parts &amp; Pieces","article_modified_time":"2024-12-28T16:20:12+00:00","og_image":[{"width":400,"height":401,"url":"https:\/\/partsandpieces.nl\/wp-content\/uploads\/2020\/07\/Ringgreep-voor-stoel-rond-Antiek-Zilver-90mm.jpg","type":"image\/jpeg"}],"twitter_card":"summary_large_image","twitter_misc":{"Gesch\u00e4tzte Lesezeit":"1\u00a0Minute"},"schema":{"@context":"https:\/\/schema.org","@graph":[{"@type":"WebPage","@id":"https:\/\/partsandpieces.nl\/product\/ringgreep-voor-stoel-rond-antiek-zilver-90mm\/","url":"https:\/\/partsandpieces.nl\/product\/ringgreep-voor-stoel-rond-antiek-zilver-90mm\/","name":"Stuhl mit Ringgriff, Antiksilber, 90 mm","isPartOf":{"@id":"https:\/\/partsandpieces.nl\/#website"},"primaryImageOfPage":{"@id":"https:\/\/partsandpieces.nl\/product\/ringgreep-voor-stoel-rond-antiek-zilver-90mm\/#primaryimage"},"image":{"@id":"https:\/\/partsandpieces.nl\/product\/ringgreep-voor-stoel-rond-antiek-zilver-90mm\/#primaryimage"},"thumbnailUrl":"https:\/\/partsandpieces.nl\/wp-content\/uploads\/2020\/07\/Ringgreep-voor-stoel-rond-Antiek-Zilver-90mm.jpg","datePublished":"2020-07-13T15:14:14+00:00","dateModified":"2024-12-28T16:20:12+00:00","description":"Ringgriff f\u00fcr Stuhl rund Antiksilber 90 mm ist ein stabiler Ring f\u00fcr die R\u00fcckenlehne des Stuhls. Hat ein antikes Silberfinish.","breadcrumb":{"@id":"https:\/\/partsandpieces.nl\/product\/ringgreep-voor-stoel-rond-antiek-zilver-90mm\/#breadcrumb"},"inLanguage":"de","potentialAction":[{"@type":"ReadAction","target":["https:\/\/partsandpieces.nl\/product\/ringgreep-voor-stoel-rond-antiek-zilver-90mm\/"]}]},{"@type":"ImageObject","inLanguage":"de","@id":"https:\/\/partsandpieces.nl\/product\/ringgreep-voor-stoel-rond-antiek-zilver-90mm\/#primaryimage","url":"https:\/\/partsandpieces.nl\/wp-content\/uploads\/2020\/07\/Ringgreep-voor-stoel-rond-Antiek-Zilver-90mm.jpg","contentUrl":"https:\/\/partsandpieces.nl\/wp-content\/uploads\/2020\/07\/Ringgreep-voor-stoel-rond-Antiek-Zilver-90mm.jpg","width":400,"height":401,"caption":"Ringgreep voor stoel rond Antiek Zilver 90mm"},{"@type":"BreadcrumbList","@id":"https:\/\/partsandpieces.nl\/product\/ringgreep-voor-stoel-rond-antiek-zilver-90mm\/#breadcrumb","itemListElement":[{"@type":"ListItem","position":1,"name":"Home","item":"https:\/\/partsandpieces.nl\/home\/"},{"@type":"ListItem","position":2,"name":"Winkel","item":"https:\/\/partsandpieces.nl\/winkel\/"},{"@type":"ListItem","position":3,"name":"Ringgreep voor stoel rond Antiek Zilver 90mm"}]},{"@type":"WebSite","@id":"https:\/\/partsandpieces.nl\/#website","url":"https:\/\/partsandpieces.nl\/","name":"Teile &amp; St\u00fccke","description":"Alles f\u00fcr Ihre M\u00f6belrestaurierung und -pflege!","potentialAction":[{"@type":"SearchAction","target":{"@type":"EntryPoint","urlTemplate":"https:\/\/partsandpieces.nl\/?s={search_term_string}"},"query-input":{"@type":"PropertyValueSpecification","valueRequired":true,"valueName":"search_term_string"}}],"inLanguage":"de"}]}},"_links":{"self":[{"href":"https:\/\/partsandpieces.nl\/de\/wp-json\/wp\/v2\/product\/405","targetHints":{"allow":["GET"]}}],"collection":[{"href":"https:\/\/partsandpieces.nl\/de\/wp-json\/wp\/v2\/product"}],"about":[{"href":"https:\/\/partsandpieces.nl\/de\/wp-json\/wp\/v2\/types\/product"}],"wp:featuredmedia":[{"embeddable":true,"href":"https:\/\/partsandpieces.nl\/de\/wp-json\/wp\/v2\/media\/7624"}],"wp:attachment":[{"href":"https:\/\/partsandpieces.nl\/de\/wp-json\/wp\/v2\/media?parent=405"}],"wp:term":[{"taxonomy":"product_brand","embeddable":true,"href":"https:\/\/partsandpieces.nl\/de\/wp-json\/wp\/v2\/product_brand?post=405"},{"taxonomy":"product_cat","embeddable":true,"href":"https:\/\/partsandpieces.nl\/de\/wp-json\/wp\/v2\/product_cat?post=405"},{"taxonomy":"product_tag","embeddable":true,"href":"https:\/\/partsandpieces.nl\/de\/wp-json\/wp\/v2\/product_tag?post=405"}],"curies":[{"name":"wp","href":"https:\/\/api.w.org\/{rel}","templated":true}]}}