{"id":411,"date":"2020-07-13T15:21:16","date_gmt":"2020-07-13T15:21:16","guid":{"rendered":"https:\/\/partsandpieces.bonsaidev.nl\/?product=hangertje-ant-gepat-pors-22x54"},"modified":"2026-02-24T09:46:40","modified_gmt":"2026-02-24T08:46:40","slug":"schubladengriffaufhanger-porzellan-antik-50mm","status":"publish","type":"product","link":"https:\/\/partsandpieces.nl\/de\/product\/ladegreep-hanger-porselein-antiek-50mm\/","title":{"rendered":"Schubladengriff Aufh\u00e4nger Porzellan Antik 50mm"},"content":{"rendered":"<p><strong>Schubladengriff Aufh\u00e4nger Porzellan Antik 50mm<\/strong> ist ein klassischer Schubladengriff in Form eines Anh\u00e4ngers. Der Anh\u00e4nger hat ein br\u00fcniertes Bronze-Finish und der Knopf ist cremefarben. Der Schubladengriff besteht aus einem Porzellananh\u00e4nger in Birnenform. Die Montageplatte ist rund. Die Optik des Knopfes ist antik patiniert. Dieser Kleiderb\u00fcgel passt gut auf Ihre antike oder klassische Schublade.<\/p>\n<p>Dieser hochwertige Schubladenauszieher wird in Italien hergestellt.<\/p>\n<p><strong>Ma\u00dfe<br \/>\n<\/strong>Schubladengriff Aufh\u00e4nger Porzellan Antik 50mm hat eine Gesamth\u00f6he von 56mm. Der Anh\u00e4nger selbst ist 50 mm lang. Nach der Montage ragt dieser Anh\u00e4nger 22 mm heraus (das ist die Dicke des Porzellanknaufs). Die Montageplatte hat einen Durchmesser von 20 mm.<\/p>\n<p><strong>Bearbeiten<br \/>\n<\/strong>Sie k\u00f6nnen den Taster mit der mitgelieferten Schraube blind montieren.<\/p>","protected":false},"excerpt":{"rendered":"<p>Ladegreep Hanger Porselein Antiek 50mm is een klassieke ladetrekker in de vorm van een hangertje. Het hangertje heeft een gebruineerde, bronskleurige afwerking en de knop is gebroken wit van kleur. De ladetrekker bestaat uit een hanger van porselein in een peervorm. Het bevestigingsplaatje is rond van vorm. De uitstraling van de knop is gepatineerd antiek. [&hellip;]<\/p>\n","protected":false},"featured_media":5268,"template":"","meta":{"_acf_changed":false},"product_brand":[],"product_cat":[31,23],"product_tag":[],"class_list":{"0":"post-411","1":"product","2":"type-product","3":"status-publish","4":"has-post-thumbnail","6":"product_cat-hangers-voor-lades-en-deuren","7":"product_cat-meubelbeslag","9":"first","10":"instock","11":"taxable","12":"shipping-taxable","13":"purchasable","14":"product-type-simple"},"acf":[],"yoast_head":"<!-- This site is optimized with the Yoast SEO plugin v27.3 - https:\/\/yoast.com\/product\/yoast-seo-wordpress\/ -->\n<title>Ladegreep Hanger Porselein Antiek 50mm<\/title>\n<meta name=\"description\" content=\"Ladegreep Hanger Porselein Antiek 50mm is een klassieke ladetrekker in de vorm van een hangertje. Deze hanger past goed op je antieke of klassieke lade.\" \/>\n<meta name=\"robots\" content=\"index, follow, max-snippet:-1, max-image-preview:large, max-video-preview:-1\" \/>\n<link rel=\"canonical\" href=\"https:\/\/partsandpieces.nl\/de\/produkt\/schubladengriffaufhanger-porzellan-antik-50mm\/\" \/>\n<meta property=\"og:locale\" content=\"de_DE\" \/>\n<meta property=\"og:type\" content=\"article\" \/>\n<meta property=\"og:title\" content=\"Ladegreep Hanger Porselein Antiek 50mm\" \/>\n<meta property=\"og:description\" content=\"Ladegreep Hanger Porselein Antiek 50mm is een klassieke ladetrekker in de vorm van een hangertje. Deze hanger past goed op je antieke of klassieke lade.\" \/>\n<meta property=\"og:url\" content=\"https:\/\/partsandpieces.nl\/de\/produkt\/schubladengriffaufhanger-porzellan-antik-50mm\/\" \/>\n<meta property=\"og:site_name\" content=\"Parts &amp; Pieces\" \/>\n<meta property=\"article:modified_time\" content=\"2026-02-24T08:46:40+00:00\" \/>\n<meta property=\"og:image\" content=\"https:\/\/partsandpieces.nl\/wp-content\/uploads\/2020\/07\/Ladegreep-Hanger-Porselein-Antiek-50mm.jpg\" \/>\n\t<meta property=\"og:image:width\" content=\"480\" \/>\n\t<meta property=\"og:image:height\" content=\"480\" \/>\n\t<meta property=\"og:image:type\" content=\"image\/jpeg\" \/>\n<meta name=\"twitter:card\" content=\"summary_large_image\" \/>\n<meta name=\"twitter:label1\" content=\"Gesch\u00e4tzte Lesezeit\" \/>\n\t<meta name=\"twitter:data1\" content=\"1\u00a0Minute\" \/>\n<script type=\"application\/ld+json\" class=\"yoast-schema-graph\">{\"@context\":\"https:\\\/\\\/schema.org\",\"@graph\":[{\"@type\":\"WebPage\",\"@id\":\"https:\\\/\\\/partsandpieces.nl\\\/product\\\/ladegreep-hanger-porselein-antiek-50mm\\\/\",\"url\":\"https:\\\/\\\/partsandpieces.nl\\\/product\\\/ladegreep-hanger-porselein-antiek-50mm\\\/\",\"name\":\"Ladegreep Hanger Porselein Antiek 50mm\",\"isPartOf\":{\"@id\":\"https:\\\/\\\/partsandpieces.nl\\\/#website\"},\"primaryImageOfPage\":{\"@id\":\"https:\\\/\\\/partsandpieces.nl\\\/product\\\/ladegreep-hanger-porselein-antiek-50mm\\\/#primaryimage\"},\"image\":{\"@id\":\"https:\\\/\\\/partsandpieces.nl\\\/product\\\/ladegreep-hanger-porselein-antiek-50mm\\\/#primaryimage\"},\"thumbnailUrl\":\"https:\\\/\\\/partsandpieces.nl\\\/wp-content\\\/uploads\\\/2020\\\/07\\\/Ladegreep-Hanger-Porselein-Antiek-50mm.jpg\",\"datePublished\":\"2020-07-13T15:21:16+00:00\",\"dateModified\":\"2026-02-24T08:46:40+00:00\",\"description\":\"Ladegreep Hanger Porselein Antiek 50mm is een klassieke ladetrekker in de vorm van een hangertje. Deze hanger past goed op je antieke of klassieke lade.\",\"breadcrumb\":{\"@id\":\"https:\\\/\\\/partsandpieces.nl\\\/product\\\/ladegreep-hanger-porselein-antiek-50mm\\\/#breadcrumb\"},\"inLanguage\":\"de\",\"potentialAction\":[{\"@type\":\"ReadAction\",\"target\":[\"https:\\\/\\\/partsandpieces.nl\\\/product\\\/ladegreep-hanger-porselein-antiek-50mm\\\/\"]}]},{\"@type\":\"ImageObject\",\"inLanguage\":\"de\",\"@id\":\"https:\\\/\\\/partsandpieces.nl\\\/product\\\/ladegreep-hanger-porselein-antiek-50mm\\\/#primaryimage\",\"url\":\"https:\\\/\\\/partsandpieces.nl\\\/wp-content\\\/uploads\\\/2020\\\/07\\\/Ladegreep-Hanger-Porselein-Antiek-50mm.jpg\",\"contentUrl\":\"https:\\\/\\\/partsandpieces.nl\\\/wp-content\\\/uploads\\\/2020\\\/07\\\/Ladegreep-Hanger-Porselein-Antiek-50mm.jpg\",\"width\":480,\"height\":480,\"caption\":\"Ladegreep Hanger Porselein Antiek 50mm\"},{\"@type\":\"BreadcrumbList\",\"@id\":\"https:\\\/\\\/partsandpieces.nl\\\/product\\\/ladegreep-hanger-porselein-antiek-50mm\\\/#breadcrumb\",\"itemListElement\":[{\"@type\":\"ListItem\",\"position\":1,\"name\":\"Home\",\"item\":\"https:\\\/\\\/partsandpieces.nl\\\/home\\\/\"},{\"@type\":\"ListItem\",\"position\":2,\"name\":\"Winkel\",\"item\":\"https:\\\/\\\/partsandpieces.nl\\\/winkel\\\/\"},{\"@type\":\"ListItem\",\"position\":3,\"name\":\"Ladegreep Hanger Porselein Antiek 50mm\"}]},{\"@type\":\"WebSite\",\"@id\":\"https:\\\/\\\/partsandpieces.nl\\\/#website\",\"url\":\"https:\\\/\\\/partsandpieces.nl\\\/\",\"name\":\"Parts &amp; Pieces\",\"description\":\"Alles voor uw meubelrestauratie en -onderhoud!\",\"potentialAction\":[{\"@type\":\"SearchAction\",\"target\":{\"@type\":\"EntryPoint\",\"urlTemplate\":\"https:\\\/\\\/partsandpieces.nl\\\/?s={search_term_string}\"},\"query-input\":{\"@type\":\"PropertyValueSpecification\",\"valueRequired\":true,\"valueName\":\"search_term_string\"}}],\"inLanguage\":\"de\"}]}<\/script>\n<!-- \/ Yoast SEO plugin. -->","yoast_head_json":{"title":"Schubladengriff Aufh\u00e4nger Porzellan Antik 50mm","description":"Schubladengriff Anh\u00e4nger Porzellan Antik 50mm ist ein klassischer Schubladengriff in Anh\u00e4ngerform. Dieser Kleiderb\u00fcgel passt gut auf Ihre antike oder klassische Schublade.","robots":{"index":"index","follow":"follow","max-snippet":"max-snippet:-1","max-image-preview":"max-image-preview:large","max-video-preview":"max-video-preview:-1"},"canonical":"https:\/\/partsandpieces.nl\/de\/produkt\/schubladengriffaufhanger-porzellan-antik-50mm\/","og_locale":"de_DE","og_type":"article","og_title":"Ladegreep Hanger Porselein Antiek 50mm","og_description":"Ladegreep Hanger Porselein Antiek 50mm is een klassieke ladetrekker in de vorm van een hangertje. Deze hanger past goed op je antieke of klassieke lade.","og_url":"https:\/\/partsandpieces.nl\/de\/produkt\/schubladengriffaufhanger-porzellan-antik-50mm\/","og_site_name":"Parts &amp; Pieces","article_modified_time":"2026-02-24T08:46:40+00:00","og_image":[{"width":480,"height":480,"url":"https:\/\/partsandpieces.nl\/wp-content\/uploads\/2020\/07\/Ladegreep-Hanger-Porselein-Antiek-50mm.jpg","type":"image\/jpeg"}],"twitter_card":"summary_large_image","twitter_misc":{"Gesch\u00e4tzte Lesezeit":"1\u00a0Minute"},"schema":{"@context":"https:\/\/schema.org","@graph":[{"@type":"WebPage","@id":"https:\/\/partsandpieces.nl\/product\/ladegreep-hanger-porselein-antiek-50mm\/","url":"https:\/\/partsandpieces.nl\/product\/ladegreep-hanger-porselein-antiek-50mm\/","name":"Schubladengriff Aufh\u00e4nger Porzellan Antik 50mm","isPartOf":{"@id":"https:\/\/partsandpieces.nl\/#website"},"primaryImageOfPage":{"@id":"https:\/\/partsandpieces.nl\/product\/ladegreep-hanger-porselein-antiek-50mm\/#primaryimage"},"image":{"@id":"https:\/\/partsandpieces.nl\/product\/ladegreep-hanger-porselein-antiek-50mm\/#primaryimage"},"thumbnailUrl":"https:\/\/partsandpieces.nl\/wp-content\/uploads\/2020\/07\/Ladegreep-Hanger-Porselein-Antiek-50mm.jpg","datePublished":"2020-07-13T15:21:16+00:00","dateModified":"2026-02-24T08:46:40+00:00","description":"Schubladengriff Anh\u00e4nger Porzellan Antik 50mm ist ein klassischer Schubladengriff in Anh\u00e4ngerform. Dieser Kleiderb\u00fcgel passt gut auf Ihre antike oder klassische Schublade.","breadcrumb":{"@id":"https:\/\/partsandpieces.nl\/product\/ladegreep-hanger-porselein-antiek-50mm\/#breadcrumb"},"inLanguage":"de","potentialAction":[{"@type":"ReadAction","target":["https:\/\/partsandpieces.nl\/product\/ladegreep-hanger-porselein-antiek-50mm\/"]}]},{"@type":"ImageObject","inLanguage":"de","@id":"https:\/\/partsandpieces.nl\/product\/ladegreep-hanger-porselein-antiek-50mm\/#primaryimage","url":"https:\/\/partsandpieces.nl\/wp-content\/uploads\/2020\/07\/Ladegreep-Hanger-Porselein-Antiek-50mm.jpg","contentUrl":"https:\/\/partsandpieces.nl\/wp-content\/uploads\/2020\/07\/Ladegreep-Hanger-Porselein-Antiek-50mm.jpg","width":480,"height":480,"caption":"Ladegreep Hanger Porselein Antiek 50mm"},{"@type":"BreadcrumbList","@id":"https:\/\/partsandpieces.nl\/product\/ladegreep-hanger-porselein-antiek-50mm\/#breadcrumb","itemListElement":[{"@type":"ListItem","position":1,"name":"Home","item":"https:\/\/partsandpieces.nl\/home\/"},{"@type":"ListItem","position":2,"name":"Winkel","item":"https:\/\/partsandpieces.nl\/winkel\/"},{"@type":"ListItem","position":3,"name":"Ladegreep Hanger Porselein Antiek 50mm"}]},{"@type":"WebSite","@id":"https:\/\/partsandpieces.nl\/#website","url":"https:\/\/partsandpieces.nl\/","name":"Teile &amp; St\u00fccke","description":"Alles f\u00fcr Ihre M\u00f6belrestaurierung und -pflege!","potentialAction":[{"@type":"SearchAction","target":{"@type":"EntryPoint","urlTemplate":"https:\/\/partsandpieces.nl\/?s={search_term_string}"},"query-input":{"@type":"PropertyValueSpecification","valueRequired":true,"valueName":"search_term_string"}}],"inLanguage":"de"}]}},"_links":{"self":[{"href":"https:\/\/partsandpieces.nl\/de\/wp-json\/wp\/v2\/product\/411","targetHints":{"allow":["GET"]}}],"collection":[{"href":"https:\/\/partsandpieces.nl\/de\/wp-json\/wp\/v2\/product"}],"about":[{"href":"https:\/\/partsandpieces.nl\/de\/wp-json\/wp\/v2\/types\/product"}],"wp:featuredmedia":[{"embeddable":true,"href":"https:\/\/partsandpieces.nl\/de\/wp-json\/wp\/v2\/media\/5268"}],"wp:attachment":[{"href":"https:\/\/partsandpieces.nl\/de\/wp-json\/wp\/v2\/media?parent=411"}],"wp:term":[{"taxonomy":"product_brand","embeddable":true,"href":"https:\/\/partsandpieces.nl\/de\/wp-json\/wp\/v2\/product_brand?post=411"},{"taxonomy":"product_cat","embeddable":true,"href":"https:\/\/partsandpieces.nl\/de\/wp-json\/wp\/v2\/product_cat?post=411"},{"taxonomy":"product_tag","embeddable":true,"href":"https:\/\/partsandpieces.nl\/de\/wp-json\/wp\/v2\/product_tag?post=411"}],"curies":[{"name":"wp","href":"https:\/\/api.w.org\/{rel}","templated":true}]}}